{"id":981,"date":"2020-04-28T15:15:48","date_gmt":"2020-04-28T13:15:48","guid":{"rendered":"https:\/\/www.verdieditions.com\/equilibre-de-vie\/?post_type=product&#038;p=981"},"modified":"2024-02-08T14:50:00","modified_gmt":"2024-02-08T13:50:00","slug":"manager-psy-albert-emery","status":"publish","type":"product","link":"https:\/\/www.verdieditions.com\/equilibre-de-vie\/produit\/manager-psy-albert-emery\/","title":{"rendered":"Le manager est un psy &#8211; E. ALBERT &#8211; J.L. EMERY"},"content":{"rendered":"<p>Auteur : E. ALBERT &#8211; J.L. EMERY<br \/>\nTitre : Le manager est un psy<br \/>\n\u00c9diteur : D&rsquo;Organisation, 1999<br \/>\nDim. 15,5 x 24<br \/>\n190 pages<\/p>\n<p>Qu&rsquo;est-ce qu&rsquo;un manager aujourd&rsquo;hui ? Ou plut\u00f4t que devrait \u00eatre un manager ? c&rsquo;est moins celui qui poss\u00e8de l&rsquo;expertise technique que celui qui sait faire travailler les autres, ensemble, dans un souci de performance. Or chacun reconna\u00eet aujourd&rsquo;hui l&rsquo;importance de la dimension psychologique dans le fonctionnement des \u00e9quipes. C&rsquo;est pourquoi Eric Albert et Jean-Luc Emery choisissent de s&rsquo;int\u00e9resser \u00e0 la part d&rsquo;\u00e9motion qui est au c\u0153ur des comp\u00e9tences du manager : pour diriger ses collaborateurs l\u00e0 o\u00f9 l&rsquo;autorit\u00e9 ne fait plus recette, pour les \u00e9valuer, pour les recruter, les r\u00e9mun\u00e9rer, les animer, les comprendre, les motiver et surtout pour les aider \u00e0 changer, \u00e0 travailler ensemble et \u00e0 s&rsquo;\u00e9panouir dans un contexte en pleine \u00e9volution. Dans un style direct et loin d&rsquo;un vocabulaire \u00a0\u00bb \u00e9sot\u00e9rique, le manager est un psy donne aux cadres et aux responsables les cl\u00e9s pour comprendre le r\u00f4le des \u00e9motions dans leur comportement et dans celui de leurs \u00e9quipes. En s&rsquo;appuyant sur de nombreux exemples, il leur apprend \u00e0 d\u00e9velopper un savoir-faire nouveau et d&rsquo;une efficacit\u00e9 insoup\u00e7onn\u00e9e, pour le plus grand bien de tous et de l&rsquo;entreprise.<\/p>\n","protected":false},"excerpt":{"rendered":"<p>Auteur : E. ALBERT &#8211; J.L. EMERY<br \/>\nTitre : Le manager est un psy<br \/>\n\u00c9diteur : D&rsquo;Organisation, 1999<br \/>\nDim. 15,5 x 24<br \/>\n190 pages<\/p>\n","protected":false},"featured_media":982,"template":"","meta":[],"product_brand":[],"product_cat":[22],"product_tag":[220,132,135,169],"class_list":{"0":"post-981","1":"product","2":"type-product","3":"status-publish","4":"has-post-thumbnail","6":"product_cat-developpement-personnel","7":"product_tag-management","8":"product_tag-professionnel","9":"product_tag-psychologie","10":"product_tag-travail","12":"first","13":"instock","14":"shipping-taxable","15":"product-type-simple"},"yoast_head":"<!-- This site is optimized with the Yoast SEO plugin v27.4 - https:\/\/yoast.com\/product\/yoast-seo-wordpress\/ -->\n<title>Le manager est un psy - E. ALBERT - J.L. EMERY - Equilibre de Vie<\/title>\n<meta name=\"description\" content=\"Auteur : E. ALBERT \u2013 J.L. EMERY Titre : Le manager est un psy \u00c9diteur : D\u2019Organisation, 1999 Dim. 15,5 x 24 190 pages\" \/>\n<meta name=\"robots\" content=\"index, follow, max-snippet:-1, max-image-preview:large, max-video-preview:-1\" \/>\n<link rel=\"canonical\" href=\"https:\/\/www.verdieditions.com\/equilibre-de-vie\/produit\/manager-psy-albert-emery\/\" \/>\n<meta property=\"og:locale\" content=\"fr_FR\" \/>\n<meta property=\"og:type\" content=\"article\" \/>\n<meta property=\"og:title\" content=\"Le manager est un psy - E. ALBERT - J.L. EMERY - Equilibre de Vie\" \/>\n<meta property=\"og:description\" content=\"Auteur : E. ALBERT \u2013 J.L. EMERY Titre : Le manager est un psy \u00c9diteur : D\u2019Organisation, 1999 Dim. 15,5 x 24 190 pages\" \/>\n<meta property=\"og:url\" content=\"https:\/\/www.verdieditions.com\/equilibre-de-vie\/produit\/manager-psy-albert-emery\/\" \/>\n<meta property=\"og:site_name\" content=\"Equilibre de Vie\" \/>\n<meta property=\"article:modified_time\" content=\"2024-02-08T13:50:00+00:00\" \/>\n<meta property=\"og:image\" content=\"https:\/\/www.verdieditions.com\/equilibre-de-vie\/wp-content\/uploads\/2020\/04\/manager-psy-albert-emery.jpg\" \/>\n\t<meta property=\"og:image:width\" content=\"288\" \/>\n\t<meta property=\"og:image:height\" content=\"440\" \/>\n\t<meta property=\"og:image:type\" content=\"image\/jpeg\" \/>\n<meta name=\"twitter:card\" content=\"summary_large_image\" \/>\n<meta name=\"twitter:label1\" content=\"Dur\u00e9e de lecture estim\u00e9e\" \/>\n\t<meta name=\"twitter:data1\" content=\"1 minute\" \/>\n<script type=\"application\/ld+json\" class=\"yoast-schema-graph\">{\"@context\":\"https:\\\/\\\/schema.org\",\"@graph\":[{\"@type\":\"WebPage\",\"@id\":\"https:\\\/\\\/www.verdieditions.com\\\/equilibre-de-vie\\\/produit\\\/manager-psy-albert-emery\\\/\",\"url\":\"https:\\\/\\\/www.verdieditions.com\\\/equilibre-de-vie\\\/produit\\\/manager-psy-albert-emery\\\/\",\"name\":\"Le manager est un psy - E. ALBERT - J.L. EMERY - Equilibre de Vie\",\"isPartOf\":{\"@id\":\"https:\\\/\\\/www.verdieditions.com\\\/equilibre-de-vie\\\/#website\"},\"primaryImageOfPage\":{\"@id\":\"https:\\\/\\\/www.verdieditions.com\\\/equilibre-de-vie\\\/produit\\\/manager-psy-albert-emery\\\/#primaryimage\"},\"image\":{\"@id\":\"https:\\\/\\\/www.verdieditions.com\\\/equilibre-de-vie\\\/produit\\\/manager-psy-albert-emery\\\/#primaryimage\"},\"thumbnailUrl\":\"https:\\\/\\\/www.verdieditions.com\\\/equilibre-de-vie\\\/wp-content\\\/uploads\\\/2020\\\/04\\\/manager-psy-albert-emery.jpg\",\"datePublished\":\"2020-04-28T13:15:48+00:00\",\"dateModified\":\"2024-02-08T13:50:00+00:00\",\"description\":\"Auteur : E. ALBERT \u2013 J.L. EMERY Titre : Le manager est un psy \u00c9diteur : D\u2019Organisation, 1999 Dim. 15,5 x 24 190 pages\",\"breadcrumb\":{\"@id\":\"https:\\\/\\\/www.verdieditions.com\\\/equilibre-de-vie\\\/produit\\\/manager-psy-albert-emery\\\/#breadcrumb\"},\"inLanguage\":\"fr-FR\",\"potentialAction\":[{\"@type\":\"ReadAction\",\"target\":[\"https:\\\/\\\/www.verdieditions.com\\\/equilibre-de-vie\\\/produit\\\/manager-psy-albert-emery\\\/\"]}]},{\"@type\":\"ImageObject\",\"inLanguage\":\"fr-FR\",\"@id\":\"https:\\\/\\\/www.verdieditions.com\\\/equilibre-de-vie\\\/produit\\\/manager-psy-albert-emery\\\/#primaryimage\",\"url\":\"https:\\\/\\\/www.verdieditions.com\\\/equilibre-de-vie\\\/wp-content\\\/uploads\\\/2020\\\/04\\\/manager-psy-albert-emery.jpg\",\"contentUrl\":\"https:\\\/\\\/www.verdieditions.com\\\/equilibre-de-vie\\\/wp-content\\\/uploads\\\/2020\\\/04\\\/manager-psy-albert-emery.jpg\",\"width\":288,\"height\":440,\"caption\":\"manager-psy-albert-emery\"},{\"@type\":\"BreadcrumbList\",\"@id\":\"https:\\\/\\\/www.verdieditions.com\\\/equilibre-de-vie\\\/produit\\\/manager-psy-albert-emery\\\/#breadcrumb\",\"itemListElement\":[{\"@type\":\"ListItem\",\"position\":1,\"name\":\"Accueil\",\"item\":\"https:\\\/\\\/www.verdieditions.com\\\/equilibre-de-vie\\\/\"},{\"@type\":\"ListItem\",\"position\":2,\"name\":\"La boutique\",\"item\":\"https:\\\/\\\/www.verdieditions.com\\\/equilibre-de-vie\\\/boutique\\\/\"},{\"@type\":\"ListItem\",\"position\":3,\"name\":\"Le manager est un psy &#8211; E. ALBERT &#8211; J.L. EMERY\"}]},{\"@type\":\"WebSite\",\"@id\":\"https:\\\/\\\/www.verdieditions.com\\\/equilibre-de-vie\\\/#website\",\"url\":\"https:\\\/\\\/www.verdieditions.com\\\/equilibre-de-vie\\\/\",\"name\":\"Equilibre de Vie\",\"description\":\"Ma boutique livres sant\u00e9, \u00e9sot\u00e9risme et d\u00e9veloppement personnel\",\"publisher\":{\"@id\":\"https:\\\/\\\/www.verdieditions.com\\\/equilibre-de-vie\\\/#\\\/schema\\\/person\\\/9dcb2a6759f2f5fbf43ac0b44649cecb\"},\"potentialAction\":[{\"@type\":\"SearchAction\",\"target\":{\"@type\":\"EntryPoint\",\"urlTemplate\":\"https:\\\/\\\/www.verdieditions.com\\\/equilibre-de-vie\\\/?s={search_term_string}\"},\"query-input\":{\"@type\":\"PropertyValueSpecification\",\"valueRequired\":true,\"valueName\":\"search_term_string\"}}],\"inLanguage\":\"fr-FR\"},{\"@type\":[\"Person\",\"Organization\"],\"@id\":\"https:\\\/\\\/www.verdieditions.com\\\/equilibre-de-vie\\\/#\\\/schema\\\/person\\\/9dcb2a6759f2f5fbf43ac0b44649cecb\",\"name\":\"Sylvie VERDI\",\"image\":{\"@type\":\"ImageObject\",\"inLanguage\":\"fr-FR\",\"@id\":\"https:\\\/\\\/www.verdieditions.com\\\/equilibre-de-vie\\\/wp-content\\\/uploads\\\/2020\\\/04\\\/livres-occasion-sante-esoterisme-developpement-personnel-2.jpg\",\"url\":\"https:\\\/\\\/www.verdieditions.com\\\/equilibre-de-vie\\\/wp-content\\\/uploads\\\/2020\\\/04\\\/livres-occasion-sante-esoterisme-developpement-personnel-2.jpg\",\"contentUrl\":\"https:\\\/\\\/www.verdieditions.com\\\/equilibre-de-vie\\\/wp-content\\\/uploads\\\/2020\\\/04\\\/livres-occasion-sante-esoterisme-developpement-personnel-2.jpg\",\"width\":800,\"height\":572,\"caption\":\"Sylvie VERDI\"},\"logo\":{\"@id\":\"https:\\\/\\\/www.verdieditions.com\\\/equilibre-de-vie\\\/wp-content\\\/uploads\\\/2020\\\/04\\\/livres-occasion-sante-esoterisme-developpement-personnel-2.jpg\"},\"sameAs\":[\"https:\\\/\\\/www.verdieditions.com\\\/equilibre-de-vie\"]}]}<\/script>\n<!-- \/ Yoast SEO plugin. -->","yoast_head_json":{"title":"Le manager est un psy - E. ALBERT - J.L. EMERY - Equilibre de Vie","description":"Auteur : E. ALBERT \u2013 J.L. EMERY Titre : Le manager est un psy \u00c9diteur : D\u2019Organisation, 1999 Dim. 15,5 x 24 190 pages","robots":{"index":"index","follow":"follow","max-snippet":"max-snippet:-1","max-image-preview":"max-image-preview:large","max-video-preview":"max-video-preview:-1"},"canonical":"https:\/\/www.verdieditions.com\/equilibre-de-vie\/produit\/manager-psy-albert-emery\/","og_locale":"fr_FR","og_type":"article","og_title":"Le manager est un psy - E. ALBERT - J.L. EMERY - Equilibre de Vie","og_description":"Auteur : E. ALBERT \u2013 J.L. EMERY Titre : Le manager est un psy \u00c9diteur : D\u2019Organisation, 1999 Dim. 15,5 x 24 190 pages","og_url":"https:\/\/www.verdieditions.com\/equilibre-de-vie\/produit\/manager-psy-albert-emery\/","og_site_name":"Equilibre de Vie","article_modified_time":"2024-02-08T13:50:00+00:00","og_image":[{"width":288,"height":440,"url":"https:\/\/www.verdieditions.com\/equilibre-de-vie\/wp-content\/uploads\/2020\/04\/manager-psy-albert-emery.jpg","type":"image\/jpeg"}],"twitter_card":"summary_large_image","twitter_misc":{"Dur\u00e9e de lecture estim\u00e9e":"1 minute"},"schema":{"@context":"https:\/\/schema.org","@graph":[{"@type":"WebPage","@id":"https:\/\/www.verdieditions.com\/equilibre-de-vie\/produit\/manager-psy-albert-emery\/","url":"https:\/\/www.verdieditions.com\/equilibre-de-vie\/produit\/manager-psy-albert-emery\/","name":"Le manager est un psy - E. ALBERT - J.L. EMERY - Equilibre de Vie","isPartOf":{"@id":"https:\/\/www.verdieditions.com\/equilibre-de-vie\/#website"},"primaryImageOfPage":{"@id":"https:\/\/www.verdieditions.com\/equilibre-de-vie\/produit\/manager-psy-albert-emery\/#primaryimage"},"image":{"@id":"https:\/\/www.verdieditions.com\/equilibre-de-vie\/produit\/manager-psy-albert-emery\/#primaryimage"},"thumbnailUrl":"https:\/\/www.verdieditions.com\/equilibre-de-vie\/wp-content\/uploads\/2020\/04\/manager-psy-albert-emery.jpg","datePublished":"2020-04-28T13:15:48+00:00","dateModified":"2024-02-08T13:50:00+00:00","description":"Auteur : E. ALBERT \u2013 J.L. EMERY Titre : Le manager est un psy \u00c9diteur : D\u2019Organisation, 1999 Dim. 15,5 x 24 190 pages","breadcrumb":{"@id":"https:\/\/www.verdieditions.com\/equilibre-de-vie\/produit\/manager-psy-albert-emery\/#breadcrumb"},"inLanguage":"fr-FR","potentialAction":[{"@type":"ReadAction","target":["https:\/\/www.verdieditions.com\/equilibre-de-vie\/produit\/manager-psy-albert-emery\/"]}]},{"@type":"ImageObject","inLanguage":"fr-FR","@id":"https:\/\/www.verdieditions.com\/equilibre-de-vie\/produit\/manager-psy-albert-emery\/#primaryimage","url":"https:\/\/www.verdieditions.com\/equilibre-de-vie\/wp-content\/uploads\/2020\/04\/manager-psy-albert-emery.jpg","contentUrl":"https:\/\/www.verdieditions.com\/equilibre-de-vie\/wp-content\/uploads\/2020\/04\/manager-psy-albert-emery.jpg","width":288,"height":440,"caption":"manager-psy-albert-emery"},{"@type":"BreadcrumbList","@id":"https:\/\/www.verdieditions.com\/equilibre-de-vie\/produit\/manager-psy-albert-emery\/#breadcrumb","itemListElement":[{"@type":"ListItem","position":1,"name":"Accueil","item":"https:\/\/www.verdieditions.com\/equilibre-de-vie\/"},{"@type":"ListItem","position":2,"name":"La boutique","item":"https:\/\/www.verdieditions.com\/equilibre-de-vie\/boutique\/"},{"@type":"ListItem","position":3,"name":"Le manager est un psy &#8211; E. ALBERT &#8211; J.L. EMERY"}]},{"@type":"WebSite","@id":"https:\/\/www.verdieditions.com\/equilibre-de-vie\/#website","url":"https:\/\/www.verdieditions.com\/equilibre-de-vie\/","name":"Equilibre de Vie","description":"Ma boutique livres sant\u00e9, \u00e9sot\u00e9risme et d\u00e9veloppement personnel","publisher":{"@id":"https:\/\/www.verdieditions.com\/equilibre-de-vie\/#\/schema\/person\/9dcb2a6759f2f5fbf43ac0b44649cecb"},"potentialAction":[{"@type":"SearchAction","target":{"@type":"EntryPoint","urlTemplate":"https:\/\/www.verdieditions.com\/equilibre-de-vie\/?s={search_term_string}"},"query-input":{"@type":"PropertyValueSpecification","valueRequired":true,"valueName":"search_term_string"}}],"inLanguage":"fr-FR"},{"@type":["Person","Organization"],"@id":"https:\/\/www.verdieditions.com\/equilibre-de-vie\/#\/schema\/person\/9dcb2a6759f2f5fbf43ac0b44649cecb","name":"Sylvie VERDI","image":{"@type":"ImageObject","inLanguage":"fr-FR","@id":"https:\/\/www.verdieditions.com\/equilibre-de-vie\/wp-content\/uploads\/2020\/04\/livres-occasion-sante-esoterisme-developpement-personnel-2.jpg","url":"https:\/\/www.verdieditions.com\/equilibre-de-vie\/wp-content\/uploads\/2020\/04\/livres-occasion-sante-esoterisme-developpement-personnel-2.jpg","contentUrl":"https:\/\/www.verdieditions.com\/equilibre-de-vie\/wp-content\/uploads\/2020\/04\/livres-occasion-sante-esoterisme-developpement-personnel-2.jpg","width":800,"height":572,"caption":"Sylvie VERDI"},"logo":{"@id":"https:\/\/www.verdieditions.com\/equilibre-de-vie\/wp-content\/uploads\/2020\/04\/livres-occasion-sante-esoterisme-developpement-personnel-2.jpg"},"sameAs":["https:\/\/www.verdieditions.com\/equilibre-de-vie"]}]}},"_links":{"self":[{"href":"https:\/\/www.verdieditions.com\/equilibre-de-vie\/wp-json\/wp\/v2\/product\/981","targetHints":{"allow":["GET"]}}],"collection":[{"href":"https:\/\/www.verdieditions.com\/equilibre-de-vie\/wp-json\/wp\/v2\/product"}],"about":[{"href":"https:\/\/www.verdieditions.com\/equilibre-de-vie\/wp-json\/wp\/v2\/types\/product"}],"wp:featuredmedia":[{"embeddable":true,"href":"https:\/\/www.verdieditions.com\/equilibre-de-vie\/wp-json\/wp\/v2\/media\/982"}],"wp:attachment":[{"href":"https:\/\/www.verdieditions.com\/equilibre-de-vie\/wp-json\/wp\/v2\/media?parent=981"}],"wp:term":[{"taxonomy":"product_brand","embeddable":true,"href":"https:\/\/www.verdieditions.com\/equilibre-de-vie\/wp-json\/wp\/v2\/product_brand?post=981"},{"taxonomy":"product_cat","embeddable":true,"href":"https:\/\/www.verdieditions.com\/equilibre-de-vie\/wp-json\/wp\/v2\/product_cat?post=981"},{"taxonomy":"product_tag","embeddable":true,"href":"https:\/\/www.verdieditions.com\/equilibre-de-vie\/wp-json\/wp\/v2\/product_tag?post=981"}],"curies":[{"name":"wp","href":"https:\/\/api.w.org\/{rel}","templated":true}]}}