{"id":98,"date":"2020-04-22T11:58:20","date_gmt":"2020-04-22T09:58:20","guid":{"rendered":"https:\/\/www.verdieditions.com\/equilibre-de-vie\/?post_type=product&#038;p=98"},"modified":"2021-01-06T19:18:39","modified_gmt":"2021-01-06T18:18:39","slug":"tetrabiblos-ptolemee","status":"publish","type":"product","link":"https:\/\/www.verdieditions.com\/equilibre-de-vie\/produit\/tetrabiblos-ptolemee\/","title":{"rendered":"T\u00e9trabiblos, le livre fondamental de l&rsquo;astrologie &#8211; PTOL\u00c9M\u00c9E"},"content":{"rendered":"<p>Auteur : PTOL\u00c9M\u00c9E<br \/>\nTitre : T\u00e9trabiblos, le livre fondamental de l&rsquo;astrologie<br \/>\nPr\u00e9face d&rsquo;Andr\u00e9 Barbault<br \/>\n\u00c9diteur : Vernal, Plilippe Lebaud, 1986, collection les Claviers de la connaissance<br \/>\nDim. 15,5 x 24<br \/>\n182 pages<\/p>\n<p>Astronomes, astrologue, g\u00e9ographe, math\u00e9maticien, physicien, musicien, philosophe, Ptol\u00e9m\u00e9e est, selon Laplace, \u00ab\u00a0un des plus pr\u00e9cieux monuments de l&rsquo;Antiquit\u00e9\u00a0\u00bb. Il a \u00e9t\u00e9 \u00e0 l&rsquo;astrologie ce que Hippocrate a \u00e9t\u00e9 \u00e0 la m\u00e9decine et c&rsquo;est fort justement qu&rsquo;il est consid\u00e9r\u00e9 aujourd&rsquo;hui comme le \u00ab\u00a0prince des astrologues\u00a0\u00bb.<br \/>\nCertes, l&rsquo;astrologie existait avant lui puisque l&rsquo;astrologie chald\u00e9enne avait \u00e9t\u00e9 florissante et qu&rsquo;il existait une astrologie grecque bien avant Ptol\u00e9m\u00e9e, mais ce fut lui qui en fixa d\u00e9finitivement les bases sur lesquelles s&rsquo;appuie encore l&rsquo;astrologie moderne. Dis-huit si\u00e8cles plus tard, le T\u00e9trabiblos (ou T\u00e9trabible) demeure la bible des astrologues.<br \/>\nPtol\u00e9m\u00e9e s&rsquo;affirme , dans son T\u00e9trabiblos, \u00e0 la fois d\u00e9positaire des traditions, critique lucide de celles-ci et important novateur. Il aborde l&rsquo;astrologie en esprit scientifique avec l&rsquo;avantage consid\u00e9rable que constitue ses connaissances astronomiques et philosophiques.<br \/>\nLivre symbole ou livre de r\u00e9f\u00e9rence, le T\u00e9trabiblos doit figurer dans la biblioth\u00e8que de l&rsquo;astrologue. Il s&rsquo;adresse aussi \u00e0 tous ceux qui s&rsquo;int\u00e9ressent \u00e0 l&rsquo;expression symbolique, aux croyances et aux mythes.<\/p>\n","protected":false},"excerpt":{"rendered":"<p>Auteur : PTOL\u00c9M\u00c9E<br \/>\nTitre : T\u00e9trabiblos, le livre fondamental de l&rsquo;astrologie<br \/>\nPr\u00e9face d&rsquo;Andr\u00e9 Barbault<br \/>\n\u00c9diteur : Vernal, Plilippe Lebaud, 1986, collection les Claviers de la connaissance<br \/>\nDim. 15,5 x 24<br \/>\n182 pages<\/p>\n","protected":false},"featured_media":99,"template":"","meta":[],"product_brand":[],"product_cat":[23],"product_tag":[34,163],"class_list":{"0":"post-98","1":"product","2":"type-product","3":"status-publish","4":"has-post-thumbnail","6":"product_cat-esoterisme","7":"product_tag-astrologie","8":"product_tag-theme-astral","10":"first","11":"outofstock","12":"shipping-taxable","13":"product-type-simple"},"yoast_head":"<!-- This site is optimized with the Yoast SEO plugin v27.4 - https:\/\/yoast.com\/product\/yoast-seo-wordpress\/ -->\n<title>T\u00e9trabiblos, le livre fondamental de l&#039;astrologie - PTOL\u00c9M\u00c9E - Equilibre de Vie<\/title>\n<meta name=\"description\" content=\"Auteur : PTOL\u00c9M\u00c9E Titre : T\u00e9trabiblos, le livre fondamental de l\u2019astrologie Pr\u00e9face d\u2019Andr\u00e9 Barbault \u00c9diteur : Vernal, Plilippe Lebaud, 1986, collection les Claviers de la connaissance Dim. 15,5 x 24 182 pages\" \/>\n<meta name=\"robots\" content=\"index, follow, max-snippet:-1, max-image-preview:large, max-video-preview:-1\" \/>\n<link rel=\"canonical\" href=\"https:\/\/www.verdieditions.com\/equilibre-de-vie\/produit\/tetrabiblos-ptolemee\/\" \/>\n<meta property=\"og:locale\" content=\"fr_FR\" \/>\n<meta property=\"og:type\" content=\"article\" \/>\n<meta property=\"og:title\" content=\"T\u00e9trabiblos, le livre fondamental de l&#039;astrologie - PTOL\u00c9M\u00c9E - Equilibre de Vie\" \/>\n<meta property=\"og:description\" content=\"Auteur : PTOL\u00c9M\u00c9E Titre : T\u00e9trabiblos, le livre fondamental de l\u2019astrologie Pr\u00e9face d\u2019Andr\u00e9 Barbault \u00c9diteur : Vernal, Plilippe Lebaud, 1986, collection les Claviers de la connaissance Dim. 15,5 x 24 182 pages\" \/>\n<meta property=\"og:url\" content=\"https:\/\/www.verdieditions.com\/equilibre-de-vie\/produit\/tetrabiblos-ptolemee\/\" \/>\n<meta property=\"og:site_name\" content=\"Equilibre de Vie\" \/>\n<meta property=\"article:modified_time\" content=\"2021-01-06T18:18:39+00:00\" \/>\n<meta property=\"og:image\" content=\"https:\/\/www.verdieditions.com\/equilibre-de-vie\/wp-content\/uploads\/2020\/04\/Tetrabiblos-Ptolemee-Barbault.jpg\" \/>\n\t<meta property=\"og:image:width\" content=\"753\" \/>\n\t<meta property=\"og:image:height\" content=\"1144\" \/>\n\t<meta property=\"og:image:type\" content=\"image\/jpeg\" \/>\n<meta name=\"twitter:card\" content=\"summary_large_image\" \/>\n<meta name=\"twitter:label1\" content=\"Dur\u00e9e de lecture estim\u00e9e\" \/>\n\t<meta name=\"twitter:data1\" content=\"1 minute\" \/>\n<script type=\"application\/ld+json\" class=\"yoast-schema-graph\">{\"@context\":\"https:\\\/\\\/schema.org\",\"@graph\":[{\"@type\":\"WebPage\",\"@id\":\"https:\\\/\\\/www.verdieditions.com\\\/equilibre-de-vie\\\/produit\\\/tetrabiblos-ptolemee\\\/\",\"url\":\"https:\\\/\\\/www.verdieditions.com\\\/equilibre-de-vie\\\/produit\\\/tetrabiblos-ptolemee\\\/\",\"name\":\"T\u00e9trabiblos, le livre fondamental de l'astrologie - PTOL\u00c9M\u00c9E - Equilibre de Vie\",\"isPartOf\":{\"@id\":\"https:\\\/\\\/www.verdieditions.com\\\/equilibre-de-vie\\\/#website\"},\"primaryImageOfPage\":{\"@id\":\"https:\\\/\\\/www.verdieditions.com\\\/equilibre-de-vie\\\/produit\\\/tetrabiblos-ptolemee\\\/#primaryimage\"},\"image\":{\"@id\":\"https:\\\/\\\/www.verdieditions.com\\\/equilibre-de-vie\\\/produit\\\/tetrabiblos-ptolemee\\\/#primaryimage\"},\"thumbnailUrl\":\"https:\\\/\\\/www.verdieditions.com\\\/equilibre-de-vie\\\/wp-content\\\/uploads\\\/2020\\\/04\\\/Tetrabiblos-Ptolemee-Barbault.jpg\",\"datePublished\":\"2020-04-22T09:58:20+00:00\",\"dateModified\":\"2021-01-06T18:18:39+00:00\",\"description\":\"Auteur : PTOL\u00c9M\u00c9E Titre : T\u00e9trabiblos, le livre fondamental de l\u2019astrologie Pr\u00e9face d\u2019Andr\u00e9 Barbault \u00c9diteur : Vernal, Plilippe Lebaud, 1986, collection les Claviers de la connaissance Dim. 15,5 x 24 182 pages\",\"breadcrumb\":{\"@id\":\"https:\\\/\\\/www.verdieditions.com\\\/equilibre-de-vie\\\/produit\\\/tetrabiblos-ptolemee\\\/#breadcrumb\"},\"inLanguage\":\"fr-FR\",\"potentialAction\":[{\"@type\":\"ReadAction\",\"target\":[\"https:\\\/\\\/www.verdieditions.com\\\/equilibre-de-vie\\\/produit\\\/tetrabiblos-ptolemee\\\/\"]}]},{\"@type\":\"ImageObject\",\"inLanguage\":\"fr-FR\",\"@id\":\"https:\\\/\\\/www.verdieditions.com\\\/equilibre-de-vie\\\/produit\\\/tetrabiblos-ptolemee\\\/#primaryimage\",\"url\":\"https:\\\/\\\/www.verdieditions.com\\\/equilibre-de-vie\\\/wp-content\\\/uploads\\\/2020\\\/04\\\/Tetrabiblos-Ptolemee-Barbault.jpg\",\"contentUrl\":\"https:\\\/\\\/www.verdieditions.com\\\/equilibre-de-vie\\\/wp-content\\\/uploads\\\/2020\\\/04\\\/Tetrabiblos-Ptolemee-Barbault.jpg\",\"width\":753,\"height\":1144,\"caption\":\"Tetrabiblos-Ptolemee-Barbault\"},{\"@type\":\"BreadcrumbList\",\"@id\":\"https:\\\/\\\/www.verdieditions.com\\\/equilibre-de-vie\\\/produit\\\/tetrabiblos-ptolemee\\\/#breadcrumb\",\"itemListElement\":[{\"@type\":\"ListItem\",\"position\":1,\"name\":\"Accueil\",\"item\":\"https:\\\/\\\/www.verdieditions.com\\\/equilibre-de-vie\\\/\"},{\"@type\":\"ListItem\",\"position\":2,\"name\":\"La boutique\",\"item\":\"https:\\\/\\\/www.verdieditions.com\\\/equilibre-de-vie\\\/boutique\\\/\"},{\"@type\":\"ListItem\",\"position\":3,\"name\":\"T\u00e9trabiblos, le livre fondamental de l&#8217;astrologie &#8211; PTOL\u00c9M\u00c9E\"}]},{\"@type\":\"WebSite\",\"@id\":\"https:\\\/\\\/www.verdieditions.com\\\/equilibre-de-vie\\\/#website\",\"url\":\"https:\\\/\\\/www.verdieditions.com\\\/equilibre-de-vie\\\/\",\"name\":\"Equilibre de Vie\",\"description\":\"Ma boutique livres sant\u00e9, \u00e9sot\u00e9risme et d\u00e9veloppement personnel\",\"publisher\":{\"@id\":\"https:\\\/\\\/www.verdieditions.com\\\/equilibre-de-vie\\\/#\\\/schema\\\/person\\\/9dcb2a6759f2f5fbf43ac0b44649cecb\"},\"potentialAction\":[{\"@type\":\"SearchAction\",\"target\":{\"@type\":\"EntryPoint\",\"urlTemplate\":\"https:\\\/\\\/www.verdieditions.com\\\/equilibre-de-vie\\\/?s={search_term_string}\"},\"query-input\":{\"@type\":\"PropertyValueSpecification\",\"valueRequired\":true,\"valueName\":\"search_term_string\"}}],\"inLanguage\":\"fr-FR\"},{\"@type\":[\"Person\",\"Organization\"],\"@id\":\"https:\\\/\\\/www.verdieditions.com\\\/equilibre-de-vie\\\/#\\\/schema\\\/person\\\/9dcb2a6759f2f5fbf43ac0b44649cecb\",\"name\":\"Sylvie VERDI\",\"image\":{\"@type\":\"ImageObject\",\"inLanguage\":\"fr-FR\",\"@id\":\"https:\\\/\\\/www.verdieditions.com\\\/equilibre-de-vie\\\/wp-content\\\/uploads\\\/2020\\\/04\\\/livres-occasion-sante-esoterisme-developpement-personnel-2.jpg\",\"url\":\"https:\\\/\\\/www.verdieditions.com\\\/equilibre-de-vie\\\/wp-content\\\/uploads\\\/2020\\\/04\\\/livres-occasion-sante-esoterisme-developpement-personnel-2.jpg\",\"contentUrl\":\"https:\\\/\\\/www.verdieditions.com\\\/equilibre-de-vie\\\/wp-content\\\/uploads\\\/2020\\\/04\\\/livres-occasion-sante-esoterisme-developpement-personnel-2.jpg\",\"width\":800,\"height\":572,\"caption\":\"Sylvie VERDI\"},\"logo\":{\"@id\":\"https:\\\/\\\/www.verdieditions.com\\\/equilibre-de-vie\\\/wp-content\\\/uploads\\\/2020\\\/04\\\/livres-occasion-sante-esoterisme-developpement-personnel-2.jpg\"},\"sameAs\":[\"https:\\\/\\\/www.verdieditions.com\\\/equilibre-de-vie\"]}]}<\/script>\n<!-- \/ Yoast SEO plugin. -->","yoast_head_json":{"title":"T\u00e9trabiblos, le livre fondamental de l'astrologie - PTOL\u00c9M\u00c9E - Equilibre de Vie","description":"Auteur : PTOL\u00c9M\u00c9E Titre : T\u00e9trabiblos, le livre fondamental de l\u2019astrologie Pr\u00e9face d\u2019Andr\u00e9 Barbault \u00c9diteur : Vernal, Plilippe Lebaud, 1986, collection les Claviers de la connaissance Dim. 15,5 x 24 182 pages","robots":{"index":"index","follow":"follow","max-snippet":"max-snippet:-1","max-image-preview":"max-image-preview:large","max-video-preview":"max-video-preview:-1"},"canonical":"https:\/\/www.verdieditions.com\/equilibre-de-vie\/produit\/tetrabiblos-ptolemee\/","og_locale":"fr_FR","og_type":"article","og_title":"T\u00e9trabiblos, le livre fondamental de l'astrologie - PTOL\u00c9M\u00c9E - Equilibre de Vie","og_description":"Auteur : PTOL\u00c9M\u00c9E Titre : T\u00e9trabiblos, le livre fondamental de l\u2019astrologie Pr\u00e9face d\u2019Andr\u00e9 Barbault \u00c9diteur : Vernal, Plilippe Lebaud, 1986, collection les Claviers de la connaissance Dim. 15,5 x 24 182 pages","og_url":"https:\/\/www.verdieditions.com\/equilibre-de-vie\/produit\/tetrabiblos-ptolemee\/","og_site_name":"Equilibre de Vie","article_modified_time":"2021-01-06T18:18:39+00:00","og_image":[{"width":753,"height":1144,"url":"https:\/\/www.verdieditions.com\/equilibre-de-vie\/wp-content\/uploads\/2020\/04\/Tetrabiblos-Ptolemee-Barbault.jpg","type":"image\/jpeg"}],"twitter_card":"summary_large_image","twitter_misc":{"Dur\u00e9e de lecture estim\u00e9e":"1 minute"},"schema":{"@context":"https:\/\/schema.org","@graph":[{"@type":"WebPage","@id":"https:\/\/www.verdieditions.com\/equilibre-de-vie\/produit\/tetrabiblos-ptolemee\/","url":"https:\/\/www.verdieditions.com\/equilibre-de-vie\/produit\/tetrabiblos-ptolemee\/","name":"T\u00e9trabiblos, le livre fondamental de l'astrologie - PTOL\u00c9M\u00c9E - Equilibre de Vie","isPartOf":{"@id":"https:\/\/www.verdieditions.com\/equilibre-de-vie\/#website"},"primaryImageOfPage":{"@id":"https:\/\/www.verdieditions.com\/equilibre-de-vie\/produit\/tetrabiblos-ptolemee\/#primaryimage"},"image":{"@id":"https:\/\/www.verdieditions.com\/equilibre-de-vie\/produit\/tetrabiblos-ptolemee\/#primaryimage"},"thumbnailUrl":"https:\/\/www.verdieditions.com\/equilibre-de-vie\/wp-content\/uploads\/2020\/04\/Tetrabiblos-Ptolemee-Barbault.jpg","datePublished":"2020-04-22T09:58:20+00:00","dateModified":"2021-01-06T18:18:39+00:00","description":"Auteur : PTOL\u00c9M\u00c9E Titre : T\u00e9trabiblos, le livre fondamental de l\u2019astrologie Pr\u00e9face d\u2019Andr\u00e9 Barbault \u00c9diteur : Vernal, Plilippe Lebaud, 1986, collection les Claviers de la connaissance Dim. 15,5 x 24 182 pages","breadcrumb":{"@id":"https:\/\/www.verdieditions.com\/equilibre-de-vie\/produit\/tetrabiblos-ptolemee\/#breadcrumb"},"inLanguage":"fr-FR","potentialAction":[{"@type":"ReadAction","target":["https:\/\/www.verdieditions.com\/equilibre-de-vie\/produit\/tetrabiblos-ptolemee\/"]}]},{"@type":"ImageObject","inLanguage":"fr-FR","@id":"https:\/\/www.verdieditions.com\/equilibre-de-vie\/produit\/tetrabiblos-ptolemee\/#primaryimage","url":"https:\/\/www.verdieditions.com\/equilibre-de-vie\/wp-content\/uploads\/2020\/04\/Tetrabiblos-Ptolemee-Barbault.jpg","contentUrl":"https:\/\/www.verdieditions.com\/equilibre-de-vie\/wp-content\/uploads\/2020\/04\/Tetrabiblos-Ptolemee-Barbault.jpg","width":753,"height":1144,"caption":"Tetrabiblos-Ptolemee-Barbault"},{"@type":"BreadcrumbList","@id":"https:\/\/www.verdieditions.com\/equilibre-de-vie\/produit\/tetrabiblos-ptolemee\/#breadcrumb","itemListElement":[{"@type":"ListItem","position":1,"name":"Accueil","item":"https:\/\/www.verdieditions.com\/equilibre-de-vie\/"},{"@type":"ListItem","position":2,"name":"La boutique","item":"https:\/\/www.verdieditions.com\/equilibre-de-vie\/boutique\/"},{"@type":"ListItem","position":3,"name":"T\u00e9trabiblos, le livre fondamental de l&#8217;astrologie &#8211; PTOL\u00c9M\u00c9E"}]},{"@type":"WebSite","@id":"https:\/\/www.verdieditions.com\/equilibre-de-vie\/#website","url":"https:\/\/www.verdieditions.com\/equilibre-de-vie\/","name":"Equilibre de Vie","description":"Ma boutique livres sant\u00e9, \u00e9sot\u00e9risme et d\u00e9veloppement personnel","publisher":{"@id":"https:\/\/www.verdieditions.com\/equilibre-de-vie\/#\/schema\/person\/9dcb2a6759f2f5fbf43ac0b44649cecb"},"potentialAction":[{"@type":"SearchAction","target":{"@type":"EntryPoint","urlTemplate":"https:\/\/www.verdieditions.com\/equilibre-de-vie\/?s={search_term_string}"},"query-input":{"@type":"PropertyValueSpecification","valueRequired":true,"valueName":"search_term_string"}}],"inLanguage":"fr-FR"},{"@type":["Person","Organization"],"@id":"https:\/\/www.verdieditions.com\/equilibre-de-vie\/#\/schema\/person\/9dcb2a6759f2f5fbf43ac0b44649cecb","name":"Sylvie VERDI","image":{"@type":"ImageObject","inLanguage":"fr-FR","@id":"https:\/\/www.verdieditions.com\/equilibre-de-vie\/wp-content\/uploads\/2020\/04\/livres-occasion-sante-esoterisme-developpement-personnel-2.jpg","url":"https:\/\/www.verdieditions.com\/equilibre-de-vie\/wp-content\/uploads\/2020\/04\/livres-occasion-sante-esoterisme-developpement-personnel-2.jpg","contentUrl":"https:\/\/www.verdieditions.com\/equilibre-de-vie\/wp-content\/uploads\/2020\/04\/livres-occasion-sante-esoterisme-developpement-personnel-2.jpg","width":800,"height":572,"caption":"Sylvie VERDI"},"logo":{"@id":"https:\/\/www.verdieditions.com\/equilibre-de-vie\/wp-content\/uploads\/2020\/04\/livres-occasion-sante-esoterisme-developpement-personnel-2.jpg"},"sameAs":["https:\/\/www.verdieditions.com\/equilibre-de-vie"]}]}},"_links":{"self":[{"href":"https:\/\/www.verdieditions.com\/equilibre-de-vie\/wp-json\/wp\/v2\/product\/98","targetHints":{"allow":["GET"]}}],"collection":[{"href":"https:\/\/www.verdieditions.com\/equilibre-de-vie\/wp-json\/wp\/v2\/product"}],"about":[{"href":"https:\/\/www.verdieditions.com\/equilibre-de-vie\/wp-json\/wp\/v2\/types\/product"}],"wp:featuredmedia":[{"embeddable":true,"href":"https:\/\/www.verdieditions.com\/equilibre-de-vie\/wp-json\/wp\/v2\/media\/99"}],"wp:attachment":[{"href":"https:\/\/www.verdieditions.com\/equilibre-de-vie\/wp-json\/wp\/v2\/media?parent=98"}],"wp:term":[{"taxonomy":"product_brand","embeddable":true,"href":"https:\/\/www.verdieditions.com\/equilibre-de-vie\/wp-json\/wp\/v2\/product_brand?post=98"},{"taxonomy":"product_cat","embeddable":true,"href":"https:\/\/www.verdieditions.com\/equilibre-de-vie\/wp-json\/wp\/v2\/product_cat?post=98"},{"taxonomy":"product_tag","embeddable":true,"href":"https:\/\/www.verdieditions.com\/equilibre-de-vie\/wp-json\/wp\/v2\/product_tag?post=98"}],"curies":[{"name":"wp","href":"https:\/\/api.w.org\/{rel}","templated":true}]}}