{"id":937,"date":"2020-04-28T12:01:34","date_gmt":"2020-04-28T10:01:34","guid":{"rendered":"https:\/\/www.verdieditions.com\/equilibre-de-vie\/?post_type=product&#038;p=937"},"modified":"2024-02-07T16:03:47","modified_gmt":"2024-02-07T15:03:47","slug":"si-changeait-de-vie-oger","status":"publish","type":"product","link":"https:\/\/www.verdieditions.com\/equilibre-de-vie\/produit\/si-changeait-de-vie-oger\/","title":{"rendered":"Et si l&rsquo;on changeait de vie &#8211; Armelle OGER"},"content":{"rendered":"<p>Auteur : Armelle OGER<br \/>\nTitre : Et si l&rsquo;on changeait de vie<br \/>\n\u00c9diteur : J&rsquo;ai Lu bien \u00eatre, 2002, collection psychologie<br \/>\nFormat poche, \u00e9tat excellent<br \/>\nDim. 11 x 18<br \/>\n219 pages<\/p>\n<p>Pourquoi change-t-on de vie ? Quels sont les d\u00e9clics qui, un beau jour, poussent un individu \u00e0 bouleverser rites et habitudes qui ont constitu\u00e9 son cadre d&rsquo;existence pendant des ann\u00e9es ? Une envie de tout bousculer qui affleure dans la morosit\u00e9 ambiante sous forme d&rsquo;interrogations et de remises en cause. Mais aussi de r\u00eave. Celui de tout recommencer \u00e0 z\u00e9ro, de changer de ciel, de travail, de partenaire, de mode de vie&#8230; Comment passe-t-on \u00e0 l&rsquo;acte ? Comment se d\u00e9roule cette nouvelle vie pour soi et pour ceux qui nous entourent ? Etay\u00e9 par un grand nombre d&rsquo;histoires vraies, ce livre analyse un ph\u00e9nom\u00e8ne qui nous concerne tous et nous invite \u00e0 concr\u00e9tiser ce qui repr\u00e9sente souvent un acte de survie.<\/p>\n","protected":false},"excerpt":{"rendered":"<p>Auteur : Armelle OGER<br \/>\nTitre : Et si l&rsquo;on changeait de vie<br \/>\n\u00c9diteur : J&rsquo;ai Lu bien \u00eatre, 2002, collection psychologie<br \/>\nFormat poche, \u00e9tat excellent<br \/>\nDim. 11 x 18<br \/>\n219 pages<\/p>\n","protected":false},"featured_media":938,"template":"","meta":[],"product_brand":[],"product_cat":[22],"product_tag":[40,135,169,171],"class_list":{"0":"post-937","1":"product","2":"type-product","3":"status-publish","4":"has-post-thumbnail","6":"product_cat-developpement-personnel","7":"product_tag-bien-etre","8":"product_tag-psychologie","9":"product_tag-travail","10":"product_tag-vie","12":"first","13":"instock","14":"shipping-taxable","15":"product-type-simple"},"yoast_head":"<!-- This site is optimized with the Yoast SEO plugin v27.4 - https:\/\/yoast.com\/product\/yoast-seo-wordpress\/ -->\n<title>Et si l&#039;on changeait de vie - Armelle OGER - Equilibre de Vie<\/title>\n<meta name=\"description\" content=\"Auteur : Armelle OGER Titre : Et si l\u2019on changeait de vie \u00c9diteur : J\u2019ai Lu bien \u00eatre, 2002, collection psychologie Format poche, \u00e9tat excellent Dim. 11 x 18 219 pages\" \/>\n<meta name=\"robots\" content=\"index, follow, max-snippet:-1, max-image-preview:large, max-video-preview:-1\" \/>\n<link rel=\"canonical\" href=\"https:\/\/www.verdieditions.com\/equilibre-de-vie\/produit\/si-changeait-de-vie-oger\/\" \/>\n<meta property=\"og:locale\" content=\"fr_FR\" \/>\n<meta property=\"og:type\" content=\"article\" \/>\n<meta property=\"og:title\" content=\"Et si l&#039;on changeait de vie - Armelle OGER - Equilibre de Vie\" \/>\n<meta property=\"og:description\" content=\"Auteur : Armelle OGER Titre : Et si l\u2019on changeait de vie \u00c9diteur : J\u2019ai Lu bien \u00eatre, 2002, collection psychologie Format poche, \u00e9tat excellent Dim. 11 x 18 219 pages\" \/>\n<meta property=\"og:url\" content=\"https:\/\/www.verdieditions.com\/equilibre-de-vie\/produit\/si-changeait-de-vie-oger\/\" \/>\n<meta property=\"og:site_name\" content=\"Equilibre de Vie\" \/>\n<meta property=\"article:modified_time\" content=\"2024-02-07T15:03:47+00:00\" \/>\n<meta property=\"og:image\" content=\"https:\/\/www.verdieditions.com\/equilibre-de-vie\/wp-content\/uploads\/2020\/04\/si-changeait-vie-Oger.jpg\" \/>\n\t<meta property=\"og:image:width\" content=\"659\" \/>\n\t<meta property=\"og:image:height\" content=\"1053\" \/>\n\t<meta property=\"og:image:type\" content=\"image\/jpeg\" \/>\n<meta name=\"twitter:card\" content=\"summary_large_image\" \/>\n<meta name=\"twitter:label1\" content=\"Dur\u00e9e de lecture estim\u00e9e\" \/>\n\t<meta name=\"twitter:data1\" content=\"1 minute\" \/>\n<script type=\"application\/ld+json\" class=\"yoast-schema-graph\">{\"@context\":\"https:\\\/\\\/schema.org\",\"@graph\":[{\"@type\":\"WebPage\",\"@id\":\"https:\\\/\\\/www.verdieditions.com\\\/equilibre-de-vie\\\/produit\\\/si-changeait-de-vie-oger\\\/\",\"url\":\"https:\\\/\\\/www.verdieditions.com\\\/equilibre-de-vie\\\/produit\\\/si-changeait-de-vie-oger\\\/\",\"name\":\"Et si l'on changeait de vie - Armelle OGER - Equilibre de Vie\",\"isPartOf\":{\"@id\":\"https:\\\/\\\/www.verdieditions.com\\\/equilibre-de-vie\\\/#website\"},\"primaryImageOfPage\":{\"@id\":\"https:\\\/\\\/www.verdieditions.com\\\/equilibre-de-vie\\\/produit\\\/si-changeait-de-vie-oger\\\/#primaryimage\"},\"image\":{\"@id\":\"https:\\\/\\\/www.verdieditions.com\\\/equilibre-de-vie\\\/produit\\\/si-changeait-de-vie-oger\\\/#primaryimage\"},\"thumbnailUrl\":\"https:\\\/\\\/www.verdieditions.com\\\/equilibre-de-vie\\\/wp-content\\\/uploads\\\/2020\\\/04\\\/si-changeait-vie-Oger.jpg\",\"datePublished\":\"2020-04-28T10:01:34+00:00\",\"dateModified\":\"2024-02-07T15:03:47+00:00\",\"description\":\"Auteur : Armelle OGER Titre : Et si l\u2019on changeait de vie \u00c9diteur : J\u2019ai Lu bien \u00eatre, 2002, collection psychologie Format poche, \u00e9tat excellent Dim. 11 x 18 219 pages\",\"breadcrumb\":{\"@id\":\"https:\\\/\\\/www.verdieditions.com\\\/equilibre-de-vie\\\/produit\\\/si-changeait-de-vie-oger\\\/#breadcrumb\"},\"inLanguage\":\"fr-FR\",\"potentialAction\":[{\"@type\":\"ReadAction\",\"target\":[\"https:\\\/\\\/www.verdieditions.com\\\/equilibre-de-vie\\\/produit\\\/si-changeait-de-vie-oger\\\/\"]}]},{\"@type\":\"ImageObject\",\"inLanguage\":\"fr-FR\",\"@id\":\"https:\\\/\\\/www.verdieditions.com\\\/equilibre-de-vie\\\/produit\\\/si-changeait-de-vie-oger\\\/#primaryimage\",\"url\":\"https:\\\/\\\/www.verdieditions.com\\\/equilibre-de-vie\\\/wp-content\\\/uploads\\\/2020\\\/04\\\/si-changeait-vie-Oger.jpg\",\"contentUrl\":\"https:\\\/\\\/www.verdieditions.com\\\/equilibre-de-vie\\\/wp-content\\\/uploads\\\/2020\\\/04\\\/si-changeait-vie-Oger.jpg\",\"width\":659,\"height\":1053,\"caption\":\"si-changeait-vie-Oger\"},{\"@type\":\"BreadcrumbList\",\"@id\":\"https:\\\/\\\/www.verdieditions.com\\\/equilibre-de-vie\\\/produit\\\/si-changeait-de-vie-oger\\\/#breadcrumb\",\"itemListElement\":[{\"@type\":\"ListItem\",\"position\":1,\"name\":\"Accueil\",\"item\":\"https:\\\/\\\/www.verdieditions.com\\\/equilibre-de-vie\\\/\"},{\"@type\":\"ListItem\",\"position\":2,\"name\":\"La boutique\",\"item\":\"https:\\\/\\\/www.verdieditions.com\\\/equilibre-de-vie\\\/boutique\\\/\"},{\"@type\":\"ListItem\",\"position\":3,\"name\":\"Et si l&#8217;on changeait de vie &#8211; Armelle OGER\"}]},{\"@type\":\"WebSite\",\"@id\":\"https:\\\/\\\/www.verdieditions.com\\\/equilibre-de-vie\\\/#website\",\"url\":\"https:\\\/\\\/www.verdieditions.com\\\/equilibre-de-vie\\\/\",\"name\":\"Equilibre de Vie\",\"description\":\"Ma boutique livres sant\u00e9, \u00e9sot\u00e9risme et d\u00e9veloppement personnel\",\"publisher\":{\"@id\":\"https:\\\/\\\/www.verdieditions.com\\\/equilibre-de-vie\\\/#\\\/schema\\\/person\\\/9dcb2a6759f2f5fbf43ac0b44649cecb\"},\"potentialAction\":[{\"@type\":\"SearchAction\",\"target\":{\"@type\":\"EntryPoint\",\"urlTemplate\":\"https:\\\/\\\/www.verdieditions.com\\\/equilibre-de-vie\\\/?s={search_term_string}\"},\"query-input\":{\"@type\":\"PropertyValueSpecification\",\"valueRequired\":true,\"valueName\":\"search_term_string\"}}],\"inLanguage\":\"fr-FR\"},{\"@type\":[\"Person\",\"Organization\"],\"@id\":\"https:\\\/\\\/www.verdieditions.com\\\/equilibre-de-vie\\\/#\\\/schema\\\/person\\\/9dcb2a6759f2f5fbf43ac0b44649cecb\",\"name\":\"Sylvie VERDI\",\"image\":{\"@type\":\"ImageObject\",\"inLanguage\":\"fr-FR\",\"@id\":\"https:\\\/\\\/www.verdieditions.com\\\/equilibre-de-vie\\\/wp-content\\\/uploads\\\/2020\\\/04\\\/livres-occasion-sante-esoterisme-developpement-personnel-2.jpg\",\"url\":\"https:\\\/\\\/www.verdieditions.com\\\/equilibre-de-vie\\\/wp-content\\\/uploads\\\/2020\\\/04\\\/livres-occasion-sante-esoterisme-developpement-personnel-2.jpg\",\"contentUrl\":\"https:\\\/\\\/www.verdieditions.com\\\/equilibre-de-vie\\\/wp-content\\\/uploads\\\/2020\\\/04\\\/livres-occasion-sante-esoterisme-developpement-personnel-2.jpg\",\"width\":800,\"height\":572,\"caption\":\"Sylvie VERDI\"},\"logo\":{\"@id\":\"https:\\\/\\\/www.verdieditions.com\\\/equilibre-de-vie\\\/wp-content\\\/uploads\\\/2020\\\/04\\\/livres-occasion-sante-esoterisme-developpement-personnel-2.jpg\"},\"sameAs\":[\"https:\\\/\\\/www.verdieditions.com\\\/equilibre-de-vie\"]}]}<\/script>\n<!-- \/ Yoast SEO plugin. -->","yoast_head_json":{"title":"Et si l'on changeait de vie - Armelle OGER - Equilibre de Vie","description":"Auteur : Armelle OGER Titre : Et si l\u2019on changeait de vie \u00c9diteur : J\u2019ai Lu bien \u00eatre, 2002, collection psychologie Format poche, \u00e9tat excellent Dim. 11 x 18 219 pages","robots":{"index":"index","follow":"follow","max-snippet":"max-snippet:-1","max-image-preview":"max-image-preview:large","max-video-preview":"max-video-preview:-1"},"canonical":"https:\/\/www.verdieditions.com\/equilibre-de-vie\/produit\/si-changeait-de-vie-oger\/","og_locale":"fr_FR","og_type":"article","og_title":"Et si l'on changeait de vie - Armelle OGER - Equilibre de Vie","og_description":"Auteur : Armelle OGER Titre : Et si l\u2019on changeait de vie \u00c9diteur : J\u2019ai Lu bien \u00eatre, 2002, collection psychologie Format poche, \u00e9tat excellent Dim. 11 x 18 219 pages","og_url":"https:\/\/www.verdieditions.com\/equilibre-de-vie\/produit\/si-changeait-de-vie-oger\/","og_site_name":"Equilibre de Vie","article_modified_time":"2024-02-07T15:03:47+00:00","og_image":[{"width":659,"height":1053,"url":"https:\/\/www.verdieditions.com\/equilibre-de-vie\/wp-content\/uploads\/2020\/04\/si-changeait-vie-Oger.jpg","type":"image\/jpeg"}],"twitter_card":"summary_large_image","twitter_misc":{"Dur\u00e9e de lecture estim\u00e9e":"1 minute"},"schema":{"@context":"https:\/\/schema.org","@graph":[{"@type":"WebPage","@id":"https:\/\/www.verdieditions.com\/equilibre-de-vie\/produit\/si-changeait-de-vie-oger\/","url":"https:\/\/www.verdieditions.com\/equilibre-de-vie\/produit\/si-changeait-de-vie-oger\/","name":"Et si l'on changeait de vie - Armelle OGER - Equilibre de Vie","isPartOf":{"@id":"https:\/\/www.verdieditions.com\/equilibre-de-vie\/#website"},"primaryImageOfPage":{"@id":"https:\/\/www.verdieditions.com\/equilibre-de-vie\/produit\/si-changeait-de-vie-oger\/#primaryimage"},"image":{"@id":"https:\/\/www.verdieditions.com\/equilibre-de-vie\/produit\/si-changeait-de-vie-oger\/#primaryimage"},"thumbnailUrl":"https:\/\/www.verdieditions.com\/equilibre-de-vie\/wp-content\/uploads\/2020\/04\/si-changeait-vie-Oger.jpg","datePublished":"2020-04-28T10:01:34+00:00","dateModified":"2024-02-07T15:03:47+00:00","description":"Auteur : Armelle OGER Titre : Et si l\u2019on changeait de vie \u00c9diteur : J\u2019ai Lu bien \u00eatre, 2002, collection psychologie Format poche, \u00e9tat excellent Dim. 11 x 18 219 pages","breadcrumb":{"@id":"https:\/\/www.verdieditions.com\/equilibre-de-vie\/produit\/si-changeait-de-vie-oger\/#breadcrumb"},"inLanguage":"fr-FR","potentialAction":[{"@type":"ReadAction","target":["https:\/\/www.verdieditions.com\/equilibre-de-vie\/produit\/si-changeait-de-vie-oger\/"]}]},{"@type":"ImageObject","inLanguage":"fr-FR","@id":"https:\/\/www.verdieditions.com\/equilibre-de-vie\/produit\/si-changeait-de-vie-oger\/#primaryimage","url":"https:\/\/www.verdieditions.com\/equilibre-de-vie\/wp-content\/uploads\/2020\/04\/si-changeait-vie-Oger.jpg","contentUrl":"https:\/\/www.verdieditions.com\/equilibre-de-vie\/wp-content\/uploads\/2020\/04\/si-changeait-vie-Oger.jpg","width":659,"height":1053,"caption":"si-changeait-vie-Oger"},{"@type":"BreadcrumbList","@id":"https:\/\/www.verdieditions.com\/equilibre-de-vie\/produit\/si-changeait-de-vie-oger\/#breadcrumb","itemListElement":[{"@type":"ListItem","position":1,"name":"Accueil","item":"https:\/\/www.verdieditions.com\/equilibre-de-vie\/"},{"@type":"ListItem","position":2,"name":"La boutique","item":"https:\/\/www.verdieditions.com\/equilibre-de-vie\/boutique\/"},{"@type":"ListItem","position":3,"name":"Et si l&#8217;on changeait de vie &#8211; Armelle OGER"}]},{"@type":"WebSite","@id":"https:\/\/www.verdieditions.com\/equilibre-de-vie\/#website","url":"https:\/\/www.verdieditions.com\/equilibre-de-vie\/","name":"Equilibre de Vie","description":"Ma boutique livres sant\u00e9, \u00e9sot\u00e9risme et d\u00e9veloppement personnel","publisher":{"@id":"https:\/\/www.verdieditions.com\/equilibre-de-vie\/#\/schema\/person\/9dcb2a6759f2f5fbf43ac0b44649cecb"},"potentialAction":[{"@type":"SearchAction","target":{"@type":"EntryPoint","urlTemplate":"https:\/\/www.verdieditions.com\/equilibre-de-vie\/?s={search_term_string}"},"query-input":{"@type":"PropertyValueSpecification","valueRequired":true,"valueName":"search_term_string"}}],"inLanguage":"fr-FR"},{"@type":["Person","Organization"],"@id":"https:\/\/www.verdieditions.com\/equilibre-de-vie\/#\/schema\/person\/9dcb2a6759f2f5fbf43ac0b44649cecb","name":"Sylvie VERDI","image":{"@type":"ImageObject","inLanguage":"fr-FR","@id":"https:\/\/www.verdieditions.com\/equilibre-de-vie\/wp-content\/uploads\/2020\/04\/livres-occasion-sante-esoterisme-developpement-personnel-2.jpg","url":"https:\/\/www.verdieditions.com\/equilibre-de-vie\/wp-content\/uploads\/2020\/04\/livres-occasion-sante-esoterisme-developpement-personnel-2.jpg","contentUrl":"https:\/\/www.verdieditions.com\/equilibre-de-vie\/wp-content\/uploads\/2020\/04\/livres-occasion-sante-esoterisme-developpement-personnel-2.jpg","width":800,"height":572,"caption":"Sylvie VERDI"},"logo":{"@id":"https:\/\/www.verdieditions.com\/equilibre-de-vie\/wp-content\/uploads\/2020\/04\/livres-occasion-sante-esoterisme-developpement-personnel-2.jpg"},"sameAs":["https:\/\/www.verdieditions.com\/equilibre-de-vie"]}]}},"_links":{"self":[{"href":"https:\/\/www.verdieditions.com\/equilibre-de-vie\/wp-json\/wp\/v2\/product\/937","targetHints":{"allow":["GET"]}}],"collection":[{"href":"https:\/\/www.verdieditions.com\/equilibre-de-vie\/wp-json\/wp\/v2\/product"}],"about":[{"href":"https:\/\/www.verdieditions.com\/equilibre-de-vie\/wp-json\/wp\/v2\/types\/product"}],"wp:featuredmedia":[{"embeddable":true,"href":"https:\/\/www.verdieditions.com\/equilibre-de-vie\/wp-json\/wp\/v2\/media\/938"}],"wp:attachment":[{"href":"https:\/\/www.verdieditions.com\/equilibre-de-vie\/wp-json\/wp\/v2\/media?parent=937"}],"wp:term":[{"taxonomy":"product_brand","embeddable":true,"href":"https:\/\/www.verdieditions.com\/equilibre-de-vie\/wp-json\/wp\/v2\/product_brand?post=937"},{"taxonomy":"product_cat","embeddable":true,"href":"https:\/\/www.verdieditions.com\/equilibre-de-vie\/wp-json\/wp\/v2\/product_cat?post=937"},{"taxonomy":"product_tag","embeddable":true,"href":"https:\/\/www.verdieditions.com\/equilibre-de-vie\/wp-json\/wp\/v2\/product_tag?post=937"}],"curies":[{"name":"wp","href":"https:\/\/api.w.org\/{rel}","templated":true}]}}