{"id":920,"date":"2020-04-28T10:11:38","date_gmt":"2020-04-28T08:11:38","guid":{"rendered":"https:\/\/www.verdieditions.com\/equilibre-de-vie\/?post_type=product&#038;p=920"},"modified":"2024-02-07T16:08:10","modified_gmt":"2024-02-07T15:08:10","slug":"aide-memoire-sophrologie-en-68-notions-nathalie-baste","status":"publish","type":"product","link":"https:\/\/www.verdieditions.com\/equilibre-de-vie\/produit\/aide-memoire-sophrologie-en-68-notions-nathalie-baste\/","title":{"rendered":"Aide m\u00e9moire sophrologie en 68 notions &#8211; Nathalie BASTE"},"content":{"rendered":"<p>Auteur : Nathalie BASTE<br \/>\nTitre : Aide m\u00e9moire sophrologie en 68 notions, les principales techniques d\u00e9taill\u00e9es, les diff\u00e9rentes prises en charge, de nombreux exemples et exercices<br \/>\n\u00c9diteur : Dunod, 2017<br \/>\nEtat excellent<br \/>\nDim. 15 x 21<br \/>\n311 pages<\/p>\n<p>Impr\u00e9gn\u00e9e de pratiques ancestrales (yoga, bouddhisme tib\u00e9tain, zen japonais&#8230;), de l\u2019hypnose ou encore du training autog\u00e8ne, la sophrologie a \u00e9merg\u00e9 et s&rsquo;\u00e9panouit depuis plus de cinquante ans.<br \/>\nPlurielle, elle repr\u00e9sente une m\u00e9thode particuli\u00e8rement int\u00e9ressante et cr\u00e9atrice, et concerne les champs aussi vari\u00e9s que la th\u00e9rapie au sens large, la prophylaxie, la p\u00e9dagogie et le social. Elle fait partie des m\u00e9thodes psychocorporelles qui apportent une r\u00e9ponse pertinente aux souffrances contemporaines.<br \/>\nTr\u00e8s didactique, cet aide-m\u00e9moire synth\u00e9tise les notions essentielles de la sophrologie en trois parties :<br \/>\n&#8211; les concepts g\u00e9n\u00e9raux,<br \/>\n&#8211; les principes m\u00e9thodologiques,<br \/>\n&#8211; les applications th\u00e9rapeutiques.<br \/>\nMieux conna\u00eetre les principes fondamentaux de la sophrologie, les pratiques (individuelles ou groupales), les techniques cl\u00e9s, les champs et domaines d\u2019intervention (stress, douleurs, addictions&#8230; au travail, \u00e0 l\u2019\u00e9cole&#8230;) ; apprendre \u00e0 construire des s\u00e9ances de sophrologie : cet ouvrage r\u00e9pertorie toutes les notions \u00e0 conna\u00eetre et constitue ainsi un outil pr\u00e9cieux de formation.<\/p>\n","protected":false},"excerpt":{"rendered":"<p>Auteur : Nathalie BASTE<br \/>\nTitre : Aide m\u00e9moire sophrologie en 68 notions, les principales techniques d\u00e9taill\u00e9es, les diff\u00e9rentes prises en charge, de nombreux exemples et exercices<br \/>\n\u00c9diteur : Dunod, 2017<br \/>\nEtat excellent<br \/>\nDim. 15 x 21<br \/>\n311 pages<\/p>\n","protected":false},"featured_media":921,"template":"","meta":[],"product_brand":[],"product_cat":[21],"product_tag":[40,99,140,142,152],"class_list":{"0":"post-920","1":"product","2":"type-product","3":"status-publish","4":"has-post-thumbnail","6":"product_cat-sante","7":"product_tag-bien-etre","8":"product_tag-medecine-douce","9":"product_tag-relaxation","10":"product_tag-respiration","11":"product_tag-sophrologie","13":"first","14":"instock","15":"shipping-taxable","16":"product-type-simple"},"yoast_head":"<!-- This site is optimized with the Yoast SEO plugin v27.4 - https:\/\/yoast.com\/product\/yoast-seo-wordpress\/ -->\n<title>Aide m\u00e9moire sophrologie en 68 notions - Nathalie BASTE - Equilibre de Vie<\/title>\n<meta name=\"description\" content=\"Auteur : Nathalie BASTE Titre : Aide m\u00e9moire sophrologie en 68 notions, les principales techniques d\u00e9taill\u00e9es, les diff\u00e9rentes prises en charge, de nombreux exemples et exercices \u00c9diteur : Dunod, 2017 Etat excellent Dim. 15 x 21 311 pages\" \/>\n<meta name=\"robots\" content=\"index, follow, max-snippet:-1, max-image-preview:large, max-video-preview:-1\" \/>\n<link rel=\"canonical\" href=\"https:\/\/www.verdieditions.com\/equilibre-de-vie\/produit\/aide-memoire-sophrologie-en-68-notions-nathalie-baste\/\" \/>\n<meta property=\"og:locale\" content=\"fr_FR\" \/>\n<meta property=\"og:type\" content=\"article\" \/>\n<meta property=\"og:title\" content=\"Aide m\u00e9moire sophrologie en 68 notions - Nathalie BASTE - Equilibre de Vie\" \/>\n<meta property=\"og:description\" content=\"Auteur : Nathalie BASTE Titre : Aide m\u00e9moire sophrologie en 68 notions, les principales techniques d\u00e9taill\u00e9es, les diff\u00e9rentes prises en charge, de nombreux exemples et exercices \u00c9diteur : Dunod, 2017 Etat excellent Dim. 15 x 21 311 pages\" \/>\n<meta property=\"og:url\" content=\"https:\/\/www.verdieditions.com\/equilibre-de-vie\/produit\/aide-memoire-sophrologie-en-68-notions-nathalie-baste\/\" \/>\n<meta property=\"og:site_name\" content=\"Equilibre de Vie\" \/>\n<meta property=\"article:modified_time\" content=\"2024-02-07T15:08:10+00:00\" \/>\n<meta property=\"og:image\" content=\"https:\/\/www.verdieditions.com\/equilibre-de-vie\/wp-content\/uploads\/2020\/04\/Aide-memoire-Sophrologie-Baste-68-Notions.jpg\" \/>\n\t<meta property=\"og:image:width\" content=\"796\" \/>\n\t<meta property=\"og:image:height\" content=\"1093\" \/>\n\t<meta property=\"og:image:type\" content=\"image\/jpeg\" \/>\n<meta name=\"twitter:card\" content=\"summary_large_image\" \/>\n<meta name=\"twitter:label1\" content=\"Dur\u00e9e de lecture estim\u00e9e\" \/>\n\t<meta name=\"twitter:data1\" content=\"1 minute\" \/>\n<script type=\"application\/ld+json\" class=\"yoast-schema-graph\">{\"@context\":\"https:\\\/\\\/schema.org\",\"@graph\":[{\"@type\":\"WebPage\",\"@id\":\"https:\\\/\\\/www.verdieditions.com\\\/equilibre-de-vie\\\/produit\\\/aide-memoire-sophrologie-en-68-notions-nathalie-baste\\\/\",\"url\":\"https:\\\/\\\/www.verdieditions.com\\\/equilibre-de-vie\\\/produit\\\/aide-memoire-sophrologie-en-68-notions-nathalie-baste\\\/\",\"name\":\"Aide m\u00e9moire sophrologie en 68 notions - Nathalie BASTE - Equilibre de Vie\",\"isPartOf\":{\"@id\":\"https:\\\/\\\/www.verdieditions.com\\\/equilibre-de-vie\\\/#website\"},\"primaryImageOfPage\":{\"@id\":\"https:\\\/\\\/www.verdieditions.com\\\/equilibre-de-vie\\\/produit\\\/aide-memoire-sophrologie-en-68-notions-nathalie-baste\\\/#primaryimage\"},\"image\":{\"@id\":\"https:\\\/\\\/www.verdieditions.com\\\/equilibre-de-vie\\\/produit\\\/aide-memoire-sophrologie-en-68-notions-nathalie-baste\\\/#primaryimage\"},\"thumbnailUrl\":\"https:\\\/\\\/www.verdieditions.com\\\/equilibre-de-vie\\\/wp-content\\\/uploads\\\/2020\\\/04\\\/Aide-memoire-Sophrologie-Baste-68-Notions.jpg\",\"datePublished\":\"2020-04-28T08:11:38+00:00\",\"dateModified\":\"2024-02-07T15:08:10+00:00\",\"description\":\"Auteur : Nathalie BASTE Titre : Aide m\u00e9moire sophrologie en 68 notions, les principales techniques d\u00e9taill\u00e9es, les diff\u00e9rentes prises en charge, de nombreux exemples et exercices \u00c9diteur : Dunod, 2017 Etat excellent Dim. 15 x 21 311 pages\",\"breadcrumb\":{\"@id\":\"https:\\\/\\\/www.verdieditions.com\\\/equilibre-de-vie\\\/produit\\\/aide-memoire-sophrologie-en-68-notions-nathalie-baste\\\/#breadcrumb\"},\"inLanguage\":\"fr-FR\",\"potentialAction\":[{\"@type\":\"ReadAction\",\"target\":[\"https:\\\/\\\/www.verdieditions.com\\\/equilibre-de-vie\\\/produit\\\/aide-memoire-sophrologie-en-68-notions-nathalie-baste\\\/\"]}]},{\"@type\":\"ImageObject\",\"inLanguage\":\"fr-FR\",\"@id\":\"https:\\\/\\\/www.verdieditions.com\\\/equilibre-de-vie\\\/produit\\\/aide-memoire-sophrologie-en-68-notions-nathalie-baste\\\/#primaryimage\",\"url\":\"https:\\\/\\\/www.verdieditions.com\\\/equilibre-de-vie\\\/wp-content\\\/uploads\\\/2020\\\/04\\\/Aide-memoire-Sophrologie-Baste-68-Notions.jpg\",\"contentUrl\":\"https:\\\/\\\/www.verdieditions.com\\\/equilibre-de-vie\\\/wp-content\\\/uploads\\\/2020\\\/04\\\/Aide-memoire-Sophrologie-Baste-68-Notions.jpg\",\"width\":796,\"height\":1093,\"caption\":\"Aide-memoire-Sophrologie-Baste-68-Notions\"},{\"@type\":\"BreadcrumbList\",\"@id\":\"https:\\\/\\\/www.verdieditions.com\\\/equilibre-de-vie\\\/produit\\\/aide-memoire-sophrologie-en-68-notions-nathalie-baste\\\/#breadcrumb\",\"itemListElement\":[{\"@type\":\"ListItem\",\"position\":1,\"name\":\"Accueil\",\"item\":\"https:\\\/\\\/www.verdieditions.com\\\/equilibre-de-vie\\\/\"},{\"@type\":\"ListItem\",\"position\":2,\"name\":\"La boutique\",\"item\":\"https:\\\/\\\/www.verdieditions.com\\\/equilibre-de-vie\\\/boutique\\\/\"},{\"@type\":\"ListItem\",\"position\":3,\"name\":\"Aide m\u00e9moire sophrologie en 68 notions &#8211; Nathalie BASTE\"}]},{\"@type\":\"WebSite\",\"@id\":\"https:\\\/\\\/www.verdieditions.com\\\/equilibre-de-vie\\\/#website\",\"url\":\"https:\\\/\\\/www.verdieditions.com\\\/equilibre-de-vie\\\/\",\"name\":\"Equilibre de Vie\",\"description\":\"Ma boutique livres sant\u00e9, \u00e9sot\u00e9risme et d\u00e9veloppement personnel\",\"publisher\":{\"@id\":\"https:\\\/\\\/www.verdieditions.com\\\/equilibre-de-vie\\\/#\\\/schema\\\/person\\\/9dcb2a6759f2f5fbf43ac0b44649cecb\"},\"potentialAction\":[{\"@type\":\"SearchAction\",\"target\":{\"@type\":\"EntryPoint\",\"urlTemplate\":\"https:\\\/\\\/www.verdieditions.com\\\/equilibre-de-vie\\\/?s={search_term_string}\"},\"query-input\":{\"@type\":\"PropertyValueSpecification\",\"valueRequired\":true,\"valueName\":\"search_term_string\"}}],\"inLanguage\":\"fr-FR\"},{\"@type\":[\"Person\",\"Organization\"],\"@id\":\"https:\\\/\\\/www.verdieditions.com\\\/equilibre-de-vie\\\/#\\\/schema\\\/person\\\/9dcb2a6759f2f5fbf43ac0b44649cecb\",\"name\":\"Sylvie VERDI\",\"image\":{\"@type\":\"ImageObject\",\"inLanguage\":\"fr-FR\",\"@id\":\"https:\\\/\\\/www.verdieditions.com\\\/equilibre-de-vie\\\/wp-content\\\/uploads\\\/2020\\\/04\\\/livres-occasion-sante-esoterisme-developpement-personnel-2.jpg\",\"url\":\"https:\\\/\\\/www.verdieditions.com\\\/equilibre-de-vie\\\/wp-content\\\/uploads\\\/2020\\\/04\\\/livres-occasion-sante-esoterisme-developpement-personnel-2.jpg\",\"contentUrl\":\"https:\\\/\\\/www.verdieditions.com\\\/equilibre-de-vie\\\/wp-content\\\/uploads\\\/2020\\\/04\\\/livres-occasion-sante-esoterisme-developpement-personnel-2.jpg\",\"width\":800,\"height\":572,\"caption\":\"Sylvie VERDI\"},\"logo\":{\"@id\":\"https:\\\/\\\/www.verdieditions.com\\\/equilibre-de-vie\\\/wp-content\\\/uploads\\\/2020\\\/04\\\/livres-occasion-sante-esoterisme-developpement-personnel-2.jpg\"},\"sameAs\":[\"https:\\\/\\\/www.verdieditions.com\\\/equilibre-de-vie\"]}]}<\/script>\n<!-- \/ Yoast SEO plugin. -->","yoast_head_json":{"title":"Aide m\u00e9moire sophrologie en 68 notions - Nathalie BASTE - Equilibre de Vie","description":"Auteur : Nathalie BASTE Titre : Aide m\u00e9moire sophrologie en 68 notions, les principales techniques d\u00e9taill\u00e9es, les diff\u00e9rentes prises en charge, de nombreux exemples et exercices \u00c9diteur : Dunod, 2017 Etat excellent Dim. 15 x 21 311 pages","robots":{"index":"index","follow":"follow","max-snippet":"max-snippet:-1","max-image-preview":"max-image-preview:large","max-video-preview":"max-video-preview:-1"},"canonical":"https:\/\/www.verdieditions.com\/equilibre-de-vie\/produit\/aide-memoire-sophrologie-en-68-notions-nathalie-baste\/","og_locale":"fr_FR","og_type":"article","og_title":"Aide m\u00e9moire sophrologie en 68 notions - Nathalie BASTE - Equilibre de Vie","og_description":"Auteur : Nathalie BASTE Titre : Aide m\u00e9moire sophrologie en 68 notions, les principales techniques d\u00e9taill\u00e9es, les diff\u00e9rentes prises en charge, de nombreux exemples et exercices \u00c9diteur : Dunod, 2017 Etat excellent Dim. 15 x 21 311 pages","og_url":"https:\/\/www.verdieditions.com\/equilibre-de-vie\/produit\/aide-memoire-sophrologie-en-68-notions-nathalie-baste\/","og_site_name":"Equilibre de Vie","article_modified_time":"2024-02-07T15:08:10+00:00","og_image":[{"width":796,"height":1093,"url":"https:\/\/www.verdieditions.com\/equilibre-de-vie\/wp-content\/uploads\/2020\/04\/Aide-memoire-Sophrologie-Baste-68-Notions.jpg","type":"image\/jpeg"}],"twitter_card":"summary_large_image","twitter_misc":{"Dur\u00e9e de lecture estim\u00e9e":"1 minute"},"schema":{"@context":"https:\/\/schema.org","@graph":[{"@type":"WebPage","@id":"https:\/\/www.verdieditions.com\/equilibre-de-vie\/produit\/aide-memoire-sophrologie-en-68-notions-nathalie-baste\/","url":"https:\/\/www.verdieditions.com\/equilibre-de-vie\/produit\/aide-memoire-sophrologie-en-68-notions-nathalie-baste\/","name":"Aide m\u00e9moire sophrologie en 68 notions - Nathalie BASTE - Equilibre de Vie","isPartOf":{"@id":"https:\/\/www.verdieditions.com\/equilibre-de-vie\/#website"},"primaryImageOfPage":{"@id":"https:\/\/www.verdieditions.com\/equilibre-de-vie\/produit\/aide-memoire-sophrologie-en-68-notions-nathalie-baste\/#primaryimage"},"image":{"@id":"https:\/\/www.verdieditions.com\/equilibre-de-vie\/produit\/aide-memoire-sophrologie-en-68-notions-nathalie-baste\/#primaryimage"},"thumbnailUrl":"https:\/\/www.verdieditions.com\/equilibre-de-vie\/wp-content\/uploads\/2020\/04\/Aide-memoire-Sophrologie-Baste-68-Notions.jpg","datePublished":"2020-04-28T08:11:38+00:00","dateModified":"2024-02-07T15:08:10+00:00","description":"Auteur : Nathalie BASTE Titre : Aide m\u00e9moire sophrologie en 68 notions, les principales techniques d\u00e9taill\u00e9es, les diff\u00e9rentes prises en charge, de nombreux exemples et exercices \u00c9diteur : Dunod, 2017 Etat excellent Dim. 15 x 21 311 pages","breadcrumb":{"@id":"https:\/\/www.verdieditions.com\/equilibre-de-vie\/produit\/aide-memoire-sophrologie-en-68-notions-nathalie-baste\/#breadcrumb"},"inLanguage":"fr-FR","potentialAction":[{"@type":"ReadAction","target":["https:\/\/www.verdieditions.com\/equilibre-de-vie\/produit\/aide-memoire-sophrologie-en-68-notions-nathalie-baste\/"]}]},{"@type":"ImageObject","inLanguage":"fr-FR","@id":"https:\/\/www.verdieditions.com\/equilibre-de-vie\/produit\/aide-memoire-sophrologie-en-68-notions-nathalie-baste\/#primaryimage","url":"https:\/\/www.verdieditions.com\/equilibre-de-vie\/wp-content\/uploads\/2020\/04\/Aide-memoire-Sophrologie-Baste-68-Notions.jpg","contentUrl":"https:\/\/www.verdieditions.com\/equilibre-de-vie\/wp-content\/uploads\/2020\/04\/Aide-memoire-Sophrologie-Baste-68-Notions.jpg","width":796,"height":1093,"caption":"Aide-memoire-Sophrologie-Baste-68-Notions"},{"@type":"BreadcrumbList","@id":"https:\/\/www.verdieditions.com\/equilibre-de-vie\/produit\/aide-memoire-sophrologie-en-68-notions-nathalie-baste\/#breadcrumb","itemListElement":[{"@type":"ListItem","position":1,"name":"Accueil","item":"https:\/\/www.verdieditions.com\/equilibre-de-vie\/"},{"@type":"ListItem","position":2,"name":"La boutique","item":"https:\/\/www.verdieditions.com\/equilibre-de-vie\/boutique\/"},{"@type":"ListItem","position":3,"name":"Aide m\u00e9moire sophrologie en 68 notions &#8211; Nathalie BASTE"}]},{"@type":"WebSite","@id":"https:\/\/www.verdieditions.com\/equilibre-de-vie\/#website","url":"https:\/\/www.verdieditions.com\/equilibre-de-vie\/","name":"Equilibre de Vie","description":"Ma boutique livres sant\u00e9, \u00e9sot\u00e9risme et d\u00e9veloppement personnel","publisher":{"@id":"https:\/\/www.verdieditions.com\/equilibre-de-vie\/#\/schema\/person\/9dcb2a6759f2f5fbf43ac0b44649cecb"},"potentialAction":[{"@type":"SearchAction","target":{"@type":"EntryPoint","urlTemplate":"https:\/\/www.verdieditions.com\/equilibre-de-vie\/?s={search_term_string}"},"query-input":{"@type":"PropertyValueSpecification","valueRequired":true,"valueName":"search_term_string"}}],"inLanguage":"fr-FR"},{"@type":["Person","Organization"],"@id":"https:\/\/www.verdieditions.com\/equilibre-de-vie\/#\/schema\/person\/9dcb2a6759f2f5fbf43ac0b44649cecb","name":"Sylvie VERDI","image":{"@type":"ImageObject","inLanguage":"fr-FR","@id":"https:\/\/www.verdieditions.com\/equilibre-de-vie\/wp-content\/uploads\/2020\/04\/livres-occasion-sante-esoterisme-developpement-personnel-2.jpg","url":"https:\/\/www.verdieditions.com\/equilibre-de-vie\/wp-content\/uploads\/2020\/04\/livres-occasion-sante-esoterisme-developpement-personnel-2.jpg","contentUrl":"https:\/\/www.verdieditions.com\/equilibre-de-vie\/wp-content\/uploads\/2020\/04\/livres-occasion-sante-esoterisme-developpement-personnel-2.jpg","width":800,"height":572,"caption":"Sylvie VERDI"},"logo":{"@id":"https:\/\/www.verdieditions.com\/equilibre-de-vie\/wp-content\/uploads\/2020\/04\/livres-occasion-sante-esoterisme-developpement-personnel-2.jpg"},"sameAs":["https:\/\/www.verdieditions.com\/equilibre-de-vie"]}]}},"_links":{"self":[{"href":"https:\/\/www.verdieditions.com\/equilibre-de-vie\/wp-json\/wp\/v2\/product\/920","targetHints":{"allow":["GET"]}}],"collection":[{"href":"https:\/\/www.verdieditions.com\/equilibre-de-vie\/wp-json\/wp\/v2\/product"}],"about":[{"href":"https:\/\/www.verdieditions.com\/equilibre-de-vie\/wp-json\/wp\/v2\/types\/product"}],"wp:featuredmedia":[{"embeddable":true,"href":"https:\/\/www.verdieditions.com\/equilibre-de-vie\/wp-json\/wp\/v2\/media\/921"}],"wp:attachment":[{"href":"https:\/\/www.verdieditions.com\/equilibre-de-vie\/wp-json\/wp\/v2\/media?parent=920"}],"wp:term":[{"taxonomy":"product_brand","embeddable":true,"href":"https:\/\/www.verdieditions.com\/equilibre-de-vie\/wp-json\/wp\/v2\/product_brand?post=920"},{"taxonomy":"product_cat","embeddable":true,"href":"https:\/\/www.verdieditions.com\/equilibre-de-vie\/wp-json\/wp\/v2\/product_cat?post=920"},{"taxonomy":"product_tag","embeddable":true,"href":"https:\/\/www.verdieditions.com\/equilibre-de-vie\/wp-json\/wp\/v2\/product_tag?post=920"}],"curies":[{"name":"wp","href":"https:\/\/api.w.org\/{rel}","templated":true}]}}