{"id":857,"date":"2020-04-27T15:42:41","date_gmt":"2020-04-27T13:42:41","guid":{"rendered":"https:\/\/www.verdieditions.com\/equilibre-de-vie\/?post_type=product&#038;p=857"},"modified":"2024-02-07T16:04:41","modified_gmt":"2024-02-07T15:04:41","slug":"maison-guerit-joly","status":"publish","type":"product","link":"https:\/\/www.verdieditions.com\/equilibre-de-vie\/produit\/maison-guerit-joly\/","title":{"rendered":"La maison qui gu\u00e9rit &#8211; Paul JOLY"},"content":{"rendered":"<p>Auteur : Paul JOLY<br \/>\nTitre : La maison qui gu\u00e9rit<br \/>\n\u00c9diteur : Editions Du Rocher, Age du Verseau, 1997<br \/>\nEdition originale, \u00e9tat excellent<br \/>\nDim. 14 x 22,5<br \/>\n220 pages<\/p>\n<p>Notre environnement a une influence tr\u00e8s forte sur nos comportements. Et o\u00f9, mieux que chez nous, pouvons-nous recharger notre potentiel et pr\u00e9server l&rsquo;essentiel, \u00e0 savoir l&rsquo;intimit\u00e9 avec soi-m\u00eame et avec toute la famille ? L&rsquo;aspect ext\u00e9rieur de notre maison a beau \u00eatre simple et sans attrait particulier, l&rsquo;am\u00e9nagement int\u00e9rieur lui donne toute sa dimension. Ce qui doit pr\u00e9valoir, c&rsquo;est la recherche d&rsquo;un \u00e9quilibre entre elle et nous. Tous les travaux d&rsquo;am\u00e9nagement, de d\u00e9coration ou de transformation devraient toujours tendre vers un unique but, celui de d\u00e9velopper une harmonie nouvelle, b\u00e9n\u00e9fique pour tous. Un int\u00e9rieur bien pens\u00e9, en correspondance et en accord avec nous-m\u00eames, rec\u00e8le une tr\u00e8s grande capacit\u00e9 de joie, de bonheur, de s\u00e9r\u00e9nit\u00e9, de ressourcement et par l\u00e0 m\u00eame, de pr\u00e9vention, de soins et de gu\u00e9rison. Des tests, des illustrations et des conseils, souvent simples \u00e0 mettre en oeuvre, compl\u00e8tent cet ouvrage. Notre maison a le pouvoir de nous gu\u00e9rir, sachons la dessiner pour qu&rsquo;elle nous \u00e9claire.<\/p>\n","protected":false},"excerpt":{"rendered":"<p>Auteur : Paul JOLY<br \/>\nTitre : La maison qui gu\u00e9rit<br \/>\n\u00c9diteur : Editions Du Rocher, Age du Verseau, 1997<br \/>\nEdition originale, \u00e9tat excellent<br \/>\nDim. 14 x 22,5<br \/>\n220 pages<\/p>\n","protected":false},"featured_media":858,"template":"","meta":[],"product_brand":[],"product_cat":[21],"product_tag":[40,55,66,74,95,169],"class_list":{"0":"post-857","1":"product","2":"type-product","3":"status-publish","4":"has-post-thumbnail","6":"product_cat-sante","7":"product_tag-bien-etre","8":"product_tag-deco","9":"product_tag-feng-shui","10":"product_tag-guerison","11":"product_tag-maison","12":"product_tag-travail","14":"first","15":"instock","16":"shipping-taxable","17":"product-type-simple"},"yoast_head":"<!-- This site is optimized with the Yoast SEO plugin v27.4 - https:\/\/yoast.com\/product\/yoast-seo-wordpress\/ -->\n<title>La maison qui gu\u00e9rit - Paul JOLY - Equilibre de Vie<\/title>\n<meta name=\"description\" content=\"Auteur : Paul JOLY Titre : La maison qui gu\u00e9rit \u00c9diteur : Editions Du Rocher, Age du Verseau, 1997 Edition originale, \u00e9tat excellent Dim. 14 x 22,5 220 pages\" \/>\n<meta name=\"robots\" content=\"index, follow, max-snippet:-1, max-image-preview:large, max-video-preview:-1\" \/>\n<link rel=\"canonical\" href=\"https:\/\/www.verdieditions.com\/equilibre-de-vie\/produit\/maison-guerit-joly\/\" \/>\n<meta property=\"og:locale\" content=\"fr_FR\" \/>\n<meta property=\"og:type\" content=\"article\" \/>\n<meta property=\"og:title\" content=\"La maison qui gu\u00e9rit - Paul JOLY - Equilibre de Vie\" \/>\n<meta property=\"og:description\" content=\"Auteur : Paul JOLY Titre : La maison qui gu\u00e9rit \u00c9diteur : Editions Du Rocher, Age du Verseau, 1997 Edition originale, \u00e9tat excellent Dim. 14 x 22,5 220 pages\" \/>\n<meta property=\"og:url\" content=\"https:\/\/www.verdieditions.com\/equilibre-de-vie\/produit\/maison-guerit-joly\/\" \/>\n<meta property=\"og:site_name\" content=\"Equilibre de Vie\" \/>\n<meta property=\"article:modified_time\" content=\"2024-02-07T15:04:41+00:00\" \/>\n<meta property=\"og:image\" content=\"https:\/\/www.verdieditions.com\/equilibre-de-vie\/wp-content\/uploads\/2020\/04\/Maison-guerit-Joly.jpg\" \/>\n\t<meta property=\"og:image:width\" content=\"763\" \/>\n\t<meta property=\"og:image:height\" content=\"1191\" \/>\n\t<meta property=\"og:image:type\" content=\"image\/jpeg\" \/>\n<meta name=\"twitter:card\" content=\"summary_large_image\" \/>\n<meta name=\"twitter:label1\" content=\"Dur\u00e9e de lecture estim\u00e9e\" \/>\n\t<meta name=\"twitter:data1\" content=\"1 minute\" \/>\n<script type=\"application\/ld+json\" class=\"yoast-schema-graph\">{\"@context\":\"https:\\\/\\\/schema.org\",\"@graph\":[{\"@type\":\"WebPage\",\"@id\":\"https:\\\/\\\/www.verdieditions.com\\\/equilibre-de-vie\\\/produit\\\/maison-guerit-joly\\\/\",\"url\":\"https:\\\/\\\/www.verdieditions.com\\\/equilibre-de-vie\\\/produit\\\/maison-guerit-joly\\\/\",\"name\":\"La maison qui gu\u00e9rit - Paul JOLY - Equilibre de Vie\",\"isPartOf\":{\"@id\":\"https:\\\/\\\/www.verdieditions.com\\\/equilibre-de-vie\\\/#website\"},\"primaryImageOfPage\":{\"@id\":\"https:\\\/\\\/www.verdieditions.com\\\/equilibre-de-vie\\\/produit\\\/maison-guerit-joly\\\/#primaryimage\"},\"image\":{\"@id\":\"https:\\\/\\\/www.verdieditions.com\\\/equilibre-de-vie\\\/produit\\\/maison-guerit-joly\\\/#primaryimage\"},\"thumbnailUrl\":\"https:\\\/\\\/www.verdieditions.com\\\/equilibre-de-vie\\\/wp-content\\\/uploads\\\/2020\\\/04\\\/Maison-guerit-Joly.jpg\",\"datePublished\":\"2020-04-27T13:42:41+00:00\",\"dateModified\":\"2024-02-07T15:04:41+00:00\",\"description\":\"Auteur : Paul JOLY Titre : La maison qui gu\u00e9rit \u00c9diteur : Editions Du Rocher, Age du Verseau, 1997 Edition originale, \u00e9tat excellent Dim. 14 x 22,5 220 pages\",\"breadcrumb\":{\"@id\":\"https:\\\/\\\/www.verdieditions.com\\\/equilibre-de-vie\\\/produit\\\/maison-guerit-joly\\\/#breadcrumb\"},\"inLanguage\":\"fr-FR\",\"potentialAction\":[{\"@type\":\"ReadAction\",\"target\":[\"https:\\\/\\\/www.verdieditions.com\\\/equilibre-de-vie\\\/produit\\\/maison-guerit-joly\\\/\"]}]},{\"@type\":\"ImageObject\",\"inLanguage\":\"fr-FR\",\"@id\":\"https:\\\/\\\/www.verdieditions.com\\\/equilibre-de-vie\\\/produit\\\/maison-guerit-joly\\\/#primaryimage\",\"url\":\"https:\\\/\\\/www.verdieditions.com\\\/equilibre-de-vie\\\/wp-content\\\/uploads\\\/2020\\\/04\\\/Maison-guerit-Joly.jpg\",\"contentUrl\":\"https:\\\/\\\/www.verdieditions.com\\\/equilibre-de-vie\\\/wp-content\\\/uploads\\\/2020\\\/04\\\/Maison-guerit-Joly.jpg\",\"width\":763,\"height\":1191,\"caption\":\"Maison-guerit-Joly\"},{\"@type\":\"BreadcrumbList\",\"@id\":\"https:\\\/\\\/www.verdieditions.com\\\/equilibre-de-vie\\\/produit\\\/maison-guerit-joly\\\/#breadcrumb\",\"itemListElement\":[{\"@type\":\"ListItem\",\"position\":1,\"name\":\"Accueil\",\"item\":\"https:\\\/\\\/www.verdieditions.com\\\/equilibre-de-vie\\\/\"},{\"@type\":\"ListItem\",\"position\":2,\"name\":\"La boutique\",\"item\":\"https:\\\/\\\/www.verdieditions.com\\\/equilibre-de-vie\\\/boutique\\\/\"},{\"@type\":\"ListItem\",\"position\":3,\"name\":\"La maison qui gu\u00e9rit &#8211; Paul JOLY\"}]},{\"@type\":\"WebSite\",\"@id\":\"https:\\\/\\\/www.verdieditions.com\\\/equilibre-de-vie\\\/#website\",\"url\":\"https:\\\/\\\/www.verdieditions.com\\\/equilibre-de-vie\\\/\",\"name\":\"Equilibre de Vie\",\"description\":\"Ma boutique livres sant\u00e9, \u00e9sot\u00e9risme et d\u00e9veloppement personnel\",\"publisher\":{\"@id\":\"https:\\\/\\\/www.verdieditions.com\\\/equilibre-de-vie\\\/#\\\/schema\\\/person\\\/9dcb2a6759f2f5fbf43ac0b44649cecb\"},\"potentialAction\":[{\"@type\":\"SearchAction\",\"target\":{\"@type\":\"EntryPoint\",\"urlTemplate\":\"https:\\\/\\\/www.verdieditions.com\\\/equilibre-de-vie\\\/?s={search_term_string}\"},\"query-input\":{\"@type\":\"PropertyValueSpecification\",\"valueRequired\":true,\"valueName\":\"search_term_string\"}}],\"inLanguage\":\"fr-FR\"},{\"@type\":[\"Person\",\"Organization\"],\"@id\":\"https:\\\/\\\/www.verdieditions.com\\\/equilibre-de-vie\\\/#\\\/schema\\\/person\\\/9dcb2a6759f2f5fbf43ac0b44649cecb\",\"name\":\"Sylvie VERDI\",\"image\":{\"@type\":\"ImageObject\",\"inLanguage\":\"fr-FR\",\"@id\":\"https:\\\/\\\/www.verdieditions.com\\\/equilibre-de-vie\\\/wp-content\\\/uploads\\\/2020\\\/04\\\/livres-occasion-sante-esoterisme-developpement-personnel-2.jpg\",\"url\":\"https:\\\/\\\/www.verdieditions.com\\\/equilibre-de-vie\\\/wp-content\\\/uploads\\\/2020\\\/04\\\/livres-occasion-sante-esoterisme-developpement-personnel-2.jpg\",\"contentUrl\":\"https:\\\/\\\/www.verdieditions.com\\\/equilibre-de-vie\\\/wp-content\\\/uploads\\\/2020\\\/04\\\/livres-occasion-sante-esoterisme-developpement-personnel-2.jpg\",\"width\":800,\"height\":572,\"caption\":\"Sylvie VERDI\"},\"logo\":{\"@id\":\"https:\\\/\\\/www.verdieditions.com\\\/equilibre-de-vie\\\/wp-content\\\/uploads\\\/2020\\\/04\\\/livres-occasion-sante-esoterisme-developpement-personnel-2.jpg\"},\"sameAs\":[\"https:\\\/\\\/www.verdieditions.com\\\/equilibre-de-vie\"]}]}<\/script>\n<!-- \/ Yoast SEO plugin. -->","yoast_head_json":{"title":"La maison qui gu\u00e9rit - Paul JOLY - Equilibre de Vie","description":"Auteur : Paul JOLY Titre : La maison qui gu\u00e9rit \u00c9diteur : Editions Du Rocher, Age du Verseau, 1997 Edition originale, \u00e9tat excellent Dim. 14 x 22,5 220 pages","robots":{"index":"index","follow":"follow","max-snippet":"max-snippet:-1","max-image-preview":"max-image-preview:large","max-video-preview":"max-video-preview:-1"},"canonical":"https:\/\/www.verdieditions.com\/equilibre-de-vie\/produit\/maison-guerit-joly\/","og_locale":"fr_FR","og_type":"article","og_title":"La maison qui gu\u00e9rit - Paul JOLY - Equilibre de Vie","og_description":"Auteur : Paul JOLY Titre : La maison qui gu\u00e9rit \u00c9diteur : Editions Du Rocher, Age du Verseau, 1997 Edition originale, \u00e9tat excellent Dim. 14 x 22,5 220 pages","og_url":"https:\/\/www.verdieditions.com\/equilibre-de-vie\/produit\/maison-guerit-joly\/","og_site_name":"Equilibre de Vie","article_modified_time":"2024-02-07T15:04:41+00:00","og_image":[{"width":763,"height":1191,"url":"https:\/\/www.verdieditions.com\/equilibre-de-vie\/wp-content\/uploads\/2020\/04\/Maison-guerit-Joly.jpg","type":"image\/jpeg"}],"twitter_card":"summary_large_image","twitter_misc":{"Dur\u00e9e de lecture estim\u00e9e":"1 minute"},"schema":{"@context":"https:\/\/schema.org","@graph":[{"@type":"WebPage","@id":"https:\/\/www.verdieditions.com\/equilibre-de-vie\/produit\/maison-guerit-joly\/","url":"https:\/\/www.verdieditions.com\/equilibre-de-vie\/produit\/maison-guerit-joly\/","name":"La maison qui gu\u00e9rit - Paul JOLY - Equilibre de Vie","isPartOf":{"@id":"https:\/\/www.verdieditions.com\/equilibre-de-vie\/#website"},"primaryImageOfPage":{"@id":"https:\/\/www.verdieditions.com\/equilibre-de-vie\/produit\/maison-guerit-joly\/#primaryimage"},"image":{"@id":"https:\/\/www.verdieditions.com\/equilibre-de-vie\/produit\/maison-guerit-joly\/#primaryimage"},"thumbnailUrl":"https:\/\/www.verdieditions.com\/equilibre-de-vie\/wp-content\/uploads\/2020\/04\/Maison-guerit-Joly.jpg","datePublished":"2020-04-27T13:42:41+00:00","dateModified":"2024-02-07T15:04:41+00:00","description":"Auteur : Paul JOLY Titre : La maison qui gu\u00e9rit \u00c9diteur : Editions Du Rocher, Age du Verseau, 1997 Edition originale, \u00e9tat excellent Dim. 14 x 22,5 220 pages","breadcrumb":{"@id":"https:\/\/www.verdieditions.com\/equilibre-de-vie\/produit\/maison-guerit-joly\/#breadcrumb"},"inLanguage":"fr-FR","potentialAction":[{"@type":"ReadAction","target":["https:\/\/www.verdieditions.com\/equilibre-de-vie\/produit\/maison-guerit-joly\/"]}]},{"@type":"ImageObject","inLanguage":"fr-FR","@id":"https:\/\/www.verdieditions.com\/equilibre-de-vie\/produit\/maison-guerit-joly\/#primaryimage","url":"https:\/\/www.verdieditions.com\/equilibre-de-vie\/wp-content\/uploads\/2020\/04\/Maison-guerit-Joly.jpg","contentUrl":"https:\/\/www.verdieditions.com\/equilibre-de-vie\/wp-content\/uploads\/2020\/04\/Maison-guerit-Joly.jpg","width":763,"height":1191,"caption":"Maison-guerit-Joly"},{"@type":"BreadcrumbList","@id":"https:\/\/www.verdieditions.com\/equilibre-de-vie\/produit\/maison-guerit-joly\/#breadcrumb","itemListElement":[{"@type":"ListItem","position":1,"name":"Accueil","item":"https:\/\/www.verdieditions.com\/equilibre-de-vie\/"},{"@type":"ListItem","position":2,"name":"La boutique","item":"https:\/\/www.verdieditions.com\/equilibre-de-vie\/boutique\/"},{"@type":"ListItem","position":3,"name":"La maison qui gu\u00e9rit &#8211; Paul JOLY"}]},{"@type":"WebSite","@id":"https:\/\/www.verdieditions.com\/equilibre-de-vie\/#website","url":"https:\/\/www.verdieditions.com\/equilibre-de-vie\/","name":"Equilibre de Vie","description":"Ma boutique livres sant\u00e9, \u00e9sot\u00e9risme et d\u00e9veloppement personnel","publisher":{"@id":"https:\/\/www.verdieditions.com\/equilibre-de-vie\/#\/schema\/person\/9dcb2a6759f2f5fbf43ac0b44649cecb"},"potentialAction":[{"@type":"SearchAction","target":{"@type":"EntryPoint","urlTemplate":"https:\/\/www.verdieditions.com\/equilibre-de-vie\/?s={search_term_string}"},"query-input":{"@type":"PropertyValueSpecification","valueRequired":true,"valueName":"search_term_string"}}],"inLanguage":"fr-FR"},{"@type":["Person","Organization"],"@id":"https:\/\/www.verdieditions.com\/equilibre-de-vie\/#\/schema\/person\/9dcb2a6759f2f5fbf43ac0b44649cecb","name":"Sylvie VERDI","image":{"@type":"ImageObject","inLanguage":"fr-FR","@id":"https:\/\/www.verdieditions.com\/equilibre-de-vie\/wp-content\/uploads\/2020\/04\/livres-occasion-sante-esoterisme-developpement-personnel-2.jpg","url":"https:\/\/www.verdieditions.com\/equilibre-de-vie\/wp-content\/uploads\/2020\/04\/livres-occasion-sante-esoterisme-developpement-personnel-2.jpg","contentUrl":"https:\/\/www.verdieditions.com\/equilibre-de-vie\/wp-content\/uploads\/2020\/04\/livres-occasion-sante-esoterisme-developpement-personnel-2.jpg","width":800,"height":572,"caption":"Sylvie VERDI"},"logo":{"@id":"https:\/\/www.verdieditions.com\/equilibre-de-vie\/wp-content\/uploads\/2020\/04\/livres-occasion-sante-esoterisme-developpement-personnel-2.jpg"},"sameAs":["https:\/\/www.verdieditions.com\/equilibre-de-vie"]}]}},"_links":{"self":[{"href":"https:\/\/www.verdieditions.com\/equilibre-de-vie\/wp-json\/wp\/v2\/product\/857","targetHints":{"allow":["GET"]}}],"collection":[{"href":"https:\/\/www.verdieditions.com\/equilibre-de-vie\/wp-json\/wp\/v2\/product"}],"about":[{"href":"https:\/\/www.verdieditions.com\/equilibre-de-vie\/wp-json\/wp\/v2\/types\/product"}],"wp:featuredmedia":[{"embeddable":true,"href":"https:\/\/www.verdieditions.com\/equilibre-de-vie\/wp-json\/wp\/v2\/media\/858"}],"wp:attachment":[{"href":"https:\/\/www.verdieditions.com\/equilibre-de-vie\/wp-json\/wp\/v2\/media?parent=857"}],"wp:term":[{"taxonomy":"product_brand","embeddable":true,"href":"https:\/\/www.verdieditions.com\/equilibre-de-vie\/wp-json\/wp\/v2\/product_brand?post=857"},{"taxonomy":"product_cat","embeddable":true,"href":"https:\/\/www.verdieditions.com\/equilibre-de-vie\/wp-json\/wp\/v2\/product_cat?post=857"},{"taxonomy":"product_tag","embeddable":true,"href":"https:\/\/www.verdieditions.com\/equilibre-de-vie\/wp-json\/wp\/v2\/product_tag?post=857"}],"curies":[{"name":"wp","href":"https:\/\/api.w.org\/{rel}","templated":true}]}}