{"id":850,"date":"2020-04-27T15:21:51","date_gmt":"2020-04-27T13:21:51","guid":{"rendered":"https:\/\/www.verdieditions.com\/equilibre-de-vie\/?post_type=product&#038;p=850"},"modified":"2020-10-31T18:44:42","modified_gmt":"2020-10-31T17:44:42","slug":"soigner-guerir-couleurs-sons-weiss-chavelli","status":"publish","type":"product","link":"https:\/\/www.verdieditions.com\/equilibre-de-vie\/produit\/soigner-guerir-couleurs-sons-weiss-chavelli\/","title":{"rendered":"Se soigner et gu\u00e9rir par les couleurs et les sons &#8211; J.M. WEISS &#8211; M. CHAVELLI"},"content":{"rendered":"<p>Auteur : J.M. WEISS &#8211; M. CHAVELLI<br \/>\nTitre : Se soigner et gu\u00e9rir par les couleurs et les sons, le corps humain, un clavier aux notes color\u00e9es<br \/>\n\u00c9diteur : Editions du Rocher, 2000<br \/>\n<strong>Avec jeu de 12 filtres couleur inclus<\/strong><br \/>\nDim. 15 x 24<br \/>\n0,760 kg<br \/>\n464 pages<\/p>\n<p>Peu connue du grand public, la th\u00e9rapie par les couleurs est une m\u00e9thode \u00e0 la fois simple et efficace. De m\u00eame que l&rsquo;Homme n&rsquo;est pas limit\u00e9 \u00e0 la partie visible de son corps, l&rsquo;effet des couleurs ne s&rsquo;arr\u00eate pas \u00e0 la vision. D&rsquo;anciennes civilisations &#8211; notamment la Perse, l&rsquo;Egypte, la Chine et l&rsquo;Am\u00e9rique pr\u00e9colombienne &#8211; ont utilis\u00e9 les vibrations color\u00e9es pour restaurer les enveloppes \u00e9nerg\u00e9tiques qui relient le corps physique au Cosmos. Ce texte, qui se r\u00e9f\u00e8re aux plus anciennes traditions, met l&rsquo;accent sur les apports nouveaux de la technologie contemporaine. En associant aux couleurs leurs correspondances sonores, il nous guide pas \u00e0 pas dans la d\u00e9couverte des traitements qui b\u00e9n\u00e9ficient de cette synergie. Par des projections color\u00e9es ou la dynamisation par transfert optique des couleurs et des sons, il est possible d&rsquo;agir sur nos enveloppes vibratoires sensibles ou nos r\u00e9gulateurs \u00e9nerg\u00e9tiques que sont les chakras, en r\u00e9tablissant un \u00e9quilibre salvateur. A partir d&rsquo;exp\u00e9riences de sensibilisation &#8211; gr\u00e2ce \u00e0 un jeu de filtres et de planches couleur ins\u00e9r\u00e9es dans l&rsquo;ouvrage &#8211; ainsi qu&rsquo;un expos\u00e9 th\u00e9orique complet sur le spectre color\u00e9 et sonore ainsi que ses effets psychologiques et physiologiques, le lecteur pourra s&rsquo;initier \u00e0 ces nouvelles approches \u00ab\u00a0sensibles\u00a0\u00bb de gu\u00e9rison.<\/p>\n","protected":false},"excerpt":{"rendered":"<p>Auteur : J.M. WEISS &#8211; M. CHAVELLI<br \/>\nTitre : Se soigner et gu\u00e9rir par les couleurs et les sons, le corps humain, un clavier aux notes color\u00e9es<br \/>\n\u00c9diteur : Editions du Rocher, 2000<br \/>\nAvec jeu de 12 filtres couleur inclus<br \/>\nDim. 15 x 24<br \/>\n0,760 kg<br \/>\n464 pages<\/p>\n","protected":false},"featured_media":851,"template":"","meta":[],"product_brand":[],"product_cat":[21],"product_tag":[49,53,73,74,205,98,135,151,171],"class_list":{"0":"post-850","1":"product","2":"type-product","3":"status-publish","4":"has-post-thumbnail","6":"product_cat-sante","7":"product_tag-chromotherapie","8":"product_tag-couleurs","9":"product_tag-guerir","10":"product_tag-guerison","11":"product_tag-luminotherapie","12":"product_tag-medecine-alternative","13":"product_tag-psychologie","14":"product_tag-sons","15":"product_tag-vie","17":"first","18":"outofstock","19":"featured","20":"shipping-taxable","21":"product-type-simple"},"yoast_head":"<!-- This site is optimized with the Yoast SEO plugin v27.4 - https:\/\/yoast.com\/product\/yoast-seo-wordpress\/ -->\n<title>Se soigner et gu\u00e9rir par les couleurs et les sons - J.M. WEISS - M. CHAVELLI - Equilibre de Vie<\/title>\n<meta name=\"description\" content=\"Auteur : J.M. WEISS \u2013 M. CHAVELLI Titre : Se soigner et gu\u00e9rir par les couleurs et les sons, le corps humain, un clavier aux notes color\u00e9es \u00c9diteur : Editions du Rocher, 2000 Avec jeu de 12 filtres couleur inclus Dim. 15 x 24 0,760 kg 464 pages\" \/>\n<meta name=\"robots\" content=\"index, follow, max-snippet:-1, max-image-preview:large, max-video-preview:-1\" \/>\n<link rel=\"canonical\" href=\"https:\/\/www.verdieditions.com\/equilibre-de-vie\/produit\/soigner-guerir-couleurs-sons-weiss-chavelli\/\" \/>\n<meta property=\"og:locale\" content=\"fr_FR\" \/>\n<meta property=\"og:type\" content=\"article\" \/>\n<meta property=\"og:title\" content=\"Se soigner et gu\u00e9rir par les couleurs et les sons - J.M. WEISS - M. CHAVELLI - Equilibre de Vie\" \/>\n<meta property=\"og:description\" content=\"Auteur : J.M. WEISS \u2013 M. CHAVELLI Titre : Se soigner et gu\u00e9rir par les couleurs et les sons, le corps humain, un clavier aux notes color\u00e9es \u00c9diteur : Editions du Rocher, 2000 Avec jeu de 12 filtres couleur inclus Dim. 15 x 24 0,760 kg 464 pages\" \/>\n<meta property=\"og:url\" content=\"https:\/\/www.verdieditions.com\/equilibre-de-vie\/produit\/soigner-guerir-couleurs-sons-weiss-chavelli\/\" \/>\n<meta property=\"og:site_name\" content=\"Equilibre de Vie\" \/>\n<meta property=\"article:modified_time\" content=\"2020-10-31T17:44:42+00:00\" \/>\n<meta property=\"og:image\" content=\"https:\/\/www.verdieditions.com\/equilibre-de-vie\/wp-content\/uploads\/2020\/04\/Soigner-guerir-couleurs-sons-Weiss-Chavelli.jpg\" \/>\n\t<meta property=\"og:image:width\" content=\"827\" \/>\n\t<meta property=\"og:image:height\" content=\"1240\" \/>\n\t<meta property=\"og:image:type\" content=\"image\/jpeg\" \/>\n<meta name=\"twitter:card\" content=\"summary_large_image\" \/>\n<meta name=\"twitter:label1\" content=\"Dur\u00e9e de lecture estim\u00e9e\" \/>\n\t<meta name=\"twitter:data1\" content=\"1 minute\" \/>\n<script type=\"application\/ld+json\" class=\"yoast-schema-graph\">{\"@context\":\"https:\\\/\\\/schema.org\",\"@graph\":[{\"@type\":\"WebPage\",\"@id\":\"https:\\\/\\\/www.verdieditions.com\\\/equilibre-de-vie\\\/produit\\\/soigner-guerir-couleurs-sons-weiss-chavelli\\\/\",\"url\":\"https:\\\/\\\/www.verdieditions.com\\\/equilibre-de-vie\\\/produit\\\/soigner-guerir-couleurs-sons-weiss-chavelli\\\/\",\"name\":\"Se soigner et gu\u00e9rir par les couleurs et les sons - J.M. WEISS - M. CHAVELLI - Equilibre de Vie\",\"isPartOf\":{\"@id\":\"https:\\\/\\\/www.verdieditions.com\\\/equilibre-de-vie\\\/#website\"},\"primaryImageOfPage\":{\"@id\":\"https:\\\/\\\/www.verdieditions.com\\\/equilibre-de-vie\\\/produit\\\/soigner-guerir-couleurs-sons-weiss-chavelli\\\/#primaryimage\"},\"image\":{\"@id\":\"https:\\\/\\\/www.verdieditions.com\\\/equilibre-de-vie\\\/produit\\\/soigner-guerir-couleurs-sons-weiss-chavelli\\\/#primaryimage\"},\"thumbnailUrl\":\"https:\\\/\\\/www.verdieditions.com\\\/equilibre-de-vie\\\/wp-content\\\/uploads\\\/2020\\\/04\\\/Soigner-guerir-couleurs-sons-Weiss-Chavelli.jpg\",\"datePublished\":\"2020-04-27T13:21:51+00:00\",\"dateModified\":\"2020-10-31T17:44:42+00:00\",\"description\":\"Auteur : J.M. WEISS \u2013 M. CHAVELLI Titre : Se soigner et gu\u00e9rir par les couleurs et les sons, le corps humain, un clavier aux notes color\u00e9es \u00c9diteur : Editions du Rocher, 2000 Avec jeu de 12 filtres couleur inclus Dim. 15 x 24 0,760 kg 464 pages\",\"breadcrumb\":{\"@id\":\"https:\\\/\\\/www.verdieditions.com\\\/equilibre-de-vie\\\/produit\\\/soigner-guerir-couleurs-sons-weiss-chavelli\\\/#breadcrumb\"},\"inLanguage\":\"fr-FR\",\"potentialAction\":[{\"@type\":\"ReadAction\",\"target\":[\"https:\\\/\\\/www.verdieditions.com\\\/equilibre-de-vie\\\/produit\\\/soigner-guerir-couleurs-sons-weiss-chavelli\\\/\"]}]},{\"@type\":\"ImageObject\",\"inLanguage\":\"fr-FR\",\"@id\":\"https:\\\/\\\/www.verdieditions.com\\\/equilibre-de-vie\\\/produit\\\/soigner-guerir-couleurs-sons-weiss-chavelli\\\/#primaryimage\",\"url\":\"https:\\\/\\\/www.verdieditions.com\\\/equilibre-de-vie\\\/wp-content\\\/uploads\\\/2020\\\/04\\\/Soigner-guerir-couleurs-sons-Weiss-Chavelli.jpg\",\"contentUrl\":\"https:\\\/\\\/www.verdieditions.com\\\/equilibre-de-vie\\\/wp-content\\\/uploads\\\/2020\\\/04\\\/Soigner-guerir-couleurs-sons-Weiss-Chavelli.jpg\",\"width\":827,\"height\":1240,\"caption\":\"Soigner-guerir-couleurs-sons-Weiss-Chavelli\"},{\"@type\":\"BreadcrumbList\",\"@id\":\"https:\\\/\\\/www.verdieditions.com\\\/equilibre-de-vie\\\/produit\\\/soigner-guerir-couleurs-sons-weiss-chavelli\\\/#breadcrumb\",\"itemListElement\":[{\"@type\":\"ListItem\",\"position\":1,\"name\":\"Accueil\",\"item\":\"https:\\\/\\\/www.verdieditions.com\\\/equilibre-de-vie\\\/\"},{\"@type\":\"ListItem\",\"position\":2,\"name\":\"La boutique\",\"item\":\"https:\\\/\\\/www.verdieditions.com\\\/equilibre-de-vie\\\/boutique\\\/\"},{\"@type\":\"ListItem\",\"position\":3,\"name\":\"Se soigner et gu\u00e9rir par les couleurs et les sons &#8211; J.M. WEISS &#8211; M. CHAVELLI\"}]},{\"@type\":\"WebSite\",\"@id\":\"https:\\\/\\\/www.verdieditions.com\\\/equilibre-de-vie\\\/#website\",\"url\":\"https:\\\/\\\/www.verdieditions.com\\\/equilibre-de-vie\\\/\",\"name\":\"Equilibre de Vie\",\"description\":\"Ma boutique livres sant\u00e9, \u00e9sot\u00e9risme et d\u00e9veloppement personnel\",\"publisher\":{\"@id\":\"https:\\\/\\\/www.verdieditions.com\\\/equilibre-de-vie\\\/#\\\/schema\\\/person\\\/9dcb2a6759f2f5fbf43ac0b44649cecb\"},\"potentialAction\":[{\"@type\":\"SearchAction\",\"target\":{\"@type\":\"EntryPoint\",\"urlTemplate\":\"https:\\\/\\\/www.verdieditions.com\\\/equilibre-de-vie\\\/?s={search_term_string}\"},\"query-input\":{\"@type\":\"PropertyValueSpecification\",\"valueRequired\":true,\"valueName\":\"search_term_string\"}}],\"inLanguage\":\"fr-FR\"},{\"@type\":[\"Person\",\"Organization\"],\"@id\":\"https:\\\/\\\/www.verdieditions.com\\\/equilibre-de-vie\\\/#\\\/schema\\\/person\\\/9dcb2a6759f2f5fbf43ac0b44649cecb\",\"name\":\"Sylvie VERDI\",\"image\":{\"@type\":\"ImageObject\",\"inLanguage\":\"fr-FR\",\"@id\":\"https:\\\/\\\/www.verdieditions.com\\\/equilibre-de-vie\\\/wp-content\\\/uploads\\\/2020\\\/04\\\/livres-occasion-sante-esoterisme-developpement-personnel-2.jpg\",\"url\":\"https:\\\/\\\/www.verdieditions.com\\\/equilibre-de-vie\\\/wp-content\\\/uploads\\\/2020\\\/04\\\/livres-occasion-sante-esoterisme-developpement-personnel-2.jpg\",\"contentUrl\":\"https:\\\/\\\/www.verdieditions.com\\\/equilibre-de-vie\\\/wp-content\\\/uploads\\\/2020\\\/04\\\/livres-occasion-sante-esoterisme-developpement-personnel-2.jpg\",\"width\":800,\"height\":572,\"caption\":\"Sylvie VERDI\"},\"logo\":{\"@id\":\"https:\\\/\\\/www.verdieditions.com\\\/equilibre-de-vie\\\/wp-content\\\/uploads\\\/2020\\\/04\\\/livres-occasion-sante-esoterisme-developpement-personnel-2.jpg\"},\"sameAs\":[\"https:\\\/\\\/www.verdieditions.com\\\/equilibre-de-vie\"]}]}<\/script>\n<!-- \/ Yoast SEO plugin. -->","yoast_head_json":{"title":"Se soigner et gu\u00e9rir par les couleurs et les sons - J.M. WEISS - M. CHAVELLI - Equilibre de Vie","description":"Auteur : J.M. WEISS \u2013 M. CHAVELLI Titre : Se soigner et gu\u00e9rir par les couleurs et les sons, le corps humain, un clavier aux notes color\u00e9es \u00c9diteur : Editions du Rocher, 2000 Avec jeu de 12 filtres couleur inclus Dim. 15 x 24 0,760 kg 464 pages","robots":{"index":"index","follow":"follow","max-snippet":"max-snippet:-1","max-image-preview":"max-image-preview:large","max-video-preview":"max-video-preview:-1"},"canonical":"https:\/\/www.verdieditions.com\/equilibre-de-vie\/produit\/soigner-guerir-couleurs-sons-weiss-chavelli\/","og_locale":"fr_FR","og_type":"article","og_title":"Se soigner et gu\u00e9rir par les couleurs et les sons - J.M. WEISS - M. CHAVELLI - Equilibre de Vie","og_description":"Auteur : J.M. WEISS \u2013 M. CHAVELLI Titre : Se soigner et gu\u00e9rir par les couleurs et les sons, le corps humain, un clavier aux notes color\u00e9es \u00c9diteur : Editions du Rocher, 2000 Avec jeu de 12 filtres couleur inclus Dim. 15 x 24 0,760 kg 464 pages","og_url":"https:\/\/www.verdieditions.com\/equilibre-de-vie\/produit\/soigner-guerir-couleurs-sons-weiss-chavelli\/","og_site_name":"Equilibre de Vie","article_modified_time":"2020-10-31T17:44:42+00:00","og_image":[{"width":827,"height":1240,"url":"https:\/\/www.verdieditions.com\/equilibre-de-vie\/wp-content\/uploads\/2020\/04\/Soigner-guerir-couleurs-sons-Weiss-Chavelli.jpg","type":"image\/jpeg"}],"twitter_card":"summary_large_image","twitter_misc":{"Dur\u00e9e de lecture estim\u00e9e":"1 minute"},"schema":{"@context":"https:\/\/schema.org","@graph":[{"@type":"WebPage","@id":"https:\/\/www.verdieditions.com\/equilibre-de-vie\/produit\/soigner-guerir-couleurs-sons-weiss-chavelli\/","url":"https:\/\/www.verdieditions.com\/equilibre-de-vie\/produit\/soigner-guerir-couleurs-sons-weiss-chavelli\/","name":"Se soigner et gu\u00e9rir par les couleurs et les sons - J.M. WEISS - M. CHAVELLI - Equilibre de Vie","isPartOf":{"@id":"https:\/\/www.verdieditions.com\/equilibre-de-vie\/#website"},"primaryImageOfPage":{"@id":"https:\/\/www.verdieditions.com\/equilibre-de-vie\/produit\/soigner-guerir-couleurs-sons-weiss-chavelli\/#primaryimage"},"image":{"@id":"https:\/\/www.verdieditions.com\/equilibre-de-vie\/produit\/soigner-guerir-couleurs-sons-weiss-chavelli\/#primaryimage"},"thumbnailUrl":"https:\/\/www.verdieditions.com\/equilibre-de-vie\/wp-content\/uploads\/2020\/04\/Soigner-guerir-couleurs-sons-Weiss-Chavelli.jpg","datePublished":"2020-04-27T13:21:51+00:00","dateModified":"2020-10-31T17:44:42+00:00","description":"Auteur : J.M. WEISS \u2013 M. CHAVELLI Titre : Se soigner et gu\u00e9rir par les couleurs et les sons, le corps humain, un clavier aux notes color\u00e9es \u00c9diteur : Editions du Rocher, 2000 Avec jeu de 12 filtres couleur inclus Dim. 15 x 24 0,760 kg 464 pages","breadcrumb":{"@id":"https:\/\/www.verdieditions.com\/equilibre-de-vie\/produit\/soigner-guerir-couleurs-sons-weiss-chavelli\/#breadcrumb"},"inLanguage":"fr-FR","potentialAction":[{"@type":"ReadAction","target":["https:\/\/www.verdieditions.com\/equilibre-de-vie\/produit\/soigner-guerir-couleurs-sons-weiss-chavelli\/"]}]},{"@type":"ImageObject","inLanguage":"fr-FR","@id":"https:\/\/www.verdieditions.com\/equilibre-de-vie\/produit\/soigner-guerir-couleurs-sons-weiss-chavelli\/#primaryimage","url":"https:\/\/www.verdieditions.com\/equilibre-de-vie\/wp-content\/uploads\/2020\/04\/Soigner-guerir-couleurs-sons-Weiss-Chavelli.jpg","contentUrl":"https:\/\/www.verdieditions.com\/equilibre-de-vie\/wp-content\/uploads\/2020\/04\/Soigner-guerir-couleurs-sons-Weiss-Chavelli.jpg","width":827,"height":1240,"caption":"Soigner-guerir-couleurs-sons-Weiss-Chavelli"},{"@type":"BreadcrumbList","@id":"https:\/\/www.verdieditions.com\/equilibre-de-vie\/produit\/soigner-guerir-couleurs-sons-weiss-chavelli\/#breadcrumb","itemListElement":[{"@type":"ListItem","position":1,"name":"Accueil","item":"https:\/\/www.verdieditions.com\/equilibre-de-vie\/"},{"@type":"ListItem","position":2,"name":"La boutique","item":"https:\/\/www.verdieditions.com\/equilibre-de-vie\/boutique\/"},{"@type":"ListItem","position":3,"name":"Se soigner et gu\u00e9rir par les couleurs et les sons &#8211; J.M. WEISS &#8211; M. CHAVELLI"}]},{"@type":"WebSite","@id":"https:\/\/www.verdieditions.com\/equilibre-de-vie\/#website","url":"https:\/\/www.verdieditions.com\/equilibre-de-vie\/","name":"Equilibre de Vie","description":"Ma boutique livres sant\u00e9, \u00e9sot\u00e9risme et d\u00e9veloppement personnel","publisher":{"@id":"https:\/\/www.verdieditions.com\/equilibre-de-vie\/#\/schema\/person\/9dcb2a6759f2f5fbf43ac0b44649cecb"},"potentialAction":[{"@type":"SearchAction","target":{"@type":"EntryPoint","urlTemplate":"https:\/\/www.verdieditions.com\/equilibre-de-vie\/?s={search_term_string}"},"query-input":{"@type":"PropertyValueSpecification","valueRequired":true,"valueName":"search_term_string"}}],"inLanguage":"fr-FR"},{"@type":["Person","Organization"],"@id":"https:\/\/www.verdieditions.com\/equilibre-de-vie\/#\/schema\/person\/9dcb2a6759f2f5fbf43ac0b44649cecb","name":"Sylvie VERDI","image":{"@type":"ImageObject","inLanguage":"fr-FR","@id":"https:\/\/www.verdieditions.com\/equilibre-de-vie\/wp-content\/uploads\/2020\/04\/livres-occasion-sante-esoterisme-developpement-personnel-2.jpg","url":"https:\/\/www.verdieditions.com\/equilibre-de-vie\/wp-content\/uploads\/2020\/04\/livres-occasion-sante-esoterisme-developpement-personnel-2.jpg","contentUrl":"https:\/\/www.verdieditions.com\/equilibre-de-vie\/wp-content\/uploads\/2020\/04\/livres-occasion-sante-esoterisme-developpement-personnel-2.jpg","width":800,"height":572,"caption":"Sylvie VERDI"},"logo":{"@id":"https:\/\/www.verdieditions.com\/equilibre-de-vie\/wp-content\/uploads\/2020\/04\/livres-occasion-sante-esoterisme-developpement-personnel-2.jpg"},"sameAs":["https:\/\/www.verdieditions.com\/equilibre-de-vie"]}]}},"_links":{"self":[{"href":"https:\/\/www.verdieditions.com\/equilibre-de-vie\/wp-json\/wp\/v2\/product\/850","targetHints":{"allow":["GET"]}}],"collection":[{"href":"https:\/\/www.verdieditions.com\/equilibre-de-vie\/wp-json\/wp\/v2\/product"}],"about":[{"href":"https:\/\/www.verdieditions.com\/equilibre-de-vie\/wp-json\/wp\/v2\/types\/product"}],"wp:featuredmedia":[{"embeddable":true,"href":"https:\/\/www.verdieditions.com\/equilibre-de-vie\/wp-json\/wp\/v2\/media\/851"}],"wp:attachment":[{"href":"https:\/\/www.verdieditions.com\/equilibre-de-vie\/wp-json\/wp\/v2\/media?parent=850"}],"wp:term":[{"taxonomy":"product_brand","embeddable":true,"href":"https:\/\/www.verdieditions.com\/equilibre-de-vie\/wp-json\/wp\/v2\/product_brand?post=850"},{"taxonomy":"product_cat","embeddable":true,"href":"https:\/\/www.verdieditions.com\/equilibre-de-vie\/wp-json\/wp\/v2\/product_cat?post=850"},{"taxonomy":"product_tag","embeddable":true,"href":"https:\/\/www.verdieditions.com\/equilibre-de-vie\/wp-json\/wp\/v2\/product_tag?post=850"}],"curies":[{"name":"wp","href":"https:\/\/api.w.org\/{rel}","templated":true}]}}