{"id":823,"date":"2020-04-27T13:25:00","date_gmt":"2020-04-27T11:25:00","guid":{"rendered":"https:\/\/www.verdieditions.com\/equilibre-de-vie\/?post_type=product&#038;p=823"},"modified":"2024-02-06T11:15:51","modified_gmt":"2024-02-06T10:15:51","slug":"equation-nenuphar-jacquard","status":"publish","type":"product","link":"https:\/\/www.verdieditions.com\/equilibre-de-vie\/produit\/equation-nenuphar-jacquard\/","title":{"rendered":"L&rsquo;\u00e9quation du n\u00e9nuphar &#8211; Albert JACQUARD"},"content":{"rendered":"<p>Auteur :  Albert JACQUARD<br \/>\nTitre : L&rsquo;\u00e9quation du n\u00e9nuphar, les plaisirs de la science<br \/>\n\u00c9diteur : Calman-L\u00e9vy, 1998<br \/>\nEdition originale, excellent \u00e9tat<br \/>\nDim. 14 x 21<br \/>\n190 pages<\/p>\n<p>Ne dites pas : \u00ab Apprends tes le\u00e7ons, accumule du savoir, deviens savant \u00bb. Dites : \u00ab Essaie de toujours mieux comprendre ; critique tes propres raisonnements, d\u00e9veloppe ta capacit\u00e9 \u00e0 tenir des raisonnements logiques \u00bb.<br \/>\nNe dites pas : \u00ab Suis les chemins qui te sont propos\u00e9s, apprends les r\u00e9ponses fournies par les livres \u00bb. Dites : \u00ab P\u00e9n\u00e8tre dans le domaine de la science en formulant tes propres questions et en employant les voies de ta propre compr\u00e9hension \u00bb. Ne dites pas : \u00ab Tu vas \u00e0 l&rsquo;\u00e9cole pour apprendre ce qui est au programme, pr\u00e9parer des examens, entrer plus tard dans la vie active \u00bb. Dites : \u00ab A l&rsquo;\u00e9cole, tu vis la p\u00e9riode la plus active de ton existence, tu apprends \u00e0 poser des questions, tu construis ton intelligence \u00bb.<br \/>\nOui, la science peut \u00eatre un plaisir et m\u00eame un plaisir \u00e0 partager en famille ou entre amis. Elle est \u00e9galement la plus extraordinaire \u00e9cole de libert\u00e9 et de rigueur que les hommes aient invent\u00e9e. L&rsquo;Equation du n\u00e9nuphar redonne \u00e0 l&rsquo;enseignement de la science toute sa vertu : pr\u00e9parer une soci\u00e9t\u00e9 plus libre, plus juste.<\/p>\n","protected":false},"excerpt":{"rendered":"<p>Auteur :  Albert JACQUARD<br \/>\nTitre : L&rsquo;\u00e9quation du n\u00e9nuphar, les plaisirs de la science<br \/>\n\u00c9diteur : Calman-L\u00e9vy, 1998<br \/>\nEdition originale, excellent \u00e9tat<br \/>\nDim. 14 x 21<br \/>\n190 pages<\/p>\n","protected":false},"featured_media":824,"template":"","meta":[],"product_brand":[],"product_cat":[22],"product_tag":[216,147,167,171],"class_list":{"0":"post-823","1":"product","2":"type-product","3":"status-publish","4":"has-post-thumbnail","6":"product_cat-developpement-personnel","7":"product_tag-race","8":"product_tag-science","9":"product_tag-training-mental","10":"product_tag-vie","12":"first","13":"instock","14":"shipping-taxable","15":"product-type-simple"},"yoast_head":"<!-- This site is optimized with the Yoast SEO plugin v27.4 - https:\/\/yoast.com\/product\/yoast-seo-wordpress\/ -->\n<title>L&#039;\u00e9quation du n\u00e9nuphar - Albert JACQUARD - Equilibre de Vie<\/title>\n<meta name=\"description\" content=\"Auteur : Albert JACQUARD Titre : L\u2019\u00e9quation du n\u00e9nuphar, les plaisirs de la science \u00c9diteur : Calman-L\u00e9vy, 1998 Edition originale, excellent \u00e9tat Dim. 14 x 21 190 pages\" \/>\n<meta name=\"robots\" content=\"index, follow, max-snippet:-1, max-image-preview:large, max-video-preview:-1\" \/>\n<link rel=\"canonical\" href=\"https:\/\/www.verdieditions.com\/equilibre-de-vie\/produit\/equation-nenuphar-jacquard\/\" \/>\n<meta property=\"og:locale\" content=\"fr_FR\" \/>\n<meta property=\"og:type\" content=\"article\" \/>\n<meta property=\"og:title\" content=\"L&#039;\u00e9quation du n\u00e9nuphar - Albert JACQUARD - Equilibre de Vie\" \/>\n<meta property=\"og:description\" content=\"Auteur : Albert JACQUARD Titre : L\u2019\u00e9quation du n\u00e9nuphar, les plaisirs de la science \u00c9diteur : Calman-L\u00e9vy, 1998 Edition originale, excellent \u00e9tat Dim. 14 x 21 190 pages\" \/>\n<meta property=\"og:url\" content=\"https:\/\/www.verdieditions.com\/equilibre-de-vie\/produit\/equation-nenuphar-jacquard\/\" \/>\n<meta property=\"og:site_name\" content=\"Equilibre de Vie\" \/>\n<meta property=\"article:modified_time\" content=\"2024-02-06T10:15:51+00:00\" \/>\n<meta property=\"og:image\" content=\"https:\/\/www.verdieditions.com\/equilibre-de-vie\/wp-content\/uploads\/2020\/04\/equation-nenuphar-plaisirs-science-Jacquard.jpg\" \/>\n\t<meta property=\"og:image:width\" content=\"790\" \/>\n\t<meta property=\"og:image:height\" content=\"1159\" \/>\n\t<meta property=\"og:image:type\" content=\"image\/jpeg\" \/>\n<meta name=\"twitter:card\" content=\"summary_large_image\" \/>\n<meta name=\"twitter:label1\" content=\"Dur\u00e9e de lecture estim\u00e9e\" \/>\n\t<meta name=\"twitter:data1\" content=\"1 minute\" \/>\n<script type=\"application\/ld+json\" class=\"yoast-schema-graph\">{\"@context\":\"https:\\\/\\\/schema.org\",\"@graph\":[{\"@type\":\"WebPage\",\"@id\":\"https:\\\/\\\/www.verdieditions.com\\\/equilibre-de-vie\\\/produit\\\/equation-nenuphar-jacquard\\\/\",\"url\":\"https:\\\/\\\/www.verdieditions.com\\\/equilibre-de-vie\\\/produit\\\/equation-nenuphar-jacquard\\\/\",\"name\":\"L'\u00e9quation du n\u00e9nuphar - Albert JACQUARD - Equilibre de Vie\",\"isPartOf\":{\"@id\":\"https:\\\/\\\/www.verdieditions.com\\\/equilibre-de-vie\\\/#website\"},\"primaryImageOfPage\":{\"@id\":\"https:\\\/\\\/www.verdieditions.com\\\/equilibre-de-vie\\\/produit\\\/equation-nenuphar-jacquard\\\/#primaryimage\"},\"image\":{\"@id\":\"https:\\\/\\\/www.verdieditions.com\\\/equilibre-de-vie\\\/produit\\\/equation-nenuphar-jacquard\\\/#primaryimage\"},\"thumbnailUrl\":\"https:\\\/\\\/www.verdieditions.com\\\/equilibre-de-vie\\\/wp-content\\\/uploads\\\/2020\\\/04\\\/equation-nenuphar-plaisirs-science-Jacquard.jpg\",\"datePublished\":\"2020-04-27T11:25:00+00:00\",\"dateModified\":\"2024-02-06T10:15:51+00:00\",\"description\":\"Auteur : Albert JACQUARD Titre : L\u2019\u00e9quation du n\u00e9nuphar, les plaisirs de la science \u00c9diteur : Calman-L\u00e9vy, 1998 Edition originale, excellent \u00e9tat Dim. 14 x 21 190 pages\",\"breadcrumb\":{\"@id\":\"https:\\\/\\\/www.verdieditions.com\\\/equilibre-de-vie\\\/produit\\\/equation-nenuphar-jacquard\\\/#breadcrumb\"},\"inLanguage\":\"fr-FR\",\"potentialAction\":[{\"@type\":\"ReadAction\",\"target\":[\"https:\\\/\\\/www.verdieditions.com\\\/equilibre-de-vie\\\/produit\\\/equation-nenuphar-jacquard\\\/\"]}]},{\"@type\":\"ImageObject\",\"inLanguage\":\"fr-FR\",\"@id\":\"https:\\\/\\\/www.verdieditions.com\\\/equilibre-de-vie\\\/produit\\\/equation-nenuphar-jacquard\\\/#primaryimage\",\"url\":\"https:\\\/\\\/www.verdieditions.com\\\/equilibre-de-vie\\\/wp-content\\\/uploads\\\/2020\\\/04\\\/equation-nenuphar-plaisirs-science-Jacquard.jpg\",\"contentUrl\":\"https:\\\/\\\/www.verdieditions.com\\\/equilibre-de-vie\\\/wp-content\\\/uploads\\\/2020\\\/04\\\/equation-nenuphar-plaisirs-science-Jacquard.jpg\",\"width\":790,\"height\":1159,\"caption\":\"equation-nenuphar-plaisirs-science-Jacquard\"},{\"@type\":\"BreadcrumbList\",\"@id\":\"https:\\\/\\\/www.verdieditions.com\\\/equilibre-de-vie\\\/produit\\\/equation-nenuphar-jacquard\\\/#breadcrumb\",\"itemListElement\":[{\"@type\":\"ListItem\",\"position\":1,\"name\":\"Accueil\",\"item\":\"https:\\\/\\\/www.verdieditions.com\\\/equilibre-de-vie\\\/\"},{\"@type\":\"ListItem\",\"position\":2,\"name\":\"La boutique\",\"item\":\"https:\\\/\\\/www.verdieditions.com\\\/equilibre-de-vie\\\/boutique\\\/\"},{\"@type\":\"ListItem\",\"position\":3,\"name\":\"L&#8217;\u00e9quation du n\u00e9nuphar &#8211; Albert JACQUARD\"}]},{\"@type\":\"WebSite\",\"@id\":\"https:\\\/\\\/www.verdieditions.com\\\/equilibre-de-vie\\\/#website\",\"url\":\"https:\\\/\\\/www.verdieditions.com\\\/equilibre-de-vie\\\/\",\"name\":\"Equilibre de Vie\",\"description\":\"Ma boutique livres sant\u00e9, \u00e9sot\u00e9risme et d\u00e9veloppement personnel\",\"publisher\":{\"@id\":\"https:\\\/\\\/www.verdieditions.com\\\/equilibre-de-vie\\\/#\\\/schema\\\/person\\\/9dcb2a6759f2f5fbf43ac0b44649cecb\"},\"potentialAction\":[{\"@type\":\"SearchAction\",\"target\":{\"@type\":\"EntryPoint\",\"urlTemplate\":\"https:\\\/\\\/www.verdieditions.com\\\/equilibre-de-vie\\\/?s={search_term_string}\"},\"query-input\":{\"@type\":\"PropertyValueSpecification\",\"valueRequired\":true,\"valueName\":\"search_term_string\"}}],\"inLanguage\":\"fr-FR\"},{\"@type\":[\"Person\",\"Organization\"],\"@id\":\"https:\\\/\\\/www.verdieditions.com\\\/equilibre-de-vie\\\/#\\\/schema\\\/person\\\/9dcb2a6759f2f5fbf43ac0b44649cecb\",\"name\":\"Sylvie VERDI\",\"image\":{\"@type\":\"ImageObject\",\"inLanguage\":\"fr-FR\",\"@id\":\"https:\\\/\\\/www.verdieditions.com\\\/equilibre-de-vie\\\/wp-content\\\/uploads\\\/2020\\\/04\\\/livres-occasion-sante-esoterisme-developpement-personnel-2.jpg\",\"url\":\"https:\\\/\\\/www.verdieditions.com\\\/equilibre-de-vie\\\/wp-content\\\/uploads\\\/2020\\\/04\\\/livres-occasion-sante-esoterisme-developpement-personnel-2.jpg\",\"contentUrl\":\"https:\\\/\\\/www.verdieditions.com\\\/equilibre-de-vie\\\/wp-content\\\/uploads\\\/2020\\\/04\\\/livres-occasion-sante-esoterisme-developpement-personnel-2.jpg\",\"width\":800,\"height\":572,\"caption\":\"Sylvie VERDI\"},\"logo\":{\"@id\":\"https:\\\/\\\/www.verdieditions.com\\\/equilibre-de-vie\\\/wp-content\\\/uploads\\\/2020\\\/04\\\/livres-occasion-sante-esoterisme-developpement-personnel-2.jpg\"},\"sameAs\":[\"https:\\\/\\\/www.verdieditions.com\\\/equilibre-de-vie\"]}]}<\/script>\n<!-- \/ Yoast SEO plugin. -->","yoast_head_json":{"title":"L'\u00e9quation du n\u00e9nuphar - Albert JACQUARD - Equilibre de Vie","description":"Auteur : Albert JACQUARD Titre : L\u2019\u00e9quation du n\u00e9nuphar, les plaisirs de la science \u00c9diteur : Calman-L\u00e9vy, 1998 Edition originale, excellent \u00e9tat Dim. 14 x 21 190 pages","robots":{"index":"index","follow":"follow","max-snippet":"max-snippet:-1","max-image-preview":"max-image-preview:large","max-video-preview":"max-video-preview:-1"},"canonical":"https:\/\/www.verdieditions.com\/equilibre-de-vie\/produit\/equation-nenuphar-jacquard\/","og_locale":"fr_FR","og_type":"article","og_title":"L'\u00e9quation du n\u00e9nuphar - Albert JACQUARD - Equilibre de Vie","og_description":"Auteur : Albert JACQUARD Titre : L\u2019\u00e9quation du n\u00e9nuphar, les plaisirs de la science \u00c9diteur : Calman-L\u00e9vy, 1998 Edition originale, excellent \u00e9tat Dim. 14 x 21 190 pages","og_url":"https:\/\/www.verdieditions.com\/equilibre-de-vie\/produit\/equation-nenuphar-jacquard\/","og_site_name":"Equilibre de Vie","article_modified_time":"2024-02-06T10:15:51+00:00","og_image":[{"width":790,"height":1159,"url":"https:\/\/www.verdieditions.com\/equilibre-de-vie\/wp-content\/uploads\/2020\/04\/equation-nenuphar-plaisirs-science-Jacquard.jpg","type":"image\/jpeg"}],"twitter_card":"summary_large_image","twitter_misc":{"Dur\u00e9e de lecture estim\u00e9e":"1 minute"},"schema":{"@context":"https:\/\/schema.org","@graph":[{"@type":"WebPage","@id":"https:\/\/www.verdieditions.com\/equilibre-de-vie\/produit\/equation-nenuphar-jacquard\/","url":"https:\/\/www.verdieditions.com\/equilibre-de-vie\/produit\/equation-nenuphar-jacquard\/","name":"L'\u00e9quation du n\u00e9nuphar - Albert JACQUARD - Equilibre de Vie","isPartOf":{"@id":"https:\/\/www.verdieditions.com\/equilibre-de-vie\/#website"},"primaryImageOfPage":{"@id":"https:\/\/www.verdieditions.com\/equilibre-de-vie\/produit\/equation-nenuphar-jacquard\/#primaryimage"},"image":{"@id":"https:\/\/www.verdieditions.com\/equilibre-de-vie\/produit\/equation-nenuphar-jacquard\/#primaryimage"},"thumbnailUrl":"https:\/\/www.verdieditions.com\/equilibre-de-vie\/wp-content\/uploads\/2020\/04\/equation-nenuphar-plaisirs-science-Jacquard.jpg","datePublished":"2020-04-27T11:25:00+00:00","dateModified":"2024-02-06T10:15:51+00:00","description":"Auteur : Albert JACQUARD Titre : L\u2019\u00e9quation du n\u00e9nuphar, les plaisirs de la science \u00c9diteur : Calman-L\u00e9vy, 1998 Edition originale, excellent \u00e9tat Dim. 14 x 21 190 pages","breadcrumb":{"@id":"https:\/\/www.verdieditions.com\/equilibre-de-vie\/produit\/equation-nenuphar-jacquard\/#breadcrumb"},"inLanguage":"fr-FR","potentialAction":[{"@type":"ReadAction","target":["https:\/\/www.verdieditions.com\/equilibre-de-vie\/produit\/equation-nenuphar-jacquard\/"]}]},{"@type":"ImageObject","inLanguage":"fr-FR","@id":"https:\/\/www.verdieditions.com\/equilibre-de-vie\/produit\/equation-nenuphar-jacquard\/#primaryimage","url":"https:\/\/www.verdieditions.com\/equilibre-de-vie\/wp-content\/uploads\/2020\/04\/equation-nenuphar-plaisirs-science-Jacquard.jpg","contentUrl":"https:\/\/www.verdieditions.com\/equilibre-de-vie\/wp-content\/uploads\/2020\/04\/equation-nenuphar-plaisirs-science-Jacquard.jpg","width":790,"height":1159,"caption":"equation-nenuphar-plaisirs-science-Jacquard"},{"@type":"BreadcrumbList","@id":"https:\/\/www.verdieditions.com\/equilibre-de-vie\/produit\/equation-nenuphar-jacquard\/#breadcrumb","itemListElement":[{"@type":"ListItem","position":1,"name":"Accueil","item":"https:\/\/www.verdieditions.com\/equilibre-de-vie\/"},{"@type":"ListItem","position":2,"name":"La boutique","item":"https:\/\/www.verdieditions.com\/equilibre-de-vie\/boutique\/"},{"@type":"ListItem","position":3,"name":"L&#8217;\u00e9quation du n\u00e9nuphar &#8211; Albert JACQUARD"}]},{"@type":"WebSite","@id":"https:\/\/www.verdieditions.com\/equilibre-de-vie\/#website","url":"https:\/\/www.verdieditions.com\/equilibre-de-vie\/","name":"Equilibre de Vie","description":"Ma boutique livres sant\u00e9, \u00e9sot\u00e9risme et d\u00e9veloppement personnel","publisher":{"@id":"https:\/\/www.verdieditions.com\/equilibre-de-vie\/#\/schema\/person\/9dcb2a6759f2f5fbf43ac0b44649cecb"},"potentialAction":[{"@type":"SearchAction","target":{"@type":"EntryPoint","urlTemplate":"https:\/\/www.verdieditions.com\/equilibre-de-vie\/?s={search_term_string}"},"query-input":{"@type":"PropertyValueSpecification","valueRequired":true,"valueName":"search_term_string"}}],"inLanguage":"fr-FR"},{"@type":["Person","Organization"],"@id":"https:\/\/www.verdieditions.com\/equilibre-de-vie\/#\/schema\/person\/9dcb2a6759f2f5fbf43ac0b44649cecb","name":"Sylvie VERDI","image":{"@type":"ImageObject","inLanguage":"fr-FR","@id":"https:\/\/www.verdieditions.com\/equilibre-de-vie\/wp-content\/uploads\/2020\/04\/livres-occasion-sante-esoterisme-developpement-personnel-2.jpg","url":"https:\/\/www.verdieditions.com\/equilibre-de-vie\/wp-content\/uploads\/2020\/04\/livres-occasion-sante-esoterisme-developpement-personnel-2.jpg","contentUrl":"https:\/\/www.verdieditions.com\/equilibre-de-vie\/wp-content\/uploads\/2020\/04\/livres-occasion-sante-esoterisme-developpement-personnel-2.jpg","width":800,"height":572,"caption":"Sylvie VERDI"},"logo":{"@id":"https:\/\/www.verdieditions.com\/equilibre-de-vie\/wp-content\/uploads\/2020\/04\/livres-occasion-sante-esoterisme-developpement-personnel-2.jpg"},"sameAs":["https:\/\/www.verdieditions.com\/equilibre-de-vie"]}]}},"_links":{"self":[{"href":"https:\/\/www.verdieditions.com\/equilibre-de-vie\/wp-json\/wp\/v2\/product\/823","targetHints":{"allow":["GET"]}}],"collection":[{"href":"https:\/\/www.verdieditions.com\/equilibre-de-vie\/wp-json\/wp\/v2\/product"}],"about":[{"href":"https:\/\/www.verdieditions.com\/equilibre-de-vie\/wp-json\/wp\/v2\/types\/product"}],"wp:featuredmedia":[{"embeddable":true,"href":"https:\/\/www.verdieditions.com\/equilibre-de-vie\/wp-json\/wp\/v2\/media\/824"}],"wp:attachment":[{"href":"https:\/\/www.verdieditions.com\/equilibre-de-vie\/wp-json\/wp\/v2\/media?parent=823"}],"wp:term":[{"taxonomy":"product_brand","embeddable":true,"href":"https:\/\/www.verdieditions.com\/equilibre-de-vie\/wp-json\/wp\/v2\/product_brand?post=823"},{"taxonomy":"product_cat","embeddable":true,"href":"https:\/\/www.verdieditions.com\/equilibre-de-vie\/wp-json\/wp\/v2\/product_cat?post=823"},{"taxonomy":"product_tag","embeddable":true,"href":"https:\/\/www.verdieditions.com\/equilibre-de-vie\/wp-json\/wp\/v2\/product_tag?post=823"}],"curies":[{"name":"wp","href":"https:\/\/api.w.org\/{rel}","templated":true}]}}