{"id":802,"date":"2020-04-27T10:55:54","date_gmt":"2020-04-27T08:55:54","guid":{"rendered":"https:\/\/www.verdieditions.com\/equilibre-de-vie\/?post_type=product&#038;p=802"},"modified":"2022-08-19T18:47:10","modified_gmt":"2022-08-19T16:47:10","slug":"etre-homme-sans-faire-male-stoltenberg","status":"publish","type":"product","link":"https:\/\/www.verdieditions.com\/equilibre-de-vie\/produit\/etre-homme-sans-faire-male-stoltenberg\/","title":{"rendered":"Peut-on \u00eatre un homme sans faire le m\u00e2le ? &#8211; John STOLTENBERG"},"content":{"rendered":"<p>Auteur : John STOLTENBERG<br \/>\nTitre : Peut-on \u00eatre un homme sans faire le m\u00e2le ?<br \/>\n\u00c9diteur : Les \u00e9ditions de l&rsquo;Homme, 1995<br \/>\nDim. 15 x 22,5<br \/>\n0,600 Kg<br \/>\n348 pages<\/p>\n<p>Pourquoi les hommes agissent-ils souvent comme s&rsquo;ils \u00e9taient divis\u00e9s en deux &#8211; comme le docteur Jekyll et M. Hyde &#8211; et pourquoi m\u00eame les hommes bons adoptent-ils parfois des comportements blessants ? L&rsquo;auteur nous livre des r\u00e9ponses nouvelles inspirantes, et explore des sujets tels que l&rsquo;anxi\u00e9t\u00e9 masculine face aux jugements des autres hommes et les tr\u00eaves secr\u00e8tes qui permettent aux hommes de confirmer leur virilit\u00e9 mutuelle. Rempli d&rsquo;\u00e9motions famili\u00e8res et d&rsquo;intelligence ludique, ce livre pr\u00e9sente un mod\u00e8le nouveau et audacieux d&rsquo;identit\u00e9 personnelle pour tout homme qui veut vraiment actualiser son meilleur moi et vivre en homme conscient. Lan\u00e7ant un d\u00e9fi incisif, aux gourous de la \u00ab\u00a0masculinit\u00e9 profonde\u00a0\u00bb, John Stoltenberg soutient qu&rsquo;il est futile de croire \u00e0 des mythes pour entrer en contact avec la virilit\u00e9, car celle-ci est le plus grand mythe entre tous. Voici quelques-unes des questions souvent \u00e9pineuses auxquelles r\u00e9pond ce livre : \u2022 Comment puis-je avoir moins peur des autres hommes ? \u2022 Comment puis-je am\u00e9liorer mes relations avec les femmes de ma vie ? \u2022 Comment puis-je \u00eatre quelqu&rsquo;un si je ne suis pas un vrai homme ? \u2022 Comment puis-je am\u00e9liorer mes rapports avec mes amis de sexe masculin ? \u2022 Pourquoi la communication se rompt-elle parfois dans la vie amoureuse ? \u2022 Comment puis-je am\u00e9liorer mes relations sexuelles ? Tout homme qui souhaite mettre fin aux mensonges entourant la virilit\u00e9 doit absolument lire ce livre, ainsi que toute femme qui esp\u00e8re le voir op\u00e9rer un choix en ce sens.<\/p>\n","protected":false},"excerpt":{"rendered":"<p>Auteur : John STOLTENBERG<br \/>\nTitre : Peut-on \u00eatre un homme sans faire le m\u00e2le ?<br \/>\n\u00c9diteur : Les \u00e9ditions de l&rsquo;Homme, 1995<br \/>\nDim. 15 x 22,5<br \/>\n0,600 Kg<br \/>\n348 pages<\/p>\n","protected":false},"featured_media":803,"template":"","meta":[],"product_brand":[],"product_cat":[22],"product_tag":[30,213,52,119,135,139,148,167],"class_list":{"0":"post-802","1":"product","2":"type-product","3":"status-publish","4":"has-post-thumbnail","6":"product_cat-developpement-personnel","7":"product_tag-amour","8":"product_tag-communication","9":"product_tag-conscient","10":"product_tag-peur","11":"product_tag-psychologie","12":"product_tag-relations-humaines","13":"product_tag-sexualite","14":"product_tag-training-mental","16":"first","17":"outofstock","18":"shipping-taxable","19":"product-type-simple"},"yoast_head":"<!-- This site is optimized with the Yoast SEO plugin v27.4 - https:\/\/yoast.com\/product\/yoast-seo-wordpress\/ -->\n<title>Peut-on \u00eatre un homme sans faire le m\u00e2le ? - John STOLTENBERG - Equilibre de Vie<\/title>\n<meta name=\"description\" content=\"Auteur : John STOLTENBERG Titre : Peut-on \u00eatre un homme sans faire le m\u00e2le ? \u00c9diteur : Les \u00e9ditions de l\u2019Homme, 1995 Dim. 15 x 22,5 0,600 Kg 348 pages\" \/>\n<meta name=\"robots\" content=\"index, follow, max-snippet:-1, max-image-preview:large, max-video-preview:-1\" \/>\n<link rel=\"canonical\" href=\"https:\/\/www.verdieditions.com\/equilibre-de-vie\/produit\/etre-homme-sans-faire-male-stoltenberg\/\" \/>\n<meta property=\"og:locale\" content=\"fr_FR\" \/>\n<meta property=\"og:type\" content=\"article\" \/>\n<meta property=\"og:title\" content=\"Peut-on \u00eatre un homme sans faire le m\u00e2le ? - John STOLTENBERG - Equilibre de Vie\" \/>\n<meta property=\"og:description\" content=\"Auteur : John STOLTENBERG Titre : Peut-on \u00eatre un homme sans faire le m\u00e2le ? \u00c9diteur : Les \u00e9ditions de l\u2019Homme, 1995 Dim. 15 x 22,5 0,600 Kg 348 pages\" \/>\n<meta property=\"og:url\" content=\"https:\/\/www.verdieditions.com\/equilibre-de-vie\/produit\/etre-homme-sans-faire-male-stoltenberg\/\" \/>\n<meta property=\"og:site_name\" content=\"Equilibre de Vie\" \/>\n<meta property=\"article:modified_time\" content=\"2022-08-19T16:47:10+00:00\" \/>\n<meta property=\"og:image\" content=\"https:\/\/www.verdieditions.com\/equilibre-de-vie\/wp-content\/uploads\/2020\/04\/homme-sans-faire-male-stoltenberg.jpg\" \/>\n\t<meta property=\"og:image:width\" content=\"845\" \/>\n\t<meta property=\"og:image:height\" content=\"1242\" \/>\n\t<meta property=\"og:image:type\" content=\"image\/jpeg\" \/>\n<meta name=\"twitter:card\" content=\"summary_large_image\" \/>\n<meta name=\"twitter:label1\" content=\"Dur\u00e9e de lecture estim\u00e9e\" \/>\n\t<meta name=\"twitter:data1\" content=\"1 minute\" \/>\n<script type=\"application\/ld+json\" class=\"yoast-schema-graph\">{\"@context\":\"https:\\\/\\\/schema.org\",\"@graph\":[{\"@type\":\"WebPage\",\"@id\":\"https:\\\/\\\/www.verdieditions.com\\\/equilibre-de-vie\\\/produit\\\/etre-homme-sans-faire-male-stoltenberg\\\/\",\"url\":\"https:\\\/\\\/www.verdieditions.com\\\/equilibre-de-vie\\\/produit\\\/etre-homme-sans-faire-male-stoltenberg\\\/\",\"name\":\"Peut-on \u00eatre un homme sans faire le m\u00e2le ? - John STOLTENBERG - Equilibre de Vie\",\"isPartOf\":{\"@id\":\"https:\\\/\\\/www.verdieditions.com\\\/equilibre-de-vie\\\/#website\"},\"primaryImageOfPage\":{\"@id\":\"https:\\\/\\\/www.verdieditions.com\\\/equilibre-de-vie\\\/produit\\\/etre-homme-sans-faire-male-stoltenberg\\\/#primaryimage\"},\"image\":{\"@id\":\"https:\\\/\\\/www.verdieditions.com\\\/equilibre-de-vie\\\/produit\\\/etre-homme-sans-faire-male-stoltenberg\\\/#primaryimage\"},\"thumbnailUrl\":\"https:\\\/\\\/www.verdieditions.com\\\/equilibre-de-vie\\\/wp-content\\\/uploads\\\/2020\\\/04\\\/homme-sans-faire-male-stoltenberg.jpg\",\"datePublished\":\"2020-04-27T08:55:54+00:00\",\"dateModified\":\"2022-08-19T16:47:10+00:00\",\"description\":\"Auteur : John STOLTENBERG Titre : Peut-on \u00eatre un homme sans faire le m\u00e2le ? \u00c9diteur : Les \u00e9ditions de l\u2019Homme, 1995 Dim. 15 x 22,5 0,600 Kg 348 pages\",\"breadcrumb\":{\"@id\":\"https:\\\/\\\/www.verdieditions.com\\\/equilibre-de-vie\\\/produit\\\/etre-homme-sans-faire-male-stoltenberg\\\/#breadcrumb\"},\"inLanguage\":\"fr-FR\",\"potentialAction\":[{\"@type\":\"ReadAction\",\"target\":[\"https:\\\/\\\/www.verdieditions.com\\\/equilibre-de-vie\\\/produit\\\/etre-homme-sans-faire-male-stoltenberg\\\/\"]}]},{\"@type\":\"ImageObject\",\"inLanguage\":\"fr-FR\",\"@id\":\"https:\\\/\\\/www.verdieditions.com\\\/equilibre-de-vie\\\/produit\\\/etre-homme-sans-faire-male-stoltenberg\\\/#primaryimage\",\"url\":\"https:\\\/\\\/www.verdieditions.com\\\/equilibre-de-vie\\\/wp-content\\\/uploads\\\/2020\\\/04\\\/homme-sans-faire-male-stoltenberg.jpg\",\"contentUrl\":\"https:\\\/\\\/www.verdieditions.com\\\/equilibre-de-vie\\\/wp-content\\\/uploads\\\/2020\\\/04\\\/homme-sans-faire-male-stoltenberg.jpg\",\"width\":845,\"height\":1242,\"caption\":\"homme-sans-faire-male-stoltenberg\"},{\"@type\":\"BreadcrumbList\",\"@id\":\"https:\\\/\\\/www.verdieditions.com\\\/equilibre-de-vie\\\/produit\\\/etre-homme-sans-faire-male-stoltenberg\\\/#breadcrumb\",\"itemListElement\":[{\"@type\":\"ListItem\",\"position\":1,\"name\":\"Accueil\",\"item\":\"https:\\\/\\\/www.verdieditions.com\\\/equilibre-de-vie\\\/\"},{\"@type\":\"ListItem\",\"position\":2,\"name\":\"La boutique\",\"item\":\"https:\\\/\\\/www.verdieditions.com\\\/equilibre-de-vie\\\/boutique\\\/\"},{\"@type\":\"ListItem\",\"position\":3,\"name\":\"Peut-on \u00eatre un homme sans faire le m\u00e2le ? &#8211; John STOLTENBERG\"}]},{\"@type\":\"WebSite\",\"@id\":\"https:\\\/\\\/www.verdieditions.com\\\/equilibre-de-vie\\\/#website\",\"url\":\"https:\\\/\\\/www.verdieditions.com\\\/equilibre-de-vie\\\/\",\"name\":\"Equilibre de Vie\",\"description\":\"Ma boutique livres sant\u00e9, \u00e9sot\u00e9risme et d\u00e9veloppement personnel\",\"publisher\":{\"@id\":\"https:\\\/\\\/www.verdieditions.com\\\/equilibre-de-vie\\\/#\\\/schema\\\/person\\\/9dcb2a6759f2f5fbf43ac0b44649cecb\"},\"potentialAction\":[{\"@type\":\"SearchAction\",\"target\":{\"@type\":\"EntryPoint\",\"urlTemplate\":\"https:\\\/\\\/www.verdieditions.com\\\/equilibre-de-vie\\\/?s={search_term_string}\"},\"query-input\":{\"@type\":\"PropertyValueSpecification\",\"valueRequired\":true,\"valueName\":\"search_term_string\"}}],\"inLanguage\":\"fr-FR\"},{\"@type\":[\"Person\",\"Organization\"],\"@id\":\"https:\\\/\\\/www.verdieditions.com\\\/equilibre-de-vie\\\/#\\\/schema\\\/person\\\/9dcb2a6759f2f5fbf43ac0b44649cecb\",\"name\":\"Sylvie VERDI\",\"image\":{\"@type\":\"ImageObject\",\"inLanguage\":\"fr-FR\",\"@id\":\"https:\\\/\\\/www.verdieditions.com\\\/equilibre-de-vie\\\/wp-content\\\/uploads\\\/2020\\\/04\\\/livres-occasion-sante-esoterisme-developpement-personnel-2.jpg\",\"url\":\"https:\\\/\\\/www.verdieditions.com\\\/equilibre-de-vie\\\/wp-content\\\/uploads\\\/2020\\\/04\\\/livres-occasion-sante-esoterisme-developpement-personnel-2.jpg\",\"contentUrl\":\"https:\\\/\\\/www.verdieditions.com\\\/equilibre-de-vie\\\/wp-content\\\/uploads\\\/2020\\\/04\\\/livres-occasion-sante-esoterisme-developpement-personnel-2.jpg\",\"width\":800,\"height\":572,\"caption\":\"Sylvie VERDI\"},\"logo\":{\"@id\":\"https:\\\/\\\/www.verdieditions.com\\\/equilibre-de-vie\\\/wp-content\\\/uploads\\\/2020\\\/04\\\/livres-occasion-sante-esoterisme-developpement-personnel-2.jpg\"},\"sameAs\":[\"https:\\\/\\\/www.verdieditions.com\\\/equilibre-de-vie\"]}]}<\/script>\n<!-- \/ Yoast SEO plugin. -->","yoast_head_json":{"title":"Peut-on \u00eatre un homme sans faire le m\u00e2le ? - John STOLTENBERG - Equilibre de Vie","description":"Auteur : John STOLTENBERG Titre : Peut-on \u00eatre un homme sans faire le m\u00e2le ? \u00c9diteur : Les \u00e9ditions de l\u2019Homme, 1995 Dim. 15 x 22,5 0,600 Kg 348 pages","robots":{"index":"index","follow":"follow","max-snippet":"max-snippet:-1","max-image-preview":"max-image-preview:large","max-video-preview":"max-video-preview:-1"},"canonical":"https:\/\/www.verdieditions.com\/equilibre-de-vie\/produit\/etre-homme-sans-faire-male-stoltenberg\/","og_locale":"fr_FR","og_type":"article","og_title":"Peut-on \u00eatre un homme sans faire le m\u00e2le ? - John STOLTENBERG - Equilibre de Vie","og_description":"Auteur : John STOLTENBERG Titre : Peut-on \u00eatre un homme sans faire le m\u00e2le ? \u00c9diteur : Les \u00e9ditions de l\u2019Homme, 1995 Dim. 15 x 22,5 0,600 Kg 348 pages","og_url":"https:\/\/www.verdieditions.com\/equilibre-de-vie\/produit\/etre-homme-sans-faire-male-stoltenberg\/","og_site_name":"Equilibre de Vie","article_modified_time":"2022-08-19T16:47:10+00:00","og_image":[{"width":845,"height":1242,"url":"https:\/\/www.verdieditions.com\/equilibre-de-vie\/wp-content\/uploads\/2020\/04\/homme-sans-faire-male-stoltenberg.jpg","type":"image\/jpeg"}],"twitter_card":"summary_large_image","twitter_misc":{"Dur\u00e9e de lecture estim\u00e9e":"1 minute"},"schema":{"@context":"https:\/\/schema.org","@graph":[{"@type":"WebPage","@id":"https:\/\/www.verdieditions.com\/equilibre-de-vie\/produit\/etre-homme-sans-faire-male-stoltenberg\/","url":"https:\/\/www.verdieditions.com\/equilibre-de-vie\/produit\/etre-homme-sans-faire-male-stoltenberg\/","name":"Peut-on \u00eatre un homme sans faire le m\u00e2le ? - John STOLTENBERG - Equilibre de Vie","isPartOf":{"@id":"https:\/\/www.verdieditions.com\/equilibre-de-vie\/#website"},"primaryImageOfPage":{"@id":"https:\/\/www.verdieditions.com\/equilibre-de-vie\/produit\/etre-homme-sans-faire-male-stoltenberg\/#primaryimage"},"image":{"@id":"https:\/\/www.verdieditions.com\/equilibre-de-vie\/produit\/etre-homme-sans-faire-male-stoltenberg\/#primaryimage"},"thumbnailUrl":"https:\/\/www.verdieditions.com\/equilibre-de-vie\/wp-content\/uploads\/2020\/04\/homme-sans-faire-male-stoltenberg.jpg","datePublished":"2020-04-27T08:55:54+00:00","dateModified":"2022-08-19T16:47:10+00:00","description":"Auteur : John STOLTENBERG Titre : Peut-on \u00eatre un homme sans faire le m\u00e2le ? \u00c9diteur : Les \u00e9ditions de l\u2019Homme, 1995 Dim. 15 x 22,5 0,600 Kg 348 pages","breadcrumb":{"@id":"https:\/\/www.verdieditions.com\/equilibre-de-vie\/produit\/etre-homme-sans-faire-male-stoltenberg\/#breadcrumb"},"inLanguage":"fr-FR","potentialAction":[{"@type":"ReadAction","target":["https:\/\/www.verdieditions.com\/equilibre-de-vie\/produit\/etre-homme-sans-faire-male-stoltenberg\/"]}]},{"@type":"ImageObject","inLanguage":"fr-FR","@id":"https:\/\/www.verdieditions.com\/equilibre-de-vie\/produit\/etre-homme-sans-faire-male-stoltenberg\/#primaryimage","url":"https:\/\/www.verdieditions.com\/equilibre-de-vie\/wp-content\/uploads\/2020\/04\/homme-sans-faire-male-stoltenberg.jpg","contentUrl":"https:\/\/www.verdieditions.com\/equilibre-de-vie\/wp-content\/uploads\/2020\/04\/homme-sans-faire-male-stoltenberg.jpg","width":845,"height":1242,"caption":"homme-sans-faire-male-stoltenberg"},{"@type":"BreadcrumbList","@id":"https:\/\/www.verdieditions.com\/equilibre-de-vie\/produit\/etre-homme-sans-faire-male-stoltenberg\/#breadcrumb","itemListElement":[{"@type":"ListItem","position":1,"name":"Accueil","item":"https:\/\/www.verdieditions.com\/equilibre-de-vie\/"},{"@type":"ListItem","position":2,"name":"La boutique","item":"https:\/\/www.verdieditions.com\/equilibre-de-vie\/boutique\/"},{"@type":"ListItem","position":3,"name":"Peut-on \u00eatre un homme sans faire le m\u00e2le ? &#8211; John STOLTENBERG"}]},{"@type":"WebSite","@id":"https:\/\/www.verdieditions.com\/equilibre-de-vie\/#website","url":"https:\/\/www.verdieditions.com\/equilibre-de-vie\/","name":"Equilibre de Vie","description":"Ma boutique livres sant\u00e9, \u00e9sot\u00e9risme et d\u00e9veloppement personnel","publisher":{"@id":"https:\/\/www.verdieditions.com\/equilibre-de-vie\/#\/schema\/person\/9dcb2a6759f2f5fbf43ac0b44649cecb"},"potentialAction":[{"@type":"SearchAction","target":{"@type":"EntryPoint","urlTemplate":"https:\/\/www.verdieditions.com\/equilibre-de-vie\/?s={search_term_string}"},"query-input":{"@type":"PropertyValueSpecification","valueRequired":true,"valueName":"search_term_string"}}],"inLanguage":"fr-FR"},{"@type":["Person","Organization"],"@id":"https:\/\/www.verdieditions.com\/equilibre-de-vie\/#\/schema\/person\/9dcb2a6759f2f5fbf43ac0b44649cecb","name":"Sylvie VERDI","image":{"@type":"ImageObject","inLanguage":"fr-FR","@id":"https:\/\/www.verdieditions.com\/equilibre-de-vie\/wp-content\/uploads\/2020\/04\/livres-occasion-sante-esoterisme-developpement-personnel-2.jpg","url":"https:\/\/www.verdieditions.com\/equilibre-de-vie\/wp-content\/uploads\/2020\/04\/livres-occasion-sante-esoterisme-developpement-personnel-2.jpg","contentUrl":"https:\/\/www.verdieditions.com\/equilibre-de-vie\/wp-content\/uploads\/2020\/04\/livres-occasion-sante-esoterisme-developpement-personnel-2.jpg","width":800,"height":572,"caption":"Sylvie VERDI"},"logo":{"@id":"https:\/\/www.verdieditions.com\/equilibre-de-vie\/wp-content\/uploads\/2020\/04\/livres-occasion-sante-esoterisme-developpement-personnel-2.jpg"},"sameAs":["https:\/\/www.verdieditions.com\/equilibre-de-vie"]}]}},"_links":{"self":[{"href":"https:\/\/www.verdieditions.com\/equilibre-de-vie\/wp-json\/wp\/v2\/product\/802","targetHints":{"allow":["GET"]}}],"collection":[{"href":"https:\/\/www.verdieditions.com\/equilibre-de-vie\/wp-json\/wp\/v2\/product"}],"about":[{"href":"https:\/\/www.verdieditions.com\/equilibre-de-vie\/wp-json\/wp\/v2\/types\/product"}],"wp:featuredmedia":[{"embeddable":true,"href":"https:\/\/www.verdieditions.com\/equilibre-de-vie\/wp-json\/wp\/v2\/media\/803"}],"wp:attachment":[{"href":"https:\/\/www.verdieditions.com\/equilibre-de-vie\/wp-json\/wp\/v2\/media?parent=802"}],"wp:term":[{"taxonomy":"product_brand","embeddable":true,"href":"https:\/\/www.verdieditions.com\/equilibre-de-vie\/wp-json\/wp\/v2\/product_brand?post=802"},{"taxonomy":"product_cat","embeddable":true,"href":"https:\/\/www.verdieditions.com\/equilibre-de-vie\/wp-json\/wp\/v2\/product_cat?post=802"},{"taxonomy":"product_tag","embeddable":true,"href":"https:\/\/www.verdieditions.com\/equilibre-de-vie\/wp-json\/wp\/v2\/product_tag?post=802"}],"curies":[{"name":"wp","href":"https:\/\/api.w.org\/{rel}","templated":true}]}}