{"id":796,"date":"2020-04-27T10:33:56","date_gmt":"2020-04-27T08:33:56","guid":{"rendered":"https:\/\/www.verdieditions.com\/equilibre-de-vie\/?post_type=product&#038;p=796"},"modified":"2024-02-06T11:13:59","modified_gmt":"2024-02-06T10:13:59","slug":"contes-aimer-jacques-salome","status":"publish","type":"product","link":"https:\/\/www.verdieditions.com\/equilibre-de-vie\/produit\/contes-aimer-jacques-salome\/","title":{"rendered":"Contes \u00e0 aimer, contes \u00e0 s&rsquo;aimer &#8211; Jacques SALOM\u00c9"},"content":{"rendered":"<p>Auteur : Jacques SALOM\u00c9<br \/>\nTitre : Contes \u00e0 aimer, contes \u00e0 s&rsquo;aimer<br \/>\n\u00c9diteur : Albin Michel, 2001<br \/>\nCouverture rigide<br \/>\nDim. 15 x 23<br \/>\n0,765 kg<br \/>\n382 pages<\/p>\n<p><em>\u00ab\u00a0Les contes, nous le savons maintenant, nous aident \u00e0 gu\u00e9rir. Ils permettent de nommer l&rsquo;indicible, de d\u00e9nouer les contradictions, de r\u00e9parer les blessures de notre histoire pr\u00e9sente et pass\u00e9e. Ils nous aident \u00e0 grandir, \u00e0 cro\u00eetre et \u00e0 nous harmoniser.<br \/>\nIls favorisent \u00e0 l&rsquo;int\u00e9rieur de nous la r\u00e9conciliation entre diff\u00e9rents \u00e9tats de notre condition humaine, le psychisme, le corps et l&rsquo;esprit qui parfois se r\u00e9v\u00e8lent antagonistes et contradictoires.<br \/>\nIls contiennent des mots qui nous enveloppent; nous caressent et nous serrent dans une amicale clart\u00e9 ; ils nous proposent des associations qui nous illuminent dans une limpide atmosph\u00e8re et nous d\u00e9posent, plus apais\u00e9s, aux confins de l&rsquo;imaginaire et du r\u00e9el\u00a0\u00bb.<\/em> J.S.<\/p>\n","protected":false},"excerpt":{"rendered":"<p>Auteur : Jacques SALOM\u00c9<br \/>\nTitre : Contes \u00e0 aimer, contes \u00e0 s&rsquo;aimer<br \/>\n\u00c9diteur : Albin Michel, 2001<br \/>\nCouverture rigide<br \/>\nDim. 15 x 23<br \/>\n0,765 kg<br \/>\n382 pages<\/p>\n","protected":false},"featured_media":797,"template":"","meta":[],"product_brand":[],"product_cat":[22,21],"product_tag":[30,40,73,74,135],"class_list":{"0":"post-796","1":"product","2":"type-product","3":"status-publish","4":"has-post-thumbnail","6":"product_cat-developpement-personnel","7":"product_cat-sante","8":"product_tag-amour","9":"product_tag-bien-etre","10":"product_tag-guerir","11":"product_tag-guerison","12":"product_tag-psychologie","14":"first","15":"instock","16":"shipping-taxable","17":"product-type-simple"},"yoast_head":"<!-- This site is optimized with the Yoast SEO plugin v27.4 - https:\/\/yoast.com\/product\/yoast-seo-wordpress\/ -->\n<title>Contes \u00e0 aimer, contes \u00e0 s&#039;aimer - Jacques SALOM\u00c9 - Equilibre de Vie<\/title>\n<meta name=\"description\" content=\"Auteur : Jacques SALOM\u00c9 Titre : Contes \u00e0 aimer, contes \u00e0 s\u2019aimer \u00c9diteur : Albin Michel, 2001 Couverture rigide Dim. 15 x 23 0,765 kg 382 pages\" \/>\n<meta name=\"robots\" content=\"index, follow, max-snippet:-1, max-image-preview:large, max-video-preview:-1\" \/>\n<link rel=\"canonical\" href=\"https:\/\/www.verdieditions.com\/equilibre-de-vie\/produit\/contes-aimer-jacques-salome\/\" \/>\n<meta property=\"og:locale\" content=\"fr_FR\" \/>\n<meta property=\"og:type\" content=\"article\" \/>\n<meta property=\"og:title\" content=\"Contes \u00e0 aimer, contes \u00e0 s&#039;aimer - Jacques SALOM\u00c9 - Equilibre de Vie\" \/>\n<meta property=\"og:description\" content=\"Auteur : Jacques SALOM\u00c9 Titre : Contes \u00e0 aimer, contes \u00e0 s\u2019aimer \u00c9diteur : Albin Michel, 2001 Couverture rigide Dim. 15 x 23 0,765 kg 382 pages\" \/>\n<meta property=\"og:url\" content=\"https:\/\/www.verdieditions.com\/equilibre-de-vie\/produit\/contes-aimer-jacques-salome\/\" \/>\n<meta property=\"og:site_name\" content=\"Equilibre de Vie\" \/>\n<meta property=\"article:modified_time\" content=\"2024-02-06T10:13:59+00:00\" \/>\n<meta property=\"og:image\" content=\"https:\/\/www.verdieditions.com\/equilibre-de-vie\/wp-content\/uploads\/2020\/04\/salome-contes-aimer.jpg\" \/>\n\t<meta property=\"og:image:width\" content=\"769\" \/>\n\t<meta property=\"og:image:height\" content=\"1160\" \/>\n\t<meta property=\"og:image:type\" content=\"image\/jpeg\" \/>\n<meta name=\"twitter:card\" content=\"summary_large_image\" \/>\n<meta name=\"twitter:label1\" content=\"Dur\u00e9e de lecture estim\u00e9e\" \/>\n\t<meta name=\"twitter:data1\" content=\"1 minute\" \/>\n<script type=\"application\/ld+json\" class=\"yoast-schema-graph\">{\"@context\":\"https:\\\/\\\/schema.org\",\"@graph\":[{\"@type\":\"WebPage\",\"@id\":\"https:\\\/\\\/www.verdieditions.com\\\/equilibre-de-vie\\\/produit\\\/contes-aimer-jacques-salome\\\/\",\"url\":\"https:\\\/\\\/www.verdieditions.com\\\/equilibre-de-vie\\\/produit\\\/contes-aimer-jacques-salome\\\/\",\"name\":\"Contes \u00e0 aimer, contes \u00e0 s'aimer - Jacques SALOM\u00c9 - Equilibre de Vie\",\"isPartOf\":{\"@id\":\"https:\\\/\\\/www.verdieditions.com\\\/equilibre-de-vie\\\/#website\"},\"primaryImageOfPage\":{\"@id\":\"https:\\\/\\\/www.verdieditions.com\\\/equilibre-de-vie\\\/produit\\\/contes-aimer-jacques-salome\\\/#primaryimage\"},\"image\":{\"@id\":\"https:\\\/\\\/www.verdieditions.com\\\/equilibre-de-vie\\\/produit\\\/contes-aimer-jacques-salome\\\/#primaryimage\"},\"thumbnailUrl\":\"https:\\\/\\\/www.verdieditions.com\\\/equilibre-de-vie\\\/wp-content\\\/uploads\\\/2020\\\/04\\\/salome-contes-aimer.jpg\",\"datePublished\":\"2020-04-27T08:33:56+00:00\",\"dateModified\":\"2024-02-06T10:13:59+00:00\",\"description\":\"Auteur : Jacques SALOM\u00c9 Titre : Contes \u00e0 aimer, contes \u00e0 s\u2019aimer \u00c9diteur : Albin Michel, 2001 Couverture rigide Dim. 15 x 23 0,765 kg 382 pages\",\"breadcrumb\":{\"@id\":\"https:\\\/\\\/www.verdieditions.com\\\/equilibre-de-vie\\\/produit\\\/contes-aimer-jacques-salome\\\/#breadcrumb\"},\"inLanguage\":\"fr-FR\",\"potentialAction\":[{\"@type\":\"ReadAction\",\"target\":[\"https:\\\/\\\/www.verdieditions.com\\\/equilibre-de-vie\\\/produit\\\/contes-aimer-jacques-salome\\\/\"]}]},{\"@type\":\"ImageObject\",\"inLanguage\":\"fr-FR\",\"@id\":\"https:\\\/\\\/www.verdieditions.com\\\/equilibre-de-vie\\\/produit\\\/contes-aimer-jacques-salome\\\/#primaryimage\",\"url\":\"https:\\\/\\\/www.verdieditions.com\\\/equilibre-de-vie\\\/wp-content\\\/uploads\\\/2020\\\/04\\\/salome-contes-aimer.jpg\",\"contentUrl\":\"https:\\\/\\\/www.verdieditions.com\\\/equilibre-de-vie\\\/wp-content\\\/uploads\\\/2020\\\/04\\\/salome-contes-aimer.jpg\",\"width\":769,\"height\":1160,\"caption\":\"salome-contes-aimer\"},{\"@type\":\"BreadcrumbList\",\"@id\":\"https:\\\/\\\/www.verdieditions.com\\\/equilibre-de-vie\\\/produit\\\/contes-aimer-jacques-salome\\\/#breadcrumb\",\"itemListElement\":[{\"@type\":\"ListItem\",\"position\":1,\"name\":\"Accueil\",\"item\":\"https:\\\/\\\/www.verdieditions.com\\\/equilibre-de-vie\\\/\"},{\"@type\":\"ListItem\",\"position\":2,\"name\":\"La boutique\",\"item\":\"https:\\\/\\\/www.verdieditions.com\\\/equilibre-de-vie\\\/boutique\\\/\"},{\"@type\":\"ListItem\",\"position\":3,\"name\":\"Contes \u00e0 aimer, contes \u00e0 s&#8217;aimer &#8211; Jacques SALOM\u00c9\"}]},{\"@type\":\"WebSite\",\"@id\":\"https:\\\/\\\/www.verdieditions.com\\\/equilibre-de-vie\\\/#website\",\"url\":\"https:\\\/\\\/www.verdieditions.com\\\/equilibre-de-vie\\\/\",\"name\":\"Equilibre de Vie\",\"description\":\"Ma boutique livres sant\u00e9, \u00e9sot\u00e9risme et d\u00e9veloppement personnel\",\"publisher\":{\"@id\":\"https:\\\/\\\/www.verdieditions.com\\\/equilibre-de-vie\\\/#\\\/schema\\\/person\\\/9dcb2a6759f2f5fbf43ac0b44649cecb\"},\"potentialAction\":[{\"@type\":\"SearchAction\",\"target\":{\"@type\":\"EntryPoint\",\"urlTemplate\":\"https:\\\/\\\/www.verdieditions.com\\\/equilibre-de-vie\\\/?s={search_term_string}\"},\"query-input\":{\"@type\":\"PropertyValueSpecification\",\"valueRequired\":true,\"valueName\":\"search_term_string\"}}],\"inLanguage\":\"fr-FR\"},{\"@type\":[\"Person\",\"Organization\"],\"@id\":\"https:\\\/\\\/www.verdieditions.com\\\/equilibre-de-vie\\\/#\\\/schema\\\/person\\\/9dcb2a6759f2f5fbf43ac0b44649cecb\",\"name\":\"Sylvie VERDI\",\"image\":{\"@type\":\"ImageObject\",\"inLanguage\":\"fr-FR\",\"@id\":\"https:\\\/\\\/www.verdieditions.com\\\/equilibre-de-vie\\\/wp-content\\\/uploads\\\/2020\\\/04\\\/livres-occasion-sante-esoterisme-developpement-personnel-2.jpg\",\"url\":\"https:\\\/\\\/www.verdieditions.com\\\/equilibre-de-vie\\\/wp-content\\\/uploads\\\/2020\\\/04\\\/livres-occasion-sante-esoterisme-developpement-personnel-2.jpg\",\"contentUrl\":\"https:\\\/\\\/www.verdieditions.com\\\/equilibre-de-vie\\\/wp-content\\\/uploads\\\/2020\\\/04\\\/livres-occasion-sante-esoterisme-developpement-personnel-2.jpg\",\"width\":800,\"height\":572,\"caption\":\"Sylvie VERDI\"},\"logo\":{\"@id\":\"https:\\\/\\\/www.verdieditions.com\\\/equilibre-de-vie\\\/wp-content\\\/uploads\\\/2020\\\/04\\\/livres-occasion-sante-esoterisme-developpement-personnel-2.jpg\"},\"sameAs\":[\"https:\\\/\\\/www.verdieditions.com\\\/equilibre-de-vie\"]}]}<\/script>\n<!-- \/ Yoast SEO plugin. -->","yoast_head_json":{"title":"Contes \u00e0 aimer, contes \u00e0 s'aimer - Jacques SALOM\u00c9 - Equilibre de Vie","description":"Auteur : Jacques SALOM\u00c9 Titre : Contes \u00e0 aimer, contes \u00e0 s\u2019aimer \u00c9diteur : Albin Michel, 2001 Couverture rigide Dim. 15 x 23 0,765 kg 382 pages","robots":{"index":"index","follow":"follow","max-snippet":"max-snippet:-1","max-image-preview":"max-image-preview:large","max-video-preview":"max-video-preview:-1"},"canonical":"https:\/\/www.verdieditions.com\/equilibre-de-vie\/produit\/contes-aimer-jacques-salome\/","og_locale":"fr_FR","og_type":"article","og_title":"Contes \u00e0 aimer, contes \u00e0 s'aimer - Jacques SALOM\u00c9 - Equilibre de Vie","og_description":"Auteur : Jacques SALOM\u00c9 Titre : Contes \u00e0 aimer, contes \u00e0 s\u2019aimer \u00c9diteur : Albin Michel, 2001 Couverture rigide Dim. 15 x 23 0,765 kg 382 pages","og_url":"https:\/\/www.verdieditions.com\/equilibre-de-vie\/produit\/contes-aimer-jacques-salome\/","og_site_name":"Equilibre de Vie","article_modified_time":"2024-02-06T10:13:59+00:00","og_image":[{"width":769,"height":1160,"url":"https:\/\/www.verdieditions.com\/equilibre-de-vie\/wp-content\/uploads\/2020\/04\/salome-contes-aimer.jpg","type":"image\/jpeg"}],"twitter_card":"summary_large_image","twitter_misc":{"Dur\u00e9e de lecture estim\u00e9e":"1 minute"},"schema":{"@context":"https:\/\/schema.org","@graph":[{"@type":"WebPage","@id":"https:\/\/www.verdieditions.com\/equilibre-de-vie\/produit\/contes-aimer-jacques-salome\/","url":"https:\/\/www.verdieditions.com\/equilibre-de-vie\/produit\/contes-aimer-jacques-salome\/","name":"Contes \u00e0 aimer, contes \u00e0 s'aimer - Jacques SALOM\u00c9 - Equilibre de Vie","isPartOf":{"@id":"https:\/\/www.verdieditions.com\/equilibre-de-vie\/#website"},"primaryImageOfPage":{"@id":"https:\/\/www.verdieditions.com\/equilibre-de-vie\/produit\/contes-aimer-jacques-salome\/#primaryimage"},"image":{"@id":"https:\/\/www.verdieditions.com\/equilibre-de-vie\/produit\/contes-aimer-jacques-salome\/#primaryimage"},"thumbnailUrl":"https:\/\/www.verdieditions.com\/equilibre-de-vie\/wp-content\/uploads\/2020\/04\/salome-contes-aimer.jpg","datePublished":"2020-04-27T08:33:56+00:00","dateModified":"2024-02-06T10:13:59+00:00","description":"Auteur : Jacques SALOM\u00c9 Titre : Contes \u00e0 aimer, contes \u00e0 s\u2019aimer \u00c9diteur : Albin Michel, 2001 Couverture rigide Dim. 15 x 23 0,765 kg 382 pages","breadcrumb":{"@id":"https:\/\/www.verdieditions.com\/equilibre-de-vie\/produit\/contes-aimer-jacques-salome\/#breadcrumb"},"inLanguage":"fr-FR","potentialAction":[{"@type":"ReadAction","target":["https:\/\/www.verdieditions.com\/equilibre-de-vie\/produit\/contes-aimer-jacques-salome\/"]}]},{"@type":"ImageObject","inLanguage":"fr-FR","@id":"https:\/\/www.verdieditions.com\/equilibre-de-vie\/produit\/contes-aimer-jacques-salome\/#primaryimage","url":"https:\/\/www.verdieditions.com\/equilibre-de-vie\/wp-content\/uploads\/2020\/04\/salome-contes-aimer.jpg","contentUrl":"https:\/\/www.verdieditions.com\/equilibre-de-vie\/wp-content\/uploads\/2020\/04\/salome-contes-aimer.jpg","width":769,"height":1160,"caption":"salome-contes-aimer"},{"@type":"BreadcrumbList","@id":"https:\/\/www.verdieditions.com\/equilibre-de-vie\/produit\/contes-aimer-jacques-salome\/#breadcrumb","itemListElement":[{"@type":"ListItem","position":1,"name":"Accueil","item":"https:\/\/www.verdieditions.com\/equilibre-de-vie\/"},{"@type":"ListItem","position":2,"name":"La boutique","item":"https:\/\/www.verdieditions.com\/equilibre-de-vie\/boutique\/"},{"@type":"ListItem","position":3,"name":"Contes \u00e0 aimer, contes \u00e0 s&#8217;aimer &#8211; Jacques SALOM\u00c9"}]},{"@type":"WebSite","@id":"https:\/\/www.verdieditions.com\/equilibre-de-vie\/#website","url":"https:\/\/www.verdieditions.com\/equilibre-de-vie\/","name":"Equilibre de Vie","description":"Ma boutique livres sant\u00e9, \u00e9sot\u00e9risme et d\u00e9veloppement personnel","publisher":{"@id":"https:\/\/www.verdieditions.com\/equilibre-de-vie\/#\/schema\/person\/9dcb2a6759f2f5fbf43ac0b44649cecb"},"potentialAction":[{"@type":"SearchAction","target":{"@type":"EntryPoint","urlTemplate":"https:\/\/www.verdieditions.com\/equilibre-de-vie\/?s={search_term_string}"},"query-input":{"@type":"PropertyValueSpecification","valueRequired":true,"valueName":"search_term_string"}}],"inLanguage":"fr-FR"},{"@type":["Person","Organization"],"@id":"https:\/\/www.verdieditions.com\/equilibre-de-vie\/#\/schema\/person\/9dcb2a6759f2f5fbf43ac0b44649cecb","name":"Sylvie VERDI","image":{"@type":"ImageObject","inLanguage":"fr-FR","@id":"https:\/\/www.verdieditions.com\/equilibre-de-vie\/wp-content\/uploads\/2020\/04\/livres-occasion-sante-esoterisme-developpement-personnel-2.jpg","url":"https:\/\/www.verdieditions.com\/equilibre-de-vie\/wp-content\/uploads\/2020\/04\/livres-occasion-sante-esoterisme-developpement-personnel-2.jpg","contentUrl":"https:\/\/www.verdieditions.com\/equilibre-de-vie\/wp-content\/uploads\/2020\/04\/livres-occasion-sante-esoterisme-developpement-personnel-2.jpg","width":800,"height":572,"caption":"Sylvie VERDI"},"logo":{"@id":"https:\/\/www.verdieditions.com\/equilibre-de-vie\/wp-content\/uploads\/2020\/04\/livres-occasion-sante-esoterisme-developpement-personnel-2.jpg"},"sameAs":["https:\/\/www.verdieditions.com\/equilibre-de-vie"]}]}},"_links":{"self":[{"href":"https:\/\/www.verdieditions.com\/equilibre-de-vie\/wp-json\/wp\/v2\/product\/796","targetHints":{"allow":["GET"]}}],"collection":[{"href":"https:\/\/www.verdieditions.com\/equilibre-de-vie\/wp-json\/wp\/v2\/product"}],"about":[{"href":"https:\/\/www.verdieditions.com\/equilibre-de-vie\/wp-json\/wp\/v2\/types\/product"}],"wp:featuredmedia":[{"embeddable":true,"href":"https:\/\/www.verdieditions.com\/equilibre-de-vie\/wp-json\/wp\/v2\/media\/797"}],"wp:attachment":[{"href":"https:\/\/www.verdieditions.com\/equilibre-de-vie\/wp-json\/wp\/v2\/media?parent=796"}],"wp:term":[{"taxonomy":"product_brand","embeddable":true,"href":"https:\/\/www.verdieditions.com\/equilibre-de-vie\/wp-json\/wp\/v2\/product_brand?post=796"},{"taxonomy":"product_cat","embeddable":true,"href":"https:\/\/www.verdieditions.com\/equilibre-de-vie\/wp-json\/wp\/v2\/product_cat?post=796"},{"taxonomy":"product_tag","embeddable":true,"href":"https:\/\/www.verdieditions.com\/equilibre-de-vie\/wp-json\/wp\/v2\/product_tag?post=796"}],"curies":[{"name":"wp","href":"https:\/\/api.w.org\/{rel}","templated":true}]}}