{"id":773,"date":"2020-04-27T08:37:16","date_gmt":"2020-04-27T06:37:16","guid":{"rendered":"https:\/\/www.verdieditions.com\/equilibre-de-vie\/?post_type=product&#038;p=773"},"modified":"2024-02-06T12:17:15","modified_gmt":"2024-02-06T11:17:15","slug":"art-interpretation-astrologie-antares","status":"publish","type":"product","link":"https:\/\/www.verdieditions.com\/equilibre-de-vie\/produit\/art-interpretation-astrologie-antares\/","title":{"rendered":"L&rsquo;art de l&rsquo;interpr\u00e9tation en astrologie &#8211; Georges ANTAR\u00c8S"},"content":{"rendered":"<p>Auteur : Georges ANTAR\u00c8S<br \/>\nTitre : L&rsquo;art de l&rsquo;interpr\u00e9tation en astrologie<br \/>\n\u00c9diteur : Editions Bussi\u00e8re, 1992<br \/>\nDim. 15,5 x 21,5<br \/>\n414 pages<\/p>\n<p>Dans cet ouvrage, l&rsquo;auteur, par une m\u00e9thode simple et graduelle faisant uniquement appel au raisonnement et \u00e0 la d\u00e9duction logique, vous apprendra \u00e0 combiner les diff\u00e9rents \u00e9l\u00e9ments d&rsquo;un horoscope et fera de vous un bon astrologue. Vous trouverez dans ce livre une source d&rsquo;informations aussi compl\u00e8te que possible, une \u00e9tude raisonn\u00e9e des bases traditionnelles de l&rsquo;Astrologie, ainsi que quatre exemples de th\u00e8mes r\u00e9els avec cartes du ciel \u00e0 l&rsquo;appui que l&rsquo;auteur a d\u00e9velopp\u00e9s de fa\u00e7on remarquable. L&rsquo;Art de l&rsquo;Interpr\u00e9tation en Astrologie est le compl\u00e9ment indispensable de tout manuel.<\/p>\n","protected":false},"excerpt":{"rendered":"<p>Auteur : Georges ANTAR\u00c8S<br \/>\nTitre : L&rsquo;art de l&rsquo;interpr\u00e9tation en astrologie<br \/>\n\u00c9diteur : Editions Bussi\u00e8re, 1992<br \/>\nDim. 15,5 x 21,5<br \/>\n414 pages<\/p>\n","protected":false},"featured_media":774,"template":"","meta":[],"product_brand":[],"product_cat":[23],"product_tag":[33,34,184,96,185,163],"class_list":{"0":"post-773","1":"product","2":"type-product","3":"status-publish","4":"has-post-thumbnail","6":"product_cat-esoterisme","7":"product_tag-aspects","8":"product_tag-astrologie","9":"product_tag-horoscope","10":"product_tag-maisons","11":"product_tag-planetes","12":"product_tag-theme-astral","14":"first","15":"instock","16":"shipping-taxable","17":"product-type-simple"},"yoast_head":"<!-- This site is optimized with the Yoast SEO plugin v27.4 - https:\/\/yoast.com\/product\/yoast-seo-wordpress\/ -->\n<title>L&#039;art de l&#039;interpr\u00e9tation en astrologie - Georges ANTAR\u00c8S - Equilibre de Vie<\/title>\n<meta name=\"description\" content=\"Auteur : Georges ANTAR\u00c8S Titre : L\u2019art de l\u2019interpr\u00e9tation en astrologie \u00c9diteur : Editions Bussi\u00e8re, 1992 Dim. 15,5 x 21,5 414 pages\" \/>\n<meta name=\"robots\" content=\"index, follow, max-snippet:-1, max-image-preview:large, max-video-preview:-1\" \/>\n<link rel=\"canonical\" href=\"https:\/\/www.verdieditions.com\/equilibre-de-vie\/produit\/art-interpretation-astrologie-antares\/\" \/>\n<meta property=\"og:locale\" content=\"fr_FR\" \/>\n<meta property=\"og:type\" content=\"article\" \/>\n<meta property=\"og:title\" content=\"L&#039;art de l&#039;interpr\u00e9tation en astrologie - Georges ANTAR\u00c8S - Equilibre de Vie\" \/>\n<meta property=\"og:description\" content=\"Auteur : Georges ANTAR\u00c8S Titre : L\u2019art de l\u2019interpr\u00e9tation en astrologie \u00c9diteur : Editions Bussi\u00e8re, 1992 Dim. 15,5 x 21,5 414 pages\" \/>\n<meta property=\"og:url\" content=\"https:\/\/www.verdieditions.com\/equilibre-de-vie\/produit\/art-interpretation-astrologie-antares\/\" \/>\n<meta property=\"og:site_name\" content=\"Equilibre de Vie\" \/>\n<meta property=\"article:modified_time\" content=\"2024-02-06T11:17:15+00:00\" \/>\n<meta property=\"og:image\" content=\"https:\/\/www.verdieditions.com\/equilibre-de-vie\/wp-content\/uploads\/2020\/04\/Art-Interpretation-astrologie-Antares.jpg\" \/>\n\t<meta property=\"og:image:width\" content=\"1022\" \/>\n\t<meta property=\"og:image:height\" content=\"1380\" \/>\n\t<meta property=\"og:image:type\" content=\"image\/jpeg\" \/>\n<meta name=\"twitter:card\" content=\"summary_large_image\" \/>\n<meta name=\"twitter:label1\" content=\"Dur\u00e9e de lecture estim\u00e9e\" \/>\n\t<meta name=\"twitter:data1\" content=\"1 minute\" \/>\n<script type=\"application\/ld+json\" class=\"yoast-schema-graph\">{\"@context\":\"https:\\\/\\\/schema.org\",\"@graph\":[{\"@type\":\"WebPage\",\"@id\":\"https:\\\/\\\/www.verdieditions.com\\\/equilibre-de-vie\\\/produit\\\/art-interpretation-astrologie-antares\\\/\",\"url\":\"https:\\\/\\\/www.verdieditions.com\\\/equilibre-de-vie\\\/produit\\\/art-interpretation-astrologie-antares\\\/\",\"name\":\"L'art de l'interpr\u00e9tation en astrologie - Georges ANTAR\u00c8S - Equilibre de Vie\",\"isPartOf\":{\"@id\":\"https:\\\/\\\/www.verdieditions.com\\\/equilibre-de-vie\\\/#website\"},\"primaryImageOfPage\":{\"@id\":\"https:\\\/\\\/www.verdieditions.com\\\/equilibre-de-vie\\\/produit\\\/art-interpretation-astrologie-antares\\\/#primaryimage\"},\"image\":{\"@id\":\"https:\\\/\\\/www.verdieditions.com\\\/equilibre-de-vie\\\/produit\\\/art-interpretation-astrologie-antares\\\/#primaryimage\"},\"thumbnailUrl\":\"https:\\\/\\\/www.verdieditions.com\\\/equilibre-de-vie\\\/wp-content\\\/uploads\\\/2020\\\/04\\\/Art-Interpretation-astrologie-Antares.jpg\",\"datePublished\":\"2020-04-27T06:37:16+00:00\",\"dateModified\":\"2024-02-06T11:17:15+00:00\",\"description\":\"Auteur : Georges ANTAR\u00c8S Titre : L\u2019art de l\u2019interpr\u00e9tation en astrologie \u00c9diteur : Editions Bussi\u00e8re, 1992 Dim. 15,5 x 21,5 414 pages\",\"breadcrumb\":{\"@id\":\"https:\\\/\\\/www.verdieditions.com\\\/equilibre-de-vie\\\/produit\\\/art-interpretation-astrologie-antares\\\/#breadcrumb\"},\"inLanguage\":\"fr-FR\",\"potentialAction\":[{\"@type\":\"ReadAction\",\"target\":[\"https:\\\/\\\/www.verdieditions.com\\\/equilibre-de-vie\\\/produit\\\/art-interpretation-astrologie-antares\\\/\"]}]},{\"@type\":\"ImageObject\",\"inLanguage\":\"fr-FR\",\"@id\":\"https:\\\/\\\/www.verdieditions.com\\\/equilibre-de-vie\\\/produit\\\/art-interpretation-astrologie-antares\\\/#primaryimage\",\"url\":\"https:\\\/\\\/www.verdieditions.com\\\/equilibre-de-vie\\\/wp-content\\\/uploads\\\/2020\\\/04\\\/Art-Interpretation-astrologie-Antares.jpg\",\"contentUrl\":\"https:\\\/\\\/www.verdieditions.com\\\/equilibre-de-vie\\\/wp-content\\\/uploads\\\/2020\\\/04\\\/Art-Interpretation-astrologie-Antares.jpg\",\"width\":1022,\"height\":1380,\"caption\":\"Art-Interpretation-astrologie-Antares\"},{\"@type\":\"BreadcrumbList\",\"@id\":\"https:\\\/\\\/www.verdieditions.com\\\/equilibre-de-vie\\\/produit\\\/art-interpretation-astrologie-antares\\\/#breadcrumb\",\"itemListElement\":[{\"@type\":\"ListItem\",\"position\":1,\"name\":\"Accueil\",\"item\":\"https:\\\/\\\/www.verdieditions.com\\\/equilibre-de-vie\\\/\"},{\"@type\":\"ListItem\",\"position\":2,\"name\":\"La boutique\",\"item\":\"https:\\\/\\\/www.verdieditions.com\\\/equilibre-de-vie\\\/boutique\\\/\"},{\"@type\":\"ListItem\",\"position\":3,\"name\":\"L&#8217;art de l&#8217;interpr\u00e9tation en astrologie &#8211; Georges ANTAR\u00c8S\"}]},{\"@type\":\"WebSite\",\"@id\":\"https:\\\/\\\/www.verdieditions.com\\\/equilibre-de-vie\\\/#website\",\"url\":\"https:\\\/\\\/www.verdieditions.com\\\/equilibre-de-vie\\\/\",\"name\":\"Equilibre de Vie\",\"description\":\"Ma boutique livres sant\u00e9, \u00e9sot\u00e9risme et d\u00e9veloppement personnel\",\"publisher\":{\"@id\":\"https:\\\/\\\/www.verdieditions.com\\\/equilibre-de-vie\\\/#\\\/schema\\\/person\\\/9dcb2a6759f2f5fbf43ac0b44649cecb\"},\"potentialAction\":[{\"@type\":\"SearchAction\",\"target\":{\"@type\":\"EntryPoint\",\"urlTemplate\":\"https:\\\/\\\/www.verdieditions.com\\\/equilibre-de-vie\\\/?s={search_term_string}\"},\"query-input\":{\"@type\":\"PropertyValueSpecification\",\"valueRequired\":true,\"valueName\":\"search_term_string\"}}],\"inLanguage\":\"fr-FR\"},{\"@type\":[\"Person\",\"Organization\"],\"@id\":\"https:\\\/\\\/www.verdieditions.com\\\/equilibre-de-vie\\\/#\\\/schema\\\/person\\\/9dcb2a6759f2f5fbf43ac0b44649cecb\",\"name\":\"Sylvie VERDI\",\"image\":{\"@type\":\"ImageObject\",\"inLanguage\":\"fr-FR\",\"@id\":\"https:\\\/\\\/www.verdieditions.com\\\/equilibre-de-vie\\\/wp-content\\\/uploads\\\/2020\\\/04\\\/livres-occasion-sante-esoterisme-developpement-personnel-2.jpg\",\"url\":\"https:\\\/\\\/www.verdieditions.com\\\/equilibre-de-vie\\\/wp-content\\\/uploads\\\/2020\\\/04\\\/livres-occasion-sante-esoterisme-developpement-personnel-2.jpg\",\"contentUrl\":\"https:\\\/\\\/www.verdieditions.com\\\/equilibre-de-vie\\\/wp-content\\\/uploads\\\/2020\\\/04\\\/livres-occasion-sante-esoterisme-developpement-personnel-2.jpg\",\"width\":800,\"height\":572,\"caption\":\"Sylvie VERDI\"},\"logo\":{\"@id\":\"https:\\\/\\\/www.verdieditions.com\\\/equilibre-de-vie\\\/wp-content\\\/uploads\\\/2020\\\/04\\\/livres-occasion-sante-esoterisme-developpement-personnel-2.jpg\"},\"sameAs\":[\"https:\\\/\\\/www.verdieditions.com\\\/equilibre-de-vie\"]}]}<\/script>\n<!-- \/ Yoast SEO plugin. -->","yoast_head_json":{"title":"L'art de l'interpr\u00e9tation en astrologie - Georges ANTAR\u00c8S - Equilibre de Vie","description":"Auteur : Georges ANTAR\u00c8S Titre : L\u2019art de l\u2019interpr\u00e9tation en astrologie \u00c9diteur : Editions Bussi\u00e8re, 1992 Dim. 15,5 x 21,5 414 pages","robots":{"index":"index","follow":"follow","max-snippet":"max-snippet:-1","max-image-preview":"max-image-preview:large","max-video-preview":"max-video-preview:-1"},"canonical":"https:\/\/www.verdieditions.com\/equilibre-de-vie\/produit\/art-interpretation-astrologie-antares\/","og_locale":"fr_FR","og_type":"article","og_title":"L'art de l'interpr\u00e9tation en astrologie - Georges ANTAR\u00c8S - Equilibre de Vie","og_description":"Auteur : Georges ANTAR\u00c8S Titre : L\u2019art de l\u2019interpr\u00e9tation en astrologie \u00c9diteur : Editions Bussi\u00e8re, 1992 Dim. 15,5 x 21,5 414 pages","og_url":"https:\/\/www.verdieditions.com\/equilibre-de-vie\/produit\/art-interpretation-astrologie-antares\/","og_site_name":"Equilibre de Vie","article_modified_time":"2024-02-06T11:17:15+00:00","og_image":[{"width":1022,"height":1380,"url":"https:\/\/www.verdieditions.com\/equilibre-de-vie\/wp-content\/uploads\/2020\/04\/Art-Interpretation-astrologie-Antares.jpg","type":"image\/jpeg"}],"twitter_card":"summary_large_image","twitter_misc":{"Dur\u00e9e de lecture estim\u00e9e":"1 minute"},"schema":{"@context":"https:\/\/schema.org","@graph":[{"@type":"WebPage","@id":"https:\/\/www.verdieditions.com\/equilibre-de-vie\/produit\/art-interpretation-astrologie-antares\/","url":"https:\/\/www.verdieditions.com\/equilibre-de-vie\/produit\/art-interpretation-astrologie-antares\/","name":"L'art de l'interpr\u00e9tation en astrologie - Georges ANTAR\u00c8S - Equilibre de Vie","isPartOf":{"@id":"https:\/\/www.verdieditions.com\/equilibre-de-vie\/#website"},"primaryImageOfPage":{"@id":"https:\/\/www.verdieditions.com\/equilibre-de-vie\/produit\/art-interpretation-astrologie-antares\/#primaryimage"},"image":{"@id":"https:\/\/www.verdieditions.com\/equilibre-de-vie\/produit\/art-interpretation-astrologie-antares\/#primaryimage"},"thumbnailUrl":"https:\/\/www.verdieditions.com\/equilibre-de-vie\/wp-content\/uploads\/2020\/04\/Art-Interpretation-astrologie-Antares.jpg","datePublished":"2020-04-27T06:37:16+00:00","dateModified":"2024-02-06T11:17:15+00:00","description":"Auteur : Georges ANTAR\u00c8S Titre : L\u2019art de l\u2019interpr\u00e9tation en astrologie \u00c9diteur : Editions Bussi\u00e8re, 1992 Dim. 15,5 x 21,5 414 pages","breadcrumb":{"@id":"https:\/\/www.verdieditions.com\/equilibre-de-vie\/produit\/art-interpretation-astrologie-antares\/#breadcrumb"},"inLanguage":"fr-FR","potentialAction":[{"@type":"ReadAction","target":["https:\/\/www.verdieditions.com\/equilibre-de-vie\/produit\/art-interpretation-astrologie-antares\/"]}]},{"@type":"ImageObject","inLanguage":"fr-FR","@id":"https:\/\/www.verdieditions.com\/equilibre-de-vie\/produit\/art-interpretation-astrologie-antares\/#primaryimage","url":"https:\/\/www.verdieditions.com\/equilibre-de-vie\/wp-content\/uploads\/2020\/04\/Art-Interpretation-astrologie-Antares.jpg","contentUrl":"https:\/\/www.verdieditions.com\/equilibre-de-vie\/wp-content\/uploads\/2020\/04\/Art-Interpretation-astrologie-Antares.jpg","width":1022,"height":1380,"caption":"Art-Interpretation-astrologie-Antares"},{"@type":"BreadcrumbList","@id":"https:\/\/www.verdieditions.com\/equilibre-de-vie\/produit\/art-interpretation-astrologie-antares\/#breadcrumb","itemListElement":[{"@type":"ListItem","position":1,"name":"Accueil","item":"https:\/\/www.verdieditions.com\/equilibre-de-vie\/"},{"@type":"ListItem","position":2,"name":"La boutique","item":"https:\/\/www.verdieditions.com\/equilibre-de-vie\/boutique\/"},{"@type":"ListItem","position":3,"name":"L&#8217;art de l&#8217;interpr\u00e9tation en astrologie &#8211; Georges ANTAR\u00c8S"}]},{"@type":"WebSite","@id":"https:\/\/www.verdieditions.com\/equilibre-de-vie\/#website","url":"https:\/\/www.verdieditions.com\/equilibre-de-vie\/","name":"Equilibre de Vie","description":"Ma boutique livres sant\u00e9, \u00e9sot\u00e9risme et d\u00e9veloppement personnel","publisher":{"@id":"https:\/\/www.verdieditions.com\/equilibre-de-vie\/#\/schema\/person\/9dcb2a6759f2f5fbf43ac0b44649cecb"},"potentialAction":[{"@type":"SearchAction","target":{"@type":"EntryPoint","urlTemplate":"https:\/\/www.verdieditions.com\/equilibre-de-vie\/?s={search_term_string}"},"query-input":{"@type":"PropertyValueSpecification","valueRequired":true,"valueName":"search_term_string"}}],"inLanguage":"fr-FR"},{"@type":["Person","Organization"],"@id":"https:\/\/www.verdieditions.com\/equilibre-de-vie\/#\/schema\/person\/9dcb2a6759f2f5fbf43ac0b44649cecb","name":"Sylvie VERDI","image":{"@type":"ImageObject","inLanguage":"fr-FR","@id":"https:\/\/www.verdieditions.com\/equilibre-de-vie\/wp-content\/uploads\/2020\/04\/livres-occasion-sante-esoterisme-developpement-personnel-2.jpg","url":"https:\/\/www.verdieditions.com\/equilibre-de-vie\/wp-content\/uploads\/2020\/04\/livres-occasion-sante-esoterisme-developpement-personnel-2.jpg","contentUrl":"https:\/\/www.verdieditions.com\/equilibre-de-vie\/wp-content\/uploads\/2020\/04\/livres-occasion-sante-esoterisme-developpement-personnel-2.jpg","width":800,"height":572,"caption":"Sylvie VERDI"},"logo":{"@id":"https:\/\/www.verdieditions.com\/equilibre-de-vie\/wp-content\/uploads\/2020\/04\/livres-occasion-sante-esoterisme-developpement-personnel-2.jpg"},"sameAs":["https:\/\/www.verdieditions.com\/equilibre-de-vie"]}]}},"_links":{"self":[{"href":"https:\/\/www.verdieditions.com\/equilibre-de-vie\/wp-json\/wp\/v2\/product\/773","targetHints":{"allow":["GET"]}}],"collection":[{"href":"https:\/\/www.verdieditions.com\/equilibre-de-vie\/wp-json\/wp\/v2\/product"}],"about":[{"href":"https:\/\/www.verdieditions.com\/equilibre-de-vie\/wp-json\/wp\/v2\/types\/product"}],"wp:featuredmedia":[{"embeddable":true,"href":"https:\/\/www.verdieditions.com\/equilibre-de-vie\/wp-json\/wp\/v2\/media\/774"}],"wp:attachment":[{"href":"https:\/\/www.verdieditions.com\/equilibre-de-vie\/wp-json\/wp\/v2\/media?parent=773"}],"wp:term":[{"taxonomy":"product_brand","embeddable":true,"href":"https:\/\/www.verdieditions.com\/equilibre-de-vie\/wp-json\/wp\/v2\/product_brand?post=773"},{"taxonomy":"product_cat","embeddable":true,"href":"https:\/\/www.verdieditions.com\/equilibre-de-vie\/wp-json\/wp\/v2\/product_cat?post=773"},{"taxonomy":"product_tag","embeddable":true,"href":"https:\/\/www.verdieditions.com\/equilibre-de-vie\/wp-json\/wp\/v2\/product_tag?post=773"}],"curies":[{"name":"wp","href":"https:\/\/api.w.org\/{rel}","templated":true}]}}