{"id":770,"date":"2020-04-27T08:28:41","date_gmt":"2020-04-27T06:28:41","guid":{"rendered":"https:\/\/www.verdieditions.com\/equilibre-de-vie\/?post_type=product&#038;p=770"},"modified":"2025-07-06T17:28:11","modified_gmt":"2025-07-06T15:28:11","slug":"nouveaux-dialogues-tchenrezi-morlet","status":"publish","type":"product","link":"https:\/\/www.verdieditions.com\/equilibre-de-vie\/produit\/nouveaux-dialogues-tchenrezi-morlet\/","title":{"rendered":"Nouveaux dialogues avec Tchenr\u00e9zi &#8211; Ren\u00e9 MORLET"},"content":{"rendered":"<p>Auteur : Ren\u00e9 MORLET<br \/>\nTitre : Nouveaux dialogues avec Tchenr\u00e9zi<br \/>\n\u00c9diteur : Devy, 2001<br \/>\nDim. 14 x 22<br \/>\n335 pages<\/p>\n<p>Qui est Tchenr\u00e9zi ? Pour, un spiritualiste occidental, c&rsquo;est un Etre de lumi\u00e8re, pour un Catholique, Saint Michel Archange, pour un bouddhiste tib\u00e9tain, c&rsquo;est un Yidam, une \u00ab\u00a0d\u00e9it\u00e9 support de m\u00e9ditation\u00a0\u00bb ayant de multiples manifestations d&rsquo;amour compassion : pens\u00e9es \u00e9lev\u00e9es, pr\u00e9sences vibratoires, lumineuses, dons de visions et de moyens utiles dans la pratique spirituelle, etc. C&rsquo;est enfin cette part secr\u00e8te du \u00a0\u00bb Bouddha en moi \u00a0\u00bb d\u00e9voil\u00e9e. Ces dialogues spirituels avec Tchenr\u00e9zi, impr\u00e9gn\u00e9s de bouddhisme tib\u00e9tain, ne sont pas un texte religieux de r\u00e9f\u00e9rence de quelque confession que ce soit. C&rsquo;est une s\u00e9rie de communications ou channelings survenus chez un m\u00e9ditant reli\u00e9 \u00e0 son Yidam Tchenr\u00e9zi avec lequel il entretient, au fil des ann\u00e9es, une relation personnelle, intime et famili\u00e8re. Au-del\u00e0 des visions proph\u00e9tiques qui jalonnent les Dialogues, l&rsquo;essentiel demeure l&rsquo;enseignement spirituel profond, tomb\u00e9 du Haut Astral, recoupant et transcendant les religions terrestres et r\u00e9clamant leur union ou \u00e0 d\u00e9faut, celles de leurs fid\u00e8les. Ces Dialogues mystiques agissent myst\u00e9rieusement sur l&rsquo;esprit, ranimant une m\u00e9moire karmique oubli\u00e9e. Ils emportent facilement leur lecteur dans des \u00e9tats de conscience modifi\u00e9s (ECM). Quel r\u00f4le inspirateur ont pu jouer ici, Kalou Rinpoch\u00e9 et Guendune Rinpoch\u00e9, ces Grands Bodhisattvas ?<\/p>\n","protected":false},"excerpt":{"rendered":"<p>Auteur : Ren\u00e9 MORLET<br \/>\nTitre : Nouveaux dialogues avec Tchenr\u00e9zi<br \/>\n\u00c9diteur : Devy, 2001<br \/>\nDim. 14 x 22<br \/>\n335 pages<\/p>\n","protected":false},"featured_media":771,"template":"","meta":[],"product_brand":[],"product_cat":[22],"product_tag":[41,86,102,141,203],"class_list":{"0":"post-770","1":"product","2":"type-product","3":"status-publish","4":"has-post-thumbnail","6":"product_cat-developpement-personnel","7":"product_tag-bouddhisme","8":"product_tag-karmique","9":"product_tag-meditation","10":"product_tag-religion","11":"product_tag-spiritualite","13":"first","14":"outofstock","15":"shipping-taxable","16":"product-type-simple"},"yoast_head":"<!-- This site is optimized with the Yoast SEO plugin v27.4 - https:\/\/yoast.com\/product\/yoast-seo-wordpress\/ -->\n<title>Nouveaux dialogues avec Tchenr\u00e9zi - Ren\u00e9 MORLET - Equilibre de Vie<\/title>\n<meta name=\"description\" content=\"Auteur : Ren\u00e9 MORLET Titre : Nouveaux dialogues avec Tchenr\u00e9zi \u00c9diteur : Devy, 2001 Dim. 14 x 22 335 pages\" \/>\n<meta name=\"robots\" content=\"index, follow, max-snippet:-1, max-image-preview:large, max-video-preview:-1\" \/>\n<link rel=\"canonical\" href=\"https:\/\/www.verdieditions.com\/equilibre-de-vie\/produit\/nouveaux-dialogues-tchenrezi-morlet\/\" \/>\n<meta property=\"og:locale\" content=\"fr_FR\" \/>\n<meta property=\"og:type\" content=\"article\" \/>\n<meta property=\"og:title\" content=\"Nouveaux dialogues avec Tchenr\u00e9zi - Ren\u00e9 MORLET - Equilibre de Vie\" \/>\n<meta property=\"og:description\" content=\"Auteur : Ren\u00e9 MORLET Titre : Nouveaux dialogues avec Tchenr\u00e9zi \u00c9diteur : Devy, 2001 Dim. 14 x 22 335 pages\" \/>\n<meta property=\"og:url\" content=\"https:\/\/www.verdieditions.com\/equilibre-de-vie\/produit\/nouveaux-dialogues-tchenrezi-morlet\/\" \/>\n<meta property=\"og:site_name\" content=\"Equilibre de Vie\" \/>\n<meta property=\"article:modified_time\" content=\"2025-07-06T15:28:11+00:00\" \/>\n<meta property=\"og:image\" content=\"https:\/\/www.verdieditions.com\/equilibre-de-vie\/wp-content\/uploads\/2020\/04\/Nouveaux-dialogues-tchenrezi-Morlet.jpg\" \/>\n\t<meta property=\"og:image:width\" content=\"843\" \/>\n\t<meta property=\"og:image:height\" content=\"1286\" \/>\n\t<meta property=\"og:image:type\" content=\"image\/jpeg\" \/>\n<meta name=\"twitter:card\" content=\"summary_large_image\" \/>\n<meta name=\"twitter:label1\" content=\"Dur\u00e9e de lecture estim\u00e9e\" \/>\n\t<meta name=\"twitter:data1\" content=\"1 minute\" \/>\n<script type=\"application\/ld+json\" class=\"yoast-schema-graph\">{\"@context\":\"https:\\\/\\\/schema.org\",\"@graph\":[{\"@type\":\"WebPage\",\"@id\":\"https:\\\/\\\/www.verdieditions.com\\\/equilibre-de-vie\\\/produit\\\/nouveaux-dialogues-tchenrezi-morlet\\\/\",\"url\":\"https:\\\/\\\/www.verdieditions.com\\\/equilibre-de-vie\\\/produit\\\/nouveaux-dialogues-tchenrezi-morlet\\\/\",\"name\":\"Nouveaux dialogues avec Tchenr\u00e9zi - Ren\u00e9 MORLET - Equilibre de Vie\",\"isPartOf\":{\"@id\":\"https:\\\/\\\/www.verdieditions.com\\\/equilibre-de-vie\\\/#website\"},\"primaryImageOfPage\":{\"@id\":\"https:\\\/\\\/www.verdieditions.com\\\/equilibre-de-vie\\\/produit\\\/nouveaux-dialogues-tchenrezi-morlet\\\/#primaryimage\"},\"image\":{\"@id\":\"https:\\\/\\\/www.verdieditions.com\\\/equilibre-de-vie\\\/produit\\\/nouveaux-dialogues-tchenrezi-morlet\\\/#primaryimage\"},\"thumbnailUrl\":\"https:\\\/\\\/www.verdieditions.com\\\/equilibre-de-vie\\\/wp-content\\\/uploads\\\/2020\\\/04\\\/Nouveaux-dialogues-tchenrezi-Morlet.jpg\",\"datePublished\":\"2020-04-27T06:28:41+00:00\",\"dateModified\":\"2025-07-06T15:28:11+00:00\",\"description\":\"Auteur : Ren\u00e9 MORLET Titre : Nouveaux dialogues avec Tchenr\u00e9zi \u00c9diteur : Devy, 2001 Dim. 14 x 22 335 pages\",\"breadcrumb\":{\"@id\":\"https:\\\/\\\/www.verdieditions.com\\\/equilibre-de-vie\\\/produit\\\/nouveaux-dialogues-tchenrezi-morlet\\\/#breadcrumb\"},\"inLanguage\":\"fr-FR\",\"potentialAction\":[{\"@type\":\"ReadAction\",\"target\":[\"https:\\\/\\\/www.verdieditions.com\\\/equilibre-de-vie\\\/produit\\\/nouveaux-dialogues-tchenrezi-morlet\\\/\"]}]},{\"@type\":\"ImageObject\",\"inLanguage\":\"fr-FR\",\"@id\":\"https:\\\/\\\/www.verdieditions.com\\\/equilibre-de-vie\\\/produit\\\/nouveaux-dialogues-tchenrezi-morlet\\\/#primaryimage\",\"url\":\"https:\\\/\\\/www.verdieditions.com\\\/equilibre-de-vie\\\/wp-content\\\/uploads\\\/2020\\\/04\\\/Nouveaux-dialogues-tchenrezi-Morlet.jpg\",\"contentUrl\":\"https:\\\/\\\/www.verdieditions.com\\\/equilibre-de-vie\\\/wp-content\\\/uploads\\\/2020\\\/04\\\/Nouveaux-dialogues-tchenrezi-Morlet.jpg\",\"width\":843,\"height\":1286,\"caption\":\"Nouveaux-dialogues-tchenrezi-Morlet\"},{\"@type\":\"BreadcrumbList\",\"@id\":\"https:\\\/\\\/www.verdieditions.com\\\/equilibre-de-vie\\\/produit\\\/nouveaux-dialogues-tchenrezi-morlet\\\/#breadcrumb\",\"itemListElement\":[{\"@type\":\"ListItem\",\"position\":1,\"name\":\"Accueil\",\"item\":\"https:\\\/\\\/www.verdieditions.com\\\/equilibre-de-vie\\\/\"},{\"@type\":\"ListItem\",\"position\":2,\"name\":\"La boutique\",\"item\":\"https:\\\/\\\/www.verdieditions.com\\\/equilibre-de-vie\\\/boutique\\\/\"},{\"@type\":\"ListItem\",\"position\":3,\"name\":\"Nouveaux dialogues avec Tchenr\u00e9zi &#8211; Ren\u00e9 MORLET\"}]},{\"@type\":\"WebSite\",\"@id\":\"https:\\\/\\\/www.verdieditions.com\\\/equilibre-de-vie\\\/#website\",\"url\":\"https:\\\/\\\/www.verdieditions.com\\\/equilibre-de-vie\\\/\",\"name\":\"Equilibre de Vie\",\"description\":\"Ma boutique livres sant\u00e9, \u00e9sot\u00e9risme et d\u00e9veloppement personnel\",\"publisher\":{\"@id\":\"https:\\\/\\\/www.verdieditions.com\\\/equilibre-de-vie\\\/#\\\/schema\\\/person\\\/9dcb2a6759f2f5fbf43ac0b44649cecb\"},\"potentialAction\":[{\"@type\":\"SearchAction\",\"target\":{\"@type\":\"EntryPoint\",\"urlTemplate\":\"https:\\\/\\\/www.verdieditions.com\\\/equilibre-de-vie\\\/?s={search_term_string}\"},\"query-input\":{\"@type\":\"PropertyValueSpecification\",\"valueRequired\":true,\"valueName\":\"search_term_string\"}}],\"inLanguage\":\"fr-FR\"},{\"@type\":[\"Person\",\"Organization\"],\"@id\":\"https:\\\/\\\/www.verdieditions.com\\\/equilibre-de-vie\\\/#\\\/schema\\\/person\\\/9dcb2a6759f2f5fbf43ac0b44649cecb\",\"name\":\"Sylvie VERDI\",\"image\":{\"@type\":\"ImageObject\",\"inLanguage\":\"fr-FR\",\"@id\":\"https:\\\/\\\/www.verdieditions.com\\\/equilibre-de-vie\\\/wp-content\\\/uploads\\\/2020\\\/04\\\/livres-occasion-sante-esoterisme-developpement-personnel-2.jpg\",\"url\":\"https:\\\/\\\/www.verdieditions.com\\\/equilibre-de-vie\\\/wp-content\\\/uploads\\\/2020\\\/04\\\/livres-occasion-sante-esoterisme-developpement-personnel-2.jpg\",\"contentUrl\":\"https:\\\/\\\/www.verdieditions.com\\\/equilibre-de-vie\\\/wp-content\\\/uploads\\\/2020\\\/04\\\/livres-occasion-sante-esoterisme-developpement-personnel-2.jpg\",\"width\":800,\"height\":572,\"caption\":\"Sylvie VERDI\"},\"logo\":{\"@id\":\"https:\\\/\\\/www.verdieditions.com\\\/equilibre-de-vie\\\/wp-content\\\/uploads\\\/2020\\\/04\\\/livres-occasion-sante-esoterisme-developpement-personnel-2.jpg\"},\"sameAs\":[\"https:\\\/\\\/www.verdieditions.com\\\/equilibre-de-vie\"]}]}<\/script>\n<!-- \/ Yoast SEO plugin. -->","yoast_head_json":{"title":"Nouveaux dialogues avec Tchenr\u00e9zi - Ren\u00e9 MORLET - Equilibre de Vie","description":"Auteur : Ren\u00e9 MORLET Titre : Nouveaux dialogues avec Tchenr\u00e9zi \u00c9diteur : Devy, 2001 Dim. 14 x 22 335 pages","robots":{"index":"index","follow":"follow","max-snippet":"max-snippet:-1","max-image-preview":"max-image-preview:large","max-video-preview":"max-video-preview:-1"},"canonical":"https:\/\/www.verdieditions.com\/equilibre-de-vie\/produit\/nouveaux-dialogues-tchenrezi-morlet\/","og_locale":"fr_FR","og_type":"article","og_title":"Nouveaux dialogues avec Tchenr\u00e9zi - Ren\u00e9 MORLET - Equilibre de Vie","og_description":"Auteur : Ren\u00e9 MORLET Titre : Nouveaux dialogues avec Tchenr\u00e9zi \u00c9diteur : Devy, 2001 Dim. 14 x 22 335 pages","og_url":"https:\/\/www.verdieditions.com\/equilibre-de-vie\/produit\/nouveaux-dialogues-tchenrezi-morlet\/","og_site_name":"Equilibre de Vie","article_modified_time":"2025-07-06T15:28:11+00:00","og_image":[{"width":843,"height":1286,"url":"https:\/\/www.verdieditions.com\/equilibre-de-vie\/wp-content\/uploads\/2020\/04\/Nouveaux-dialogues-tchenrezi-Morlet.jpg","type":"image\/jpeg"}],"twitter_card":"summary_large_image","twitter_misc":{"Dur\u00e9e de lecture estim\u00e9e":"1 minute"},"schema":{"@context":"https:\/\/schema.org","@graph":[{"@type":"WebPage","@id":"https:\/\/www.verdieditions.com\/equilibre-de-vie\/produit\/nouveaux-dialogues-tchenrezi-morlet\/","url":"https:\/\/www.verdieditions.com\/equilibre-de-vie\/produit\/nouveaux-dialogues-tchenrezi-morlet\/","name":"Nouveaux dialogues avec Tchenr\u00e9zi - Ren\u00e9 MORLET - Equilibre de Vie","isPartOf":{"@id":"https:\/\/www.verdieditions.com\/equilibre-de-vie\/#website"},"primaryImageOfPage":{"@id":"https:\/\/www.verdieditions.com\/equilibre-de-vie\/produit\/nouveaux-dialogues-tchenrezi-morlet\/#primaryimage"},"image":{"@id":"https:\/\/www.verdieditions.com\/equilibre-de-vie\/produit\/nouveaux-dialogues-tchenrezi-morlet\/#primaryimage"},"thumbnailUrl":"https:\/\/www.verdieditions.com\/equilibre-de-vie\/wp-content\/uploads\/2020\/04\/Nouveaux-dialogues-tchenrezi-Morlet.jpg","datePublished":"2020-04-27T06:28:41+00:00","dateModified":"2025-07-06T15:28:11+00:00","description":"Auteur : Ren\u00e9 MORLET Titre : Nouveaux dialogues avec Tchenr\u00e9zi \u00c9diteur : Devy, 2001 Dim. 14 x 22 335 pages","breadcrumb":{"@id":"https:\/\/www.verdieditions.com\/equilibre-de-vie\/produit\/nouveaux-dialogues-tchenrezi-morlet\/#breadcrumb"},"inLanguage":"fr-FR","potentialAction":[{"@type":"ReadAction","target":["https:\/\/www.verdieditions.com\/equilibre-de-vie\/produit\/nouveaux-dialogues-tchenrezi-morlet\/"]}]},{"@type":"ImageObject","inLanguage":"fr-FR","@id":"https:\/\/www.verdieditions.com\/equilibre-de-vie\/produit\/nouveaux-dialogues-tchenrezi-morlet\/#primaryimage","url":"https:\/\/www.verdieditions.com\/equilibre-de-vie\/wp-content\/uploads\/2020\/04\/Nouveaux-dialogues-tchenrezi-Morlet.jpg","contentUrl":"https:\/\/www.verdieditions.com\/equilibre-de-vie\/wp-content\/uploads\/2020\/04\/Nouveaux-dialogues-tchenrezi-Morlet.jpg","width":843,"height":1286,"caption":"Nouveaux-dialogues-tchenrezi-Morlet"},{"@type":"BreadcrumbList","@id":"https:\/\/www.verdieditions.com\/equilibre-de-vie\/produit\/nouveaux-dialogues-tchenrezi-morlet\/#breadcrumb","itemListElement":[{"@type":"ListItem","position":1,"name":"Accueil","item":"https:\/\/www.verdieditions.com\/equilibre-de-vie\/"},{"@type":"ListItem","position":2,"name":"La boutique","item":"https:\/\/www.verdieditions.com\/equilibre-de-vie\/boutique\/"},{"@type":"ListItem","position":3,"name":"Nouveaux dialogues avec Tchenr\u00e9zi &#8211; Ren\u00e9 MORLET"}]},{"@type":"WebSite","@id":"https:\/\/www.verdieditions.com\/equilibre-de-vie\/#website","url":"https:\/\/www.verdieditions.com\/equilibre-de-vie\/","name":"Equilibre de Vie","description":"Ma boutique livres sant\u00e9, \u00e9sot\u00e9risme et d\u00e9veloppement personnel","publisher":{"@id":"https:\/\/www.verdieditions.com\/equilibre-de-vie\/#\/schema\/person\/9dcb2a6759f2f5fbf43ac0b44649cecb"},"potentialAction":[{"@type":"SearchAction","target":{"@type":"EntryPoint","urlTemplate":"https:\/\/www.verdieditions.com\/equilibre-de-vie\/?s={search_term_string}"},"query-input":{"@type":"PropertyValueSpecification","valueRequired":true,"valueName":"search_term_string"}}],"inLanguage":"fr-FR"},{"@type":["Person","Organization"],"@id":"https:\/\/www.verdieditions.com\/equilibre-de-vie\/#\/schema\/person\/9dcb2a6759f2f5fbf43ac0b44649cecb","name":"Sylvie VERDI","image":{"@type":"ImageObject","inLanguage":"fr-FR","@id":"https:\/\/www.verdieditions.com\/equilibre-de-vie\/wp-content\/uploads\/2020\/04\/livres-occasion-sante-esoterisme-developpement-personnel-2.jpg","url":"https:\/\/www.verdieditions.com\/equilibre-de-vie\/wp-content\/uploads\/2020\/04\/livres-occasion-sante-esoterisme-developpement-personnel-2.jpg","contentUrl":"https:\/\/www.verdieditions.com\/equilibre-de-vie\/wp-content\/uploads\/2020\/04\/livres-occasion-sante-esoterisme-developpement-personnel-2.jpg","width":800,"height":572,"caption":"Sylvie VERDI"},"logo":{"@id":"https:\/\/www.verdieditions.com\/equilibre-de-vie\/wp-content\/uploads\/2020\/04\/livres-occasion-sante-esoterisme-developpement-personnel-2.jpg"},"sameAs":["https:\/\/www.verdieditions.com\/equilibre-de-vie"]}]}},"_links":{"self":[{"href":"https:\/\/www.verdieditions.com\/equilibre-de-vie\/wp-json\/wp\/v2\/product\/770","targetHints":{"allow":["GET"]}}],"collection":[{"href":"https:\/\/www.verdieditions.com\/equilibre-de-vie\/wp-json\/wp\/v2\/product"}],"about":[{"href":"https:\/\/www.verdieditions.com\/equilibre-de-vie\/wp-json\/wp\/v2\/types\/product"}],"wp:featuredmedia":[{"embeddable":true,"href":"https:\/\/www.verdieditions.com\/equilibre-de-vie\/wp-json\/wp\/v2\/media\/771"}],"wp:attachment":[{"href":"https:\/\/www.verdieditions.com\/equilibre-de-vie\/wp-json\/wp\/v2\/media?parent=770"}],"wp:term":[{"taxonomy":"product_brand","embeddable":true,"href":"https:\/\/www.verdieditions.com\/equilibre-de-vie\/wp-json\/wp\/v2\/product_brand?post=770"},{"taxonomy":"product_cat","embeddable":true,"href":"https:\/\/www.verdieditions.com\/equilibre-de-vie\/wp-json\/wp\/v2\/product_cat?post=770"},{"taxonomy":"product_tag","embeddable":true,"href":"https:\/\/www.verdieditions.com\/equilibre-de-vie\/wp-json\/wp\/v2\/product_tag?post=770"}],"curies":[{"name":"wp","href":"https:\/\/api.w.org\/{rel}","templated":true}]}}