{"id":761,"date":"2020-04-26T18:31:23","date_gmt":"2020-04-26T16:31:23","guid":{"rendered":"https:\/\/www.verdieditions.com\/equilibre-de-vie\/?post_type=product&#038;p=761"},"modified":"2020-10-05T15:40:57","modified_gmt":"2020-10-05T13:40:57","slug":"reiki-soigner-horan","status":"publish","type":"product","link":"https:\/\/www.verdieditions.com\/equilibre-de-vie\/produit\/reiki-soigner-horan\/","title":{"rendered":"Reiki, soigner, se soigner &#8211; Paula HORAN"},"content":{"rendered":"<p>Auteur : Paula HORAN<br \/>\nTitre : Reiki, soigner, se soigner  &#8211; L&rsquo;\u00e9nergie vitale, canalis\u00e9e par vos mains<br \/>\n\u00c9diteur : EntreLacs, 2002, 6\u00e8me \u00e9dition<br \/>\nExcellent \u00e9tat<br \/>\nDim. 13,5 x 21,5<br \/>\n212 pages<\/p>\n<p>Reiki, en japonais, exprime le concept de l&rsquo;\u00e9nergie universelle de vie et d\u00e9signe un art naturel de soins par l&rsquo;imposition des mains. A l&rsquo;origine du Reiki se situe la qu\u00eate qu&rsquo;entreprit, \u00e0 la fin du si\u00e8cle dernier, le Dr. Mikao Usui, professeur de th\u00e9ologie chr\u00e9tienne dans une universit\u00e9 japonaise \u00e0 Kyoto, pour retrouver dans les textes sanskrits des Sutras Tib\u00e9tains, la formule, les symboles et la mani\u00e8re dont Bouddha s&rsquo;y prenait pour gu\u00e9rir par les mains tout en ouvrant le c\u0153ur et l&rsquo;esprit. La pratique Usui du Reiki s&rsquo;est d&rsquo;abord transmise oralement du Dr. Mikao \u00e0 son premier disciple le Dr. Chujiro Hayashi, puis \u00e0 Mme Hawayo Takata et enfin \u00e0 la petite fille de cette derni\u00e8re, Phyllis Lei Furumoto. En 1983, Phyllis Furumoto descendante spirituelle du Dr. Usui a cr\u00e9\u00e9 avec les autres ma\u00eetres Reiki, l&rsquo;alliance Reiki en vue de se consacrer ensemble \u00e0 l&rsquo;enseignement du Reiki comme rem\u00e8de naturel. Aujourd&rsquo;hui le Reiki est universellement reconnu. Sa vocation \u00e0 canaliser l&rsquo;\u00e9nergie vitale accro\u00eet les capacit\u00e9s de l&rsquo;organisme \u00e0 se soigner lui-m\u00eame, et ainsi soutient et renforce tout traitement m\u00e9dical. Paula Horan, psychoth\u00e9rapeute am\u00e9ricaine et ma\u00eetre Reiki, enseigne la m\u00e9thode Usui aux U.S.A. et dans toute l&rsquo;Europe. Son livre t\u00e9moigne de sa science \u00e0 faire retrouver \u00e0 chacun son harmonie physique, psychologique, et spirituelle et de sa tr\u00e8s riche exp\u00e9rience de l&rsquo;enseignement et de la pratique du Reiki.<\/p>\n","protected":false},"excerpt":{"rendered":"<p>Auteur : Paula HORAN<br \/>\nTitre : Reiki, soigner, se soigner  &#8211; L&rsquo;\u00e9nergie vitale, canalis\u00e9e par vos mains<br \/>\n\u00c9diteur : EntreLacs, 2002, 6\u00e8me \u00e9dition<br \/>\nExcellent \u00e9tat<br \/>\nDim. 13,5 x 21,5<br \/>\n212 pages<\/p>\n","protected":false},"featured_media":762,"template":"","meta":[],"product_brand":[],"product_cat":[21],"product_tag":[41,52,60,73,75,137,149,179],"class_list":{"0":"post-761","1":"product","2":"type-product","3":"status-publish","4":"has-post-thumbnail","6":"product_cat-sante","7":"product_tag-bouddhisme","8":"product_tag-conscient","9":"product_tag-energie","10":"product_tag-guerir","11":"product_tag-guerisseur","12":"product_tag-reiki","13":"product_tag-soigner","14":"product_tag-zen","16":"first","17":"outofstock","18":"shipping-taxable","19":"product-type-simple"},"yoast_head":"<!-- This site is optimized with the Yoast SEO plugin v27.4 - https:\/\/yoast.com\/product\/yoast-seo-wordpress\/ -->\n<title>Reiki, soigner, se soigner - Paula HORAN - Equilibre de Vie<\/title>\n<meta name=\"description\" content=\"Auteur : Paula HORAN Titre : Reiki, soigner, se soigner \u2013 L\u2019\u00e9nergie vitale, canalis\u00e9e par vos mains \u00c9diteur : EntreLacs, 2002, 6\u00e8me \u00e9dition Excellent \u00e9tat Dim. 13,5 x 21,5 212 pages\" \/>\n<meta name=\"robots\" content=\"index, follow, max-snippet:-1, max-image-preview:large, max-video-preview:-1\" \/>\n<link rel=\"canonical\" href=\"https:\/\/www.verdieditions.com\/equilibre-de-vie\/produit\/reiki-soigner-horan\/\" \/>\n<meta property=\"og:locale\" content=\"fr_FR\" \/>\n<meta property=\"og:type\" content=\"article\" \/>\n<meta property=\"og:title\" content=\"Reiki, soigner, se soigner - Paula HORAN - Equilibre de Vie\" \/>\n<meta property=\"og:description\" content=\"Auteur : Paula HORAN Titre : Reiki, soigner, se soigner \u2013 L\u2019\u00e9nergie vitale, canalis\u00e9e par vos mains \u00c9diteur : EntreLacs, 2002, 6\u00e8me \u00e9dition Excellent \u00e9tat Dim. 13,5 x 21,5 212 pages\" \/>\n<meta property=\"og:url\" content=\"https:\/\/www.verdieditions.com\/equilibre-de-vie\/produit\/reiki-soigner-horan\/\" \/>\n<meta property=\"og:site_name\" content=\"Equilibre de Vie\" \/>\n<meta property=\"article:modified_time\" content=\"2020-10-05T13:40:57+00:00\" \/>\n<meta property=\"og:image\" content=\"https:\/\/www.verdieditions.com\/equilibre-de-vie\/wp-content\/uploads\/2020\/04\/Reiki-Soigner-Horan.jpg\" \/>\n\t<meta property=\"og:image:width\" content=\"703\" \/>\n\t<meta property=\"og:image:height\" content=\"1080\" \/>\n\t<meta property=\"og:image:type\" content=\"image\/jpeg\" \/>\n<meta name=\"twitter:card\" content=\"summary_large_image\" \/>\n<meta name=\"twitter:label1\" content=\"Dur\u00e9e de lecture estim\u00e9e\" \/>\n\t<meta name=\"twitter:data1\" content=\"1 minute\" \/>\n<script type=\"application\/ld+json\" class=\"yoast-schema-graph\">{\"@context\":\"https:\\\/\\\/schema.org\",\"@graph\":[{\"@type\":\"WebPage\",\"@id\":\"https:\\\/\\\/www.verdieditions.com\\\/equilibre-de-vie\\\/produit\\\/reiki-soigner-horan\\\/\",\"url\":\"https:\\\/\\\/www.verdieditions.com\\\/equilibre-de-vie\\\/produit\\\/reiki-soigner-horan\\\/\",\"name\":\"Reiki, soigner, se soigner - Paula HORAN - Equilibre de Vie\",\"isPartOf\":{\"@id\":\"https:\\\/\\\/www.verdieditions.com\\\/equilibre-de-vie\\\/#website\"},\"primaryImageOfPage\":{\"@id\":\"https:\\\/\\\/www.verdieditions.com\\\/equilibre-de-vie\\\/produit\\\/reiki-soigner-horan\\\/#primaryimage\"},\"image\":{\"@id\":\"https:\\\/\\\/www.verdieditions.com\\\/equilibre-de-vie\\\/produit\\\/reiki-soigner-horan\\\/#primaryimage\"},\"thumbnailUrl\":\"https:\\\/\\\/www.verdieditions.com\\\/equilibre-de-vie\\\/wp-content\\\/uploads\\\/2020\\\/04\\\/Reiki-Soigner-Horan.jpg\",\"datePublished\":\"2020-04-26T16:31:23+00:00\",\"dateModified\":\"2020-10-05T13:40:57+00:00\",\"description\":\"Auteur : Paula HORAN Titre : Reiki, soigner, se soigner \u2013 L\u2019\u00e9nergie vitale, canalis\u00e9e par vos mains \u00c9diteur : EntreLacs, 2002, 6\u00e8me \u00e9dition Excellent \u00e9tat Dim. 13,5 x 21,5 212 pages\",\"breadcrumb\":{\"@id\":\"https:\\\/\\\/www.verdieditions.com\\\/equilibre-de-vie\\\/produit\\\/reiki-soigner-horan\\\/#breadcrumb\"},\"inLanguage\":\"fr-FR\",\"potentialAction\":[{\"@type\":\"ReadAction\",\"target\":[\"https:\\\/\\\/www.verdieditions.com\\\/equilibre-de-vie\\\/produit\\\/reiki-soigner-horan\\\/\"]}]},{\"@type\":\"ImageObject\",\"inLanguage\":\"fr-FR\",\"@id\":\"https:\\\/\\\/www.verdieditions.com\\\/equilibre-de-vie\\\/produit\\\/reiki-soigner-horan\\\/#primaryimage\",\"url\":\"https:\\\/\\\/www.verdieditions.com\\\/equilibre-de-vie\\\/wp-content\\\/uploads\\\/2020\\\/04\\\/Reiki-Soigner-Horan.jpg\",\"contentUrl\":\"https:\\\/\\\/www.verdieditions.com\\\/equilibre-de-vie\\\/wp-content\\\/uploads\\\/2020\\\/04\\\/Reiki-Soigner-Horan.jpg\",\"width\":703,\"height\":1080,\"caption\":\"Reiki-Soigner-Horan\"},{\"@type\":\"BreadcrumbList\",\"@id\":\"https:\\\/\\\/www.verdieditions.com\\\/equilibre-de-vie\\\/produit\\\/reiki-soigner-horan\\\/#breadcrumb\",\"itemListElement\":[{\"@type\":\"ListItem\",\"position\":1,\"name\":\"Accueil\",\"item\":\"https:\\\/\\\/www.verdieditions.com\\\/equilibre-de-vie\\\/\"},{\"@type\":\"ListItem\",\"position\":2,\"name\":\"La boutique\",\"item\":\"https:\\\/\\\/www.verdieditions.com\\\/equilibre-de-vie\\\/boutique\\\/\"},{\"@type\":\"ListItem\",\"position\":3,\"name\":\"Reiki, soigner, se soigner &#8211; Paula HORAN\"}]},{\"@type\":\"WebSite\",\"@id\":\"https:\\\/\\\/www.verdieditions.com\\\/equilibre-de-vie\\\/#website\",\"url\":\"https:\\\/\\\/www.verdieditions.com\\\/equilibre-de-vie\\\/\",\"name\":\"Equilibre de Vie\",\"description\":\"Ma boutique livres sant\u00e9, \u00e9sot\u00e9risme et d\u00e9veloppement personnel\",\"publisher\":{\"@id\":\"https:\\\/\\\/www.verdieditions.com\\\/equilibre-de-vie\\\/#\\\/schema\\\/person\\\/9dcb2a6759f2f5fbf43ac0b44649cecb\"},\"potentialAction\":[{\"@type\":\"SearchAction\",\"target\":{\"@type\":\"EntryPoint\",\"urlTemplate\":\"https:\\\/\\\/www.verdieditions.com\\\/equilibre-de-vie\\\/?s={search_term_string}\"},\"query-input\":{\"@type\":\"PropertyValueSpecification\",\"valueRequired\":true,\"valueName\":\"search_term_string\"}}],\"inLanguage\":\"fr-FR\"},{\"@type\":[\"Person\",\"Organization\"],\"@id\":\"https:\\\/\\\/www.verdieditions.com\\\/equilibre-de-vie\\\/#\\\/schema\\\/person\\\/9dcb2a6759f2f5fbf43ac0b44649cecb\",\"name\":\"Sylvie VERDI\",\"image\":{\"@type\":\"ImageObject\",\"inLanguage\":\"fr-FR\",\"@id\":\"https:\\\/\\\/www.verdieditions.com\\\/equilibre-de-vie\\\/wp-content\\\/uploads\\\/2020\\\/04\\\/livres-occasion-sante-esoterisme-developpement-personnel-2.jpg\",\"url\":\"https:\\\/\\\/www.verdieditions.com\\\/equilibre-de-vie\\\/wp-content\\\/uploads\\\/2020\\\/04\\\/livres-occasion-sante-esoterisme-developpement-personnel-2.jpg\",\"contentUrl\":\"https:\\\/\\\/www.verdieditions.com\\\/equilibre-de-vie\\\/wp-content\\\/uploads\\\/2020\\\/04\\\/livres-occasion-sante-esoterisme-developpement-personnel-2.jpg\",\"width\":800,\"height\":572,\"caption\":\"Sylvie VERDI\"},\"logo\":{\"@id\":\"https:\\\/\\\/www.verdieditions.com\\\/equilibre-de-vie\\\/wp-content\\\/uploads\\\/2020\\\/04\\\/livres-occasion-sante-esoterisme-developpement-personnel-2.jpg\"},\"sameAs\":[\"https:\\\/\\\/www.verdieditions.com\\\/equilibre-de-vie\"]}]}<\/script>\n<!-- \/ Yoast SEO plugin. -->","yoast_head_json":{"title":"Reiki, soigner, se soigner - Paula HORAN - Equilibre de Vie","description":"Auteur : Paula HORAN Titre : Reiki, soigner, se soigner \u2013 L\u2019\u00e9nergie vitale, canalis\u00e9e par vos mains \u00c9diteur : EntreLacs, 2002, 6\u00e8me \u00e9dition Excellent \u00e9tat Dim. 13,5 x 21,5 212 pages","robots":{"index":"index","follow":"follow","max-snippet":"max-snippet:-1","max-image-preview":"max-image-preview:large","max-video-preview":"max-video-preview:-1"},"canonical":"https:\/\/www.verdieditions.com\/equilibre-de-vie\/produit\/reiki-soigner-horan\/","og_locale":"fr_FR","og_type":"article","og_title":"Reiki, soigner, se soigner - Paula HORAN - Equilibre de Vie","og_description":"Auteur : Paula HORAN Titre : Reiki, soigner, se soigner \u2013 L\u2019\u00e9nergie vitale, canalis\u00e9e par vos mains \u00c9diteur : EntreLacs, 2002, 6\u00e8me \u00e9dition Excellent \u00e9tat Dim. 13,5 x 21,5 212 pages","og_url":"https:\/\/www.verdieditions.com\/equilibre-de-vie\/produit\/reiki-soigner-horan\/","og_site_name":"Equilibre de Vie","article_modified_time":"2020-10-05T13:40:57+00:00","og_image":[{"width":703,"height":1080,"url":"https:\/\/www.verdieditions.com\/equilibre-de-vie\/wp-content\/uploads\/2020\/04\/Reiki-Soigner-Horan.jpg","type":"image\/jpeg"}],"twitter_card":"summary_large_image","twitter_misc":{"Dur\u00e9e de lecture estim\u00e9e":"1 minute"},"schema":{"@context":"https:\/\/schema.org","@graph":[{"@type":"WebPage","@id":"https:\/\/www.verdieditions.com\/equilibre-de-vie\/produit\/reiki-soigner-horan\/","url":"https:\/\/www.verdieditions.com\/equilibre-de-vie\/produit\/reiki-soigner-horan\/","name":"Reiki, soigner, se soigner - Paula HORAN - Equilibre de Vie","isPartOf":{"@id":"https:\/\/www.verdieditions.com\/equilibre-de-vie\/#website"},"primaryImageOfPage":{"@id":"https:\/\/www.verdieditions.com\/equilibre-de-vie\/produit\/reiki-soigner-horan\/#primaryimage"},"image":{"@id":"https:\/\/www.verdieditions.com\/equilibre-de-vie\/produit\/reiki-soigner-horan\/#primaryimage"},"thumbnailUrl":"https:\/\/www.verdieditions.com\/equilibre-de-vie\/wp-content\/uploads\/2020\/04\/Reiki-Soigner-Horan.jpg","datePublished":"2020-04-26T16:31:23+00:00","dateModified":"2020-10-05T13:40:57+00:00","description":"Auteur : Paula HORAN Titre : Reiki, soigner, se soigner \u2013 L\u2019\u00e9nergie vitale, canalis\u00e9e par vos mains \u00c9diteur : EntreLacs, 2002, 6\u00e8me \u00e9dition Excellent \u00e9tat Dim. 13,5 x 21,5 212 pages","breadcrumb":{"@id":"https:\/\/www.verdieditions.com\/equilibre-de-vie\/produit\/reiki-soigner-horan\/#breadcrumb"},"inLanguage":"fr-FR","potentialAction":[{"@type":"ReadAction","target":["https:\/\/www.verdieditions.com\/equilibre-de-vie\/produit\/reiki-soigner-horan\/"]}]},{"@type":"ImageObject","inLanguage":"fr-FR","@id":"https:\/\/www.verdieditions.com\/equilibre-de-vie\/produit\/reiki-soigner-horan\/#primaryimage","url":"https:\/\/www.verdieditions.com\/equilibre-de-vie\/wp-content\/uploads\/2020\/04\/Reiki-Soigner-Horan.jpg","contentUrl":"https:\/\/www.verdieditions.com\/equilibre-de-vie\/wp-content\/uploads\/2020\/04\/Reiki-Soigner-Horan.jpg","width":703,"height":1080,"caption":"Reiki-Soigner-Horan"},{"@type":"BreadcrumbList","@id":"https:\/\/www.verdieditions.com\/equilibre-de-vie\/produit\/reiki-soigner-horan\/#breadcrumb","itemListElement":[{"@type":"ListItem","position":1,"name":"Accueil","item":"https:\/\/www.verdieditions.com\/equilibre-de-vie\/"},{"@type":"ListItem","position":2,"name":"La boutique","item":"https:\/\/www.verdieditions.com\/equilibre-de-vie\/boutique\/"},{"@type":"ListItem","position":3,"name":"Reiki, soigner, se soigner &#8211; Paula HORAN"}]},{"@type":"WebSite","@id":"https:\/\/www.verdieditions.com\/equilibre-de-vie\/#website","url":"https:\/\/www.verdieditions.com\/equilibre-de-vie\/","name":"Equilibre de Vie","description":"Ma boutique livres sant\u00e9, \u00e9sot\u00e9risme et d\u00e9veloppement personnel","publisher":{"@id":"https:\/\/www.verdieditions.com\/equilibre-de-vie\/#\/schema\/person\/9dcb2a6759f2f5fbf43ac0b44649cecb"},"potentialAction":[{"@type":"SearchAction","target":{"@type":"EntryPoint","urlTemplate":"https:\/\/www.verdieditions.com\/equilibre-de-vie\/?s={search_term_string}"},"query-input":{"@type":"PropertyValueSpecification","valueRequired":true,"valueName":"search_term_string"}}],"inLanguage":"fr-FR"},{"@type":["Person","Organization"],"@id":"https:\/\/www.verdieditions.com\/equilibre-de-vie\/#\/schema\/person\/9dcb2a6759f2f5fbf43ac0b44649cecb","name":"Sylvie VERDI","image":{"@type":"ImageObject","inLanguage":"fr-FR","@id":"https:\/\/www.verdieditions.com\/equilibre-de-vie\/wp-content\/uploads\/2020\/04\/livres-occasion-sante-esoterisme-developpement-personnel-2.jpg","url":"https:\/\/www.verdieditions.com\/equilibre-de-vie\/wp-content\/uploads\/2020\/04\/livres-occasion-sante-esoterisme-developpement-personnel-2.jpg","contentUrl":"https:\/\/www.verdieditions.com\/equilibre-de-vie\/wp-content\/uploads\/2020\/04\/livres-occasion-sante-esoterisme-developpement-personnel-2.jpg","width":800,"height":572,"caption":"Sylvie VERDI"},"logo":{"@id":"https:\/\/www.verdieditions.com\/equilibre-de-vie\/wp-content\/uploads\/2020\/04\/livres-occasion-sante-esoterisme-developpement-personnel-2.jpg"},"sameAs":["https:\/\/www.verdieditions.com\/equilibre-de-vie"]}]}},"_links":{"self":[{"href":"https:\/\/www.verdieditions.com\/equilibre-de-vie\/wp-json\/wp\/v2\/product\/761","targetHints":{"allow":["GET"]}}],"collection":[{"href":"https:\/\/www.verdieditions.com\/equilibre-de-vie\/wp-json\/wp\/v2\/product"}],"about":[{"href":"https:\/\/www.verdieditions.com\/equilibre-de-vie\/wp-json\/wp\/v2\/types\/product"}],"wp:featuredmedia":[{"embeddable":true,"href":"https:\/\/www.verdieditions.com\/equilibre-de-vie\/wp-json\/wp\/v2\/media\/762"}],"wp:attachment":[{"href":"https:\/\/www.verdieditions.com\/equilibre-de-vie\/wp-json\/wp\/v2\/media?parent=761"}],"wp:term":[{"taxonomy":"product_brand","embeddable":true,"href":"https:\/\/www.verdieditions.com\/equilibre-de-vie\/wp-json\/wp\/v2\/product_brand?post=761"},{"taxonomy":"product_cat","embeddable":true,"href":"https:\/\/www.verdieditions.com\/equilibre-de-vie\/wp-json\/wp\/v2\/product_cat?post=761"},{"taxonomy":"product_tag","embeddable":true,"href":"https:\/\/www.verdieditions.com\/equilibre-de-vie\/wp-json\/wp\/v2\/product_tag?post=761"}],"curies":[{"name":"wp","href":"https:\/\/api.w.org\/{rel}","templated":true}]}}