{"id":760,"date":"2020-04-28T14:25:25","date_gmt":"2020-04-28T12:25:25","guid":{"rendered":"https:\/\/www.verdieditions.com\/equilibre-de-vie\/?post_type=product&#038;p=760"},"modified":"2024-02-06T11:19:42","modified_gmt":"2024-02-06T10:19:42","slug":"aime-toi-vie-aimera-catherine-bensaid","status":"publish","type":"product","link":"https:\/\/www.verdieditions.com\/equilibre-de-vie\/produit\/aime-toi-vie-aimera-catherine-bensaid\/","title":{"rendered":"Aime-toi, la vie t&rsquo;aimera &#8211; Catherine BENSAID"},"content":{"rendered":"<p>Auteur : Catherine BENSAID<br \/>\nTitre : Aime-toi, la vie t&rsquo;aimera<br \/>\n\u00c9diteur : Robert Lafon, 1998, R\u00e9ponses<br \/>\nDim. 13,5 x 21,5<br \/>\n215 pages<\/p>\n<p>Submerg\u00e9s par un imaginaire qui nous fait voir la vie en noir, nous avons tous, en nous, un petit cin\u00e9ma qui d\u00e9file en permanence. Du \u00a0\u00bb personne ne m&rsquo;aime \u00a0\u00bb \u00e0 \u00a0\u00bb jamais je n&rsquo;y arriverai \u00ab\u00a0, chacun poss\u00e8de son leitmotiv. Autant de pens\u00e9es n\u00e9gatives qui nous rendent malheureux dans notre t\u00eate, et malades dans notre corps. Nous sommes prisonniers d&rsquo;un syst\u00e8me de pens\u00e9e qui nous complique sans cesse la vie et nous souffrons des limites que nous nous sommes cr\u00e9\u00e9es.<br \/>\n\u00c0 l&rsquo;\u00e9coute des mots qui disent la souffrance, Catherine Bensaid nous permet de rep\u00e9rer notre douleur, de la nommer et d&rsquo;en d\u00e9couvrir l&rsquo;origine. Elle nous aide \u00e0 ne pas r\u00e9p\u00e9ter \u00e9ternellement ces comportements qui nous font mal, et \u00e0 nous gu\u00e9rir de ce mauvais amour de nous-m\u00eames qui interdit tout acc\u00e8s au plaisir.<br \/>\n\u00c0 la fin de notre lecture, quelque chose a subtilement chang\u00e9 en nous. Aime-toi, la vie t&rsquo;aimera est un livre qui apprend \u00e0 nous r\u00e9concilier avec nous-m\u00eames et \u00e0 rendre possible ce que nous avons toujours cru impossible. \u00c0 donner vie \u00e0 nos r\u00eaves, plut\u00f4t que de passer notre vie \u00e0 la r\u00eaver.<\/p>\n","protected":false},"excerpt":{"rendered":"<p>Auteur : Catherine BENSAID<br \/>\nTitre : Aime-toi, la vie t&rsquo;aimera<br \/>\n\u00c9diteur : Robert Lafon, 1998, R\u00e9ponses<br \/>\nDim. 13,5 x 21,5<br \/>\n215 pages<\/p>\n","protected":false},"featured_media":947,"template":"","meta":[],"product_brand":[],"product_cat":[22],"product_tag":[30,51,119,139,167],"class_list":{"0":"post-760","1":"product","2":"type-product","3":"status-publish","4":"has-post-thumbnail","6":"product_cat-developpement-personnel","7":"product_tag-amour","8":"product_tag-confiance-en-soi","9":"product_tag-peur","10":"product_tag-relations-humaines","11":"product_tag-training-mental","13":"first","14":"instock","15":"shipping-taxable","16":"product-type-simple"},"yoast_head":"<!-- This site is optimized with the Yoast SEO plugin v27.4 - https:\/\/yoast.com\/product\/yoast-seo-wordpress\/ -->\n<title>Aime-toi, la vie t&#039;aimera - Catherine BENSAID - Equilibre de Vie<\/title>\n<meta name=\"description\" content=\"Auteur : Catherine BENSAID Titre : Aime-toi, la vie t\u2019aimera \u00c9diteur : Robert Lafon, 1998, R\u00e9ponses Dim. 13,5 x 21,5 215 pages\" \/>\n<meta name=\"robots\" content=\"index, follow, max-snippet:-1, max-image-preview:large, max-video-preview:-1\" \/>\n<link rel=\"canonical\" href=\"https:\/\/www.verdieditions.com\/equilibre-de-vie\/produit\/aime-toi-vie-aimera-catherine-bensaid\/\" \/>\n<meta property=\"og:locale\" content=\"fr_FR\" \/>\n<meta property=\"og:type\" content=\"article\" \/>\n<meta property=\"og:title\" content=\"Aime-toi, la vie t&#039;aimera - Catherine BENSAID - Equilibre de Vie\" \/>\n<meta property=\"og:description\" content=\"Auteur : Catherine BENSAID Titre : Aime-toi, la vie t\u2019aimera \u00c9diteur : Robert Lafon, 1998, R\u00e9ponses Dim. 13,5 x 21,5 215 pages\" \/>\n<meta property=\"og:url\" content=\"https:\/\/www.verdieditions.com\/equilibre-de-vie\/produit\/aime-toi-vie-aimera-catherine-bensaid\/\" \/>\n<meta property=\"og:site_name\" content=\"Equilibre de Vie\" \/>\n<meta property=\"article:modified_time\" content=\"2024-02-06T10:19:42+00:00\" \/>\n<meta property=\"og:image\" content=\"https:\/\/www.verdieditions.com\/equilibre-de-vie\/wp-content\/uploads\/2020\/04\/aime-toi-vie-aimera-bensaid.jpg\" \/>\n\t<meta property=\"og:image:width\" content=\"297\" \/>\n\t<meta property=\"og:image:height\" content=\"456\" \/>\n\t<meta property=\"og:image:type\" content=\"image\/jpeg\" \/>\n<meta name=\"twitter:card\" content=\"summary_large_image\" \/>\n<meta name=\"twitter:label1\" content=\"Dur\u00e9e de lecture estim\u00e9e\" \/>\n\t<meta name=\"twitter:data1\" content=\"1 minute\" \/>\n<script type=\"application\/ld+json\" class=\"yoast-schema-graph\">{\"@context\":\"https:\\\/\\\/schema.org\",\"@graph\":[{\"@type\":\"WebPage\",\"@id\":\"https:\\\/\\\/www.verdieditions.com\\\/equilibre-de-vie\\\/produit\\\/aime-toi-vie-aimera-catherine-bensaid\\\/\",\"url\":\"https:\\\/\\\/www.verdieditions.com\\\/equilibre-de-vie\\\/produit\\\/aime-toi-vie-aimera-catherine-bensaid\\\/\",\"name\":\"Aime-toi, la vie t'aimera - Catherine BENSAID - Equilibre de Vie\",\"isPartOf\":{\"@id\":\"https:\\\/\\\/www.verdieditions.com\\\/equilibre-de-vie\\\/#website\"},\"primaryImageOfPage\":{\"@id\":\"https:\\\/\\\/www.verdieditions.com\\\/equilibre-de-vie\\\/produit\\\/aime-toi-vie-aimera-catherine-bensaid\\\/#primaryimage\"},\"image\":{\"@id\":\"https:\\\/\\\/www.verdieditions.com\\\/equilibre-de-vie\\\/produit\\\/aime-toi-vie-aimera-catherine-bensaid\\\/#primaryimage\"},\"thumbnailUrl\":\"https:\\\/\\\/www.verdieditions.com\\\/equilibre-de-vie\\\/wp-content\\\/uploads\\\/2020\\\/04\\\/aime-toi-vie-aimera-bensaid.jpg\",\"datePublished\":\"2020-04-28T12:25:25+00:00\",\"dateModified\":\"2024-02-06T10:19:42+00:00\",\"description\":\"Auteur : Catherine BENSAID Titre : Aime-toi, la vie t\u2019aimera \u00c9diteur : Robert Lafon, 1998, R\u00e9ponses Dim. 13,5 x 21,5 215 pages\",\"breadcrumb\":{\"@id\":\"https:\\\/\\\/www.verdieditions.com\\\/equilibre-de-vie\\\/produit\\\/aime-toi-vie-aimera-catherine-bensaid\\\/#breadcrumb\"},\"inLanguage\":\"fr-FR\",\"potentialAction\":[{\"@type\":\"ReadAction\",\"target\":[\"https:\\\/\\\/www.verdieditions.com\\\/equilibre-de-vie\\\/produit\\\/aime-toi-vie-aimera-catherine-bensaid\\\/\"]}]},{\"@type\":\"ImageObject\",\"inLanguage\":\"fr-FR\",\"@id\":\"https:\\\/\\\/www.verdieditions.com\\\/equilibre-de-vie\\\/produit\\\/aime-toi-vie-aimera-catherine-bensaid\\\/#primaryimage\",\"url\":\"https:\\\/\\\/www.verdieditions.com\\\/equilibre-de-vie\\\/wp-content\\\/uploads\\\/2020\\\/04\\\/aime-toi-vie-aimera-bensaid.jpg\",\"contentUrl\":\"https:\\\/\\\/www.verdieditions.com\\\/equilibre-de-vie\\\/wp-content\\\/uploads\\\/2020\\\/04\\\/aime-toi-vie-aimera-bensaid.jpg\",\"width\":297,\"height\":456,\"caption\":\"aime-toi-vie-aimera-bensaid\"},{\"@type\":\"BreadcrumbList\",\"@id\":\"https:\\\/\\\/www.verdieditions.com\\\/equilibre-de-vie\\\/produit\\\/aime-toi-vie-aimera-catherine-bensaid\\\/#breadcrumb\",\"itemListElement\":[{\"@type\":\"ListItem\",\"position\":1,\"name\":\"Accueil\",\"item\":\"https:\\\/\\\/www.verdieditions.com\\\/equilibre-de-vie\\\/\"},{\"@type\":\"ListItem\",\"position\":2,\"name\":\"La boutique\",\"item\":\"https:\\\/\\\/www.verdieditions.com\\\/equilibre-de-vie\\\/boutique\\\/\"},{\"@type\":\"ListItem\",\"position\":3,\"name\":\"Aime-toi, la vie t&#8217;aimera &#8211; Catherine BENSAID\"}]},{\"@type\":\"WebSite\",\"@id\":\"https:\\\/\\\/www.verdieditions.com\\\/equilibre-de-vie\\\/#website\",\"url\":\"https:\\\/\\\/www.verdieditions.com\\\/equilibre-de-vie\\\/\",\"name\":\"Equilibre de Vie\",\"description\":\"Ma boutique livres sant\u00e9, \u00e9sot\u00e9risme et d\u00e9veloppement personnel\",\"publisher\":{\"@id\":\"https:\\\/\\\/www.verdieditions.com\\\/equilibre-de-vie\\\/#\\\/schema\\\/person\\\/9dcb2a6759f2f5fbf43ac0b44649cecb\"},\"potentialAction\":[{\"@type\":\"SearchAction\",\"target\":{\"@type\":\"EntryPoint\",\"urlTemplate\":\"https:\\\/\\\/www.verdieditions.com\\\/equilibre-de-vie\\\/?s={search_term_string}\"},\"query-input\":{\"@type\":\"PropertyValueSpecification\",\"valueRequired\":true,\"valueName\":\"search_term_string\"}}],\"inLanguage\":\"fr-FR\"},{\"@type\":[\"Person\",\"Organization\"],\"@id\":\"https:\\\/\\\/www.verdieditions.com\\\/equilibre-de-vie\\\/#\\\/schema\\\/person\\\/9dcb2a6759f2f5fbf43ac0b44649cecb\",\"name\":\"Sylvie VERDI\",\"image\":{\"@type\":\"ImageObject\",\"inLanguage\":\"fr-FR\",\"@id\":\"https:\\\/\\\/www.verdieditions.com\\\/equilibre-de-vie\\\/wp-content\\\/uploads\\\/2020\\\/04\\\/livres-occasion-sante-esoterisme-developpement-personnel-2.jpg\",\"url\":\"https:\\\/\\\/www.verdieditions.com\\\/equilibre-de-vie\\\/wp-content\\\/uploads\\\/2020\\\/04\\\/livres-occasion-sante-esoterisme-developpement-personnel-2.jpg\",\"contentUrl\":\"https:\\\/\\\/www.verdieditions.com\\\/equilibre-de-vie\\\/wp-content\\\/uploads\\\/2020\\\/04\\\/livres-occasion-sante-esoterisme-developpement-personnel-2.jpg\",\"width\":800,\"height\":572,\"caption\":\"Sylvie VERDI\"},\"logo\":{\"@id\":\"https:\\\/\\\/www.verdieditions.com\\\/equilibre-de-vie\\\/wp-content\\\/uploads\\\/2020\\\/04\\\/livres-occasion-sante-esoterisme-developpement-personnel-2.jpg\"},\"sameAs\":[\"https:\\\/\\\/www.verdieditions.com\\\/equilibre-de-vie\"]}]}<\/script>\n<!-- \/ Yoast SEO plugin. -->","yoast_head_json":{"title":"Aime-toi, la vie t'aimera - Catherine BENSAID - Equilibre de Vie","description":"Auteur : Catherine BENSAID Titre : Aime-toi, la vie t\u2019aimera \u00c9diteur : Robert Lafon, 1998, R\u00e9ponses Dim. 13,5 x 21,5 215 pages","robots":{"index":"index","follow":"follow","max-snippet":"max-snippet:-1","max-image-preview":"max-image-preview:large","max-video-preview":"max-video-preview:-1"},"canonical":"https:\/\/www.verdieditions.com\/equilibre-de-vie\/produit\/aime-toi-vie-aimera-catherine-bensaid\/","og_locale":"fr_FR","og_type":"article","og_title":"Aime-toi, la vie t'aimera - Catherine BENSAID - Equilibre de Vie","og_description":"Auteur : Catherine BENSAID Titre : Aime-toi, la vie t\u2019aimera \u00c9diteur : Robert Lafon, 1998, R\u00e9ponses Dim. 13,5 x 21,5 215 pages","og_url":"https:\/\/www.verdieditions.com\/equilibre-de-vie\/produit\/aime-toi-vie-aimera-catherine-bensaid\/","og_site_name":"Equilibre de Vie","article_modified_time":"2024-02-06T10:19:42+00:00","og_image":[{"width":297,"height":456,"url":"https:\/\/www.verdieditions.com\/equilibre-de-vie\/wp-content\/uploads\/2020\/04\/aime-toi-vie-aimera-bensaid.jpg","type":"image\/jpeg"}],"twitter_card":"summary_large_image","twitter_misc":{"Dur\u00e9e de lecture estim\u00e9e":"1 minute"},"schema":{"@context":"https:\/\/schema.org","@graph":[{"@type":"WebPage","@id":"https:\/\/www.verdieditions.com\/equilibre-de-vie\/produit\/aime-toi-vie-aimera-catherine-bensaid\/","url":"https:\/\/www.verdieditions.com\/equilibre-de-vie\/produit\/aime-toi-vie-aimera-catherine-bensaid\/","name":"Aime-toi, la vie t'aimera - Catherine BENSAID - Equilibre de Vie","isPartOf":{"@id":"https:\/\/www.verdieditions.com\/equilibre-de-vie\/#website"},"primaryImageOfPage":{"@id":"https:\/\/www.verdieditions.com\/equilibre-de-vie\/produit\/aime-toi-vie-aimera-catherine-bensaid\/#primaryimage"},"image":{"@id":"https:\/\/www.verdieditions.com\/equilibre-de-vie\/produit\/aime-toi-vie-aimera-catherine-bensaid\/#primaryimage"},"thumbnailUrl":"https:\/\/www.verdieditions.com\/equilibre-de-vie\/wp-content\/uploads\/2020\/04\/aime-toi-vie-aimera-bensaid.jpg","datePublished":"2020-04-28T12:25:25+00:00","dateModified":"2024-02-06T10:19:42+00:00","description":"Auteur : Catherine BENSAID Titre : Aime-toi, la vie t\u2019aimera \u00c9diteur : Robert Lafon, 1998, R\u00e9ponses Dim. 13,5 x 21,5 215 pages","breadcrumb":{"@id":"https:\/\/www.verdieditions.com\/equilibre-de-vie\/produit\/aime-toi-vie-aimera-catherine-bensaid\/#breadcrumb"},"inLanguage":"fr-FR","potentialAction":[{"@type":"ReadAction","target":["https:\/\/www.verdieditions.com\/equilibre-de-vie\/produit\/aime-toi-vie-aimera-catherine-bensaid\/"]}]},{"@type":"ImageObject","inLanguage":"fr-FR","@id":"https:\/\/www.verdieditions.com\/equilibre-de-vie\/produit\/aime-toi-vie-aimera-catherine-bensaid\/#primaryimage","url":"https:\/\/www.verdieditions.com\/equilibre-de-vie\/wp-content\/uploads\/2020\/04\/aime-toi-vie-aimera-bensaid.jpg","contentUrl":"https:\/\/www.verdieditions.com\/equilibre-de-vie\/wp-content\/uploads\/2020\/04\/aime-toi-vie-aimera-bensaid.jpg","width":297,"height":456,"caption":"aime-toi-vie-aimera-bensaid"},{"@type":"BreadcrumbList","@id":"https:\/\/www.verdieditions.com\/equilibre-de-vie\/produit\/aime-toi-vie-aimera-catherine-bensaid\/#breadcrumb","itemListElement":[{"@type":"ListItem","position":1,"name":"Accueil","item":"https:\/\/www.verdieditions.com\/equilibre-de-vie\/"},{"@type":"ListItem","position":2,"name":"La boutique","item":"https:\/\/www.verdieditions.com\/equilibre-de-vie\/boutique\/"},{"@type":"ListItem","position":3,"name":"Aime-toi, la vie t&#8217;aimera &#8211; Catherine BENSAID"}]},{"@type":"WebSite","@id":"https:\/\/www.verdieditions.com\/equilibre-de-vie\/#website","url":"https:\/\/www.verdieditions.com\/equilibre-de-vie\/","name":"Equilibre de Vie","description":"Ma boutique livres sant\u00e9, \u00e9sot\u00e9risme et d\u00e9veloppement personnel","publisher":{"@id":"https:\/\/www.verdieditions.com\/equilibre-de-vie\/#\/schema\/person\/9dcb2a6759f2f5fbf43ac0b44649cecb"},"potentialAction":[{"@type":"SearchAction","target":{"@type":"EntryPoint","urlTemplate":"https:\/\/www.verdieditions.com\/equilibre-de-vie\/?s={search_term_string}"},"query-input":{"@type":"PropertyValueSpecification","valueRequired":true,"valueName":"search_term_string"}}],"inLanguage":"fr-FR"},{"@type":["Person","Organization"],"@id":"https:\/\/www.verdieditions.com\/equilibre-de-vie\/#\/schema\/person\/9dcb2a6759f2f5fbf43ac0b44649cecb","name":"Sylvie VERDI","image":{"@type":"ImageObject","inLanguage":"fr-FR","@id":"https:\/\/www.verdieditions.com\/equilibre-de-vie\/wp-content\/uploads\/2020\/04\/livres-occasion-sante-esoterisme-developpement-personnel-2.jpg","url":"https:\/\/www.verdieditions.com\/equilibre-de-vie\/wp-content\/uploads\/2020\/04\/livres-occasion-sante-esoterisme-developpement-personnel-2.jpg","contentUrl":"https:\/\/www.verdieditions.com\/equilibre-de-vie\/wp-content\/uploads\/2020\/04\/livres-occasion-sante-esoterisme-developpement-personnel-2.jpg","width":800,"height":572,"caption":"Sylvie VERDI"},"logo":{"@id":"https:\/\/www.verdieditions.com\/equilibre-de-vie\/wp-content\/uploads\/2020\/04\/livres-occasion-sante-esoterisme-developpement-personnel-2.jpg"},"sameAs":["https:\/\/www.verdieditions.com\/equilibre-de-vie"]}]}},"_links":{"self":[{"href":"https:\/\/www.verdieditions.com\/equilibre-de-vie\/wp-json\/wp\/v2\/product\/760","targetHints":{"allow":["GET"]}}],"collection":[{"href":"https:\/\/www.verdieditions.com\/equilibre-de-vie\/wp-json\/wp\/v2\/product"}],"about":[{"href":"https:\/\/www.verdieditions.com\/equilibre-de-vie\/wp-json\/wp\/v2\/types\/product"}],"wp:featuredmedia":[{"embeddable":true,"href":"https:\/\/www.verdieditions.com\/equilibre-de-vie\/wp-json\/wp\/v2\/media\/947"}],"wp:attachment":[{"href":"https:\/\/www.verdieditions.com\/equilibre-de-vie\/wp-json\/wp\/v2\/media?parent=760"}],"wp:term":[{"taxonomy":"product_brand","embeddable":true,"href":"https:\/\/www.verdieditions.com\/equilibre-de-vie\/wp-json\/wp\/v2\/product_brand?post=760"},{"taxonomy":"product_cat","embeddable":true,"href":"https:\/\/www.verdieditions.com\/equilibre-de-vie\/wp-json\/wp\/v2\/product_cat?post=760"},{"taxonomy":"product_tag","embeddable":true,"href":"https:\/\/www.verdieditions.com\/equilibre-de-vie\/wp-json\/wp\/v2\/product_tag?post=760"}],"curies":[{"name":"wp","href":"https:\/\/api.w.org\/{rel}","templated":true}]}}