{"id":734,"date":"2020-04-26T16:55:57","date_gmt":"2020-04-26T14:55:57","guid":{"rendered":"https:\/\/www.verdieditions.com\/equilibre-de-vie\/?post_type=product&#038;p=734"},"modified":"2024-02-06T11:36:45","modified_gmt":"2024-02-06T10:36:45","slug":"le-silence-coeur-zen-christianisme-grant","status":"publish","type":"product","link":"https:\/\/www.verdieditions.com\/equilibre-de-vie\/produit\/le-silence-coeur-zen-christianisme-grant\/","title":{"rendered":"Le silence du coeur, zen et christianisme &#8211; Terence GRANT"},"content":{"rendered":"<p>Auteur : Terence GRANT<br \/>\nTitre : Le silence du coeur, zen et christianisme<br \/>\n\u00c9diteur : Salvator, 1998<br \/>\nDim. 14 x 21<br \/>\n231 pages<\/p>\n<p>\u00ab\u00a0J&rsquo;ai relat\u00e9 dans ce livre, dit l&rsquo;auteur, ma propre exp\u00e9rience spirituelle dans une voie qui m&rsquo;a conduit \u00e0 une lib\u00e9ration de l&rsquo;angoisse et de la peur. J&rsquo;esp\u00e8re que le lecteur trouvera ici sa propre gu\u00e9rison par ses propres moyens.\u00a0\u00bb Le Silence du C\u0153ur trace un tel chemin de lib\u00e9ration. Tirant son \u00e9nergie de la spiritualit\u00e9 chr\u00e9tienne et du zen, Grant propose une approche de sagesse pratique qui unit l&rsquo;ex\u00e9g\u00e8se de la Bible, l&rsquo;ironie de la fable, et l&rsquo;humour de l&rsquo;anecdote. Il a choisi le meilleur de ses nombreuses interventions publiques que des milliers de gens ont \u00e9cout\u00e9 avec enthousiasme. Les mystiques de toutes les religions ont toujours su que la clef de la vie spirituelle est la connaissance de soi : aujourd&rsquo;hui, toutes les traditions religieuses comptent avec Grant un nouvel alli\u00e9 et un ma\u00eetre qui balise le chemin vers la compr\u00e9hension de soi et l&rsquo;\u00e9panouissement spirituel.<\/p>\n","protected":false},"excerpt":{"rendered":"<p>Auteur : Terence GRANT<br \/>\nTitre : Le silence du coeur, zen et christianisme<br \/>\n\u00c9diteur : Salvator, 1998<br \/>\nDim. 14 x 21<br \/>\n231 pages<\/p>\n","protected":false},"featured_media":735,"template":"","meta":[],"product_brand":[],"product_cat":[22],"product_tag":[41,48,119,141,203,179],"class_list":{"0":"post-734","1":"product","2":"type-product","3":"status-publish","4":"has-post-thumbnail","6":"product_cat-developpement-personnel","7":"product_tag-bouddhisme","8":"product_tag-christianisme","9":"product_tag-peur","10":"product_tag-religion","11":"product_tag-spiritualite","12":"product_tag-zen","14":"first","15":"instock","16":"shipping-taxable","17":"product-type-simple"},"yoast_head":"<!-- This site is optimized with the Yoast SEO plugin v27.4 - https:\/\/yoast.com\/product\/yoast-seo-wordpress\/ -->\n<title>Le silence du coeur, zen et christianisme - Terence GRANT - Equilibre de Vie<\/title>\n<meta name=\"description\" content=\"Auteur : Terence GRANT Titre : Le silence du coeur, zen et christianisme \u00c9diteur : Salvator, 1998 Dim. 14 x 21 231 pages\" \/>\n<meta name=\"robots\" content=\"index, follow, max-snippet:-1, max-image-preview:large, max-video-preview:-1\" \/>\n<link rel=\"canonical\" href=\"https:\/\/www.verdieditions.com\/equilibre-de-vie\/produit\/le-silence-coeur-zen-christianisme-grant\/\" \/>\n<meta property=\"og:locale\" content=\"fr_FR\" \/>\n<meta property=\"og:type\" content=\"article\" \/>\n<meta property=\"og:title\" content=\"Le silence du coeur, zen et christianisme - Terence GRANT - Equilibre de Vie\" \/>\n<meta property=\"og:description\" content=\"Auteur : Terence GRANT Titre : Le silence du coeur, zen et christianisme \u00c9diteur : Salvator, 1998 Dim. 14 x 21 231 pages\" \/>\n<meta property=\"og:url\" content=\"https:\/\/www.verdieditions.com\/equilibre-de-vie\/produit\/le-silence-coeur-zen-christianisme-grant\/\" \/>\n<meta property=\"og:site_name\" content=\"Equilibre de Vie\" \/>\n<meta property=\"article:modified_time\" content=\"2024-02-06T10:36:45+00:00\" \/>\n<meta property=\"og:image\" content=\"https:\/\/www.verdieditions.com\/equilibre-de-vie\/wp-content\/uploads\/2020\/04\/silence-coeur-zen-christianisme-Grant.jpg\" \/>\n\t<meta property=\"og:image:width\" content=\"720\" \/>\n\t<meta property=\"og:image:height\" content=\"1071\" \/>\n\t<meta property=\"og:image:type\" content=\"image\/jpeg\" \/>\n<meta name=\"twitter:card\" content=\"summary_large_image\" \/>\n<meta name=\"twitter:label1\" content=\"Dur\u00e9e de lecture estim\u00e9e\" \/>\n\t<meta name=\"twitter:data1\" content=\"1 minute\" \/>\n<script type=\"application\/ld+json\" class=\"yoast-schema-graph\">{\"@context\":\"https:\\\/\\\/schema.org\",\"@graph\":[{\"@type\":\"WebPage\",\"@id\":\"https:\\\/\\\/www.verdieditions.com\\\/equilibre-de-vie\\\/produit\\\/le-silence-coeur-zen-christianisme-grant\\\/\",\"url\":\"https:\\\/\\\/www.verdieditions.com\\\/equilibre-de-vie\\\/produit\\\/le-silence-coeur-zen-christianisme-grant\\\/\",\"name\":\"Le silence du coeur, zen et christianisme - Terence GRANT - Equilibre de Vie\",\"isPartOf\":{\"@id\":\"https:\\\/\\\/www.verdieditions.com\\\/equilibre-de-vie\\\/#website\"},\"primaryImageOfPage\":{\"@id\":\"https:\\\/\\\/www.verdieditions.com\\\/equilibre-de-vie\\\/produit\\\/le-silence-coeur-zen-christianisme-grant\\\/#primaryimage\"},\"image\":{\"@id\":\"https:\\\/\\\/www.verdieditions.com\\\/equilibre-de-vie\\\/produit\\\/le-silence-coeur-zen-christianisme-grant\\\/#primaryimage\"},\"thumbnailUrl\":\"https:\\\/\\\/www.verdieditions.com\\\/equilibre-de-vie\\\/wp-content\\\/uploads\\\/2020\\\/04\\\/silence-coeur-zen-christianisme-Grant.jpg\",\"datePublished\":\"2020-04-26T14:55:57+00:00\",\"dateModified\":\"2024-02-06T10:36:45+00:00\",\"description\":\"Auteur : Terence GRANT Titre : Le silence du coeur, zen et christianisme \u00c9diteur : Salvator, 1998 Dim. 14 x 21 231 pages\",\"breadcrumb\":{\"@id\":\"https:\\\/\\\/www.verdieditions.com\\\/equilibre-de-vie\\\/produit\\\/le-silence-coeur-zen-christianisme-grant\\\/#breadcrumb\"},\"inLanguage\":\"fr-FR\",\"potentialAction\":[{\"@type\":\"ReadAction\",\"target\":[\"https:\\\/\\\/www.verdieditions.com\\\/equilibre-de-vie\\\/produit\\\/le-silence-coeur-zen-christianisme-grant\\\/\"]}]},{\"@type\":\"ImageObject\",\"inLanguage\":\"fr-FR\",\"@id\":\"https:\\\/\\\/www.verdieditions.com\\\/equilibre-de-vie\\\/produit\\\/le-silence-coeur-zen-christianisme-grant\\\/#primaryimage\",\"url\":\"https:\\\/\\\/www.verdieditions.com\\\/equilibre-de-vie\\\/wp-content\\\/uploads\\\/2020\\\/04\\\/silence-coeur-zen-christianisme-Grant.jpg\",\"contentUrl\":\"https:\\\/\\\/www.verdieditions.com\\\/equilibre-de-vie\\\/wp-content\\\/uploads\\\/2020\\\/04\\\/silence-coeur-zen-christianisme-Grant.jpg\",\"width\":720,\"height\":1071,\"caption\":\"silence-coeur-zen-christianisme-Grant\"},{\"@type\":\"BreadcrumbList\",\"@id\":\"https:\\\/\\\/www.verdieditions.com\\\/equilibre-de-vie\\\/produit\\\/le-silence-coeur-zen-christianisme-grant\\\/#breadcrumb\",\"itemListElement\":[{\"@type\":\"ListItem\",\"position\":1,\"name\":\"Accueil\",\"item\":\"https:\\\/\\\/www.verdieditions.com\\\/equilibre-de-vie\\\/\"},{\"@type\":\"ListItem\",\"position\":2,\"name\":\"La boutique\",\"item\":\"https:\\\/\\\/www.verdieditions.com\\\/equilibre-de-vie\\\/boutique\\\/\"},{\"@type\":\"ListItem\",\"position\":3,\"name\":\"Le silence du coeur, zen et christianisme &#8211; Terence GRANT\"}]},{\"@type\":\"WebSite\",\"@id\":\"https:\\\/\\\/www.verdieditions.com\\\/equilibre-de-vie\\\/#website\",\"url\":\"https:\\\/\\\/www.verdieditions.com\\\/equilibre-de-vie\\\/\",\"name\":\"Equilibre de Vie\",\"description\":\"Ma boutique livres sant\u00e9, \u00e9sot\u00e9risme et d\u00e9veloppement personnel\",\"publisher\":{\"@id\":\"https:\\\/\\\/www.verdieditions.com\\\/equilibre-de-vie\\\/#\\\/schema\\\/person\\\/9dcb2a6759f2f5fbf43ac0b44649cecb\"},\"potentialAction\":[{\"@type\":\"SearchAction\",\"target\":{\"@type\":\"EntryPoint\",\"urlTemplate\":\"https:\\\/\\\/www.verdieditions.com\\\/equilibre-de-vie\\\/?s={search_term_string}\"},\"query-input\":{\"@type\":\"PropertyValueSpecification\",\"valueRequired\":true,\"valueName\":\"search_term_string\"}}],\"inLanguage\":\"fr-FR\"},{\"@type\":[\"Person\",\"Organization\"],\"@id\":\"https:\\\/\\\/www.verdieditions.com\\\/equilibre-de-vie\\\/#\\\/schema\\\/person\\\/9dcb2a6759f2f5fbf43ac0b44649cecb\",\"name\":\"Sylvie VERDI\",\"image\":{\"@type\":\"ImageObject\",\"inLanguage\":\"fr-FR\",\"@id\":\"https:\\\/\\\/www.verdieditions.com\\\/equilibre-de-vie\\\/wp-content\\\/uploads\\\/2020\\\/04\\\/livres-occasion-sante-esoterisme-developpement-personnel-2.jpg\",\"url\":\"https:\\\/\\\/www.verdieditions.com\\\/equilibre-de-vie\\\/wp-content\\\/uploads\\\/2020\\\/04\\\/livres-occasion-sante-esoterisme-developpement-personnel-2.jpg\",\"contentUrl\":\"https:\\\/\\\/www.verdieditions.com\\\/equilibre-de-vie\\\/wp-content\\\/uploads\\\/2020\\\/04\\\/livres-occasion-sante-esoterisme-developpement-personnel-2.jpg\",\"width\":800,\"height\":572,\"caption\":\"Sylvie VERDI\"},\"logo\":{\"@id\":\"https:\\\/\\\/www.verdieditions.com\\\/equilibre-de-vie\\\/wp-content\\\/uploads\\\/2020\\\/04\\\/livres-occasion-sante-esoterisme-developpement-personnel-2.jpg\"},\"sameAs\":[\"https:\\\/\\\/www.verdieditions.com\\\/equilibre-de-vie\"]}]}<\/script>\n<!-- \/ Yoast SEO plugin. -->","yoast_head_json":{"title":"Le silence du coeur, zen et christianisme - Terence GRANT - Equilibre de Vie","description":"Auteur : Terence GRANT Titre : Le silence du coeur, zen et christianisme \u00c9diteur : Salvator, 1998 Dim. 14 x 21 231 pages","robots":{"index":"index","follow":"follow","max-snippet":"max-snippet:-1","max-image-preview":"max-image-preview:large","max-video-preview":"max-video-preview:-1"},"canonical":"https:\/\/www.verdieditions.com\/equilibre-de-vie\/produit\/le-silence-coeur-zen-christianisme-grant\/","og_locale":"fr_FR","og_type":"article","og_title":"Le silence du coeur, zen et christianisme - Terence GRANT - Equilibre de Vie","og_description":"Auteur : Terence GRANT Titre : Le silence du coeur, zen et christianisme \u00c9diteur : Salvator, 1998 Dim. 14 x 21 231 pages","og_url":"https:\/\/www.verdieditions.com\/equilibre-de-vie\/produit\/le-silence-coeur-zen-christianisme-grant\/","og_site_name":"Equilibre de Vie","article_modified_time":"2024-02-06T10:36:45+00:00","og_image":[{"width":720,"height":1071,"url":"https:\/\/www.verdieditions.com\/equilibre-de-vie\/wp-content\/uploads\/2020\/04\/silence-coeur-zen-christianisme-Grant.jpg","type":"image\/jpeg"}],"twitter_card":"summary_large_image","twitter_misc":{"Dur\u00e9e de lecture estim\u00e9e":"1 minute"},"schema":{"@context":"https:\/\/schema.org","@graph":[{"@type":"WebPage","@id":"https:\/\/www.verdieditions.com\/equilibre-de-vie\/produit\/le-silence-coeur-zen-christianisme-grant\/","url":"https:\/\/www.verdieditions.com\/equilibre-de-vie\/produit\/le-silence-coeur-zen-christianisme-grant\/","name":"Le silence du coeur, zen et christianisme - Terence GRANT - Equilibre de Vie","isPartOf":{"@id":"https:\/\/www.verdieditions.com\/equilibre-de-vie\/#website"},"primaryImageOfPage":{"@id":"https:\/\/www.verdieditions.com\/equilibre-de-vie\/produit\/le-silence-coeur-zen-christianisme-grant\/#primaryimage"},"image":{"@id":"https:\/\/www.verdieditions.com\/equilibre-de-vie\/produit\/le-silence-coeur-zen-christianisme-grant\/#primaryimage"},"thumbnailUrl":"https:\/\/www.verdieditions.com\/equilibre-de-vie\/wp-content\/uploads\/2020\/04\/silence-coeur-zen-christianisme-Grant.jpg","datePublished":"2020-04-26T14:55:57+00:00","dateModified":"2024-02-06T10:36:45+00:00","description":"Auteur : Terence GRANT Titre : Le silence du coeur, zen et christianisme \u00c9diteur : Salvator, 1998 Dim. 14 x 21 231 pages","breadcrumb":{"@id":"https:\/\/www.verdieditions.com\/equilibre-de-vie\/produit\/le-silence-coeur-zen-christianisme-grant\/#breadcrumb"},"inLanguage":"fr-FR","potentialAction":[{"@type":"ReadAction","target":["https:\/\/www.verdieditions.com\/equilibre-de-vie\/produit\/le-silence-coeur-zen-christianisme-grant\/"]}]},{"@type":"ImageObject","inLanguage":"fr-FR","@id":"https:\/\/www.verdieditions.com\/equilibre-de-vie\/produit\/le-silence-coeur-zen-christianisme-grant\/#primaryimage","url":"https:\/\/www.verdieditions.com\/equilibre-de-vie\/wp-content\/uploads\/2020\/04\/silence-coeur-zen-christianisme-Grant.jpg","contentUrl":"https:\/\/www.verdieditions.com\/equilibre-de-vie\/wp-content\/uploads\/2020\/04\/silence-coeur-zen-christianisme-Grant.jpg","width":720,"height":1071,"caption":"silence-coeur-zen-christianisme-Grant"},{"@type":"BreadcrumbList","@id":"https:\/\/www.verdieditions.com\/equilibre-de-vie\/produit\/le-silence-coeur-zen-christianisme-grant\/#breadcrumb","itemListElement":[{"@type":"ListItem","position":1,"name":"Accueil","item":"https:\/\/www.verdieditions.com\/equilibre-de-vie\/"},{"@type":"ListItem","position":2,"name":"La boutique","item":"https:\/\/www.verdieditions.com\/equilibre-de-vie\/boutique\/"},{"@type":"ListItem","position":3,"name":"Le silence du coeur, zen et christianisme &#8211; Terence GRANT"}]},{"@type":"WebSite","@id":"https:\/\/www.verdieditions.com\/equilibre-de-vie\/#website","url":"https:\/\/www.verdieditions.com\/equilibre-de-vie\/","name":"Equilibre de Vie","description":"Ma boutique livres sant\u00e9, \u00e9sot\u00e9risme et d\u00e9veloppement personnel","publisher":{"@id":"https:\/\/www.verdieditions.com\/equilibre-de-vie\/#\/schema\/person\/9dcb2a6759f2f5fbf43ac0b44649cecb"},"potentialAction":[{"@type":"SearchAction","target":{"@type":"EntryPoint","urlTemplate":"https:\/\/www.verdieditions.com\/equilibre-de-vie\/?s={search_term_string}"},"query-input":{"@type":"PropertyValueSpecification","valueRequired":true,"valueName":"search_term_string"}}],"inLanguage":"fr-FR"},{"@type":["Person","Organization"],"@id":"https:\/\/www.verdieditions.com\/equilibre-de-vie\/#\/schema\/person\/9dcb2a6759f2f5fbf43ac0b44649cecb","name":"Sylvie VERDI","image":{"@type":"ImageObject","inLanguage":"fr-FR","@id":"https:\/\/www.verdieditions.com\/equilibre-de-vie\/wp-content\/uploads\/2020\/04\/livres-occasion-sante-esoterisme-developpement-personnel-2.jpg","url":"https:\/\/www.verdieditions.com\/equilibre-de-vie\/wp-content\/uploads\/2020\/04\/livres-occasion-sante-esoterisme-developpement-personnel-2.jpg","contentUrl":"https:\/\/www.verdieditions.com\/equilibre-de-vie\/wp-content\/uploads\/2020\/04\/livres-occasion-sante-esoterisme-developpement-personnel-2.jpg","width":800,"height":572,"caption":"Sylvie VERDI"},"logo":{"@id":"https:\/\/www.verdieditions.com\/equilibre-de-vie\/wp-content\/uploads\/2020\/04\/livres-occasion-sante-esoterisme-developpement-personnel-2.jpg"},"sameAs":["https:\/\/www.verdieditions.com\/equilibre-de-vie"]}]}},"_links":{"self":[{"href":"https:\/\/www.verdieditions.com\/equilibre-de-vie\/wp-json\/wp\/v2\/product\/734","targetHints":{"allow":["GET"]}}],"collection":[{"href":"https:\/\/www.verdieditions.com\/equilibre-de-vie\/wp-json\/wp\/v2\/product"}],"about":[{"href":"https:\/\/www.verdieditions.com\/equilibre-de-vie\/wp-json\/wp\/v2\/types\/product"}],"wp:featuredmedia":[{"embeddable":true,"href":"https:\/\/www.verdieditions.com\/equilibre-de-vie\/wp-json\/wp\/v2\/media\/735"}],"wp:attachment":[{"href":"https:\/\/www.verdieditions.com\/equilibre-de-vie\/wp-json\/wp\/v2\/media?parent=734"}],"wp:term":[{"taxonomy":"product_brand","embeddable":true,"href":"https:\/\/www.verdieditions.com\/equilibre-de-vie\/wp-json\/wp\/v2\/product_brand?post=734"},{"taxonomy":"product_cat","embeddable":true,"href":"https:\/\/www.verdieditions.com\/equilibre-de-vie\/wp-json\/wp\/v2\/product_cat?post=734"},{"taxonomy":"product_tag","embeddable":true,"href":"https:\/\/www.verdieditions.com\/equilibre-de-vie\/wp-json\/wp\/v2\/product_tag?post=734"}],"curies":[{"name":"wp","href":"https:\/\/api.w.org\/{rel}","templated":true}]}}