{"id":728,"date":"2020-04-26T15:11:05","date_gmt":"2020-04-26T13:11:05","guid":{"rendered":"https:\/\/www.verdieditions.com\/equilibre-de-vie\/?post_type=product&#038;p=728"},"modified":"2024-02-06T11:37:05","modified_gmt":"2024-02-06T10:37:05","slug":"danser-vie-davis-kasl","status":"publish","type":"product","link":"https:\/\/www.verdieditions.com\/equilibre-de-vie\/produit\/danser-vie-davis-kasl\/","title":{"rendered":"Danser avec la vie &#8211; Charlotte DAVIS KASL"},"content":{"rendered":"<p>Auteur : Charlotte DAVIS KASL, docteur en psychologie<br \/>\nTitre : Danser avec la vie, 101 jours pour retrouver la joie de vivre<br \/>\n\u00c9diteur : Dangles, 2001, collection psycho-soma, deuxi\u00e8me \u00e9dition<br \/>\nDim. 15 x 21<br \/>\n233 pages<\/p>\n<p>La joie d&rsquo;\u00eatre et de faire n&rsquo;est-elle pas plus productive que l&rsquo;acharnement besogneux qui finit par nous couper de nos aspirations profondes ? Charlotte Davis Kasl nous invite \u00e0 retrouver ce principe simple: on ne fait bien que ce que l&rsquo;on fait avec plaisir ou envie. Dans ce but, et pour nous aider dans notre d\u00e9marche, elle a mis au point un plan d&rsquo;action en 101 jours. 101 jours pour changer notre fa\u00e7on de vivre le quotidien, pour nous aimer nous-m\u00eame, pour devenir attentif aux autres, pour reprendre confiance en nous et redonner du sens \u00e0 notre vie&#8230; pour retrouver la capacit\u00e9 \u00e0 vivre dans la joie chaque instant. Gr\u00e2ce \u00e0 sa m\u00e9thode, nous pouvons enfin faire face aux \u00e9v\u00e9nements avec une r\u00e9ceptivit\u00e9 nouvelle et positive, lib\u00e9r\u00e9 de ce carcan qui nous emp\u00eachait de profiter pleinement des bienfaits de chacune de nos entreprises. Ce livre se pr\u00e9sente comme un guide, dont chaque journ\u00e9e constitue un exercice concret \u00e0 mettre en pratique. Au total, 101 journ\u00e9es d&rsquo;initiation au bonheur, afin de gommer les \u00e9motions n\u00e9gatives qui encombrent notre esprit.<\/p>\n","protected":false},"excerpt":{"rendered":"<p>Auteur : Charlotte DAVIS KASL, docteur en psychologie<br \/>\nTitre : Danser avec la vie, 101 jours pour retrouver la joie de vivre<br \/>\n\u00c9diteur : Dangles, 2001, collection psycho-soma, deuxi\u00e8me \u00e9dition<br \/>\nDim. 15 x 21<br \/>\n233 pages<\/p>\n","protected":false},"featured_media":729,"template":"","meta":[],"product_brand":[],"product_cat":[22],"product_tag":[118,126,143,158,171],"class_list":{"0":"post-728","1":"product","2":"type-product","3":"status-publish","4":"has-post-thumbnail","6":"product_cat-developpement-personnel","7":"product_tag-pensee-positive","8":"product_tag-positif","9":"product_tag-reussite","10":"product_tag-succes","11":"product_tag-vie","13":"first","14":"instock","15":"shipping-taxable","16":"product-type-simple"},"yoast_head":"<!-- This site is optimized with the Yoast SEO plugin v27.4 - https:\/\/yoast.com\/product\/yoast-seo-wordpress\/ -->\n<title>Danser avec la vie - Charlotte DAVIS KASL - Equilibre de Vie<\/title>\n<meta name=\"description\" content=\"Auteur : Charlotte DAVIS KASL, docteur en psychologie Titre : Danser avec la vie, 101 jours pour retrouver la joie de vivre \u00c9diteur : Dangles, 2001, collection psycho-soma, deuxi\u00e8me \u00e9dition Dim. 15 x 21 233 pages\" \/>\n<meta name=\"robots\" content=\"index, follow, max-snippet:-1, max-image-preview:large, max-video-preview:-1\" \/>\n<link rel=\"canonical\" href=\"https:\/\/www.verdieditions.com\/equilibre-de-vie\/produit\/danser-vie-davis-kasl\/\" \/>\n<meta property=\"og:locale\" content=\"fr_FR\" \/>\n<meta property=\"og:type\" content=\"article\" \/>\n<meta property=\"og:title\" content=\"Danser avec la vie - Charlotte DAVIS KASL - Equilibre de Vie\" \/>\n<meta property=\"og:description\" content=\"Auteur : Charlotte DAVIS KASL, docteur en psychologie Titre : Danser avec la vie, 101 jours pour retrouver la joie de vivre \u00c9diteur : Dangles, 2001, collection psycho-soma, deuxi\u00e8me \u00e9dition Dim. 15 x 21 233 pages\" \/>\n<meta property=\"og:url\" content=\"https:\/\/www.verdieditions.com\/equilibre-de-vie\/produit\/danser-vie-davis-kasl\/\" \/>\n<meta property=\"og:site_name\" content=\"Equilibre de Vie\" \/>\n<meta property=\"article:modified_time\" content=\"2024-02-06T10:37:05+00:00\" \/>\n<meta property=\"og:image\" content=\"https:\/\/www.verdieditions.com\/equilibre-de-vie\/wp-content\/uploads\/2020\/04\/Danser-avec-vie-101-jours-joie-vivre-Kasl.jpg\" \/>\n\t<meta property=\"og:image:width\" content=\"889\" \/>\n\t<meta property=\"og:image:height\" content=\"1212\" \/>\n\t<meta property=\"og:image:type\" content=\"image\/jpeg\" \/>\n<meta name=\"twitter:card\" content=\"summary_large_image\" \/>\n<meta name=\"twitter:label1\" content=\"Dur\u00e9e de lecture estim\u00e9e\" \/>\n\t<meta name=\"twitter:data1\" content=\"1 minute\" \/>\n<script type=\"application\/ld+json\" class=\"yoast-schema-graph\">{\"@context\":\"https:\\\/\\\/schema.org\",\"@graph\":[{\"@type\":\"WebPage\",\"@id\":\"https:\\\/\\\/www.verdieditions.com\\\/equilibre-de-vie\\\/produit\\\/danser-vie-davis-kasl\\\/\",\"url\":\"https:\\\/\\\/www.verdieditions.com\\\/equilibre-de-vie\\\/produit\\\/danser-vie-davis-kasl\\\/\",\"name\":\"Danser avec la vie - Charlotte DAVIS KASL - Equilibre de Vie\",\"isPartOf\":{\"@id\":\"https:\\\/\\\/www.verdieditions.com\\\/equilibre-de-vie\\\/#website\"},\"primaryImageOfPage\":{\"@id\":\"https:\\\/\\\/www.verdieditions.com\\\/equilibre-de-vie\\\/produit\\\/danser-vie-davis-kasl\\\/#primaryimage\"},\"image\":{\"@id\":\"https:\\\/\\\/www.verdieditions.com\\\/equilibre-de-vie\\\/produit\\\/danser-vie-davis-kasl\\\/#primaryimage\"},\"thumbnailUrl\":\"https:\\\/\\\/www.verdieditions.com\\\/equilibre-de-vie\\\/wp-content\\\/uploads\\\/2020\\\/04\\\/Danser-avec-vie-101-jours-joie-vivre-Kasl.jpg\",\"datePublished\":\"2020-04-26T13:11:05+00:00\",\"dateModified\":\"2024-02-06T10:37:05+00:00\",\"description\":\"Auteur : Charlotte DAVIS KASL, docteur en psychologie Titre : Danser avec la vie, 101 jours pour retrouver la joie de vivre \u00c9diteur : Dangles, 2001, collection psycho-soma, deuxi\u00e8me \u00e9dition Dim. 15 x 21 233 pages\",\"breadcrumb\":{\"@id\":\"https:\\\/\\\/www.verdieditions.com\\\/equilibre-de-vie\\\/produit\\\/danser-vie-davis-kasl\\\/#breadcrumb\"},\"inLanguage\":\"fr-FR\",\"potentialAction\":[{\"@type\":\"ReadAction\",\"target\":[\"https:\\\/\\\/www.verdieditions.com\\\/equilibre-de-vie\\\/produit\\\/danser-vie-davis-kasl\\\/\"]}]},{\"@type\":\"ImageObject\",\"inLanguage\":\"fr-FR\",\"@id\":\"https:\\\/\\\/www.verdieditions.com\\\/equilibre-de-vie\\\/produit\\\/danser-vie-davis-kasl\\\/#primaryimage\",\"url\":\"https:\\\/\\\/www.verdieditions.com\\\/equilibre-de-vie\\\/wp-content\\\/uploads\\\/2020\\\/04\\\/Danser-avec-vie-101-jours-joie-vivre-Kasl.jpg\",\"contentUrl\":\"https:\\\/\\\/www.verdieditions.com\\\/equilibre-de-vie\\\/wp-content\\\/uploads\\\/2020\\\/04\\\/Danser-avec-vie-101-jours-joie-vivre-Kasl.jpg\",\"width\":889,\"height\":1212,\"caption\":\"Danser-avec-vie-101-jours-joie-vivre-Kasl\"},{\"@type\":\"BreadcrumbList\",\"@id\":\"https:\\\/\\\/www.verdieditions.com\\\/equilibre-de-vie\\\/produit\\\/danser-vie-davis-kasl\\\/#breadcrumb\",\"itemListElement\":[{\"@type\":\"ListItem\",\"position\":1,\"name\":\"Accueil\",\"item\":\"https:\\\/\\\/www.verdieditions.com\\\/equilibre-de-vie\\\/\"},{\"@type\":\"ListItem\",\"position\":2,\"name\":\"La boutique\",\"item\":\"https:\\\/\\\/www.verdieditions.com\\\/equilibre-de-vie\\\/boutique\\\/\"},{\"@type\":\"ListItem\",\"position\":3,\"name\":\"Danser avec la vie &#8211; Charlotte DAVIS KASL\"}]},{\"@type\":\"WebSite\",\"@id\":\"https:\\\/\\\/www.verdieditions.com\\\/equilibre-de-vie\\\/#website\",\"url\":\"https:\\\/\\\/www.verdieditions.com\\\/equilibre-de-vie\\\/\",\"name\":\"Equilibre de Vie\",\"description\":\"Ma boutique livres sant\u00e9, \u00e9sot\u00e9risme et d\u00e9veloppement personnel\",\"publisher\":{\"@id\":\"https:\\\/\\\/www.verdieditions.com\\\/equilibre-de-vie\\\/#\\\/schema\\\/person\\\/9dcb2a6759f2f5fbf43ac0b44649cecb\"},\"potentialAction\":[{\"@type\":\"SearchAction\",\"target\":{\"@type\":\"EntryPoint\",\"urlTemplate\":\"https:\\\/\\\/www.verdieditions.com\\\/equilibre-de-vie\\\/?s={search_term_string}\"},\"query-input\":{\"@type\":\"PropertyValueSpecification\",\"valueRequired\":true,\"valueName\":\"search_term_string\"}}],\"inLanguage\":\"fr-FR\"},{\"@type\":[\"Person\",\"Organization\"],\"@id\":\"https:\\\/\\\/www.verdieditions.com\\\/equilibre-de-vie\\\/#\\\/schema\\\/person\\\/9dcb2a6759f2f5fbf43ac0b44649cecb\",\"name\":\"Sylvie VERDI\",\"image\":{\"@type\":\"ImageObject\",\"inLanguage\":\"fr-FR\",\"@id\":\"https:\\\/\\\/www.verdieditions.com\\\/equilibre-de-vie\\\/wp-content\\\/uploads\\\/2020\\\/04\\\/livres-occasion-sante-esoterisme-developpement-personnel-2.jpg\",\"url\":\"https:\\\/\\\/www.verdieditions.com\\\/equilibre-de-vie\\\/wp-content\\\/uploads\\\/2020\\\/04\\\/livres-occasion-sante-esoterisme-developpement-personnel-2.jpg\",\"contentUrl\":\"https:\\\/\\\/www.verdieditions.com\\\/equilibre-de-vie\\\/wp-content\\\/uploads\\\/2020\\\/04\\\/livres-occasion-sante-esoterisme-developpement-personnel-2.jpg\",\"width\":800,\"height\":572,\"caption\":\"Sylvie VERDI\"},\"logo\":{\"@id\":\"https:\\\/\\\/www.verdieditions.com\\\/equilibre-de-vie\\\/wp-content\\\/uploads\\\/2020\\\/04\\\/livres-occasion-sante-esoterisme-developpement-personnel-2.jpg\"},\"sameAs\":[\"https:\\\/\\\/www.verdieditions.com\\\/equilibre-de-vie\"]}]}<\/script>\n<!-- \/ Yoast SEO plugin. -->","yoast_head_json":{"title":"Danser avec la vie - Charlotte DAVIS KASL - Equilibre de Vie","description":"Auteur : Charlotte DAVIS KASL, docteur en psychologie Titre : Danser avec la vie, 101 jours pour retrouver la joie de vivre \u00c9diteur : Dangles, 2001, collection psycho-soma, deuxi\u00e8me \u00e9dition Dim. 15 x 21 233 pages","robots":{"index":"index","follow":"follow","max-snippet":"max-snippet:-1","max-image-preview":"max-image-preview:large","max-video-preview":"max-video-preview:-1"},"canonical":"https:\/\/www.verdieditions.com\/equilibre-de-vie\/produit\/danser-vie-davis-kasl\/","og_locale":"fr_FR","og_type":"article","og_title":"Danser avec la vie - Charlotte DAVIS KASL - Equilibre de Vie","og_description":"Auteur : Charlotte DAVIS KASL, docteur en psychologie Titre : Danser avec la vie, 101 jours pour retrouver la joie de vivre \u00c9diteur : Dangles, 2001, collection psycho-soma, deuxi\u00e8me \u00e9dition Dim. 15 x 21 233 pages","og_url":"https:\/\/www.verdieditions.com\/equilibre-de-vie\/produit\/danser-vie-davis-kasl\/","og_site_name":"Equilibre de Vie","article_modified_time":"2024-02-06T10:37:05+00:00","og_image":[{"width":889,"height":1212,"url":"https:\/\/www.verdieditions.com\/equilibre-de-vie\/wp-content\/uploads\/2020\/04\/Danser-avec-vie-101-jours-joie-vivre-Kasl.jpg","type":"image\/jpeg"}],"twitter_card":"summary_large_image","twitter_misc":{"Dur\u00e9e de lecture estim\u00e9e":"1 minute"},"schema":{"@context":"https:\/\/schema.org","@graph":[{"@type":"WebPage","@id":"https:\/\/www.verdieditions.com\/equilibre-de-vie\/produit\/danser-vie-davis-kasl\/","url":"https:\/\/www.verdieditions.com\/equilibre-de-vie\/produit\/danser-vie-davis-kasl\/","name":"Danser avec la vie - Charlotte DAVIS KASL - Equilibre de Vie","isPartOf":{"@id":"https:\/\/www.verdieditions.com\/equilibre-de-vie\/#website"},"primaryImageOfPage":{"@id":"https:\/\/www.verdieditions.com\/equilibre-de-vie\/produit\/danser-vie-davis-kasl\/#primaryimage"},"image":{"@id":"https:\/\/www.verdieditions.com\/equilibre-de-vie\/produit\/danser-vie-davis-kasl\/#primaryimage"},"thumbnailUrl":"https:\/\/www.verdieditions.com\/equilibre-de-vie\/wp-content\/uploads\/2020\/04\/Danser-avec-vie-101-jours-joie-vivre-Kasl.jpg","datePublished":"2020-04-26T13:11:05+00:00","dateModified":"2024-02-06T10:37:05+00:00","description":"Auteur : Charlotte DAVIS KASL, docteur en psychologie Titre : Danser avec la vie, 101 jours pour retrouver la joie de vivre \u00c9diteur : Dangles, 2001, collection psycho-soma, deuxi\u00e8me \u00e9dition Dim. 15 x 21 233 pages","breadcrumb":{"@id":"https:\/\/www.verdieditions.com\/equilibre-de-vie\/produit\/danser-vie-davis-kasl\/#breadcrumb"},"inLanguage":"fr-FR","potentialAction":[{"@type":"ReadAction","target":["https:\/\/www.verdieditions.com\/equilibre-de-vie\/produit\/danser-vie-davis-kasl\/"]}]},{"@type":"ImageObject","inLanguage":"fr-FR","@id":"https:\/\/www.verdieditions.com\/equilibre-de-vie\/produit\/danser-vie-davis-kasl\/#primaryimage","url":"https:\/\/www.verdieditions.com\/equilibre-de-vie\/wp-content\/uploads\/2020\/04\/Danser-avec-vie-101-jours-joie-vivre-Kasl.jpg","contentUrl":"https:\/\/www.verdieditions.com\/equilibre-de-vie\/wp-content\/uploads\/2020\/04\/Danser-avec-vie-101-jours-joie-vivre-Kasl.jpg","width":889,"height":1212,"caption":"Danser-avec-vie-101-jours-joie-vivre-Kasl"},{"@type":"BreadcrumbList","@id":"https:\/\/www.verdieditions.com\/equilibre-de-vie\/produit\/danser-vie-davis-kasl\/#breadcrumb","itemListElement":[{"@type":"ListItem","position":1,"name":"Accueil","item":"https:\/\/www.verdieditions.com\/equilibre-de-vie\/"},{"@type":"ListItem","position":2,"name":"La boutique","item":"https:\/\/www.verdieditions.com\/equilibre-de-vie\/boutique\/"},{"@type":"ListItem","position":3,"name":"Danser avec la vie &#8211; Charlotte DAVIS KASL"}]},{"@type":"WebSite","@id":"https:\/\/www.verdieditions.com\/equilibre-de-vie\/#website","url":"https:\/\/www.verdieditions.com\/equilibre-de-vie\/","name":"Equilibre de Vie","description":"Ma boutique livres sant\u00e9, \u00e9sot\u00e9risme et d\u00e9veloppement personnel","publisher":{"@id":"https:\/\/www.verdieditions.com\/equilibre-de-vie\/#\/schema\/person\/9dcb2a6759f2f5fbf43ac0b44649cecb"},"potentialAction":[{"@type":"SearchAction","target":{"@type":"EntryPoint","urlTemplate":"https:\/\/www.verdieditions.com\/equilibre-de-vie\/?s={search_term_string}"},"query-input":{"@type":"PropertyValueSpecification","valueRequired":true,"valueName":"search_term_string"}}],"inLanguage":"fr-FR"},{"@type":["Person","Organization"],"@id":"https:\/\/www.verdieditions.com\/equilibre-de-vie\/#\/schema\/person\/9dcb2a6759f2f5fbf43ac0b44649cecb","name":"Sylvie VERDI","image":{"@type":"ImageObject","inLanguage":"fr-FR","@id":"https:\/\/www.verdieditions.com\/equilibre-de-vie\/wp-content\/uploads\/2020\/04\/livres-occasion-sante-esoterisme-developpement-personnel-2.jpg","url":"https:\/\/www.verdieditions.com\/equilibre-de-vie\/wp-content\/uploads\/2020\/04\/livres-occasion-sante-esoterisme-developpement-personnel-2.jpg","contentUrl":"https:\/\/www.verdieditions.com\/equilibre-de-vie\/wp-content\/uploads\/2020\/04\/livres-occasion-sante-esoterisme-developpement-personnel-2.jpg","width":800,"height":572,"caption":"Sylvie VERDI"},"logo":{"@id":"https:\/\/www.verdieditions.com\/equilibre-de-vie\/wp-content\/uploads\/2020\/04\/livres-occasion-sante-esoterisme-developpement-personnel-2.jpg"},"sameAs":["https:\/\/www.verdieditions.com\/equilibre-de-vie"]}]}},"_links":{"self":[{"href":"https:\/\/www.verdieditions.com\/equilibre-de-vie\/wp-json\/wp\/v2\/product\/728","targetHints":{"allow":["GET"]}}],"collection":[{"href":"https:\/\/www.verdieditions.com\/equilibre-de-vie\/wp-json\/wp\/v2\/product"}],"about":[{"href":"https:\/\/www.verdieditions.com\/equilibre-de-vie\/wp-json\/wp\/v2\/types\/product"}],"wp:featuredmedia":[{"embeddable":true,"href":"https:\/\/www.verdieditions.com\/equilibre-de-vie\/wp-json\/wp\/v2\/media\/729"}],"wp:attachment":[{"href":"https:\/\/www.verdieditions.com\/equilibre-de-vie\/wp-json\/wp\/v2\/media?parent=728"}],"wp:term":[{"taxonomy":"product_brand","embeddable":true,"href":"https:\/\/www.verdieditions.com\/equilibre-de-vie\/wp-json\/wp\/v2\/product_brand?post=728"},{"taxonomy":"product_cat","embeddable":true,"href":"https:\/\/www.verdieditions.com\/equilibre-de-vie\/wp-json\/wp\/v2\/product_cat?post=728"},{"taxonomy":"product_tag","embeddable":true,"href":"https:\/\/www.verdieditions.com\/equilibre-de-vie\/wp-json\/wp\/v2\/product_tag?post=728"}],"curies":[{"name":"wp","href":"https:\/\/api.w.org\/{rel}","templated":true}]}}