{"id":717,"date":"2020-04-26T14:35:58","date_gmt":"2020-04-26T12:35:58","guid":{"rendered":"https:\/\/www.verdieditions.com\/equilibre-de-vie\/?post_type=product&#038;p=717"},"modified":"2024-02-06T11:11:58","modified_gmt":"2024-02-06T10:11:58","slug":"malaise-travail-harcelement-moral-hirigoyen","status":"publish","type":"product","link":"https:\/\/www.verdieditions.com\/equilibre-de-vie\/produit\/malaise-travail-harcelement-moral-hirigoyen\/","title":{"rendered":"Malaise dans le travail &#8211; Marie-France HIRIGOYEN"},"content":{"rendered":"<p>Auteur : Marie-France HIRIGOYEN<br \/>\nTitre : Malaise dans le travail, harc\u00e8lement moral, d\u00e9m\u00ealer le vrai du faux<br \/>\n\u00c9diteur : Syros, 2001<br \/>\nDim. 13,5 x 22<br \/>\n290 pages<\/p>\n<p>Publi\u00e9 en 1998, le livre de Marie-France Hirigoyen, Le harc\u00e8lement moral, la violence perverse au quotidien, a rencontr\u00e9 un succ\u00e8s consid\u00e9rable et&#8230; inattendu : ce succ\u00e8s a r\u00e9v\u00e9l\u00e9 un ph\u00e9nom\u00e8ne de soci\u00e9t\u00e9 dont on ignorait jusque-l\u00e0 l&rsquo;ampleur dans le monde du travail. On conna\u00eet la suite : la d\u00e9ferlante des t\u00e9moignages, l&rsquo;incroyable m\u00e9diatisation des \u00ab\u00a0affaires\u00a0\u00bb de harc\u00e8lement tant dans le priv\u00e9 que dans le public, les d\u00e9bats entre professionnels (m\u00e9decins du travail, inspecteurs, syndicalistes, juristes, chefs d&rsquo;entreprise), la cr\u00e9ation d&rsquo;associations, les nombreux colloques organis\u00e9s sur le th\u00e8me, et enfin le projet de loi soumis par le groupe communiste \u00e0 l&rsquo;Assembl\u00e9e nationale. Le harc\u00e8lement moral fait aujourd&rsquo;hui d\u00e9bat et une mise au point s&rsquo;imposait. Prenant appui sur une enqu\u00eate men\u00e9e aupr\u00e8s des centaines de personnes qui lui ont adress\u00e9 des t\u00e9moignages \u00e9crits, Marie-France Hirigoyen affine ici son analyse et pr\u00e9cise la notion, pour \u00e9viter que le terme soit utilis\u00e9 abusivement et \u00e0 contresens. Y a-t-il une sp\u00e9cificit\u00e9 de la victime ? Un profil de l&rsquo;agresseur ? Des cas de fausses all\u00e9gations ? Comment d\u00e9m\u00ealer le vrai du faux ? Qu&rsquo;est-ce qui n&rsquo;est pas du harc\u00e8lement moral ? Comment rep\u00e9rer ce qui en est ? Quels contextes de travail favorisent les proc\u00e9d\u00e9s pervers ? Ce livre, nourri de nombreux cas concrets, r\u00e9pond avec pr\u00e9cision \u00e0 ces questions, sans esquiver la complexit\u00e9 des situations. Enfin, convaincue que l&rsquo;organisation du travail est une donn\u00e9e n\u00e9cessaire mais pas suffisante pour expliquer le ph\u00e9nom\u00e8ne, l&rsquo;auteur consacre la derni\u00e8re partie du livre \u00e0 la pr\u00e9vention sur le lieu de travail et aupr\u00e8s des professionnels, en redonnant un sens fort \u00e0 l&rsquo;\u00e9thique et \u00e0 la responsabilit\u00e9 individuelle. Un livre indispensable pour tous ceux qui sont concern\u00e9s directement ou indirectement par le harc\u00e8lement moral.<\/p>\n","protected":false},"excerpt":{"rendered":"<p>Auteur : Marie-France HIRIGOYEN<br \/>\nTitre : Malaise dans le travail, harc\u00e8lement moral, d\u00e9m\u00ealer le vrai du faux<br \/>\n\u00c9diteur : Syros, 2001<br \/>\nDim. 13,5 x 22<br \/>\n290 pages<\/p>\n","protected":false},"featured_media":718,"template":"","meta":[],"product_brand":[],"product_cat":[22],"product_tag":[77,132,139,169],"class_list":{"0":"post-717","1":"product","2":"type-product","3":"status-publish","4":"has-post-thumbnail","6":"product_cat-developpement-personnel","7":"product_tag-harcelement","8":"product_tag-professionnel","9":"product_tag-relations-humaines","10":"product_tag-travail","12":"first","13":"instock","14":"shipping-taxable","15":"product-type-simple"},"yoast_head":"<!-- This site is optimized with the Yoast SEO plugin v27.4 - https:\/\/yoast.com\/product\/yoast-seo-wordpress\/ -->\n<title>Malaise dans le travail - Marie-France HIRIGOYEN - Equilibre de Vie<\/title>\n<meta name=\"description\" content=\"Auteur : Marie-France HIRIGOYEN Titre : Malaise dans le travail, harc\u00e8lement moral, d\u00e9m\u00ealer le vrai du faux \u00c9diteur : Syros, 2001 Dim. 13,5 x 22 290 pages\" \/>\n<meta name=\"robots\" content=\"index, follow, max-snippet:-1, max-image-preview:large, max-video-preview:-1\" \/>\n<link rel=\"canonical\" href=\"https:\/\/www.verdieditions.com\/equilibre-de-vie\/produit\/malaise-travail-harcelement-moral-hirigoyen\/\" \/>\n<meta property=\"og:locale\" content=\"fr_FR\" \/>\n<meta property=\"og:type\" content=\"article\" \/>\n<meta property=\"og:title\" content=\"Malaise dans le travail - Marie-France HIRIGOYEN - Equilibre de Vie\" \/>\n<meta property=\"og:description\" content=\"Auteur : Marie-France HIRIGOYEN Titre : Malaise dans le travail, harc\u00e8lement moral, d\u00e9m\u00ealer le vrai du faux \u00c9diteur : Syros, 2001 Dim. 13,5 x 22 290 pages\" \/>\n<meta property=\"og:url\" content=\"https:\/\/www.verdieditions.com\/equilibre-de-vie\/produit\/malaise-travail-harcelement-moral-hirigoyen\/\" \/>\n<meta property=\"og:site_name\" content=\"Equilibre de Vie\" \/>\n<meta property=\"article:modified_time\" content=\"2024-02-06T10:11:58+00:00\" \/>\n<meta property=\"og:image\" content=\"https:\/\/www.verdieditions.com\/equilibre-de-vie\/wp-content\/uploads\/2020\/04\/harcelement-moral-malaise-travail-Hirigoyen.jpg\" \/>\n\t<meta property=\"og:image:width\" content=\"761\" \/>\n\t<meta property=\"og:image:height\" content=\"1192\" \/>\n\t<meta property=\"og:image:type\" content=\"image\/jpeg\" \/>\n<meta name=\"twitter:card\" content=\"summary_large_image\" \/>\n<meta name=\"twitter:label1\" content=\"Dur\u00e9e de lecture estim\u00e9e\" \/>\n\t<meta name=\"twitter:data1\" content=\"2 minutes\" \/>\n<script type=\"application\/ld+json\" class=\"yoast-schema-graph\">{\"@context\":\"https:\\\/\\\/schema.org\",\"@graph\":[{\"@type\":\"WebPage\",\"@id\":\"https:\\\/\\\/www.verdieditions.com\\\/equilibre-de-vie\\\/produit\\\/malaise-travail-harcelement-moral-hirigoyen\\\/\",\"url\":\"https:\\\/\\\/www.verdieditions.com\\\/equilibre-de-vie\\\/produit\\\/malaise-travail-harcelement-moral-hirigoyen\\\/\",\"name\":\"Malaise dans le travail - Marie-France HIRIGOYEN - Equilibre de Vie\",\"isPartOf\":{\"@id\":\"https:\\\/\\\/www.verdieditions.com\\\/equilibre-de-vie\\\/#website\"},\"primaryImageOfPage\":{\"@id\":\"https:\\\/\\\/www.verdieditions.com\\\/equilibre-de-vie\\\/produit\\\/malaise-travail-harcelement-moral-hirigoyen\\\/#primaryimage\"},\"image\":{\"@id\":\"https:\\\/\\\/www.verdieditions.com\\\/equilibre-de-vie\\\/produit\\\/malaise-travail-harcelement-moral-hirigoyen\\\/#primaryimage\"},\"thumbnailUrl\":\"https:\\\/\\\/www.verdieditions.com\\\/equilibre-de-vie\\\/wp-content\\\/uploads\\\/2020\\\/04\\\/harcelement-moral-malaise-travail-Hirigoyen.jpg\",\"datePublished\":\"2020-04-26T12:35:58+00:00\",\"dateModified\":\"2024-02-06T10:11:58+00:00\",\"description\":\"Auteur : Marie-France HIRIGOYEN Titre : Malaise dans le travail, harc\u00e8lement moral, d\u00e9m\u00ealer le vrai du faux \u00c9diteur : Syros, 2001 Dim. 13,5 x 22 290 pages\",\"breadcrumb\":{\"@id\":\"https:\\\/\\\/www.verdieditions.com\\\/equilibre-de-vie\\\/produit\\\/malaise-travail-harcelement-moral-hirigoyen\\\/#breadcrumb\"},\"inLanguage\":\"fr-FR\",\"potentialAction\":[{\"@type\":\"ReadAction\",\"target\":[\"https:\\\/\\\/www.verdieditions.com\\\/equilibre-de-vie\\\/produit\\\/malaise-travail-harcelement-moral-hirigoyen\\\/\"]}]},{\"@type\":\"ImageObject\",\"inLanguage\":\"fr-FR\",\"@id\":\"https:\\\/\\\/www.verdieditions.com\\\/equilibre-de-vie\\\/produit\\\/malaise-travail-harcelement-moral-hirigoyen\\\/#primaryimage\",\"url\":\"https:\\\/\\\/www.verdieditions.com\\\/equilibre-de-vie\\\/wp-content\\\/uploads\\\/2020\\\/04\\\/harcelement-moral-malaise-travail-Hirigoyen.jpg\",\"contentUrl\":\"https:\\\/\\\/www.verdieditions.com\\\/equilibre-de-vie\\\/wp-content\\\/uploads\\\/2020\\\/04\\\/harcelement-moral-malaise-travail-Hirigoyen.jpg\",\"width\":761,\"height\":1192,\"caption\":\"harcelement-moral-malaise-travail-Hirigoyen\"},{\"@type\":\"BreadcrumbList\",\"@id\":\"https:\\\/\\\/www.verdieditions.com\\\/equilibre-de-vie\\\/produit\\\/malaise-travail-harcelement-moral-hirigoyen\\\/#breadcrumb\",\"itemListElement\":[{\"@type\":\"ListItem\",\"position\":1,\"name\":\"Accueil\",\"item\":\"https:\\\/\\\/www.verdieditions.com\\\/equilibre-de-vie\\\/\"},{\"@type\":\"ListItem\",\"position\":2,\"name\":\"La boutique\",\"item\":\"https:\\\/\\\/www.verdieditions.com\\\/equilibre-de-vie\\\/boutique\\\/\"},{\"@type\":\"ListItem\",\"position\":3,\"name\":\"Malaise dans le travail &#8211; Marie-France HIRIGOYEN\"}]},{\"@type\":\"WebSite\",\"@id\":\"https:\\\/\\\/www.verdieditions.com\\\/equilibre-de-vie\\\/#website\",\"url\":\"https:\\\/\\\/www.verdieditions.com\\\/equilibre-de-vie\\\/\",\"name\":\"Equilibre de Vie\",\"description\":\"Ma boutique livres sant\u00e9, \u00e9sot\u00e9risme et d\u00e9veloppement personnel\",\"publisher\":{\"@id\":\"https:\\\/\\\/www.verdieditions.com\\\/equilibre-de-vie\\\/#\\\/schema\\\/person\\\/9dcb2a6759f2f5fbf43ac0b44649cecb\"},\"potentialAction\":[{\"@type\":\"SearchAction\",\"target\":{\"@type\":\"EntryPoint\",\"urlTemplate\":\"https:\\\/\\\/www.verdieditions.com\\\/equilibre-de-vie\\\/?s={search_term_string}\"},\"query-input\":{\"@type\":\"PropertyValueSpecification\",\"valueRequired\":true,\"valueName\":\"search_term_string\"}}],\"inLanguage\":\"fr-FR\"},{\"@type\":[\"Person\",\"Organization\"],\"@id\":\"https:\\\/\\\/www.verdieditions.com\\\/equilibre-de-vie\\\/#\\\/schema\\\/person\\\/9dcb2a6759f2f5fbf43ac0b44649cecb\",\"name\":\"Sylvie VERDI\",\"image\":{\"@type\":\"ImageObject\",\"inLanguage\":\"fr-FR\",\"@id\":\"https:\\\/\\\/www.verdieditions.com\\\/equilibre-de-vie\\\/wp-content\\\/uploads\\\/2020\\\/04\\\/livres-occasion-sante-esoterisme-developpement-personnel-2.jpg\",\"url\":\"https:\\\/\\\/www.verdieditions.com\\\/equilibre-de-vie\\\/wp-content\\\/uploads\\\/2020\\\/04\\\/livres-occasion-sante-esoterisme-developpement-personnel-2.jpg\",\"contentUrl\":\"https:\\\/\\\/www.verdieditions.com\\\/equilibre-de-vie\\\/wp-content\\\/uploads\\\/2020\\\/04\\\/livres-occasion-sante-esoterisme-developpement-personnel-2.jpg\",\"width\":800,\"height\":572,\"caption\":\"Sylvie VERDI\"},\"logo\":{\"@id\":\"https:\\\/\\\/www.verdieditions.com\\\/equilibre-de-vie\\\/wp-content\\\/uploads\\\/2020\\\/04\\\/livres-occasion-sante-esoterisme-developpement-personnel-2.jpg\"},\"sameAs\":[\"https:\\\/\\\/www.verdieditions.com\\\/equilibre-de-vie\"]}]}<\/script>\n<!-- \/ Yoast SEO plugin. -->","yoast_head_json":{"title":"Malaise dans le travail - Marie-France HIRIGOYEN - Equilibre de Vie","description":"Auteur : Marie-France HIRIGOYEN Titre : Malaise dans le travail, harc\u00e8lement moral, d\u00e9m\u00ealer le vrai du faux \u00c9diteur : Syros, 2001 Dim. 13,5 x 22 290 pages","robots":{"index":"index","follow":"follow","max-snippet":"max-snippet:-1","max-image-preview":"max-image-preview:large","max-video-preview":"max-video-preview:-1"},"canonical":"https:\/\/www.verdieditions.com\/equilibre-de-vie\/produit\/malaise-travail-harcelement-moral-hirigoyen\/","og_locale":"fr_FR","og_type":"article","og_title":"Malaise dans le travail - Marie-France HIRIGOYEN - Equilibre de Vie","og_description":"Auteur : Marie-France HIRIGOYEN Titre : Malaise dans le travail, harc\u00e8lement moral, d\u00e9m\u00ealer le vrai du faux \u00c9diteur : Syros, 2001 Dim. 13,5 x 22 290 pages","og_url":"https:\/\/www.verdieditions.com\/equilibre-de-vie\/produit\/malaise-travail-harcelement-moral-hirigoyen\/","og_site_name":"Equilibre de Vie","article_modified_time":"2024-02-06T10:11:58+00:00","og_image":[{"width":761,"height":1192,"url":"https:\/\/www.verdieditions.com\/equilibre-de-vie\/wp-content\/uploads\/2020\/04\/harcelement-moral-malaise-travail-Hirigoyen.jpg","type":"image\/jpeg"}],"twitter_card":"summary_large_image","twitter_misc":{"Dur\u00e9e de lecture estim\u00e9e":"2 minutes"},"schema":{"@context":"https:\/\/schema.org","@graph":[{"@type":"WebPage","@id":"https:\/\/www.verdieditions.com\/equilibre-de-vie\/produit\/malaise-travail-harcelement-moral-hirigoyen\/","url":"https:\/\/www.verdieditions.com\/equilibre-de-vie\/produit\/malaise-travail-harcelement-moral-hirigoyen\/","name":"Malaise dans le travail - Marie-France HIRIGOYEN - Equilibre de Vie","isPartOf":{"@id":"https:\/\/www.verdieditions.com\/equilibre-de-vie\/#website"},"primaryImageOfPage":{"@id":"https:\/\/www.verdieditions.com\/equilibre-de-vie\/produit\/malaise-travail-harcelement-moral-hirigoyen\/#primaryimage"},"image":{"@id":"https:\/\/www.verdieditions.com\/equilibre-de-vie\/produit\/malaise-travail-harcelement-moral-hirigoyen\/#primaryimage"},"thumbnailUrl":"https:\/\/www.verdieditions.com\/equilibre-de-vie\/wp-content\/uploads\/2020\/04\/harcelement-moral-malaise-travail-Hirigoyen.jpg","datePublished":"2020-04-26T12:35:58+00:00","dateModified":"2024-02-06T10:11:58+00:00","description":"Auteur : Marie-France HIRIGOYEN Titre : Malaise dans le travail, harc\u00e8lement moral, d\u00e9m\u00ealer le vrai du faux \u00c9diteur : Syros, 2001 Dim. 13,5 x 22 290 pages","breadcrumb":{"@id":"https:\/\/www.verdieditions.com\/equilibre-de-vie\/produit\/malaise-travail-harcelement-moral-hirigoyen\/#breadcrumb"},"inLanguage":"fr-FR","potentialAction":[{"@type":"ReadAction","target":["https:\/\/www.verdieditions.com\/equilibre-de-vie\/produit\/malaise-travail-harcelement-moral-hirigoyen\/"]}]},{"@type":"ImageObject","inLanguage":"fr-FR","@id":"https:\/\/www.verdieditions.com\/equilibre-de-vie\/produit\/malaise-travail-harcelement-moral-hirigoyen\/#primaryimage","url":"https:\/\/www.verdieditions.com\/equilibre-de-vie\/wp-content\/uploads\/2020\/04\/harcelement-moral-malaise-travail-Hirigoyen.jpg","contentUrl":"https:\/\/www.verdieditions.com\/equilibre-de-vie\/wp-content\/uploads\/2020\/04\/harcelement-moral-malaise-travail-Hirigoyen.jpg","width":761,"height":1192,"caption":"harcelement-moral-malaise-travail-Hirigoyen"},{"@type":"BreadcrumbList","@id":"https:\/\/www.verdieditions.com\/equilibre-de-vie\/produit\/malaise-travail-harcelement-moral-hirigoyen\/#breadcrumb","itemListElement":[{"@type":"ListItem","position":1,"name":"Accueil","item":"https:\/\/www.verdieditions.com\/equilibre-de-vie\/"},{"@type":"ListItem","position":2,"name":"La boutique","item":"https:\/\/www.verdieditions.com\/equilibre-de-vie\/boutique\/"},{"@type":"ListItem","position":3,"name":"Malaise dans le travail &#8211; Marie-France HIRIGOYEN"}]},{"@type":"WebSite","@id":"https:\/\/www.verdieditions.com\/equilibre-de-vie\/#website","url":"https:\/\/www.verdieditions.com\/equilibre-de-vie\/","name":"Equilibre de Vie","description":"Ma boutique livres sant\u00e9, \u00e9sot\u00e9risme et d\u00e9veloppement personnel","publisher":{"@id":"https:\/\/www.verdieditions.com\/equilibre-de-vie\/#\/schema\/person\/9dcb2a6759f2f5fbf43ac0b44649cecb"},"potentialAction":[{"@type":"SearchAction","target":{"@type":"EntryPoint","urlTemplate":"https:\/\/www.verdieditions.com\/equilibre-de-vie\/?s={search_term_string}"},"query-input":{"@type":"PropertyValueSpecification","valueRequired":true,"valueName":"search_term_string"}}],"inLanguage":"fr-FR"},{"@type":["Person","Organization"],"@id":"https:\/\/www.verdieditions.com\/equilibre-de-vie\/#\/schema\/person\/9dcb2a6759f2f5fbf43ac0b44649cecb","name":"Sylvie VERDI","image":{"@type":"ImageObject","inLanguage":"fr-FR","@id":"https:\/\/www.verdieditions.com\/equilibre-de-vie\/wp-content\/uploads\/2020\/04\/livres-occasion-sante-esoterisme-developpement-personnel-2.jpg","url":"https:\/\/www.verdieditions.com\/equilibre-de-vie\/wp-content\/uploads\/2020\/04\/livres-occasion-sante-esoterisme-developpement-personnel-2.jpg","contentUrl":"https:\/\/www.verdieditions.com\/equilibre-de-vie\/wp-content\/uploads\/2020\/04\/livres-occasion-sante-esoterisme-developpement-personnel-2.jpg","width":800,"height":572,"caption":"Sylvie VERDI"},"logo":{"@id":"https:\/\/www.verdieditions.com\/equilibre-de-vie\/wp-content\/uploads\/2020\/04\/livres-occasion-sante-esoterisme-developpement-personnel-2.jpg"},"sameAs":["https:\/\/www.verdieditions.com\/equilibre-de-vie"]}]}},"_links":{"self":[{"href":"https:\/\/www.verdieditions.com\/equilibre-de-vie\/wp-json\/wp\/v2\/product\/717","targetHints":{"allow":["GET"]}}],"collection":[{"href":"https:\/\/www.verdieditions.com\/equilibre-de-vie\/wp-json\/wp\/v2\/product"}],"about":[{"href":"https:\/\/www.verdieditions.com\/equilibre-de-vie\/wp-json\/wp\/v2\/types\/product"}],"wp:featuredmedia":[{"embeddable":true,"href":"https:\/\/www.verdieditions.com\/equilibre-de-vie\/wp-json\/wp\/v2\/media\/718"}],"wp:attachment":[{"href":"https:\/\/www.verdieditions.com\/equilibre-de-vie\/wp-json\/wp\/v2\/media?parent=717"}],"wp:term":[{"taxonomy":"product_brand","embeddable":true,"href":"https:\/\/www.verdieditions.com\/equilibre-de-vie\/wp-json\/wp\/v2\/product_brand?post=717"},{"taxonomy":"product_cat","embeddable":true,"href":"https:\/\/www.verdieditions.com\/equilibre-de-vie\/wp-json\/wp\/v2\/product_cat?post=717"},{"taxonomy":"product_tag","embeddable":true,"href":"https:\/\/www.verdieditions.com\/equilibre-de-vie\/wp-json\/wp\/v2\/product_tag?post=717"}],"curies":[{"name":"wp","href":"https:\/\/api.w.org\/{rel}","templated":true}]}}