{"id":708,"date":"2020-04-26T14:09:48","date_gmt":"2020-04-26T12:09:48","guid":{"rendered":"https:\/\/www.verdieditions.com\/equilibre-de-vie\/?post_type=product&#038;p=708"},"modified":"2024-02-07T16:20:37","modified_gmt":"2024-02-07T15:20:37","slug":"maladie-alzheimer-szekely-ouvrard","status":"publish","type":"product","link":"https:\/\/www.verdieditions.com\/equilibre-de-vie\/produit\/maladie-alzheimer-szekely-ouvrard\/","title":{"rendered":"La maladie d&rsquo;Alzheimer &#8211; Dr C. SZEKELY &#8211; F. OUVRARD"},"content":{"rendered":"<p>Auteur : Dr C. SZEKELY &#8211; F. OUVRARD<br \/>\nTitre : La maladie d&rsquo;Alzheimer, <strong>Nouvelle \u00e9dition<\/strong><br \/>\n\u00c9diteur : Solar, 2007, Coll. R\u00e9ponses \u00e0 vos questions &#8211; D\u00e9pister et comprendre cette maladie pour mieux la traiter, accompagner les personnes qui en souffrent, mieux vivre la maladie d&rsquo;un proche<br \/>\nDim. 13,5 x 20<br \/>\n263 pages<\/p>\n<p>On estime \u00e0 l&rsquo;heure actuelle que la maladie d&rsquo;Alzheimer touche, en France, 5 % des plus de 60 ans et 20 % des plus de 85 ans. Devenue une v\u00e9ritable probl\u00e9matique en terme de sant\u00e9 publique, du fait de l&rsquo;augmentation de l&rsquo;esp\u00e9rance de vie mais aussi parce qu&rsquo;elle est mieux diagnostiqu\u00e9e qu&rsquo;auparavant, elle est donc devenue \u00e9galement une v\u00e9ritable probl\u00e9matique familiale, laissant les proches des malades qui y sont confront\u00e9s g\u00e9n\u00e9ralement seuls et pleins de d\u00e9sarroi, ne sachant comment g\u00e9rer la relation avec le malade, souvent difficile. C&rsquo;est \u00e0 eux que s&rsquo;adresse R\u00e9ponses \u00e0 vos questions sur la maladie d&rsquo;Alzheimer, et \u00e0 tous ceux qui veulent en savoir plus sur cette maladie. Comment en per\u00e7oit-on les premiers sympt\u00f4mes ? Sur quels crit\u00e8res est \u00e9tabli le diagnostic ? Quelle est l&rsquo;\u00e9volution de la maladie ? Quels sont les traitements possibles ? Que peut-on esp\u00e9rer de la recherche m\u00e9dicale pour l&rsquo;avenir ? Mais aussi, une fois le diagnostic pos\u00e9, comment y faire face ? Comment aider un proche malade ? Quel soutien lui apporter ? Fortes de leur exp\u00e9rience quotidienne aupr\u00e8s de personnes atteintes de la maladie d&rsquo;Alzheimer, le Dr Carol Szekely et Fr\u00e9d\u00e9rique Ouvrard donnent les cl\u00e9s pour comprendre cette maladie et ses m\u00e9canismes, ainsi que de nombreux \u00e9l\u00e9ments abondamment mis \u00e0 jour pour informer, guider et aider les personnes soucieuses d&rsquo;apporter un v\u00e9ritable soutien \u00e0 leurs proches.<\/p>\n","protected":false},"excerpt":{"rendered":"<p>Auteur : Dr C. SZEKELY &#8211; F. OUVRARD<br \/>\nTitre : La maladie d&rsquo;Alzheimer<br \/>\n\u00c9diteur : Solar, 2007, Coll. R\u00e9ponses \u00e0 vos questions &#8211; D\u00e9pister et comprendre cette maladie pour mieux la traiter, accompagner les personnes qui en souffrent, mieux vivre la maladie d&rsquo;un proche<br \/>\nDim. 13,5 x 20<br \/>\n263 pages<\/p>\n","protected":false},"featured_media":709,"template":"","meta":[],"product_brand":[],"product_cat":[21],"product_tag":[26,28,73,74,101,149],"class_list":{"0":"post-708","1":"product","2":"type-product","3":"status-publish","4":"has-post-thumbnail","6":"product_cat-sante","7":"product_tag-age","8":"product_tag-alzheimer","9":"product_tag-guerir","10":"product_tag-guerison","11":"product_tag-medical","12":"product_tag-soigner","14":"first","15":"instock","16":"featured","17":"shipping-taxable","18":"product-type-simple"},"yoast_head":"<!-- This site is optimized with the Yoast SEO plugin v27.4 - https:\/\/yoast.com\/product\/yoast-seo-wordpress\/ -->\n<title>La maladie d&#039;Alzheimer - Dr C. SZEKELY - F. OUVRARD - Equilibre de Vie<\/title>\n<meta name=\"description\" content=\"Dr C. SZEKELY \u2013 F. OUVRARD - La maladie d\u2019Alzheimer - Solar, 2007, Coll. R\u00e9ponses - D\u00e9pister &amp; comprendre, accompagner - Dim. 13,5 x 20 263 p\" \/>\n<meta name=\"robots\" content=\"index, follow, max-snippet:-1, max-image-preview:large, max-video-preview:-1\" \/>\n<link rel=\"canonical\" href=\"https:\/\/www.verdieditions.com\/equilibre-de-vie\/produit\/maladie-alzheimer-szekely-ouvrard\/\" \/>\n<meta property=\"og:locale\" content=\"fr_FR\" \/>\n<meta property=\"og:type\" content=\"article\" \/>\n<meta property=\"og:title\" content=\"La maladie d&#039;Alzheimer - Dr C. SZEKELY - F. OUVRARD - Equilibre de Vie\" \/>\n<meta property=\"og:description\" content=\"Dr C. SZEKELY \u2013 F. OUVRARD - La maladie d\u2019Alzheimer - Solar, 2007, Coll. R\u00e9ponses - D\u00e9pister &amp; comprendre, accompagner - Dim. 13,5 x 20 263 p\" \/>\n<meta property=\"og:url\" content=\"https:\/\/www.verdieditions.com\/equilibre-de-vie\/produit\/maladie-alzheimer-szekely-ouvrard\/\" \/>\n<meta property=\"og:site_name\" content=\"Equilibre de Vie\" \/>\n<meta property=\"article:modified_time\" content=\"2024-02-07T15:20:37+00:00\" \/>\n<meta property=\"og:image\" content=\"https:\/\/www.verdieditions.com\/equilibre-de-vie\/wp-content\/uploads\/2020\/04\/maladie-Alzheimer.jpg\" \/>\n\t<meta property=\"og:image:width\" content=\"793\" \/>\n\t<meta property=\"og:image:height\" content=\"1162\" \/>\n\t<meta property=\"og:image:type\" content=\"image\/jpeg\" \/>\n<meta name=\"twitter:card\" content=\"summary_large_image\" \/>\n<meta name=\"twitter:label1\" content=\"Dur\u00e9e de lecture estim\u00e9e\" \/>\n\t<meta name=\"twitter:data1\" content=\"1 minute\" \/>\n<script type=\"application\/ld+json\" class=\"yoast-schema-graph\">{\"@context\":\"https:\\\/\\\/schema.org\",\"@graph\":[{\"@type\":\"WebPage\",\"@id\":\"https:\\\/\\\/www.verdieditions.com\\\/equilibre-de-vie\\\/produit\\\/maladie-alzheimer-szekely-ouvrard\\\/\",\"url\":\"https:\\\/\\\/www.verdieditions.com\\\/equilibre-de-vie\\\/produit\\\/maladie-alzheimer-szekely-ouvrard\\\/\",\"name\":\"La maladie d'Alzheimer - Dr C. SZEKELY - F. OUVRARD - Equilibre de Vie\",\"isPartOf\":{\"@id\":\"https:\\\/\\\/www.verdieditions.com\\\/equilibre-de-vie\\\/#website\"},\"primaryImageOfPage\":{\"@id\":\"https:\\\/\\\/www.verdieditions.com\\\/equilibre-de-vie\\\/produit\\\/maladie-alzheimer-szekely-ouvrard\\\/#primaryimage\"},\"image\":{\"@id\":\"https:\\\/\\\/www.verdieditions.com\\\/equilibre-de-vie\\\/produit\\\/maladie-alzheimer-szekely-ouvrard\\\/#primaryimage\"},\"thumbnailUrl\":\"https:\\\/\\\/www.verdieditions.com\\\/equilibre-de-vie\\\/wp-content\\\/uploads\\\/2020\\\/04\\\/maladie-Alzheimer.jpg\",\"datePublished\":\"2020-04-26T12:09:48+00:00\",\"dateModified\":\"2024-02-07T15:20:37+00:00\",\"description\":\"Dr C. SZEKELY \u2013 F. OUVRARD - La maladie d\u2019Alzheimer - Solar, 2007, Coll. R\u00e9ponses - D\u00e9pister & comprendre, accompagner - Dim. 13,5 x 20 263 p\",\"breadcrumb\":{\"@id\":\"https:\\\/\\\/www.verdieditions.com\\\/equilibre-de-vie\\\/produit\\\/maladie-alzheimer-szekely-ouvrard\\\/#breadcrumb\"},\"inLanguage\":\"fr-FR\",\"potentialAction\":[{\"@type\":\"ReadAction\",\"target\":[\"https:\\\/\\\/www.verdieditions.com\\\/equilibre-de-vie\\\/produit\\\/maladie-alzheimer-szekely-ouvrard\\\/\"]}]},{\"@type\":\"ImageObject\",\"inLanguage\":\"fr-FR\",\"@id\":\"https:\\\/\\\/www.verdieditions.com\\\/equilibre-de-vie\\\/produit\\\/maladie-alzheimer-szekely-ouvrard\\\/#primaryimage\",\"url\":\"https:\\\/\\\/www.verdieditions.com\\\/equilibre-de-vie\\\/wp-content\\\/uploads\\\/2020\\\/04\\\/maladie-Alzheimer.jpg\",\"contentUrl\":\"https:\\\/\\\/www.verdieditions.com\\\/equilibre-de-vie\\\/wp-content\\\/uploads\\\/2020\\\/04\\\/maladie-Alzheimer.jpg\",\"width\":793,\"height\":1162,\"caption\":\"maladie-Alzheimer\"},{\"@type\":\"BreadcrumbList\",\"@id\":\"https:\\\/\\\/www.verdieditions.com\\\/equilibre-de-vie\\\/produit\\\/maladie-alzheimer-szekely-ouvrard\\\/#breadcrumb\",\"itemListElement\":[{\"@type\":\"ListItem\",\"position\":1,\"name\":\"Accueil\",\"item\":\"https:\\\/\\\/www.verdieditions.com\\\/equilibre-de-vie\\\/\"},{\"@type\":\"ListItem\",\"position\":2,\"name\":\"La boutique\",\"item\":\"https:\\\/\\\/www.verdieditions.com\\\/equilibre-de-vie\\\/boutique\\\/\"},{\"@type\":\"ListItem\",\"position\":3,\"name\":\"La maladie d&#8217;Alzheimer &#8211; Dr C. SZEKELY &#8211; F. OUVRARD\"}]},{\"@type\":\"WebSite\",\"@id\":\"https:\\\/\\\/www.verdieditions.com\\\/equilibre-de-vie\\\/#website\",\"url\":\"https:\\\/\\\/www.verdieditions.com\\\/equilibre-de-vie\\\/\",\"name\":\"Equilibre de Vie\",\"description\":\"Ma boutique livres sant\u00e9, \u00e9sot\u00e9risme et d\u00e9veloppement personnel\",\"publisher\":{\"@id\":\"https:\\\/\\\/www.verdieditions.com\\\/equilibre-de-vie\\\/#\\\/schema\\\/person\\\/9dcb2a6759f2f5fbf43ac0b44649cecb\"},\"potentialAction\":[{\"@type\":\"SearchAction\",\"target\":{\"@type\":\"EntryPoint\",\"urlTemplate\":\"https:\\\/\\\/www.verdieditions.com\\\/equilibre-de-vie\\\/?s={search_term_string}\"},\"query-input\":{\"@type\":\"PropertyValueSpecification\",\"valueRequired\":true,\"valueName\":\"search_term_string\"}}],\"inLanguage\":\"fr-FR\"},{\"@type\":[\"Person\",\"Organization\"],\"@id\":\"https:\\\/\\\/www.verdieditions.com\\\/equilibre-de-vie\\\/#\\\/schema\\\/person\\\/9dcb2a6759f2f5fbf43ac0b44649cecb\",\"name\":\"Sylvie VERDI\",\"image\":{\"@type\":\"ImageObject\",\"inLanguage\":\"fr-FR\",\"@id\":\"https:\\\/\\\/www.verdieditions.com\\\/equilibre-de-vie\\\/wp-content\\\/uploads\\\/2020\\\/04\\\/livres-occasion-sante-esoterisme-developpement-personnel-2.jpg\",\"url\":\"https:\\\/\\\/www.verdieditions.com\\\/equilibre-de-vie\\\/wp-content\\\/uploads\\\/2020\\\/04\\\/livres-occasion-sante-esoterisme-developpement-personnel-2.jpg\",\"contentUrl\":\"https:\\\/\\\/www.verdieditions.com\\\/equilibre-de-vie\\\/wp-content\\\/uploads\\\/2020\\\/04\\\/livres-occasion-sante-esoterisme-developpement-personnel-2.jpg\",\"width\":800,\"height\":572,\"caption\":\"Sylvie VERDI\"},\"logo\":{\"@id\":\"https:\\\/\\\/www.verdieditions.com\\\/equilibre-de-vie\\\/wp-content\\\/uploads\\\/2020\\\/04\\\/livres-occasion-sante-esoterisme-developpement-personnel-2.jpg\"},\"sameAs\":[\"https:\\\/\\\/www.verdieditions.com\\\/equilibre-de-vie\"]}]}<\/script>\n<!-- \/ Yoast SEO plugin. -->","yoast_head_json":{"title":"La maladie d'Alzheimer - Dr C. SZEKELY - F. OUVRARD - Equilibre de Vie","description":"Dr C. SZEKELY \u2013 F. OUVRARD - La maladie d\u2019Alzheimer - Solar, 2007, Coll. R\u00e9ponses - D\u00e9pister & comprendre, accompagner - Dim. 13,5 x 20 263 p","robots":{"index":"index","follow":"follow","max-snippet":"max-snippet:-1","max-image-preview":"max-image-preview:large","max-video-preview":"max-video-preview:-1"},"canonical":"https:\/\/www.verdieditions.com\/equilibre-de-vie\/produit\/maladie-alzheimer-szekely-ouvrard\/","og_locale":"fr_FR","og_type":"article","og_title":"La maladie d'Alzheimer - Dr C. SZEKELY - F. OUVRARD - Equilibre de Vie","og_description":"Dr C. SZEKELY \u2013 F. OUVRARD - La maladie d\u2019Alzheimer - Solar, 2007, Coll. R\u00e9ponses - D\u00e9pister & comprendre, accompagner - Dim. 13,5 x 20 263 p","og_url":"https:\/\/www.verdieditions.com\/equilibre-de-vie\/produit\/maladie-alzheimer-szekely-ouvrard\/","og_site_name":"Equilibre de Vie","article_modified_time":"2024-02-07T15:20:37+00:00","og_image":[{"width":793,"height":1162,"url":"https:\/\/www.verdieditions.com\/equilibre-de-vie\/wp-content\/uploads\/2020\/04\/maladie-Alzheimer.jpg","type":"image\/jpeg"}],"twitter_card":"summary_large_image","twitter_misc":{"Dur\u00e9e de lecture estim\u00e9e":"1 minute"},"schema":{"@context":"https:\/\/schema.org","@graph":[{"@type":"WebPage","@id":"https:\/\/www.verdieditions.com\/equilibre-de-vie\/produit\/maladie-alzheimer-szekely-ouvrard\/","url":"https:\/\/www.verdieditions.com\/equilibre-de-vie\/produit\/maladie-alzheimer-szekely-ouvrard\/","name":"La maladie d'Alzheimer - Dr C. SZEKELY - F. OUVRARD - Equilibre de Vie","isPartOf":{"@id":"https:\/\/www.verdieditions.com\/equilibre-de-vie\/#website"},"primaryImageOfPage":{"@id":"https:\/\/www.verdieditions.com\/equilibre-de-vie\/produit\/maladie-alzheimer-szekely-ouvrard\/#primaryimage"},"image":{"@id":"https:\/\/www.verdieditions.com\/equilibre-de-vie\/produit\/maladie-alzheimer-szekely-ouvrard\/#primaryimage"},"thumbnailUrl":"https:\/\/www.verdieditions.com\/equilibre-de-vie\/wp-content\/uploads\/2020\/04\/maladie-Alzheimer.jpg","datePublished":"2020-04-26T12:09:48+00:00","dateModified":"2024-02-07T15:20:37+00:00","description":"Dr C. SZEKELY \u2013 F. OUVRARD - La maladie d\u2019Alzheimer - Solar, 2007, Coll. R\u00e9ponses - D\u00e9pister & comprendre, accompagner - Dim. 13,5 x 20 263 p","breadcrumb":{"@id":"https:\/\/www.verdieditions.com\/equilibre-de-vie\/produit\/maladie-alzheimer-szekely-ouvrard\/#breadcrumb"},"inLanguage":"fr-FR","potentialAction":[{"@type":"ReadAction","target":["https:\/\/www.verdieditions.com\/equilibre-de-vie\/produit\/maladie-alzheimer-szekely-ouvrard\/"]}]},{"@type":"ImageObject","inLanguage":"fr-FR","@id":"https:\/\/www.verdieditions.com\/equilibre-de-vie\/produit\/maladie-alzheimer-szekely-ouvrard\/#primaryimage","url":"https:\/\/www.verdieditions.com\/equilibre-de-vie\/wp-content\/uploads\/2020\/04\/maladie-Alzheimer.jpg","contentUrl":"https:\/\/www.verdieditions.com\/equilibre-de-vie\/wp-content\/uploads\/2020\/04\/maladie-Alzheimer.jpg","width":793,"height":1162,"caption":"maladie-Alzheimer"},{"@type":"BreadcrumbList","@id":"https:\/\/www.verdieditions.com\/equilibre-de-vie\/produit\/maladie-alzheimer-szekely-ouvrard\/#breadcrumb","itemListElement":[{"@type":"ListItem","position":1,"name":"Accueil","item":"https:\/\/www.verdieditions.com\/equilibre-de-vie\/"},{"@type":"ListItem","position":2,"name":"La boutique","item":"https:\/\/www.verdieditions.com\/equilibre-de-vie\/boutique\/"},{"@type":"ListItem","position":3,"name":"La maladie d&#8217;Alzheimer &#8211; Dr C. SZEKELY &#8211; F. OUVRARD"}]},{"@type":"WebSite","@id":"https:\/\/www.verdieditions.com\/equilibre-de-vie\/#website","url":"https:\/\/www.verdieditions.com\/equilibre-de-vie\/","name":"Equilibre de Vie","description":"Ma boutique livres sant\u00e9, \u00e9sot\u00e9risme et d\u00e9veloppement personnel","publisher":{"@id":"https:\/\/www.verdieditions.com\/equilibre-de-vie\/#\/schema\/person\/9dcb2a6759f2f5fbf43ac0b44649cecb"},"potentialAction":[{"@type":"SearchAction","target":{"@type":"EntryPoint","urlTemplate":"https:\/\/www.verdieditions.com\/equilibre-de-vie\/?s={search_term_string}"},"query-input":{"@type":"PropertyValueSpecification","valueRequired":true,"valueName":"search_term_string"}}],"inLanguage":"fr-FR"},{"@type":["Person","Organization"],"@id":"https:\/\/www.verdieditions.com\/equilibre-de-vie\/#\/schema\/person\/9dcb2a6759f2f5fbf43ac0b44649cecb","name":"Sylvie VERDI","image":{"@type":"ImageObject","inLanguage":"fr-FR","@id":"https:\/\/www.verdieditions.com\/equilibre-de-vie\/wp-content\/uploads\/2020\/04\/livres-occasion-sante-esoterisme-developpement-personnel-2.jpg","url":"https:\/\/www.verdieditions.com\/equilibre-de-vie\/wp-content\/uploads\/2020\/04\/livres-occasion-sante-esoterisme-developpement-personnel-2.jpg","contentUrl":"https:\/\/www.verdieditions.com\/equilibre-de-vie\/wp-content\/uploads\/2020\/04\/livres-occasion-sante-esoterisme-developpement-personnel-2.jpg","width":800,"height":572,"caption":"Sylvie VERDI"},"logo":{"@id":"https:\/\/www.verdieditions.com\/equilibre-de-vie\/wp-content\/uploads\/2020\/04\/livres-occasion-sante-esoterisme-developpement-personnel-2.jpg"},"sameAs":["https:\/\/www.verdieditions.com\/equilibre-de-vie"]}]}},"_links":{"self":[{"href":"https:\/\/www.verdieditions.com\/equilibre-de-vie\/wp-json\/wp\/v2\/product\/708","targetHints":{"allow":["GET"]}}],"collection":[{"href":"https:\/\/www.verdieditions.com\/equilibre-de-vie\/wp-json\/wp\/v2\/product"}],"about":[{"href":"https:\/\/www.verdieditions.com\/equilibre-de-vie\/wp-json\/wp\/v2\/types\/product"}],"wp:featuredmedia":[{"embeddable":true,"href":"https:\/\/www.verdieditions.com\/equilibre-de-vie\/wp-json\/wp\/v2\/media\/709"}],"wp:attachment":[{"href":"https:\/\/www.verdieditions.com\/equilibre-de-vie\/wp-json\/wp\/v2\/media?parent=708"}],"wp:term":[{"taxonomy":"product_brand","embeddable":true,"href":"https:\/\/www.verdieditions.com\/equilibre-de-vie\/wp-json\/wp\/v2\/product_brand?post=708"},{"taxonomy":"product_cat","embeddable":true,"href":"https:\/\/www.verdieditions.com\/equilibre-de-vie\/wp-json\/wp\/v2\/product_cat?post=708"},{"taxonomy":"product_tag","embeddable":true,"href":"https:\/\/www.verdieditions.com\/equilibre-de-vie\/wp-json\/wp\/v2\/product_tag?post=708"}],"curies":[{"name":"wp","href":"https:\/\/api.w.org\/{rel}","templated":true}]}}