{"id":702,"date":"2020-04-26T13:51:16","date_gmt":"2020-04-26T11:51:16","guid":{"rendered":"https:\/\/www.verdieditions.com\/equilibre-de-vie\/?post_type=product&#038;p=702"},"modified":"2024-02-07T16:19:57","modified_gmt":"2024-02-07T15:19:57","slug":"sportifs-managers-preparation-mentale-dubier","status":"publish","type":"product","link":"https:\/\/www.verdieditions.com\/equilibre-de-vie\/produit\/sportifs-managers-preparation-mentale-dubier\/","title":{"rendered":"Les nouvelles techniques de pr\u00e9paration mentale &#8211; Jean Louis DUBIER"},"content":{"rendered":"<p>Auteur : Jean Louis DUBIER<br \/>\nTitre : Sportifs et managers, gagnez en adoptant Les nouvelles techniques de pr\u00e9paration mentale<br \/>\n\u00c9diteur : Arnaud Franel Editions, 1988<br \/>\nEtat neuf<br \/>\nDim. 14 x 22<br \/>\n105 pages<\/p>\n<p>Quel est le point commun entre Jean Ane, champion du monde de ball-trap, Virginie Dedieu, Vice-championne du monde en natation synchronis\u00e9e, Olivier David, meilleur joueur amateur fran\u00e7ais en golf, et Bill Gates, patron de Microsoft ? Ce sont des individus comme tout un chacun. Ils ont simplement choisi des champs d&rsquo;application diff\u00e9rents pour \u00eatre excellents. Pour certians, les comp\u00e9titions se font sur des stades, pour d&rsquo;autres, dans une salle de r\u00e9union, d&rsquo;autres encore pr\u00e9f\u00e8rent un atelier ou un laboratoire, quelquefois seuls, parfois en \u00e9quipe avec des partenaires, souvent avec des adversaires.<br \/>\nPour les sportifs de haut niveau, c&rsquo;est le mental qui fait souvent la diff\u00e9rence. Pour les autres aussi. Et le mental, cela se travaille. Les demandes exprim\u00e9es sont exactement les m\u00eames, en entreprise ou dans le sport, quel que soit le niveau. Comprendre \u00a0\u00bb comment se font les r\u00e9ussites ou les \u00e9checs \u00ab\u00a0, pour quelles raisons certains sont stress\u00e9s, d&rsquo;autres pas, certains ont peur de parler en public, d&rsquo;autres sont \u00e0 l&rsquo;aise, comment font-ils ? Et bien d&rsquo;autres questions encore.<br \/>\nDes r\u00e9ponses pr\u00e9cises et nouvelles sont apport\u00e9es dans ce livre, \u00e0 l&rsquo;aide d&rsquo;analyses de comportements, mais aussi d&rsquo;exemples concrets fournis par des sportifs de haut niveau et des managers d&rsquo;entreprise.<br \/>\nChacun d&rsquo;entre nous peut alors s&rsquo;apercevoir que la connaissance et la pratique des outils d\u00e9velopp\u00e9s permettent d&rsquo;augmenter rapidement et significativement son niveau de comp\u00e9tences dans de nombreux domaines du quotidien.<\/p>\n","protected":false},"excerpt":{"rendered":"<p>Auteur : Jean Louis DUBIER<br \/>\nTitre : Sportifs et managers, gagnez en adoptant Les nouvelles techniques de pr\u00e9paration mentale<br \/>\n\u00c9diteur : Arnaud Franel Editions, 1988<br \/>\nEtat neuf<br \/>\nDim. 14 x 22<br \/>\n105 pages<\/p>\n","protected":false},"featured_media":703,"template":"","meta":[],"product_brand":[],"product_cat":[22],"product_tag":[128,132,135,143,154,155,158,167,169],"class_list":{"0":"post-702","1":"product","2":"type-product","3":"status-publish","4":"has-post-thumbnail","6":"product_cat-developpement-personnel","7":"product_tag-preparation-mentale","8":"product_tag-professionnel","9":"product_tag-psychologie","10":"product_tag-reussite","11":"product_tag-sport","12":"product_tag-sportif","13":"product_tag-succes","14":"product_tag-training-mental","15":"product_tag-travail","17":"first","18":"instock","19":"shipping-taxable","20":"product-type-simple"},"yoast_head":"<!-- This site is optimized with the Yoast SEO plugin v27.4 - https:\/\/yoast.com\/product\/yoast-seo-wordpress\/ -->\n<title>Les nouvelles techniques de pr\u00e9paration mentale - Jean Louis DUBIER - Equilibre de Vie<\/title>\n<meta name=\"description\" content=\"Auteur : Jean Louis DUBIER Titre : Sportifs et managers, gagnez en adoptant Les nouvelles techniques de pr\u00e9paration mentale \u00c9diteur : Arnaud Franel Editions, 1988 Etat neuf Dim. 14 x 22 105 pages\" \/>\n<meta name=\"robots\" content=\"index, follow, max-snippet:-1, max-image-preview:large, max-video-preview:-1\" \/>\n<link rel=\"canonical\" href=\"https:\/\/www.verdieditions.com\/equilibre-de-vie\/produit\/sportifs-managers-preparation-mentale-dubier\/\" \/>\n<meta property=\"og:locale\" content=\"fr_FR\" \/>\n<meta property=\"og:type\" content=\"article\" \/>\n<meta property=\"og:title\" content=\"Les nouvelles techniques de pr\u00e9paration mentale - Jean Louis DUBIER - Equilibre de Vie\" \/>\n<meta property=\"og:description\" content=\"Auteur : Jean Louis DUBIER Titre : Sportifs et managers, gagnez en adoptant Les nouvelles techniques de pr\u00e9paration mentale \u00c9diteur : Arnaud Franel Editions, 1988 Etat neuf Dim. 14 x 22 105 pages\" \/>\n<meta property=\"og:url\" content=\"https:\/\/www.verdieditions.com\/equilibre-de-vie\/produit\/sportifs-managers-preparation-mentale-dubier\/\" \/>\n<meta property=\"og:site_name\" content=\"Equilibre de Vie\" \/>\n<meta property=\"article:modified_time\" content=\"2024-02-07T15:19:57+00:00\" \/>\n<meta property=\"og:image\" content=\"https:\/\/www.verdieditions.com\/equilibre-de-vie\/wp-content\/uploads\/2020\/04\/sportifs-managers-techniques-preparation-mentale-Dubier.jpg\" \/>\n\t<meta property=\"og:image:width\" content=\"757\" \/>\n\t<meta property=\"og:image:height\" content=\"1186\" \/>\n\t<meta property=\"og:image:type\" content=\"image\/jpeg\" \/>\n<meta name=\"twitter:card\" content=\"summary_large_image\" \/>\n<meta name=\"twitter:label1\" content=\"Dur\u00e9e de lecture estim\u00e9e\" \/>\n\t<meta name=\"twitter:data1\" content=\"1 minute\" \/>\n<script type=\"application\/ld+json\" class=\"yoast-schema-graph\">{\"@context\":\"https:\\\/\\\/schema.org\",\"@graph\":[{\"@type\":\"WebPage\",\"@id\":\"https:\\\/\\\/www.verdieditions.com\\\/equilibre-de-vie\\\/produit\\\/sportifs-managers-preparation-mentale-dubier\\\/\",\"url\":\"https:\\\/\\\/www.verdieditions.com\\\/equilibre-de-vie\\\/produit\\\/sportifs-managers-preparation-mentale-dubier\\\/\",\"name\":\"Les nouvelles techniques de pr\u00e9paration mentale - Jean Louis DUBIER - Equilibre de Vie\",\"isPartOf\":{\"@id\":\"https:\\\/\\\/www.verdieditions.com\\\/equilibre-de-vie\\\/#website\"},\"primaryImageOfPage\":{\"@id\":\"https:\\\/\\\/www.verdieditions.com\\\/equilibre-de-vie\\\/produit\\\/sportifs-managers-preparation-mentale-dubier\\\/#primaryimage\"},\"image\":{\"@id\":\"https:\\\/\\\/www.verdieditions.com\\\/equilibre-de-vie\\\/produit\\\/sportifs-managers-preparation-mentale-dubier\\\/#primaryimage\"},\"thumbnailUrl\":\"https:\\\/\\\/www.verdieditions.com\\\/equilibre-de-vie\\\/wp-content\\\/uploads\\\/2020\\\/04\\\/sportifs-managers-techniques-preparation-mentale-Dubier.jpg\",\"datePublished\":\"2020-04-26T11:51:16+00:00\",\"dateModified\":\"2024-02-07T15:19:57+00:00\",\"description\":\"Auteur : Jean Louis DUBIER Titre : Sportifs et managers, gagnez en adoptant Les nouvelles techniques de pr\u00e9paration mentale \u00c9diteur : Arnaud Franel Editions, 1988 Etat neuf Dim. 14 x 22 105 pages\",\"breadcrumb\":{\"@id\":\"https:\\\/\\\/www.verdieditions.com\\\/equilibre-de-vie\\\/produit\\\/sportifs-managers-preparation-mentale-dubier\\\/#breadcrumb\"},\"inLanguage\":\"fr-FR\",\"potentialAction\":[{\"@type\":\"ReadAction\",\"target\":[\"https:\\\/\\\/www.verdieditions.com\\\/equilibre-de-vie\\\/produit\\\/sportifs-managers-preparation-mentale-dubier\\\/\"]}]},{\"@type\":\"ImageObject\",\"inLanguage\":\"fr-FR\",\"@id\":\"https:\\\/\\\/www.verdieditions.com\\\/equilibre-de-vie\\\/produit\\\/sportifs-managers-preparation-mentale-dubier\\\/#primaryimage\",\"url\":\"https:\\\/\\\/www.verdieditions.com\\\/equilibre-de-vie\\\/wp-content\\\/uploads\\\/2020\\\/04\\\/sportifs-managers-techniques-preparation-mentale-Dubier.jpg\",\"contentUrl\":\"https:\\\/\\\/www.verdieditions.com\\\/equilibre-de-vie\\\/wp-content\\\/uploads\\\/2020\\\/04\\\/sportifs-managers-techniques-preparation-mentale-Dubier.jpg\",\"width\":757,\"height\":1186,\"caption\":\"sportifs-managers-techniques-preparation-mentale-Dubier\"},{\"@type\":\"BreadcrumbList\",\"@id\":\"https:\\\/\\\/www.verdieditions.com\\\/equilibre-de-vie\\\/produit\\\/sportifs-managers-preparation-mentale-dubier\\\/#breadcrumb\",\"itemListElement\":[{\"@type\":\"ListItem\",\"position\":1,\"name\":\"Accueil\",\"item\":\"https:\\\/\\\/www.verdieditions.com\\\/equilibre-de-vie\\\/\"},{\"@type\":\"ListItem\",\"position\":2,\"name\":\"La boutique\",\"item\":\"https:\\\/\\\/www.verdieditions.com\\\/equilibre-de-vie\\\/boutique\\\/\"},{\"@type\":\"ListItem\",\"position\":3,\"name\":\"Les nouvelles techniques de pr\u00e9paration mentale &#8211; Jean Louis DUBIER\"}]},{\"@type\":\"WebSite\",\"@id\":\"https:\\\/\\\/www.verdieditions.com\\\/equilibre-de-vie\\\/#website\",\"url\":\"https:\\\/\\\/www.verdieditions.com\\\/equilibre-de-vie\\\/\",\"name\":\"Equilibre de Vie\",\"description\":\"Ma boutique livres sant\u00e9, \u00e9sot\u00e9risme et d\u00e9veloppement personnel\",\"publisher\":{\"@id\":\"https:\\\/\\\/www.verdieditions.com\\\/equilibre-de-vie\\\/#\\\/schema\\\/person\\\/9dcb2a6759f2f5fbf43ac0b44649cecb\"},\"potentialAction\":[{\"@type\":\"SearchAction\",\"target\":{\"@type\":\"EntryPoint\",\"urlTemplate\":\"https:\\\/\\\/www.verdieditions.com\\\/equilibre-de-vie\\\/?s={search_term_string}\"},\"query-input\":{\"@type\":\"PropertyValueSpecification\",\"valueRequired\":true,\"valueName\":\"search_term_string\"}}],\"inLanguage\":\"fr-FR\"},{\"@type\":[\"Person\",\"Organization\"],\"@id\":\"https:\\\/\\\/www.verdieditions.com\\\/equilibre-de-vie\\\/#\\\/schema\\\/person\\\/9dcb2a6759f2f5fbf43ac0b44649cecb\",\"name\":\"Sylvie VERDI\",\"image\":{\"@type\":\"ImageObject\",\"inLanguage\":\"fr-FR\",\"@id\":\"https:\\\/\\\/www.verdieditions.com\\\/equilibre-de-vie\\\/wp-content\\\/uploads\\\/2020\\\/04\\\/livres-occasion-sante-esoterisme-developpement-personnel-2.jpg\",\"url\":\"https:\\\/\\\/www.verdieditions.com\\\/equilibre-de-vie\\\/wp-content\\\/uploads\\\/2020\\\/04\\\/livres-occasion-sante-esoterisme-developpement-personnel-2.jpg\",\"contentUrl\":\"https:\\\/\\\/www.verdieditions.com\\\/equilibre-de-vie\\\/wp-content\\\/uploads\\\/2020\\\/04\\\/livres-occasion-sante-esoterisme-developpement-personnel-2.jpg\",\"width\":800,\"height\":572,\"caption\":\"Sylvie VERDI\"},\"logo\":{\"@id\":\"https:\\\/\\\/www.verdieditions.com\\\/equilibre-de-vie\\\/wp-content\\\/uploads\\\/2020\\\/04\\\/livres-occasion-sante-esoterisme-developpement-personnel-2.jpg\"},\"sameAs\":[\"https:\\\/\\\/www.verdieditions.com\\\/equilibre-de-vie\"]}]}<\/script>\n<!-- \/ Yoast SEO plugin. -->","yoast_head_json":{"title":"Les nouvelles techniques de pr\u00e9paration mentale - Jean Louis DUBIER - Equilibre de Vie","description":"Auteur : Jean Louis DUBIER Titre : Sportifs et managers, gagnez en adoptant Les nouvelles techniques de pr\u00e9paration mentale \u00c9diteur : Arnaud Franel Editions, 1988 Etat neuf Dim. 14 x 22 105 pages","robots":{"index":"index","follow":"follow","max-snippet":"max-snippet:-1","max-image-preview":"max-image-preview:large","max-video-preview":"max-video-preview:-1"},"canonical":"https:\/\/www.verdieditions.com\/equilibre-de-vie\/produit\/sportifs-managers-preparation-mentale-dubier\/","og_locale":"fr_FR","og_type":"article","og_title":"Les nouvelles techniques de pr\u00e9paration mentale - Jean Louis DUBIER - Equilibre de Vie","og_description":"Auteur : Jean Louis DUBIER Titre : Sportifs et managers, gagnez en adoptant Les nouvelles techniques de pr\u00e9paration mentale \u00c9diteur : Arnaud Franel Editions, 1988 Etat neuf Dim. 14 x 22 105 pages","og_url":"https:\/\/www.verdieditions.com\/equilibre-de-vie\/produit\/sportifs-managers-preparation-mentale-dubier\/","og_site_name":"Equilibre de Vie","article_modified_time":"2024-02-07T15:19:57+00:00","og_image":[{"width":757,"height":1186,"url":"https:\/\/www.verdieditions.com\/equilibre-de-vie\/wp-content\/uploads\/2020\/04\/sportifs-managers-techniques-preparation-mentale-Dubier.jpg","type":"image\/jpeg"}],"twitter_card":"summary_large_image","twitter_misc":{"Dur\u00e9e de lecture estim\u00e9e":"1 minute"},"schema":{"@context":"https:\/\/schema.org","@graph":[{"@type":"WebPage","@id":"https:\/\/www.verdieditions.com\/equilibre-de-vie\/produit\/sportifs-managers-preparation-mentale-dubier\/","url":"https:\/\/www.verdieditions.com\/equilibre-de-vie\/produit\/sportifs-managers-preparation-mentale-dubier\/","name":"Les nouvelles techniques de pr\u00e9paration mentale - Jean Louis DUBIER - Equilibre de Vie","isPartOf":{"@id":"https:\/\/www.verdieditions.com\/equilibre-de-vie\/#website"},"primaryImageOfPage":{"@id":"https:\/\/www.verdieditions.com\/equilibre-de-vie\/produit\/sportifs-managers-preparation-mentale-dubier\/#primaryimage"},"image":{"@id":"https:\/\/www.verdieditions.com\/equilibre-de-vie\/produit\/sportifs-managers-preparation-mentale-dubier\/#primaryimage"},"thumbnailUrl":"https:\/\/www.verdieditions.com\/equilibre-de-vie\/wp-content\/uploads\/2020\/04\/sportifs-managers-techniques-preparation-mentale-Dubier.jpg","datePublished":"2020-04-26T11:51:16+00:00","dateModified":"2024-02-07T15:19:57+00:00","description":"Auteur : Jean Louis DUBIER Titre : Sportifs et managers, gagnez en adoptant Les nouvelles techniques de pr\u00e9paration mentale \u00c9diteur : Arnaud Franel Editions, 1988 Etat neuf Dim. 14 x 22 105 pages","breadcrumb":{"@id":"https:\/\/www.verdieditions.com\/equilibre-de-vie\/produit\/sportifs-managers-preparation-mentale-dubier\/#breadcrumb"},"inLanguage":"fr-FR","potentialAction":[{"@type":"ReadAction","target":["https:\/\/www.verdieditions.com\/equilibre-de-vie\/produit\/sportifs-managers-preparation-mentale-dubier\/"]}]},{"@type":"ImageObject","inLanguage":"fr-FR","@id":"https:\/\/www.verdieditions.com\/equilibre-de-vie\/produit\/sportifs-managers-preparation-mentale-dubier\/#primaryimage","url":"https:\/\/www.verdieditions.com\/equilibre-de-vie\/wp-content\/uploads\/2020\/04\/sportifs-managers-techniques-preparation-mentale-Dubier.jpg","contentUrl":"https:\/\/www.verdieditions.com\/equilibre-de-vie\/wp-content\/uploads\/2020\/04\/sportifs-managers-techniques-preparation-mentale-Dubier.jpg","width":757,"height":1186,"caption":"sportifs-managers-techniques-preparation-mentale-Dubier"},{"@type":"BreadcrumbList","@id":"https:\/\/www.verdieditions.com\/equilibre-de-vie\/produit\/sportifs-managers-preparation-mentale-dubier\/#breadcrumb","itemListElement":[{"@type":"ListItem","position":1,"name":"Accueil","item":"https:\/\/www.verdieditions.com\/equilibre-de-vie\/"},{"@type":"ListItem","position":2,"name":"La boutique","item":"https:\/\/www.verdieditions.com\/equilibre-de-vie\/boutique\/"},{"@type":"ListItem","position":3,"name":"Les nouvelles techniques de pr\u00e9paration mentale &#8211; Jean Louis DUBIER"}]},{"@type":"WebSite","@id":"https:\/\/www.verdieditions.com\/equilibre-de-vie\/#website","url":"https:\/\/www.verdieditions.com\/equilibre-de-vie\/","name":"Equilibre de Vie","description":"Ma boutique livres sant\u00e9, \u00e9sot\u00e9risme et d\u00e9veloppement personnel","publisher":{"@id":"https:\/\/www.verdieditions.com\/equilibre-de-vie\/#\/schema\/person\/9dcb2a6759f2f5fbf43ac0b44649cecb"},"potentialAction":[{"@type":"SearchAction","target":{"@type":"EntryPoint","urlTemplate":"https:\/\/www.verdieditions.com\/equilibre-de-vie\/?s={search_term_string}"},"query-input":{"@type":"PropertyValueSpecification","valueRequired":true,"valueName":"search_term_string"}}],"inLanguage":"fr-FR"},{"@type":["Person","Organization"],"@id":"https:\/\/www.verdieditions.com\/equilibre-de-vie\/#\/schema\/person\/9dcb2a6759f2f5fbf43ac0b44649cecb","name":"Sylvie VERDI","image":{"@type":"ImageObject","inLanguage":"fr-FR","@id":"https:\/\/www.verdieditions.com\/equilibre-de-vie\/wp-content\/uploads\/2020\/04\/livres-occasion-sante-esoterisme-developpement-personnel-2.jpg","url":"https:\/\/www.verdieditions.com\/equilibre-de-vie\/wp-content\/uploads\/2020\/04\/livres-occasion-sante-esoterisme-developpement-personnel-2.jpg","contentUrl":"https:\/\/www.verdieditions.com\/equilibre-de-vie\/wp-content\/uploads\/2020\/04\/livres-occasion-sante-esoterisme-developpement-personnel-2.jpg","width":800,"height":572,"caption":"Sylvie VERDI"},"logo":{"@id":"https:\/\/www.verdieditions.com\/equilibre-de-vie\/wp-content\/uploads\/2020\/04\/livres-occasion-sante-esoterisme-developpement-personnel-2.jpg"},"sameAs":["https:\/\/www.verdieditions.com\/equilibre-de-vie"]}]}},"_links":{"self":[{"href":"https:\/\/www.verdieditions.com\/equilibre-de-vie\/wp-json\/wp\/v2\/product\/702","targetHints":{"allow":["GET"]}}],"collection":[{"href":"https:\/\/www.verdieditions.com\/equilibre-de-vie\/wp-json\/wp\/v2\/product"}],"about":[{"href":"https:\/\/www.verdieditions.com\/equilibre-de-vie\/wp-json\/wp\/v2\/types\/product"}],"wp:featuredmedia":[{"embeddable":true,"href":"https:\/\/www.verdieditions.com\/equilibre-de-vie\/wp-json\/wp\/v2\/media\/703"}],"wp:attachment":[{"href":"https:\/\/www.verdieditions.com\/equilibre-de-vie\/wp-json\/wp\/v2\/media?parent=702"}],"wp:term":[{"taxonomy":"product_brand","embeddable":true,"href":"https:\/\/www.verdieditions.com\/equilibre-de-vie\/wp-json\/wp\/v2\/product_brand?post=702"},{"taxonomy":"product_cat","embeddable":true,"href":"https:\/\/www.verdieditions.com\/equilibre-de-vie\/wp-json\/wp\/v2\/product_cat?post=702"},{"taxonomy":"product_tag","embeddable":true,"href":"https:\/\/www.verdieditions.com\/equilibre-de-vie\/wp-json\/wp\/v2\/product_tag?post=702"}],"curies":[{"name":"wp","href":"https:\/\/api.w.org\/{rel}","templated":true}]}}