{"id":671,"date":"2020-04-26T12:17:39","date_gmt":"2020-04-26T10:17:39","guid":{"rendered":"https:\/\/www.verdieditions.com\/equilibre-de-vie\/?post_type=product&#038;p=671"},"modified":"2023-12-02T18:52:21","modified_gmt":"2023-12-02T17:52:21","slug":"regeneration-jeune-saury","status":"publish","type":"product","link":"https:\/\/www.verdieditions.com\/equilibre-de-vie\/produit\/regeneration-jeune-saury\/","title":{"rendered":"La r\u00e9g\u00e9n\u00e9ration par le je\u00fbne &#8211; Alain SAURY"},"content":{"rendered":"<p>Auteur : Alain SAURY<br \/>\nTitre : La r\u00e9g\u00e9n\u00e9ration par le je\u00fbne : th\u00e9rapeutique pr\u00e9ventive et curative absolue. Bienfaits, dur\u00e9es (je\u00fbnes courts, moyens, longs), pr\u00e9paration, pratique, reprise alimentaire, di\u00e9t\u00e9tique, spiritualit\u00e9 et cr\u00e9ativit\u00e9&#8230;<br \/>\n\u00c9diteur : Dangles, 1978, collection psycho-soma<br \/>\n\u00c9dition originale<br \/>\nDim. 15 x 21<br \/>\n183 pages<\/p>\n<p>Je\u00fbner pour rester perp\u00e9tuellement jeune ! Le je\u00fbne, th\u00e9rapeutique absolue, la seule \u00e0 ne faire appel \u00e0 aucune m\u00e9decine ! Le je\u00fbne qui fait red\u00e9couvrir la primaut\u00e9 du juste instinct, la puret\u00e9 totale du corps et de l&rsquo;\u00e2me. Le je\u00fbne pour gu\u00e9rir de soi, pour assumer la compl\u00e8te r\u00e9g\u00e9n\u00e9ration de l&rsquo;\u00eatre, lui redonner ses immunit\u00e9s naturelles et chasser toutes les maladies. Le je\u00fbne qui nous fait quitter l&rsquo;esclavage de la mati\u00e8re et d\u00e9couvrir les nourritures subtiles et essentielles : air, lumi\u00e8re, eau, cr\u00e9ation, don de soi, amour, et nous fait acc\u00e9der \u00e0 la responsabilit\u00e9 et \u00e0 la libert\u00e9 ! Le je\u00fbne qui nous fait sentir que ce qui comte dans l&rsquo;aliment n&rsquo;est pas la mati\u00e8re, mais la vie que porte cette mati\u00e8re, et qui nous rend apte \u00e0 assimiler cette vie. Cet ouvrage pratique vous explique en d\u00e9tail la pratique de tous les je\u00fbnes pr\u00e9ventifs ou curatifs (courts, moyens, longs, cr\u00e9atifs et spiritualis\u00e9s), et vous guidera pas \u00e0 pas dans leur d\u00e9roulement. Tous les aspects op\u00e9ratoires des divers je\u00fbnes sont ici abord\u00e9s en d\u00e9tail : indications, pr\u00e9paration, di\u00e9t\u00e9tique, spiritualit\u00e9, emploi du temps, symptomatologie, reprise alimentaire, cas particuliers&#8230; Un livre clair, pr\u00e9cis, qui pourra apaiser toutes vos appr\u00e9hensions, r\u00e9pondre \u00e0 toutes vos questions et vous fera d\u00e9couvrir les lois de la vraie vie et de la nutrition. Ne creusez plus votre tombe avec vos dents !<\/p>\n","protected":false},"excerpt":{"rendered":"<p>Auteur : Alain SAURY<br \/>\nTitre : La r\u00e9g\u00e9n\u00e9ration par le je\u00fbne : th\u00e9rapeutique pr\u00e9ventive et curative absolue. Bienfaits, dur\u00e9es (je\u00fbnes courts, moyens, longs), pr\u00e9paration, pratique, reprise alimentaire, di\u00e9t\u00e9tique, spiritualit\u00e9 et cr\u00e9ativit\u00e9&#8230;<br \/>\n\u00c9diteur : Dangles, 1978, collection psycho-soma<br \/>\n\u00c9dition originale<br \/>\nDim. 15 x 21<br \/>\n183 pages<\/p>\n","protected":false},"featured_media":672,"template":"","meta":[],"product_brand":[],"product_cat":[21],"product_tag":[209,83,203],"class_list":{"0":"post-671","1":"product","2":"type-product","3":"status-publish","4":"has-post-thumbnail","6":"product_cat-sante","7":"product_tag-dietetique","8":"product_tag-jeune","9":"product_tag-spiritualite","11":"first","12":"outofstock","13":"shipping-taxable","14":"product-type-simple"},"yoast_head":"<!-- This site is optimized with the Yoast SEO plugin v27.4 - https:\/\/yoast.com\/product\/yoast-seo-wordpress\/ -->\n<title>La r\u00e9g\u00e9n\u00e9ration par le je\u00fbne - Alain SAURY - Equilibre de Vie<\/title>\n<meta name=\"description\" content=\"Auteur : Alain SAURY Titre : La r\u00e9g\u00e9n\u00e9ration par le je\u00fbne : th\u00e9rapeutique pr\u00e9ventive et curative absolue. Bienfaits, dur\u00e9es (je\u00fbnes courts, moyens, longs), pr\u00e9paration, pratique, reprise alimentaire, di\u00e9t\u00e9tique, spiritualit\u00e9 et cr\u00e9ativit\u00e9\u2026 \u00c9diteur : Dangles, 1978, collection psycho-soma \u00c9dition originale Dim. 15 x 21 183 pages\" \/>\n<meta name=\"robots\" content=\"index, follow, max-snippet:-1, max-image-preview:large, max-video-preview:-1\" \/>\n<link rel=\"canonical\" href=\"https:\/\/www.verdieditions.com\/equilibre-de-vie\/produit\/regeneration-jeune-saury\/\" \/>\n<meta property=\"og:locale\" content=\"fr_FR\" \/>\n<meta property=\"og:type\" content=\"article\" \/>\n<meta property=\"og:title\" content=\"La r\u00e9g\u00e9n\u00e9ration par le je\u00fbne - Alain SAURY - Equilibre de Vie\" \/>\n<meta property=\"og:description\" content=\"Auteur : Alain SAURY Titre : La r\u00e9g\u00e9n\u00e9ration par le je\u00fbne : th\u00e9rapeutique pr\u00e9ventive et curative absolue. Bienfaits, dur\u00e9es (je\u00fbnes courts, moyens, longs), pr\u00e9paration, pratique, reprise alimentaire, di\u00e9t\u00e9tique, spiritualit\u00e9 et cr\u00e9ativit\u00e9\u2026 \u00c9diteur : Dangles, 1978, collection psycho-soma \u00c9dition originale Dim. 15 x 21 183 pages\" \/>\n<meta property=\"og:url\" content=\"https:\/\/www.verdieditions.com\/equilibre-de-vie\/produit\/regeneration-jeune-saury\/\" \/>\n<meta property=\"og:site_name\" content=\"Equilibre de Vie\" \/>\n<meta property=\"article:modified_time\" content=\"2023-12-02T17:52:21+00:00\" \/>\n<meta property=\"og:image\" content=\"https:\/\/www.verdieditions.com\/equilibre-de-vie\/wp-content\/uploads\/2020\/04\/regeneration-jeune-Saury.jpg\" \/>\n\t<meta property=\"og:image:width\" content=\"800\" \/>\n\t<meta property=\"og:image:height\" content=\"1109\" \/>\n\t<meta property=\"og:image:type\" content=\"image\/jpeg\" \/>\n<meta name=\"twitter:card\" content=\"summary_large_image\" \/>\n<meta name=\"twitter:label1\" content=\"Dur\u00e9e de lecture estim\u00e9e\" \/>\n\t<meta name=\"twitter:data1\" content=\"2 minutes\" \/>\n<script type=\"application\/ld+json\" class=\"yoast-schema-graph\">{\"@context\":\"https:\\\/\\\/schema.org\",\"@graph\":[{\"@type\":\"WebPage\",\"@id\":\"https:\\\/\\\/www.verdieditions.com\\\/equilibre-de-vie\\\/produit\\\/regeneration-jeune-saury\\\/\",\"url\":\"https:\\\/\\\/www.verdieditions.com\\\/equilibre-de-vie\\\/produit\\\/regeneration-jeune-saury\\\/\",\"name\":\"La r\u00e9g\u00e9n\u00e9ration par le je\u00fbne - Alain SAURY - Equilibre de Vie\",\"isPartOf\":{\"@id\":\"https:\\\/\\\/www.verdieditions.com\\\/equilibre-de-vie\\\/#website\"},\"primaryImageOfPage\":{\"@id\":\"https:\\\/\\\/www.verdieditions.com\\\/equilibre-de-vie\\\/produit\\\/regeneration-jeune-saury\\\/#primaryimage\"},\"image\":{\"@id\":\"https:\\\/\\\/www.verdieditions.com\\\/equilibre-de-vie\\\/produit\\\/regeneration-jeune-saury\\\/#primaryimage\"},\"thumbnailUrl\":\"https:\\\/\\\/www.verdieditions.com\\\/equilibre-de-vie\\\/wp-content\\\/uploads\\\/2020\\\/04\\\/regeneration-jeune-Saury.jpg\",\"datePublished\":\"2020-04-26T10:17:39+00:00\",\"dateModified\":\"2023-12-02T17:52:21+00:00\",\"description\":\"Auteur : Alain SAURY Titre : La r\u00e9g\u00e9n\u00e9ration par le je\u00fbne : th\u00e9rapeutique pr\u00e9ventive et curative absolue. Bienfaits, dur\u00e9es (je\u00fbnes courts, moyens, longs), pr\u00e9paration, pratique, reprise alimentaire, di\u00e9t\u00e9tique, spiritualit\u00e9 et cr\u00e9ativit\u00e9\u2026 \u00c9diteur : Dangles, 1978, collection psycho-soma \u00c9dition originale Dim. 15 x 21 183 pages\",\"breadcrumb\":{\"@id\":\"https:\\\/\\\/www.verdieditions.com\\\/equilibre-de-vie\\\/produit\\\/regeneration-jeune-saury\\\/#breadcrumb\"},\"inLanguage\":\"fr-FR\",\"potentialAction\":[{\"@type\":\"ReadAction\",\"target\":[\"https:\\\/\\\/www.verdieditions.com\\\/equilibre-de-vie\\\/produit\\\/regeneration-jeune-saury\\\/\"]}]},{\"@type\":\"ImageObject\",\"inLanguage\":\"fr-FR\",\"@id\":\"https:\\\/\\\/www.verdieditions.com\\\/equilibre-de-vie\\\/produit\\\/regeneration-jeune-saury\\\/#primaryimage\",\"url\":\"https:\\\/\\\/www.verdieditions.com\\\/equilibre-de-vie\\\/wp-content\\\/uploads\\\/2020\\\/04\\\/regeneration-jeune-Saury.jpg\",\"contentUrl\":\"https:\\\/\\\/www.verdieditions.com\\\/equilibre-de-vie\\\/wp-content\\\/uploads\\\/2020\\\/04\\\/regeneration-jeune-Saury.jpg\",\"width\":800,\"height\":1109,\"caption\":\"regeneration-jeune-Saury\"},{\"@type\":\"BreadcrumbList\",\"@id\":\"https:\\\/\\\/www.verdieditions.com\\\/equilibre-de-vie\\\/produit\\\/regeneration-jeune-saury\\\/#breadcrumb\",\"itemListElement\":[{\"@type\":\"ListItem\",\"position\":1,\"name\":\"Accueil\",\"item\":\"https:\\\/\\\/www.verdieditions.com\\\/equilibre-de-vie\\\/\"},{\"@type\":\"ListItem\",\"position\":2,\"name\":\"La boutique\",\"item\":\"https:\\\/\\\/www.verdieditions.com\\\/equilibre-de-vie\\\/boutique\\\/\"},{\"@type\":\"ListItem\",\"position\":3,\"name\":\"La r\u00e9g\u00e9n\u00e9ration par le je\u00fbne &#8211; Alain SAURY\"}]},{\"@type\":\"WebSite\",\"@id\":\"https:\\\/\\\/www.verdieditions.com\\\/equilibre-de-vie\\\/#website\",\"url\":\"https:\\\/\\\/www.verdieditions.com\\\/equilibre-de-vie\\\/\",\"name\":\"Equilibre de Vie\",\"description\":\"Ma boutique livres sant\u00e9, \u00e9sot\u00e9risme et d\u00e9veloppement personnel\",\"publisher\":{\"@id\":\"https:\\\/\\\/www.verdieditions.com\\\/equilibre-de-vie\\\/#\\\/schema\\\/person\\\/9dcb2a6759f2f5fbf43ac0b44649cecb\"},\"potentialAction\":[{\"@type\":\"SearchAction\",\"target\":{\"@type\":\"EntryPoint\",\"urlTemplate\":\"https:\\\/\\\/www.verdieditions.com\\\/equilibre-de-vie\\\/?s={search_term_string}\"},\"query-input\":{\"@type\":\"PropertyValueSpecification\",\"valueRequired\":true,\"valueName\":\"search_term_string\"}}],\"inLanguage\":\"fr-FR\"},{\"@type\":[\"Person\",\"Organization\"],\"@id\":\"https:\\\/\\\/www.verdieditions.com\\\/equilibre-de-vie\\\/#\\\/schema\\\/person\\\/9dcb2a6759f2f5fbf43ac0b44649cecb\",\"name\":\"Sylvie VERDI\",\"image\":{\"@type\":\"ImageObject\",\"inLanguage\":\"fr-FR\",\"@id\":\"https:\\\/\\\/www.verdieditions.com\\\/equilibre-de-vie\\\/wp-content\\\/uploads\\\/2020\\\/04\\\/livres-occasion-sante-esoterisme-developpement-personnel-2.jpg\",\"url\":\"https:\\\/\\\/www.verdieditions.com\\\/equilibre-de-vie\\\/wp-content\\\/uploads\\\/2020\\\/04\\\/livres-occasion-sante-esoterisme-developpement-personnel-2.jpg\",\"contentUrl\":\"https:\\\/\\\/www.verdieditions.com\\\/equilibre-de-vie\\\/wp-content\\\/uploads\\\/2020\\\/04\\\/livres-occasion-sante-esoterisme-developpement-personnel-2.jpg\",\"width\":800,\"height\":572,\"caption\":\"Sylvie VERDI\"},\"logo\":{\"@id\":\"https:\\\/\\\/www.verdieditions.com\\\/equilibre-de-vie\\\/wp-content\\\/uploads\\\/2020\\\/04\\\/livres-occasion-sante-esoterisme-developpement-personnel-2.jpg\"},\"sameAs\":[\"https:\\\/\\\/www.verdieditions.com\\\/equilibre-de-vie\"]}]}<\/script>\n<!-- \/ Yoast SEO plugin. -->","yoast_head_json":{"title":"La r\u00e9g\u00e9n\u00e9ration par le je\u00fbne - Alain SAURY - Equilibre de Vie","description":"Auteur : Alain SAURY Titre : La r\u00e9g\u00e9n\u00e9ration par le je\u00fbne : th\u00e9rapeutique pr\u00e9ventive et curative absolue. Bienfaits, dur\u00e9es (je\u00fbnes courts, moyens, longs), pr\u00e9paration, pratique, reprise alimentaire, di\u00e9t\u00e9tique, spiritualit\u00e9 et cr\u00e9ativit\u00e9\u2026 \u00c9diteur : Dangles, 1978, collection psycho-soma \u00c9dition originale Dim. 15 x 21 183 pages","robots":{"index":"index","follow":"follow","max-snippet":"max-snippet:-1","max-image-preview":"max-image-preview:large","max-video-preview":"max-video-preview:-1"},"canonical":"https:\/\/www.verdieditions.com\/equilibre-de-vie\/produit\/regeneration-jeune-saury\/","og_locale":"fr_FR","og_type":"article","og_title":"La r\u00e9g\u00e9n\u00e9ration par le je\u00fbne - Alain SAURY - Equilibre de Vie","og_description":"Auteur : Alain SAURY Titre : La r\u00e9g\u00e9n\u00e9ration par le je\u00fbne : th\u00e9rapeutique pr\u00e9ventive et curative absolue. Bienfaits, dur\u00e9es (je\u00fbnes courts, moyens, longs), pr\u00e9paration, pratique, reprise alimentaire, di\u00e9t\u00e9tique, spiritualit\u00e9 et cr\u00e9ativit\u00e9\u2026 \u00c9diteur : Dangles, 1978, collection psycho-soma \u00c9dition originale Dim. 15 x 21 183 pages","og_url":"https:\/\/www.verdieditions.com\/equilibre-de-vie\/produit\/regeneration-jeune-saury\/","og_site_name":"Equilibre de Vie","article_modified_time":"2023-12-02T17:52:21+00:00","og_image":[{"width":800,"height":1109,"url":"https:\/\/www.verdieditions.com\/equilibre-de-vie\/wp-content\/uploads\/2020\/04\/regeneration-jeune-Saury.jpg","type":"image\/jpeg"}],"twitter_card":"summary_large_image","twitter_misc":{"Dur\u00e9e de lecture estim\u00e9e":"2 minutes"},"schema":{"@context":"https:\/\/schema.org","@graph":[{"@type":"WebPage","@id":"https:\/\/www.verdieditions.com\/equilibre-de-vie\/produit\/regeneration-jeune-saury\/","url":"https:\/\/www.verdieditions.com\/equilibre-de-vie\/produit\/regeneration-jeune-saury\/","name":"La r\u00e9g\u00e9n\u00e9ration par le je\u00fbne - Alain SAURY - Equilibre de Vie","isPartOf":{"@id":"https:\/\/www.verdieditions.com\/equilibre-de-vie\/#website"},"primaryImageOfPage":{"@id":"https:\/\/www.verdieditions.com\/equilibre-de-vie\/produit\/regeneration-jeune-saury\/#primaryimage"},"image":{"@id":"https:\/\/www.verdieditions.com\/equilibre-de-vie\/produit\/regeneration-jeune-saury\/#primaryimage"},"thumbnailUrl":"https:\/\/www.verdieditions.com\/equilibre-de-vie\/wp-content\/uploads\/2020\/04\/regeneration-jeune-Saury.jpg","datePublished":"2020-04-26T10:17:39+00:00","dateModified":"2023-12-02T17:52:21+00:00","description":"Auteur : Alain SAURY Titre : La r\u00e9g\u00e9n\u00e9ration par le je\u00fbne : th\u00e9rapeutique pr\u00e9ventive et curative absolue. Bienfaits, dur\u00e9es (je\u00fbnes courts, moyens, longs), pr\u00e9paration, pratique, reprise alimentaire, di\u00e9t\u00e9tique, spiritualit\u00e9 et cr\u00e9ativit\u00e9\u2026 \u00c9diteur : Dangles, 1978, collection psycho-soma \u00c9dition originale Dim. 15 x 21 183 pages","breadcrumb":{"@id":"https:\/\/www.verdieditions.com\/equilibre-de-vie\/produit\/regeneration-jeune-saury\/#breadcrumb"},"inLanguage":"fr-FR","potentialAction":[{"@type":"ReadAction","target":["https:\/\/www.verdieditions.com\/equilibre-de-vie\/produit\/regeneration-jeune-saury\/"]}]},{"@type":"ImageObject","inLanguage":"fr-FR","@id":"https:\/\/www.verdieditions.com\/equilibre-de-vie\/produit\/regeneration-jeune-saury\/#primaryimage","url":"https:\/\/www.verdieditions.com\/equilibre-de-vie\/wp-content\/uploads\/2020\/04\/regeneration-jeune-Saury.jpg","contentUrl":"https:\/\/www.verdieditions.com\/equilibre-de-vie\/wp-content\/uploads\/2020\/04\/regeneration-jeune-Saury.jpg","width":800,"height":1109,"caption":"regeneration-jeune-Saury"},{"@type":"BreadcrumbList","@id":"https:\/\/www.verdieditions.com\/equilibre-de-vie\/produit\/regeneration-jeune-saury\/#breadcrumb","itemListElement":[{"@type":"ListItem","position":1,"name":"Accueil","item":"https:\/\/www.verdieditions.com\/equilibre-de-vie\/"},{"@type":"ListItem","position":2,"name":"La boutique","item":"https:\/\/www.verdieditions.com\/equilibre-de-vie\/boutique\/"},{"@type":"ListItem","position":3,"name":"La r\u00e9g\u00e9n\u00e9ration par le je\u00fbne &#8211; Alain SAURY"}]},{"@type":"WebSite","@id":"https:\/\/www.verdieditions.com\/equilibre-de-vie\/#website","url":"https:\/\/www.verdieditions.com\/equilibre-de-vie\/","name":"Equilibre de Vie","description":"Ma boutique livres sant\u00e9, \u00e9sot\u00e9risme et d\u00e9veloppement personnel","publisher":{"@id":"https:\/\/www.verdieditions.com\/equilibre-de-vie\/#\/schema\/person\/9dcb2a6759f2f5fbf43ac0b44649cecb"},"potentialAction":[{"@type":"SearchAction","target":{"@type":"EntryPoint","urlTemplate":"https:\/\/www.verdieditions.com\/equilibre-de-vie\/?s={search_term_string}"},"query-input":{"@type":"PropertyValueSpecification","valueRequired":true,"valueName":"search_term_string"}}],"inLanguage":"fr-FR"},{"@type":["Person","Organization"],"@id":"https:\/\/www.verdieditions.com\/equilibre-de-vie\/#\/schema\/person\/9dcb2a6759f2f5fbf43ac0b44649cecb","name":"Sylvie VERDI","image":{"@type":"ImageObject","inLanguage":"fr-FR","@id":"https:\/\/www.verdieditions.com\/equilibre-de-vie\/wp-content\/uploads\/2020\/04\/livres-occasion-sante-esoterisme-developpement-personnel-2.jpg","url":"https:\/\/www.verdieditions.com\/equilibre-de-vie\/wp-content\/uploads\/2020\/04\/livres-occasion-sante-esoterisme-developpement-personnel-2.jpg","contentUrl":"https:\/\/www.verdieditions.com\/equilibre-de-vie\/wp-content\/uploads\/2020\/04\/livres-occasion-sante-esoterisme-developpement-personnel-2.jpg","width":800,"height":572,"caption":"Sylvie VERDI"},"logo":{"@id":"https:\/\/www.verdieditions.com\/equilibre-de-vie\/wp-content\/uploads\/2020\/04\/livres-occasion-sante-esoterisme-developpement-personnel-2.jpg"},"sameAs":["https:\/\/www.verdieditions.com\/equilibre-de-vie"]}]}},"_links":{"self":[{"href":"https:\/\/www.verdieditions.com\/equilibre-de-vie\/wp-json\/wp\/v2\/product\/671","targetHints":{"allow":["GET"]}}],"collection":[{"href":"https:\/\/www.verdieditions.com\/equilibre-de-vie\/wp-json\/wp\/v2\/product"}],"about":[{"href":"https:\/\/www.verdieditions.com\/equilibre-de-vie\/wp-json\/wp\/v2\/types\/product"}],"wp:featuredmedia":[{"embeddable":true,"href":"https:\/\/www.verdieditions.com\/equilibre-de-vie\/wp-json\/wp\/v2\/media\/672"}],"wp:attachment":[{"href":"https:\/\/www.verdieditions.com\/equilibre-de-vie\/wp-json\/wp\/v2\/media?parent=671"}],"wp:term":[{"taxonomy":"product_brand","embeddable":true,"href":"https:\/\/www.verdieditions.com\/equilibre-de-vie\/wp-json\/wp\/v2\/product_brand?post=671"},{"taxonomy":"product_cat","embeddable":true,"href":"https:\/\/www.verdieditions.com\/equilibre-de-vie\/wp-json\/wp\/v2\/product_cat?post=671"},{"taxonomy":"product_tag","embeddable":true,"href":"https:\/\/www.verdieditions.com\/equilibre-de-vie\/wp-json\/wp\/v2\/product_tag?post=671"}],"curies":[{"name":"wp","href":"https:\/\/api.w.org\/{rel}","templated":true}]}}