{"id":615,"date":"2020-04-25T16:40:02","date_gmt":"2020-04-25T14:40:02","guid":{"rendered":"https:\/\/www.verdieditions.com\/equilibre-de-vie\/?post_type=product&#038;p=615"},"modified":"2020-09-12T16:16:04","modified_gmt":"2020-09-12T14:16:04","slug":"cartes-forces-boniwell-krumm","status":"publish","type":"product","link":"https:\/\/www.verdieditions.com\/equilibre-de-vie\/produit\/cartes-forces-boniwell-krumm\/","title":{"rendered":"Cartes des forces &#8211; Dr Ilona BONIWELL &#8211; Dr Charles MARTIN-KRUMM"},"content":{"rendered":"<p>Auteur : Dr Ilona BONIWELL &#8211; Dr Charles MARTIN-KRUMM<br \/>\nTitre : Cartes des forces<br \/>\n\u00c9diteur : Positran, 2014<br \/>\nEtat neuf, jamais servi<br \/>\nDim. 11 x 15,5<br \/>\n50 cartes<\/p>\n<p>Une ressource essentielle pour tout praticien de psychologie positive, les cartes des forces peuvent \u00eatre utilis\u00e9es dans n\u2019importe quel contexte de coaching ou de formation, dans un travail individuel ou en groupe. Avec des exercices innovants, les cartes des forces laissent toujours les participants enthousiastes et d\u00e9sireux d\u2019en savoir plus. Chacune des 50 cartes contient une photo innovante et le nom de la force au recto ainsi que les questions qui peuvent \u00eatre utilis\u00e9es pour identifier cette force, ses descriptions et suggestions pour l\u2019activer et la d\u00e9velopper davantage.<\/p>\n","protected":false},"excerpt":{"rendered":"<p>Auteur : Dr Ilona BONIWELL &#8211; Dr Charles MARTIN-KRUMM<br \/>\nTitre : Cartes des forces<br \/>\n\u00c9diteur : Positran, 2014<br \/>\nEtat neuf, jamais servi<br \/>\nDim. 11 x 15,5<br \/>\n50 cartes<\/p>\n","protected":false},"featured_media":616,"template":"","meta":[],"product_brand":[],"product_cat":[22],"product_tag":[40,44,50,67,88,118,126,135],"class_list":{"0":"post-615","1":"product","2":"type-product","3":"status-publish","4":"has-post-thumbnail","6":"product_cat-developpement-personnel","7":"product_tag-bien-etre","8":"product_tag-cartes","9":"product_tag-coaching","10":"product_tag-force","11":"product_tag-life-coaching","12":"product_tag-pensee-positive","13":"product_tag-positif","14":"product_tag-psychologie","16":"first","17":"outofstock","18":"shipping-taxable","19":"product-type-simple"},"yoast_head":"<!-- This site is optimized with the Yoast SEO plugin v27.4 - https:\/\/yoast.com\/product\/yoast-seo-wordpress\/ -->\n<title>Cartes des forces - Dr Ilona BONIWELL - Dr Charles MARTIN-KRUMM - Equilibre de Vie<\/title>\n<meta name=\"description\" content=\"Auteur : Dr Ilona BONIWELL \u2013 Dr Charles MARTIN-KRUMM Titre : Cartes des forces \u00c9diteur : Positran, 2014 Etat neuf, jamais servi Dim. 11 x 15,5 50 cartes\" \/>\n<meta name=\"robots\" content=\"index, follow, max-snippet:-1, max-image-preview:large, max-video-preview:-1\" \/>\n<link rel=\"canonical\" href=\"https:\/\/www.verdieditions.com\/equilibre-de-vie\/produit\/cartes-forces-boniwell-krumm\/\" \/>\n<meta property=\"og:locale\" content=\"fr_FR\" \/>\n<meta property=\"og:type\" content=\"article\" \/>\n<meta property=\"og:title\" content=\"Cartes des forces - Dr Ilona BONIWELL - Dr Charles MARTIN-KRUMM - Equilibre de Vie\" \/>\n<meta property=\"og:description\" content=\"Auteur : Dr Ilona BONIWELL \u2013 Dr Charles MARTIN-KRUMM Titre : Cartes des forces \u00c9diteur : Positran, 2014 Etat neuf, jamais servi Dim. 11 x 15,5 50 cartes\" \/>\n<meta property=\"og:url\" content=\"https:\/\/www.verdieditions.com\/equilibre-de-vie\/produit\/cartes-forces-boniwell-krumm\/\" \/>\n<meta property=\"og:site_name\" content=\"Equilibre de Vie\" \/>\n<meta property=\"article:modified_time\" content=\"2020-09-12T14:16:04+00:00\" \/>\n<meta property=\"og:image\" content=\"https:\/\/www.verdieditions.com\/equilibre-de-vie\/wp-content\/uploads\/2020\/04\/Cartes-forces-coaching-Boniwell-Krumm-1.jpg\" \/>\n\t<meta property=\"og:image:width\" content=\"1110\" \/>\n\t<meta property=\"og:image:height\" content=\"971\" \/>\n\t<meta property=\"og:image:type\" content=\"image\/jpeg\" \/>\n<meta name=\"twitter:card\" content=\"summary_large_image\" \/>\n<meta name=\"twitter:label1\" content=\"Dur\u00e9e de lecture estim\u00e9e\" \/>\n\t<meta name=\"twitter:data1\" content=\"1 minute\" \/>\n<script type=\"application\/ld+json\" class=\"yoast-schema-graph\">{\"@context\":\"https:\\\/\\\/schema.org\",\"@graph\":[{\"@type\":\"WebPage\",\"@id\":\"https:\\\/\\\/www.verdieditions.com\\\/equilibre-de-vie\\\/produit\\\/cartes-forces-boniwell-krumm\\\/\",\"url\":\"https:\\\/\\\/www.verdieditions.com\\\/equilibre-de-vie\\\/produit\\\/cartes-forces-boniwell-krumm\\\/\",\"name\":\"Cartes des forces - Dr Ilona BONIWELL - Dr Charles MARTIN-KRUMM - Equilibre de Vie\",\"isPartOf\":{\"@id\":\"https:\\\/\\\/www.verdieditions.com\\\/equilibre-de-vie\\\/#website\"},\"primaryImageOfPage\":{\"@id\":\"https:\\\/\\\/www.verdieditions.com\\\/equilibre-de-vie\\\/produit\\\/cartes-forces-boniwell-krumm\\\/#primaryimage\"},\"image\":{\"@id\":\"https:\\\/\\\/www.verdieditions.com\\\/equilibre-de-vie\\\/produit\\\/cartes-forces-boniwell-krumm\\\/#primaryimage\"},\"thumbnailUrl\":\"https:\\\/\\\/www.verdieditions.com\\\/equilibre-de-vie\\\/wp-content\\\/uploads\\\/2020\\\/04\\\/Cartes-forces-coaching-Boniwell-Krumm-1.jpg\",\"datePublished\":\"2020-04-25T14:40:02+00:00\",\"dateModified\":\"2020-09-12T14:16:04+00:00\",\"description\":\"Auteur : Dr Ilona BONIWELL \u2013 Dr Charles MARTIN-KRUMM Titre : Cartes des forces \u00c9diteur : Positran, 2014 Etat neuf, jamais servi Dim. 11 x 15,5 50 cartes\",\"breadcrumb\":{\"@id\":\"https:\\\/\\\/www.verdieditions.com\\\/equilibre-de-vie\\\/produit\\\/cartes-forces-boniwell-krumm\\\/#breadcrumb\"},\"inLanguage\":\"fr-FR\",\"potentialAction\":[{\"@type\":\"ReadAction\",\"target\":[\"https:\\\/\\\/www.verdieditions.com\\\/equilibre-de-vie\\\/produit\\\/cartes-forces-boniwell-krumm\\\/\"]}]},{\"@type\":\"ImageObject\",\"inLanguage\":\"fr-FR\",\"@id\":\"https:\\\/\\\/www.verdieditions.com\\\/equilibre-de-vie\\\/produit\\\/cartes-forces-boniwell-krumm\\\/#primaryimage\",\"url\":\"https:\\\/\\\/www.verdieditions.com\\\/equilibre-de-vie\\\/wp-content\\\/uploads\\\/2020\\\/04\\\/Cartes-forces-coaching-Boniwell-Krumm-1.jpg\",\"contentUrl\":\"https:\\\/\\\/www.verdieditions.com\\\/equilibre-de-vie\\\/wp-content\\\/uploads\\\/2020\\\/04\\\/Cartes-forces-coaching-Boniwell-Krumm-1.jpg\",\"width\":1110,\"height\":971,\"caption\":\"Cartes-forces-coaching-Boniwell-Krumm-1\"},{\"@type\":\"BreadcrumbList\",\"@id\":\"https:\\\/\\\/www.verdieditions.com\\\/equilibre-de-vie\\\/produit\\\/cartes-forces-boniwell-krumm\\\/#breadcrumb\",\"itemListElement\":[{\"@type\":\"ListItem\",\"position\":1,\"name\":\"Accueil\",\"item\":\"https:\\\/\\\/www.verdieditions.com\\\/equilibre-de-vie\\\/\"},{\"@type\":\"ListItem\",\"position\":2,\"name\":\"La boutique\",\"item\":\"https:\\\/\\\/www.verdieditions.com\\\/equilibre-de-vie\\\/boutique\\\/\"},{\"@type\":\"ListItem\",\"position\":3,\"name\":\"Cartes des forces &#8211; Dr Ilona BONIWELL &#8211; Dr Charles MARTIN-KRUMM\"}]},{\"@type\":\"WebSite\",\"@id\":\"https:\\\/\\\/www.verdieditions.com\\\/equilibre-de-vie\\\/#website\",\"url\":\"https:\\\/\\\/www.verdieditions.com\\\/equilibre-de-vie\\\/\",\"name\":\"Equilibre de Vie\",\"description\":\"Ma boutique livres sant\u00e9, \u00e9sot\u00e9risme et d\u00e9veloppement personnel\",\"publisher\":{\"@id\":\"https:\\\/\\\/www.verdieditions.com\\\/equilibre-de-vie\\\/#\\\/schema\\\/person\\\/9dcb2a6759f2f5fbf43ac0b44649cecb\"},\"potentialAction\":[{\"@type\":\"SearchAction\",\"target\":{\"@type\":\"EntryPoint\",\"urlTemplate\":\"https:\\\/\\\/www.verdieditions.com\\\/equilibre-de-vie\\\/?s={search_term_string}\"},\"query-input\":{\"@type\":\"PropertyValueSpecification\",\"valueRequired\":true,\"valueName\":\"search_term_string\"}}],\"inLanguage\":\"fr-FR\"},{\"@type\":[\"Person\",\"Organization\"],\"@id\":\"https:\\\/\\\/www.verdieditions.com\\\/equilibre-de-vie\\\/#\\\/schema\\\/person\\\/9dcb2a6759f2f5fbf43ac0b44649cecb\",\"name\":\"Sylvie VERDI\",\"image\":{\"@type\":\"ImageObject\",\"inLanguage\":\"fr-FR\",\"@id\":\"https:\\\/\\\/www.verdieditions.com\\\/equilibre-de-vie\\\/wp-content\\\/uploads\\\/2020\\\/04\\\/livres-occasion-sante-esoterisme-developpement-personnel-2.jpg\",\"url\":\"https:\\\/\\\/www.verdieditions.com\\\/equilibre-de-vie\\\/wp-content\\\/uploads\\\/2020\\\/04\\\/livres-occasion-sante-esoterisme-developpement-personnel-2.jpg\",\"contentUrl\":\"https:\\\/\\\/www.verdieditions.com\\\/equilibre-de-vie\\\/wp-content\\\/uploads\\\/2020\\\/04\\\/livres-occasion-sante-esoterisme-developpement-personnel-2.jpg\",\"width\":800,\"height\":572,\"caption\":\"Sylvie VERDI\"},\"logo\":{\"@id\":\"https:\\\/\\\/www.verdieditions.com\\\/equilibre-de-vie\\\/wp-content\\\/uploads\\\/2020\\\/04\\\/livres-occasion-sante-esoterisme-developpement-personnel-2.jpg\"},\"sameAs\":[\"https:\\\/\\\/www.verdieditions.com\\\/equilibre-de-vie\"]}]}<\/script>\n<!-- \/ Yoast SEO plugin. -->","yoast_head_json":{"title":"Cartes des forces - Dr Ilona BONIWELL - Dr Charles MARTIN-KRUMM - Equilibre de Vie","description":"Auteur : Dr Ilona BONIWELL \u2013 Dr Charles MARTIN-KRUMM Titre : Cartes des forces \u00c9diteur : Positran, 2014 Etat neuf, jamais servi Dim. 11 x 15,5 50 cartes","robots":{"index":"index","follow":"follow","max-snippet":"max-snippet:-1","max-image-preview":"max-image-preview:large","max-video-preview":"max-video-preview:-1"},"canonical":"https:\/\/www.verdieditions.com\/equilibre-de-vie\/produit\/cartes-forces-boniwell-krumm\/","og_locale":"fr_FR","og_type":"article","og_title":"Cartes des forces - Dr Ilona BONIWELL - Dr Charles MARTIN-KRUMM - Equilibre de Vie","og_description":"Auteur : Dr Ilona BONIWELL \u2013 Dr Charles MARTIN-KRUMM Titre : Cartes des forces \u00c9diteur : Positran, 2014 Etat neuf, jamais servi Dim. 11 x 15,5 50 cartes","og_url":"https:\/\/www.verdieditions.com\/equilibre-de-vie\/produit\/cartes-forces-boniwell-krumm\/","og_site_name":"Equilibre de Vie","article_modified_time":"2020-09-12T14:16:04+00:00","og_image":[{"width":1110,"height":971,"url":"https:\/\/www.verdieditions.com\/equilibre-de-vie\/wp-content\/uploads\/2020\/04\/Cartes-forces-coaching-Boniwell-Krumm-1.jpg","type":"image\/jpeg"}],"twitter_card":"summary_large_image","twitter_misc":{"Dur\u00e9e de lecture estim\u00e9e":"1 minute"},"schema":{"@context":"https:\/\/schema.org","@graph":[{"@type":"WebPage","@id":"https:\/\/www.verdieditions.com\/equilibre-de-vie\/produit\/cartes-forces-boniwell-krumm\/","url":"https:\/\/www.verdieditions.com\/equilibre-de-vie\/produit\/cartes-forces-boniwell-krumm\/","name":"Cartes des forces - Dr Ilona BONIWELL - Dr Charles MARTIN-KRUMM - Equilibre de Vie","isPartOf":{"@id":"https:\/\/www.verdieditions.com\/equilibre-de-vie\/#website"},"primaryImageOfPage":{"@id":"https:\/\/www.verdieditions.com\/equilibre-de-vie\/produit\/cartes-forces-boniwell-krumm\/#primaryimage"},"image":{"@id":"https:\/\/www.verdieditions.com\/equilibre-de-vie\/produit\/cartes-forces-boniwell-krumm\/#primaryimage"},"thumbnailUrl":"https:\/\/www.verdieditions.com\/equilibre-de-vie\/wp-content\/uploads\/2020\/04\/Cartes-forces-coaching-Boniwell-Krumm-1.jpg","datePublished":"2020-04-25T14:40:02+00:00","dateModified":"2020-09-12T14:16:04+00:00","description":"Auteur : Dr Ilona BONIWELL \u2013 Dr Charles MARTIN-KRUMM Titre : Cartes des forces \u00c9diteur : Positran, 2014 Etat neuf, jamais servi Dim. 11 x 15,5 50 cartes","breadcrumb":{"@id":"https:\/\/www.verdieditions.com\/equilibre-de-vie\/produit\/cartes-forces-boniwell-krumm\/#breadcrumb"},"inLanguage":"fr-FR","potentialAction":[{"@type":"ReadAction","target":["https:\/\/www.verdieditions.com\/equilibre-de-vie\/produit\/cartes-forces-boniwell-krumm\/"]}]},{"@type":"ImageObject","inLanguage":"fr-FR","@id":"https:\/\/www.verdieditions.com\/equilibre-de-vie\/produit\/cartes-forces-boniwell-krumm\/#primaryimage","url":"https:\/\/www.verdieditions.com\/equilibre-de-vie\/wp-content\/uploads\/2020\/04\/Cartes-forces-coaching-Boniwell-Krumm-1.jpg","contentUrl":"https:\/\/www.verdieditions.com\/equilibre-de-vie\/wp-content\/uploads\/2020\/04\/Cartes-forces-coaching-Boniwell-Krumm-1.jpg","width":1110,"height":971,"caption":"Cartes-forces-coaching-Boniwell-Krumm-1"},{"@type":"BreadcrumbList","@id":"https:\/\/www.verdieditions.com\/equilibre-de-vie\/produit\/cartes-forces-boniwell-krumm\/#breadcrumb","itemListElement":[{"@type":"ListItem","position":1,"name":"Accueil","item":"https:\/\/www.verdieditions.com\/equilibre-de-vie\/"},{"@type":"ListItem","position":2,"name":"La boutique","item":"https:\/\/www.verdieditions.com\/equilibre-de-vie\/boutique\/"},{"@type":"ListItem","position":3,"name":"Cartes des forces &#8211; Dr Ilona BONIWELL &#8211; Dr Charles MARTIN-KRUMM"}]},{"@type":"WebSite","@id":"https:\/\/www.verdieditions.com\/equilibre-de-vie\/#website","url":"https:\/\/www.verdieditions.com\/equilibre-de-vie\/","name":"Equilibre de Vie","description":"Ma boutique livres sant\u00e9, \u00e9sot\u00e9risme et d\u00e9veloppement personnel","publisher":{"@id":"https:\/\/www.verdieditions.com\/equilibre-de-vie\/#\/schema\/person\/9dcb2a6759f2f5fbf43ac0b44649cecb"},"potentialAction":[{"@type":"SearchAction","target":{"@type":"EntryPoint","urlTemplate":"https:\/\/www.verdieditions.com\/equilibre-de-vie\/?s={search_term_string}"},"query-input":{"@type":"PropertyValueSpecification","valueRequired":true,"valueName":"search_term_string"}}],"inLanguage":"fr-FR"},{"@type":["Person","Organization"],"@id":"https:\/\/www.verdieditions.com\/equilibre-de-vie\/#\/schema\/person\/9dcb2a6759f2f5fbf43ac0b44649cecb","name":"Sylvie VERDI","image":{"@type":"ImageObject","inLanguage":"fr-FR","@id":"https:\/\/www.verdieditions.com\/equilibre-de-vie\/wp-content\/uploads\/2020\/04\/livres-occasion-sante-esoterisme-developpement-personnel-2.jpg","url":"https:\/\/www.verdieditions.com\/equilibre-de-vie\/wp-content\/uploads\/2020\/04\/livres-occasion-sante-esoterisme-developpement-personnel-2.jpg","contentUrl":"https:\/\/www.verdieditions.com\/equilibre-de-vie\/wp-content\/uploads\/2020\/04\/livres-occasion-sante-esoterisme-developpement-personnel-2.jpg","width":800,"height":572,"caption":"Sylvie VERDI"},"logo":{"@id":"https:\/\/www.verdieditions.com\/equilibre-de-vie\/wp-content\/uploads\/2020\/04\/livres-occasion-sante-esoterisme-developpement-personnel-2.jpg"},"sameAs":["https:\/\/www.verdieditions.com\/equilibre-de-vie"]}]}},"_links":{"self":[{"href":"https:\/\/www.verdieditions.com\/equilibre-de-vie\/wp-json\/wp\/v2\/product\/615","targetHints":{"allow":["GET"]}}],"collection":[{"href":"https:\/\/www.verdieditions.com\/equilibre-de-vie\/wp-json\/wp\/v2\/product"}],"about":[{"href":"https:\/\/www.verdieditions.com\/equilibre-de-vie\/wp-json\/wp\/v2\/types\/product"}],"wp:featuredmedia":[{"embeddable":true,"href":"https:\/\/www.verdieditions.com\/equilibre-de-vie\/wp-json\/wp\/v2\/media\/616"}],"wp:attachment":[{"href":"https:\/\/www.verdieditions.com\/equilibre-de-vie\/wp-json\/wp\/v2\/media?parent=615"}],"wp:term":[{"taxonomy":"product_brand","embeddable":true,"href":"https:\/\/www.verdieditions.com\/equilibre-de-vie\/wp-json\/wp\/v2\/product_brand?post=615"},{"taxonomy":"product_cat","embeddable":true,"href":"https:\/\/www.verdieditions.com\/equilibre-de-vie\/wp-json\/wp\/v2\/product_cat?post=615"},{"taxonomy":"product_tag","embeddable":true,"href":"https:\/\/www.verdieditions.com\/equilibre-de-vie\/wp-json\/wp\/v2\/product_tag?post=615"}],"curies":[{"name":"wp","href":"https:\/\/api.w.org\/{rel}","templated":true}]}}