{"id":540,"date":"2020-04-25T10:29:09","date_gmt":"2020-04-25T08:29:09","guid":{"rendered":"https:\/\/www.verdieditions.com\/equilibre-de-vie\/?post_type=product&#038;p=540"},"modified":"2024-01-18T11:15:28","modified_gmt":"2024-01-18T10:15:28","slug":"vivre-mieux-et-guerir-par-les-couleurs-andree-schlemmer","status":"publish","type":"product","link":"https:\/\/www.verdieditions.com\/equilibre-de-vie\/produit\/vivre-mieux-et-guerir-par-les-couleurs-andree-schlemmer\/","title":{"rendered":"Vivre mieux et gu\u00e9rir par les couleurs &#8211; Andr\u00e9e SCHLEMMER"},"content":{"rendered":"<p>Auteur : Andr\u00e9e SCHLEMMER<br \/>\nTitre : Vivre mieux et gu\u00e9rir par les couleurs<br \/>\n\u00c9diteur : le Grand Livre du mois, 1997<br \/>\nDim. 13,5 x 21,5<br \/>\n277 pages<\/p>\n<p>Mieux comprendre l&rsquo;action de la lumi\u00e8re et des couleurs en nous, apprendre \u00e0 entrer en contact avec la lumi\u00e8re en se sensibilisant \u00e0 sa qualit\u00e9 vibratoire, tel est l&rsquo;enjeu de Vivre mieux et gu\u00e9rir par les couleurs, ouvrage th\u00e9orique tout autant que m\u00e9thode d&rsquo;apprentissage pratique. Vous y apprendrez \u00e0 recevoir consciemment une couleur et \u00e0 \u00e9mettre des vibrations dont les effets, bien qu&rsquo;impond\u00e9rables, sont r\u00e9els. Gr\u00e2ce \u00e0 des exercices de visualisation r\u00e9alisables par tous, des r\u00eaves \u00e9veill\u00e9s, des jeux simples et le t\u00e9moignage de ceux qui les ont pratiqu\u00e9s, vous trouverez les outils n\u00e9cessaires pour d\u00e9faire vos n\u0153uds psychosomatiques et ainsi vivre la couleur comme une \u00e9nergie lib\u00e9ratrice. Beaucoup de chercheurs d&rsquo;aujourd&rsquo;hui, physiciens et astrophysiciens, biologistes et botanistes, m\u00e9decins et th\u00e9rapeutes font r\u00e9f\u00e9rence \u00e0 la r\u00e9alit\u00e9 vibratoire de notre monde. Ce livre s&rsquo;inscrit donc dans un grand mouvement de recherches actuelles.<\/p>\n","protected":false},"excerpt":{"rendered":"<p>Auteur : Andr\u00e9e SCHLEMMER<br \/>\nTitre : Vivre mieux et gu\u00e9rir par les couleurs<br \/>\n\u00c9diteur : le Grand Livre du mois, 1997<br \/>\nDim. 13,5 x 21,5<br \/>\n277 pages<\/p>\n","protected":false},"featured_media":541,"template":"","meta":[],"product_brand":[],"product_cat":[21],"product_tag":[49,53,73,74,98,171],"class_list":{"0":"post-540","1":"product","2":"type-product","3":"status-publish","4":"has-post-thumbnail","6":"product_cat-sante","7":"product_tag-chromotherapie","8":"product_tag-couleurs","9":"product_tag-guerir","10":"product_tag-guerison","11":"product_tag-medecine-alternative","12":"product_tag-vie","14":"first","15":"outofstock","16":"shipping-taxable","17":"product-type-simple"},"yoast_head":"<!-- This site is optimized with the Yoast SEO plugin v27.4 - https:\/\/yoast.com\/product\/yoast-seo-wordpress\/ -->\n<title>Vivre mieux et gu\u00e9rir par les couleurs - Andr\u00e9e SCHLEMMER - Equilibre de Vie<\/title>\n<meta name=\"description\" content=\"Auteur : Andr\u00e9e SCHLEMMER Titre : Vivre mieux et gu\u00e9rir par les couleurs \u00c9diteur : le Grand Livre du mois, 1997 Dim. 13,5 x 21,5 277 pages\" \/>\n<meta name=\"robots\" content=\"index, follow, max-snippet:-1, max-image-preview:large, max-video-preview:-1\" \/>\n<link rel=\"canonical\" href=\"https:\/\/www.verdieditions.com\/equilibre-de-vie\/produit\/vivre-mieux-et-guerir-par-les-couleurs-andree-schlemmer\/\" \/>\n<meta property=\"og:locale\" content=\"fr_FR\" \/>\n<meta property=\"og:type\" content=\"article\" \/>\n<meta property=\"og:title\" content=\"Vivre mieux et gu\u00e9rir par les couleurs - Andr\u00e9e SCHLEMMER - Equilibre de Vie\" \/>\n<meta property=\"og:description\" content=\"Auteur : Andr\u00e9e SCHLEMMER Titre : Vivre mieux et gu\u00e9rir par les couleurs \u00c9diteur : le Grand Livre du mois, 1997 Dim. 13,5 x 21,5 277 pages\" \/>\n<meta property=\"og:url\" content=\"https:\/\/www.verdieditions.com\/equilibre-de-vie\/produit\/vivre-mieux-et-guerir-par-les-couleurs-andree-schlemmer\/\" \/>\n<meta property=\"og:site_name\" content=\"Equilibre de Vie\" \/>\n<meta property=\"article:modified_time\" content=\"2024-01-18T10:15:28+00:00\" \/>\n<meta property=\"og:image\" content=\"https:\/\/www.verdieditions.com\/equilibre-de-vie\/wp-content\/uploads\/2020\/04\/vivre-mieux-guerir-couleurs-Schlemmer-3.jpg\" \/>\n\t<meta property=\"og:image:width\" content=\"755\" \/>\n\t<meta property=\"og:image:height\" content=\"1158\" \/>\n\t<meta property=\"og:image:type\" content=\"image\/jpeg\" \/>\n<meta name=\"twitter:card\" content=\"summary_large_image\" \/>\n<meta name=\"twitter:label1\" content=\"Dur\u00e9e de lecture estim\u00e9e\" \/>\n\t<meta name=\"twitter:data1\" content=\"1 minute\" \/>\n<script type=\"application\/ld+json\" class=\"yoast-schema-graph\">{\"@context\":\"https:\\\/\\\/schema.org\",\"@graph\":[{\"@type\":\"WebPage\",\"@id\":\"https:\\\/\\\/www.verdieditions.com\\\/equilibre-de-vie\\\/produit\\\/vivre-mieux-et-guerir-par-les-couleurs-andree-schlemmer\\\/\",\"url\":\"https:\\\/\\\/www.verdieditions.com\\\/equilibre-de-vie\\\/produit\\\/vivre-mieux-et-guerir-par-les-couleurs-andree-schlemmer\\\/\",\"name\":\"Vivre mieux et gu\u00e9rir par les couleurs - Andr\u00e9e SCHLEMMER - Equilibre de Vie\",\"isPartOf\":{\"@id\":\"https:\\\/\\\/www.verdieditions.com\\\/equilibre-de-vie\\\/#website\"},\"primaryImageOfPage\":{\"@id\":\"https:\\\/\\\/www.verdieditions.com\\\/equilibre-de-vie\\\/produit\\\/vivre-mieux-et-guerir-par-les-couleurs-andree-schlemmer\\\/#primaryimage\"},\"image\":{\"@id\":\"https:\\\/\\\/www.verdieditions.com\\\/equilibre-de-vie\\\/produit\\\/vivre-mieux-et-guerir-par-les-couleurs-andree-schlemmer\\\/#primaryimage\"},\"thumbnailUrl\":\"https:\\\/\\\/www.verdieditions.com\\\/equilibre-de-vie\\\/wp-content\\\/uploads\\\/2020\\\/04\\\/vivre-mieux-guerir-couleurs-Schlemmer-3.jpg\",\"datePublished\":\"2020-04-25T08:29:09+00:00\",\"dateModified\":\"2024-01-18T10:15:28+00:00\",\"description\":\"Auteur : Andr\u00e9e SCHLEMMER Titre : Vivre mieux et gu\u00e9rir par les couleurs \u00c9diteur : le Grand Livre du mois, 1997 Dim. 13,5 x 21,5 277 pages\",\"breadcrumb\":{\"@id\":\"https:\\\/\\\/www.verdieditions.com\\\/equilibre-de-vie\\\/produit\\\/vivre-mieux-et-guerir-par-les-couleurs-andree-schlemmer\\\/#breadcrumb\"},\"inLanguage\":\"fr-FR\",\"potentialAction\":[{\"@type\":\"ReadAction\",\"target\":[\"https:\\\/\\\/www.verdieditions.com\\\/equilibre-de-vie\\\/produit\\\/vivre-mieux-et-guerir-par-les-couleurs-andree-schlemmer\\\/\"]}]},{\"@type\":\"ImageObject\",\"inLanguage\":\"fr-FR\",\"@id\":\"https:\\\/\\\/www.verdieditions.com\\\/equilibre-de-vie\\\/produit\\\/vivre-mieux-et-guerir-par-les-couleurs-andree-schlemmer\\\/#primaryimage\",\"url\":\"https:\\\/\\\/www.verdieditions.com\\\/equilibre-de-vie\\\/wp-content\\\/uploads\\\/2020\\\/04\\\/vivre-mieux-guerir-couleurs-Schlemmer-3.jpg\",\"contentUrl\":\"https:\\\/\\\/www.verdieditions.com\\\/equilibre-de-vie\\\/wp-content\\\/uploads\\\/2020\\\/04\\\/vivre-mieux-guerir-couleurs-Schlemmer-3.jpg\",\"width\":755,\"height\":1158,\"caption\":\"vivre-mieux-guerir-couleurs-Schlemmer-3\"},{\"@type\":\"BreadcrumbList\",\"@id\":\"https:\\\/\\\/www.verdieditions.com\\\/equilibre-de-vie\\\/produit\\\/vivre-mieux-et-guerir-par-les-couleurs-andree-schlemmer\\\/#breadcrumb\",\"itemListElement\":[{\"@type\":\"ListItem\",\"position\":1,\"name\":\"Accueil\",\"item\":\"https:\\\/\\\/www.verdieditions.com\\\/equilibre-de-vie\\\/\"},{\"@type\":\"ListItem\",\"position\":2,\"name\":\"La boutique\",\"item\":\"https:\\\/\\\/www.verdieditions.com\\\/equilibre-de-vie\\\/boutique\\\/\"},{\"@type\":\"ListItem\",\"position\":3,\"name\":\"Vivre mieux et gu\u00e9rir par les couleurs &#8211; Andr\u00e9e SCHLEMMER\"}]},{\"@type\":\"WebSite\",\"@id\":\"https:\\\/\\\/www.verdieditions.com\\\/equilibre-de-vie\\\/#website\",\"url\":\"https:\\\/\\\/www.verdieditions.com\\\/equilibre-de-vie\\\/\",\"name\":\"Equilibre de Vie\",\"description\":\"Ma boutique livres sant\u00e9, \u00e9sot\u00e9risme et d\u00e9veloppement personnel\",\"publisher\":{\"@id\":\"https:\\\/\\\/www.verdieditions.com\\\/equilibre-de-vie\\\/#\\\/schema\\\/person\\\/9dcb2a6759f2f5fbf43ac0b44649cecb\"},\"potentialAction\":[{\"@type\":\"SearchAction\",\"target\":{\"@type\":\"EntryPoint\",\"urlTemplate\":\"https:\\\/\\\/www.verdieditions.com\\\/equilibre-de-vie\\\/?s={search_term_string}\"},\"query-input\":{\"@type\":\"PropertyValueSpecification\",\"valueRequired\":true,\"valueName\":\"search_term_string\"}}],\"inLanguage\":\"fr-FR\"},{\"@type\":[\"Person\",\"Organization\"],\"@id\":\"https:\\\/\\\/www.verdieditions.com\\\/equilibre-de-vie\\\/#\\\/schema\\\/person\\\/9dcb2a6759f2f5fbf43ac0b44649cecb\",\"name\":\"Sylvie VERDI\",\"image\":{\"@type\":\"ImageObject\",\"inLanguage\":\"fr-FR\",\"@id\":\"https:\\\/\\\/www.verdieditions.com\\\/equilibre-de-vie\\\/wp-content\\\/uploads\\\/2020\\\/04\\\/livres-occasion-sante-esoterisme-developpement-personnel-2.jpg\",\"url\":\"https:\\\/\\\/www.verdieditions.com\\\/equilibre-de-vie\\\/wp-content\\\/uploads\\\/2020\\\/04\\\/livres-occasion-sante-esoterisme-developpement-personnel-2.jpg\",\"contentUrl\":\"https:\\\/\\\/www.verdieditions.com\\\/equilibre-de-vie\\\/wp-content\\\/uploads\\\/2020\\\/04\\\/livres-occasion-sante-esoterisme-developpement-personnel-2.jpg\",\"width\":800,\"height\":572,\"caption\":\"Sylvie VERDI\"},\"logo\":{\"@id\":\"https:\\\/\\\/www.verdieditions.com\\\/equilibre-de-vie\\\/wp-content\\\/uploads\\\/2020\\\/04\\\/livres-occasion-sante-esoterisme-developpement-personnel-2.jpg\"},\"sameAs\":[\"https:\\\/\\\/www.verdieditions.com\\\/equilibre-de-vie\"]}]}<\/script>\n<!-- \/ Yoast SEO plugin. -->","yoast_head_json":{"title":"Vivre mieux et gu\u00e9rir par les couleurs - Andr\u00e9e SCHLEMMER - Equilibre de Vie","description":"Auteur : Andr\u00e9e SCHLEMMER Titre : Vivre mieux et gu\u00e9rir par les couleurs \u00c9diteur : le Grand Livre du mois, 1997 Dim. 13,5 x 21,5 277 pages","robots":{"index":"index","follow":"follow","max-snippet":"max-snippet:-1","max-image-preview":"max-image-preview:large","max-video-preview":"max-video-preview:-1"},"canonical":"https:\/\/www.verdieditions.com\/equilibre-de-vie\/produit\/vivre-mieux-et-guerir-par-les-couleurs-andree-schlemmer\/","og_locale":"fr_FR","og_type":"article","og_title":"Vivre mieux et gu\u00e9rir par les couleurs - Andr\u00e9e SCHLEMMER - Equilibre de Vie","og_description":"Auteur : Andr\u00e9e SCHLEMMER Titre : Vivre mieux et gu\u00e9rir par les couleurs \u00c9diteur : le Grand Livre du mois, 1997 Dim. 13,5 x 21,5 277 pages","og_url":"https:\/\/www.verdieditions.com\/equilibre-de-vie\/produit\/vivre-mieux-et-guerir-par-les-couleurs-andree-schlemmer\/","og_site_name":"Equilibre de Vie","article_modified_time":"2024-01-18T10:15:28+00:00","og_image":[{"width":755,"height":1158,"url":"https:\/\/www.verdieditions.com\/equilibre-de-vie\/wp-content\/uploads\/2020\/04\/vivre-mieux-guerir-couleurs-Schlemmer-3.jpg","type":"image\/jpeg"}],"twitter_card":"summary_large_image","twitter_misc":{"Dur\u00e9e de lecture estim\u00e9e":"1 minute"},"schema":{"@context":"https:\/\/schema.org","@graph":[{"@type":"WebPage","@id":"https:\/\/www.verdieditions.com\/equilibre-de-vie\/produit\/vivre-mieux-et-guerir-par-les-couleurs-andree-schlemmer\/","url":"https:\/\/www.verdieditions.com\/equilibre-de-vie\/produit\/vivre-mieux-et-guerir-par-les-couleurs-andree-schlemmer\/","name":"Vivre mieux et gu\u00e9rir par les couleurs - Andr\u00e9e SCHLEMMER - Equilibre de Vie","isPartOf":{"@id":"https:\/\/www.verdieditions.com\/equilibre-de-vie\/#website"},"primaryImageOfPage":{"@id":"https:\/\/www.verdieditions.com\/equilibre-de-vie\/produit\/vivre-mieux-et-guerir-par-les-couleurs-andree-schlemmer\/#primaryimage"},"image":{"@id":"https:\/\/www.verdieditions.com\/equilibre-de-vie\/produit\/vivre-mieux-et-guerir-par-les-couleurs-andree-schlemmer\/#primaryimage"},"thumbnailUrl":"https:\/\/www.verdieditions.com\/equilibre-de-vie\/wp-content\/uploads\/2020\/04\/vivre-mieux-guerir-couleurs-Schlemmer-3.jpg","datePublished":"2020-04-25T08:29:09+00:00","dateModified":"2024-01-18T10:15:28+00:00","description":"Auteur : Andr\u00e9e SCHLEMMER Titre : Vivre mieux et gu\u00e9rir par les couleurs \u00c9diteur : le Grand Livre du mois, 1997 Dim. 13,5 x 21,5 277 pages","breadcrumb":{"@id":"https:\/\/www.verdieditions.com\/equilibre-de-vie\/produit\/vivre-mieux-et-guerir-par-les-couleurs-andree-schlemmer\/#breadcrumb"},"inLanguage":"fr-FR","potentialAction":[{"@type":"ReadAction","target":["https:\/\/www.verdieditions.com\/equilibre-de-vie\/produit\/vivre-mieux-et-guerir-par-les-couleurs-andree-schlemmer\/"]}]},{"@type":"ImageObject","inLanguage":"fr-FR","@id":"https:\/\/www.verdieditions.com\/equilibre-de-vie\/produit\/vivre-mieux-et-guerir-par-les-couleurs-andree-schlemmer\/#primaryimage","url":"https:\/\/www.verdieditions.com\/equilibre-de-vie\/wp-content\/uploads\/2020\/04\/vivre-mieux-guerir-couleurs-Schlemmer-3.jpg","contentUrl":"https:\/\/www.verdieditions.com\/equilibre-de-vie\/wp-content\/uploads\/2020\/04\/vivre-mieux-guerir-couleurs-Schlemmer-3.jpg","width":755,"height":1158,"caption":"vivre-mieux-guerir-couleurs-Schlemmer-3"},{"@type":"BreadcrumbList","@id":"https:\/\/www.verdieditions.com\/equilibre-de-vie\/produit\/vivre-mieux-et-guerir-par-les-couleurs-andree-schlemmer\/#breadcrumb","itemListElement":[{"@type":"ListItem","position":1,"name":"Accueil","item":"https:\/\/www.verdieditions.com\/equilibre-de-vie\/"},{"@type":"ListItem","position":2,"name":"La boutique","item":"https:\/\/www.verdieditions.com\/equilibre-de-vie\/boutique\/"},{"@type":"ListItem","position":3,"name":"Vivre mieux et gu\u00e9rir par les couleurs &#8211; Andr\u00e9e SCHLEMMER"}]},{"@type":"WebSite","@id":"https:\/\/www.verdieditions.com\/equilibre-de-vie\/#website","url":"https:\/\/www.verdieditions.com\/equilibre-de-vie\/","name":"Equilibre de Vie","description":"Ma boutique livres sant\u00e9, \u00e9sot\u00e9risme et d\u00e9veloppement personnel","publisher":{"@id":"https:\/\/www.verdieditions.com\/equilibre-de-vie\/#\/schema\/person\/9dcb2a6759f2f5fbf43ac0b44649cecb"},"potentialAction":[{"@type":"SearchAction","target":{"@type":"EntryPoint","urlTemplate":"https:\/\/www.verdieditions.com\/equilibre-de-vie\/?s={search_term_string}"},"query-input":{"@type":"PropertyValueSpecification","valueRequired":true,"valueName":"search_term_string"}}],"inLanguage":"fr-FR"},{"@type":["Person","Organization"],"@id":"https:\/\/www.verdieditions.com\/equilibre-de-vie\/#\/schema\/person\/9dcb2a6759f2f5fbf43ac0b44649cecb","name":"Sylvie VERDI","image":{"@type":"ImageObject","inLanguage":"fr-FR","@id":"https:\/\/www.verdieditions.com\/equilibre-de-vie\/wp-content\/uploads\/2020\/04\/livres-occasion-sante-esoterisme-developpement-personnel-2.jpg","url":"https:\/\/www.verdieditions.com\/equilibre-de-vie\/wp-content\/uploads\/2020\/04\/livres-occasion-sante-esoterisme-developpement-personnel-2.jpg","contentUrl":"https:\/\/www.verdieditions.com\/equilibre-de-vie\/wp-content\/uploads\/2020\/04\/livres-occasion-sante-esoterisme-developpement-personnel-2.jpg","width":800,"height":572,"caption":"Sylvie VERDI"},"logo":{"@id":"https:\/\/www.verdieditions.com\/equilibre-de-vie\/wp-content\/uploads\/2020\/04\/livres-occasion-sante-esoterisme-developpement-personnel-2.jpg"},"sameAs":["https:\/\/www.verdieditions.com\/equilibre-de-vie"]}]}},"_links":{"self":[{"href":"https:\/\/www.verdieditions.com\/equilibre-de-vie\/wp-json\/wp\/v2\/product\/540","targetHints":{"allow":["GET"]}}],"collection":[{"href":"https:\/\/www.verdieditions.com\/equilibre-de-vie\/wp-json\/wp\/v2\/product"}],"about":[{"href":"https:\/\/www.verdieditions.com\/equilibre-de-vie\/wp-json\/wp\/v2\/types\/product"}],"wp:featuredmedia":[{"embeddable":true,"href":"https:\/\/www.verdieditions.com\/equilibre-de-vie\/wp-json\/wp\/v2\/media\/541"}],"wp:attachment":[{"href":"https:\/\/www.verdieditions.com\/equilibre-de-vie\/wp-json\/wp\/v2\/media?parent=540"}],"wp:term":[{"taxonomy":"product_brand","embeddable":true,"href":"https:\/\/www.verdieditions.com\/equilibre-de-vie\/wp-json\/wp\/v2\/product_brand?post=540"},{"taxonomy":"product_cat","embeddable":true,"href":"https:\/\/www.verdieditions.com\/equilibre-de-vie\/wp-json\/wp\/v2\/product_cat?post=540"},{"taxonomy":"product_tag","embeddable":true,"href":"https:\/\/www.verdieditions.com\/equilibre-de-vie\/wp-json\/wp\/v2\/product_tag?post=540"}],"curies":[{"name":"wp","href":"https:\/\/api.w.org\/{rel}","templated":true}]}}