{"id":532,"date":"2020-04-25T10:02:25","date_gmt":"2020-04-25T08:02:25","guid":{"rendered":"https:\/\/www.verdieditions.com\/equilibre-de-vie\/?post_type=product&#038;p=532"},"modified":"2024-02-07T15:24:41","modified_gmt":"2024-02-07T14:24:41","slug":"manuel-reeducation-psychosensorielle-psychotherapie-vittoz-bruston","status":"publish","type":"product","link":"https:\/\/www.verdieditions.com\/equilibre-de-vie\/produit\/manuel-reeducation-psychosensorielle-psychotherapie-vittoz-bruston\/","title":{"rendered":"Manuel r\u00e9\u00e9ducation psychosensorielle en psychoth\u00e9rapie &#8211; Dr R. BRUSTON"},"content":{"rendered":"<p>Auteur : Dr Rosie BRUSTON<br \/>\nTitre : Petit manuel de r\u00e9\u00e9ducation psychosensorielle en psychoth\u00e9rapie &#8211; Il avance le pas s\u00fbr, le regard droit, conscient de sa force et de son \u00e9quilibre&#8230;<br \/>\n\u00c9diteur : Epi, 1981<br \/>\nDim. 14 x 21,5<br \/>\n100 pages<\/p>\n","protected":false},"excerpt":{"rendered":"<p>Auteur : Dr Rosie BRUSTON<br \/>\nTitre : Petit manuel de r\u00e9\u00e9ducation psychosensorielle en psychoth\u00e9rapie &#8211; Il avance le pas s\u00fbr, le regard droit, conscient de sa force et de son \u00e9quilibre&#8230;<br \/>\n\u00c9diteur : Epi, 1981<br \/>\nDim. 14 x 21,5<br \/>\n100 pages<\/p>\n","protected":false},"featured_media":533,"template":"","meta":[],"product_brand":[],"product_cat":[22,21],"product_tag":[40,99,135,140,166,169],"class_list":{"0":"post-532","1":"product","2":"type-product","3":"status-publish","4":"has-post-thumbnail","6":"product_cat-developpement-personnel","7":"product_cat-sante","8":"product_tag-bien-etre","9":"product_tag-medecine-douce","10":"product_tag-psychologie","11":"product_tag-relaxation","12":"product_tag-training-autogene","13":"product_tag-travail","15":"first","16":"instock","17":"shipping-taxable","18":"product-type-simple"},"yoast_head":"<!-- This site is optimized with the Yoast SEO plugin v27.4 - https:\/\/yoast.com\/product\/yoast-seo-wordpress\/ -->\n<title>Manuel r\u00e9\u00e9ducation psychosensorielle en psychoth\u00e9rapie - Dr R. BRUSTON - Equilibre de Vie<\/title>\n<meta name=\"description\" content=\"Auteur : Dr Rosie BRUSTON Titre : Petit manuel de r\u00e9\u00e9ducation psychosensorielle en psychoth\u00e9rapie \u2013 Il avance le pas s\u00fbr, le regard droit, conscient de sa force et de son \u00e9quilibre\u2026 \u00c9diteur : Epi, 1981 Dim. 14 x 21,5 100 pages\" \/>\n<meta name=\"robots\" content=\"index, follow, max-snippet:-1, max-image-preview:large, max-video-preview:-1\" \/>\n<link rel=\"canonical\" href=\"https:\/\/www.verdieditions.com\/equilibre-de-vie\/produit\/manuel-reeducation-psychosensorielle-psychotherapie-vittoz-bruston\/\" \/>\n<meta property=\"og:locale\" content=\"fr_FR\" \/>\n<meta property=\"og:type\" content=\"article\" \/>\n<meta property=\"og:title\" content=\"Manuel r\u00e9\u00e9ducation psychosensorielle en psychoth\u00e9rapie - Dr R. BRUSTON - Equilibre de Vie\" \/>\n<meta property=\"og:description\" content=\"Auteur : Dr Rosie BRUSTON Titre : Petit manuel de r\u00e9\u00e9ducation psychosensorielle en psychoth\u00e9rapie \u2013 Il avance le pas s\u00fbr, le regard droit, conscient de sa force et de son \u00e9quilibre\u2026 \u00c9diteur : Epi, 1981 Dim. 14 x 21,5 100 pages\" \/>\n<meta property=\"og:url\" content=\"https:\/\/www.verdieditions.com\/equilibre-de-vie\/produit\/manuel-reeducation-psychosensorielle-psychotherapie-vittoz-bruston\/\" \/>\n<meta property=\"og:site_name\" content=\"Equilibre de Vie\" \/>\n<meta property=\"article:modified_time\" content=\"2024-02-07T14:24:41+00:00\" \/>\n<meta property=\"og:image\" content=\"https:\/\/www.verdieditions.com\/equilibre-de-vie\/wp-content\/uploads\/2020\/04\/reeducation-psychosensorielle-psychotherapie-Vittoz-Bruston.jpg\" \/>\n\t<meta property=\"og:image:width\" content=\"751\" \/>\n\t<meta property=\"og:image:height\" content=\"1120\" \/>\n\t<meta property=\"og:image:type\" content=\"image\/jpeg\" \/>\n<meta name=\"twitter:card\" content=\"summary_large_image\" \/>\n<script type=\"application\/ld+json\" class=\"yoast-schema-graph\">{\"@context\":\"https:\\\/\\\/schema.org\",\"@graph\":[{\"@type\":\"WebPage\",\"@id\":\"https:\\\/\\\/www.verdieditions.com\\\/equilibre-de-vie\\\/produit\\\/manuel-reeducation-psychosensorielle-psychotherapie-vittoz-bruston\\\/\",\"url\":\"https:\\\/\\\/www.verdieditions.com\\\/equilibre-de-vie\\\/produit\\\/manuel-reeducation-psychosensorielle-psychotherapie-vittoz-bruston\\\/\",\"name\":\"Manuel r\u00e9\u00e9ducation psychosensorielle en psychoth\u00e9rapie - Dr R. BRUSTON - Equilibre de Vie\",\"isPartOf\":{\"@id\":\"https:\\\/\\\/www.verdieditions.com\\\/equilibre-de-vie\\\/#website\"},\"primaryImageOfPage\":{\"@id\":\"https:\\\/\\\/www.verdieditions.com\\\/equilibre-de-vie\\\/produit\\\/manuel-reeducation-psychosensorielle-psychotherapie-vittoz-bruston\\\/#primaryimage\"},\"image\":{\"@id\":\"https:\\\/\\\/www.verdieditions.com\\\/equilibre-de-vie\\\/produit\\\/manuel-reeducation-psychosensorielle-psychotherapie-vittoz-bruston\\\/#primaryimage\"},\"thumbnailUrl\":\"https:\\\/\\\/www.verdieditions.com\\\/equilibre-de-vie\\\/wp-content\\\/uploads\\\/2020\\\/04\\\/reeducation-psychosensorielle-psychotherapie-Vittoz-Bruston.jpg\",\"datePublished\":\"2020-04-25T08:02:25+00:00\",\"dateModified\":\"2024-02-07T14:24:41+00:00\",\"description\":\"Auteur : Dr Rosie BRUSTON Titre : Petit manuel de r\u00e9\u00e9ducation psychosensorielle en psychoth\u00e9rapie \u2013 Il avance le pas s\u00fbr, le regard droit, conscient de sa force et de son \u00e9quilibre\u2026 \u00c9diteur : Epi, 1981 Dim. 14 x 21,5 100 pages\",\"breadcrumb\":{\"@id\":\"https:\\\/\\\/www.verdieditions.com\\\/equilibre-de-vie\\\/produit\\\/manuel-reeducation-psychosensorielle-psychotherapie-vittoz-bruston\\\/#breadcrumb\"},\"inLanguage\":\"fr-FR\",\"potentialAction\":[{\"@type\":\"ReadAction\",\"target\":[\"https:\\\/\\\/www.verdieditions.com\\\/equilibre-de-vie\\\/produit\\\/manuel-reeducation-psychosensorielle-psychotherapie-vittoz-bruston\\\/\"]}]},{\"@type\":\"ImageObject\",\"inLanguage\":\"fr-FR\",\"@id\":\"https:\\\/\\\/www.verdieditions.com\\\/equilibre-de-vie\\\/produit\\\/manuel-reeducation-psychosensorielle-psychotherapie-vittoz-bruston\\\/#primaryimage\",\"url\":\"https:\\\/\\\/www.verdieditions.com\\\/equilibre-de-vie\\\/wp-content\\\/uploads\\\/2020\\\/04\\\/reeducation-psychosensorielle-psychotherapie-Vittoz-Bruston.jpg\",\"contentUrl\":\"https:\\\/\\\/www.verdieditions.com\\\/equilibre-de-vie\\\/wp-content\\\/uploads\\\/2020\\\/04\\\/reeducation-psychosensorielle-psychotherapie-Vittoz-Bruston.jpg\",\"width\":751,\"height\":1120,\"caption\":\"reeducation-psychosensorielle-psychotherapie-Vittoz-Bruston\"},{\"@type\":\"BreadcrumbList\",\"@id\":\"https:\\\/\\\/www.verdieditions.com\\\/equilibre-de-vie\\\/produit\\\/manuel-reeducation-psychosensorielle-psychotherapie-vittoz-bruston\\\/#breadcrumb\",\"itemListElement\":[{\"@type\":\"ListItem\",\"position\":1,\"name\":\"Accueil\",\"item\":\"https:\\\/\\\/www.verdieditions.com\\\/equilibre-de-vie\\\/\"},{\"@type\":\"ListItem\",\"position\":2,\"name\":\"La boutique\",\"item\":\"https:\\\/\\\/www.verdieditions.com\\\/equilibre-de-vie\\\/boutique\\\/\"},{\"@type\":\"ListItem\",\"position\":3,\"name\":\"Manuel r\u00e9\u00e9ducation psychosensorielle en psychoth\u00e9rapie &#8211; Dr R. BRUSTON\"}]},{\"@type\":\"WebSite\",\"@id\":\"https:\\\/\\\/www.verdieditions.com\\\/equilibre-de-vie\\\/#website\",\"url\":\"https:\\\/\\\/www.verdieditions.com\\\/equilibre-de-vie\\\/\",\"name\":\"Equilibre de Vie\",\"description\":\"Ma boutique livres sant\u00e9, \u00e9sot\u00e9risme et d\u00e9veloppement personnel\",\"publisher\":{\"@id\":\"https:\\\/\\\/www.verdieditions.com\\\/equilibre-de-vie\\\/#\\\/schema\\\/person\\\/9dcb2a6759f2f5fbf43ac0b44649cecb\"},\"potentialAction\":[{\"@type\":\"SearchAction\",\"target\":{\"@type\":\"EntryPoint\",\"urlTemplate\":\"https:\\\/\\\/www.verdieditions.com\\\/equilibre-de-vie\\\/?s={search_term_string}\"},\"query-input\":{\"@type\":\"PropertyValueSpecification\",\"valueRequired\":true,\"valueName\":\"search_term_string\"}}],\"inLanguage\":\"fr-FR\"},{\"@type\":[\"Person\",\"Organization\"],\"@id\":\"https:\\\/\\\/www.verdieditions.com\\\/equilibre-de-vie\\\/#\\\/schema\\\/person\\\/9dcb2a6759f2f5fbf43ac0b44649cecb\",\"name\":\"Sylvie VERDI\",\"image\":{\"@type\":\"ImageObject\",\"inLanguage\":\"fr-FR\",\"@id\":\"https:\\\/\\\/www.verdieditions.com\\\/equilibre-de-vie\\\/wp-content\\\/uploads\\\/2020\\\/04\\\/livres-occasion-sante-esoterisme-developpement-personnel-2.jpg\",\"url\":\"https:\\\/\\\/www.verdieditions.com\\\/equilibre-de-vie\\\/wp-content\\\/uploads\\\/2020\\\/04\\\/livres-occasion-sante-esoterisme-developpement-personnel-2.jpg\",\"contentUrl\":\"https:\\\/\\\/www.verdieditions.com\\\/equilibre-de-vie\\\/wp-content\\\/uploads\\\/2020\\\/04\\\/livres-occasion-sante-esoterisme-developpement-personnel-2.jpg\",\"width\":800,\"height\":572,\"caption\":\"Sylvie VERDI\"},\"logo\":{\"@id\":\"https:\\\/\\\/www.verdieditions.com\\\/equilibre-de-vie\\\/wp-content\\\/uploads\\\/2020\\\/04\\\/livres-occasion-sante-esoterisme-developpement-personnel-2.jpg\"},\"sameAs\":[\"https:\\\/\\\/www.verdieditions.com\\\/equilibre-de-vie\"]}]}<\/script>\n<!-- \/ Yoast SEO plugin. -->","yoast_head_json":{"title":"Manuel r\u00e9\u00e9ducation psychosensorielle en psychoth\u00e9rapie - Dr R. BRUSTON - Equilibre de Vie","description":"Auteur : Dr Rosie BRUSTON Titre : Petit manuel de r\u00e9\u00e9ducation psychosensorielle en psychoth\u00e9rapie \u2013 Il avance le pas s\u00fbr, le regard droit, conscient de sa force et de son \u00e9quilibre\u2026 \u00c9diteur : Epi, 1981 Dim. 14 x 21,5 100 pages","robots":{"index":"index","follow":"follow","max-snippet":"max-snippet:-1","max-image-preview":"max-image-preview:large","max-video-preview":"max-video-preview:-1"},"canonical":"https:\/\/www.verdieditions.com\/equilibre-de-vie\/produit\/manuel-reeducation-psychosensorielle-psychotherapie-vittoz-bruston\/","og_locale":"fr_FR","og_type":"article","og_title":"Manuel r\u00e9\u00e9ducation psychosensorielle en psychoth\u00e9rapie - Dr R. BRUSTON - Equilibre de Vie","og_description":"Auteur : Dr Rosie BRUSTON Titre : Petit manuel de r\u00e9\u00e9ducation psychosensorielle en psychoth\u00e9rapie \u2013 Il avance le pas s\u00fbr, le regard droit, conscient de sa force et de son \u00e9quilibre\u2026 \u00c9diteur : Epi, 1981 Dim. 14 x 21,5 100 pages","og_url":"https:\/\/www.verdieditions.com\/equilibre-de-vie\/produit\/manuel-reeducation-psychosensorielle-psychotherapie-vittoz-bruston\/","og_site_name":"Equilibre de Vie","article_modified_time":"2024-02-07T14:24:41+00:00","og_image":[{"width":751,"height":1120,"url":"https:\/\/www.verdieditions.com\/equilibre-de-vie\/wp-content\/uploads\/2020\/04\/reeducation-psychosensorielle-psychotherapie-Vittoz-Bruston.jpg","type":"image\/jpeg"}],"twitter_card":"summary_large_image","schema":{"@context":"https:\/\/schema.org","@graph":[{"@type":"WebPage","@id":"https:\/\/www.verdieditions.com\/equilibre-de-vie\/produit\/manuel-reeducation-psychosensorielle-psychotherapie-vittoz-bruston\/","url":"https:\/\/www.verdieditions.com\/equilibre-de-vie\/produit\/manuel-reeducation-psychosensorielle-psychotherapie-vittoz-bruston\/","name":"Manuel r\u00e9\u00e9ducation psychosensorielle en psychoth\u00e9rapie - Dr R. BRUSTON - Equilibre de Vie","isPartOf":{"@id":"https:\/\/www.verdieditions.com\/equilibre-de-vie\/#website"},"primaryImageOfPage":{"@id":"https:\/\/www.verdieditions.com\/equilibre-de-vie\/produit\/manuel-reeducation-psychosensorielle-psychotherapie-vittoz-bruston\/#primaryimage"},"image":{"@id":"https:\/\/www.verdieditions.com\/equilibre-de-vie\/produit\/manuel-reeducation-psychosensorielle-psychotherapie-vittoz-bruston\/#primaryimage"},"thumbnailUrl":"https:\/\/www.verdieditions.com\/equilibre-de-vie\/wp-content\/uploads\/2020\/04\/reeducation-psychosensorielle-psychotherapie-Vittoz-Bruston.jpg","datePublished":"2020-04-25T08:02:25+00:00","dateModified":"2024-02-07T14:24:41+00:00","description":"Auteur : Dr Rosie BRUSTON Titre : Petit manuel de r\u00e9\u00e9ducation psychosensorielle en psychoth\u00e9rapie \u2013 Il avance le pas s\u00fbr, le regard droit, conscient de sa force et de son \u00e9quilibre\u2026 \u00c9diteur : Epi, 1981 Dim. 14 x 21,5 100 pages","breadcrumb":{"@id":"https:\/\/www.verdieditions.com\/equilibre-de-vie\/produit\/manuel-reeducation-psychosensorielle-psychotherapie-vittoz-bruston\/#breadcrumb"},"inLanguage":"fr-FR","potentialAction":[{"@type":"ReadAction","target":["https:\/\/www.verdieditions.com\/equilibre-de-vie\/produit\/manuel-reeducation-psychosensorielle-psychotherapie-vittoz-bruston\/"]}]},{"@type":"ImageObject","inLanguage":"fr-FR","@id":"https:\/\/www.verdieditions.com\/equilibre-de-vie\/produit\/manuel-reeducation-psychosensorielle-psychotherapie-vittoz-bruston\/#primaryimage","url":"https:\/\/www.verdieditions.com\/equilibre-de-vie\/wp-content\/uploads\/2020\/04\/reeducation-psychosensorielle-psychotherapie-Vittoz-Bruston.jpg","contentUrl":"https:\/\/www.verdieditions.com\/equilibre-de-vie\/wp-content\/uploads\/2020\/04\/reeducation-psychosensorielle-psychotherapie-Vittoz-Bruston.jpg","width":751,"height":1120,"caption":"reeducation-psychosensorielle-psychotherapie-Vittoz-Bruston"},{"@type":"BreadcrumbList","@id":"https:\/\/www.verdieditions.com\/equilibre-de-vie\/produit\/manuel-reeducation-psychosensorielle-psychotherapie-vittoz-bruston\/#breadcrumb","itemListElement":[{"@type":"ListItem","position":1,"name":"Accueil","item":"https:\/\/www.verdieditions.com\/equilibre-de-vie\/"},{"@type":"ListItem","position":2,"name":"La boutique","item":"https:\/\/www.verdieditions.com\/equilibre-de-vie\/boutique\/"},{"@type":"ListItem","position":3,"name":"Manuel r\u00e9\u00e9ducation psychosensorielle en psychoth\u00e9rapie &#8211; Dr R. BRUSTON"}]},{"@type":"WebSite","@id":"https:\/\/www.verdieditions.com\/equilibre-de-vie\/#website","url":"https:\/\/www.verdieditions.com\/equilibre-de-vie\/","name":"Equilibre de Vie","description":"Ma boutique livres sant\u00e9, \u00e9sot\u00e9risme et d\u00e9veloppement personnel","publisher":{"@id":"https:\/\/www.verdieditions.com\/equilibre-de-vie\/#\/schema\/person\/9dcb2a6759f2f5fbf43ac0b44649cecb"},"potentialAction":[{"@type":"SearchAction","target":{"@type":"EntryPoint","urlTemplate":"https:\/\/www.verdieditions.com\/equilibre-de-vie\/?s={search_term_string}"},"query-input":{"@type":"PropertyValueSpecification","valueRequired":true,"valueName":"search_term_string"}}],"inLanguage":"fr-FR"},{"@type":["Person","Organization"],"@id":"https:\/\/www.verdieditions.com\/equilibre-de-vie\/#\/schema\/person\/9dcb2a6759f2f5fbf43ac0b44649cecb","name":"Sylvie VERDI","image":{"@type":"ImageObject","inLanguage":"fr-FR","@id":"https:\/\/www.verdieditions.com\/equilibre-de-vie\/wp-content\/uploads\/2020\/04\/livres-occasion-sante-esoterisme-developpement-personnel-2.jpg","url":"https:\/\/www.verdieditions.com\/equilibre-de-vie\/wp-content\/uploads\/2020\/04\/livres-occasion-sante-esoterisme-developpement-personnel-2.jpg","contentUrl":"https:\/\/www.verdieditions.com\/equilibre-de-vie\/wp-content\/uploads\/2020\/04\/livres-occasion-sante-esoterisme-developpement-personnel-2.jpg","width":800,"height":572,"caption":"Sylvie VERDI"},"logo":{"@id":"https:\/\/www.verdieditions.com\/equilibre-de-vie\/wp-content\/uploads\/2020\/04\/livres-occasion-sante-esoterisme-developpement-personnel-2.jpg"},"sameAs":["https:\/\/www.verdieditions.com\/equilibre-de-vie"]}]}},"_links":{"self":[{"href":"https:\/\/www.verdieditions.com\/equilibre-de-vie\/wp-json\/wp\/v2\/product\/532","targetHints":{"allow":["GET"]}}],"collection":[{"href":"https:\/\/www.verdieditions.com\/equilibre-de-vie\/wp-json\/wp\/v2\/product"}],"about":[{"href":"https:\/\/www.verdieditions.com\/equilibre-de-vie\/wp-json\/wp\/v2\/types\/product"}],"wp:featuredmedia":[{"embeddable":true,"href":"https:\/\/www.verdieditions.com\/equilibre-de-vie\/wp-json\/wp\/v2\/media\/533"}],"wp:attachment":[{"href":"https:\/\/www.verdieditions.com\/equilibre-de-vie\/wp-json\/wp\/v2\/media?parent=532"}],"wp:term":[{"taxonomy":"product_brand","embeddable":true,"href":"https:\/\/www.verdieditions.com\/equilibre-de-vie\/wp-json\/wp\/v2\/product_brand?post=532"},{"taxonomy":"product_cat","embeddable":true,"href":"https:\/\/www.verdieditions.com\/equilibre-de-vie\/wp-json\/wp\/v2\/product_cat?post=532"},{"taxonomy":"product_tag","embeddable":true,"href":"https:\/\/www.verdieditions.com\/equilibre-de-vie\/wp-json\/wp\/v2\/product_tag?post=532"}],"curies":[{"name":"wp","href":"https:\/\/api.w.org\/{rel}","templated":true}]}}