{"id":503,"date":"2020-04-25T08:53:33","date_gmt":"2020-04-25T06:53:33","guid":{"rendered":"https:\/\/www.verdieditions.com\/equilibre-de-vie\/?post_type=product&#038;p=503"},"modified":"2024-02-08T09:57:11","modified_gmt":"2024-02-08T08:57:11","slug":"vaincre-sophrologie-abrezol","status":"publish","type":"product","link":"https:\/\/www.verdieditions.com\/equilibre-de-vie\/produit\/vaincre-sophrologie-abrezol\/","title":{"rendered":"Vaincre par la sophrologie &#8211; Dr Raymond ABREZOL"},"content":{"rendered":"<p>Auteur : Dr Raymond ABREZOL<br \/>\nTitre : Vaincre par la sophrologie, lib\u00e9rez-vous de vos tensions pour atteindre l&rsquo;\u00e9quilibre physique, mental et \u00e9motionnel, avec des exercices pratiques<br \/>\n\u00c9diteur : Marabout, 1996, collection savoir pratique<br \/>\nFormat poche<br \/>\nDim. 11 x 18<br \/>\n252 pages<\/p>\n","protected":false},"excerpt":{"rendered":"<p>Auteur : Dr Raymond ABREZOL<br \/>\nTitre : Vaincre par la sophrologie, lib\u00e9rez-vous de vos tensions pour atteindre l&rsquo;\u00e9quilibre physique, mental et \u00e9motionnel, avec des exercices pratiques<br \/>\n\u00c9diteur : Marabout, 1996, collection savoir pratique<br \/>\nFormat poche<br \/>\nDim. 11 x 18<br \/>\n252 pages<\/p>\n","protected":false},"featured_media":504,"template":"","meta":[],"product_brand":[],"product_cat":[21],"product_tag":[40,99,100,140,142,150,152],"class_list":{"0":"post-503","1":"product","2":"type-product","3":"status-publish","4":"has-post-thumbnail","6":"product_cat-sante","7":"product_tag-bien-etre","8":"product_tag-medecine-douce","9":"product_tag-medecine-naturelle","10":"product_tag-relaxation","11":"product_tag-respiration","12":"product_tag-sommeil","13":"product_tag-sophrologie","15":"first","16":"instock","17":"shipping-taxable","18":"product-type-simple"},"yoast_head":"<!-- This site is optimized with the Yoast SEO plugin v27.4 - https:\/\/yoast.com\/product\/yoast-seo-wordpress\/ -->\n<title>Vaincre par la sophrologie - Dr Raymond ABREZOL - Equilibre de Vie<\/title>\n<meta name=\"description\" content=\"Auteur : Dr Raymond ABREZOL Titre : Vaincre par la sophrologie, lib\u00e9rez-vous de vos tensions pour atteindre l\u2019\u00e9quilibre physique, mental et \u00e9motionnel, avec des exercices pratiques \u00c9diteur : Marabout, 1996, collection savoir pratique Format poche Dim. 11 x 18 252 pages\" \/>\n<meta name=\"robots\" content=\"index, follow, max-snippet:-1, max-image-preview:large, max-video-preview:-1\" \/>\n<link rel=\"canonical\" href=\"https:\/\/www.verdieditions.com\/equilibre-de-vie\/produit\/vaincre-sophrologie-abrezol\/\" \/>\n<meta property=\"og:locale\" content=\"fr_FR\" \/>\n<meta property=\"og:type\" content=\"article\" \/>\n<meta property=\"og:title\" content=\"Vaincre par la sophrologie - Dr Raymond ABREZOL - Equilibre de Vie\" \/>\n<meta property=\"og:description\" content=\"Auteur : Dr Raymond ABREZOL Titre : Vaincre par la sophrologie, lib\u00e9rez-vous de vos tensions pour atteindre l\u2019\u00e9quilibre physique, mental et \u00e9motionnel, avec des exercices pratiques \u00c9diteur : Marabout, 1996, collection savoir pratique Format poche Dim. 11 x 18 252 pages\" \/>\n<meta property=\"og:url\" content=\"https:\/\/www.verdieditions.com\/equilibre-de-vie\/produit\/vaincre-sophrologie-abrezol\/\" \/>\n<meta property=\"og:site_name\" content=\"Equilibre de Vie\" \/>\n<meta property=\"article:modified_time\" content=\"2024-02-08T08:57:11+00:00\" \/>\n<meta property=\"og:image\" content=\"https:\/\/www.verdieditions.com\/equilibre-de-vie\/wp-content\/uploads\/2020\/04\/Vaincre-par-sophrologie-Abrezol.jpg\" \/>\n\t<meta property=\"og:image:width\" content=\"737\" \/>\n\t<meta property=\"og:image:height\" content=\"1196\" \/>\n\t<meta property=\"og:image:type\" content=\"image\/jpeg\" \/>\n<meta name=\"twitter:card\" content=\"summary_large_image\" \/>\n<script type=\"application\/ld+json\" class=\"yoast-schema-graph\">{\"@context\":\"https:\\\/\\\/schema.org\",\"@graph\":[{\"@type\":\"WebPage\",\"@id\":\"https:\\\/\\\/www.verdieditions.com\\\/equilibre-de-vie\\\/produit\\\/vaincre-sophrologie-abrezol\\\/\",\"url\":\"https:\\\/\\\/www.verdieditions.com\\\/equilibre-de-vie\\\/produit\\\/vaincre-sophrologie-abrezol\\\/\",\"name\":\"Vaincre par la sophrologie - Dr Raymond ABREZOL - Equilibre de Vie\",\"isPartOf\":{\"@id\":\"https:\\\/\\\/www.verdieditions.com\\\/equilibre-de-vie\\\/#website\"},\"primaryImageOfPage\":{\"@id\":\"https:\\\/\\\/www.verdieditions.com\\\/equilibre-de-vie\\\/produit\\\/vaincre-sophrologie-abrezol\\\/#primaryimage\"},\"image\":{\"@id\":\"https:\\\/\\\/www.verdieditions.com\\\/equilibre-de-vie\\\/produit\\\/vaincre-sophrologie-abrezol\\\/#primaryimage\"},\"thumbnailUrl\":\"https:\\\/\\\/www.verdieditions.com\\\/equilibre-de-vie\\\/wp-content\\\/uploads\\\/2020\\\/04\\\/Vaincre-par-sophrologie-Abrezol.jpg\",\"datePublished\":\"2020-04-25T06:53:33+00:00\",\"dateModified\":\"2024-02-08T08:57:11+00:00\",\"description\":\"Auteur : Dr Raymond ABREZOL Titre : Vaincre par la sophrologie, lib\u00e9rez-vous de vos tensions pour atteindre l\u2019\u00e9quilibre physique, mental et \u00e9motionnel, avec des exercices pratiques \u00c9diteur : Marabout, 1996, collection savoir pratique Format poche Dim. 11 x 18 252 pages\",\"breadcrumb\":{\"@id\":\"https:\\\/\\\/www.verdieditions.com\\\/equilibre-de-vie\\\/produit\\\/vaincre-sophrologie-abrezol\\\/#breadcrumb\"},\"inLanguage\":\"fr-FR\",\"potentialAction\":[{\"@type\":\"ReadAction\",\"target\":[\"https:\\\/\\\/www.verdieditions.com\\\/equilibre-de-vie\\\/produit\\\/vaincre-sophrologie-abrezol\\\/\"]}]},{\"@type\":\"ImageObject\",\"inLanguage\":\"fr-FR\",\"@id\":\"https:\\\/\\\/www.verdieditions.com\\\/equilibre-de-vie\\\/produit\\\/vaincre-sophrologie-abrezol\\\/#primaryimage\",\"url\":\"https:\\\/\\\/www.verdieditions.com\\\/equilibre-de-vie\\\/wp-content\\\/uploads\\\/2020\\\/04\\\/Vaincre-par-sophrologie-Abrezol.jpg\",\"contentUrl\":\"https:\\\/\\\/www.verdieditions.com\\\/equilibre-de-vie\\\/wp-content\\\/uploads\\\/2020\\\/04\\\/Vaincre-par-sophrologie-Abrezol.jpg\",\"width\":737,\"height\":1196,\"caption\":\"Vaincre-par-sophrologie-Abrezol\"},{\"@type\":\"BreadcrumbList\",\"@id\":\"https:\\\/\\\/www.verdieditions.com\\\/equilibre-de-vie\\\/produit\\\/vaincre-sophrologie-abrezol\\\/#breadcrumb\",\"itemListElement\":[{\"@type\":\"ListItem\",\"position\":1,\"name\":\"Accueil\",\"item\":\"https:\\\/\\\/www.verdieditions.com\\\/equilibre-de-vie\\\/\"},{\"@type\":\"ListItem\",\"position\":2,\"name\":\"La boutique\",\"item\":\"https:\\\/\\\/www.verdieditions.com\\\/equilibre-de-vie\\\/boutique\\\/\"},{\"@type\":\"ListItem\",\"position\":3,\"name\":\"Vaincre par la sophrologie &#8211; Dr Raymond ABREZOL\"}]},{\"@type\":\"WebSite\",\"@id\":\"https:\\\/\\\/www.verdieditions.com\\\/equilibre-de-vie\\\/#website\",\"url\":\"https:\\\/\\\/www.verdieditions.com\\\/equilibre-de-vie\\\/\",\"name\":\"Equilibre de Vie\",\"description\":\"Ma boutique livres sant\u00e9, \u00e9sot\u00e9risme et d\u00e9veloppement personnel\",\"publisher\":{\"@id\":\"https:\\\/\\\/www.verdieditions.com\\\/equilibre-de-vie\\\/#\\\/schema\\\/person\\\/9dcb2a6759f2f5fbf43ac0b44649cecb\"},\"potentialAction\":[{\"@type\":\"SearchAction\",\"target\":{\"@type\":\"EntryPoint\",\"urlTemplate\":\"https:\\\/\\\/www.verdieditions.com\\\/equilibre-de-vie\\\/?s={search_term_string}\"},\"query-input\":{\"@type\":\"PropertyValueSpecification\",\"valueRequired\":true,\"valueName\":\"search_term_string\"}}],\"inLanguage\":\"fr-FR\"},{\"@type\":[\"Person\",\"Organization\"],\"@id\":\"https:\\\/\\\/www.verdieditions.com\\\/equilibre-de-vie\\\/#\\\/schema\\\/person\\\/9dcb2a6759f2f5fbf43ac0b44649cecb\",\"name\":\"Sylvie VERDI\",\"image\":{\"@type\":\"ImageObject\",\"inLanguage\":\"fr-FR\",\"@id\":\"https:\\\/\\\/www.verdieditions.com\\\/equilibre-de-vie\\\/wp-content\\\/uploads\\\/2020\\\/04\\\/livres-occasion-sante-esoterisme-developpement-personnel-2.jpg\",\"url\":\"https:\\\/\\\/www.verdieditions.com\\\/equilibre-de-vie\\\/wp-content\\\/uploads\\\/2020\\\/04\\\/livres-occasion-sante-esoterisme-developpement-personnel-2.jpg\",\"contentUrl\":\"https:\\\/\\\/www.verdieditions.com\\\/equilibre-de-vie\\\/wp-content\\\/uploads\\\/2020\\\/04\\\/livres-occasion-sante-esoterisme-developpement-personnel-2.jpg\",\"width\":800,\"height\":572,\"caption\":\"Sylvie VERDI\"},\"logo\":{\"@id\":\"https:\\\/\\\/www.verdieditions.com\\\/equilibre-de-vie\\\/wp-content\\\/uploads\\\/2020\\\/04\\\/livres-occasion-sante-esoterisme-developpement-personnel-2.jpg\"},\"sameAs\":[\"https:\\\/\\\/www.verdieditions.com\\\/equilibre-de-vie\"]}]}<\/script>\n<!-- \/ Yoast SEO plugin. -->","yoast_head_json":{"title":"Vaincre par la sophrologie - Dr Raymond ABREZOL - Equilibre de Vie","description":"Auteur : Dr Raymond ABREZOL Titre : Vaincre par la sophrologie, lib\u00e9rez-vous de vos tensions pour atteindre l\u2019\u00e9quilibre physique, mental et \u00e9motionnel, avec des exercices pratiques \u00c9diteur : Marabout, 1996, collection savoir pratique Format poche Dim. 11 x 18 252 pages","robots":{"index":"index","follow":"follow","max-snippet":"max-snippet:-1","max-image-preview":"max-image-preview:large","max-video-preview":"max-video-preview:-1"},"canonical":"https:\/\/www.verdieditions.com\/equilibre-de-vie\/produit\/vaincre-sophrologie-abrezol\/","og_locale":"fr_FR","og_type":"article","og_title":"Vaincre par la sophrologie - Dr Raymond ABREZOL - Equilibre de Vie","og_description":"Auteur : Dr Raymond ABREZOL Titre : Vaincre par la sophrologie, lib\u00e9rez-vous de vos tensions pour atteindre l\u2019\u00e9quilibre physique, mental et \u00e9motionnel, avec des exercices pratiques \u00c9diteur : Marabout, 1996, collection savoir pratique Format poche Dim. 11 x 18 252 pages","og_url":"https:\/\/www.verdieditions.com\/equilibre-de-vie\/produit\/vaincre-sophrologie-abrezol\/","og_site_name":"Equilibre de Vie","article_modified_time":"2024-02-08T08:57:11+00:00","og_image":[{"width":737,"height":1196,"url":"https:\/\/www.verdieditions.com\/equilibre-de-vie\/wp-content\/uploads\/2020\/04\/Vaincre-par-sophrologie-Abrezol.jpg","type":"image\/jpeg"}],"twitter_card":"summary_large_image","schema":{"@context":"https:\/\/schema.org","@graph":[{"@type":"WebPage","@id":"https:\/\/www.verdieditions.com\/equilibre-de-vie\/produit\/vaincre-sophrologie-abrezol\/","url":"https:\/\/www.verdieditions.com\/equilibre-de-vie\/produit\/vaincre-sophrologie-abrezol\/","name":"Vaincre par la sophrologie - Dr Raymond ABREZOL - Equilibre de Vie","isPartOf":{"@id":"https:\/\/www.verdieditions.com\/equilibre-de-vie\/#website"},"primaryImageOfPage":{"@id":"https:\/\/www.verdieditions.com\/equilibre-de-vie\/produit\/vaincre-sophrologie-abrezol\/#primaryimage"},"image":{"@id":"https:\/\/www.verdieditions.com\/equilibre-de-vie\/produit\/vaincre-sophrologie-abrezol\/#primaryimage"},"thumbnailUrl":"https:\/\/www.verdieditions.com\/equilibre-de-vie\/wp-content\/uploads\/2020\/04\/Vaincre-par-sophrologie-Abrezol.jpg","datePublished":"2020-04-25T06:53:33+00:00","dateModified":"2024-02-08T08:57:11+00:00","description":"Auteur : Dr Raymond ABREZOL Titre : Vaincre par la sophrologie, lib\u00e9rez-vous de vos tensions pour atteindre l\u2019\u00e9quilibre physique, mental et \u00e9motionnel, avec des exercices pratiques \u00c9diteur : Marabout, 1996, collection savoir pratique Format poche Dim. 11 x 18 252 pages","breadcrumb":{"@id":"https:\/\/www.verdieditions.com\/equilibre-de-vie\/produit\/vaincre-sophrologie-abrezol\/#breadcrumb"},"inLanguage":"fr-FR","potentialAction":[{"@type":"ReadAction","target":["https:\/\/www.verdieditions.com\/equilibre-de-vie\/produit\/vaincre-sophrologie-abrezol\/"]}]},{"@type":"ImageObject","inLanguage":"fr-FR","@id":"https:\/\/www.verdieditions.com\/equilibre-de-vie\/produit\/vaincre-sophrologie-abrezol\/#primaryimage","url":"https:\/\/www.verdieditions.com\/equilibre-de-vie\/wp-content\/uploads\/2020\/04\/Vaincre-par-sophrologie-Abrezol.jpg","contentUrl":"https:\/\/www.verdieditions.com\/equilibre-de-vie\/wp-content\/uploads\/2020\/04\/Vaincre-par-sophrologie-Abrezol.jpg","width":737,"height":1196,"caption":"Vaincre-par-sophrologie-Abrezol"},{"@type":"BreadcrumbList","@id":"https:\/\/www.verdieditions.com\/equilibre-de-vie\/produit\/vaincre-sophrologie-abrezol\/#breadcrumb","itemListElement":[{"@type":"ListItem","position":1,"name":"Accueil","item":"https:\/\/www.verdieditions.com\/equilibre-de-vie\/"},{"@type":"ListItem","position":2,"name":"La boutique","item":"https:\/\/www.verdieditions.com\/equilibre-de-vie\/boutique\/"},{"@type":"ListItem","position":3,"name":"Vaincre par la sophrologie &#8211; Dr Raymond ABREZOL"}]},{"@type":"WebSite","@id":"https:\/\/www.verdieditions.com\/equilibre-de-vie\/#website","url":"https:\/\/www.verdieditions.com\/equilibre-de-vie\/","name":"Equilibre de Vie","description":"Ma boutique livres sant\u00e9, \u00e9sot\u00e9risme et d\u00e9veloppement personnel","publisher":{"@id":"https:\/\/www.verdieditions.com\/equilibre-de-vie\/#\/schema\/person\/9dcb2a6759f2f5fbf43ac0b44649cecb"},"potentialAction":[{"@type":"SearchAction","target":{"@type":"EntryPoint","urlTemplate":"https:\/\/www.verdieditions.com\/equilibre-de-vie\/?s={search_term_string}"},"query-input":{"@type":"PropertyValueSpecification","valueRequired":true,"valueName":"search_term_string"}}],"inLanguage":"fr-FR"},{"@type":["Person","Organization"],"@id":"https:\/\/www.verdieditions.com\/equilibre-de-vie\/#\/schema\/person\/9dcb2a6759f2f5fbf43ac0b44649cecb","name":"Sylvie VERDI","image":{"@type":"ImageObject","inLanguage":"fr-FR","@id":"https:\/\/www.verdieditions.com\/equilibre-de-vie\/wp-content\/uploads\/2020\/04\/livres-occasion-sante-esoterisme-developpement-personnel-2.jpg","url":"https:\/\/www.verdieditions.com\/equilibre-de-vie\/wp-content\/uploads\/2020\/04\/livres-occasion-sante-esoterisme-developpement-personnel-2.jpg","contentUrl":"https:\/\/www.verdieditions.com\/equilibre-de-vie\/wp-content\/uploads\/2020\/04\/livres-occasion-sante-esoterisme-developpement-personnel-2.jpg","width":800,"height":572,"caption":"Sylvie VERDI"},"logo":{"@id":"https:\/\/www.verdieditions.com\/equilibre-de-vie\/wp-content\/uploads\/2020\/04\/livres-occasion-sante-esoterisme-developpement-personnel-2.jpg"},"sameAs":["https:\/\/www.verdieditions.com\/equilibre-de-vie"]}]}},"_links":{"self":[{"href":"https:\/\/www.verdieditions.com\/equilibre-de-vie\/wp-json\/wp\/v2\/product\/503","targetHints":{"allow":["GET"]}}],"collection":[{"href":"https:\/\/www.verdieditions.com\/equilibre-de-vie\/wp-json\/wp\/v2\/product"}],"about":[{"href":"https:\/\/www.verdieditions.com\/equilibre-de-vie\/wp-json\/wp\/v2\/types\/product"}],"wp:featuredmedia":[{"embeddable":true,"href":"https:\/\/www.verdieditions.com\/equilibre-de-vie\/wp-json\/wp\/v2\/media\/504"}],"wp:attachment":[{"href":"https:\/\/www.verdieditions.com\/equilibre-de-vie\/wp-json\/wp\/v2\/media?parent=503"}],"wp:term":[{"taxonomy":"product_brand","embeddable":true,"href":"https:\/\/www.verdieditions.com\/equilibre-de-vie\/wp-json\/wp\/v2\/product_brand?post=503"},{"taxonomy":"product_cat","embeddable":true,"href":"https:\/\/www.verdieditions.com\/equilibre-de-vie\/wp-json\/wp\/v2\/product_cat?post=503"},{"taxonomy":"product_tag","embeddable":true,"href":"https:\/\/www.verdieditions.com\/equilibre-de-vie\/wp-json\/wp\/v2\/product_tag?post=503"}],"curies":[{"name":"wp","href":"https:\/\/api.w.org\/{rel}","templated":true}]}}