{"id":427,"date":"2020-04-24T14:54:56","date_gmt":"2020-04-24T12:54:56","guid":{"rendered":"https:\/\/www.verdieditions.com\/equilibre-de-vie\/?post_type=product&#038;p=427"},"modified":"2025-03-02T23:57:46","modified_gmt":"2025-03-02T22:57:46","slug":"triomphe-psychanalyse-daco","status":"publish","type":"product","link":"https:\/\/www.verdieditions.com\/equilibre-de-vie\/produit\/triomphe-psychanalyse-daco\/","title":{"rendered":"Les triomphes de la psychanalyse &#8211; Pierre DACO"},"content":{"rendered":"<p>Auteur : Pierre DACO<br \/>\nTitre : Les triomphes de la psychanalyse, du traitement psychologique \u00e0 l&rsquo;\u00e9quilibre de la personnalit\u00e9 &#8211; D\u00e9roulement d&rsquo;une analyse, d\u00e9couverte du moi, extraits des s\u00e9ances, grands symboles, une \u00e9ducation et une morale nouvelle<br \/>\n\u00c9diteur : Marabout Services, 2001<br \/>\nFormat poche<br \/>\nDim. 11,5 x 18<br \/>\n442 pages<\/p>\n","protected":false},"excerpt":{"rendered":"<p>Auteur : Pierre DACO<br \/>\nTitre : Les triomphes de la psychanalyse, du traitement psychologique \u00e0 l&rsquo;\u00e9quilibre de la personnalit\u00e9 &#8211; D\u00e9roulement d&rsquo;une analyse, d\u00e9couverte du moi, extraits des s\u00e9ances, grands symboles, une \u00e9ducation et une morale nouvelle<br \/>\n\u00c9diteur : Marabout Services, 2001<br \/>\nFormat poche<br \/>\nDim. 11,5 x 18<br \/>\n442 pages<\/p>\n","protected":false},"featured_media":428,"template":"","meta":[],"product_brand":[],"product_cat":[22],"product_tag":[134,135,197,139],"class_list":{"0":"post-427","1":"product","2":"type-product","3":"status-publish","4":"has-post-thumbnail","6":"product_cat-developpement-personnel","7":"product_tag-psychanalyse","8":"product_tag-psychologie","9":"product_tag-psychotherapie","10":"product_tag-relations-humaines","12":"first","13":"outofstock","14":"shipping-taxable","15":"product-type-simple"},"yoast_head":"<!-- This site is optimized with the Yoast SEO plugin v27.4 - https:\/\/yoast.com\/product\/yoast-seo-wordpress\/ -->\n<title>Les triomphes de la psychanalyse - Pierre DACO - Equilibre de Vie<\/title>\n<meta name=\"description\" content=\"Auteur : Pierre DACO Titre : Les triomphes de la psychanalyse, du traitement psychologique \u00e0 l\u2019\u00e9quilibre de la personnalit\u00e9 \u2013 D\u00e9roulement d\u2019une analyse, d\u00e9couverte du moi, extraits des s\u00e9ances, grands symboles, une \u00e9ducation et une morale nouvelle \u00c9diteur : Marabout Services, 2001 Format poche Dim. 11,5 x 18 442 pages\" \/>\n<meta name=\"robots\" content=\"index, follow, max-snippet:-1, max-image-preview:large, max-video-preview:-1\" \/>\n<link rel=\"canonical\" href=\"https:\/\/www.verdieditions.com\/equilibre-de-vie\/produit\/triomphe-psychanalyse-daco\/\" \/>\n<meta property=\"og:locale\" content=\"fr_FR\" \/>\n<meta property=\"og:type\" content=\"article\" \/>\n<meta property=\"og:title\" content=\"Les triomphes de la psychanalyse - Pierre DACO - Equilibre de Vie\" \/>\n<meta property=\"og:description\" content=\"Auteur : Pierre DACO Titre : Les triomphes de la psychanalyse, du traitement psychologique \u00e0 l\u2019\u00e9quilibre de la personnalit\u00e9 \u2013 D\u00e9roulement d\u2019une analyse, d\u00e9couverte du moi, extraits des s\u00e9ances, grands symboles, une \u00e9ducation et une morale nouvelle \u00c9diteur : Marabout Services, 2001 Format poche Dim. 11,5 x 18 442 pages\" \/>\n<meta property=\"og:url\" content=\"https:\/\/www.verdieditions.com\/equilibre-de-vie\/produit\/triomphe-psychanalyse-daco\/\" \/>\n<meta property=\"og:site_name\" content=\"Equilibre de Vie\" \/>\n<meta property=\"article:modified_time\" content=\"2025-03-02T22:57:46+00:00\" \/>\n<meta property=\"og:image\" content=\"https:\/\/www.verdieditions.com\/equilibre-de-vie\/wp-content\/uploads\/2020\/04\/triomphes-psychanalyse-Daco.jpg\" \/>\n\t<meta property=\"og:image:width\" content=\"722\" \/>\n\t<meta property=\"og:image:height\" content=\"1134\" \/>\n\t<meta property=\"og:image:type\" content=\"image\/jpeg\" \/>\n<meta name=\"twitter:card\" content=\"summary_large_image\" \/>\n<script type=\"application\/ld+json\" class=\"yoast-schema-graph\">{\"@context\":\"https:\\\/\\\/schema.org\",\"@graph\":[{\"@type\":\"WebPage\",\"@id\":\"https:\\\/\\\/www.verdieditions.com\\\/equilibre-de-vie\\\/produit\\\/triomphe-psychanalyse-daco\\\/\",\"url\":\"https:\\\/\\\/www.verdieditions.com\\\/equilibre-de-vie\\\/produit\\\/triomphe-psychanalyse-daco\\\/\",\"name\":\"Les triomphes de la psychanalyse - Pierre DACO - Equilibre de Vie\",\"isPartOf\":{\"@id\":\"https:\\\/\\\/www.verdieditions.com\\\/equilibre-de-vie\\\/#website\"},\"primaryImageOfPage\":{\"@id\":\"https:\\\/\\\/www.verdieditions.com\\\/equilibre-de-vie\\\/produit\\\/triomphe-psychanalyse-daco\\\/#primaryimage\"},\"image\":{\"@id\":\"https:\\\/\\\/www.verdieditions.com\\\/equilibre-de-vie\\\/produit\\\/triomphe-psychanalyse-daco\\\/#primaryimage\"},\"thumbnailUrl\":\"https:\\\/\\\/www.verdieditions.com\\\/equilibre-de-vie\\\/wp-content\\\/uploads\\\/2020\\\/04\\\/triomphes-psychanalyse-Daco.jpg\",\"datePublished\":\"2020-04-24T12:54:56+00:00\",\"dateModified\":\"2025-03-02T22:57:46+00:00\",\"description\":\"Auteur : Pierre DACO Titre : Les triomphes de la psychanalyse, du traitement psychologique \u00e0 l\u2019\u00e9quilibre de la personnalit\u00e9 \u2013 D\u00e9roulement d\u2019une analyse, d\u00e9couverte du moi, extraits des s\u00e9ances, grands symboles, une \u00e9ducation et une morale nouvelle \u00c9diteur : Marabout Services, 2001 Format poche Dim. 11,5 x 18 442 pages\",\"breadcrumb\":{\"@id\":\"https:\\\/\\\/www.verdieditions.com\\\/equilibre-de-vie\\\/produit\\\/triomphe-psychanalyse-daco\\\/#breadcrumb\"},\"inLanguage\":\"fr-FR\",\"potentialAction\":[{\"@type\":\"ReadAction\",\"target\":[\"https:\\\/\\\/www.verdieditions.com\\\/equilibre-de-vie\\\/produit\\\/triomphe-psychanalyse-daco\\\/\"]}]},{\"@type\":\"ImageObject\",\"inLanguage\":\"fr-FR\",\"@id\":\"https:\\\/\\\/www.verdieditions.com\\\/equilibre-de-vie\\\/produit\\\/triomphe-psychanalyse-daco\\\/#primaryimage\",\"url\":\"https:\\\/\\\/www.verdieditions.com\\\/equilibre-de-vie\\\/wp-content\\\/uploads\\\/2020\\\/04\\\/triomphes-psychanalyse-Daco.jpg\",\"contentUrl\":\"https:\\\/\\\/www.verdieditions.com\\\/equilibre-de-vie\\\/wp-content\\\/uploads\\\/2020\\\/04\\\/triomphes-psychanalyse-Daco.jpg\",\"width\":722,\"height\":1134,\"caption\":\"triomphes-psychanalyse-Daco\"},{\"@type\":\"BreadcrumbList\",\"@id\":\"https:\\\/\\\/www.verdieditions.com\\\/equilibre-de-vie\\\/produit\\\/triomphe-psychanalyse-daco\\\/#breadcrumb\",\"itemListElement\":[{\"@type\":\"ListItem\",\"position\":1,\"name\":\"Accueil\",\"item\":\"https:\\\/\\\/www.verdieditions.com\\\/equilibre-de-vie\\\/\"},{\"@type\":\"ListItem\",\"position\":2,\"name\":\"La boutique\",\"item\":\"https:\\\/\\\/www.verdieditions.com\\\/equilibre-de-vie\\\/boutique\\\/\"},{\"@type\":\"ListItem\",\"position\":3,\"name\":\"Les triomphes de la psychanalyse &#8211; Pierre DACO\"}]},{\"@type\":\"WebSite\",\"@id\":\"https:\\\/\\\/www.verdieditions.com\\\/equilibre-de-vie\\\/#website\",\"url\":\"https:\\\/\\\/www.verdieditions.com\\\/equilibre-de-vie\\\/\",\"name\":\"Equilibre de Vie\",\"description\":\"Ma boutique livres sant\u00e9, \u00e9sot\u00e9risme et d\u00e9veloppement personnel\",\"publisher\":{\"@id\":\"https:\\\/\\\/www.verdieditions.com\\\/equilibre-de-vie\\\/#\\\/schema\\\/person\\\/9dcb2a6759f2f5fbf43ac0b44649cecb\"},\"potentialAction\":[{\"@type\":\"SearchAction\",\"target\":{\"@type\":\"EntryPoint\",\"urlTemplate\":\"https:\\\/\\\/www.verdieditions.com\\\/equilibre-de-vie\\\/?s={search_term_string}\"},\"query-input\":{\"@type\":\"PropertyValueSpecification\",\"valueRequired\":true,\"valueName\":\"search_term_string\"}}],\"inLanguage\":\"fr-FR\"},{\"@type\":[\"Person\",\"Organization\"],\"@id\":\"https:\\\/\\\/www.verdieditions.com\\\/equilibre-de-vie\\\/#\\\/schema\\\/person\\\/9dcb2a6759f2f5fbf43ac0b44649cecb\",\"name\":\"Sylvie VERDI\",\"image\":{\"@type\":\"ImageObject\",\"inLanguage\":\"fr-FR\",\"@id\":\"https:\\\/\\\/www.verdieditions.com\\\/equilibre-de-vie\\\/wp-content\\\/uploads\\\/2020\\\/04\\\/livres-occasion-sante-esoterisme-developpement-personnel-2.jpg\",\"url\":\"https:\\\/\\\/www.verdieditions.com\\\/equilibre-de-vie\\\/wp-content\\\/uploads\\\/2020\\\/04\\\/livres-occasion-sante-esoterisme-developpement-personnel-2.jpg\",\"contentUrl\":\"https:\\\/\\\/www.verdieditions.com\\\/equilibre-de-vie\\\/wp-content\\\/uploads\\\/2020\\\/04\\\/livres-occasion-sante-esoterisme-developpement-personnel-2.jpg\",\"width\":800,\"height\":572,\"caption\":\"Sylvie VERDI\"},\"logo\":{\"@id\":\"https:\\\/\\\/www.verdieditions.com\\\/equilibre-de-vie\\\/wp-content\\\/uploads\\\/2020\\\/04\\\/livres-occasion-sante-esoterisme-developpement-personnel-2.jpg\"},\"sameAs\":[\"https:\\\/\\\/www.verdieditions.com\\\/equilibre-de-vie\"]}]}<\/script>\n<!-- \/ Yoast SEO plugin. -->","yoast_head_json":{"title":"Les triomphes de la psychanalyse - Pierre DACO - Equilibre de Vie","description":"Auteur : Pierre DACO Titre : Les triomphes de la psychanalyse, du traitement psychologique \u00e0 l\u2019\u00e9quilibre de la personnalit\u00e9 \u2013 D\u00e9roulement d\u2019une analyse, d\u00e9couverte du moi, extraits des s\u00e9ances, grands symboles, une \u00e9ducation et une morale nouvelle \u00c9diteur : Marabout Services, 2001 Format poche Dim. 11,5 x 18 442 pages","robots":{"index":"index","follow":"follow","max-snippet":"max-snippet:-1","max-image-preview":"max-image-preview:large","max-video-preview":"max-video-preview:-1"},"canonical":"https:\/\/www.verdieditions.com\/equilibre-de-vie\/produit\/triomphe-psychanalyse-daco\/","og_locale":"fr_FR","og_type":"article","og_title":"Les triomphes de la psychanalyse - Pierre DACO - Equilibre de Vie","og_description":"Auteur : Pierre DACO Titre : Les triomphes de la psychanalyse, du traitement psychologique \u00e0 l\u2019\u00e9quilibre de la personnalit\u00e9 \u2013 D\u00e9roulement d\u2019une analyse, d\u00e9couverte du moi, extraits des s\u00e9ances, grands symboles, une \u00e9ducation et une morale nouvelle \u00c9diteur : Marabout Services, 2001 Format poche Dim. 11,5 x 18 442 pages","og_url":"https:\/\/www.verdieditions.com\/equilibre-de-vie\/produit\/triomphe-psychanalyse-daco\/","og_site_name":"Equilibre de Vie","article_modified_time":"2025-03-02T22:57:46+00:00","og_image":[{"width":722,"height":1134,"url":"https:\/\/www.verdieditions.com\/equilibre-de-vie\/wp-content\/uploads\/2020\/04\/triomphes-psychanalyse-Daco.jpg","type":"image\/jpeg"}],"twitter_card":"summary_large_image","schema":{"@context":"https:\/\/schema.org","@graph":[{"@type":"WebPage","@id":"https:\/\/www.verdieditions.com\/equilibre-de-vie\/produit\/triomphe-psychanalyse-daco\/","url":"https:\/\/www.verdieditions.com\/equilibre-de-vie\/produit\/triomphe-psychanalyse-daco\/","name":"Les triomphes de la psychanalyse - Pierre DACO - Equilibre de Vie","isPartOf":{"@id":"https:\/\/www.verdieditions.com\/equilibre-de-vie\/#website"},"primaryImageOfPage":{"@id":"https:\/\/www.verdieditions.com\/equilibre-de-vie\/produit\/triomphe-psychanalyse-daco\/#primaryimage"},"image":{"@id":"https:\/\/www.verdieditions.com\/equilibre-de-vie\/produit\/triomphe-psychanalyse-daco\/#primaryimage"},"thumbnailUrl":"https:\/\/www.verdieditions.com\/equilibre-de-vie\/wp-content\/uploads\/2020\/04\/triomphes-psychanalyse-Daco.jpg","datePublished":"2020-04-24T12:54:56+00:00","dateModified":"2025-03-02T22:57:46+00:00","description":"Auteur : Pierre DACO Titre : Les triomphes de la psychanalyse, du traitement psychologique \u00e0 l\u2019\u00e9quilibre de la personnalit\u00e9 \u2013 D\u00e9roulement d\u2019une analyse, d\u00e9couverte du moi, extraits des s\u00e9ances, grands symboles, une \u00e9ducation et une morale nouvelle \u00c9diteur : Marabout Services, 2001 Format poche Dim. 11,5 x 18 442 pages","breadcrumb":{"@id":"https:\/\/www.verdieditions.com\/equilibre-de-vie\/produit\/triomphe-psychanalyse-daco\/#breadcrumb"},"inLanguage":"fr-FR","potentialAction":[{"@type":"ReadAction","target":["https:\/\/www.verdieditions.com\/equilibre-de-vie\/produit\/triomphe-psychanalyse-daco\/"]}]},{"@type":"ImageObject","inLanguage":"fr-FR","@id":"https:\/\/www.verdieditions.com\/equilibre-de-vie\/produit\/triomphe-psychanalyse-daco\/#primaryimage","url":"https:\/\/www.verdieditions.com\/equilibre-de-vie\/wp-content\/uploads\/2020\/04\/triomphes-psychanalyse-Daco.jpg","contentUrl":"https:\/\/www.verdieditions.com\/equilibre-de-vie\/wp-content\/uploads\/2020\/04\/triomphes-psychanalyse-Daco.jpg","width":722,"height":1134,"caption":"triomphes-psychanalyse-Daco"},{"@type":"BreadcrumbList","@id":"https:\/\/www.verdieditions.com\/equilibre-de-vie\/produit\/triomphe-psychanalyse-daco\/#breadcrumb","itemListElement":[{"@type":"ListItem","position":1,"name":"Accueil","item":"https:\/\/www.verdieditions.com\/equilibre-de-vie\/"},{"@type":"ListItem","position":2,"name":"La boutique","item":"https:\/\/www.verdieditions.com\/equilibre-de-vie\/boutique\/"},{"@type":"ListItem","position":3,"name":"Les triomphes de la psychanalyse &#8211; Pierre DACO"}]},{"@type":"WebSite","@id":"https:\/\/www.verdieditions.com\/equilibre-de-vie\/#website","url":"https:\/\/www.verdieditions.com\/equilibre-de-vie\/","name":"Equilibre de Vie","description":"Ma boutique livres sant\u00e9, \u00e9sot\u00e9risme et d\u00e9veloppement personnel","publisher":{"@id":"https:\/\/www.verdieditions.com\/equilibre-de-vie\/#\/schema\/person\/9dcb2a6759f2f5fbf43ac0b44649cecb"},"potentialAction":[{"@type":"SearchAction","target":{"@type":"EntryPoint","urlTemplate":"https:\/\/www.verdieditions.com\/equilibre-de-vie\/?s={search_term_string}"},"query-input":{"@type":"PropertyValueSpecification","valueRequired":true,"valueName":"search_term_string"}}],"inLanguage":"fr-FR"},{"@type":["Person","Organization"],"@id":"https:\/\/www.verdieditions.com\/equilibre-de-vie\/#\/schema\/person\/9dcb2a6759f2f5fbf43ac0b44649cecb","name":"Sylvie VERDI","image":{"@type":"ImageObject","inLanguage":"fr-FR","@id":"https:\/\/www.verdieditions.com\/equilibre-de-vie\/wp-content\/uploads\/2020\/04\/livres-occasion-sante-esoterisme-developpement-personnel-2.jpg","url":"https:\/\/www.verdieditions.com\/equilibre-de-vie\/wp-content\/uploads\/2020\/04\/livres-occasion-sante-esoterisme-developpement-personnel-2.jpg","contentUrl":"https:\/\/www.verdieditions.com\/equilibre-de-vie\/wp-content\/uploads\/2020\/04\/livres-occasion-sante-esoterisme-developpement-personnel-2.jpg","width":800,"height":572,"caption":"Sylvie VERDI"},"logo":{"@id":"https:\/\/www.verdieditions.com\/equilibre-de-vie\/wp-content\/uploads\/2020\/04\/livres-occasion-sante-esoterisme-developpement-personnel-2.jpg"},"sameAs":["https:\/\/www.verdieditions.com\/equilibre-de-vie"]}]}},"_links":{"self":[{"href":"https:\/\/www.verdieditions.com\/equilibre-de-vie\/wp-json\/wp\/v2\/product\/427","targetHints":{"allow":["GET"]}}],"collection":[{"href":"https:\/\/www.verdieditions.com\/equilibre-de-vie\/wp-json\/wp\/v2\/product"}],"about":[{"href":"https:\/\/www.verdieditions.com\/equilibre-de-vie\/wp-json\/wp\/v2\/types\/product"}],"wp:featuredmedia":[{"embeddable":true,"href":"https:\/\/www.verdieditions.com\/equilibre-de-vie\/wp-json\/wp\/v2\/media\/428"}],"wp:attachment":[{"href":"https:\/\/www.verdieditions.com\/equilibre-de-vie\/wp-json\/wp\/v2\/media?parent=427"}],"wp:term":[{"taxonomy":"product_brand","embeddable":true,"href":"https:\/\/www.verdieditions.com\/equilibre-de-vie\/wp-json\/wp\/v2\/product_brand?post=427"},{"taxonomy":"product_cat","embeddable":true,"href":"https:\/\/www.verdieditions.com\/equilibre-de-vie\/wp-json\/wp\/v2\/product_cat?post=427"},{"taxonomy":"product_tag","embeddable":true,"href":"https:\/\/www.verdieditions.com\/equilibre-de-vie\/wp-json\/wp\/v2\/product_tag?post=427"}],"curies":[{"name":"wp","href":"https:\/\/api.w.org\/{rel}","templated":true}]}}