{"id":357,"date":"2020-04-24T11:10:40","date_gmt":"2020-04-24T09:10:40","guid":{"rendered":"https:\/\/www.verdieditions.com\/equilibre-de-vie\/?post_type=product&#038;p=357"},"modified":"2020-11-11T14:23:46","modified_gmt":"2020-11-11T13:23:46","slug":"bons-choix-professionnels-astrologie-gonzalez","status":"publish","type":"product","link":"https:\/\/www.verdieditions.com\/equilibre-de-vie\/produit\/bons-choix-professionnels-astrologie-gonzalez\/","title":{"rendered":"Les bons choix professionnels gr\u00e2ce \u00e0 l&rsquo;astrologie &#8211; Laurence GONZALEZ"},"content":{"rendered":"<p>Auteur : Laurence GONZALEZ<br \/>\nTitre : Les bons choix professionnels gr\u00e2ce \u00e0 l&rsquo;astrologie<br \/>\n\u00c9diteur : Bussi\u00e8re poche, 2013, collection Astro<br \/>\nFormat poche, \u00e9tat neuf<br \/>\nDim. 11,5 x 18<br \/>\n252 pages<\/p>\n<p>Enfin un guide astrologique complet pour aider \u00e0 faire les meilleurs choix professionnels. Cet ouvrage s&rsquo;adresse tant aux recruteurs et chefs d&rsquo;entreprise, pour leur donner les meilleurs chances de trouver le collaborateur id\u00e9al, qu&rsquo;aux salari\u00e9s, pour \u00e9tablir un v\u00e9ritable bilan de comp\u00e9tence astrologique. Cet ouvrage permettra de mieux cerner sa personnalit\u00e9, ses aptitudes, motivations, capacit\u00e9s de travail en \u00e9quipe et dispositions relationnelles, de v\u00e9rifier ses domaines de comp\u00e9tence ou encore de trouver le bon moment pour entamer un virage professionnel.. Un outil accessible \u00e0 tous , pour aider \u00e0 bien choisir son m\u00e9tier, ou effectuer un recrutement de qualit\u00e9.<\/p>\n","protected":false},"excerpt":{"rendered":"<p>Auteur : Laurence GONZALEZ<br \/>\nTitre : Les bons choix professionnels gr\u00e2ce \u00e0 l&rsquo;astrologie<br \/>\n\u00c9diteur : Bussi\u00e8re poche, 2013, collection Astro<br \/>\nFormat poche, \u00e9tat neuf<br \/>\nDim. 11,5 x 18<br \/>\n252 pages<\/p>\n","protected":false},"featured_media":465,"template":"","meta":[],"product_brand":[],"product_cat":[23],"product_tag":[34,132,169,180],"class_list":{"0":"post-357","1":"product","2":"type-product","3":"status-publish","4":"has-post-thumbnail","6":"product_cat-esoterisme","7":"product_tag-astrologie","8":"product_tag-professionnel","9":"product_tag-travail","10":"product_tag-zodiaque","12":"first","13":"outofstock","14":"shipping-taxable","15":"product-type-simple"},"yoast_head":"<!-- This site is optimized with the Yoast SEO plugin v27.4 - https:\/\/yoast.com\/product\/yoast-seo-wordpress\/ -->\n<title>Les bons choix professionnels gr\u00e2ce \u00e0 l&#039;astrologie - Laurence GONZALEZ - Equilibre de Vie<\/title>\n<meta name=\"description\" content=\"Auteur : Laurence GONZALEZ Titre : Les bons choix professionnels gr\u00e2ce \u00e0 l\u2019astrologie \u00c9diteur : Bussi\u00e8re poche, 2013, collection Astro Format poche, \u00e9tat neuf Dim. 11,5 x 18 252 pages\" \/>\n<meta name=\"robots\" content=\"index, follow, max-snippet:-1, max-image-preview:large, max-video-preview:-1\" \/>\n<link rel=\"canonical\" href=\"https:\/\/www.verdieditions.com\/equilibre-de-vie\/produit\/bons-choix-professionnels-astrologie-gonzalez\/\" \/>\n<meta property=\"og:locale\" content=\"fr_FR\" \/>\n<meta property=\"og:type\" content=\"article\" \/>\n<meta property=\"og:title\" content=\"Les bons choix professionnels gr\u00e2ce \u00e0 l&#039;astrologie - Laurence GONZALEZ - Equilibre de Vie\" \/>\n<meta property=\"og:description\" content=\"Auteur : Laurence GONZALEZ Titre : Les bons choix professionnels gr\u00e2ce \u00e0 l\u2019astrologie \u00c9diteur : Bussi\u00e8re poche, 2013, collection Astro Format poche, \u00e9tat neuf Dim. 11,5 x 18 252 pages\" \/>\n<meta property=\"og:url\" content=\"https:\/\/www.verdieditions.com\/equilibre-de-vie\/produit\/bons-choix-professionnels-astrologie-gonzalez\/\" \/>\n<meta property=\"og:site_name\" content=\"Equilibre de Vie\" \/>\n<meta property=\"article:modified_time\" content=\"2020-11-11T13:23:46+00:00\" \/>\n<meta property=\"og:image\" content=\"https:\/\/www.verdieditions.com\/equilibre-de-vie\/wp-content\/uploads\/2020\/04\/bons-choix-professionnels-astrologie-Gonzalez.jpg\" \/>\n\t<meta property=\"og:image:width\" content=\"717\" \/>\n\t<meta property=\"og:image:height\" content=\"1080\" \/>\n\t<meta property=\"og:image:type\" content=\"image\/jpeg\" \/>\n<meta name=\"twitter:card\" content=\"summary_large_image\" \/>\n<meta name=\"twitter:label1\" content=\"Dur\u00e9e de lecture estim\u00e9e\" \/>\n\t<meta name=\"twitter:data1\" content=\"1 minute\" \/>\n<script type=\"application\/ld+json\" class=\"yoast-schema-graph\">{\"@context\":\"https:\\\/\\\/schema.org\",\"@graph\":[{\"@type\":\"WebPage\",\"@id\":\"https:\\\/\\\/www.verdieditions.com\\\/equilibre-de-vie\\\/produit\\\/bons-choix-professionnels-astrologie-gonzalez\\\/\",\"url\":\"https:\\\/\\\/www.verdieditions.com\\\/equilibre-de-vie\\\/produit\\\/bons-choix-professionnels-astrologie-gonzalez\\\/\",\"name\":\"Les bons choix professionnels gr\u00e2ce \u00e0 l'astrologie - Laurence GONZALEZ - Equilibre de Vie\",\"isPartOf\":{\"@id\":\"https:\\\/\\\/www.verdieditions.com\\\/equilibre-de-vie\\\/#website\"},\"primaryImageOfPage\":{\"@id\":\"https:\\\/\\\/www.verdieditions.com\\\/equilibre-de-vie\\\/produit\\\/bons-choix-professionnels-astrologie-gonzalez\\\/#primaryimage\"},\"image\":{\"@id\":\"https:\\\/\\\/www.verdieditions.com\\\/equilibre-de-vie\\\/produit\\\/bons-choix-professionnels-astrologie-gonzalez\\\/#primaryimage\"},\"thumbnailUrl\":\"https:\\\/\\\/www.verdieditions.com\\\/equilibre-de-vie\\\/wp-content\\\/uploads\\\/2020\\\/04\\\/bons-choix-professionnels-astrologie-Gonzalez.jpg\",\"datePublished\":\"2020-04-24T09:10:40+00:00\",\"dateModified\":\"2020-11-11T13:23:46+00:00\",\"description\":\"Auteur : Laurence GONZALEZ Titre : Les bons choix professionnels gr\u00e2ce \u00e0 l\u2019astrologie \u00c9diteur : Bussi\u00e8re poche, 2013, collection Astro Format poche, \u00e9tat neuf Dim. 11,5 x 18 252 pages\",\"breadcrumb\":{\"@id\":\"https:\\\/\\\/www.verdieditions.com\\\/equilibre-de-vie\\\/produit\\\/bons-choix-professionnels-astrologie-gonzalez\\\/#breadcrumb\"},\"inLanguage\":\"fr-FR\",\"potentialAction\":[{\"@type\":\"ReadAction\",\"target\":[\"https:\\\/\\\/www.verdieditions.com\\\/equilibre-de-vie\\\/produit\\\/bons-choix-professionnels-astrologie-gonzalez\\\/\"]}]},{\"@type\":\"ImageObject\",\"inLanguage\":\"fr-FR\",\"@id\":\"https:\\\/\\\/www.verdieditions.com\\\/equilibre-de-vie\\\/produit\\\/bons-choix-professionnels-astrologie-gonzalez\\\/#primaryimage\",\"url\":\"https:\\\/\\\/www.verdieditions.com\\\/equilibre-de-vie\\\/wp-content\\\/uploads\\\/2020\\\/04\\\/bons-choix-professionnels-astrologie-Gonzalez.jpg\",\"contentUrl\":\"https:\\\/\\\/www.verdieditions.com\\\/equilibre-de-vie\\\/wp-content\\\/uploads\\\/2020\\\/04\\\/bons-choix-professionnels-astrologie-Gonzalez.jpg\",\"width\":717,\"height\":1080,\"caption\":\"bons-choix-professionnels-astrologie-Gonzalez\"},{\"@type\":\"BreadcrumbList\",\"@id\":\"https:\\\/\\\/www.verdieditions.com\\\/equilibre-de-vie\\\/produit\\\/bons-choix-professionnels-astrologie-gonzalez\\\/#breadcrumb\",\"itemListElement\":[{\"@type\":\"ListItem\",\"position\":1,\"name\":\"Accueil\",\"item\":\"https:\\\/\\\/www.verdieditions.com\\\/equilibre-de-vie\\\/\"},{\"@type\":\"ListItem\",\"position\":2,\"name\":\"La boutique\",\"item\":\"https:\\\/\\\/www.verdieditions.com\\\/equilibre-de-vie\\\/boutique\\\/\"},{\"@type\":\"ListItem\",\"position\":3,\"name\":\"Les bons choix professionnels gr\u00e2ce \u00e0 l&#8217;astrologie &#8211; Laurence GONZALEZ\"}]},{\"@type\":\"WebSite\",\"@id\":\"https:\\\/\\\/www.verdieditions.com\\\/equilibre-de-vie\\\/#website\",\"url\":\"https:\\\/\\\/www.verdieditions.com\\\/equilibre-de-vie\\\/\",\"name\":\"Equilibre de Vie\",\"description\":\"Ma boutique livres sant\u00e9, \u00e9sot\u00e9risme et d\u00e9veloppement personnel\",\"publisher\":{\"@id\":\"https:\\\/\\\/www.verdieditions.com\\\/equilibre-de-vie\\\/#\\\/schema\\\/person\\\/9dcb2a6759f2f5fbf43ac0b44649cecb\"},\"potentialAction\":[{\"@type\":\"SearchAction\",\"target\":{\"@type\":\"EntryPoint\",\"urlTemplate\":\"https:\\\/\\\/www.verdieditions.com\\\/equilibre-de-vie\\\/?s={search_term_string}\"},\"query-input\":{\"@type\":\"PropertyValueSpecification\",\"valueRequired\":true,\"valueName\":\"search_term_string\"}}],\"inLanguage\":\"fr-FR\"},{\"@type\":[\"Person\",\"Organization\"],\"@id\":\"https:\\\/\\\/www.verdieditions.com\\\/equilibre-de-vie\\\/#\\\/schema\\\/person\\\/9dcb2a6759f2f5fbf43ac0b44649cecb\",\"name\":\"Sylvie VERDI\",\"image\":{\"@type\":\"ImageObject\",\"inLanguage\":\"fr-FR\",\"@id\":\"https:\\\/\\\/www.verdieditions.com\\\/equilibre-de-vie\\\/wp-content\\\/uploads\\\/2020\\\/04\\\/livres-occasion-sante-esoterisme-developpement-personnel-2.jpg\",\"url\":\"https:\\\/\\\/www.verdieditions.com\\\/equilibre-de-vie\\\/wp-content\\\/uploads\\\/2020\\\/04\\\/livres-occasion-sante-esoterisme-developpement-personnel-2.jpg\",\"contentUrl\":\"https:\\\/\\\/www.verdieditions.com\\\/equilibre-de-vie\\\/wp-content\\\/uploads\\\/2020\\\/04\\\/livres-occasion-sante-esoterisme-developpement-personnel-2.jpg\",\"width\":800,\"height\":572,\"caption\":\"Sylvie VERDI\"},\"logo\":{\"@id\":\"https:\\\/\\\/www.verdieditions.com\\\/equilibre-de-vie\\\/wp-content\\\/uploads\\\/2020\\\/04\\\/livres-occasion-sante-esoterisme-developpement-personnel-2.jpg\"},\"sameAs\":[\"https:\\\/\\\/www.verdieditions.com\\\/equilibre-de-vie\"]}]}<\/script>\n<!-- \/ Yoast SEO plugin. -->","yoast_head_json":{"title":"Les bons choix professionnels gr\u00e2ce \u00e0 l'astrologie - Laurence GONZALEZ - Equilibre de Vie","description":"Auteur : Laurence GONZALEZ Titre : Les bons choix professionnels gr\u00e2ce \u00e0 l\u2019astrologie \u00c9diteur : Bussi\u00e8re poche, 2013, collection Astro Format poche, \u00e9tat neuf Dim. 11,5 x 18 252 pages","robots":{"index":"index","follow":"follow","max-snippet":"max-snippet:-1","max-image-preview":"max-image-preview:large","max-video-preview":"max-video-preview:-1"},"canonical":"https:\/\/www.verdieditions.com\/equilibre-de-vie\/produit\/bons-choix-professionnels-astrologie-gonzalez\/","og_locale":"fr_FR","og_type":"article","og_title":"Les bons choix professionnels gr\u00e2ce \u00e0 l'astrologie - Laurence GONZALEZ - Equilibre de Vie","og_description":"Auteur : Laurence GONZALEZ Titre : Les bons choix professionnels gr\u00e2ce \u00e0 l\u2019astrologie \u00c9diteur : Bussi\u00e8re poche, 2013, collection Astro Format poche, \u00e9tat neuf Dim. 11,5 x 18 252 pages","og_url":"https:\/\/www.verdieditions.com\/equilibre-de-vie\/produit\/bons-choix-professionnels-astrologie-gonzalez\/","og_site_name":"Equilibre de Vie","article_modified_time":"2020-11-11T13:23:46+00:00","og_image":[{"width":717,"height":1080,"url":"https:\/\/www.verdieditions.com\/equilibre-de-vie\/wp-content\/uploads\/2020\/04\/bons-choix-professionnels-astrologie-Gonzalez.jpg","type":"image\/jpeg"}],"twitter_card":"summary_large_image","twitter_misc":{"Dur\u00e9e de lecture estim\u00e9e":"1 minute"},"schema":{"@context":"https:\/\/schema.org","@graph":[{"@type":"WebPage","@id":"https:\/\/www.verdieditions.com\/equilibre-de-vie\/produit\/bons-choix-professionnels-astrologie-gonzalez\/","url":"https:\/\/www.verdieditions.com\/equilibre-de-vie\/produit\/bons-choix-professionnels-astrologie-gonzalez\/","name":"Les bons choix professionnels gr\u00e2ce \u00e0 l'astrologie - Laurence GONZALEZ - Equilibre de Vie","isPartOf":{"@id":"https:\/\/www.verdieditions.com\/equilibre-de-vie\/#website"},"primaryImageOfPage":{"@id":"https:\/\/www.verdieditions.com\/equilibre-de-vie\/produit\/bons-choix-professionnels-astrologie-gonzalez\/#primaryimage"},"image":{"@id":"https:\/\/www.verdieditions.com\/equilibre-de-vie\/produit\/bons-choix-professionnels-astrologie-gonzalez\/#primaryimage"},"thumbnailUrl":"https:\/\/www.verdieditions.com\/equilibre-de-vie\/wp-content\/uploads\/2020\/04\/bons-choix-professionnels-astrologie-Gonzalez.jpg","datePublished":"2020-04-24T09:10:40+00:00","dateModified":"2020-11-11T13:23:46+00:00","description":"Auteur : Laurence GONZALEZ Titre : Les bons choix professionnels gr\u00e2ce \u00e0 l\u2019astrologie \u00c9diteur : Bussi\u00e8re poche, 2013, collection Astro Format poche, \u00e9tat neuf Dim. 11,5 x 18 252 pages","breadcrumb":{"@id":"https:\/\/www.verdieditions.com\/equilibre-de-vie\/produit\/bons-choix-professionnels-astrologie-gonzalez\/#breadcrumb"},"inLanguage":"fr-FR","potentialAction":[{"@type":"ReadAction","target":["https:\/\/www.verdieditions.com\/equilibre-de-vie\/produit\/bons-choix-professionnels-astrologie-gonzalez\/"]}]},{"@type":"ImageObject","inLanguage":"fr-FR","@id":"https:\/\/www.verdieditions.com\/equilibre-de-vie\/produit\/bons-choix-professionnels-astrologie-gonzalez\/#primaryimage","url":"https:\/\/www.verdieditions.com\/equilibre-de-vie\/wp-content\/uploads\/2020\/04\/bons-choix-professionnels-astrologie-Gonzalez.jpg","contentUrl":"https:\/\/www.verdieditions.com\/equilibre-de-vie\/wp-content\/uploads\/2020\/04\/bons-choix-professionnels-astrologie-Gonzalez.jpg","width":717,"height":1080,"caption":"bons-choix-professionnels-astrologie-Gonzalez"},{"@type":"BreadcrumbList","@id":"https:\/\/www.verdieditions.com\/equilibre-de-vie\/produit\/bons-choix-professionnels-astrologie-gonzalez\/#breadcrumb","itemListElement":[{"@type":"ListItem","position":1,"name":"Accueil","item":"https:\/\/www.verdieditions.com\/equilibre-de-vie\/"},{"@type":"ListItem","position":2,"name":"La boutique","item":"https:\/\/www.verdieditions.com\/equilibre-de-vie\/boutique\/"},{"@type":"ListItem","position":3,"name":"Les bons choix professionnels gr\u00e2ce \u00e0 l&#8217;astrologie &#8211; Laurence GONZALEZ"}]},{"@type":"WebSite","@id":"https:\/\/www.verdieditions.com\/equilibre-de-vie\/#website","url":"https:\/\/www.verdieditions.com\/equilibre-de-vie\/","name":"Equilibre de Vie","description":"Ma boutique livres sant\u00e9, \u00e9sot\u00e9risme et d\u00e9veloppement personnel","publisher":{"@id":"https:\/\/www.verdieditions.com\/equilibre-de-vie\/#\/schema\/person\/9dcb2a6759f2f5fbf43ac0b44649cecb"},"potentialAction":[{"@type":"SearchAction","target":{"@type":"EntryPoint","urlTemplate":"https:\/\/www.verdieditions.com\/equilibre-de-vie\/?s={search_term_string}"},"query-input":{"@type":"PropertyValueSpecification","valueRequired":true,"valueName":"search_term_string"}}],"inLanguage":"fr-FR"},{"@type":["Person","Organization"],"@id":"https:\/\/www.verdieditions.com\/equilibre-de-vie\/#\/schema\/person\/9dcb2a6759f2f5fbf43ac0b44649cecb","name":"Sylvie VERDI","image":{"@type":"ImageObject","inLanguage":"fr-FR","@id":"https:\/\/www.verdieditions.com\/equilibre-de-vie\/wp-content\/uploads\/2020\/04\/livres-occasion-sante-esoterisme-developpement-personnel-2.jpg","url":"https:\/\/www.verdieditions.com\/equilibre-de-vie\/wp-content\/uploads\/2020\/04\/livres-occasion-sante-esoterisme-developpement-personnel-2.jpg","contentUrl":"https:\/\/www.verdieditions.com\/equilibre-de-vie\/wp-content\/uploads\/2020\/04\/livres-occasion-sante-esoterisme-developpement-personnel-2.jpg","width":800,"height":572,"caption":"Sylvie VERDI"},"logo":{"@id":"https:\/\/www.verdieditions.com\/equilibre-de-vie\/wp-content\/uploads\/2020\/04\/livres-occasion-sante-esoterisme-developpement-personnel-2.jpg"},"sameAs":["https:\/\/www.verdieditions.com\/equilibre-de-vie"]}]}},"_links":{"self":[{"href":"https:\/\/www.verdieditions.com\/equilibre-de-vie\/wp-json\/wp\/v2\/product\/357","targetHints":{"allow":["GET"]}}],"collection":[{"href":"https:\/\/www.verdieditions.com\/equilibre-de-vie\/wp-json\/wp\/v2\/product"}],"about":[{"href":"https:\/\/www.verdieditions.com\/equilibre-de-vie\/wp-json\/wp\/v2\/types\/product"}],"wp:featuredmedia":[{"embeddable":true,"href":"https:\/\/www.verdieditions.com\/equilibre-de-vie\/wp-json\/wp\/v2\/media\/465"}],"wp:attachment":[{"href":"https:\/\/www.verdieditions.com\/equilibre-de-vie\/wp-json\/wp\/v2\/media?parent=357"}],"wp:term":[{"taxonomy":"product_brand","embeddable":true,"href":"https:\/\/www.verdieditions.com\/equilibre-de-vie\/wp-json\/wp\/v2\/product_brand?post=357"},{"taxonomy":"product_cat","embeddable":true,"href":"https:\/\/www.verdieditions.com\/equilibre-de-vie\/wp-json\/wp\/v2\/product_cat?post=357"},{"taxonomy":"product_tag","embeddable":true,"href":"https:\/\/www.verdieditions.com\/equilibre-de-vie\/wp-json\/wp\/v2\/product_tag?post=357"}],"curies":[{"name":"wp","href":"https:\/\/api.w.org\/{rel}","templated":true}]}}