{"id":345,"date":"2020-04-24T10:32:44","date_gmt":"2020-04-24T08:32:44","guid":{"rendered":"https:\/\/www.verdieditions.com\/equilibre-de-vie\/?post_type=product&#038;p=345"},"modified":"2024-02-08T10:55:58","modified_gmt":"2024-02-08T09:55:58","slug":"rire-bergson","status":"publish","type":"product","link":"https:\/\/www.verdieditions.com\/equilibre-de-vie\/produit\/rire-bergson\/","title":{"rendered":"Le rire &#8211; Henri BERGSON"},"content":{"rendered":"<p>Auteur : Henri BERGSON<br \/>\nTitre : Le rire, essai sur la signification du comique<br \/>\n\u00c9diteur : Puf, 1975<br \/>\nFormat poche<br \/>\nDim. 11 x 17,5<br \/>\n158 pages<\/p>\n","protected":false},"excerpt":{"rendered":"<p>Auteur : Henri BERGSON<br \/>\nTitre : Le rire, essai sur la signification du comique<br \/>\n\u00c9diteur : Puf, 1975<br \/>\nFormat poche<br \/>\nDim. 11 x 17,5<br \/>\n158 pages<\/p>\n","protected":false},"featured_media":346,"template":"","meta":[],"product_brand":[],"product_cat":[22],"product_tag":[134,135,139,145],"class_list":{"0":"post-345","1":"product","2":"type-product","3":"status-publish","4":"has-post-thumbnail","6":"product_cat-developpement-personnel","7":"product_tag-psychanalyse","8":"product_tag-psychologie","9":"product_tag-relations-humaines","10":"product_tag-rire","12":"first","13":"instock","14":"shipping-taxable","15":"product-type-simple"},"yoast_head":"<!-- This site is optimized with the Yoast SEO plugin v27.0 - https:\/\/yoast.com\/product\/yoast-seo-wordpress\/ -->\n<title>Le rire - Henri BERGSON - Equilibre de Vie<\/title>\n<meta name=\"description\" content=\"Auteur : Henri BERGSON Titre : Le rire, essai sur la signification du comique \u00c9diteur : Puf, 1975 Format poche Dim. 11 x 17,5 158 pages\" \/>\n<meta name=\"robots\" content=\"index, follow, max-snippet:-1, max-image-preview:large, max-video-preview:-1\" \/>\n<link rel=\"canonical\" href=\"https:\/\/www.verdieditions.com\/equilibre-de-vie\/produit\/rire-bergson\/\" \/>\n<meta property=\"og:locale\" content=\"fr_FR\" \/>\n<meta property=\"og:type\" content=\"article\" \/>\n<meta property=\"og:title\" content=\"Le rire - Henri BERGSON - Equilibre de Vie\" \/>\n<meta property=\"og:description\" content=\"Auteur : Henri BERGSON Titre : Le rire, essai sur la signification du comique \u00c9diteur : Puf, 1975 Format poche Dim. 11 x 17,5 158 pages\" \/>\n<meta property=\"og:url\" content=\"https:\/\/www.verdieditions.com\/equilibre-de-vie\/produit\/rire-bergson\/\" \/>\n<meta property=\"og:site_name\" content=\"Equilibre de Vie\" \/>\n<meta property=\"article:modified_time\" content=\"2024-02-08T09:55:58+00:00\" \/>\n<meta property=\"og:image\" content=\"https:\/\/www.verdieditions.com\/equilibre-de-vie\/wp-content\/uploads\/2020\/04\/rire-Bergson.jpg\" \/>\n\t<meta property=\"og:image:width\" content=\"795\" \/>\n\t<meta property=\"og:image:height\" content=\"1198\" \/>\n\t<meta property=\"og:image:type\" content=\"image\/jpeg\" \/>\n<meta name=\"twitter:card\" content=\"summary_large_image\" \/>\n<script type=\"application\/ld+json\" class=\"yoast-schema-graph\">{\"@context\":\"https:\/\/schema.org\",\"@graph\":[{\"@type\":\"WebPage\",\"@id\":\"https:\/\/www.verdieditions.com\/equilibre-de-vie\/produit\/rire-bergson\/\",\"url\":\"https:\/\/www.verdieditions.com\/equilibre-de-vie\/produit\/rire-bergson\/\",\"name\":\"Le rire - Henri BERGSON - Equilibre de Vie\",\"isPartOf\":{\"@id\":\"https:\/\/www.verdieditions.com\/equilibre-de-vie\/#website\"},\"primaryImageOfPage\":{\"@id\":\"https:\/\/www.verdieditions.com\/equilibre-de-vie\/produit\/rire-bergson\/#primaryimage\"},\"image\":{\"@id\":\"https:\/\/www.verdieditions.com\/equilibre-de-vie\/produit\/rire-bergson\/#primaryimage\"},\"thumbnailUrl\":\"https:\/\/www.verdieditions.com\/equilibre-de-vie\/wp-content\/uploads\/2020\/04\/rire-Bergson.jpg\",\"datePublished\":\"2020-04-24T08:32:44+00:00\",\"dateModified\":\"2024-02-08T09:55:58+00:00\",\"description\":\"Auteur : Henri BERGSON Titre : Le rire, essai sur la signification du comique \u00c9diteur : Puf, 1975 Format poche Dim. 11 x 17,5 158 pages\",\"breadcrumb\":{\"@id\":\"https:\/\/www.verdieditions.com\/equilibre-de-vie\/produit\/rire-bergson\/#breadcrumb\"},\"inLanguage\":\"fr-FR\",\"potentialAction\":[{\"@type\":\"ReadAction\",\"target\":[\"https:\/\/www.verdieditions.com\/equilibre-de-vie\/produit\/rire-bergson\/\"]}]},{\"@type\":\"ImageObject\",\"inLanguage\":\"fr-FR\",\"@id\":\"https:\/\/www.verdieditions.com\/equilibre-de-vie\/produit\/rire-bergson\/#primaryimage\",\"url\":\"https:\/\/www.verdieditions.com\/equilibre-de-vie\/wp-content\/uploads\/2020\/04\/rire-Bergson.jpg\",\"contentUrl\":\"https:\/\/www.verdieditions.com\/equilibre-de-vie\/wp-content\/uploads\/2020\/04\/rire-Bergson.jpg\",\"width\":795,\"height\":1198,\"caption\":\"rire-Bergson\"},{\"@type\":\"BreadcrumbList\",\"@id\":\"https:\/\/www.verdieditions.com\/equilibre-de-vie\/produit\/rire-bergson\/#breadcrumb\",\"itemListElement\":[{\"@type\":\"ListItem\",\"position\":1,\"name\":\"Accueil\",\"item\":\"https:\/\/www.verdieditions.com\/equilibre-de-vie\/\"},{\"@type\":\"ListItem\",\"position\":2,\"name\":\"La boutique\",\"item\":\"https:\/\/www.verdieditions.com\/equilibre-de-vie\/boutique\/\"},{\"@type\":\"ListItem\",\"position\":3,\"name\":\"Le rire &#8211; Henri BERGSON\"}]},{\"@type\":\"WebSite\",\"@id\":\"https:\/\/www.verdieditions.com\/equilibre-de-vie\/#website\",\"url\":\"https:\/\/www.verdieditions.com\/equilibre-de-vie\/\",\"name\":\"Equilibre de Vie\",\"description\":\"Ma boutique livres sant\u00e9, \u00e9sot\u00e9risme et d\u00e9veloppement personnel\",\"publisher\":{\"@id\":\"https:\/\/www.verdieditions.com\/equilibre-de-vie\/#\/schema\/person\/9dcb2a6759f2f5fbf43ac0b44649cecb\"},\"potentialAction\":[{\"@type\":\"SearchAction\",\"target\":{\"@type\":\"EntryPoint\",\"urlTemplate\":\"https:\/\/www.verdieditions.com\/equilibre-de-vie\/?s={search_term_string}\"},\"query-input\":{\"@type\":\"PropertyValueSpecification\",\"valueRequired\":true,\"valueName\":\"search_term_string\"}}],\"inLanguage\":\"fr-FR\"},{\"@type\":[\"Person\",\"Organization\"],\"@id\":\"https:\/\/www.verdieditions.com\/equilibre-de-vie\/#\/schema\/person\/9dcb2a6759f2f5fbf43ac0b44649cecb\",\"name\":\"Sylvie VERDI\",\"image\":{\"@type\":\"ImageObject\",\"inLanguage\":\"fr-FR\",\"@id\":\"https:\/\/www.verdieditions.com\/equilibre-de-vie\/#\/schema\/person\/image\/\",\"url\":\"https:\/\/www.verdieditions.com\/equilibre-de-vie\/wp-content\/uploads\/2020\/04\/livres-occasion-sante-esoterisme-developpement-personnel-2.jpg\",\"contentUrl\":\"https:\/\/www.verdieditions.com\/equilibre-de-vie\/wp-content\/uploads\/2020\/04\/livres-occasion-sante-esoterisme-developpement-personnel-2.jpg\",\"width\":800,\"height\":572,\"caption\":\"Sylvie VERDI\"},\"logo\":{\"@id\":\"https:\/\/www.verdieditions.com\/equilibre-de-vie\/#\/schema\/person\/image\/\"},\"sameAs\":[\"https:\/\/www.verdieditions.com\/equilibre-de-vie\"]}]}<\/script>\n<!-- \/ Yoast SEO plugin. -->","yoast_head_json":{"title":"Le rire - Henri BERGSON - Equilibre de Vie","description":"Auteur : Henri BERGSON Titre : Le rire, essai sur la signification du comique \u00c9diteur : Puf, 1975 Format poche Dim. 11 x 17,5 158 pages","robots":{"index":"index","follow":"follow","max-snippet":"max-snippet:-1","max-image-preview":"max-image-preview:large","max-video-preview":"max-video-preview:-1"},"canonical":"https:\/\/www.verdieditions.com\/equilibre-de-vie\/produit\/rire-bergson\/","og_locale":"fr_FR","og_type":"article","og_title":"Le rire - Henri BERGSON - Equilibre de Vie","og_description":"Auteur : Henri BERGSON Titre : Le rire, essai sur la signification du comique \u00c9diteur : Puf, 1975 Format poche Dim. 11 x 17,5 158 pages","og_url":"https:\/\/www.verdieditions.com\/equilibre-de-vie\/produit\/rire-bergson\/","og_site_name":"Equilibre de Vie","article_modified_time":"2024-02-08T09:55:58+00:00","og_image":[{"width":795,"height":1198,"url":"https:\/\/www.verdieditions.com\/equilibre-de-vie\/wp-content\/uploads\/2020\/04\/rire-Bergson.jpg","type":"image\/jpeg"}],"twitter_card":"summary_large_image","schema":{"@context":"https:\/\/schema.org","@graph":[{"@type":"WebPage","@id":"https:\/\/www.verdieditions.com\/equilibre-de-vie\/produit\/rire-bergson\/","url":"https:\/\/www.verdieditions.com\/equilibre-de-vie\/produit\/rire-bergson\/","name":"Le rire - Henri BERGSON - Equilibre de Vie","isPartOf":{"@id":"https:\/\/www.verdieditions.com\/equilibre-de-vie\/#website"},"primaryImageOfPage":{"@id":"https:\/\/www.verdieditions.com\/equilibre-de-vie\/produit\/rire-bergson\/#primaryimage"},"image":{"@id":"https:\/\/www.verdieditions.com\/equilibre-de-vie\/produit\/rire-bergson\/#primaryimage"},"thumbnailUrl":"https:\/\/www.verdieditions.com\/equilibre-de-vie\/wp-content\/uploads\/2020\/04\/rire-Bergson.jpg","datePublished":"2020-04-24T08:32:44+00:00","dateModified":"2024-02-08T09:55:58+00:00","description":"Auteur : Henri BERGSON Titre : Le rire, essai sur la signification du comique \u00c9diteur : Puf, 1975 Format poche Dim. 11 x 17,5 158 pages","breadcrumb":{"@id":"https:\/\/www.verdieditions.com\/equilibre-de-vie\/produit\/rire-bergson\/#breadcrumb"},"inLanguage":"fr-FR","potentialAction":[{"@type":"ReadAction","target":["https:\/\/www.verdieditions.com\/equilibre-de-vie\/produit\/rire-bergson\/"]}]},{"@type":"ImageObject","inLanguage":"fr-FR","@id":"https:\/\/www.verdieditions.com\/equilibre-de-vie\/produit\/rire-bergson\/#primaryimage","url":"https:\/\/www.verdieditions.com\/equilibre-de-vie\/wp-content\/uploads\/2020\/04\/rire-Bergson.jpg","contentUrl":"https:\/\/www.verdieditions.com\/equilibre-de-vie\/wp-content\/uploads\/2020\/04\/rire-Bergson.jpg","width":795,"height":1198,"caption":"rire-Bergson"},{"@type":"BreadcrumbList","@id":"https:\/\/www.verdieditions.com\/equilibre-de-vie\/produit\/rire-bergson\/#breadcrumb","itemListElement":[{"@type":"ListItem","position":1,"name":"Accueil","item":"https:\/\/www.verdieditions.com\/equilibre-de-vie\/"},{"@type":"ListItem","position":2,"name":"La boutique","item":"https:\/\/www.verdieditions.com\/equilibre-de-vie\/boutique\/"},{"@type":"ListItem","position":3,"name":"Le rire &#8211; Henri BERGSON"}]},{"@type":"WebSite","@id":"https:\/\/www.verdieditions.com\/equilibre-de-vie\/#website","url":"https:\/\/www.verdieditions.com\/equilibre-de-vie\/","name":"Equilibre de Vie","description":"Ma boutique livres sant\u00e9, \u00e9sot\u00e9risme et d\u00e9veloppement personnel","publisher":{"@id":"https:\/\/www.verdieditions.com\/equilibre-de-vie\/#\/schema\/person\/9dcb2a6759f2f5fbf43ac0b44649cecb"},"potentialAction":[{"@type":"SearchAction","target":{"@type":"EntryPoint","urlTemplate":"https:\/\/www.verdieditions.com\/equilibre-de-vie\/?s={search_term_string}"},"query-input":{"@type":"PropertyValueSpecification","valueRequired":true,"valueName":"search_term_string"}}],"inLanguage":"fr-FR"},{"@type":["Person","Organization"],"@id":"https:\/\/www.verdieditions.com\/equilibre-de-vie\/#\/schema\/person\/9dcb2a6759f2f5fbf43ac0b44649cecb","name":"Sylvie VERDI","image":{"@type":"ImageObject","inLanguage":"fr-FR","@id":"https:\/\/www.verdieditions.com\/equilibre-de-vie\/#\/schema\/person\/image\/","url":"https:\/\/www.verdieditions.com\/equilibre-de-vie\/wp-content\/uploads\/2020\/04\/livres-occasion-sante-esoterisme-developpement-personnel-2.jpg","contentUrl":"https:\/\/www.verdieditions.com\/equilibre-de-vie\/wp-content\/uploads\/2020\/04\/livres-occasion-sante-esoterisme-developpement-personnel-2.jpg","width":800,"height":572,"caption":"Sylvie VERDI"},"logo":{"@id":"https:\/\/www.verdieditions.com\/equilibre-de-vie\/#\/schema\/person\/image\/"},"sameAs":["https:\/\/www.verdieditions.com\/equilibre-de-vie"]}]}},"_links":{"self":[{"href":"https:\/\/www.verdieditions.com\/equilibre-de-vie\/wp-json\/wp\/v2\/product\/345","targetHints":{"allow":["GET"]}}],"collection":[{"href":"https:\/\/www.verdieditions.com\/equilibre-de-vie\/wp-json\/wp\/v2\/product"}],"about":[{"href":"https:\/\/www.verdieditions.com\/equilibre-de-vie\/wp-json\/wp\/v2\/types\/product"}],"wp:featuredmedia":[{"embeddable":true,"href":"https:\/\/www.verdieditions.com\/equilibre-de-vie\/wp-json\/wp\/v2\/media\/346"}],"wp:attachment":[{"href":"https:\/\/www.verdieditions.com\/equilibre-de-vie\/wp-json\/wp\/v2\/media?parent=345"}],"wp:term":[{"taxonomy":"product_brand","embeddable":true,"href":"https:\/\/www.verdieditions.com\/equilibre-de-vie\/wp-json\/wp\/v2\/product_brand?post=345"},{"taxonomy":"product_cat","embeddable":true,"href":"https:\/\/www.verdieditions.com\/equilibre-de-vie\/wp-json\/wp\/v2\/product_cat?post=345"},{"taxonomy":"product_tag","embeddable":true,"href":"https:\/\/www.verdieditions.com\/equilibre-de-vie\/wp-json\/wp\/v2\/product_tag?post=345"}],"curies":[{"name":"wp","href":"https:\/\/api.w.org\/{rel}","templated":true}]}}