{"id":320,"date":"2020-04-23T17:12:29","date_gmt":"2020-04-23T15:12:29","guid":{"rendered":"https:\/\/www.verdieditions.com\/equilibre-de-vie\/?post_type=product&#038;p=320"},"modified":"2024-02-06T11:30:29","modified_gmt":"2024-02-06T10:30:29","slug":"extraordinaire-pouvoir-bougies-magiques-donner","status":"publish","type":"product","link":"https:\/\/www.verdieditions.com\/equilibre-de-vie\/produit\/extraordinaire-pouvoir-bougies-magiques-donner\/","title":{"rendered":"L&rsquo;extraordinaire pouvoir des bougies magiques &#8211; C\u00e9cile DONNER"},"content":{"rendered":"<p>Auteur : C\u00e9cile DONNER<br \/>\nTitre : L&rsquo;extraordinaire pouvoir des bougies magiques, guide essentiellement pratique pour les probl\u00e8mes de tous les jours<br \/>\n\u00c9diteur : Librairie de l&rsquo;Inconnu, 1992<br \/>\nDim. 13 x 20,5<br \/>\n174 pages<\/p>\n<p>Alors qu&rsquo;aujourd&rsquo;hui on peut marcher sur la lune et qu&rsquo;elle est presque devenue notre \u00ab\u00a0grande banlieue\u00a0\u00bb, paradoxalement le myst\u00e8re de la \u00ab\u00a0Magie des Bougies\u00a0\u00bb reste toujours entier. Quelques bougies color\u00e9es, de l&rsquo;encens, un peu de poudre et voil\u00e0 que vous allez pouvoir agir magiquement pour vous-m\u00eame ou pour vos proches. Nos Anciens le savaient. C&rsquo;est pourquoi la Magie des Bougies a \u00e9t\u00e9 employ\u00e9e pendant des mill\u00e9naires dans tous les pays du monde. L&rsquo;esprit populaire avait d\u00e9j\u00e0 compris que la lumi\u00e8re \u00e9tait le symbole de la connaissance, de la spiritualit\u00e9 et repr\u00e9sentait le contact avec la Divinit\u00e9 elle-m\u00eame ! Longtemps tenue secr\u00e8te, la Magie des Bougies est arriv\u00e9e jusqu&rsquo;\u00e0 nous gr\u00e2ce \u00e0 la confiance qu&rsquo;elle a toujours inspir\u00e9e, \u00e0 sa simplicit\u00e9 d&#8217;emploi, et surtout \u00e0 ses r\u00e9sultats souvent surprenants.<br \/>\n\u00ab\u00a0L&rsquo;extraordinaire pouvoir des Bougies Magiques\u00a0\u00bb, vous d\u00e9voile enfin les secrets de cette magie populaire, simple \u00e0 pratiquer et extr\u00eamement efficace. Vous allez d\u00e9couvrir : \u2022 Comment s\u00e9duire avec 3 bougies roses et l&rsquo;encens de V\u00e9nus. \u2022 Comment vous faire une v\u00e9ritable \u00ab\u00a0cuirasse de chance\u00a0\u00bb avec 6 bougies orange et vos bijoux. \u2022 Vous allez pouvoir apprivoiser la Chance avec une seule bougie or. \u2022 Attirer l&rsquo;argent avec les bougies de Pouvoir et la poudre de Cr\u00e9sus. \u2022 Conna\u00eetre le secret du v\u00e9ritable \u00ab\u00a0Miroir Magique\u00a0\u00bb et des bougies sensuelles. Vous ferez bien d&rsquo;autres d\u00e9couvertes au fil des pages de ce livre essentiellement pratique, \u00e9crit en langage d&rsquo;aujourd&rsquo;hui pour des hommes et des femmes d&rsquo;aujourd&rsquo;hui. L&rsquo;auteur, C\u00e9cile Donner, a su vous restituer cette magie simplifi\u00e9e mais terriblement efficace qui vous donnera d&rsquo;excellents r\u00e9sultats quels que soient les probl\u00e8mes de la vie quotidienne.<\/p>\n","protected":false},"excerpt":{"rendered":"<p>Auteur : C\u00e9cile DONNER<br \/>\nTitre : L&rsquo;extraordinaire pouvoir des bougies magiques, guide essentiellement pratique pour les probl\u00e8mes de tous les jours<br \/>\n\u00c9diteur : Librairie de l&rsquo;Inconnu, 1992<br \/>\nDim. 13 x 20,5<br \/>\n174 pages<\/p>\n","protected":false},"featured_media":321,"template":"","meta":[],"product_brand":[],"product_cat":[23],"product_tag":[187,93,127,189],"class_list":{"0":"post-320","1":"product","2":"type-product","3":"status-publish","4":"has-post-thumbnail","6":"product_cat-esoterisme","7":"product_tag-clairvoyance","8":"product_tag-magie","9":"product_tag-pouvoirs","10":"product_tag-sorcellerie","12":"first","13":"instock","14":"shipping-taxable","15":"product-type-simple"},"yoast_head":"<!-- This site is optimized with the Yoast SEO plugin v27.4 - https:\/\/yoast.com\/product\/yoast-seo-wordpress\/ -->\n<title>L&#039;extraordinaire pouvoir des bougies magiques - C\u00e9cile DONNER - Equilibre de Vie<\/title>\n<meta name=\"description\" content=\"Auteur : C\u00e9cile DONNER Titre : L\u2019extraordinaire pouvoir des bougies magiques, guide essentiellement pratique pour les probl\u00e8mes de tous les jours \u00c9diteur : Librairie de l\u2019Inconnu, 1992 Dim. 13 x 20,5 174 pages\" \/>\n<meta name=\"robots\" content=\"index, follow, max-snippet:-1, max-image-preview:large, max-video-preview:-1\" \/>\n<link rel=\"canonical\" href=\"https:\/\/www.verdieditions.com\/equilibre-de-vie\/produit\/extraordinaire-pouvoir-bougies-magiques-donner\/\" \/>\n<meta property=\"og:locale\" content=\"fr_FR\" \/>\n<meta property=\"og:type\" content=\"article\" \/>\n<meta property=\"og:title\" content=\"L&#039;extraordinaire pouvoir des bougies magiques - C\u00e9cile DONNER - Equilibre de Vie\" \/>\n<meta property=\"og:description\" content=\"Auteur : C\u00e9cile DONNER Titre : L\u2019extraordinaire pouvoir des bougies magiques, guide essentiellement pratique pour les probl\u00e8mes de tous les jours \u00c9diteur : Librairie de l\u2019Inconnu, 1992 Dim. 13 x 20,5 174 pages\" \/>\n<meta property=\"og:url\" content=\"https:\/\/www.verdieditions.com\/equilibre-de-vie\/produit\/extraordinaire-pouvoir-bougies-magiques-donner\/\" \/>\n<meta property=\"og:site_name\" content=\"Equilibre de Vie\" \/>\n<meta property=\"article:modified_time\" content=\"2024-02-06T10:30:29+00:00\" \/>\n<meta property=\"og:image\" content=\"https:\/\/www.verdieditions.com\/equilibre-de-vie\/wp-content\/uploads\/2020\/04\/extraordinnaire-pouvoir-bougies-magiques-donner.jpg\" \/>\n\t<meta property=\"og:image:width\" content=\"727\" \/>\n\t<meta property=\"og:image:height\" content=\"1122\" \/>\n\t<meta property=\"og:image:type\" content=\"image\/jpeg\" \/>\n<meta name=\"twitter:card\" content=\"summary_large_image\" \/>\n<meta name=\"twitter:label1\" content=\"Dur\u00e9e de lecture estim\u00e9e\" \/>\n\t<meta name=\"twitter:data1\" content=\"2 minutes\" \/>\n<script type=\"application\/ld+json\" class=\"yoast-schema-graph\">{\"@context\":\"https:\\\/\\\/schema.org\",\"@graph\":[{\"@type\":\"WebPage\",\"@id\":\"https:\\\/\\\/www.verdieditions.com\\\/equilibre-de-vie\\\/produit\\\/extraordinaire-pouvoir-bougies-magiques-donner\\\/\",\"url\":\"https:\\\/\\\/www.verdieditions.com\\\/equilibre-de-vie\\\/produit\\\/extraordinaire-pouvoir-bougies-magiques-donner\\\/\",\"name\":\"L'extraordinaire pouvoir des bougies magiques - C\u00e9cile DONNER - Equilibre de Vie\",\"isPartOf\":{\"@id\":\"https:\\\/\\\/www.verdieditions.com\\\/equilibre-de-vie\\\/#website\"},\"primaryImageOfPage\":{\"@id\":\"https:\\\/\\\/www.verdieditions.com\\\/equilibre-de-vie\\\/produit\\\/extraordinaire-pouvoir-bougies-magiques-donner\\\/#primaryimage\"},\"image\":{\"@id\":\"https:\\\/\\\/www.verdieditions.com\\\/equilibre-de-vie\\\/produit\\\/extraordinaire-pouvoir-bougies-magiques-donner\\\/#primaryimage\"},\"thumbnailUrl\":\"https:\\\/\\\/www.verdieditions.com\\\/equilibre-de-vie\\\/wp-content\\\/uploads\\\/2020\\\/04\\\/extraordinnaire-pouvoir-bougies-magiques-donner.jpg\",\"datePublished\":\"2020-04-23T15:12:29+00:00\",\"dateModified\":\"2024-02-06T10:30:29+00:00\",\"description\":\"Auteur : C\u00e9cile DONNER Titre : L\u2019extraordinaire pouvoir des bougies magiques, guide essentiellement pratique pour les probl\u00e8mes de tous les jours \u00c9diteur : Librairie de l\u2019Inconnu, 1992 Dim. 13 x 20,5 174 pages\",\"breadcrumb\":{\"@id\":\"https:\\\/\\\/www.verdieditions.com\\\/equilibre-de-vie\\\/produit\\\/extraordinaire-pouvoir-bougies-magiques-donner\\\/#breadcrumb\"},\"inLanguage\":\"fr-FR\",\"potentialAction\":[{\"@type\":\"ReadAction\",\"target\":[\"https:\\\/\\\/www.verdieditions.com\\\/equilibre-de-vie\\\/produit\\\/extraordinaire-pouvoir-bougies-magiques-donner\\\/\"]}]},{\"@type\":\"ImageObject\",\"inLanguage\":\"fr-FR\",\"@id\":\"https:\\\/\\\/www.verdieditions.com\\\/equilibre-de-vie\\\/produit\\\/extraordinaire-pouvoir-bougies-magiques-donner\\\/#primaryimage\",\"url\":\"https:\\\/\\\/www.verdieditions.com\\\/equilibre-de-vie\\\/wp-content\\\/uploads\\\/2020\\\/04\\\/extraordinnaire-pouvoir-bougies-magiques-donner.jpg\",\"contentUrl\":\"https:\\\/\\\/www.verdieditions.com\\\/equilibre-de-vie\\\/wp-content\\\/uploads\\\/2020\\\/04\\\/extraordinnaire-pouvoir-bougies-magiques-donner.jpg\",\"width\":727,\"height\":1122},{\"@type\":\"BreadcrumbList\",\"@id\":\"https:\\\/\\\/www.verdieditions.com\\\/equilibre-de-vie\\\/produit\\\/extraordinaire-pouvoir-bougies-magiques-donner\\\/#breadcrumb\",\"itemListElement\":[{\"@type\":\"ListItem\",\"position\":1,\"name\":\"Accueil\",\"item\":\"https:\\\/\\\/www.verdieditions.com\\\/equilibre-de-vie\\\/\"},{\"@type\":\"ListItem\",\"position\":2,\"name\":\"La boutique\",\"item\":\"https:\\\/\\\/www.verdieditions.com\\\/equilibre-de-vie\\\/boutique\\\/\"},{\"@type\":\"ListItem\",\"position\":3,\"name\":\"L&#8217;extraordinaire pouvoir des bougies magiques &#8211; C\u00e9cile DONNER\"}]},{\"@type\":\"WebSite\",\"@id\":\"https:\\\/\\\/www.verdieditions.com\\\/equilibre-de-vie\\\/#website\",\"url\":\"https:\\\/\\\/www.verdieditions.com\\\/equilibre-de-vie\\\/\",\"name\":\"Equilibre de Vie\",\"description\":\"Ma boutique livres sant\u00e9, \u00e9sot\u00e9risme et d\u00e9veloppement personnel\",\"publisher\":{\"@id\":\"https:\\\/\\\/www.verdieditions.com\\\/equilibre-de-vie\\\/#\\\/schema\\\/person\\\/9dcb2a6759f2f5fbf43ac0b44649cecb\"},\"potentialAction\":[{\"@type\":\"SearchAction\",\"target\":{\"@type\":\"EntryPoint\",\"urlTemplate\":\"https:\\\/\\\/www.verdieditions.com\\\/equilibre-de-vie\\\/?s={search_term_string}\"},\"query-input\":{\"@type\":\"PropertyValueSpecification\",\"valueRequired\":true,\"valueName\":\"search_term_string\"}}],\"inLanguage\":\"fr-FR\"},{\"@type\":[\"Person\",\"Organization\"],\"@id\":\"https:\\\/\\\/www.verdieditions.com\\\/equilibre-de-vie\\\/#\\\/schema\\\/person\\\/9dcb2a6759f2f5fbf43ac0b44649cecb\",\"name\":\"Sylvie VERDI\",\"image\":{\"@type\":\"ImageObject\",\"inLanguage\":\"fr-FR\",\"@id\":\"https:\\\/\\\/www.verdieditions.com\\\/equilibre-de-vie\\\/wp-content\\\/uploads\\\/2020\\\/04\\\/livres-occasion-sante-esoterisme-developpement-personnel-2.jpg\",\"url\":\"https:\\\/\\\/www.verdieditions.com\\\/equilibre-de-vie\\\/wp-content\\\/uploads\\\/2020\\\/04\\\/livres-occasion-sante-esoterisme-developpement-personnel-2.jpg\",\"contentUrl\":\"https:\\\/\\\/www.verdieditions.com\\\/equilibre-de-vie\\\/wp-content\\\/uploads\\\/2020\\\/04\\\/livres-occasion-sante-esoterisme-developpement-personnel-2.jpg\",\"width\":800,\"height\":572,\"caption\":\"Sylvie VERDI\"},\"logo\":{\"@id\":\"https:\\\/\\\/www.verdieditions.com\\\/equilibre-de-vie\\\/wp-content\\\/uploads\\\/2020\\\/04\\\/livres-occasion-sante-esoterisme-developpement-personnel-2.jpg\"},\"sameAs\":[\"https:\\\/\\\/www.verdieditions.com\\\/equilibre-de-vie\"]}]}<\/script>\n<!-- \/ Yoast SEO plugin. -->","yoast_head_json":{"title":"L'extraordinaire pouvoir des bougies magiques - C\u00e9cile DONNER - Equilibre de Vie","description":"Auteur : C\u00e9cile DONNER Titre : L\u2019extraordinaire pouvoir des bougies magiques, guide essentiellement pratique pour les probl\u00e8mes de tous les jours \u00c9diteur : Librairie de l\u2019Inconnu, 1992 Dim. 13 x 20,5 174 pages","robots":{"index":"index","follow":"follow","max-snippet":"max-snippet:-1","max-image-preview":"max-image-preview:large","max-video-preview":"max-video-preview:-1"},"canonical":"https:\/\/www.verdieditions.com\/equilibre-de-vie\/produit\/extraordinaire-pouvoir-bougies-magiques-donner\/","og_locale":"fr_FR","og_type":"article","og_title":"L'extraordinaire pouvoir des bougies magiques - C\u00e9cile DONNER - Equilibre de Vie","og_description":"Auteur : C\u00e9cile DONNER Titre : L\u2019extraordinaire pouvoir des bougies magiques, guide essentiellement pratique pour les probl\u00e8mes de tous les jours \u00c9diteur : Librairie de l\u2019Inconnu, 1992 Dim. 13 x 20,5 174 pages","og_url":"https:\/\/www.verdieditions.com\/equilibre-de-vie\/produit\/extraordinaire-pouvoir-bougies-magiques-donner\/","og_site_name":"Equilibre de Vie","article_modified_time":"2024-02-06T10:30:29+00:00","og_image":[{"width":727,"height":1122,"url":"https:\/\/www.verdieditions.com\/equilibre-de-vie\/wp-content\/uploads\/2020\/04\/extraordinnaire-pouvoir-bougies-magiques-donner.jpg","type":"image\/jpeg"}],"twitter_card":"summary_large_image","twitter_misc":{"Dur\u00e9e de lecture estim\u00e9e":"2 minutes"},"schema":{"@context":"https:\/\/schema.org","@graph":[{"@type":"WebPage","@id":"https:\/\/www.verdieditions.com\/equilibre-de-vie\/produit\/extraordinaire-pouvoir-bougies-magiques-donner\/","url":"https:\/\/www.verdieditions.com\/equilibre-de-vie\/produit\/extraordinaire-pouvoir-bougies-magiques-donner\/","name":"L'extraordinaire pouvoir des bougies magiques - C\u00e9cile DONNER - Equilibre de Vie","isPartOf":{"@id":"https:\/\/www.verdieditions.com\/equilibre-de-vie\/#website"},"primaryImageOfPage":{"@id":"https:\/\/www.verdieditions.com\/equilibre-de-vie\/produit\/extraordinaire-pouvoir-bougies-magiques-donner\/#primaryimage"},"image":{"@id":"https:\/\/www.verdieditions.com\/equilibre-de-vie\/produit\/extraordinaire-pouvoir-bougies-magiques-donner\/#primaryimage"},"thumbnailUrl":"https:\/\/www.verdieditions.com\/equilibre-de-vie\/wp-content\/uploads\/2020\/04\/extraordinnaire-pouvoir-bougies-magiques-donner.jpg","datePublished":"2020-04-23T15:12:29+00:00","dateModified":"2024-02-06T10:30:29+00:00","description":"Auteur : C\u00e9cile DONNER Titre : L\u2019extraordinaire pouvoir des bougies magiques, guide essentiellement pratique pour les probl\u00e8mes de tous les jours \u00c9diteur : Librairie de l\u2019Inconnu, 1992 Dim. 13 x 20,5 174 pages","breadcrumb":{"@id":"https:\/\/www.verdieditions.com\/equilibre-de-vie\/produit\/extraordinaire-pouvoir-bougies-magiques-donner\/#breadcrumb"},"inLanguage":"fr-FR","potentialAction":[{"@type":"ReadAction","target":["https:\/\/www.verdieditions.com\/equilibre-de-vie\/produit\/extraordinaire-pouvoir-bougies-magiques-donner\/"]}]},{"@type":"ImageObject","inLanguage":"fr-FR","@id":"https:\/\/www.verdieditions.com\/equilibre-de-vie\/produit\/extraordinaire-pouvoir-bougies-magiques-donner\/#primaryimage","url":"https:\/\/www.verdieditions.com\/equilibre-de-vie\/wp-content\/uploads\/2020\/04\/extraordinnaire-pouvoir-bougies-magiques-donner.jpg","contentUrl":"https:\/\/www.verdieditions.com\/equilibre-de-vie\/wp-content\/uploads\/2020\/04\/extraordinnaire-pouvoir-bougies-magiques-donner.jpg","width":727,"height":1122},{"@type":"BreadcrumbList","@id":"https:\/\/www.verdieditions.com\/equilibre-de-vie\/produit\/extraordinaire-pouvoir-bougies-magiques-donner\/#breadcrumb","itemListElement":[{"@type":"ListItem","position":1,"name":"Accueil","item":"https:\/\/www.verdieditions.com\/equilibre-de-vie\/"},{"@type":"ListItem","position":2,"name":"La boutique","item":"https:\/\/www.verdieditions.com\/equilibre-de-vie\/boutique\/"},{"@type":"ListItem","position":3,"name":"L&#8217;extraordinaire pouvoir des bougies magiques &#8211; C\u00e9cile DONNER"}]},{"@type":"WebSite","@id":"https:\/\/www.verdieditions.com\/equilibre-de-vie\/#website","url":"https:\/\/www.verdieditions.com\/equilibre-de-vie\/","name":"Equilibre de Vie","description":"Ma boutique livres sant\u00e9, \u00e9sot\u00e9risme et d\u00e9veloppement personnel","publisher":{"@id":"https:\/\/www.verdieditions.com\/equilibre-de-vie\/#\/schema\/person\/9dcb2a6759f2f5fbf43ac0b44649cecb"},"potentialAction":[{"@type":"SearchAction","target":{"@type":"EntryPoint","urlTemplate":"https:\/\/www.verdieditions.com\/equilibre-de-vie\/?s={search_term_string}"},"query-input":{"@type":"PropertyValueSpecification","valueRequired":true,"valueName":"search_term_string"}}],"inLanguage":"fr-FR"},{"@type":["Person","Organization"],"@id":"https:\/\/www.verdieditions.com\/equilibre-de-vie\/#\/schema\/person\/9dcb2a6759f2f5fbf43ac0b44649cecb","name":"Sylvie VERDI","image":{"@type":"ImageObject","inLanguage":"fr-FR","@id":"https:\/\/www.verdieditions.com\/equilibre-de-vie\/wp-content\/uploads\/2020\/04\/livres-occasion-sante-esoterisme-developpement-personnel-2.jpg","url":"https:\/\/www.verdieditions.com\/equilibre-de-vie\/wp-content\/uploads\/2020\/04\/livres-occasion-sante-esoterisme-developpement-personnel-2.jpg","contentUrl":"https:\/\/www.verdieditions.com\/equilibre-de-vie\/wp-content\/uploads\/2020\/04\/livres-occasion-sante-esoterisme-developpement-personnel-2.jpg","width":800,"height":572,"caption":"Sylvie VERDI"},"logo":{"@id":"https:\/\/www.verdieditions.com\/equilibre-de-vie\/wp-content\/uploads\/2020\/04\/livres-occasion-sante-esoterisme-developpement-personnel-2.jpg"},"sameAs":["https:\/\/www.verdieditions.com\/equilibre-de-vie"]}]}},"_links":{"self":[{"href":"https:\/\/www.verdieditions.com\/equilibre-de-vie\/wp-json\/wp\/v2\/product\/320","targetHints":{"allow":["GET"]}}],"collection":[{"href":"https:\/\/www.verdieditions.com\/equilibre-de-vie\/wp-json\/wp\/v2\/product"}],"about":[{"href":"https:\/\/www.verdieditions.com\/equilibre-de-vie\/wp-json\/wp\/v2\/types\/product"}],"wp:featuredmedia":[{"embeddable":true,"href":"https:\/\/www.verdieditions.com\/equilibre-de-vie\/wp-json\/wp\/v2\/media\/321"}],"wp:attachment":[{"href":"https:\/\/www.verdieditions.com\/equilibre-de-vie\/wp-json\/wp\/v2\/media?parent=320"}],"wp:term":[{"taxonomy":"product_brand","embeddable":true,"href":"https:\/\/www.verdieditions.com\/equilibre-de-vie\/wp-json\/wp\/v2\/product_brand?post=320"},{"taxonomy":"product_cat","embeddable":true,"href":"https:\/\/www.verdieditions.com\/equilibre-de-vie\/wp-json\/wp\/v2\/product_cat?post=320"},{"taxonomy":"product_tag","embeddable":true,"href":"https:\/\/www.verdieditions.com\/equilibre-de-vie\/wp-json\/wp\/v2\/product_tag?post=320"}],"curies":[{"name":"wp","href":"https:\/\/api.w.org\/{rel}","templated":true}]}}