{"id":317,"date":"2020-04-23T17:03:49","date_gmt":"2020-04-23T15:03:49","guid":{"rendered":"https:\/\/www.verdieditions.com\/equilibre-de-vie\/?post_type=product&#038;p=317"},"modified":"2024-02-06T11:30:54","modified_gmt":"2024-02-06T10:30:54","slug":"magnetisme-personnel-ramponi","status":"publish","type":"product","link":"https:\/\/www.verdieditions.com\/equilibre-de-vie\/produit\/magnetisme-personnel-ramponi\/","title":{"rendered":"Le magn\u00e9tisme personnel &#8211; Val\u00e9ry RAMPONI"},"content":{"rendered":"<p>Auteur : Val\u00e9ry RAMPONI<br \/>\nTitre : Le magn\u00e9tisme personnel, comment d\u00e9velopper votre influence sur les autres par la volont\u00e9, l&rsquo;esprit, la d\u00e9cision, l&rsquo;auto-contr\u00f4le et la confiance en soi<br \/>\n\u00c9diteur : DE VECCHI, 1986<br \/>\nEdition originale<br \/>\nDim. 14,5 x 20,5<br \/>\n126 pages<\/p>\n<p>Certaines personnes r\u00e9ussissent mieux que d&rsquo;autres \u00e0 capter l&rsquo;attention de leur entourage, \u00e0 \u00e9veiller l&rsquo;int\u00e9r\u00eat et \u00e0 \u00e9tablir de fa\u00e7on spontan\u00e9e un courant de sympathie. On croit souvent qu&rsquo;il s&rsquo;agit d&rsquo;un fluide particulier que se d\u00e9gage naturellement d&rsquo;une personne et que le charme est une chose inn\u00e9e, ind\u00e9pendante de la r\u00e9alit\u00e9. Rien n&rsquo;est plus faux car, avec un peu de volont\u00e9 et par un entra\u00eenement permanent, il est possible de changer radicalement sa fa\u00e7on d&rsquo;\u00eatre et d&rsquo;affronter les autres. Cet ouvrage vous apprend cet art d&rsquo;influencer psychiquement, secr\u00e8tement et silencieusement des groupes de personnes ou des individus particuliers. Vous pourrez ainsi r\u00e9aliser ce que vous esp\u00e9rez de vos rapports avec autrui, car ce guide pratique vous explique de fa\u00e7on claire et concr\u00e8te l&rsquo;origine et le d\u00e9veloppement de vos pouvoirs magn\u00e9tiques personnels.<\/p>\n","protected":false},"excerpt":{"rendered":"<p>Auteur : Val\u00e9ry RAMPONI<br \/>\nTitre : Le magn\u00e9tisme personnel, comment d\u00e9velopper votre influence sur les autres par la volont\u00e9, l&rsquo;esprit, la d\u00e9cision, l&rsquo;auto-contr\u00f4le et la confiance en soi<br \/>\n\u00c9diteur : DE VECCHI, 1986<br \/>\nEdition originale<br \/>\nDim. 14,5 x 20,5<br \/>\n126 pages<\/p>\n","protected":false},"featured_media":318,"template":"","meta":[],"product_brand":[],"product_cat":[22,23],"product_tag":[51,80,81,94,139,167],"class_list":{"0":"post-317","1":"product","2":"type-product","3":"status-publish","4":"has-post-thumbnail","6":"product_cat-developpement-personnel","7":"product_cat-esoterisme","8":"product_tag-confiance-en-soi","9":"product_tag-hypnose","10":"product_tag-hypnotisme","11":"product_tag-magnetisme","12":"product_tag-relations-humaines","13":"product_tag-training-mental","15":"first","16":"instock","17":"shipping-taxable","18":"product-type-simple"},"yoast_head":"<!-- This site is optimized with the Yoast SEO plugin v27.4 - https:\/\/yoast.com\/product\/yoast-seo-wordpress\/ -->\n<title>Le magn\u00e9tisme personnel - Val\u00e9ry RAMPONI - Equilibre de Vie<\/title>\n<meta name=\"description\" content=\"Auteur : Val\u00e9ry RAMPONI Titre : Le magn\u00e9tisme personnel, comment d\u00e9velopper votre influence sur les autres par la volont\u00e9, l\u2019esprit, la d\u00e9cision, l\u2019auto-contr\u00f4le et la confiance en soi \u00c9diteur : DE VECCHI, 1986 Edition originale Dim. 14,5 x 20,5 126 pages\" \/>\n<meta name=\"robots\" content=\"index, follow, max-snippet:-1, max-image-preview:large, max-video-preview:-1\" \/>\n<link rel=\"canonical\" href=\"https:\/\/www.verdieditions.com\/equilibre-de-vie\/produit\/magnetisme-personnel-ramponi\/\" \/>\n<meta property=\"og:locale\" content=\"fr_FR\" \/>\n<meta property=\"og:type\" content=\"article\" \/>\n<meta property=\"og:title\" content=\"Le magn\u00e9tisme personnel - Val\u00e9ry RAMPONI - Equilibre de Vie\" \/>\n<meta property=\"og:description\" content=\"Auteur : Val\u00e9ry RAMPONI Titre : Le magn\u00e9tisme personnel, comment d\u00e9velopper votre influence sur les autres par la volont\u00e9, l\u2019esprit, la d\u00e9cision, l\u2019auto-contr\u00f4le et la confiance en soi \u00c9diteur : DE VECCHI, 1986 Edition originale Dim. 14,5 x 20,5 126 pages\" \/>\n<meta property=\"og:url\" content=\"https:\/\/www.verdieditions.com\/equilibre-de-vie\/produit\/magnetisme-personnel-ramponi\/\" \/>\n<meta property=\"og:site_name\" content=\"Equilibre de Vie\" \/>\n<meta property=\"article:modified_time\" content=\"2024-02-06T10:30:54+00:00\" \/>\n<meta property=\"og:image\" content=\"https:\/\/www.verdieditions.com\/equilibre-de-vie\/wp-content\/uploads\/2020\/04\/Magnetisme-personnel-ramponi.jpg\" \/>\n\t<meta property=\"og:image:width\" content=\"757\" \/>\n\t<meta property=\"og:image:height\" content=\"1030\" \/>\n\t<meta property=\"og:image:type\" content=\"image\/jpeg\" \/>\n<meta name=\"twitter:card\" content=\"summary_large_image\" \/>\n<meta name=\"twitter:label1\" content=\"Dur\u00e9e de lecture estim\u00e9e\" \/>\n\t<meta name=\"twitter:data1\" content=\"1 minute\" \/>\n<script type=\"application\/ld+json\" class=\"yoast-schema-graph\">{\"@context\":\"https:\\\/\\\/schema.org\",\"@graph\":[{\"@type\":\"WebPage\",\"@id\":\"https:\\\/\\\/www.verdieditions.com\\\/equilibre-de-vie\\\/produit\\\/magnetisme-personnel-ramponi\\\/\",\"url\":\"https:\\\/\\\/www.verdieditions.com\\\/equilibre-de-vie\\\/produit\\\/magnetisme-personnel-ramponi\\\/\",\"name\":\"Le magn\u00e9tisme personnel - Val\u00e9ry RAMPONI - Equilibre de Vie\",\"isPartOf\":{\"@id\":\"https:\\\/\\\/www.verdieditions.com\\\/equilibre-de-vie\\\/#website\"},\"primaryImageOfPage\":{\"@id\":\"https:\\\/\\\/www.verdieditions.com\\\/equilibre-de-vie\\\/produit\\\/magnetisme-personnel-ramponi\\\/#primaryimage\"},\"image\":{\"@id\":\"https:\\\/\\\/www.verdieditions.com\\\/equilibre-de-vie\\\/produit\\\/magnetisme-personnel-ramponi\\\/#primaryimage\"},\"thumbnailUrl\":\"https:\\\/\\\/www.verdieditions.com\\\/equilibre-de-vie\\\/wp-content\\\/uploads\\\/2020\\\/04\\\/Magnetisme-personnel-ramponi.jpg\",\"datePublished\":\"2020-04-23T15:03:49+00:00\",\"dateModified\":\"2024-02-06T10:30:54+00:00\",\"description\":\"Auteur : Val\u00e9ry RAMPONI Titre : Le magn\u00e9tisme personnel, comment d\u00e9velopper votre influence sur les autres par la volont\u00e9, l\u2019esprit, la d\u00e9cision, l\u2019auto-contr\u00f4le et la confiance en soi \u00c9diteur : DE VECCHI, 1986 Edition originale Dim. 14,5 x 20,5 126 pages\",\"breadcrumb\":{\"@id\":\"https:\\\/\\\/www.verdieditions.com\\\/equilibre-de-vie\\\/produit\\\/magnetisme-personnel-ramponi\\\/#breadcrumb\"},\"inLanguage\":\"fr-FR\",\"potentialAction\":[{\"@type\":\"ReadAction\",\"target\":[\"https:\\\/\\\/www.verdieditions.com\\\/equilibre-de-vie\\\/produit\\\/magnetisme-personnel-ramponi\\\/\"]}]},{\"@type\":\"ImageObject\",\"inLanguage\":\"fr-FR\",\"@id\":\"https:\\\/\\\/www.verdieditions.com\\\/equilibre-de-vie\\\/produit\\\/magnetisme-personnel-ramponi\\\/#primaryimage\",\"url\":\"https:\\\/\\\/www.verdieditions.com\\\/equilibre-de-vie\\\/wp-content\\\/uploads\\\/2020\\\/04\\\/Magnetisme-personnel-ramponi.jpg\",\"contentUrl\":\"https:\\\/\\\/www.verdieditions.com\\\/equilibre-de-vie\\\/wp-content\\\/uploads\\\/2020\\\/04\\\/Magnetisme-personnel-ramponi.jpg\",\"width\":757,\"height\":1030,\"caption\":\"Magnetisme-personnel-ramponi\"},{\"@type\":\"BreadcrumbList\",\"@id\":\"https:\\\/\\\/www.verdieditions.com\\\/equilibre-de-vie\\\/produit\\\/magnetisme-personnel-ramponi\\\/#breadcrumb\",\"itemListElement\":[{\"@type\":\"ListItem\",\"position\":1,\"name\":\"Accueil\",\"item\":\"https:\\\/\\\/www.verdieditions.com\\\/equilibre-de-vie\\\/\"},{\"@type\":\"ListItem\",\"position\":2,\"name\":\"La boutique\",\"item\":\"https:\\\/\\\/www.verdieditions.com\\\/equilibre-de-vie\\\/boutique\\\/\"},{\"@type\":\"ListItem\",\"position\":3,\"name\":\"Le magn\u00e9tisme personnel &#8211; Val\u00e9ry RAMPONI\"}]},{\"@type\":\"WebSite\",\"@id\":\"https:\\\/\\\/www.verdieditions.com\\\/equilibre-de-vie\\\/#website\",\"url\":\"https:\\\/\\\/www.verdieditions.com\\\/equilibre-de-vie\\\/\",\"name\":\"Equilibre de Vie\",\"description\":\"Ma boutique livres sant\u00e9, \u00e9sot\u00e9risme et d\u00e9veloppement personnel\",\"publisher\":{\"@id\":\"https:\\\/\\\/www.verdieditions.com\\\/equilibre-de-vie\\\/#\\\/schema\\\/person\\\/9dcb2a6759f2f5fbf43ac0b44649cecb\"},\"potentialAction\":[{\"@type\":\"SearchAction\",\"target\":{\"@type\":\"EntryPoint\",\"urlTemplate\":\"https:\\\/\\\/www.verdieditions.com\\\/equilibre-de-vie\\\/?s={search_term_string}\"},\"query-input\":{\"@type\":\"PropertyValueSpecification\",\"valueRequired\":true,\"valueName\":\"search_term_string\"}}],\"inLanguage\":\"fr-FR\"},{\"@type\":[\"Person\",\"Organization\"],\"@id\":\"https:\\\/\\\/www.verdieditions.com\\\/equilibre-de-vie\\\/#\\\/schema\\\/person\\\/9dcb2a6759f2f5fbf43ac0b44649cecb\",\"name\":\"Sylvie VERDI\",\"image\":{\"@type\":\"ImageObject\",\"inLanguage\":\"fr-FR\",\"@id\":\"https:\\\/\\\/www.verdieditions.com\\\/equilibre-de-vie\\\/wp-content\\\/uploads\\\/2020\\\/04\\\/livres-occasion-sante-esoterisme-developpement-personnel-2.jpg\",\"url\":\"https:\\\/\\\/www.verdieditions.com\\\/equilibre-de-vie\\\/wp-content\\\/uploads\\\/2020\\\/04\\\/livres-occasion-sante-esoterisme-developpement-personnel-2.jpg\",\"contentUrl\":\"https:\\\/\\\/www.verdieditions.com\\\/equilibre-de-vie\\\/wp-content\\\/uploads\\\/2020\\\/04\\\/livres-occasion-sante-esoterisme-developpement-personnel-2.jpg\",\"width\":800,\"height\":572,\"caption\":\"Sylvie VERDI\"},\"logo\":{\"@id\":\"https:\\\/\\\/www.verdieditions.com\\\/equilibre-de-vie\\\/wp-content\\\/uploads\\\/2020\\\/04\\\/livres-occasion-sante-esoterisme-developpement-personnel-2.jpg\"},\"sameAs\":[\"https:\\\/\\\/www.verdieditions.com\\\/equilibre-de-vie\"]}]}<\/script>\n<!-- \/ Yoast SEO plugin. -->","yoast_head_json":{"title":"Le magn\u00e9tisme personnel - Val\u00e9ry RAMPONI - Equilibre de Vie","description":"Auteur : Val\u00e9ry RAMPONI Titre : Le magn\u00e9tisme personnel, comment d\u00e9velopper votre influence sur les autres par la volont\u00e9, l\u2019esprit, la d\u00e9cision, l\u2019auto-contr\u00f4le et la confiance en soi \u00c9diteur : DE VECCHI, 1986 Edition originale Dim. 14,5 x 20,5 126 pages","robots":{"index":"index","follow":"follow","max-snippet":"max-snippet:-1","max-image-preview":"max-image-preview:large","max-video-preview":"max-video-preview:-1"},"canonical":"https:\/\/www.verdieditions.com\/equilibre-de-vie\/produit\/magnetisme-personnel-ramponi\/","og_locale":"fr_FR","og_type":"article","og_title":"Le magn\u00e9tisme personnel - Val\u00e9ry RAMPONI - Equilibre de Vie","og_description":"Auteur : Val\u00e9ry RAMPONI Titre : Le magn\u00e9tisme personnel, comment d\u00e9velopper votre influence sur les autres par la volont\u00e9, l\u2019esprit, la d\u00e9cision, l\u2019auto-contr\u00f4le et la confiance en soi \u00c9diteur : DE VECCHI, 1986 Edition originale Dim. 14,5 x 20,5 126 pages","og_url":"https:\/\/www.verdieditions.com\/equilibre-de-vie\/produit\/magnetisme-personnel-ramponi\/","og_site_name":"Equilibre de Vie","article_modified_time":"2024-02-06T10:30:54+00:00","og_image":[{"width":757,"height":1030,"url":"https:\/\/www.verdieditions.com\/equilibre-de-vie\/wp-content\/uploads\/2020\/04\/Magnetisme-personnel-ramponi.jpg","type":"image\/jpeg"}],"twitter_card":"summary_large_image","twitter_misc":{"Dur\u00e9e de lecture estim\u00e9e":"1 minute"},"schema":{"@context":"https:\/\/schema.org","@graph":[{"@type":"WebPage","@id":"https:\/\/www.verdieditions.com\/equilibre-de-vie\/produit\/magnetisme-personnel-ramponi\/","url":"https:\/\/www.verdieditions.com\/equilibre-de-vie\/produit\/magnetisme-personnel-ramponi\/","name":"Le magn\u00e9tisme personnel - Val\u00e9ry RAMPONI - Equilibre de Vie","isPartOf":{"@id":"https:\/\/www.verdieditions.com\/equilibre-de-vie\/#website"},"primaryImageOfPage":{"@id":"https:\/\/www.verdieditions.com\/equilibre-de-vie\/produit\/magnetisme-personnel-ramponi\/#primaryimage"},"image":{"@id":"https:\/\/www.verdieditions.com\/equilibre-de-vie\/produit\/magnetisme-personnel-ramponi\/#primaryimage"},"thumbnailUrl":"https:\/\/www.verdieditions.com\/equilibre-de-vie\/wp-content\/uploads\/2020\/04\/Magnetisme-personnel-ramponi.jpg","datePublished":"2020-04-23T15:03:49+00:00","dateModified":"2024-02-06T10:30:54+00:00","description":"Auteur : Val\u00e9ry RAMPONI Titre : Le magn\u00e9tisme personnel, comment d\u00e9velopper votre influence sur les autres par la volont\u00e9, l\u2019esprit, la d\u00e9cision, l\u2019auto-contr\u00f4le et la confiance en soi \u00c9diteur : DE VECCHI, 1986 Edition originale Dim. 14,5 x 20,5 126 pages","breadcrumb":{"@id":"https:\/\/www.verdieditions.com\/equilibre-de-vie\/produit\/magnetisme-personnel-ramponi\/#breadcrumb"},"inLanguage":"fr-FR","potentialAction":[{"@type":"ReadAction","target":["https:\/\/www.verdieditions.com\/equilibre-de-vie\/produit\/magnetisme-personnel-ramponi\/"]}]},{"@type":"ImageObject","inLanguage":"fr-FR","@id":"https:\/\/www.verdieditions.com\/equilibre-de-vie\/produit\/magnetisme-personnel-ramponi\/#primaryimage","url":"https:\/\/www.verdieditions.com\/equilibre-de-vie\/wp-content\/uploads\/2020\/04\/Magnetisme-personnel-ramponi.jpg","contentUrl":"https:\/\/www.verdieditions.com\/equilibre-de-vie\/wp-content\/uploads\/2020\/04\/Magnetisme-personnel-ramponi.jpg","width":757,"height":1030,"caption":"Magnetisme-personnel-ramponi"},{"@type":"BreadcrumbList","@id":"https:\/\/www.verdieditions.com\/equilibre-de-vie\/produit\/magnetisme-personnel-ramponi\/#breadcrumb","itemListElement":[{"@type":"ListItem","position":1,"name":"Accueil","item":"https:\/\/www.verdieditions.com\/equilibre-de-vie\/"},{"@type":"ListItem","position":2,"name":"La boutique","item":"https:\/\/www.verdieditions.com\/equilibre-de-vie\/boutique\/"},{"@type":"ListItem","position":3,"name":"Le magn\u00e9tisme personnel &#8211; Val\u00e9ry RAMPONI"}]},{"@type":"WebSite","@id":"https:\/\/www.verdieditions.com\/equilibre-de-vie\/#website","url":"https:\/\/www.verdieditions.com\/equilibre-de-vie\/","name":"Equilibre de Vie","description":"Ma boutique livres sant\u00e9, \u00e9sot\u00e9risme et d\u00e9veloppement personnel","publisher":{"@id":"https:\/\/www.verdieditions.com\/equilibre-de-vie\/#\/schema\/person\/9dcb2a6759f2f5fbf43ac0b44649cecb"},"potentialAction":[{"@type":"SearchAction","target":{"@type":"EntryPoint","urlTemplate":"https:\/\/www.verdieditions.com\/equilibre-de-vie\/?s={search_term_string}"},"query-input":{"@type":"PropertyValueSpecification","valueRequired":true,"valueName":"search_term_string"}}],"inLanguage":"fr-FR"},{"@type":["Person","Organization"],"@id":"https:\/\/www.verdieditions.com\/equilibre-de-vie\/#\/schema\/person\/9dcb2a6759f2f5fbf43ac0b44649cecb","name":"Sylvie VERDI","image":{"@type":"ImageObject","inLanguage":"fr-FR","@id":"https:\/\/www.verdieditions.com\/equilibre-de-vie\/wp-content\/uploads\/2020\/04\/livres-occasion-sante-esoterisme-developpement-personnel-2.jpg","url":"https:\/\/www.verdieditions.com\/equilibre-de-vie\/wp-content\/uploads\/2020\/04\/livres-occasion-sante-esoterisme-developpement-personnel-2.jpg","contentUrl":"https:\/\/www.verdieditions.com\/equilibre-de-vie\/wp-content\/uploads\/2020\/04\/livres-occasion-sante-esoterisme-developpement-personnel-2.jpg","width":800,"height":572,"caption":"Sylvie VERDI"},"logo":{"@id":"https:\/\/www.verdieditions.com\/equilibre-de-vie\/wp-content\/uploads\/2020\/04\/livres-occasion-sante-esoterisme-developpement-personnel-2.jpg"},"sameAs":["https:\/\/www.verdieditions.com\/equilibre-de-vie"]}]}},"_links":{"self":[{"href":"https:\/\/www.verdieditions.com\/equilibre-de-vie\/wp-json\/wp\/v2\/product\/317","targetHints":{"allow":["GET"]}}],"collection":[{"href":"https:\/\/www.verdieditions.com\/equilibre-de-vie\/wp-json\/wp\/v2\/product"}],"about":[{"href":"https:\/\/www.verdieditions.com\/equilibre-de-vie\/wp-json\/wp\/v2\/types\/product"}],"wp:featuredmedia":[{"embeddable":true,"href":"https:\/\/www.verdieditions.com\/equilibre-de-vie\/wp-json\/wp\/v2\/media\/318"}],"wp:attachment":[{"href":"https:\/\/www.verdieditions.com\/equilibre-de-vie\/wp-json\/wp\/v2\/media?parent=317"}],"wp:term":[{"taxonomy":"product_brand","embeddable":true,"href":"https:\/\/www.verdieditions.com\/equilibre-de-vie\/wp-json\/wp\/v2\/product_brand?post=317"},{"taxonomy":"product_cat","embeddable":true,"href":"https:\/\/www.verdieditions.com\/equilibre-de-vie\/wp-json\/wp\/v2\/product_cat?post=317"},{"taxonomy":"product_tag","embeddable":true,"href":"https:\/\/www.verdieditions.com\/equilibre-de-vie\/wp-json\/wp\/v2\/product_tag?post=317"}],"curies":[{"name":"wp","href":"https:\/\/api.w.org\/{rel}","templated":true}]}}