{"id":298,"date":"2020-04-23T16:03:02","date_gmt":"2020-04-23T14:03:02","guid":{"rendered":"https:\/\/www.verdieditions.com\/equilibre-de-vie\/?post_type=product&#038;p=298"},"modified":"2024-02-08T14:58:47","modified_gmt":"2024-02-08T13:58:47","slug":"cours-de-psychologie-2-bases-methodes-epistemologie-j-f-richard","status":"publish","type":"product","link":"https:\/\/www.verdieditions.com\/equilibre-de-vie\/produit\/cours-de-psychologie-2-bases-methodes-epistemologie-j-f-richard\/","title":{"rendered":"Cours de psychologie 2 &#8211; Bases, m\u00e9thodes &#038; \u00e9pist\u00e9mologie &#8211; J.F. RICHARD"},"content":{"rendered":"<p>Auteur : Jean Fran\u00e7ois RICHARD<br \/>\nTitre : Cours de psychologie 2 &#8211; Bases, m\u00e9thodes &#038; \u00e9pist\u00e9mologie<br \/>\n\u00c9diteur : Dunod, 2000<br \/>\nEtat comme neuf<br \/>\nDim. 15,5 x 24<br \/>\n1,300 kg<br \/>\n816 pages<\/p>\n<p>Les bases. Bases du d\u00e9veloppement (J. Crepault, S. Netchine, J. Montangero, M.-G. Pecheux). Bases des fonctionnements socio-cognitifs (J.-L. Beauvois). Bases de la psychopathologie et de la psychologie clinique (S. Ionescu). Les m\u00e9thodes. Probl\u00e8mes g\u00e9n\u00e9raux des m\u00e9thodes de la psychologie (B. Matalon). L&rsquo;exp\u00e9rimentation et l&rsquo;observation (B. Matalon). Le recueil de l&rsquo;information verbale (J.-M. Jakobi). M\u00e9thodes des tests (J.-F. Richard, L. Ricordeau). Les m\u00e9thodes cliniques (M.-R. Moro). Les m\u00e9thodes statistiques (J.-F. Richard). Les m\u00e9thodes psychophysiques (C. Bonnet). Epistemologie des sciences humaines (B. Matalon). Les conceptions du d\u00e9veloppement scientifique. Les pratiques scientifiques et la production des connaissances. Les sciences humaines dans le champ scientifique. Bibliographie. Index.<\/p>\n","protected":false},"excerpt":{"rendered":"<p>Auteur : Jean Fran\u00e7ois RICHARD<br \/>\nTitre : Cours de psychologie 2 &#8211; Bases, m\u00e9thodes &#038; \u00e9pist\u00e9mologie<br \/>\n\u00c9diteur : Dunod, 2000<br \/>\nEtat comme neuf<br \/>\nDim. 15,5 x 24<br \/>\n1,300 kg<br \/>\n816 pages<\/p>\n","protected":false},"featured_media":299,"template":"","meta":[],"product_brand":[],"product_cat":[22],"product_tag":[135,139],"class_list":{"0":"post-298","1":"product","2":"type-product","3":"status-publish","4":"has-post-thumbnail","6":"product_cat-developpement-personnel","7":"product_tag-psychologie","8":"product_tag-relations-humaines","10":"first","11":"instock","12":"shipping-taxable","13":"product-type-simple"},"yoast_head":"<!-- This site is optimized with the Yoast SEO plugin v27.4 - https:\/\/yoast.com\/product\/yoast-seo-wordpress\/ -->\n<title>Cours de psychologie 2 - Bases, m\u00e9thodes &amp; \u00e9pist\u00e9mologie - J.F. RICHARD<\/title>\n<meta name=\"description\" content=\"Jean Fran\u00e7ois RICHARD Cours de psychologie 2 \u2013 Bases, m\u00e9thodes &amp; \u00e9pist\u00e9mologie \u00c9diteur : Dunod, 2000 Etat comme neuf Dim. 15,5 x 24 1,300 kg 816 pages\" \/>\n<meta name=\"robots\" content=\"index, follow, max-snippet:-1, max-image-preview:large, max-video-preview:-1\" \/>\n<link rel=\"canonical\" href=\"https:\/\/www.verdieditions.com\/equilibre-de-vie\/produit\/cours-de-psychologie-2-bases-methodes-epistemologie-j-f-richard\/\" \/>\n<meta property=\"og:locale\" content=\"fr_FR\" \/>\n<meta property=\"og:type\" content=\"article\" \/>\n<meta property=\"og:title\" content=\"Cours de psychologie 2 - Bases, m\u00e9thodes &amp; \u00e9pist\u00e9mologie - J.F. RICHARD\" \/>\n<meta property=\"og:description\" content=\"Jean Fran\u00e7ois RICHARD Cours de psychologie 2 \u2013 Bases, m\u00e9thodes &amp; \u00e9pist\u00e9mologie \u00c9diteur : Dunod, 2000 Etat comme neuf Dim. 15,5 x 24 1,300 kg 816 pages\" \/>\n<meta property=\"og:url\" content=\"https:\/\/www.verdieditions.com\/equilibre-de-vie\/produit\/cours-de-psychologie-2-bases-methodes-epistemologie-j-f-richard\/\" \/>\n<meta property=\"og:site_name\" content=\"Equilibre de Vie\" \/>\n<meta property=\"article:modified_time\" content=\"2024-02-08T13:58:47+00:00\" \/>\n<meta property=\"og:image\" content=\"https:\/\/www.verdieditions.com\/equilibre-de-vie\/wp-content\/uploads\/2020\/04\/cours-psychologie-2-bases-methode-epistemologie.jpg\" \/>\n\t<meta property=\"og:image:width\" content=\"807\" \/>\n\t<meta property=\"og:image:height\" content=\"1224\" \/>\n\t<meta property=\"og:image:type\" content=\"image\/jpeg\" \/>\n<meta name=\"twitter:card\" content=\"summary_large_image\" \/>\n<meta name=\"twitter:label1\" content=\"Dur\u00e9e de lecture estim\u00e9e\" \/>\n\t<meta name=\"twitter:data1\" content=\"1 minute\" \/>\n<script type=\"application\/ld+json\" class=\"yoast-schema-graph\">{\"@context\":\"https:\\\/\\\/schema.org\",\"@graph\":[{\"@type\":\"WebPage\",\"@id\":\"https:\\\/\\\/www.verdieditions.com\\\/equilibre-de-vie\\\/produit\\\/cours-de-psychologie-2-bases-methodes-epistemologie-j-f-richard\\\/\",\"url\":\"https:\\\/\\\/www.verdieditions.com\\\/equilibre-de-vie\\\/produit\\\/cours-de-psychologie-2-bases-methodes-epistemologie-j-f-richard\\\/\",\"name\":\"Cours de psychologie 2 - Bases, m\u00e9thodes & \u00e9pist\u00e9mologie - J.F. RICHARD\",\"isPartOf\":{\"@id\":\"https:\\\/\\\/www.verdieditions.com\\\/equilibre-de-vie\\\/#website\"},\"primaryImageOfPage\":{\"@id\":\"https:\\\/\\\/www.verdieditions.com\\\/equilibre-de-vie\\\/produit\\\/cours-de-psychologie-2-bases-methodes-epistemologie-j-f-richard\\\/#primaryimage\"},\"image\":{\"@id\":\"https:\\\/\\\/www.verdieditions.com\\\/equilibre-de-vie\\\/produit\\\/cours-de-psychologie-2-bases-methodes-epistemologie-j-f-richard\\\/#primaryimage\"},\"thumbnailUrl\":\"https:\\\/\\\/www.verdieditions.com\\\/equilibre-de-vie\\\/wp-content\\\/uploads\\\/2020\\\/04\\\/cours-psychologie-2-bases-methode-epistemologie.jpg\",\"datePublished\":\"2020-04-23T14:03:02+00:00\",\"dateModified\":\"2024-02-08T13:58:47+00:00\",\"description\":\"Jean Fran\u00e7ois RICHARD Cours de psychologie 2 \u2013 Bases, m\u00e9thodes & \u00e9pist\u00e9mologie \u00c9diteur : Dunod, 2000 Etat comme neuf Dim. 15,5 x 24 1,300 kg 816 pages\",\"breadcrumb\":{\"@id\":\"https:\\\/\\\/www.verdieditions.com\\\/equilibre-de-vie\\\/produit\\\/cours-de-psychologie-2-bases-methodes-epistemologie-j-f-richard\\\/#breadcrumb\"},\"inLanguage\":\"fr-FR\",\"potentialAction\":[{\"@type\":\"ReadAction\",\"target\":[\"https:\\\/\\\/www.verdieditions.com\\\/equilibre-de-vie\\\/produit\\\/cours-de-psychologie-2-bases-methodes-epistemologie-j-f-richard\\\/\"]}]},{\"@type\":\"ImageObject\",\"inLanguage\":\"fr-FR\",\"@id\":\"https:\\\/\\\/www.verdieditions.com\\\/equilibre-de-vie\\\/produit\\\/cours-de-psychologie-2-bases-methodes-epistemologie-j-f-richard\\\/#primaryimage\",\"url\":\"https:\\\/\\\/www.verdieditions.com\\\/equilibre-de-vie\\\/wp-content\\\/uploads\\\/2020\\\/04\\\/cours-psychologie-2-bases-methode-epistemologie.jpg\",\"contentUrl\":\"https:\\\/\\\/www.verdieditions.com\\\/equilibre-de-vie\\\/wp-content\\\/uploads\\\/2020\\\/04\\\/cours-psychologie-2-bases-methode-epistemologie.jpg\",\"width\":807,\"height\":1224,\"caption\":\"cours-psychologie-2-bases-methode-epistemologie\"},{\"@type\":\"BreadcrumbList\",\"@id\":\"https:\\\/\\\/www.verdieditions.com\\\/equilibre-de-vie\\\/produit\\\/cours-de-psychologie-2-bases-methodes-epistemologie-j-f-richard\\\/#breadcrumb\",\"itemListElement\":[{\"@type\":\"ListItem\",\"position\":1,\"name\":\"Accueil\",\"item\":\"https:\\\/\\\/www.verdieditions.com\\\/equilibre-de-vie\\\/\"},{\"@type\":\"ListItem\",\"position\":2,\"name\":\"La boutique\",\"item\":\"https:\\\/\\\/www.verdieditions.com\\\/equilibre-de-vie\\\/boutique\\\/\"},{\"@type\":\"ListItem\",\"position\":3,\"name\":\"Cours de psychologie 2 &#8211; Bases, m\u00e9thodes &#038; \u00e9pist\u00e9mologie &#8211; J.F. RICHARD\"}]},{\"@type\":\"WebSite\",\"@id\":\"https:\\\/\\\/www.verdieditions.com\\\/equilibre-de-vie\\\/#website\",\"url\":\"https:\\\/\\\/www.verdieditions.com\\\/equilibre-de-vie\\\/\",\"name\":\"Equilibre de Vie\",\"description\":\"Ma boutique livres sant\u00e9, \u00e9sot\u00e9risme et d\u00e9veloppement personnel\",\"publisher\":{\"@id\":\"https:\\\/\\\/www.verdieditions.com\\\/equilibre-de-vie\\\/#\\\/schema\\\/person\\\/9dcb2a6759f2f5fbf43ac0b44649cecb\"},\"potentialAction\":[{\"@type\":\"SearchAction\",\"target\":{\"@type\":\"EntryPoint\",\"urlTemplate\":\"https:\\\/\\\/www.verdieditions.com\\\/equilibre-de-vie\\\/?s={search_term_string}\"},\"query-input\":{\"@type\":\"PropertyValueSpecification\",\"valueRequired\":true,\"valueName\":\"search_term_string\"}}],\"inLanguage\":\"fr-FR\"},{\"@type\":[\"Person\",\"Organization\"],\"@id\":\"https:\\\/\\\/www.verdieditions.com\\\/equilibre-de-vie\\\/#\\\/schema\\\/person\\\/9dcb2a6759f2f5fbf43ac0b44649cecb\",\"name\":\"Sylvie VERDI\",\"image\":{\"@type\":\"ImageObject\",\"inLanguage\":\"fr-FR\",\"@id\":\"https:\\\/\\\/www.verdieditions.com\\\/equilibre-de-vie\\\/wp-content\\\/uploads\\\/2020\\\/04\\\/livres-occasion-sante-esoterisme-developpement-personnel-2.jpg\",\"url\":\"https:\\\/\\\/www.verdieditions.com\\\/equilibre-de-vie\\\/wp-content\\\/uploads\\\/2020\\\/04\\\/livres-occasion-sante-esoterisme-developpement-personnel-2.jpg\",\"contentUrl\":\"https:\\\/\\\/www.verdieditions.com\\\/equilibre-de-vie\\\/wp-content\\\/uploads\\\/2020\\\/04\\\/livres-occasion-sante-esoterisme-developpement-personnel-2.jpg\",\"width\":800,\"height\":572,\"caption\":\"Sylvie VERDI\"},\"logo\":{\"@id\":\"https:\\\/\\\/www.verdieditions.com\\\/equilibre-de-vie\\\/wp-content\\\/uploads\\\/2020\\\/04\\\/livres-occasion-sante-esoterisme-developpement-personnel-2.jpg\"},\"sameAs\":[\"https:\\\/\\\/www.verdieditions.com\\\/equilibre-de-vie\"]}]}<\/script>\n<!-- \/ Yoast SEO plugin. -->","yoast_head_json":{"title":"Cours de psychologie 2 - Bases, m\u00e9thodes & \u00e9pist\u00e9mologie - J.F. RICHARD","description":"Jean Fran\u00e7ois RICHARD Cours de psychologie 2 \u2013 Bases, m\u00e9thodes & \u00e9pist\u00e9mologie \u00c9diteur : Dunod, 2000 Etat comme neuf Dim. 15,5 x 24 1,300 kg 816 pages","robots":{"index":"index","follow":"follow","max-snippet":"max-snippet:-1","max-image-preview":"max-image-preview:large","max-video-preview":"max-video-preview:-1"},"canonical":"https:\/\/www.verdieditions.com\/equilibre-de-vie\/produit\/cours-de-psychologie-2-bases-methodes-epistemologie-j-f-richard\/","og_locale":"fr_FR","og_type":"article","og_title":"Cours de psychologie 2 - Bases, m\u00e9thodes & \u00e9pist\u00e9mologie - J.F. RICHARD","og_description":"Jean Fran\u00e7ois RICHARD Cours de psychologie 2 \u2013 Bases, m\u00e9thodes & \u00e9pist\u00e9mologie \u00c9diteur : Dunod, 2000 Etat comme neuf Dim. 15,5 x 24 1,300 kg 816 pages","og_url":"https:\/\/www.verdieditions.com\/equilibre-de-vie\/produit\/cours-de-psychologie-2-bases-methodes-epistemologie-j-f-richard\/","og_site_name":"Equilibre de Vie","article_modified_time":"2024-02-08T13:58:47+00:00","og_image":[{"width":807,"height":1224,"url":"https:\/\/www.verdieditions.com\/equilibre-de-vie\/wp-content\/uploads\/2020\/04\/cours-psychologie-2-bases-methode-epistemologie.jpg","type":"image\/jpeg"}],"twitter_card":"summary_large_image","twitter_misc":{"Dur\u00e9e de lecture estim\u00e9e":"1 minute"},"schema":{"@context":"https:\/\/schema.org","@graph":[{"@type":"WebPage","@id":"https:\/\/www.verdieditions.com\/equilibre-de-vie\/produit\/cours-de-psychologie-2-bases-methodes-epistemologie-j-f-richard\/","url":"https:\/\/www.verdieditions.com\/equilibre-de-vie\/produit\/cours-de-psychologie-2-bases-methodes-epistemologie-j-f-richard\/","name":"Cours de psychologie 2 - Bases, m\u00e9thodes & \u00e9pist\u00e9mologie - J.F. RICHARD","isPartOf":{"@id":"https:\/\/www.verdieditions.com\/equilibre-de-vie\/#website"},"primaryImageOfPage":{"@id":"https:\/\/www.verdieditions.com\/equilibre-de-vie\/produit\/cours-de-psychologie-2-bases-methodes-epistemologie-j-f-richard\/#primaryimage"},"image":{"@id":"https:\/\/www.verdieditions.com\/equilibre-de-vie\/produit\/cours-de-psychologie-2-bases-methodes-epistemologie-j-f-richard\/#primaryimage"},"thumbnailUrl":"https:\/\/www.verdieditions.com\/equilibre-de-vie\/wp-content\/uploads\/2020\/04\/cours-psychologie-2-bases-methode-epistemologie.jpg","datePublished":"2020-04-23T14:03:02+00:00","dateModified":"2024-02-08T13:58:47+00:00","description":"Jean Fran\u00e7ois RICHARD Cours de psychologie 2 \u2013 Bases, m\u00e9thodes & \u00e9pist\u00e9mologie \u00c9diteur : Dunod, 2000 Etat comme neuf Dim. 15,5 x 24 1,300 kg 816 pages","breadcrumb":{"@id":"https:\/\/www.verdieditions.com\/equilibre-de-vie\/produit\/cours-de-psychologie-2-bases-methodes-epistemologie-j-f-richard\/#breadcrumb"},"inLanguage":"fr-FR","potentialAction":[{"@type":"ReadAction","target":["https:\/\/www.verdieditions.com\/equilibre-de-vie\/produit\/cours-de-psychologie-2-bases-methodes-epistemologie-j-f-richard\/"]}]},{"@type":"ImageObject","inLanguage":"fr-FR","@id":"https:\/\/www.verdieditions.com\/equilibre-de-vie\/produit\/cours-de-psychologie-2-bases-methodes-epistemologie-j-f-richard\/#primaryimage","url":"https:\/\/www.verdieditions.com\/equilibre-de-vie\/wp-content\/uploads\/2020\/04\/cours-psychologie-2-bases-methode-epistemologie.jpg","contentUrl":"https:\/\/www.verdieditions.com\/equilibre-de-vie\/wp-content\/uploads\/2020\/04\/cours-psychologie-2-bases-methode-epistemologie.jpg","width":807,"height":1224,"caption":"cours-psychologie-2-bases-methode-epistemologie"},{"@type":"BreadcrumbList","@id":"https:\/\/www.verdieditions.com\/equilibre-de-vie\/produit\/cours-de-psychologie-2-bases-methodes-epistemologie-j-f-richard\/#breadcrumb","itemListElement":[{"@type":"ListItem","position":1,"name":"Accueil","item":"https:\/\/www.verdieditions.com\/equilibre-de-vie\/"},{"@type":"ListItem","position":2,"name":"La boutique","item":"https:\/\/www.verdieditions.com\/equilibre-de-vie\/boutique\/"},{"@type":"ListItem","position":3,"name":"Cours de psychologie 2 &#8211; Bases, m\u00e9thodes &#038; \u00e9pist\u00e9mologie &#8211; J.F. RICHARD"}]},{"@type":"WebSite","@id":"https:\/\/www.verdieditions.com\/equilibre-de-vie\/#website","url":"https:\/\/www.verdieditions.com\/equilibre-de-vie\/","name":"Equilibre de Vie","description":"Ma boutique livres sant\u00e9, \u00e9sot\u00e9risme et d\u00e9veloppement personnel","publisher":{"@id":"https:\/\/www.verdieditions.com\/equilibre-de-vie\/#\/schema\/person\/9dcb2a6759f2f5fbf43ac0b44649cecb"},"potentialAction":[{"@type":"SearchAction","target":{"@type":"EntryPoint","urlTemplate":"https:\/\/www.verdieditions.com\/equilibre-de-vie\/?s={search_term_string}"},"query-input":{"@type":"PropertyValueSpecification","valueRequired":true,"valueName":"search_term_string"}}],"inLanguage":"fr-FR"},{"@type":["Person","Organization"],"@id":"https:\/\/www.verdieditions.com\/equilibre-de-vie\/#\/schema\/person\/9dcb2a6759f2f5fbf43ac0b44649cecb","name":"Sylvie VERDI","image":{"@type":"ImageObject","inLanguage":"fr-FR","@id":"https:\/\/www.verdieditions.com\/equilibre-de-vie\/wp-content\/uploads\/2020\/04\/livres-occasion-sante-esoterisme-developpement-personnel-2.jpg","url":"https:\/\/www.verdieditions.com\/equilibre-de-vie\/wp-content\/uploads\/2020\/04\/livres-occasion-sante-esoterisme-developpement-personnel-2.jpg","contentUrl":"https:\/\/www.verdieditions.com\/equilibre-de-vie\/wp-content\/uploads\/2020\/04\/livres-occasion-sante-esoterisme-developpement-personnel-2.jpg","width":800,"height":572,"caption":"Sylvie VERDI"},"logo":{"@id":"https:\/\/www.verdieditions.com\/equilibre-de-vie\/wp-content\/uploads\/2020\/04\/livres-occasion-sante-esoterisme-developpement-personnel-2.jpg"},"sameAs":["https:\/\/www.verdieditions.com\/equilibre-de-vie"]}]}},"_links":{"self":[{"href":"https:\/\/www.verdieditions.com\/equilibre-de-vie\/wp-json\/wp\/v2\/product\/298","targetHints":{"allow":["GET"]}}],"collection":[{"href":"https:\/\/www.verdieditions.com\/equilibre-de-vie\/wp-json\/wp\/v2\/product"}],"about":[{"href":"https:\/\/www.verdieditions.com\/equilibre-de-vie\/wp-json\/wp\/v2\/types\/product"}],"wp:featuredmedia":[{"embeddable":true,"href":"https:\/\/www.verdieditions.com\/equilibre-de-vie\/wp-json\/wp\/v2\/media\/299"}],"wp:attachment":[{"href":"https:\/\/www.verdieditions.com\/equilibre-de-vie\/wp-json\/wp\/v2\/media?parent=298"}],"wp:term":[{"taxonomy":"product_brand","embeddable":true,"href":"https:\/\/www.verdieditions.com\/equilibre-de-vie\/wp-json\/wp\/v2\/product_brand?post=298"},{"taxonomy":"product_cat","embeddable":true,"href":"https:\/\/www.verdieditions.com\/equilibre-de-vie\/wp-json\/wp\/v2\/product_cat?post=298"},{"taxonomy":"product_tag","embeddable":true,"href":"https:\/\/www.verdieditions.com\/equilibre-de-vie\/wp-json\/wp\/v2\/product_tag?post=298"}],"curies":[{"name":"wp","href":"https:\/\/api.w.org\/{rel}","templated":true}]}}