{"id":286,"date":"2020-04-23T15:17:25","date_gmt":"2020-04-23T13:17:25","guid":{"rendered":"https:\/\/www.verdieditions.com\/equilibre-de-vie\/?post_type=product&#038;p=286"},"modified":"2024-11-28T09:58:15","modified_gmt":"2024-11-28T08:58:15","slug":"initiation-kinesiologie-desjardin","status":"publish","type":"product","link":"https:\/\/www.verdieditions.com\/equilibre-de-vie\/produit\/initiation-kinesiologie-desjardin\/","title":{"rendered":"Initiation \u00e0 la Kin\u00e9siologie &#8211; Marie DESJARDIN"},"content":{"rendered":"<p>Auteur : Marie DESJARDIN<br \/>\nTitre : Initiation \u00e0 la Kin\u00e9siologie, corps, esprit, spiritualit\u00e9, bien conna\u00eetre son corps pour g\u00e9rer \u00e9motions, stress, tension&#8230; et s&rsquo;\u00e9panouir totalement &#8211; Corps et th\u00e9rapeutique<br \/>\n\u00c9diteur : Trajectoires, 1999, collection Savoir pour agir<br \/>\nEdition originale<br \/>\nDim. 16 x 24<br \/>\n240 pages<\/p>\n<p> La kin\u00e9siologie est une approche corporelle qui prend en compte l&rsquo;aspect psycho\u00e9motionnel. L&rsquo;analyse des conflits, sympt\u00f4mes et comportements, englobe le corps et l&rsquo;esprit. Un travail postural constitue dans ce cas, l&rsquo;axe essentiel d&rsquo;intervention. La respiration est \u00e9galement au c\u0153ur du proc\u00e9d\u00e9 th\u00e9rapeutique. De la simple observation du souffle \u00e0 l&rsquo;action directe et volontaire sur le rythme respiratoire, les approches sont riches et vari\u00e9es \u00ab\u00a0. Ainsi d\u00e9fini par l&rsquo;auteur, le champ d&rsquo;investigation de la kin\u00e9siologie s&rsquo;av\u00e8re d&rsquo;une \u00e9tonnante amplitude, unissant d&rsquo;une mani\u00e8re synth\u00e9tique les enseignements les plus efficaces des m\u00e9decines \u00e9nerg\u00e9tiques, occidentales et orientales. Retrouver un meilleur rapport \u00e0 son corps pour lib\u00e9rer sort esprit, c&rsquo;est non seulement la base commune de nombre de disciplines orientales, mais \u00e9galement de th\u00e9rapies alternatives et holistiques d&rsquo;Occident, telles que la Bio-Energie, les massages reichiens ou l&rsquo;int\u00e9gration posturale. Marie Desjardin, dans ce livre, s&rsquo;attache avant tout \u00e0 nous r\u00e9v\u00e9ler les techniques du mieux-\u00eatre. Sans n\u00e9gliger cependant l&rsquo;aspect th\u00e9orique, elle accorde une large place aux travaux pratiques, nous initiant aux arcanes de la respiration \u00e9nerg\u00e9tique et des rapports entre le corps et les \u00e9motions, la mani\u00e8re particuli\u00e8re dont ces derni\u00e8res peuvent s&rsquo;exprimer \u00e0 travers celui-ci. Les cinq \u00e9l\u00e9ments chinois et leur influence dans notre vie quotidienne, l&rsquo;acupuncture et ses principaux m\u00e9ridiens, tous ces \u00e9l\u00e9ments sont examin\u00e9s avec une attention soutenue. L&rsquo;auteur nous d\u00e9voile des m\u00e9thodes pratiques et directement applicables pour r\u00e9tablir l&rsquo;harmonie \u00e9motionnelle et corporelle. La Kin\u00e9siologie peut \u00eatre consid\u00e9r\u00e9e comme une th\u00e9rapie alternative holistique, c&rsquo;est-\u00e0-dire, prenant en compte l&rsquo;ensemble d&rsquo;un individu, dans son v\u00e9cu et dans son ressenti. Ne se limitant pas aux sympt\u00f4mes, elle envisage un r\u00e9\u00e9quilibrage \u00e9motionnel et corporel. Des tests vous permettront de faire votre bilan \u00e9nerg\u00e9tique pour mieux trouver la voie de l&rsquo;\u00e9panouissement et de sourire de nouveau \u00e0 la vie. Un livre qui vous permettra de g\u00e9rer autrement votre capital sant\u00e9 et de dynamiser votre potentiel d&rsquo;auto-gu\u00e9rison.<\/p>\n","protected":false},"excerpt":{"rendered":"<p>Auteur : Marie DESJARDIN<br \/>\nTitre : Initiation \u00e0 la Kin\u00e9siologie, corps, esprit, spiritualit\u00e9, bien conna\u00eetre son corps pour g\u00e9rer \u00e9motions, stress, tension&#8230; et s&rsquo;\u00e9panouir totalement &#8211; Corps et th\u00e9rapeutique<br \/>\n\u00c9diteur : Trajectoires, 1999, collection Savoir pour agir<br \/>\nEdition originale<br \/>\nDim. 16 x 24<br \/>\n240 pages<\/p>\n","protected":false},"featured_media":287,"template":"","meta":[],"product_brand":[],"product_cat":[21],"product_tag":[25,60,73,78,87,98,149,164],"class_list":{"0":"post-286","1":"product","2":"type-product","3":"status-publish","4":"has-post-thumbnail","6":"product_cat-sante","7":"product_tag-acupuncture","8":"product_tag-energie","9":"product_tag-guerir","10":"product_tag-holistique","11":"product_tag-kinesiologie","12":"product_tag-medecine-alternative","13":"product_tag-soigner","14":"product_tag-therapeute","16":"first","17":"outofstock","18":"featured","19":"shipping-taxable","20":"product-type-simple"},"yoast_head":"<!-- This site is optimized with the Yoast SEO plugin v27.4 - https:\/\/yoast.com\/product\/yoast-seo-wordpress\/ -->\n<title>Initiation \u00e0 la Kin\u00e9siologie - Marie DESJARDIN - Equilibre de Vie<\/title>\n<meta name=\"description\" content=\"Auteur : Marie DESJARDIN Titre : Initiation \u00e0 la Kin\u00e9siologie, corps, esprit, spiritualit\u00e9, bien conna\u00eetre son corps pour g\u00e9rer \u00e9motions, stress, tension\u2026 et s\u2019\u00e9panouir totalement \u2013 Corps et th\u00e9rapeutique \u00c9diteur : Trajectoires, 1999, collection Savoir pour agir Edition originale Dim. 16 x 24 240 pages\" \/>\n<meta name=\"robots\" content=\"index, follow, max-snippet:-1, max-image-preview:large, max-video-preview:-1\" \/>\n<link rel=\"canonical\" href=\"https:\/\/www.verdieditions.com\/equilibre-de-vie\/produit\/initiation-kinesiologie-desjardin\/\" \/>\n<meta property=\"og:locale\" content=\"fr_FR\" \/>\n<meta property=\"og:type\" content=\"article\" \/>\n<meta property=\"og:title\" content=\"Initiation \u00e0 la Kin\u00e9siologie - Marie DESJARDIN - Equilibre de Vie\" \/>\n<meta property=\"og:description\" content=\"Auteur : Marie DESJARDIN Titre : Initiation \u00e0 la Kin\u00e9siologie, corps, esprit, spiritualit\u00e9, bien conna\u00eetre son corps pour g\u00e9rer \u00e9motions, stress, tension\u2026 et s\u2019\u00e9panouir totalement \u2013 Corps et th\u00e9rapeutique \u00c9diteur : Trajectoires, 1999, collection Savoir pour agir Edition originale Dim. 16 x 24 240 pages\" \/>\n<meta property=\"og:url\" content=\"https:\/\/www.verdieditions.com\/equilibre-de-vie\/produit\/initiation-kinesiologie-desjardin\/\" \/>\n<meta property=\"og:site_name\" content=\"Equilibre de Vie\" \/>\n<meta property=\"article:modified_time\" content=\"2024-11-28T08:58:15+00:00\" \/>\n<meta property=\"og:image\" content=\"https:\/\/www.verdieditions.com\/equilibre-de-vie\/wp-content\/uploads\/2020\/04\/Initiation-Kinesiologie-Desjardins.jpg\" \/>\n\t<meta property=\"og:image:width\" content=\"869\" \/>\n\t<meta property=\"og:image:height\" content=\"1278\" \/>\n\t<meta property=\"og:image:type\" content=\"image\/jpeg\" \/>\n<meta name=\"twitter:card\" content=\"summary_large_image\" \/>\n<meta name=\"twitter:label1\" content=\"Dur\u00e9e de lecture estim\u00e9e\" \/>\n\t<meta name=\"twitter:data1\" content=\"2 minutes\" \/>\n<script type=\"application\/ld+json\" class=\"yoast-schema-graph\">{\"@context\":\"https:\\\/\\\/schema.org\",\"@graph\":[{\"@type\":\"WebPage\",\"@id\":\"https:\\\/\\\/www.verdieditions.com\\\/equilibre-de-vie\\\/produit\\\/initiation-kinesiologie-desjardin\\\/\",\"url\":\"https:\\\/\\\/www.verdieditions.com\\\/equilibre-de-vie\\\/produit\\\/initiation-kinesiologie-desjardin\\\/\",\"name\":\"Initiation \u00e0 la Kin\u00e9siologie - Marie DESJARDIN - Equilibre de Vie\",\"isPartOf\":{\"@id\":\"https:\\\/\\\/www.verdieditions.com\\\/equilibre-de-vie\\\/#website\"},\"primaryImageOfPage\":{\"@id\":\"https:\\\/\\\/www.verdieditions.com\\\/equilibre-de-vie\\\/produit\\\/initiation-kinesiologie-desjardin\\\/#primaryimage\"},\"image\":{\"@id\":\"https:\\\/\\\/www.verdieditions.com\\\/equilibre-de-vie\\\/produit\\\/initiation-kinesiologie-desjardin\\\/#primaryimage\"},\"thumbnailUrl\":\"https:\\\/\\\/www.verdieditions.com\\\/equilibre-de-vie\\\/wp-content\\\/uploads\\\/2020\\\/04\\\/Initiation-Kinesiologie-Desjardins.jpg\",\"datePublished\":\"2020-04-23T13:17:25+00:00\",\"dateModified\":\"2024-11-28T08:58:15+00:00\",\"description\":\"Auteur : Marie DESJARDIN Titre : Initiation \u00e0 la Kin\u00e9siologie, corps, esprit, spiritualit\u00e9, bien conna\u00eetre son corps pour g\u00e9rer \u00e9motions, stress, tension\u2026 et s\u2019\u00e9panouir totalement \u2013 Corps et th\u00e9rapeutique \u00c9diteur : Trajectoires, 1999, collection Savoir pour agir Edition originale Dim. 16 x 24 240 pages\",\"breadcrumb\":{\"@id\":\"https:\\\/\\\/www.verdieditions.com\\\/equilibre-de-vie\\\/produit\\\/initiation-kinesiologie-desjardin\\\/#breadcrumb\"},\"inLanguage\":\"fr-FR\",\"potentialAction\":[{\"@type\":\"ReadAction\",\"target\":[\"https:\\\/\\\/www.verdieditions.com\\\/equilibre-de-vie\\\/produit\\\/initiation-kinesiologie-desjardin\\\/\"]}]},{\"@type\":\"ImageObject\",\"inLanguage\":\"fr-FR\",\"@id\":\"https:\\\/\\\/www.verdieditions.com\\\/equilibre-de-vie\\\/produit\\\/initiation-kinesiologie-desjardin\\\/#primaryimage\",\"url\":\"https:\\\/\\\/www.verdieditions.com\\\/equilibre-de-vie\\\/wp-content\\\/uploads\\\/2020\\\/04\\\/Initiation-Kinesiologie-Desjardins.jpg\",\"contentUrl\":\"https:\\\/\\\/www.verdieditions.com\\\/equilibre-de-vie\\\/wp-content\\\/uploads\\\/2020\\\/04\\\/Initiation-Kinesiologie-Desjardins.jpg\",\"width\":869,\"height\":1278,\"caption\":\"Initiation-Kinesiologie-Desjardins\"},{\"@type\":\"BreadcrumbList\",\"@id\":\"https:\\\/\\\/www.verdieditions.com\\\/equilibre-de-vie\\\/produit\\\/initiation-kinesiologie-desjardin\\\/#breadcrumb\",\"itemListElement\":[{\"@type\":\"ListItem\",\"position\":1,\"name\":\"Accueil\",\"item\":\"https:\\\/\\\/www.verdieditions.com\\\/equilibre-de-vie\\\/\"},{\"@type\":\"ListItem\",\"position\":2,\"name\":\"La boutique\",\"item\":\"https:\\\/\\\/www.verdieditions.com\\\/equilibre-de-vie\\\/boutique\\\/\"},{\"@type\":\"ListItem\",\"position\":3,\"name\":\"Initiation \u00e0 la Kin\u00e9siologie &#8211; Marie DESJARDIN\"}]},{\"@type\":\"WebSite\",\"@id\":\"https:\\\/\\\/www.verdieditions.com\\\/equilibre-de-vie\\\/#website\",\"url\":\"https:\\\/\\\/www.verdieditions.com\\\/equilibre-de-vie\\\/\",\"name\":\"Equilibre de Vie\",\"description\":\"Ma boutique livres sant\u00e9, \u00e9sot\u00e9risme et d\u00e9veloppement personnel\",\"publisher\":{\"@id\":\"https:\\\/\\\/www.verdieditions.com\\\/equilibre-de-vie\\\/#\\\/schema\\\/person\\\/9dcb2a6759f2f5fbf43ac0b44649cecb\"},\"potentialAction\":[{\"@type\":\"SearchAction\",\"target\":{\"@type\":\"EntryPoint\",\"urlTemplate\":\"https:\\\/\\\/www.verdieditions.com\\\/equilibre-de-vie\\\/?s={search_term_string}\"},\"query-input\":{\"@type\":\"PropertyValueSpecification\",\"valueRequired\":true,\"valueName\":\"search_term_string\"}}],\"inLanguage\":\"fr-FR\"},{\"@type\":[\"Person\",\"Organization\"],\"@id\":\"https:\\\/\\\/www.verdieditions.com\\\/equilibre-de-vie\\\/#\\\/schema\\\/person\\\/9dcb2a6759f2f5fbf43ac0b44649cecb\",\"name\":\"Sylvie VERDI\",\"image\":{\"@type\":\"ImageObject\",\"inLanguage\":\"fr-FR\",\"@id\":\"https:\\\/\\\/www.verdieditions.com\\\/equilibre-de-vie\\\/wp-content\\\/uploads\\\/2020\\\/04\\\/livres-occasion-sante-esoterisme-developpement-personnel-2.jpg\",\"url\":\"https:\\\/\\\/www.verdieditions.com\\\/equilibre-de-vie\\\/wp-content\\\/uploads\\\/2020\\\/04\\\/livres-occasion-sante-esoterisme-developpement-personnel-2.jpg\",\"contentUrl\":\"https:\\\/\\\/www.verdieditions.com\\\/equilibre-de-vie\\\/wp-content\\\/uploads\\\/2020\\\/04\\\/livres-occasion-sante-esoterisme-developpement-personnel-2.jpg\",\"width\":800,\"height\":572,\"caption\":\"Sylvie VERDI\"},\"logo\":{\"@id\":\"https:\\\/\\\/www.verdieditions.com\\\/equilibre-de-vie\\\/wp-content\\\/uploads\\\/2020\\\/04\\\/livres-occasion-sante-esoterisme-developpement-personnel-2.jpg\"},\"sameAs\":[\"https:\\\/\\\/www.verdieditions.com\\\/equilibre-de-vie\"]}]}<\/script>\n<!-- \/ Yoast SEO plugin. -->","yoast_head_json":{"title":"Initiation \u00e0 la Kin\u00e9siologie - Marie DESJARDIN - Equilibre de Vie","description":"Auteur : Marie DESJARDIN Titre : Initiation \u00e0 la Kin\u00e9siologie, corps, esprit, spiritualit\u00e9, bien conna\u00eetre son corps pour g\u00e9rer \u00e9motions, stress, tension\u2026 et s\u2019\u00e9panouir totalement \u2013 Corps et th\u00e9rapeutique \u00c9diteur : Trajectoires, 1999, collection Savoir pour agir Edition originale Dim. 16 x 24 240 pages","robots":{"index":"index","follow":"follow","max-snippet":"max-snippet:-1","max-image-preview":"max-image-preview:large","max-video-preview":"max-video-preview:-1"},"canonical":"https:\/\/www.verdieditions.com\/equilibre-de-vie\/produit\/initiation-kinesiologie-desjardin\/","og_locale":"fr_FR","og_type":"article","og_title":"Initiation \u00e0 la Kin\u00e9siologie - Marie DESJARDIN - Equilibre de Vie","og_description":"Auteur : Marie DESJARDIN Titre : Initiation \u00e0 la Kin\u00e9siologie, corps, esprit, spiritualit\u00e9, bien conna\u00eetre son corps pour g\u00e9rer \u00e9motions, stress, tension\u2026 et s\u2019\u00e9panouir totalement \u2013 Corps et th\u00e9rapeutique \u00c9diteur : Trajectoires, 1999, collection Savoir pour agir Edition originale Dim. 16 x 24 240 pages","og_url":"https:\/\/www.verdieditions.com\/equilibre-de-vie\/produit\/initiation-kinesiologie-desjardin\/","og_site_name":"Equilibre de Vie","article_modified_time":"2024-11-28T08:58:15+00:00","og_image":[{"width":869,"height":1278,"url":"https:\/\/www.verdieditions.com\/equilibre-de-vie\/wp-content\/uploads\/2020\/04\/Initiation-Kinesiologie-Desjardins.jpg","type":"image\/jpeg"}],"twitter_card":"summary_large_image","twitter_misc":{"Dur\u00e9e de lecture estim\u00e9e":"2 minutes"},"schema":{"@context":"https:\/\/schema.org","@graph":[{"@type":"WebPage","@id":"https:\/\/www.verdieditions.com\/equilibre-de-vie\/produit\/initiation-kinesiologie-desjardin\/","url":"https:\/\/www.verdieditions.com\/equilibre-de-vie\/produit\/initiation-kinesiologie-desjardin\/","name":"Initiation \u00e0 la Kin\u00e9siologie - Marie DESJARDIN - Equilibre de Vie","isPartOf":{"@id":"https:\/\/www.verdieditions.com\/equilibre-de-vie\/#website"},"primaryImageOfPage":{"@id":"https:\/\/www.verdieditions.com\/equilibre-de-vie\/produit\/initiation-kinesiologie-desjardin\/#primaryimage"},"image":{"@id":"https:\/\/www.verdieditions.com\/equilibre-de-vie\/produit\/initiation-kinesiologie-desjardin\/#primaryimage"},"thumbnailUrl":"https:\/\/www.verdieditions.com\/equilibre-de-vie\/wp-content\/uploads\/2020\/04\/Initiation-Kinesiologie-Desjardins.jpg","datePublished":"2020-04-23T13:17:25+00:00","dateModified":"2024-11-28T08:58:15+00:00","description":"Auteur : Marie DESJARDIN Titre : Initiation \u00e0 la Kin\u00e9siologie, corps, esprit, spiritualit\u00e9, bien conna\u00eetre son corps pour g\u00e9rer \u00e9motions, stress, tension\u2026 et s\u2019\u00e9panouir totalement \u2013 Corps et th\u00e9rapeutique \u00c9diteur : Trajectoires, 1999, collection Savoir pour agir Edition originale Dim. 16 x 24 240 pages","breadcrumb":{"@id":"https:\/\/www.verdieditions.com\/equilibre-de-vie\/produit\/initiation-kinesiologie-desjardin\/#breadcrumb"},"inLanguage":"fr-FR","potentialAction":[{"@type":"ReadAction","target":["https:\/\/www.verdieditions.com\/equilibre-de-vie\/produit\/initiation-kinesiologie-desjardin\/"]}]},{"@type":"ImageObject","inLanguage":"fr-FR","@id":"https:\/\/www.verdieditions.com\/equilibre-de-vie\/produit\/initiation-kinesiologie-desjardin\/#primaryimage","url":"https:\/\/www.verdieditions.com\/equilibre-de-vie\/wp-content\/uploads\/2020\/04\/Initiation-Kinesiologie-Desjardins.jpg","contentUrl":"https:\/\/www.verdieditions.com\/equilibre-de-vie\/wp-content\/uploads\/2020\/04\/Initiation-Kinesiologie-Desjardins.jpg","width":869,"height":1278,"caption":"Initiation-Kinesiologie-Desjardins"},{"@type":"BreadcrumbList","@id":"https:\/\/www.verdieditions.com\/equilibre-de-vie\/produit\/initiation-kinesiologie-desjardin\/#breadcrumb","itemListElement":[{"@type":"ListItem","position":1,"name":"Accueil","item":"https:\/\/www.verdieditions.com\/equilibre-de-vie\/"},{"@type":"ListItem","position":2,"name":"La boutique","item":"https:\/\/www.verdieditions.com\/equilibre-de-vie\/boutique\/"},{"@type":"ListItem","position":3,"name":"Initiation \u00e0 la Kin\u00e9siologie &#8211; Marie DESJARDIN"}]},{"@type":"WebSite","@id":"https:\/\/www.verdieditions.com\/equilibre-de-vie\/#website","url":"https:\/\/www.verdieditions.com\/equilibre-de-vie\/","name":"Equilibre de Vie","description":"Ma boutique livres sant\u00e9, \u00e9sot\u00e9risme et d\u00e9veloppement personnel","publisher":{"@id":"https:\/\/www.verdieditions.com\/equilibre-de-vie\/#\/schema\/person\/9dcb2a6759f2f5fbf43ac0b44649cecb"},"potentialAction":[{"@type":"SearchAction","target":{"@type":"EntryPoint","urlTemplate":"https:\/\/www.verdieditions.com\/equilibre-de-vie\/?s={search_term_string}"},"query-input":{"@type":"PropertyValueSpecification","valueRequired":true,"valueName":"search_term_string"}}],"inLanguage":"fr-FR"},{"@type":["Person","Organization"],"@id":"https:\/\/www.verdieditions.com\/equilibre-de-vie\/#\/schema\/person\/9dcb2a6759f2f5fbf43ac0b44649cecb","name":"Sylvie VERDI","image":{"@type":"ImageObject","inLanguage":"fr-FR","@id":"https:\/\/www.verdieditions.com\/equilibre-de-vie\/wp-content\/uploads\/2020\/04\/livres-occasion-sante-esoterisme-developpement-personnel-2.jpg","url":"https:\/\/www.verdieditions.com\/equilibre-de-vie\/wp-content\/uploads\/2020\/04\/livres-occasion-sante-esoterisme-developpement-personnel-2.jpg","contentUrl":"https:\/\/www.verdieditions.com\/equilibre-de-vie\/wp-content\/uploads\/2020\/04\/livres-occasion-sante-esoterisme-developpement-personnel-2.jpg","width":800,"height":572,"caption":"Sylvie VERDI"},"logo":{"@id":"https:\/\/www.verdieditions.com\/equilibre-de-vie\/wp-content\/uploads\/2020\/04\/livres-occasion-sante-esoterisme-developpement-personnel-2.jpg"},"sameAs":["https:\/\/www.verdieditions.com\/equilibre-de-vie"]}]}},"_links":{"self":[{"href":"https:\/\/www.verdieditions.com\/equilibre-de-vie\/wp-json\/wp\/v2\/product\/286","targetHints":{"allow":["GET"]}}],"collection":[{"href":"https:\/\/www.verdieditions.com\/equilibre-de-vie\/wp-json\/wp\/v2\/product"}],"about":[{"href":"https:\/\/www.verdieditions.com\/equilibre-de-vie\/wp-json\/wp\/v2\/types\/product"}],"wp:featuredmedia":[{"embeddable":true,"href":"https:\/\/www.verdieditions.com\/equilibre-de-vie\/wp-json\/wp\/v2\/media\/287"}],"wp:attachment":[{"href":"https:\/\/www.verdieditions.com\/equilibre-de-vie\/wp-json\/wp\/v2\/media?parent=286"}],"wp:term":[{"taxonomy":"product_brand","embeddable":true,"href":"https:\/\/www.verdieditions.com\/equilibre-de-vie\/wp-json\/wp\/v2\/product_brand?post=286"},{"taxonomy":"product_cat","embeddable":true,"href":"https:\/\/www.verdieditions.com\/equilibre-de-vie\/wp-json\/wp\/v2\/product_cat?post=286"},{"taxonomy":"product_tag","embeddable":true,"href":"https:\/\/www.verdieditions.com\/equilibre-de-vie\/wp-json\/wp\/v2\/product_tag?post=286"}],"curies":[{"name":"wp","href":"https:\/\/api.w.org\/{rel}","templated":true}]}}