{"id":274,"date":"2020-04-23T14:33:34","date_gmt":"2020-04-23T12:33:34","guid":{"rendered":"https:\/\/www.verdieditions.com\/equilibre-de-vie\/?post_type=product&#038;p=274"},"modified":"2024-02-06T12:37:54","modified_gmt":"2024-02-06T11:37:54","slug":"anges-gardent-assistent-perrot","status":"publish","type":"product","link":"https:\/\/www.verdieditions.com\/equilibre-de-vie\/produit\/anges-gardent-assistent-perrot\/","title":{"rendered":"Ces anges qui nous gardent et nous assistent &#8211; Pascal PERROT"},"content":{"rendered":"<p>Auteur : Pascal PERROT<br \/>\nTitre : Ces anges qui nous gardent et nous assistent<br \/>\n\u00c9diteur : Pierre de soleil, 2001, Collection Tout savoir sur&#8230;<br \/>\nDim. 22 x 15<br \/>\n246 pages<\/p>\n<p>Qui donc sont les Anges, et sp\u00e9cialement les Anges Gardiens, les Archanges, les S\u00e9raphins, les Ch\u00e9rubins ? La tradition chr\u00e9tienne, qui a puis\u00e9 son inspiration aupr\u00e8s des Assyriens (voir les g\u00e9nies ail\u00e9s), s&rsquo;appuie sur quelques textes fondamentaux : l&rsquo;Apocalypse de saint Jean, le Livre d&rsquo;Enoch, la Hi\u00e9rarchie c\u00e9leste de Denys l&rsquo;Ar\u00e9opagyte et enfin Mo\u00efse de L\u00e9on, l&rsquo;auteur des c\u00e9l\u00e8bres classifications kabbalistiques des soixante-douze Anges. Une hi\u00e9rarchie c\u00e9leste s&rsquo;est ainsi \u00e9tablie au cours de l&rsquo;histoire. Comment donc communiquer avec ces messagers divins ? Il s&rsquo;agit d&rsquo;un acte \u00e0 la port\u00e9e de tous mais qui demande une capacit\u00e9 d&rsquo;attention infinie. L&rsquo;auteur d\u00e9veloppe les m\u00e9thodes \u00e9prouv\u00e9es pour \u00e9tablir le contact (position couch\u00e9e ou assise, mains ouvertes tendues vers le ciel, r\u00f4le des bougies et de l&rsquo;encens, modifications de l&rsquo;environnement physique, pri\u00e8res&#8230;). Quant aux p\u00e9riodes les plus fastes, elles sont dict\u00e9es par le calendrier zodiacal et sont donc fonction de votre signe. Les r\u00f4les de chacun des soixante-douze anges sont ici parfaitement d\u00e9crits et il convient de s&rsquo;adresser au bon Ange. Mais rien n&rsquo;est plus essentiel que de bien se pr\u00e9parer \u00e0 la rencontre avec l&rsquo;Ange, que de prier seulement pour des causes importantes, que de le faire avec sinc\u00e9rit\u00e9 et r\u00e9guli\u00e8rement, enfin que d&rsquo;avoir une d\u00e9marche altruiste dans ses invocations.<\/p>\n","protected":false},"excerpt":{"rendered":"<p>Auteur : Pascal PERROT<br \/>\nTitre : Ces anges qui nous gardent et nous assistent<br \/>\n\u00c9diteur : Pierre de soleil, 2001, Collection Tout savoir sur&#8230;<br \/>\nDim. 22 x 15<br \/>\n246 pages<\/p>\n","protected":false},"featured_media":275,"template":"","meta":[],"product_brand":[],"product_cat":[23],"product_tag":[31,141,180],"class_list":{"0":"post-274","1":"product","2":"type-product","3":"status-publish","4":"has-post-thumbnail","6":"product_cat-esoterisme","7":"product_tag-anges","8":"product_tag-religion","9":"product_tag-zodiaque","11":"first","12":"instock","13":"shipping-taxable","14":"product-type-simple"},"yoast_head":"<!-- This site is optimized with the Yoast SEO plugin v27.4 - https:\/\/yoast.com\/product\/yoast-seo-wordpress\/ -->\n<title>Ces anges qui nous gardent et nous assistent - Pascal PERROT - Equilibre de Vie<\/title>\n<meta name=\"description\" content=\"Auteur : Pascal PERROT Titre : Ces anges qui nous gardent et nous assistent \u00c9diteur : Pierre de soleil, 2001, Collection Tout savoir sur\u2026 Dim. 22 x 15 246 pages\" \/>\n<meta name=\"robots\" content=\"index, follow, max-snippet:-1, max-image-preview:large, max-video-preview:-1\" \/>\n<link rel=\"canonical\" href=\"https:\/\/www.verdieditions.com\/equilibre-de-vie\/produit\/anges-gardent-assistent-perrot\/\" \/>\n<meta property=\"og:locale\" content=\"fr_FR\" \/>\n<meta property=\"og:type\" content=\"article\" \/>\n<meta property=\"og:title\" content=\"Ces anges qui nous gardent et nous assistent - Pascal PERROT - Equilibre de Vie\" \/>\n<meta property=\"og:description\" content=\"Auteur : Pascal PERROT Titre : Ces anges qui nous gardent et nous assistent \u00c9diteur : Pierre de soleil, 2001, Collection Tout savoir sur\u2026 Dim. 22 x 15 246 pages\" \/>\n<meta property=\"og:url\" content=\"https:\/\/www.verdieditions.com\/equilibre-de-vie\/produit\/anges-gardent-assistent-perrot\/\" \/>\n<meta property=\"og:site_name\" content=\"Equilibre de Vie\" \/>\n<meta property=\"article:modified_time\" content=\"2024-02-06T11:37:54+00:00\" \/>\n<meta property=\"og:image\" content=\"https:\/\/www.verdieditions.com\/equilibre-de-vie\/wp-content\/uploads\/2020\/04\/Anges-assistent-Perrot.jpg\" \/>\n\t<meta property=\"og:image:width\" content=\"801\" \/>\n\t<meta property=\"og:image:height\" content=\"1160\" \/>\n\t<meta property=\"og:image:type\" content=\"image\/jpeg\" \/>\n<meta name=\"twitter:card\" content=\"summary_large_image\" \/>\n<meta name=\"twitter:label1\" content=\"Dur\u00e9e de lecture estim\u00e9e\" \/>\n\t<meta name=\"twitter:data1\" content=\"1 minute\" \/>\n<script type=\"application\/ld+json\" class=\"yoast-schema-graph\">{\"@context\":\"https:\\\/\\\/schema.org\",\"@graph\":[{\"@type\":\"WebPage\",\"@id\":\"https:\\\/\\\/www.verdieditions.com\\\/equilibre-de-vie\\\/produit\\\/anges-gardent-assistent-perrot\\\/\",\"url\":\"https:\\\/\\\/www.verdieditions.com\\\/equilibre-de-vie\\\/produit\\\/anges-gardent-assistent-perrot\\\/\",\"name\":\"Ces anges qui nous gardent et nous assistent - Pascal PERROT - Equilibre de Vie\",\"isPartOf\":{\"@id\":\"https:\\\/\\\/www.verdieditions.com\\\/equilibre-de-vie\\\/#website\"},\"primaryImageOfPage\":{\"@id\":\"https:\\\/\\\/www.verdieditions.com\\\/equilibre-de-vie\\\/produit\\\/anges-gardent-assistent-perrot\\\/#primaryimage\"},\"image\":{\"@id\":\"https:\\\/\\\/www.verdieditions.com\\\/equilibre-de-vie\\\/produit\\\/anges-gardent-assistent-perrot\\\/#primaryimage\"},\"thumbnailUrl\":\"https:\\\/\\\/www.verdieditions.com\\\/equilibre-de-vie\\\/wp-content\\\/uploads\\\/2020\\\/04\\\/Anges-assistent-Perrot.jpg\",\"datePublished\":\"2020-04-23T12:33:34+00:00\",\"dateModified\":\"2024-02-06T11:37:54+00:00\",\"description\":\"Auteur : Pascal PERROT Titre : Ces anges qui nous gardent et nous assistent \u00c9diteur : Pierre de soleil, 2001, Collection Tout savoir sur\u2026 Dim. 22 x 15 246 pages\",\"breadcrumb\":{\"@id\":\"https:\\\/\\\/www.verdieditions.com\\\/equilibre-de-vie\\\/produit\\\/anges-gardent-assistent-perrot\\\/#breadcrumb\"},\"inLanguage\":\"fr-FR\",\"potentialAction\":[{\"@type\":\"ReadAction\",\"target\":[\"https:\\\/\\\/www.verdieditions.com\\\/equilibre-de-vie\\\/produit\\\/anges-gardent-assistent-perrot\\\/\"]}]},{\"@type\":\"ImageObject\",\"inLanguage\":\"fr-FR\",\"@id\":\"https:\\\/\\\/www.verdieditions.com\\\/equilibre-de-vie\\\/produit\\\/anges-gardent-assistent-perrot\\\/#primaryimage\",\"url\":\"https:\\\/\\\/www.verdieditions.com\\\/equilibre-de-vie\\\/wp-content\\\/uploads\\\/2020\\\/04\\\/Anges-assistent-Perrot.jpg\",\"contentUrl\":\"https:\\\/\\\/www.verdieditions.com\\\/equilibre-de-vie\\\/wp-content\\\/uploads\\\/2020\\\/04\\\/Anges-assistent-Perrot.jpg\",\"width\":801,\"height\":1160,\"caption\":\"Anges-assistent-Perrot\"},{\"@type\":\"BreadcrumbList\",\"@id\":\"https:\\\/\\\/www.verdieditions.com\\\/equilibre-de-vie\\\/produit\\\/anges-gardent-assistent-perrot\\\/#breadcrumb\",\"itemListElement\":[{\"@type\":\"ListItem\",\"position\":1,\"name\":\"Accueil\",\"item\":\"https:\\\/\\\/www.verdieditions.com\\\/equilibre-de-vie\\\/\"},{\"@type\":\"ListItem\",\"position\":2,\"name\":\"La boutique\",\"item\":\"https:\\\/\\\/www.verdieditions.com\\\/equilibre-de-vie\\\/boutique\\\/\"},{\"@type\":\"ListItem\",\"position\":3,\"name\":\"Ces anges qui nous gardent et nous assistent &#8211; Pascal PERROT\"}]},{\"@type\":\"WebSite\",\"@id\":\"https:\\\/\\\/www.verdieditions.com\\\/equilibre-de-vie\\\/#website\",\"url\":\"https:\\\/\\\/www.verdieditions.com\\\/equilibre-de-vie\\\/\",\"name\":\"Equilibre de Vie\",\"description\":\"Ma boutique livres sant\u00e9, \u00e9sot\u00e9risme et d\u00e9veloppement personnel\",\"publisher\":{\"@id\":\"https:\\\/\\\/www.verdieditions.com\\\/equilibre-de-vie\\\/#\\\/schema\\\/person\\\/9dcb2a6759f2f5fbf43ac0b44649cecb\"},\"potentialAction\":[{\"@type\":\"SearchAction\",\"target\":{\"@type\":\"EntryPoint\",\"urlTemplate\":\"https:\\\/\\\/www.verdieditions.com\\\/equilibre-de-vie\\\/?s={search_term_string}\"},\"query-input\":{\"@type\":\"PropertyValueSpecification\",\"valueRequired\":true,\"valueName\":\"search_term_string\"}}],\"inLanguage\":\"fr-FR\"},{\"@type\":[\"Person\",\"Organization\"],\"@id\":\"https:\\\/\\\/www.verdieditions.com\\\/equilibre-de-vie\\\/#\\\/schema\\\/person\\\/9dcb2a6759f2f5fbf43ac0b44649cecb\",\"name\":\"Sylvie VERDI\",\"image\":{\"@type\":\"ImageObject\",\"inLanguage\":\"fr-FR\",\"@id\":\"https:\\\/\\\/www.verdieditions.com\\\/equilibre-de-vie\\\/wp-content\\\/uploads\\\/2020\\\/04\\\/livres-occasion-sante-esoterisme-developpement-personnel-2.jpg\",\"url\":\"https:\\\/\\\/www.verdieditions.com\\\/equilibre-de-vie\\\/wp-content\\\/uploads\\\/2020\\\/04\\\/livres-occasion-sante-esoterisme-developpement-personnel-2.jpg\",\"contentUrl\":\"https:\\\/\\\/www.verdieditions.com\\\/equilibre-de-vie\\\/wp-content\\\/uploads\\\/2020\\\/04\\\/livres-occasion-sante-esoterisme-developpement-personnel-2.jpg\",\"width\":800,\"height\":572,\"caption\":\"Sylvie VERDI\"},\"logo\":{\"@id\":\"https:\\\/\\\/www.verdieditions.com\\\/equilibre-de-vie\\\/wp-content\\\/uploads\\\/2020\\\/04\\\/livres-occasion-sante-esoterisme-developpement-personnel-2.jpg\"},\"sameAs\":[\"https:\\\/\\\/www.verdieditions.com\\\/equilibre-de-vie\"]}]}<\/script>\n<!-- \/ Yoast SEO plugin. -->","yoast_head_json":{"title":"Ces anges qui nous gardent et nous assistent - Pascal PERROT - Equilibre de Vie","description":"Auteur : Pascal PERROT Titre : Ces anges qui nous gardent et nous assistent \u00c9diteur : Pierre de soleil, 2001, Collection Tout savoir sur\u2026 Dim. 22 x 15 246 pages","robots":{"index":"index","follow":"follow","max-snippet":"max-snippet:-1","max-image-preview":"max-image-preview:large","max-video-preview":"max-video-preview:-1"},"canonical":"https:\/\/www.verdieditions.com\/equilibre-de-vie\/produit\/anges-gardent-assistent-perrot\/","og_locale":"fr_FR","og_type":"article","og_title":"Ces anges qui nous gardent et nous assistent - Pascal PERROT - Equilibre de Vie","og_description":"Auteur : Pascal PERROT Titre : Ces anges qui nous gardent et nous assistent \u00c9diteur : Pierre de soleil, 2001, Collection Tout savoir sur\u2026 Dim. 22 x 15 246 pages","og_url":"https:\/\/www.verdieditions.com\/equilibre-de-vie\/produit\/anges-gardent-assistent-perrot\/","og_site_name":"Equilibre de Vie","article_modified_time":"2024-02-06T11:37:54+00:00","og_image":[{"width":801,"height":1160,"url":"https:\/\/www.verdieditions.com\/equilibre-de-vie\/wp-content\/uploads\/2020\/04\/Anges-assistent-Perrot.jpg","type":"image\/jpeg"}],"twitter_card":"summary_large_image","twitter_misc":{"Dur\u00e9e de lecture estim\u00e9e":"1 minute"},"schema":{"@context":"https:\/\/schema.org","@graph":[{"@type":"WebPage","@id":"https:\/\/www.verdieditions.com\/equilibre-de-vie\/produit\/anges-gardent-assistent-perrot\/","url":"https:\/\/www.verdieditions.com\/equilibre-de-vie\/produit\/anges-gardent-assistent-perrot\/","name":"Ces anges qui nous gardent et nous assistent - Pascal PERROT - Equilibre de Vie","isPartOf":{"@id":"https:\/\/www.verdieditions.com\/equilibre-de-vie\/#website"},"primaryImageOfPage":{"@id":"https:\/\/www.verdieditions.com\/equilibre-de-vie\/produit\/anges-gardent-assistent-perrot\/#primaryimage"},"image":{"@id":"https:\/\/www.verdieditions.com\/equilibre-de-vie\/produit\/anges-gardent-assistent-perrot\/#primaryimage"},"thumbnailUrl":"https:\/\/www.verdieditions.com\/equilibre-de-vie\/wp-content\/uploads\/2020\/04\/Anges-assistent-Perrot.jpg","datePublished":"2020-04-23T12:33:34+00:00","dateModified":"2024-02-06T11:37:54+00:00","description":"Auteur : Pascal PERROT Titre : Ces anges qui nous gardent et nous assistent \u00c9diteur : Pierre de soleil, 2001, Collection Tout savoir sur\u2026 Dim. 22 x 15 246 pages","breadcrumb":{"@id":"https:\/\/www.verdieditions.com\/equilibre-de-vie\/produit\/anges-gardent-assistent-perrot\/#breadcrumb"},"inLanguage":"fr-FR","potentialAction":[{"@type":"ReadAction","target":["https:\/\/www.verdieditions.com\/equilibre-de-vie\/produit\/anges-gardent-assistent-perrot\/"]}]},{"@type":"ImageObject","inLanguage":"fr-FR","@id":"https:\/\/www.verdieditions.com\/equilibre-de-vie\/produit\/anges-gardent-assistent-perrot\/#primaryimage","url":"https:\/\/www.verdieditions.com\/equilibre-de-vie\/wp-content\/uploads\/2020\/04\/Anges-assistent-Perrot.jpg","contentUrl":"https:\/\/www.verdieditions.com\/equilibre-de-vie\/wp-content\/uploads\/2020\/04\/Anges-assistent-Perrot.jpg","width":801,"height":1160,"caption":"Anges-assistent-Perrot"},{"@type":"BreadcrumbList","@id":"https:\/\/www.verdieditions.com\/equilibre-de-vie\/produit\/anges-gardent-assistent-perrot\/#breadcrumb","itemListElement":[{"@type":"ListItem","position":1,"name":"Accueil","item":"https:\/\/www.verdieditions.com\/equilibre-de-vie\/"},{"@type":"ListItem","position":2,"name":"La boutique","item":"https:\/\/www.verdieditions.com\/equilibre-de-vie\/boutique\/"},{"@type":"ListItem","position":3,"name":"Ces anges qui nous gardent et nous assistent &#8211; Pascal PERROT"}]},{"@type":"WebSite","@id":"https:\/\/www.verdieditions.com\/equilibre-de-vie\/#website","url":"https:\/\/www.verdieditions.com\/equilibre-de-vie\/","name":"Equilibre de Vie","description":"Ma boutique livres sant\u00e9, \u00e9sot\u00e9risme et d\u00e9veloppement personnel","publisher":{"@id":"https:\/\/www.verdieditions.com\/equilibre-de-vie\/#\/schema\/person\/9dcb2a6759f2f5fbf43ac0b44649cecb"},"potentialAction":[{"@type":"SearchAction","target":{"@type":"EntryPoint","urlTemplate":"https:\/\/www.verdieditions.com\/equilibre-de-vie\/?s={search_term_string}"},"query-input":{"@type":"PropertyValueSpecification","valueRequired":true,"valueName":"search_term_string"}}],"inLanguage":"fr-FR"},{"@type":["Person","Organization"],"@id":"https:\/\/www.verdieditions.com\/equilibre-de-vie\/#\/schema\/person\/9dcb2a6759f2f5fbf43ac0b44649cecb","name":"Sylvie VERDI","image":{"@type":"ImageObject","inLanguage":"fr-FR","@id":"https:\/\/www.verdieditions.com\/equilibre-de-vie\/wp-content\/uploads\/2020\/04\/livres-occasion-sante-esoterisme-developpement-personnel-2.jpg","url":"https:\/\/www.verdieditions.com\/equilibre-de-vie\/wp-content\/uploads\/2020\/04\/livres-occasion-sante-esoterisme-developpement-personnel-2.jpg","contentUrl":"https:\/\/www.verdieditions.com\/equilibre-de-vie\/wp-content\/uploads\/2020\/04\/livres-occasion-sante-esoterisme-developpement-personnel-2.jpg","width":800,"height":572,"caption":"Sylvie VERDI"},"logo":{"@id":"https:\/\/www.verdieditions.com\/equilibre-de-vie\/wp-content\/uploads\/2020\/04\/livres-occasion-sante-esoterisme-developpement-personnel-2.jpg"},"sameAs":["https:\/\/www.verdieditions.com\/equilibre-de-vie"]}]}},"_links":{"self":[{"href":"https:\/\/www.verdieditions.com\/equilibre-de-vie\/wp-json\/wp\/v2\/product\/274","targetHints":{"allow":["GET"]}}],"collection":[{"href":"https:\/\/www.verdieditions.com\/equilibre-de-vie\/wp-json\/wp\/v2\/product"}],"about":[{"href":"https:\/\/www.verdieditions.com\/equilibre-de-vie\/wp-json\/wp\/v2\/types\/product"}],"wp:featuredmedia":[{"embeddable":true,"href":"https:\/\/www.verdieditions.com\/equilibre-de-vie\/wp-json\/wp\/v2\/media\/275"}],"wp:attachment":[{"href":"https:\/\/www.verdieditions.com\/equilibre-de-vie\/wp-json\/wp\/v2\/media?parent=274"}],"wp:term":[{"taxonomy":"product_brand","embeddable":true,"href":"https:\/\/www.verdieditions.com\/equilibre-de-vie\/wp-json\/wp\/v2\/product_brand?post=274"},{"taxonomy":"product_cat","embeddable":true,"href":"https:\/\/www.verdieditions.com\/equilibre-de-vie\/wp-json\/wp\/v2\/product_cat?post=274"},{"taxonomy":"product_tag","embeddable":true,"href":"https:\/\/www.verdieditions.com\/equilibre-de-vie\/wp-json\/wp\/v2\/product_tag?post=274"}],"curies":[{"name":"wp","href":"https:\/\/api.w.org\/{rel}","templated":true}]}}