{"id":255,"date":"2020-04-23T13:47:36","date_gmt":"2020-04-23T11:47:36","guid":{"rendered":"https:\/\/www.verdieditions.com\/equilibre-de-vie\/?post_type=product&#038;p=255"},"modified":"2022-03-18T19:34:54","modified_gmt":"2022-03-18T18:34:54","slug":"reincarnation-karma-besant","status":"publish","type":"product","link":"https:\/\/www.verdieditions.com\/equilibre-de-vie\/produit\/reincarnation-karma-besant\/","title":{"rendered":"R\u00e9incarnation Karma &#8211; Annie BESANT"},"content":{"rendered":"<p>Auteur : Annie BESANT<br \/>\nTitre : R\u00e9incarnation Karma<br \/>\n\u00c9diteur : Adyar, 1979<br \/>\nEdition originale<br \/>\nNote : couverture ab\u00eem\u00e9e par petite \u00e9tiquette en haut \u00e0 droite<br \/>\nDim. 15 x 21<br \/>\n188 pages<\/p>\n<p>L\u2019homme n\u2019est ni impuissant, ni contr\u00f4l\u00e9 par une Force Ext\u00e9rieure qui le gouvernerait sans qu\u2019il puisse s\u2019y opposer. Le principe du karma nous enseigne qu\u2019il s\u2019agit exactement du contraire : car, en effet, cette Force, lorsqu\u2019elle v\u00e9ritablement comprise, nous ob\u00e9it et nous conduit l\u00e0 o\u00f9 nous voulons v\u00e9ritablement aller.<br \/>\nQu\u2019est-ce-que le Karma ? De quels instruments l\u2019homme dispose-t-il pour fa\u00e7onner son propre destin ? Comment pouvons-nous nous \u00e9manciper des forces qui nous retiennent prisonniers et acc\u00e9der \u00e0 un \u00e9tat de s\u00e9r\u00e9nit\u00e9 parfaite et de courage in\u00e9branlable ?<br \/>\nDans ce livre, Annie Besant apporte des r\u00e9ponses \u00e0 toutes ces questions, ainsi qu\u2019\u00e0 beaucoup d\u2019autres ; et elle le fait avec la pr\u00e9venance et la simplicit\u00e9 de quelqu\u2019un qui s\u2019adresse \u00e0 des hommes et des femmes du commun, d\u00e9sireux de comprendre, de conna\u00eetre et d\u2019agir dans le sens d\u2019une transformation et d\u2019une am\u00e9lioration d\u2019eux-m\u00eames et du monde.<br \/>\nLes propos de cette femme extraordinaire sont de pr\u00e9cieux guides qui permettent au lecteur d\u2019aujourd\u2019hui de s\u2019orienter dans le monde, en m\u00eame temps qu\u2019ils frappent \u00e0 la fois de par l\u2019actualit\u00e9 des th\u00e8mes qu\u2019ils abordent que de par l\u2019universalit\u00e9 du message qu\u2019ils cherchent \u00e0 transmettre.<br \/>\nNous vivons en effet dans une soci\u00e9t\u00e9 \u00e9prouv\u00e9e par des catastrophes naturelles, par des d\u00e9lits atroces et apparemment inexplicables, et dans laquelle dominent l\u2019\u00e9go\u00efsme et la soif de richesses mat\u00e9rielles.<br \/>\nLe fait de comprendre la Loi du Karma, ainsi que le rapport existant entre la dimension humaine et la dimension cosmico-universelle, nous permet de trouver des explications profondes aux ph\u00e9nom\u00e8nes, en m\u00eame temps que d\u2019\u00eatre en mesure de voir s\u2019esquisser des voies concr\u00e8tes menant \u00e0 la construction d\u2019un destin \u00e0 la fois individuel et collectif charg\u00e9 d\u2019espoir et de valeurs positives.<br \/>\nEn effet, la connaissance et la compr\u00e9hension profonde de cette m\u00eame loi nous permet d\u2019inscrire et d\u2019interpr\u00e9ter les \u00e9v\u00e9nements singuliers que nous vivons individuellement dans un cadre existentiel plus large dont le d\u00e9roulement a lieu au sein de plusieurs r\u00e9incarnations successives.<br \/>\nUn livre \u00e0 conseiller donc \u00e0 tous ceux qui souhaitent conna\u00eetre les lois universelles et vivre en harmonie avec elles, afin de devenir les artisans de leur propre destin et, par cons\u00e9quent, de cheminer \u00e0 grands pas sur la voie de la r\u00e9alisation et du bonheur.<\/p>\n","protected":false},"excerpt":{"rendered":"<p>Auteur : Annie BESANT<br \/>\nTitre : R\u00e9incarnation Karma<br \/>\n\u00c9diteur : Adyar, 1979<br \/>\nEdition originale<br \/>\nDim. 15 x 21<br \/>\n188 pages<\/p>\n","protected":false},"featured_media":256,"template":"","meta":[],"product_brand":[],"product_cat":[23],"product_tag":[41,85,86,193,138,172],"class_list":{"0":"post-255","1":"product","2":"type-product","3":"status-publish","4":"has-post-thumbnail","6":"product_cat-esoterisme","7":"product_tag-bouddhisme","8":"product_tag-karma","9":"product_tag-karmique","10":"product_tag-paranormal","11":"product_tag-reincarnation","12":"product_tag-vie-anterieure","14":"first","15":"outofstock","16":"shipping-taxable","17":"product-type-simple"},"yoast_head":"<!-- This site is optimized with the Yoast SEO plugin v27.4 - https:\/\/yoast.com\/product\/yoast-seo-wordpress\/ -->\n<title>R\u00e9incarnation Karma - Annie BESANT - Equilibre de Vie<\/title>\n<meta name=\"description\" content=\"Auteur : Annie BESANT Titre : R\u00e9incarnation Karma \u00c9diteur : Adyar, 1979 Edition originale Dim. 15 x 21 188 pages\" \/>\n<meta name=\"robots\" content=\"index, follow, max-snippet:-1, max-image-preview:large, max-video-preview:-1\" \/>\n<link rel=\"canonical\" href=\"https:\/\/www.verdieditions.com\/equilibre-de-vie\/produit\/reincarnation-karma-besant\/\" \/>\n<meta property=\"og:locale\" content=\"fr_FR\" \/>\n<meta property=\"og:type\" content=\"article\" \/>\n<meta property=\"og:title\" content=\"R\u00e9incarnation Karma - Annie BESANT - Equilibre de Vie\" \/>\n<meta property=\"og:description\" content=\"Auteur : Annie BESANT Titre : R\u00e9incarnation Karma \u00c9diteur : Adyar, 1979 Edition originale Dim. 15 x 21 188 pages\" \/>\n<meta property=\"og:url\" content=\"https:\/\/www.verdieditions.com\/equilibre-de-vie\/produit\/reincarnation-karma-besant\/\" \/>\n<meta property=\"og:site_name\" content=\"Equilibre de Vie\" \/>\n<meta property=\"article:modified_time\" content=\"2022-03-18T18:34:54+00:00\" \/>\n<meta property=\"og:image\" content=\"https:\/\/www.verdieditions.com\/equilibre-de-vie\/wp-content\/uploads\/2020\/04\/Reincarnation-karma-Besant.jpg\" \/>\n\t<meta property=\"og:image:width\" content=\"857\" \/>\n\t<meta property=\"og:image:height\" content=\"1198\" \/>\n\t<meta property=\"og:image:type\" content=\"image\/jpeg\" \/>\n<meta name=\"twitter:card\" content=\"summary_large_image\" \/>\n<meta name=\"twitter:label1\" content=\"Dur\u00e9e de lecture estim\u00e9e\" \/>\n\t<meta name=\"twitter:data1\" content=\"2 minutes\" \/>\n<script type=\"application\/ld+json\" class=\"yoast-schema-graph\">{\"@context\":\"https:\\\/\\\/schema.org\",\"@graph\":[{\"@type\":\"WebPage\",\"@id\":\"https:\\\/\\\/www.verdieditions.com\\\/equilibre-de-vie\\\/produit\\\/reincarnation-karma-besant\\\/\",\"url\":\"https:\\\/\\\/www.verdieditions.com\\\/equilibre-de-vie\\\/produit\\\/reincarnation-karma-besant\\\/\",\"name\":\"R\u00e9incarnation Karma - Annie BESANT - Equilibre de Vie\",\"isPartOf\":{\"@id\":\"https:\\\/\\\/www.verdieditions.com\\\/equilibre-de-vie\\\/#website\"},\"primaryImageOfPage\":{\"@id\":\"https:\\\/\\\/www.verdieditions.com\\\/equilibre-de-vie\\\/produit\\\/reincarnation-karma-besant\\\/#primaryimage\"},\"image\":{\"@id\":\"https:\\\/\\\/www.verdieditions.com\\\/equilibre-de-vie\\\/produit\\\/reincarnation-karma-besant\\\/#primaryimage\"},\"thumbnailUrl\":\"https:\\\/\\\/www.verdieditions.com\\\/equilibre-de-vie\\\/wp-content\\\/uploads\\\/2020\\\/04\\\/Reincarnation-karma-Besant.jpg\",\"datePublished\":\"2020-04-23T11:47:36+00:00\",\"dateModified\":\"2022-03-18T18:34:54+00:00\",\"description\":\"Auteur : Annie BESANT Titre : R\u00e9incarnation Karma \u00c9diteur : Adyar, 1979 Edition originale Dim. 15 x 21 188 pages\",\"breadcrumb\":{\"@id\":\"https:\\\/\\\/www.verdieditions.com\\\/equilibre-de-vie\\\/produit\\\/reincarnation-karma-besant\\\/#breadcrumb\"},\"inLanguage\":\"fr-FR\",\"potentialAction\":[{\"@type\":\"ReadAction\",\"target\":[\"https:\\\/\\\/www.verdieditions.com\\\/equilibre-de-vie\\\/produit\\\/reincarnation-karma-besant\\\/\"]}]},{\"@type\":\"ImageObject\",\"inLanguage\":\"fr-FR\",\"@id\":\"https:\\\/\\\/www.verdieditions.com\\\/equilibre-de-vie\\\/produit\\\/reincarnation-karma-besant\\\/#primaryimage\",\"url\":\"https:\\\/\\\/www.verdieditions.com\\\/equilibre-de-vie\\\/wp-content\\\/uploads\\\/2020\\\/04\\\/Reincarnation-karma-Besant.jpg\",\"contentUrl\":\"https:\\\/\\\/www.verdieditions.com\\\/equilibre-de-vie\\\/wp-content\\\/uploads\\\/2020\\\/04\\\/Reincarnation-karma-Besant.jpg\",\"width\":857,\"height\":1198,\"caption\":\"Reincarnation-karma-Besant\"},{\"@type\":\"BreadcrumbList\",\"@id\":\"https:\\\/\\\/www.verdieditions.com\\\/equilibre-de-vie\\\/produit\\\/reincarnation-karma-besant\\\/#breadcrumb\",\"itemListElement\":[{\"@type\":\"ListItem\",\"position\":1,\"name\":\"Accueil\",\"item\":\"https:\\\/\\\/www.verdieditions.com\\\/equilibre-de-vie\\\/\"},{\"@type\":\"ListItem\",\"position\":2,\"name\":\"La boutique\",\"item\":\"https:\\\/\\\/www.verdieditions.com\\\/equilibre-de-vie\\\/boutique\\\/\"},{\"@type\":\"ListItem\",\"position\":3,\"name\":\"R\u00e9incarnation Karma &#8211; Annie BESANT\"}]},{\"@type\":\"WebSite\",\"@id\":\"https:\\\/\\\/www.verdieditions.com\\\/equilibre-de-vie\\\/#website\",\"url\":\"https:\\\/\\\/www.verdieditions.com\\\/equilibre-de-vie\\\/\",\"name\":\"Equilibre de Vie\",\"description\":\"Ma boutique livres sant\u00e9, \u00e9sot\u00e9risme et d\u00e9veloppement personnel\",\"publisher\":{\"@id\":\"https:\\\/\\\/www.verdieditions.com\\\/equilibre-de-vie\\\/#\\\/schema\\\/person\\\/9dcb2a6759f2f5fbf43ac0b44649cecb\"},\"potentialAction\":[{\"@type\":\"SearchAction\",\"target\":{\"@type\":\"EntryPoint\",\"urlTemplate\":\"https:\\\/\\\/www.verdieditions.com\\\/equilibre-de-vie\\\/?s={search_term_string}\"},\"query-input\":{\"@type\":\"PropertyValueSpecification\",\"valueRequired\":true,\"valueName\":\"search_term_string\"}}],\"inLanguage\":\"fr-FR\"},{\"@type\":[\"Person\",\"Organization\"],\"@id\":\"https:\\\/\\\/www.verdieditions.com\\\/equilibre-de-vie\\\/#\\\/schema\\\/person\\\/9dcb2a6759f2f5fbf43ac0b44649cecb\",\"name\":\"Sylvie VERDI\",\"image\":{\"@type\":\"ImageObject\",\"inLanguage\":\"fr-FR\",\"@id\":\"https:\\\/\\\/www.verdieditions.com\\\/equilibre-de-vie\\\/wp-content\\\/uploads\\\/2020\\\/04\\\/livres-occasion-sante-esoterisme-developpement-personnel-2.jpg\",\"url\":\"https:\\\/\\\/www.verdieditions.com\\\/equilibre-de-vie\\\/wp-content\\\/uploads\\\/2020\\\/04\\\/livres-occasion-sante-esoterisme-developpement-personnel-2.jpg\",\"contentUrl\":\"https:\\\/\\\/www.verdieditions.com\\\/equilibre-de-vie\\\/wp-content\\\/uploads\\\/2020\\\/04\\\/livres-occasion-sante-esoterisme-developpement-personnel-2.jpg\",\"width\":800,\"height\":572,\"caption\":\"Sylvie VERDI\"},\"logo\":{\"@id\":\"https:\\\/\\\/www.verdieditions.com\\\/equilibre-de-vie\\\/wp-content\\\/uploads\\\/2020\\\/04\\\/livres-occasion-sante-esoterisme-developpement-personnel-2.jpg\"},\"sameAs\":[\"https:\\\/\\\/www.verdieditions.com\\\/equilibre-de-vie\"]}]}<\/script>\n<!-- \/ Yoast SEO plugin. -->","yoast_head_json":{"title":"R\u00e9incarnation Karma - Annie BESANT - Equilibre de Vie","description":"Auteur : Annie BESANT Titre : R\u00e9incarnation Karma \u00c9diteur : Adyar, 1979 Edition originale Dim. 15 x 21 188 pages","robots":{"index":"index","follow":"follow","max-snippet":"max-snippet:-1","max-image-preview":"max-image-preview:large","max-video-preview":"max-video-preview:-1"},"canonical":"https:\/\/www.verdieditions.com\/equilibre-de-vie\/produit\/reincarnation-karma-besant\/","og_locale":"fr_FR","og_type":"article","og_title":"R\u00e9incarnation Karma - Annie BESANT - Equilibre de Vie","og_description":"Auteur : Annie BESANT Titre : R\u00e9incarnation Karma \u00c9diteur : Adyar, 1979 Edition originale Dim. 15 x 21 188 pages","og_url":"https:\/\/www.verdieditions.com\/equilibre-de-vie\/produit\/reincarnation-karma-besant\/","og_site_name":"Equilibre de Vie","article_modified_time":"2022-03-18T18:34:54+00:00","og_image":[{"width":857,"height":1198,"url":"https:\/\/www.verdieditions.com\/equilibre-de-vie\/wp-content\/uploads\/2020\/04\/Reincarnation-karma-Besant.jpg","type":"image\/jpeg"}],"twitter_card":"summary_large_image","twitter_misc":{"Dur\u00e9e de lecture estim\u00e9e":"2 minutes"},"schema":{"@context":"https:\/\/schema.org","@graph":[{"@type":"WebPage","@id":"https:\/\/www.verdieditions.com\/equilibre-de-vie\/produit\/reincarnation-karma-besant\/","url":"https:\/\/www.verdieditions.com\/equilibre-de-vie\/produit\/reincarnation-karma-besant\/","name":"R\u00e9incarnation Karma - Annie BESANT - Equilibre de Vie","isPartOf":{"@id":"https:\/\/www.verdieditions.com\/equilibre-de-vie\/#website"},"primaryImageOfPage":{"@id":"https:\/\/www.verdieditions.com\/equilibre-de-vie\/produit\/reincarnation-karma-besant\/#primaryimage"},"image":{"@id":"https:\/\/www.verdieditions.com\/equilibre-de-vie\/produit\/reincarnation-karma-besant\/#primaryimage"},"thumbnailUrl":"https:\/\/www.verdieditions.com\/equilibre-de-vie\/wp-content\/uploads\/2020\/04\/Reincarnation-karma-Besant.jpg","datePublished":"2020-04-23T11:47:36+00:00","dateModified":"2022-03-18T18:34:54+00:00","description":"Auteur : Annie BESANT Titre : R\u00e9incarnation Karma \u00c9diteur : Adyar, 1979 Edition originale Dim. 15 x 21 188 pages","breadcrumb":{"@id":"https:\/\/www.verdieditions.com\/equilibre-de-vie\/produit\/reincarnation-karma-besant\/#breadcrumb"},"inLanguage":"fr-FR","potentialAction":[{"@type":"ReadAction","target":["https:\/\/www.verdieditions.com\/equilibre-de-vie\/produit\/reincarnation-karma-besant\/"]}]},{"@type":"ImageObject","inLanguage":"fr-FR","@id":"https:\/\/www.verdieditions.com\/equilibre-de-vie\/produit\/reincarnation-karma-besant\/#primaryimage","url":"https:\/\/www.verdieditions.com\/equilibre-de-vie\/wp-content\/uploads\/2020\/04\/Reincarnation-karma-Besant.jpg","contentUrl":"https:\/\/www.verdieditions.com\/equilibre-de-vie\/wp-content\/uploads\/2020\/04\/Reincarnation-karma-Besant.jpg","width":857,"height":1198,"caption":"Reincarnation-karma-Besant"},{"@type":"BreadcrumbList","@id":"https:\/\/www.verdieditions.com\/equilibre-de-vie\/produit\/reincarnation-karma-besant\/#breadcrumb","itemListElement":[{"@type":"ListItem","position":1,"name":"Accueil","item":"https:\/\/www.verdieditions.com\/equilibre-de-vie\/"},{"@type":"ListItem","position":2,"name":"La boutique","item":"https:\/\/www.verdieditions.com\/equilibre-de-vie\/boutique\/"},{"@type":"ListItem","position":3,"name":"R\u00e9incarnation Karma &#8211; Annie BESANT"}]},{"@type":"WebSite","@id":"https:\/\/www.verdieditions.com\/equilibre-de-vie\/#website","url":"https:\/\/www.verdieditions.com\/equilibre-de-vie\/","name":"Equilibre de Vie","description":"Ma boutique livres sant\u00e9, \u00e9sot\u00e9risme et d\u00e9veloppement personnel","publisher":{"@id":"https:\/\/www.verdieditions.com\/equilibre-de-vie\/#\/schema\/person\/9dcb2a6759f2f5fbf43ac0b44649cecb"},"potentialAction":[{"@type":"SearchAction","target":{"@type":"EntryPoint","urlTemplate":"https:\/\/www.verdieditions.com\/equilibre-de-vie\/?s={search_term_string}"},"query-input":{"@type":"PropertyValueSpecification","valueRequired":true,"valueName":"search_term_string"}}],"inLanguage":"fr-FR"},{"@type":["Person","Organization"],"@id":"https:\/\/www.verdieditions.com\/equilibre-de-vie\/#\/schema\/person\/9dcb2a6759f2f5fbf43ac0b44649cecb","name":"Sylvie VERDI","image":{"@type":"ImageObject","inLanguage":"fr-FR","@id":"https:\/\/www.verdieditions.com\/equilibre-de-vie\/wp-content\/uploads\/2020\/04\/livres-occasion-sante-esoterisme-developpement-personnel-2.jpg","url":"https:\/\/www.verdieditions.com\/equilibre-de-vie\/wp-content\/uploads\/2020\/04\/livres-occasion-sante-esoterisme-developpement-personnel-2.jpg","contentUrl":"https:\/\/www.verdieditions.com\/equilibre-de-vie\/wp-content\/uploads\/2020\/04\/livres-occasion-sante-esoterisme-developpement-personnel-2.jpg","width":800,"height":572,"caption":"Sylvie VERDI"},"logo":{"@id":"https:\/\/www.verdieditions.com\/equilibre-de-vie\/wp-content\/uploads\/2020\/04\/livres-occasion-sante-esoterisme-developpement-personnel-2.jpg"},"sameAs":["https:\/\/www.verdieditions.com\/equilibre-de-vie"]}]}},"_links":{"self":[{"href":"https:\/\/www.verdieditions.com\/equilibre-de-vie\/wp-json\/wp\/v2\/product\/255","targetHints":{"allow":["GET"]}}],"collection":[{"href":"https:\/\/www.verdieditions.com\/equilibre-de-vie\/wp-json\/wp\/v2\/product"}],"about":[{"href":"https:\/\/www.verdieditions.com\/equilibre-de-vie\/wp-json\/wp\/v2\/types\/product"}],"wp:featuredmedia":[{"embeddable":true,"href":"https:\/\/www.verdieditions.com\/equilibre-de-vie\/wp-json\/wp\/v2\/media\/256"}],"wp:attachment":[{"href":"https:\/\/www.verdieditions.com\/equilibre-de-vie\/wp-json\/wp\/v2\/media?parent=255"}],"wp:term":[{"taxonomy":"product_brand","embeddable":true,"href":"https:\/\/www.verdieditions.com\/equilibre-de-vie\/wp-json\/wp\/v2\/product_brand?post=255"},{"taxonomy":"product_cat","embeddable":true,"href":"https:\/\/www.verdieditions.com\/equilibre-de-vie\/wp-json\/wp\/v2\/product_cat?post=255"},{"taxonomy":"product_tag","embeddable":true,"href":"https:\/\/www.verdieditions.com\/equilibre-de-vie\/wp-json\/wp\/v2\/product_tag?post=255"}],"curies":[{"name":"wp","href":"https:\/\/api.w.org\/{rel}","templated":true}]}}