{"id":252,"date":"2020-04-23T13:36:03","date_gmt":"2020-04-23T11:36:03","guid":{"rendered":"https:\/\/www.verdieditions.com\/equilibre-de-vie\/?post_type=product&#038;p=252"},"modified":"2025-11-20T18:19:39","modified_gmt":"2025-11-20T17:19:39","slug":"abc-magnetisme-mandorla","status":"publish","type":"product","link":"https:\/\/www.verdieditions.com\/equilibre-de-vie\/produit\/abc-magnetisme-mandorla\/","title":{"rendered":"ABC du magn\u00e9tisme &#8211; Jacques MANDORLA"},"content":{"rendered":"<p>Auteur : Jacques MANDORLA<br \/>\nTitre : ABC du magn\u00e9tisme, d\u00e9couvrez votre magn\u00e9tisme, un v\u00e9ritable 6\u00e8me sens &#8211; Pr\u00e9face de Maurice M\u00e9ss\u00e9gu\u00e9<br \/>\n\u00c9diteur : Jacques Grancher, 1988<br \/>\nEdition originale<br \/>\nDim. 14,5 x 21,5<br \/>\n262 pages<\/p>\n<p>Nous avons tous un certain magn\u00e9tisme ! Dans le regard, dans la voix, dans les mains. Cette aura qui nous entoure est encore difficilement mesurable mais nous savons qu&rsquo;elle existe par un ph\u00e9nom\u00e8ne de perception instinctive qui ne nous a jamais quitt\u00e9s. Dans cet ABC du Magn\u00e9tisme, l&rsquo;auteur fait le point sur le sujet. Il va vous permettre : &#8211; de mieux comprendre les ph\u00e9nom\u00e8nes li\u00e9s au magn\u00e9tisme (hypnose, influence du cosmos, \u00e9nergie des mains, aura) ; &#8211; d&rsquo;apprendre \u00e0 utiliser votre magn\u00e9tisme, en vous livrant chez vous \u00e0 une s\u00e9rie de tests faciles, en suivant attentivement les conseils de pr\u00e9paration, et en \u00e9tudiant dans le d\u00e9tail les cinq grandes techniques existantes ; &#8211; de savoir comment le magn\u00e9tisme peut gu\u00e9rir (en direct ou \u00e0 distance, quels types de maladies sont traitables, \u00e0 quoi servent les aimants, etc.) ; &#8211; de constater, par des t\u00e9moignages existants, des gu\u00e9risons \u00e9tonnantes. Apr\u00e8s avoir lu ce livre, vous aurez un autre regard sur les pouvoirs \u00e9tonnants de l&rsquo;homme.<\/p>\n","protected":false},"excerpt":{"rendered":"<p>Auteur : Jacques MANDORLA<br \/>\nTitre : ABC du magn\u00e9tisme, d\u00e9couvrez votre magn\u00e9tisme, un v\u00e9ritable 6\u00e8me sens &#8211; Pr\u00e9face de Maurice M\u00e9ss\u00e9gu\u00e9<br \/>\n\u00c9diteur : Jacques Grancher, 1988<br \/>\nEdition originale<br \/>\nDim. 14,5 x 21,5<br \/>\n262 pages<\/p>\n","protected":false},"featured_media":253,"template":"","meta":[],"product_brand":[],"product_cat":[23],"product_tag":[27,37,73,80,81,94,193,127],"class_list":{"0":"post-252","1":"product","2":"type-product","3":"status-publish","4":"has-post-thumbnail","6":"product_cat-esoterisme","7":"product_tag-aimants","8":"product_tag-aura","9":"product_tag-guerir","10":"product_tag-hypnose","11":"product_tag-hypnotisme","12":"product_tag-magnetisme","13":"product_tag-paranormal","14":"product_tag-pouvoirs","16":"first","17":"outofstock","18":"shipping-taxable","19":"product-type-simple"},"yoast_head":"<!-- This site is optimized with the Yoast SEO plugin v27.4 - https:\/\/yoast.com\/product\/yoast-seo-wordpress\/ -->\n<title>ABC du magn\u00e9tisme - Jacques MANDORLA - Equilibre de Vie<\/title>\n<meta name=\"description\" content=\"Auteur : Jacques MANDORLA Titre : ABC du magn\u00e9tisme, d\u00e9couvrez votre magn\u00e9tisme, un v\u00e9ritable 6\u00e8me sens \u2013 Pr\u00e9face de Maurice M\u00e9ss\u00e9gu\u00e9 \u00c9diteur : Jacques Grancher, 1988 Edition originale Dim. 14,5 x 21,5 262 pages\" \/>\n<meta name=\"robots\" content=\"index, follow, max-snippet:-1, max-image-preview:large, max-video-preview:-1\" \/>\n<link rel=\"canonical\" href=\"https:\/\/www.verdieditions.com\/equilibre-de-vie\/produit\/abc-magnetisme-mandorla\/\" \/>\n<meta property=\"og:locale\" content=\"fr_FR\" \/>\n<meta property=\"og:type\" content=\"article\" \/>\n<meta property=\"og:title\" content=\"ABC du magn\u00e9tisme - Jacques MANDORLA - Equilibre de Vie\" \/>\n<meta property=\"og:description\" content=\"Auteur : Jacques MANDORLA Titre : ABC du magn\u00e9tisme, d\u00e9couvrez votre magn\u00e9tisme, un v\u00e9ritable 6\u00e8me sens \u2013 Pr\u00e9face de Maurice M\u00e9ss\u00e9gu\u00e9 \u00c9diteur : Jacques Grancher, 1988 Edition originale Dim. 14,5 x 21,5 262 pages\" \/>\n<meta property=\"og:url\" content=\"https:\/\/www.verdieditions.com\/equilibre-de-vie\/produit\/abc-magnetisme-mandorla\/\" \/>\n<meta property=\"og:site_name\" content=\"Equilibre de Vie\" \/>\n<meta property=\"article:modified_time\" content=\"2025-11-20T17:19:39+00:00\" \/>\n<meta property=\"og:image\" content=\"https:\/\/www.verdieditions.com\/equilibre-de-vie\/wp-content\/uploads\/2020\/04\/ABC-Magnetisme-Mandorla.jpg\" \/>\n\t<meta property=\"og:image:width\" content=\"875\" \/>\n\t<meta property=\"og:image:height\" content=\"1276\" \/>\n\t<meta property=\"og:image:type\" content=\"image\/jpeg\" \/>\n<meta name=\"twitter:card\" content=\"summary_large_image\" \/>\n<meta name=\"twitter:label1\" content=\"Dur\u00e9e de lecture estim\u00e9e\" \/>\n\t<meta name=\"twitter:data1\" content=\"1 minute\" \/>\n<script type=\"application\/ld+json\" class=\"yoast-schema-graph\">{\"@context\":\"https:\\\/\\\/schema.org\",\"@graph\":[{\"@type\":\"WebPage\",\"@id\":\"https:\\\/\\\/www.verdieditions.com\\\/equilibre-de-vie\\\/produit\\\/abc-magnetisme-mandorla\\\/\",\"url\":\"https:\\\/\\\/www.verdieditions.com\\\/equilibre-de-vie\\\/produit\\\/abc-magnetisme-mandorla\\\/\",\"name\":\"ABC du magn\u00e9tisme - Jacques MANDORLA - Equilibre de Vie\",\"isPartOf\":{\"@id\":\"https:\\\/\\\/www.verdieditions.com\\\/equilibre-de-vie\\\/#website\"},\"primaryImageOfPage\":{\"@id\":\"https:\\\/\\\/www.verdieditions.com\\\/equilibre-de-vie\\\/produit\\\/abc-magnetisme-mandorla\\\/#primaryimage\"},\"image\":{\"@id\":\"https:\\\/\\\/www.verdieditions.com\\\/equilibre-de-vie\\\/produit\\\/abc-magnetisme-mandorla\\\/#primaryimage\"},\"thumbnailUrl\":\"https:\\\/\\\/www.verdieditions.com\\\/equilibre-de-vie\\\/wp-content\\\/uploads\\\/2020\\\/04\\\/ABC-Magnetisme-Mandorla.jpg\",\"datePublished\":\"2020-04-23T11:36:03+00:00\",\"dateModified\":\"2025-11-20T17:19:39+00:00\",\"description\":\"Auteur : Jacques MANDORLA Titre : ABC du magn\u00e9tisme, d\u00e9couvrez votre magn\u00e9tisme, un v\u00e9ritable 6\u00e8me sens \u2013 Pr\u00e9face de Maurice M\u00e9ss\u00e9gu\u00e9 \u00c9diteur : Jacques Grancher, 1988 Edition originale Dim. 14,5 x 21,5 262 pages\",\"breadcrumb\":{\"@id\":\"https:\\\/\\\/www.verdieditions.com\\\/equilibre-de-vie\\\/produit\\\/abc-magnetisme-mandorla\\\/#breadcrumb\"},\"inLanguage\":\"fr-FR\",\"potentialAction\":[{\"@type\":\"ReadAction\",\"target\":[\"https:\\\/\\\/www.verdieditions.com\\\/equilibre-de-vie\\\/produit\\\/abc-magnetisme-mandorla\\\/\"]}]},{\"@type\":\"ImageObject\",\"inLanguage\":\"fr-FR\",\"@id\":\"https:\\\/\\\/www.verdieditions.com\\\/equilibre-de-vie\\\/produit\\\/abc-magnetisme-mandorla\\\/#primaryimage\",\"url\":\"https:\\\/\\\/www.verdieditions.com\\\/equilibre-de-vie\\\/wp-content\\\/uploads\\\/2020\\\/04\\\/ABC-Magnetisme-Mandorla.jpg\",\"contentUrl\":\"https:\\\/\\\/www.verdieditions.com\\\/equilibre-de-vie\\\/wp-content\\\/uploads\\\/2020\\\/04\\\/ABC-Magnetisme-Mandorla.jpg\",\"width\":875,\"height\":1276,\"caption\":\"ABC-Magnetisme-Mandorla\"},{\"@type\":\"BreadcrumbList\",\"@id\":\"https:\\\/\\\/www.verdieditions.com\\\/equilibre-de-vie\\\/produit\\\/abc-magnetisme-mandorla\\\/#breadcrumb\",\"itemListElement\":[{\"@type\":\"ListItem\",\"position\":1,\"name\":\"Accueil\",\"item\":\"https:\\\/\\\/www.verdieditions.com\\\/equilibre-de-vie\\\/\"},{\"@type\":\"ListItem\",\"position\":2,\"name\":\"La boutique\",\"item\":\"https:\\\/\\\/www.verdieditions.com\\\/equilibre-de-vie\\\/boutique\\\/\"},{\"@type\":\"ListItem\",\"position\":3,\"name\":\"ABC du magn\u00e9tisme &#8211; Jacques MANDORLA\"}]},{\"@type\":\"WebSite\",\"@id\":\"https:\\\/\\\/www.verdieditions.com\\\/equilibre-de-vie\\\/#website\",\"url\":\"https:\\\/\\\/www.verdieditions.com\\\/equilibre-de-vie\\\/\",\"name\":\"Equilibre de Vie\",\"description\":\"Ma boutique livres sant\u00e9, \u00e9sot\u00e9risme et d\u00e9veloppement personnel\",\"publisher\":{\"@id\":\"https:\\\/\\\/www.verdieditions.com\\\/equilibre-de-vie\\\/#\\\/schema\\\/person\\\/9dcb2a6759f2f5fbf43ac0b44649cecb\"},\"potentialAction\":[{\"@type\":\"SearchAction\",\"target\":{\"@type\":\"EntryPoint\",\"urlTemplate\":\"https:\\\/\\\/www.verdieditions.com\\\/equilibre-de-vie\\\/?s={search_term_string}\"},\"query-input\":{\"@type\":\"PropertyValueSpecification\",\"valueRequired\":true,\"valueName\":\"search_term_string\"}}],\"inLanguage\":\"fr-FR\"},{\"@type\":[\"Person\",\"Organization\"],\"@id\":\"https:\\\/\\\/www.verdieditions.com\\\/equilibre-de-vie\\\/#\\\/schema\\\/person\\\/9dcb2a6759f2f5fbf43ac0b44649cecb\",\"name\":\"Sylvie VERDI\",\"image\":{\"@type\":\"ImageObject\",\"inLanguage\":\"fr-FR\",\"@id\":\"https:\\\/\\\/www.verdieditions.com\\\/equilibre-de-vie\\\/wp-content\\\/uploads\\\/2020\\\/04\\\/livres-occasion-sante-esoterisme-developpement-personnel-2.jpg\",\"url\":\"https:\\\/\\\/www.verdieditions.com\\\/equilibre-de-vie\\\/wp-content\\\/uploads\\\/2020\\\/04\\\/livres-occasion-sante-esoterisme-developpement-personnel-2.jpg\",\"contentUrl\":\"https:\\\/\\\/www.verdieditions.com\\\/equilibre-de-vie\\\/wp-content\\\/uploads\\\/2020\\\/04\\\/livres-occasion-sante-esoterisme-developpement-personnel-2.jpg\",\"width\":800,\"height\":572,\"caption\":\"Sylvie VERDI\"},\"logo\":{\"@id\":\"https:\\\/\\\/www.verdieditions.com\\\/equilibre-de-vie\\\/wp-content\\\/uploads\\\/2020\\\/04\\\/livres-occasion-sante-esoterisme-developpement-personnel-2.jpg\"},\"sameAs\":[\"https:\\\/\\\/www.verdieditions.com\\\/equilibre-de-vie\"]}]}<\/script>\n<!-- \/ Yoast SEO plugin. -->","yoast_head_json":{"title":"ABC du magn\u00e9tisme - Jacques MANDORLA - Equilibre de Vie","description":"Auteur : Jacques MANDORLA Titre : ABC du magn\u00e9tisme, d\u00e9couvrez votre magn\u00e9tisme, un v\u00e9ritable 6\u00e8me sens \u2013 Pr\u00e9face de Maurice M\u00e9ss\u00e9gu\u00e9 \u00c9diteur : Jacques Grancher, 1988 Edition originale Dim. 14,5 x 21,5 262 pages","robots":{"index":"index","follow":"follow","max-snippet":"max-snippet:-1","max-image-preview":"max-image-preview:large","max-video-preview":"max-video-preview:-1"},"canonical":"https:\/\/www.verdieditions.com\/equilibre-de-vie\/produit\/abc-magnetisme-mandorla\/","og_locale":"fr_FR","og_type":"article","og_title":"ABC du magn\u00e9tisme - Jacques MANDORLA - Equilibre de Vie","og_description":"Auteur : Jacques MANDORLA Titre : ABC du magn\u00e9tisme, d\u00e9couvrez votre magn\u00e9tisme, un v\u00e9ritable 6\u00e8me sens \u2013 Pr\u00e9face de Maurice M\u00e9ss\u00e9gu\u00e9 \u00c9diteur : Jacques Grancher, 1988 Edition originale Dim. 14,5 x 21,5 262 pages","og_url":"https:\/\/www.verdieditions.com\/equilibre-de-vie\/produit\/abc-magnetisme-mandorla\/","og_site_name":"Equilibre de Vie","article_modified_time":"2025-11-20T17:19:39+00:00","og_image":[{"width":875,"height":1276,"url":"https:\/\/www.verdieditions.com\/equilibre-de-vie\/wp-content\/uploads\/2020\/04\/ABC-Magnetisme-Mandorla.jpg","type":"image\/jpeg"}],"twitter_card":"summary_large_image","twitter_misc":{"Dur\u00e9e de lecture estim\u00e9e":"1 minute"},"schema":{"@context":"https:\/\/schema.org","@graph":[{"@type":"WebPage","@id":"https:\/\/www.verdieditions.com\/equilibre-de-vie\/produit\/abc-magnetisme-mandorla\/","url":"https:\/\/www.verdieditions.com\/equilibre-de-vie\/produit\/abc-magnetisme-mandorla\/","name":"ABC du magn\u00e9tisme - Jacques MANDORLA - Equilibre de Vie","isPartOf":{"@id":"https:\/\/www.verdieditions.com\/equilibre-de-vie\/#website"},"primaryImageOfPage":{"@id":"https:\/\/www.verdieditions.com\/equilibre-de-vie\/produit\/abc-magnetisme-mandorla\/#primaryimage"},"image":{"@id":"https:\/\/www.verdieditions.com\/equilibre-de-vie\/produit\/abc-magnetisme-mandorla\/#primaryimage"},"thumbnailUrl":"https:\/\/www.verdieditions.com\/equilibre-de-vie\/wp-content\/uploads\/2020\/04\/ABC-Magnetisme-Mandorla.jpg","datePublished":"2020-04-23T11:36:03+00:00","dateModified":"2025-11-20T17:19:39+00:00","description":"Auteur : Jacques MANDORLA Titre : ABC du magn\u00e9tisme, d\u00e9couvrez votre magn\u00e9tisme, un v\u00e9ritable 6\u00e8me sens \u2013 Pr\u00e9face de Maurice M\u00e9ss\u00e9gu\u00e9 \u00c9diteur : Jacques Grancher, 1988 Edition originale Dim. 14,5 x 21,5 262 pages","breadcrumb":{"@id":"https:\/\/www.verdieditions.com\/equilibre-de-vie\/produit\/abc-magnetisme-mandorla\/#breadcrumb"},"inLanguage":"fr-FR","potentialAction":[{"@type":"ReadAction","target":["https:\/\/www.verdieditions.com\/equilibre-de-vie\/produit\/abc-magnetisme-mandorla\/"]}]},{"@type":"ImageObject","inLanguage":"fr-FR","@id":"https:\/\/www.verdieditions.com\/equilibre-de-vie\/produit\/abc-magnetisme-mandorla\/#primaryimage","url":"https:\/\/www.verdieditions.com\/equilibre-de-vie\/wp-content\/uploads\/2020\/04\/ABC-Magnetisme-Mandorla.jpg","contentUrl":"https:\/\/www.verdieditions.com\/equilibre-de-vie\/wp-content\/uploads\/2020\/04\/ABC-Magnetisme-Mandorla.jpg","width":875,"height":1276,"caption":"ABC-Magnetisme-Mandorla"},{"@type":"BreadcrumbList","@id":"https:\/\/www.verdieditions.com\/equilibre-de-vie\/produit\/abc-magnetisme-mandorla\/#breadcrumb","itemListElement":[{"@type":"ListItem","position":1,"name":"Accueil","item":"https:\/\/www.verdieditions.com\/equilibre-de-vie\/"},{"@type":"ListItem","position":2,"name":"La boutique","item":"https:\/\/www.verdieditions.com\/equilibre-de-vie\/boutique\/"},{"@type":"ListItem","position":3,"name":"ABC du magn\u00e9tisme &#8211; Jacques MANDORLA"}]},{"@type":"WebSite","@id":"https:\/\/www.verdieditions.com\/equilibre-de-vie\/#website","url":"https:\/\/www.verdieditions.com\/equilibre-de-vie\/","name":"Equilibre de Vie","description":"Ma boutique livres sant\u00e9, \u00e9sot\u00e9risme et d\u00e9veloppement personnel","publisher":{"@id":"https:\/\/www.verdieditions.com\/equilibre-de-vie\/#\/schema\/person\/9dcb2a6759f2f5fbf43ac0b44649cecb"},"potentialAction":[{"@type":"SearchAction","target":{"@type":"EntryPoint","urlTemplate":"https:\/\/www.verdieditions.com\/equilibre-de-vie\/?s={search_term_string}"},"query-input":{"@type":"PropertyValueSpecification","valueRequired":true,"valueName":"search_term_string"}}],"inLanguage":"fr-FR"},{"@type":["Person","Organization"],"@id":"https:\/\/www.verdieditions.com\/equilibre-de-vie\/#\/schema\/person\/9dcb2a6759f2f5fbf43ac0b44649cecb","name":"Sylvie VERDI","image":{"@type":"ImageObject","inLanguage":"fr-FR","@id":"https:\/\/www.verdieditions.com\/equilibre-de-vie\/wp-content\/uploads\/2020\/04\/livres-occasion-sante-esoterisme-developpement-personnel-2.jpg","url":"https:\/\/www.verdieditions.com\/equilibre-de-vie\/wp-content\/uploads\/2020\/04\/livres-occasion-sante-esoterisme-developpement-personnel-2.jpg","contentUrl":"https:\/\/www.verdieditions.com\/equilibre-de-vie\/wp-content\/uploads\/2020\/04\/livres-occasion-sante-esoterisme-developpement-personnel-2.jpg","width":800,"height":572,"caption":"Sylvie VERDI"},"logo":{"@id":"https:\/\/www.verdieditions.com\/equilibre-de-vie\/wp-content\/uploads\/2020\/04\/livres-occasion-sante-esoterisme-developpement-personnel-2.jpg"},"sameAs":["https:\/\/www.verdieditions.com\/equilibre-de-vie"]}]}},"_links":{"self":[{"href":"https:\/\/www.verdieditions.com\/equilibre-de-vie\/wp-json\/wp\/v2\/product\/252","targetHints":{"allow":["GET"]}}],"collection":[{"href":"https:\/\/www.verdieditions.com\/equilibre-de-vie\/wp-json\/wp\/v2\/product"}],"about":[{"href":"https:\/\/www.verdieditions.com\/equilibre-de-vie\/wp-json\/wp\/v2\/types\/product"}],"wp:featuredmedia":[{"embeddable":true,"href":"https:\/\/www.verdieditions.com\/equilibre-de-vie\/wp-json\/wp\/v2\/media\/253"}],"wp:attachment":[{"href":"https:\/\/www.verdieditions.com\/equilibre-de-vie\/wp-json\/wp\/v2\/media?parent=252"}],"wp:term":[{"taxonomy":"product_brand","embeddable":true,"href":"https:\/\/www.verdieditions.com\/equilibre-de-vie\/wp-json\/wp\/v2\/product_brand?post=252"},{"taxonomy":"product_cat","embeddable":true,"href":"https:\/\/www.verdieditions.com\/equilibre-de-vie\/wp-json\/wp\/v2\/product_cat?post=252"},{"taxonomy":"product_tag","embeddable":true,"href":"https:\/\/www.verdieditions.com\/equilibre-de-vie\/wp-json\/wp\/v2\/product_tag?post=252"}],"curies":[{"name":"wp","href":"https:\/\/api.w.org\/{rel}","templated":true}]}}