{"id":244,"date":"2020-04-23T13:14:38","date_gmt":"2020-04-23T11:14:38","guid":{"rendered":"https:\/\/www.verdieditions.com\/equilibre-de-vie\/?post_type=product&#038;p=244"},"modified":"2024-02-06T12:37:19","modified_gmt":"2024-02-06T11:37:19","slug":"voyance-destin-gauthier","status":"publish","type":"product","link":"https:\/\/www.verdieditions.com\/equilibre-de-vie\/produit\/voyance-destin-gauthier\/","title":{"rendered":"La voyance et votre destin &#8211; Eliane GAUTHIER"},"content":{"rendered":"<p>Auteur : Eliane GAUTHIER<br \/>\nTitre : La voyance et votre destin, la fatalit\u00e9 n&rsquo;existe pas<br \/>\n\u00c9diteur : Pygmalion, G\u00e9rard Watelet, 1998<br \/>\nDim. 13 x 21,5<br \/>\n176 pages<\/p>\n<p>Des millions de Fran\u00e7ais \u00ab\u00a0consultent\u00a0\u00bb \u00e0 la veille du nouveau mill\u00e9naire. Ils ignorent, le plus souvent, ce qu&rsquo;ils peuvent attendre et ce qu&rsquo;ils doivent redouter de la voyance. Pour Eliane Gauthier, en tout cas, une \u00e9vidence s&rsquo;impose : la fatalit\u00e9 n&rsquo;existe pas, rien n&rsquo;est en nous irr\u00e9versible. Sur quels fondements repose donc l&rsquo;antique et indestructible pratique de la divination ? Un long passage sur le divan lui a permis de mieux comprendre ce qui \u00e9tait la cause dans le \u00ab\u00a0don\u00a0\u00bb qu&rsquo;elle poss\u00e8de : avant tout, la facult\u00e9 de saisir l&rsquo;autre par le biais de la communication d&rsquo;inconscients et de lui restituer un discours qui demeure le sien, tout en lui permettant d&rsquo;\u00e9chapper \u00e0 un pass\u00e9 qui obscurcit souvent son avenir et l&#8217;emp\u00eache d&rsquo;acc\u00e9der \u00e0 la libert\u00e9. Dans ce livre positif et bienfaisant, truff\u00e9 de t\u00e9moignages et de conseils v\u00e9cus, Eliane Gauthier, au fil de sa propre exp\u00e9rience, souhaite aussi faire progresser la connaissance d&rsquo;un extraordinaire ph\u00e9nom\u00e8ne auquel la science commence \u00e0 s&rsquo;int\u00e9resser. Mais elle esp\u00e8re surtout, \u00e0 la lumi\u00e8re de la psychanalyse, aider \u00e0 transmettre l&rsquo;imp\u00e9rissable message : seule la connaissance de soi r\u00e9v\u00e8le, ouvre et mod\u00e8le l&rsquo;avenir.<\/p>\n","protected":false},"excerpt":{"rendered":"<p>Auteur : Eliane GAUTHIER<br \/>\nTitre : La voyance et votre destin, la fatalit\u00e9 n&rsquo;existe pas<br \/>\n\u00c9diteur : Pygmalion, G\u00e9rard Watelet, 1998<br \/>\nDim. 13 x 21,5<br \/>\n176 pages<\/p>\n","protected":false},"featured_media":245,"template":"","meta":[],"product_brand":[],"product_cat":[23],"product_tag":[32,38,187,57,127,176],"class_list":{"0":"post-244","1":"product","2":"type-product","3":"status-publish","4":"has-post-thumbnail","6":"product_cat-esoterisme","7":"product_tag-arts-divinatoires","8":"product_tag-avenir","9":"product_tag-clairvoyance","10":"product_tag-destin","11":"product_tag-pouvoirs","12":"product_tag-voyance","14":"first","15":"instock","16":"shipping-taxable","17":"product-type-simple"},"yoast_head":"<!-- This site is optimized with the Yoast SEO plugin v27.4 - https:\/\/yoast.com\/product\/yoast-seo-wordpress\/ -->\n<title>La voyance et votre destin - Eliane GAUTHIER - Equilibre de Vie<\/title>\n<meta name=\"description\" content=\"Eliane GAUTHIER - La voyance et votre destin, la fatalit\u00e9 n\u2019existe pas \u00c9diteur : Pygmalion, G\u00e9rard Watelet, 1998 Dim. 13 x 21,5 176 p\" \/>\n<meta name=\"robots\" content=\"index, follow, max-snippet:-1, max-image-preview:large, max-video-preview:-1\" \/>\n<link rel=\"canonical\" href=\"https:\/\/www.verdieditions.com\/equilibre-de-vie\/produit\/voyance-destin-gauthier\/\" \/>\n<meta property=\"og:locale\" content=\"fr_FR\" \/>\n<meta property=\"og:type\" content=\"article\" \/>\n<meta property=\"og:title\" content=\"La voyance et votre destin - Eliane GAUTHIER - Equilibre de Vie\" \/>\n<meta property=\"og:description\" content=\"Eliane GAUTHIER - La voyance et votre destin, la fatalit\u00e9 n\u2019existe pas \u00c9diteur : Pygmalion, G\u00e9rard Watelet, 1998 Dim. 13 x 21,5 176 p\" \/>\n<meta property=\"og:url\" content=\"https:\/\/www.verdieditions.com\/equilibre-de-vie\/produit\/voyance-destin-gauthier\/\" \/>\n<meta property=\"og:site_name\" content=\"Equilibre de Vie\" \/>\n<meta property=\"article:modified_time\" content=\"2024-02-06T11:37:19+00:00\" \/>\n<meta property=\"og:image\" content=\"https:\/\/www.verdieditions.com\/equilibre-de-vie\/wp-content\/uploads\/2020\/04\/Voyance-destin-Fatalite-Gauthier.jpg\" \/>\n\t<meta property=\"og:image:width\" content=\"845\" \/>\n\t<meta property=\"og:image:height\" content=\"1326\" \/>\n\t<meta property=\"og:image:type\" content=\"image\/jpeg\" \/>\n<meta name=\"twitter:card\" content=\"summary_large_image\" \/>\n<meta name=\"twitter:label1\" content=\"Dur\u00e9e de lecture estim\u00e9e\" \/>\n\t<meta name=\"twitter:data1\" content=\"1 minute\" \/>\n<script type=\"application\/ld+json\" class=\"yoast-schema-graph\">{\"@context\":\"https:\\\/\\\/schema.org\",\"@graph\":[{\"@type\":\"WebPage\",\"@id\":\"https:\\\/\\\/www.verdieditions.com\\\/equilibre-de-vie\\\/produit\\\/voyance-destin-gauthier\\\/\",\"url\":\"https:\\\/\\\/www.verdieditions.com\\\/equilibre-de-vie\\\/produit\\\/voyance-destin-gauthier\\\/\",\"name\":\"La voyance et votre destin - Eliane GAUTHIER - Equilibre de Vie\",\"isPartOf\":{\"@id\":\"https:\\\/\\\/www.verdieditions.com\\\/equilibre-de-vie\\\/#website\"},\"primaryImageOfPage\":{\"@id\":\"https:\\\/\\\/www.verdieditions.com\\\/equilibre-de-vie\\\/produit\\\/voyance-destin-gauthier\\\/#primaryimage\"},\"image\":{\"@id\":\"https:\\\/\\\/www.verdieditions.com\\\/equilibre-de-vie\\\/produit\\\/voyance-destin-gauthier\\\/#primaryimage\"},\"thumbnailUrl\":\"https:\\\/\\\/www.verdieditions.com\\\/equilibre-de-vie\\\/wp-content\\\/uploads\\\/2020\\\/04\\\/Voyance-destin-Fatalite-Gauthier.jpg\",\"datePublished\":\"2020-04-23T11:14:38+00:00\",\"dateModified\":\"2024-02-06T11:37:19+00:00\",\"description\":\"Eliane GAUTHIER - La voyance et votre destin, la fatalit\u00e9 n\u2019existe pas \u00c9diteur : Pygmalion, G\u00e9rard Watelet, 1998 Dim. 13 x 21,5 176 p\",\"breadcrumb\":{\"@id\":\"https:\\\/\\\/www.verdieditions.com\\\/equilibre-de-vie\\\/produit\\\/voyance-destin-gauthier\\\/#breadcrumb\"},\"inLanguage\":\"fr-FR\",\"potentialAction\":[{\"@type\":\"ReadAction\",\"target\":[\"https:\\\/\\\/www.verdieditions.com\\\/equilibre-de-vie\\\/produit\\\/voyance-destin-gauthier\\\/\"]}]},{\"@type\":\"ImageObject\",\"inLanguage\":\"fr-FR\",\"@id\":\"https:\\\/\\\/www.verdieditions.com\\\/equilibre-de-vie\\\/produit\\\/voyance-destin-gauthier\\\/#primaryimage\",\"url\":\"https:\\\/\\\/www.verdieditions.com\\\/equilibre-de-vie\\\/wp-content\\\/uploads\\\/2020\\\/04\\\/Voyance-destin-Fatalite-Gauthier.jpg\",\"contentUrl\":\"https:\\\/\\\/www.verdieditions.com\\\/equilibre-de-vie\\\/wp-content\\\/uploads\\\/2020\\\/04\\\/Voyance-destin-Fatalite-Gauthier.jpg\",\"width\":845,\"height\":1326,\"caption\":\"Voyance-destin-Fatalite-Gauthier\"},{\"@type\":\"BreadcrumbList\",\"@id\":\"https:\\\/\\\/www.verdieditions.com\\\/equilibre-de-vie\\\/produit\\\/voyance-destin-gauthier\\\/#breadcrumb\",\"itemListElement\":[{\"@type\":\"ListItem\",\"position\":1,\"name\":\"Accueil\",\"item\":\"https:\\\/\\\/www.verdieditions.com\\\/equilibre-de-vie\\\/\"},{\"@type\":\"ListItem\",\"position\":2,\"name\":\"La boutique\",\"item\":\"https:\\\/\\\/www.verdieditions.com\\\/equilibre-de-vie\\\/boutique\\\/\"},{\"@type\":\"ListItem\",\"position\":3,\"name\":\"La voyance et votre destin &#8211; Eliane GAUTHIER\"}]},{\"@type\":\"WebSite\",\"@id\":\"https:\\\/\\\/www.verdieditions.com\\\/equilibre-de-vie\\\/#website\",\"url\":\"https:\\\/\\\/www.verdieditions.com\\\/equilibre-de-vie\\\/\",\"name\":\"Equilibre de Vie\",\"description\":\"Ma boutique livres sant\u00e9, \u00e9sot\u00e9risme et d\u00e9veloppement personnel\",\"publisher\":{\"@id\":\"https:\\\/\\\/www.verdieditions.com\\\/equilibre-de-vie\\\/#\\\/schema\\\/person\\\/9dcb2a6759f2f5fbf43ac0b44649cecb\"},\"potentialAction\":[{\"@type\":\"SearchAction\",\"target\":{\"@type\":\"EntryPoint\",\"urlTemplate\":\"https:\\\/\\\/www.verdieditions.com\\\/equilibre-de-vie\\\/?s={search_term_string}\"},\"query-input\":{\"@type\":\"PropertyValueSpecification\",\"valueRequired\":true,\"valueName\":\"search_term_string\"}}],\"inLanguage\":\"fr-FR\"},{\"@type\":[\"Person\",\"Organization\"],\"@id\":\"https:\\\/\\\/www.verdieditions.com\\\/equilibre-de-vie\\\/#\\\/schema\\\/person\\\/9dcb2a6759f2f5fbf43ac0b44649cecb\",\"name\":\"Sylvie VERDI\",\"image\":{\"@type\":\"ImageObject\",\"inLanguage\":\"fr-FR\",\"@id\":\"https:\\\/\\\/www.verdieditions.com\\\/equilibre-de-vie\\\/wp-content\\\/uploads\\\/2020\\\/04\\\/livres-occasion-sante-esoterisme-developpement-personnel-2.jpg\",\"url\":\"https:\\\/\\\/www.verdieditions.com\\\/equilibre-de-vie\\\/wp-content\\\/uploads\\\/2020\\\/04\\\/livres-occasion-sante-esoterisme-developpement-personnel-2.jpg\",\"contentUrl\":\"https:\\\/\\\/www.verdieditions.com\\\/equilibre-de-vie\\\/wp-content\\\/uploads\\\/2020\\\/04\\\/livres-occasion-sante-esoterisme-developpement-personnel-2.jpg\",\"width\":800,\"height\":572,\"caption\":\"Sylvie VERDI\"},\"logo\":{\"@id\":\"https:\\\/\\\/www.verdieditions.com\\\/equilibre-de-vie\\\/wp-content\\\/uploads\\\/2020\\\/04\\\/livres-occasion-sante-esoterisme-developpement-personnel-2.jpg\"},\"sameAs\":[\"https:\\\/\\\/www.verdieditions.com\\\/equilibre-de-vie\"]}]}<\/script>\n<!-- \/ Yoast SEO plugin. -->","yoast_head_json":{"title":"La voyance et votre destin - Eliane GAUTHIER - Equilibre de Vie","description":"Eliane GAUTHIER - La voyance et votre destin, la fatalit\u00e9 n\u2019existe pas \u00c9diteur : Pygmalion, G\u00e9rard Watelet, 1998 Dim. 13 x 21,5 176 p","robots":{"index":"index","follow":"follow","max-snippet":"max-snippet:-1","max-image-preview":"max-image-preview:large","max-video-preview":"max-video-preview:-1"},"canonical":"https:\/\/www.verdieditions.com\/equilibre-de-vie\/produit\/voyance-destin-gauthier\/","og_locale":"fr_FR","og_type":"article","og_title":"La voyance et votre destin - Eliane GAUTHIER - Equilibre de Vie","og_description":"Eliane GAUTHIER - La voyance et votre destin, la fatalit\u00e9 n\u2019existe pas \u00c9diteur : Pygmalion, G\u00e9rard Watelet, 1998 Dim. 13 x 21,5 176 p","og_url":"https:\/\/www.verdieditions.com\/equilibre-de-vie\/produit\/voyance-destin-gauthier\/","og_site_name":"Equilibre de Vie","article_modified_time":"2024-02-06T11:37:19+00:00","og_image":[{"width":845,"height":1326,"url":"https:\/\/www.verdieditions.com\/equilibre-de-vie\/wp-content\/uploads\/2020\/04\/Voyance-destin-Fatalite-Gauthier.jpg","type":"image\/jpeg"}],"twitter_card":"summary_large_image","twitter_misc":{"Dur\u00e9e de lecture estim\u00e9e":"1 minute"},"schema":{"@context":"https:\/\/schema.org","@graph":[{"@type":"WebPage","@id":"https:\/\/www.verdieditions.com\/equilibre-de-vie\/produit\/voyance-destin-gauthier\/","url":"https:\/\/www.verdieditions.com\/equilibre-de-vie\/produit\/voyance-destin-gauthier\/","name":"La voyance et votre destin - Eliane GAUTHIER - Equilibre de Vie","isPartOf":{"@id":"https:\/\/www.verdieditions.com\/equilibre-de-vie\/#website"},"primaryImageOfPage":{"@id":"https:\/\/www.verdieditions.com\/equilibre-de-vie\/produit\/voyance-destin-gauthier\/#primaryimage"},"image":{"@id":"https:\/\/www.verdieditions.com\/equilibre-de-vie\/produit\/voyance-destin-gauthier\/#primaryimage"},"thumbnailUrl":"https:\/\/www.verdieditions.com\/equilibre-de-vie\/wp-content\/uploads\/2020\/04\/Voyance-destin-Fatalite-Gauthier.jpg","datePublished":"2020-04-23T11:14:38+00:00","dateModified":"2024-02-06T11:37:19+00:00","description":"Eliane GAUTHIER - La voyance et votre destin, la fatalit\u00e9 n\u2019existe pas \u00c9diteur : Pygmalion, G\u00e9rard Watelet, 1998 Dim. 13 x 21,5 176 p","breadcrumb":{"@id":"https:\/\/www.verdieditions.com\/equilibre-de-vie\/produit\/voyance-destin-gauthier\/#breadcrumb"},"inLanguage":"fr-FR","potentialAction":[{"@type":"ReadAction","target":["https:\/\/www.verdieditions.com\/equilibre-de-vie\/produit\/voyance-destin-gauthier\/"]}]},{"@type":"ImageObject","inLanguage":"fr-FR","@id":"https:\/\/www.verdieditions.com\/equilibre-de-vie\/produit\/voyance-destin-gauthier\/#primaryimage","url":"https:\/\/www.verdieditions.com\/equilibre-de-vie\/wp-content\/uploads\/2020\/04\/Voyance-destin-Fatalite-Gauthier.jpg","contentUrl":"https:\/\/www.verdieditions.com\/equilibre-de-vie\/wp-content\/uploads\/2020\/04\/Voyance-destin-Fatalite-Gauthier.jpg","width":845,"height":1326,"caption":"Voyance-destin-Fatalite-Gauthier"},{"@type":"BreadcrumbList","@id":"https:\/\/www.verdieditions.com\/equilibre-de-vie\/produit\/voyance-destin-gauthier\/#breadcrumb","itemListElement":[{"@type":"ListItem","position":1,"name":"Accueil","item":"https:\/\/www.verdieditions.com\/equilibre-de-vie\/"},{"@type":"ListItem","position":2,"name":"La boutique","item":"https:\/\/www.verdieditions.com\/equilibre-de-vie\/boutique\/"},{"@type":"ListItem","position":3,"name":"La voyance et votre destin &#8211; Eliane GAUTHIER"}]},{"@type":"WebSite","@id":"https:\/\/www.verdieditions.com\/equilibre-de-vie\/#website","url":"https:\/\/www.verdieditions.com\/equilibre-de-vie\/","name":"Equilibre de Vie","description":"Ma boutique livres sant\u00e9, \u00e9sot\u00e9risme et d\u00e9veloppement personnel","publisher":{"@id":"https:\/\/www.verdieditions.com\/equilibre-de-vie\/#\/schema\/person\/9dcb2a6759f2f5fbf43ac0b44649cecb"},"potentialAction":[{"@type":"SearchAction","target":{"@type":"EntryPoint","urlTemplate":"https:\/\/www.verdieditions.com\/equilibre-de-vie\/?s={search_term_string}"},"query-input":{"@type":"PropertyValueSpecification","valueRequired":true,"valueName":"search_term_string"}}],"inLanguage":"fr-FR"},{"@type":["Person","Organization"],"@id":"https:\/\/www.verdieditions.com\/equilibre-de-vie\/#\/schema\/person\/9dcb2a6759f2f5fbf43ac0b44649cecb","name":"Sylvie VERDI","image":{"@type":"ImageObject","inLanguage":"fr-FR","@id":"https:\/\/www.verdieditions.com\/equilibre-de-vie\/wp-content\/uploads\/2020\/04\/livres-occasion-sante-esoterisme-developpement-personnel-2.jpg","url":"https:\/\/www.verdieditions.com\/equilibre-de-vie\/wp-content\/uploads\/2020\/04\/livres-occasion-sante-esoterisme-developpement-personnel-2.jpg","contentUrl":"https:\/\/www.verdieditions.com\/equilibre-de-vie\/wp-content\/uploads\/2020\/04\/livres-occasion-sante-esoterisme-developpement-personnel-2.jpg","width":800,"height":572,"caption":"Sylvie VERDI"},"logo":{"@id":"https:\/\/www.verdieditions.com\/equilibre-de-vie\/wp-content\/uploads\/2020\/04\/livres-occasion-sante-esoterisme-developpement-personnel-2.jpg"},"sameAs":["https:\/\/www.verdieditions.com\/equilibre-de-vie"]}]}},"_links":{"self":[{"href":"https:\/\/www.verdieditions.com\/equilibre-de-vie\/wp-json\/wp\/v2\/product\/244","targetHints":{"allow":["GET"]}}],"collection":[{"href":"https:\/\/www.verdieditions.com\/equilibre-de-vie\/wp-json\/wp\/v2\/product"}],"about":[{"href":"https:\/\/www.verdieditions.com\/equilibre-de-vie\/wp-json\/wp\/v2\/types\/product"}],"wp:featuredmedia":[{"embeddable":true,"href":"https:\/\/www.verdieditions.com\/equilibre-de-vie\/wp-json\/wp\/v2\/media\/245"}],"wp:attachment":[{"href":"https:\/\/www.verdieditions.com\/equilibre-de-vie\/wp-json\/wp\/v2\/media?parent=244"}],"wp:term":[{"taxonomy":"product_brand","embeddable":true,"href":"https:\/\/www.verdieditions.com\/equilibre-de-vie\/wp-json\/wp\/v2\/product_brand?post=244"},{"taxonomy":"product_cat","embeddable":true,"href":"https:\/\/www.verdieditions.com\/equilibre-de-vie\/wp-json\/wp\/v2\/product_cat?post=244"},{"taxonomy":"product_tag","embeddable":true,"href":"https:\/\/www.verdieditions.com\/equilibre-de-vie\/wp-json\/wp\/v2\/product_tag?post=244"}],"curies":[{"name":"wp","href":"https:\/\/api.w.org\/{rel}","templated":true}]}}