{"id":235,"date":"2020-04-23T11:50:11","date_gmt":"2020-04-23T09:50:11","guid":{"rendered":"https:\/\/www.verdieditions.com\/equilibre-de-vie\/?post_type=product&#038;p=235"},"modified":"2024-02-06T12:30:53","modified_gmt":"2024-02-06T11:30:53","slug":"peurs-croyances-superstitions-lacotte","status":"publish","type":"product","link":"https:\/\/www.verdieditions.com\/equilibre-de-vie\/produit\/peurs-croyances-superstitions-lacotte\/","title":{"rendered":"Peurs, croyances et superstitions &#8211; Daniel LACOTTE"},"content":{"rendered":"<p>Auteur : Daniel LACOTTE<br \/>\nTitre : Peurs, croyances et superstitions<br \/>\n\u00c9diteur : Ouest France, 2001<br \/>\nDim. 13,5 x 20,5<br \/>\n303 pages<\/p>\n<p>Angoisses et utopies restent la cible privil\u00e9gi\u00e9e des marchands du temple de ce troisi\u00e8me mill\u00e9naire. Ce qui prouve bien que les peurs et croyances sont enracin\u00e9es dans les habitudes de notre quotidien. Aujourd&rsquo;hui, pour exorciser ces craintes ancestrales, la religion du marketing a supplant\u00e9 rituels pa\u00efens et convictions dogmatiques. Ainsi, jeux de hasard, cr\u00e8mes miracles contre le vieillissement, produits amincissants et g\u00e9lules aphrodisiaques s\u00e9duisent les esprits les plus cart\u00e9siens. Pourtant, il ne s&rsquo;agit souvent que de la p\u00e2le copie des rem\u00e8des de l&rsquo;Antiquit\u00e9, voire de la douteuse transposition des potions magiques qui firent le succ\u00e8s de la sorcellerie du Moyen Age ! Quant \u00e0 la pr\u00e9sence des Nostradamus d&rsquo;op\u00e9rette &#8211; que de nombreux chefs d&rsquo;Etat ont toujours pris go\u00fbt \u00e0 consulter &#8211; elle rappelle le r\u00f4le \u00e9minent qu&rsquo;occupait le sorcier dans les civilisations primitives. On peut bien s\u00fbr s&rsquo;amuser de tout cela. Mais rien n&rsquo;interdit d&rsquo;essayer de comprendre ! Sans pr\u00e9jug\u00e9. Car les doutes et les certitudes cachent en r\u00e9alit\u00e9 de troublants secrets. Leur puissance symbolique nous fait alors d\u00e9couvrir un monde insolite qui permet souvent de d\u00e9crypter nos propres tourments.<\/p>\n","protected":false},"excerpt":{"rendered":"<p>Auteur : Daniel LACOTTE<br \/>\nTitre : Peurs, croyances et superstitions<br \/>\n\u00c9diteur : Ouest France, 2001<br \/>\nDim. 13,5 x 20,5<br \/>\n303 pages<\/p>\n","protected":false},"featured_media":236,"template":"","meta":[],"product_brand":[],"product_cat":[23],"product_tag":[54,119,159,160],"class_list":{"0":"post-235","1":"product","2":"type-product","3":"status-publish","4":"has-post-thumbnail","6":"product_cat-esoterisme","7":"product_tag-croyances","8":"product_tag-peur","9":"product_tag-superstitions","10":"product_tag-supranormal","12":"first","13":"instock","14":"shipping-taxable","15":"product-type-simple"},"yoast_head":"<!-- This site is optimized with the Yoast SEO plugin v27.4 - https:\/\/yoast.com\/product\/yoast-seo-wordpress\/ -->\n<title>Peurs, croyances et superstitions - Daniel LACOTTE - Equilibre de Vie<\/title>\n<meta name=\"description\" content=\"Auteur : Daniel LACOTTE Titre : Peurs, croyances et superstitions \u00c9diteur : Ouest France, 2001 Dim. 13,5 x 20,5 303 pages\" \/>\n<meta name=\"robots\" content=\"index, follow, max-snippet:-1, max-image-preview:large, max-video-preview:-1\" \/>\n<link rel=\"canonical\" href=\"https:\/\/www.verdieditions.com\/equilibre-de-vie\/produit\/peurs-croyances-superstitions-lacotte\/\" \/>\n<meta property=\"og:locale\" content=\"fr_FR\" \/>\n<meta property=\"og:type\" content=\"article\" \/>\n<meta property=\"og:title\" content=\"Peurs, croyances et superstitions - Daniel LACOTTE - Equilibre de Vie\" \/>\n<meta property=\"og:description\" content=\"Auteur : Daniel LACOTTE Titre : Peurs, croyances et superstitions \u00c9diteur : Ouest France, 2001 Dim. 13,5 x 20,5 303 pages\" \/>\n<meta property=\"og:url\" content=\"https:\/\/www.verdieditions.com\/equilibre-de-vie\/produit\/peurs-croyances-superstitions-lacotte\/\" \/>\n<meta property=\"og:site_name\" content=\"Equilibre de Vie\" \/>\n<meta property=\"article:modified_time\" content=\"2024-02-06T11:30:53+00:00\" \/>\n<meta property=\"og:image\" content=\"https:\/\/www.verdieditions.com\/equilibre-de-vie\/wp-content\/uploads\/2020\/04\/peurs-croyances-superstitions-lacotte.jpg\" \/>\n\t<meta property=\"og:image:width\" content=\"849\" \/>\n\t<meta property=\"og:image:height\" content=\"1254\" \/>\n\t<meta property=\"og:image:type\" content=\"image\/jpeg\" \/>\n<meta name=\"twitter:card\" content=\"summary_large_image\" \/>\n<meta name=\"twitter:label1\" content=\"Dur\u00e9e de lecture estim\u00e9e\" \/>\n\t<meta name=\"twitter:data1\" content=\"1 minute\" \/>\n<script type=\"application\/ld+json\" class=\"yoast-schema-graph\">{\"@context\":\"https:\\\/\\\/schema.org\",\"@graph\":[{\"@type\":\"WebPage\",\"@id\":\"https:\\\/\\\/www.verdieditions.com\\\/equilibre-de-vie\\\/produit\\\/peurs-croyances-superstitions-lacotte\\\/\",\"url\":\"https:\\\/\\\/www.verdieditions.com\\\/equilibre-de-vie\\\/produit\\\/peurs-croyances-superstitions-lacotte\\\/\",\"name\":\"Peurs, croyances et superstitions - Daniel LACOTTE - Equilibre de Vie\",\"isPartOf\":{\"@id\":\"https:\\\/\\\/www.verdieditions.com\\\/equilibre-de-vie\\\/#website\"},\"primaryImageOfPage\":{\"@id\":\"https:\\\/\\\/www.verdieditions.com\\\/equilibre-de-vie\\\/produit\\\/peurs-croyances-superstitions-lacotte\\\/#primaryimage\"},\"image\":{\"@id\":\"https:\\\/\\\/www.verdieditions.com\\\/equilibre-de-vie\\\/produit\\\/peurs-croyances-superstitions-lacotte\\\/#primaryimage\"},\"thumbnailUrl\":\"https:\\\/\\\/www.verdieditions.com\\\/equilibre-de-vie\\\/wp-content\\\/uploads\\\/2020\\\/04\\\/peurs-croyances-superstitions-lacotte.jpg\",\"datePublished\":\"2020-04-23T09:50:11+00:00\",\"dateModified\":\"2024-02-06T11:30:53+00:00\",\"description\":\"Auteur : Daniel LACOTTE Titre : Peurs, croyances et superstitions \u00c9diteur : Ouest France, 2001 Dim. 13,5 x 20,5 303 pages\",\"breadcrumb\":{\"@id\":\"https:\\\/\\\/www.verdieditions.com\\\/equilibre-de-vie\\\/produit\\\/peurs-croyances-superstitions-lacotte\\\/#breadcrumb\"},\"inLanguage\":\"fr-FR\",\"potentialAction\":[{\"@type\":\"ReadAction\",\"target\":[\"https:\\\/\\\/www.verdieditions.com\\\/equilibre-de-vie\\\/produit\\\/peurs-croyances-superstitions-lacotte\\\/\"]}]},{\"@type\":\"ImageObject\",\"inLanguage\":\"fr-FR\",\"@id\":\"https:\\\/\\\/www.verdieditions.com\\\/equilibre-de-vie\\\/produit\\\/peurs-croyances-superstitions-lacotte\\\/#primaryimage\",\"url\":\"https:\\\/\\\/www.verdieditions.com\\\/equilibre-de-vie\\\/wp-content\\\/uploads\\\/2020\\\/04\\\/peurs-croyances-superstitions-lacotte.jpg\",\"contentUrl\":\"https:\\\/\\\/www.verdieditions.com\\\/equilibre-de-vie\\\/wp-content\\\/uploads\\\/2020\\\/04\\\/peurs-croyances-superstitions-lacotte.jpg\",\"width\":849,\"height\":1254,\"caption\":\"peurs-croyances-superstitions-lacotte\"},{\"@type\":\"BreadcrumbList\",\"@id\":\"https:\\\/\\\/www.verdieditions.com\\\/equilibre-de-vie\\\/produit\\\/peurs-croyances-superstitions-lacotte\\\/#breadcrumb\",\"itemListElement\":[{\"@type\":\"ListItem\",\"position\":1,\"name\":\"Accueil\",\"item\":\"https:\\\/\\\/www.verdieditions.com\\\/equilibre-de-vie\\\/\"},{\"@type\":\"ListItem\",\"position\":2,\"name\":\"La boutique\",\"item\":\"https:\\\/\\\/www.verdieditions.com\\\/equilibre-de-vie\\\/boutique\\\/\"},{\"@type\":\"ListItem\",\"position\":3,\"name\":\"Peurs, croyances et superstitions &#8211; Daniel LACOTTE\"}]},{\"@type\":\"WebSite\",\"@id\":\"https:\\\/\\\/www.verdieditions.com\\\/equilibre-de-vie\\\/#website\",\"url\":\"https:\\\/\\\/www.verdieditions.com\\\/equilibre-de-vie\\\/\",\"name\":\"Equilibre de Vie\",\"description\":\"Ma boutique livres sant\u00e9, \u00e9sot\u00e9risme et d\u00e9veloppement personnel\",\"publisher\":{\"@id\":\"https:\\\/\\\/www.verdieditions.com\\\/equilibre-de-vie\\\/#\\\/schema\\\/person\\\/9dcb2a6759f2f5fbf43ac0b44649cecb\"},\"potentialAction\":[{\"@type\":\"SearchAction\",\"target\":{\"@type\":\"EntryPoint\",\"urlTemplate\":\"https:\\\/\\\/www.verdieditions.com\\\/equilibre-de-vie\\\/?s={search_term_string}\"},\"query-input\":{\"@type\":\"PropertyValueSpecification\",\"valueRequired\":true,\"valueName\":\"search_term_string\"}}],\"inLanguage\":\"fr-FR\"},{\"@type\":[\"Person\",\"Organization\"],\"@id\":\"https:\\\/\\\/www.verdieditions.com\\\/equilibre-de-vie\\\/#\\\/schema\\\/person\\\/9dcb2a6759f2f5fbf43ac0b44649cecb\",\"name\":\"Sylvie VERDI\",\"image\":{\"@type\":\"ImageObject\",\"inLanguage\":\"fr-FR\",\"@id\":\"https:\\\/\\\/www.verdieditions.com\\\/equilibre-de-vie\\\/wp-content\\\/uploads\\\/2020\\\/04\\\/livres-occasion-sante-esoterisme-developpement-personnel-2.jpg\",\"url\":\"https:\\\/\\\/www.verdieditions.com\\\/equilibre-de-vie\\\/wp-content\\\/uploads\\\/2020\\\/04\\\/livres-occasion-sante-esoterisme-developpement-personnel-2.jpg\",\"contentUrl\":\"https:\\\/\\\/www.verdieditions.com\\\/equilibre-de-vie\\\/wp-content\\\/uploads\\\/2020\\\/04\\\/livres-occasion-sante-esoterisme-developpement-personnel-2.jpg\",\"width\":800,\"height\":572,\"caption\":\"Sylvie VERDI\"},\"logo\":{\"@id\":\"https:\\\/\\\/www.verdieditions.com\\\/equilibre-de-vie\\\/wp-content\\\/uploads\\\/2020\\\/04\\\/livres-occasion-sante-esoterisme-developpement-personnel-2.jpg\"},\"sameAs\":[\"https:\\\/\\\/www.verdieditions.com\\\/equilibre-de-vie\"]}]}<\/script>\n<!-- \/ Yoast SEO plugin. -->","yoast_head_json":{"title":"Peurs, croyances et superstitions - Daniel LACOTTE - Equilibre de Vie","description":"Auteur : Daniel LACOTTE Titre : Peurs, croyances et superstitions \u00c9diteur : Ouest France, 2001 Dim. 13,5 x 20,5 303 pages","robots":{"index":"index","follow":"follow","max-snippet":"max-snippet:-1","max-image-preview":"max-image-preview:large","max-video-preview":"max-video-preview:-1"},"canonical":"https:\/\/www.verdieditions.com\/equilibre-de-vie\/produit\/peurs-croyances-superstitions-lacotte\/","og_locale":"fr_FR","og_type":"article","og_title":"Peurs, croyances et superstitions - Daniel LACOTTE - Equilibre de Vie","og_description":"Auteur : Daniel LACOTTE Titre : Peurs, croyances et superstitions \u00c9diteur : Ouest France, 2001 Dim. 13,5 x 20,5 303 pages","og_url":"https:\/\/www.verdieditions.com\/equilibre-de-vie\/produit\/peurs-croyances-superstitions-lacotte\/","og_site_name":"Equilibre de Vie","article_modified_time":"2024-02-06T11:30:53+00:00","og_image":[{"width":849,"height":1254,"url":"https:\/\/www.verdieditions.com\/equilibre-de-vie\/wp-content\/uploads\/2020\/04\/peurs-croyances-superstitions-lacotte.jpg","type":"image\/jpeg"}],"twitter_card":"summary_large_image","twitter_misc":{"Dur\u00e9e de lecture estim\u00e9e":"1 minute"},"schema":{"@context":"https:\/\/schema.org","@graph":[{"@type":"WebPage","@id":"https:\/\/www.verdieditions.com\/equilibre-de-vie\/produit\/peurs-croyances-superstitions-lacotte\/","url":"https:\/\/www.verdieditions.com\/equilibre-de-vie\/produit\/peurs-croyances-superstitions-lacotte\/","name":"Peurs, croyances et superstitions - Daniel LACOTTE - Equilibre de Vie","isPartOf":{"@id":"https:\/\/www.verdieditions.com\/equilibre-de-vie\/#website"},"primaryImageOfPage":{"@id":"https:\/\/www.verdieditions.com\/equilibre-de-vie\/produit\/peurs-croyances-superstitions-lacotte\/#primaryimage"},"image":{"@id":"https:\/\/www.verdieditions.com\/equilibre-de-vie\/produit\/peurs-croyances-superstitions-lacotte\/#primaryimage"},"thumbnailUrl":"https:\/\/www.verdieditions.com\/equilibre-de-vie\/wp-content\/uploads\/2020\/04\/peurs-croyances-superstitions-lacotte.jpg","datePublished":"2020-04-23T09:50:11+00:00","dateModified":"2024-02-06T11:30:53+00:00","description":"Auteur : Daniel LACOTTE Titre : Peurs, croyances et superstitions \u00c9diteur : Ouest France, 2001 Dim. 13,5 x 20,5 303 pages","breadcrumb":{"@id":"https:\/\/www.verdieditions.com\/equilibre-de-vie\/produit\/peurs-croyances-superstitions-lacotte\/#breadcrumb"},"inLanguage":"fr-FR","potentialAction":[{"@type":"ReadAction","target":["https:\/\/www.verdieditions.com\/equilibre-de-vie\/produit\/peurs-croyances-superstitions-lacotte\/"]}]},{"@type":"ImageObject","inLanguage":"fr-FR","@id":"https:\/\/www.verdieditions.com\/equilibre-de-vie\/produit\/peurs-croyances-superstitions-lacotte\/#primaryimage","url":"https:\/\/www.verdieditions.com\/equilibre-de-vie\/wp-content\/uploads\/2020\/04\/peurs-croyances-superstitions-lacotte.jpg","contentUrl":"https:\/\/www.verdieditions.com\/equilibre-de-vie\/wp-content\/uploads\/2020\/04\/peurs-croyances-superstitions-lacotte.jpg","width":849,"height":1254,"caption":"peurs-croyances-superstitions-lacotte"},{"@type":"BreadcrumbList","@id":"https:\/\/www.verdieditions.com\/equilibre-de-vie\/produit\/peurs-croyances-superstitions-lacotte\/#breadcrumb","itemListElement":[{"@type":"ListItem","position":1,"name":"Accueil","item":"https:\/\/www.verdieditions.com\/equilibre-de-vie\/"},{"@type":"ListItem","position":2,"name":"La boutique","item":"https:\/\/www.verdieditions.com\/equilibre-de-vie\/boutique\/"},{"@type":"ListItem","position":3,"name":"Peurs, croyances et superstitions &#8211; Daniel LACOTTE"}]},{"@type":"WebSite","@id":"https:\/\/www.verdieditions.com\/equilibre-de-vie\/#website","url":"https:\/\/www.verdieditions.com\/equilibre-de-vie\/","name":"Equilibre de Vie","description":"Ma boutique livres sant\u00e9, \u00e9sot\u00e9risme et d\u00e9veloppement personnel","publisher":{"@id":"https:\/\/www.verdieditions.com\/equilibre-de-vie\/#\/schema\/person\/9dcb2a6759f2f5fbf43ac0b44649cecb"},"potentialAction":[{"@type":"SearchAction","target":{"@type":"EntryPoint","urlTemplate":"https:\/\/www.verdieditions.com\/equilibre-de-vie\/?s={search_term_string}"},"query-input":{"@type":"PropertyValueSpecification","valueRequired":true,"valueName":"search_term_string"}}],"inLanguage":"fr-FR"},{"@type":["Person","Organization"],"@id":"https:\/\/www.verdieditions.com\/equilibre-de-vie\/#\/schema\/person\/9dcb2a6759f2f5fbf43ac0b44649cecb","name":"Sylvie VERDI","image":{"@type":"ImageObject","inLanguage":"fr-FR","@id":"https:\/\/www.verdieditions.com\/equilibre-de-vie\/wp-content\/uploads\/2020\/04\/livres-occasion-sante-esoterisme-developpement-personnel-2.jpg","url":"https:\/\/www.verdieditions.com\/equilibre-de-vie\/wp-content\/uploads\/2020\/04\/livres-occasion-sante-esoterisme-developpement-personnel-2.jpg","contentUrl":"https:\/\/www.verdieditions.com\/equilibre-de-vie\/wp-content\/uploads\/2020\/04\/livres-occasion-sante-esoterisme-developpement-personnel-2.jpg","width":800,"height":572,"caption":"Sylvie VERDI"},"logo":{"@id":"https:\/\/www.verdieditions.com\/equilibre-de-vie\/wp-content\/uploads\/2020\/04\/livres-occasion-sante-esoterisme-developpement-personnel-2.jpg"},"sameAs":["https:\/\/www.verdieditions.com\/equilibre-de-vie"]}]}},"_links":{"self":[{"href":"https:\/\/www.verdieditions.com\/equilibre-de-vie\/wp-json\/wp\/v2\/product\/235","targetHints":{"allow":["GET"]}}],"collection":[{"href":"https:\/\/www.verdieditions.com\/equilibre-de-vie\/wp-json\/wp\/v2\/product"}],"about":[{"href":"https:\/\/www.verdieditions.com\/equilibre-de-vie\/wp-json\/wp\/v2\/types\/product"}],"wp:featuredmedia":[{"embeddable":true,"href":"https:\/\/www.verdieditions.com\/equilibre-de-vie\/wp-json\/wp\/v2\/media\/236"}],"wp:attachment":[{"href":"https:\/\/www.verdieditions.com\/equilibre-de-vie\/wp-json\/wp\/v2\/media?parent=235"}],"wp:term":[{"taxonomy":"product_brand","embeddable":true,"href":"https:\/\/www.verdieditions.com\/equilibre-de-vie\/wp-json\/wp\/v2\/product_brand?post=235"},{"taxonomy":"product_cat","embeddable":true,"href":"https:\/\/www.verdieditions.com\/equilibre-de-vie\/wp-json\/wp\/v2\/product_cat?post=235"},{"taxonomy":"product_tag","embeddable":true,"href":"https:\/\/www.verdieditions.com\/equilibre-de-vie\/wp-json\/wp\/v2\/product_tag?post=235"}],"curies":[{"name":"wp","href":"https:\/\/api.w.org\/{rel}","templated":true}]}}