{"id":232,"date":"2020-04-23T11:30:44","date_gmt":"2020-04-23T09:30:44","guid":{"rendered":"https:\/\/www.verdieditions.com\/equilibre-de-vie\/?post_type=product&#038;p=232"},"modified":"2025-01-23T14:40:24","modified_gmt":"2025-01-23T13:40:24","slug":"tarot-initiatique-symbolique-esoterique-delcamp","status":"publish","type":"product","link":"https:\/\/www.verdieditions.com\/equilibre-de-vie\/produit\/tarot-initiatique-symbolique-esoterique-delcamp\/","title":{"rendered":"Le Tarot initiatique, symbolique &#038; \u00e9sot\u00e9rique &#8211; Edmond DELCAMP"},"content":{"rendered":"<p>Auteur : Edmond DELCAMP<br \/>\nTitre : Le Tarot initiatique, \u00e9tude symbolique &#038; \u00e9sot\u00e9rique<br \/>\n\u00c9diteur : Le courrier du livre, 1987<br \/>\nDate de parution originale : 1962<br \/>\nDim. 16,5 x 24<br \/>\n477 pages<\/p>\n<p>L&rsquo;image a \u00e9t\u00e9 un mode d&rsquo;enseignement retenu de tout temps : elle s&rsquo;impose au souvenir plus facilement que la parole et ne court pas le risque d&rsquo;\u00eatre d\u00e9form\u00e9e par la transmission orale ; enfin elle renferme un v\u00e9ritable symbole avec tous les avantages de ce dernier pour la tradition d&rsquo;une connaissance non destin\u00e9e au monde profane. Il \u00e9tait facile aussi, pour se pr\u00e9server des foudres de toutes les inquisitions, de la pr\u00e9senter sous la forme anonyme d&rsquo;un jeu. C&rsquo;est ce qui s&rsquo;est produit pour le Tarot. Ainsi sous un aspect ne pouvant gu\u00e8re attirer l&rsquo;attention de censeurs toujours vigilants, le Tarot a permis la transmission, de g\u00e9n\u00e9ration en g\u00e9n\u00e9ration, de la science des destin\u00e9es de l&rsquo;homme. Le Tarot, c&rsquo;est 22 arcanes majeurs auxquels on a ajout\u00e9 les arcanes mineurs. En r\u00e9alit\u00e9, il faut distinguer nettement d&rsquo;un c\u00f4t\u00e9 les 22 arcanes majeurs, de l&rsquo;autre les arcanes mineurs. Ceux-ci constituent un jeu dont on peut tirer, comme de tout jeu, un symbolisme valable par les nombres, les formes, les couleurs. Les arcanes majeurs, eux, sont manifestement pur symbolisme. Dans cet ouvrage, le propos de l&rsquo;auteur vise justement \u00e0 susciter l&rsquo;int\u00e9r\u00eat pour les recherches du symbolisme, car si l&rsquo;on n&rsquo;a pas le sens du symbolisme, il est difficile de p\u00e9n\u00e9trer le sens et la valeur de la vie et de toute la cr\u00e9ation. La r\u00e9\u00e9dition d&rsquo;un classique attendu par tous les sp\u00e9cialistes du Tarot et du symbolisme.<\/p>\n","protected":false},"excerpt":{"rendered":"<p>Auteur : Edmond DELCAMP<br \/>\nTitre : Le Tarot initiatique, \u00e9tude symbolique &#038; \u00e9sot\u00e9rique<br \/>\n\u00c9diteur : Le courrier du livre, 1987<br \/>\nDate de parution originale : 1962<br \/>\nDim. 16,5 x 24<br \/>\n477 pages<\/p>\n","protected":false},"featured_media":233,"template":"","meta":[],"product_brand":[],"product_cat":[23],"product_tag":[32,44,45,162],"class_list":{"0":"post-232","1":"product","2":"type-product","3":"status-publish","4":"has-post-thumbnail","6":"product_cat-esoterisme","7":"product_tag-arts-divinatoires","8":"product_tag-cartes","9":"product_tag-cartomancie","10":"product_tag-tarot","12":"first","13":"outofstock","14":"shipping-taxable","15":"product-type-simple"},"yoast_head":"<!-- This site is optimized with the Yoast SEO plugin v27.4 - https:\/\/yoast.com\/product\/yoast-seo-wordpress\/ -->\n<title>Le Tarot initiatique, symbolique &amp; \u00e9sot\u00e9rique - Edmond DELCAMP - Equilibre de Vie<\/title>\n<meta name=\"description\" content=\"Auteur : Edmond DELCAMP Titre : Le Tarot initiatique, \u00e9tude symbolique &amp; \u00e9sot\u00e9rique \u00c9diteur : Le courrier du livre, 1987 Date de parution originale : 1962 Dim. 16,5 x 24 477 pages\" \/>\n<meta name=\"robots\" content=\"index, follow, max-snippet:-1, max-image-preview:large, max-video-preview:-1\" \/>\n<link rel=\"canonical\" href=\"https:\/\/www.verdieditions.com\/equilibre-de-vie\/produit\/tarot-initiatique-symbolique-esoterique-delcamp\/\" \/>\n<meta property=\"og:locale\" content=\"fr_FR\" \/>\n<meta property=\"og:type\" content=\"article\" \/>\n<meta property=\"og:title\" content=\"Le Tarot initiatique, symbolique &amp; \u00e9sot\u00e9rique - Edmond DELCAMP - Equilibre de Vie\" \/>\n<meta property=\"og:description\" content=\"Auteur : Edmond DELCAMP Titre : Le Tarot initiatique, \u00e9tude symbolique &amp; \u00e9sot\u00e9rique \u00c9diteur : Le courrier du livre, 1987 Date de parution originale : 1962 Dim. 16,5 x 24 477 pages\" \/>\n<meta property=\"og:url\" content=\"https:\/\/www.verdieditions.com\/equilibre-de-vie\/produit\/tarot-initiatique-symbolique-esoterique-delcamp\/\" \/>\n<meta property=\"og:site_name\" content=\"Equilibre de Vie\" \/>\n<meta property=\"article:modified_time\" content=\"2025-01-23T13:40:24+00:00\" \/>\n<meta property=\"og:image\" content=\"https:\/\/www.verdieditions.com\/equilibre-de-vie\/wp-content\/uploads\/2020\/04\/delcamp-tarot-initiatique-esoterique-symbolique.jpg\" \/>\n\t<meta property=\"og:image:width\" content=\"908\" \/>\n\t<meta property=\"og:image:height\" content=\"1293\" \/>\n\t<meta property=\"og:image:type\" content=\"image\/jpeg\" \/>\n<meta name=\"twitter:card\" content=\"summary_large_image\" \/>\n<meta name=\"twitter:label1\" content=\"Dur\u00e9e de lecture estim\u00e9e\" \/>\n\t<meta name=\"twitter:data1\" content=\"1 minute\" \/>\n<script type=\"application\/ld+json\" class=\"yoast-schema-graph\">{\"@context\":\"https:\\\/\\\/schema.org\",\"@graph\":[{\"@type\":\"WebPage\",\"@id\":\"https:\\\/\\\/www.verdieditions.com\\\/equilibre-de-vie\\\/produit\\\/tarot-initiatique-symbolique-esoterique-delcamp\\\/\",\"url\":\"https:\\\/\\\/www.verdieditions.com\\\/equilibre-de-vie\\\/produit\\\/tarot-initiatique-symbolique-esoterique-delcamp\\\/\",\"name\":\"Le Tarot initiatique, symbolique & \u00e9sot\u00e9rique - Edmond DELCAMP - Equilibre de Vie\",\"isPartOf\":{\"@id\":\"https:\\\/\\\/www.verdieditions.com\\\/equilibre-de-vie\\\/#website\"},\"primaryImageOfPage\":{\"@id\":\"https:\\\/\\\/www.verdieditions.com\\\/equilibre-de-vie\\\/produit\\\/tarot-initiatique-symbolique-esoterique-delcamp\\\/#primaryimage\"},\"image\":{\"@id\":\"https:\\\/\\\/www.verdieditions.com\\\/equilibre-de-vie\\\/produit\\\/tarot-initiatique-symbolique-esoterique-delcamp\\\/#primaryimage\"},\"thumbnailUrl\":\"https:\\\/\\\/www.verdieditions.com\\\/equilibre-de-vie\\\/wp-content\\\/uploads\\\/2020\\\/04\\\/delcamp-tarot-initiatique-esoterique-symbolique.jpg\",\"datePublished\":\"2020-04-23T09:30:44+00:00\",\"dateModified\":\"2025-01-23T13:40:24+00:00\",\"description\":\"Auteur : Edmond DELCAMP Titre : Le Tarot initiatique, \u00e9tude symbolique & \u00e9sot\u00e9rique \u00c9diteur : Le courrier du livre, 1987 Date de parution originale : 1962 Dim. 16,5 x 24 477 pages\",\"breadcrumb\":{\"@id\":\"https:\\\/\\\/www.verdieditions.com\\\/equilibre-de-vie\\\/produit\\\/tarot-initiatique-symbolique-esoterique-delcamp\\\/#breadcrumb\"},\"inLanguage\":\"fr-FR\",\"potentialAction\":[{\"@type\":\"ReadAction\",\"target\":[\"https:\\\/\\\/www.verdieditions.com\\\/equilibre-de-vie\\\/produit\\\/tarot-initiatique-symbolique-esoterique-delcamp\\\/\"]}]},{\"@type\":\"ImageObject\",\"inLanguage\":\"fr-FR\",\"@id\":\"https:\\\/\\\/www.verdieditions.com\\\/equilibre-de-vie\\\/produit\\\/tarot-initiatique-symbolique-esoterique-delcamp\\\/#primaryimage\",\"url\":\"https:\\\/\\\/www.verdieditions.com\\\/equilibre-de-vie\\\/wp-content\\\/uploads\\\/2020\\\/04\\\/delcamp-tarot-initiatique-esoterique-symbolique.jpg\",\"contentUrl\":\"https:\\\/\\\/www.verdieditions.com\\\/equilibre-de-vie\\\/wp-content\\\/uploads\\\/2020\\\/04\\\/delcamp-tarot-initiatique-esoterique-symbolique.jpg\",\"width\":908,\"height\":1293,\"caption\":\"delcamp-tarot-initiatique-esoterique-symbolique\"},{\"@type\":\"BreadcrumbList\",\"@id\":\"https:\\\/\\\/www.verdieditions.com\\\/equilibre-de-vie\\\/produit\\\/tarot-initiatique-symbolique-esoterique-delcamp\\\/#breadcrumb\",\"itemListElement\":[{\"@type\":\"ListItem\",\"position\":1,\"name\":\"Accueil\",\"item\":\"https:\\\/\\\/www.verdieditions.com\\\/equilibre-de-vie\\\/\"},{\"@type\":\"ListItem\",\"position\":2,\"name\":\"La boutique\",\"item\":\"https:\\\/\\\/www.verdieditions.com\\\/equilibre-de-vie\\\/boutique\\\/\"},{\"@type\":\"ListItem\",\"position\":3,\"name\":\"Le Tarot initiatique, symbolique &#038; \u00e9sot\u00e9rique &#8211; Edmond DELCAMP\"}]},{\"@type\":\"WebSite\",\"@id\":\"https:\\\/\\\/www.verdieditions.com\\\/equilibre-de-vie\\\/#website\",\"url\":\"https:\\\/\\\/www.verdieditions.com\\\/equilibre-de-vie\\\/\",\"name\":\"Equilibre de Vie\",\"description\":\"Ma boutique livres sant\u00e9, \u00e9sot\u00e9risme et d\u00e9veloppement personnel\",\"publisher\":{\"@id\":\"https:\\\/\\\/www.verdieditions.com\\\/equilibre-de-vie\\\/#\\\/schema\\\/person\\\/9dcb2a6759f2f5fbf43ac0b44649cecb\"},\"potentialAction\":[{\"@type\":\"SearchAction\",\"target\":{\"@type\":\"EntryPoint\",\"urlTemplate\":\"https:\\\/\\\/www.verdieditions.com\\\/equilibre-de-vie\\\/?s={search_term_string}\"},\"query-input\":{\"@type\":\"PropertyValueSpecification\",\"valueRequired\":true,\"valueName\":\"search_term_string\"}}],\"inLanguage\":\"fr-FR\"},{\"@type\":[\"Person\",\"Organization\"],\"@id\":\"https:\\\/\\\/www.verdieditions.com\\\/equilibre-de-vie\\\/#\\\/schema\\\/person\\\/9dcb2a6759f2f5fbf43ac0b44649cecb\",\"name\":\"Sylvie VERDI\",\"image\":{\"@type\":\"ImageObject\",\"inLanguage\":\"fr-FR\",\"@id\":\"https:\\\/\\\/www.verdieditions.com\\\/equilibre-de-vie\\\/wp-content\\\/uploads\\\/2020\\\/04\\\/livres-occasion-sante-esoterisme-developpement-personnel-2.jpg\",\"url\":\"https:\\\/\\\/www.verdieditions.com\\\/equilibre-de-vie\\\/wp-content\\\/uploads\\\/2020\\\/04\\\/livres-occasion-sante-esoterisme-developpement-personnel-2.jpg\",\"contentUrl\":\"https:\\\/\\\/www.verdieditions.com\\\/equilibre-de-vie\\\/wp-content\\\/uploads\\\/2020\\\/04\\\/livres-occasion-sante-esoterisme-developpement-personnel-2.jpg\",\"width\":800,\"height\":572,\"caption\":\"Sylvie VERDI\"},\"logo\":{\"@id\":\"https:\\\/\\\/www.verdieditions.com\\\/equilibre-de-vie\\\/wp-content\\\/uploads\\\/2020\\\/04\\\/livres-occasion-sante-esoterisme-developpement-personnel-2.jpg\"},\"sameAs\":[\"https:\\\/\\\/www.verdieditions.com\\\/equilibre-de-vie\"]}]}<\/script>\n<!-- \/ Yoast SEO plugin. -->","yoast_head_json":{"title":"Le Tarot initiatique, symbolique & \u00e9sot\u00e9rique - Edmond DELCAMP - Equilibre de Vie","description":"Auteur : Edmond DELCAMP Titre : Le Tarot initiatique, \u00e9tude symbolique & \u00e9sot\u00e9rique \u00c9diteur : Le courrier du livre, 1987 Date de parution originale : 1962 Dim. 16,5 x 24 477 pages","robots":{"index":"index","follow":"follow","max-snippet":"max-snippet:-1","max-image-preview":"max-image-preview:large","max-video-preview":"max-video-preview:-1"},"canonical":"https:\/\/www.verdieditions.com\/equilibre-de-vie\/produit\/tarot-initiatique-symbolique-esoterique-delcamp\/","og_locale":"fr_FR","og_type":"article","og_title":"Le Tarot initiatique, symbolique & \u00e9sot\u00e9rique - Edmond DELCAMP - Equilibre de Vie","og_description":"Auteur : Edmond DELCAMP Titre : Le Tarot initiatique, \u00e9tude symbolique & \u00e9sot\u00e9rique \u00c9diteur : Le courrier du livre, 1987 Date de parution originale : 1962 Dim. 16,5 x 24 477 pages","og_url":"https:\/\/www.verdieditions.com\/equilibre-de-vie\/produit\/tarot-initiatique-symbolique-esoterique-delcamp\/","og_site_name":"Equilibre de Vie","article_modified_time":"2025-01-23T13:40:24+00:00","og_image":[{"width":908,"height":1293,"url":"https:\/\/www.verdieditions.com\/equilibre-de-vie\/wp-content\/uploads\/2020\/04\/delcamp-tarot-initiatique-esoterique-symbolique.jpg","type":"image\/jpeg"}],"twitter_card":"summary_large_image","twitter_misc":{"Dur\u00e9e de lecture estim\u00e9e":"1 minute"},"schema":{"@context":"https:\/\/schema.org","@graph":[{"@type":"WebPage","@id":"https:\/\/www.verdieditions.com\/equilibre-de-vie\/produit\/tarot-initiatique-symbolique-esoterique-delcamp\/","url":"https:\/\/www.verdieditions.com\/equilibre-de-vie\/produit\/tarot-initiatique-symbolique-esoterique-delcamp\/","name":"Le Tarot initiatique, symbolique & \u00e9sot\u00e9rique - Edmond DELCAMP - Equilibre de Vie","isPartOf":{"@id":"https:\/\/www.verdieditions.com\/equilibre-de-vie\/#website"},"primaryImageOfPage":{"@id":"https:\/\/www.verdieditions.com\/equilibre-de-vie\/produit\/tarot-initiatique-symbolique-esoterique-delcamp\/#primaryimage"},"image":{"@id":"https:\/\/www.verdieditions.com\/equilibre-de-vie\/produit\/tarot-initiatique-symbolique-esoterique-delcamp\/#primaryimage"},"thumbnailUrl":"https:\/\/www.verdieditions.com\/equilibre-de-vie\/wp-content\/uploads\/2020\/04\/delcamp-tarot-initiatique-esoterique-symbolique.jpg","datePublished":"2020-04-23T09:30:44+00:00","dateModified":"2025-01-23T13:40:24+00:00","description":"Auteur : Edmond DELCAMP Titre : Le Tarot initiatique, \u00e9tude symbolique & \u00e9sot\u00e9rique \u00c9diteur : Le courrier du livre, 1987 Date de parution originale : 1962 Dim. 16,5 x 24 477 pages","breadcrumb":{"@id":"https:\/\/www.verdieditions.com\/equilibre-de-vie\/produit\/tarot-initiatique-symbolique-esoterique-delcamp\/#breadcrumb"},"inLanguage":"fr-FR","potentialAction":[{"@type":"ReadAction","target":["https:\/\/www.verdieditions.com\/equilibre-de-vie\/produit\/tarot-initiatique-symbolique-esoterique-delcamp\/"]}]},{"@type":"ImageObject","inLanguage":"fr-FR","@id":"https:\/\/www.verdieditions.com\/equilibre-de-vie\/produit\/tarot-initiatique-symbolique-esoterique-delcamp\/#primaryimage","url":"https:\/\/www.verdieditions.com\/equilibre-de-vie\/wp-content\/uploads\/2020\/04\/delcamp-tarot-initiatique-esoterique-symbolique.jpg","contentUrl":"https:\/\/www.verdieditions.com\/equilibre-de-vie\/wp-content\/uploads\/2020\/04\/delcamp-tarot-initiatique-esoterique-symbolique.jpg","width":908,"height":1293,"caption":"delcamp-tarot-initiatique-esoterique-symbolique"},{"@type":"BreadcrumbList","@id":"https:\/\/www.verdieditions.com\/equilibre-de-vie\/produit\/tarot-initiatique-symbolique-esoterique-delcamp\/#breadcrumb","itemListElement":[{"@type":"ListItem","position":1,"name":"Accueil","item":"https:\/\/www.verdieditions.com\/equilibre-de-vie\/"},{"@type":"ListItem","position":2,"name":"La boutique","item":"https:\/\/www.verdieditions.com\/equilibre-de-vie\/boutique\/"},{"@type":"ListItem","position":3,"name":"Le Tarot initiatique, symbolique &#038; \u00e9sot\u00e9rique &#8211; Edmond DELCAMP"}]},{"@type":"WebSite","@id":"https:\/\/www.verdieditions.com\/equilibre-de-vie\/#website","url":"https:\/\/www.verdieditions.com\/equilibre-de-vie\/","name":"Equilibre de Vie","description":"Ma boutique livres sant\u00e9, \u00e9sot\u00e9risme et d\u00e9veloppement personnel","publisher":{"@id":"https:\/\/www.verdieditions.com\/equilibre-de-vie\/#\/schema\/person\/9dcb2a6759f2f5fbf43ac0b44649cecb"},"potentialAction":[{"@type":"SearchAction","target":{"@type":"EntryPoint","urlTemplate":"https:\/\/www.verdieditions.com\/equilibre-de-vie\/?s={search_term_string}"},"query-input":{"@type":"PropertyValueSpecification","valueRequired":true,"valueName":"search_term_string"}}],"inLanguage":"fr-FR"},{"@type":["Person","Organization"],"@id":"https:\/\/www.verdieditions.com\/equilibre-de-vie\/#\/schema\/person\/9dcb2a6759f2f5fbf43ac0b44649cecb","name":"Sylvie VERDI","image":{"@type":"ImageObject","inLanguage":"fr-FR","@id":"https:\/\/www.verdieditions.com\/equilibre-de-vie\/wp-content\/uploads\/2020\/04\/livres-occasion-sante-esoterisme-developpement-personnel-2.jpg","url":"https:\/\/www.verdieditions.com\/equilibre-de-vie\/wp-content\/uploads\/2020\/04\/livres-occasion-sante-esoterisme-developpement-personnel-2.jpg","contentUrl":"https:\/\/www.verdieditions.com\/equilibre-de-vie\/wp-content\/uploads\/2020\/04\/livres-occasion-sante-esoterisme-developpement-personnel-2.jpg","width":800,"height":572,"caption":"Sylvie VERDI"},"logo":{"@id":"https:\/\/www.verdieditions.com\/equilibre-de-vie\/wp-content\/uploads\/2020\/04\/livres-occasion-sante-esoterisme-developpement-personnel-2.jpg"},"sameAs":["https:\/\/www.verdieditions.com\/equilibre-de-vie"]}]}},"_links":{"self":[{"href":"https:\/\/www.verdieditions.com\/equilibre-de-vie\/wp-json\/wp\/v2\/product\/232","targetHints":{"allow":["GET"]}}],"collection":[{"href":"https:\/\/www.verdieditions.com\/equilibre-de-vie\/wp-json\/wp\/v2\/product"}],"about":[{"href":"https:\/\/www.verdieditions.com\/equilibre-de-vie\/wp-json\/wp\/v2\/types\/product"}],"wp:featuredmedia":[{"embeddable":true,"href":"https:\/\/www.verdieditions.com\/equilibre-de-vie\/wp-json\/wp\/v2\/media\/233"}],"wp:attachment":[{"href":"https:\/\/www.verdieditions.com\/equilibre-de-vie\/wp-json\/wp\/v2\/media?parent=232"}],"wp:term":[{"taxonomy":"product_brand","embeddable":true,"href":"https:\/\/www.verdieditions.com\/equilibre-de-vie\/wp-json\/wp\/v2\/product_brand?post=232"},{"taxonomy":"product_cat","embeddable":true,"href":"https:\/\/www.verdieditions.com\/equilibre-de-vie\/wp-json\/wp\/v2\/product_cat?post=232"},{"taxonomy":"product_tag","embeddable":true,"href":"https:\/\/www.verdieditions.com\/equilibre-de-vie\/wp-json\/wp\/v2\/product_tag?post=232"}],"curies":[{"name":"wp","href":"https:\/\/api.w.org\/{rel}","templated":true}]}}