{"id":2307,"date":"2024-02-20T13:31:09","date_gmt":"2024-02-20T12:31:09","guid":{"rendered":"https:\/\/www.verdieditions.com\/equilibre-de-vie\/?post_type=product&#038;p=2307"},"modified":"2024-09-17T08:26:21","modified_gmt":"2024-09-17T06:26:21","slug":"duchatelle-transmutation-influences-planetaires","status":"publish","type":"product","link":"https:\/\/www.verdieditions.com\/equilibre-de-vie\/produit\/duchatelle-transmutation-influences-planetaires\/","title":{"rendered":"La transmutation des influences plan\u00e9taires &#8211; B. DUCHATELLE"},"content":{"rendered":"<p>Auteur : B. DUCHATELLE<br \/>\nTitre : La transmutation des influences plan\u00e9taires entre les anneaux du serpent<br \/>\n\u00c9diteur : La Roue Celeste, 1987<br \/>\nEdition originale<br \/>\nEtat : Excellent<br \/>\nDim. 14 x 22<br \/>\n270 pages<\/p>\n<p>Avec cet ouvrage, l\u2019auteur s\u2019engage compl\u00e8tement sur la voie de la transmutation astrologique ; il r\u00e9pond de fa\u00e7on pratique, r\u00e9elle, aux questions pos\u00e9es par le th\u00e8me natal. Ainsi, par exemple, \u00e9tudie-t-il en d\u00e9tail les moyens de comprendre et de contrecarrer les positions n\u00e9gatives de Mars et de Saturne. De m\u00eame il traite de lois oubli\u00e9es ou ignor\u00e9es, telles que l\u2019action des \u00e9clipses, des \u00e9toiles fixes, des n\u0153uds lunaires et des parall\u00e8les de d\u00e9clinaison.<br \/>\nCe livre nous pousse \u00e0 comprendre que l\u2019astrologie est un moyen privil\u00e9gi\u00e9 de se conna\u00eetre et de s\u2019\u00e9panouir \u00ab entre les anneaux du serpent \u00bb, c\u2019est-\u00e0-dire \u00e0 l\u2019int\u00e9rieur du grand cercle cosmique, le zodiaque.<\/p>\n","protected":false},"excerpt":{"rendered":"<p>Auteur : B. DUCHATELLE<br \/>\nTitre : La transmutation des influences plan\u00e9taires entre les anneaux du serpent<br \/>\n\u00c9diteur : La Roue Celeste, 1987<br \/>\nEdition originale<br \/>\nEtat : Excellent<br \/>\nDim. 14 x 22<br \/>\n270 pages<\/p>\n","protected":false},"featured_media":2326,"template":"","meta":[],"product_brand":[],"product_cat":[23],"product_tag":[34,91,97,185],"class_list":{"0":"post-2307","1":"product","2":"type-product","3":"status-publish","4":"has-post-thumbnail","6":"product_cat-esoterisme","7":"product_tag-astrologie","8":"product_tag-lune","9":"product_tag-mars","10":"product_tag-planetes","12":"first","13":"outofstock","14":"shipping-taxable","15":"product-type-simple"},"yoast_head":"<!-- This site is optimized with the Yoast SEO plugin v27.4 - https:\/\/yoast.com\/product\/yoast-seo-wordpress\/ -->\n<title>La transmutation des influences plan\u00e9taires - B. DUCHATELLE - Equilibre de Vie<\/title>\n<meta name=\"description\" content=\"B. DUCHATELLE Titre : La transmutation des influences plan\u00e9taires \u00c9diteur : La Roue Celeste, 1987 Edition originale Etat : Excellent Dim. 14 x 22 270 pages\" \/>\n<meta name=\"robots\" content=\"index, follow, max-snippet:-1, max-image-preview:large, max-video-preview:-1\" \/>\n<link rel=\"canonical\" href=\"https:\/\/www.verdieditions.com\/equilibre-de-vie\/produit\/duchatelle-transmutation-influences-planetaires\/\" \/>\n<meta property=\"og:locale\" content=\"fr_FR\" \/>\n<meta property=\"og:type\" content=\"article\" \/>\n<meta property=\"og:title\" content=\"La transmutation des influences plan\u00e9taires - B. DUCHATELLE - Equilibre de Vie\" \/>\n<meta property=\"og:description\" content=\"B. DUCHATELLE Titre : La transmutation des influences plan\u00e9taires \u00c9diteur : La Roue Celeste, 1987 Edition originale Etat : Excellent Dim. 14 x 22 270 pages\" \/>\n<meta property=\"og:url\" content=\"https:\/\/www.verdieditions.com\/equilibre-de-vie\/produit\/duchatelle-transmutation-influences-planetaires\/\" \/>\n<meta property=\"og:site_name\" content=\"Equilibre de Vie\" \/>\n<meta property=\"article:modified_time\" content=\"2024-09-17T06:26:21+00:00\" \/>\n<meta property=\"og:image\" content=\"https:\/\/www.verdieditions.com\/equilibre-de-vie\/wp-content\/uploads\/2024\/02\/transmutation-influences-planetaires-duchatelle.jpg\" \/>\n\t<meta property=\"og:image:width\" content=\"533\" \/>\n\t<meta property=\"og:image:height\" content=\"800\" \/>\n\t<meta property=\"og:image:type\" content=\"image\/jpeg\" \/>\n<meta name=\"twitter:card\" content=\"summary_large_image\" \/>\n<meta name=\"twitter:label1\" content=\"Dur\u00e9e de lecture estim\u00e9e\" \/>\n\t<meta name=\"twitter:data1\" content=\"1 minute\" \/>\n<script type=\"application\/ld+json\" class=\"yoast-schema-graph\">{\"@context\":\"https:\\\/\\\/schema.org\",\"@graph\":[{\"@type\":\"WebPage\",\"@id\":\"https:\\\/\\\/www.verdieditions.com\\\/equilibre-de-vie\\\/produit\\\/duchatelle-transmutation-influences-planetaires\\\/\",\"url\":\"https:\\\/\\\/www.verdieditions.com\\\/equilibre-de-vie\\\/produit\\\/duchatelle-transmutation-influences-planetaires\\\/\",\"name\":\"La transmutation des influences plan\u00e9taires - B. DUCHATELLE - Equilibre de Vie\",\"isPartOf\":{\"@id\":\"https:\\\/\\\/www.verdieditions.com\\\/equilibre-de-vie\\\/#website\"},\"primaryImageOfPage\":{\"@id\":\"https:\\\/\\\/www.verdieditions.com\\\/equilibre-de-vie\\\/produit\\\/duchatelle-transmutation-influences-planetaires\\\/#primaryimage\"},\"image\":{\"@id\":\"https:\\\/\\\/www.verdieditions.com\\\/equilibre-de-vie\\\/produit\\\/duchatelle-transmutation-influences-planetaires\\\/#primaryimage\"},\"thumbnailUrl\":\"https:\\\/\\\/www.verdieditions.com\\\/equilibre-de-vie\\\/wp-content\\\/uploads\\\/2024\\\/02\\\/transmutation-influences-planetaires-duchatelle.jpg\",\"datePublished\":\"2024-02-20T12:31:09+00:00\",\"dateModified\":\"2024-09-17T06:26:21+00:00\",\"description\":\"B. DUCHATELLE Titre : La transmutation des influences plan\u00e9taires \u00c9diteur : La Roue Celeste, 1987 Edition originale Etat : Excellent Dim. 14 x 22 270 pages\",\"breadcrumb\":{\"@id\":\"https:\\\/\\\/www.verdieditions.com\\\/equilibre-de-vie\\\/produit\\\/duchatelle-transmutation-influences-planetaires\\\/#breadcrumb\"},\"inLanguage\":\"fr-FR\",\"potentialAction\":[{\"@type\":\"ReadAction\",\"target\":[\"https:\\\/\\\/www.verdieditions.com\\\/equilibre-de-vie\\\/produit\\\/duchatelle-transmutation-influences-planetaires\\\/\"]}]},{\"@type\":\"ImageObject\",\"inLanguage\":\"fr-FR\",\"@id\":\"https:\\\/\\\/www.verdieditions.com\\\/equilibre-de-vie\\\/produit\\\/duchatelle-transmutation-influences-planetaires\\\/#primaryimage\",\"url\":\"https:\\\/\\\/www.verdieditions.com\\\/equilibre-de-vie\\\/wp-content\\\/uploads\\\/2024\\\/02\\\/transmutation-influences-planetaires-duchatelle.jpg\",\"contentUrl\":\"https:\\\/\\\/www.verdieditions.com\\\/equilibre-de-vie\\\/wp-content\\\/uploads\\\/2024\\\/02\\\/transmutation-influences-planetaires-duchatelle.jpg\",\"width\":533,\"height\":800,\"caption\":\"transmutation-influences-planetaires-duchatelle\"},{\"@type\":\"BreadcrumbList\",\"@id\":\"https:\\\/\\\/www.verdieditions.com\\\/equilibre-de-vie\\\/produit\\\/duchatelle-transmutation-influences-planetaires\\\/#breadcrumb\",\"itemListElement\":[{\"@type\":\"ListItem\",\"position\":1,\"name\":\"Accueil\",\"item\":\"https:\\\/\\\/www.verdieditions.com\\\/equilibre-de-vie\\\/\"},{\"@type\":\"ListItem\",\"position\":2,\"name\":\"La boutique\",\"item\":\"https:\\\/\\\/www.verdieditions.com\\\/equilibre-de-vie\\\/boutique\\\/\"},{\"@type\":\"ListItem\",\"position\":3,\"name\":\"La transmutation des influences plan\u00e9taires &#8211; B. DUCHATELLE\"}]},{\"@type\":\"WebSite\",\"@id\":\"https:\\\/\\\/www.verdieditions.com\\\/equilibre-de-vie\\\/#website\",\"url\":\"https:\\\/\\\/www.verdieditions.com\\\/equilibre-de-vie\\\/\",\"name\":\"Equilibre de Vie\",\"description\":\"Ma boutique livres sant\u00e9, \u00e9sot\u00e9risme et d\u00e9veloppement personnel\",\"publisher\":{\"@id\":\"https:\\\/\\\/www.verdieditions.com\\\/equilibre-de-vie\\\/#\\\/schema\\\/person\\\/9dcb2a6759f2f5fbf43ac0b44649cecb\"},\"potentialAction\":[{\"@type\":\"SearchAction\",\"target\":{\"@type\":\"EntryPoint\",\"urlTemplate\":\"https:\\\/\\\/www.verdieditions.com\\\/equilibre-de-vie\\\/?s={search_term_string}\"},\"query-input\":{\"@type\":\"PropertyValueSpecification\",\"valueRequired\":true,\"valueName\":\"search_term_string\"}}],\"inLanguage\":\"fr-FR\"},{\"@type\":[\"Person\",\"Organization\"],\"@id\":\"https:\\\/\\\/www.verdieditions.com\\\/equilibre-de-vie\\\/#\\\/schema\\\/person\\\/9dcb2a6759f2f5fbf43ac0b44649cecb\",\"name\":\"Sylvie VERDI\",\"image\":{\"@type\":\"ImageObject\",\"inLanguage\":\"fr-FR\",\"@id\":\"https:\\\/\\\/www.verdieditions.com\\\/equilibre-de-vie\\\/wp-content\\\/uploads\\\/2020\\\/04\\\/livres-occasion-sante-esoterisme-developpement-personnel-2.jpg\",\"url\":\"https:\\\/\\\/www.verdieditions.com\\\/equilibre-de-vie\\\/wp-content\\\/uploads\\\/2020\\\/04\\\/livres-occasion-sante-esoterisme-developpement-personnel-2.jpg\",\"contentUrl\":\"https:\\\/\\\/www.verdieditions.com\\\/equilibre-de-vie\\\/wp-content\\\/uploads\\\/2020\\\/04\\\/livres-occasion-sante-esoterisme-developpement-personnel-2.jpg\",\"width\":800,\"height\":572,\"caption\":\"Sylvie VERDI\"},\"logo\":{\"@id\":\"https:\\\/\\\/www.verdieditions.com\\\/equilibre-de-vie\\\/wp-content\\\/uploads\\\/2020\\\/04\\\/livres-occasion-sante-esoterisme-developpement-personnel-2.jpg\"},\"sameAs\":[\"https:\\\/\\\/www.verdieditions.com\\\/equilibre-de-vie\"]}]}<\/script>\n<!-- \/ Yoast SEO plugin. -->","yoast_head_json":{"title":"La transmutation des influences plan\u00e9taires - B. DUCHATELLE - Equilibre de Vie","description":"B. DUCHATELLE Titre : La transmutation des influences plan\u00e9taires \u00c9diteur : La Roue Celeste, 1987 Edition originale Etat : Excellent Dim. 14 x 22 270 pages","robots":{"index":"index","follow":"follow","max-snippet":"max-snippet:-1","max-image-preview":"max-image-preview:large","max-video-preview":"max-video-preview:-1"},"canonical":"https:\/\/www.verdieditions.com\/equilibre-de-vie\/produit\/duchatelle-transmutation-influences-planetaires\/","og_locale":"fr_FR","og_type":"article","og_title":"La transmutation des influences plan\u00e9taires - B. DUCHATELLE - Equilibre de Vie","og_description":"B. DUCHATELLE Titre : La transmutation des influences plan\u00e9taires \u00c9diteur : La Roue Celeste, 1987 Edition originale Etat : Excellent Dim. 14 x 22 270 pages","og_url":"https:\/\/www.verdieditions.com\/equilibre-de-vie\/produit\/duchatelle-transmutation-influences-planetaires\/","og_site_name":"Equilibre de Vie","article_modified_time":"2024-09-17T06:26:21+00:00","og_image":[{"width":533,"height":800,"url":"https:\/\/www.verdieditions.com\/equilibre-de-vie\/wp-content\/uploads\/2024\/02\/transmutation-influences-planetaires-duchatelle.jpg","type":"image\/jpeg"}],"twitter_card":"summary_large_image","twitter_misc":{"Dur\u00e9e de lecture estim\u00e9e":"1 minute"},"schema":{"@context":"https:\/\/schema.org","@graph":[{"@type":"WebPage","@id":"https:\/\/www.verdieditions.com\/equilibre-de-vie\/produit\/duchatelle-transmutation-influences-planetaires\/","url":"https:\/\/www.verdieditions.com\/equilibre-de-vie\/produit\/duchatelle-transmutation-influences-planetaires\/","name":"La transmutation des influences plan\u00e9taires - B. DUCHATELLE - Equilibre de Vie","isPartOf":{"@id":"https:\/\/www.verdieditions.com\/equilibre-de-vie\/#website"},"primaryImageOfPage":{"@id":"https:\/\/www.verdieditions.com\/equilibre-de-vie\/produit\/duchatelle-transmutation-influences-planetaires\/#primaryimage"},"image":{"@id":"https:\/\/www.verdieditions.com\/equilibre-de-vie\/produit\/duchatelle-transmutation-influences-planetaires\/#primaryimage"},"thumbnailUrl":"https:\/\/www.verdieditions.com\/equilibre-de-vie\/wp-content\/uploads\/2024\/02\/transmutation-influences-planetaires-duchatelle.jpg","datePublished":"2024-02-20T12:31:09+00:00","dateModified":"2024-09-17T06:26:21+00:00","description":"B. DUCHATELLE Titre : La transmutation des influences plan\u00e9taires \u00c9diteur : La Roue Celeste, 1987 Edition originale Etat : Excellent Dim. 14 x 22 270 pages","breadcrumb":{"@id":"https:\/\/www.verdieditions.com\/equilibre-de-vie\/produit\/duchatelle-transmutation-influences-planetaires\/#breadcrumb"},"inLanguage":"fr-FR","potentialAction":[{"@type":"ReadAction","target":["https:\/\/www.verdieditions.com\/equilibre-de-vie\/produit\/duchatelle-transmutation-influences-planetaires\/"]}]},{"@type":"ImageObject","inLanguage":"fr-FR","@id":"https:\/\/www.verdieditions.com\/equilibre-de-vie\/produit\/duchatelle-transmutation-influences-planetaires\/#primaryimage","url":"https:\/\/www.verdieditions.com\/equilibre-de-vie\/wp-content\/uploads\/2024\/02\/transmutation-influences-planetaires-duchatelle.jpg","contentUrl":"https:\/\/www.verdieditions.com\/equilibre-de-vie\/wp-content\/uploads\/2024\/02\/transmutation-influences-planetaires-duchatelle.jpg","width":533,"height":800,"caption":"transmutation-influences-planetaires-duchatelle"},{"@type":"BreadcrumbList","@id":"https:\/\/www.verdieditions.com\/equilibre-de-vie\/produit\/duchatelle-transmutation-influences-planetaires\/#breadcrumb","itemListElement":[{"@type":"ListItem","position":1,"name":"Accueil","item":"https:\/\/www.verdieditions.com\/equilibre-de-vie\/"},{"@type":"ListItem","position":2,"name":"La boutique","item":"https:\/\/www.verdieditions.com\/equilibre-de-vie\/boutique\/"},{"@type":"ListItem","position":3,"name":"La transmutation des influences plan\u00e9taires &#8211; B. DUCHATELLE"}]},{"@type":"WebSite","@id":"https:\/\/www.verdieditions.com\/equilibre-de-vie\/#website","url":"https:\/\/www.verdieditions.com\/equilibre-de-vie\/","name":"Equilibre de Vie","description":"Ma boutique livres sant\u00e9, \u00e9sot\u00e9risme et d\u00e9veloppement personnel","publisher":{"@id":"https:\/\/www.verdieditions.com\/equilibre-de-vie\/#\/schema\/person\/9dcb2a6759f2f5fbf43ac0b44649cecb"},"potentialAction":[{"@type":"SearchAction","target":{"@type":"EntryPoint","urlTemplate":"https:\/\/www.verdieditions.com\/equilibre-de-vie\/?s={search_term_string}"},"query-input":{"@type":"PropertyValueSpecification","valueRequired":true,"valueName":"search_term_string"}}],"inLanguage":"fr-FR"},{"@type":["Person","Organization"],"@id":"https:\/\/www.verdieditions.com\/equilibre-de-vie\/#\/schema\/person\/9dcb2a6759f2f5fbf43ac0b44649cecb","name":"Sylvie VERDI","image":{"@type":"ImageObject","inLanguage":"fr-FR","@id":"https:\/\/www.verdieditions.com\/equilibre-de-vie\/wp-content\/uploads\/2020\/04\/livres-occasion-sante-esoterisme-developpement-personnel-2.jpg","url":"https:\/\/www.verdieditions.com\/equilibre-de-vie\/wp-content\/uploads\/2020\/04\/livres-occasion-sante-esoterisme-developpement-personnel-2.jpg","contentUrl":"https:\/\/www.verdieditions.com\/equilibre-de-vie\/wp-content\/uploads\/2020\/04\/livres-occasion-sante-esoterisme-developpement-personnel-2.jpg","width":800,"height":572,"caption":"Sylvie VERDI"},"logo":{"@id":"https:\/\/www.verdieditions.com\/equilibre-de-vie\/wp-content\/uploads\/2020\/04\/livres-occasion-sante-esoterisme-developpement-personnel-2.jpg"},"sameAs":["https:\/\/www.verdieditions.com\/equilibre-de-vie"]}]}},"_links":{"self":[{"href":"https:\/\/www.verdieditions.com\/equilibre-de-vie\/wp-json\/wp\/v2\/product\/2307","targetHints":{"allow":["GET"]}}],"collection":[{"href":"https:\/\/www.verdieditions.com\/equilibre-de-vie\/wp-json\/wp\/v2\/product"}],"about":[{"href":"https:\/\/www.verdieditions.com\/equilibre-de-vie\/wp-json\/wp\/v2\/types\/product"}],"wp:featuredmedia":[{"embeddable":true,"href":"https:\/\/www.verdieditions.com\/equilibre-de-vie\/wp-json\/wp\/v2\/media\/2326"}],"wp:attachment":[{"href":"https:\/\/www.verdieditions.com\/equilibre-de-vie\/wp-json\/wp\/v2\/media?parent=2307"}],"wp:term":[{"taxonomy":"product_brand","embeddable":true,"href":"https:\/\/www.verdieditions.com\/equilibre-de-vie\/wp-json\/wp\/v2\/product_brand?post=2307"},{"taxonomy":"product_cat","embeddable":true,"href":"https:\/\/www.verdieditions.com\/equilibre-de-vie\/wp-json\/wp\/v2\/product_cat?post=2307"},{"taxonomy":"product_tag","embeddable":true,"href":"https:\/\/www.verdieditions.com\/equilibre-de-vie\/wp-json\/wp\/v2\/product_tag?post=2307"}],"curies":[{"name":"wp","href":"https:\/\/api.w.org\/{rel}","templated":true}]}}