{"id":2305,"date":"2024-02-20T13:14:36","date_gmt":"2024-02-20T12:14:36","guid":{"rendered":"https:\/\/www.verdieditions.com\/equilibre-de-vie\/?post_type=product&#038;p=2305"},"modified":"2024-02-20T16:27:11","modified_gmt":"2024-02-20T15:27:11","slug":"harcelement-moral-violence-perverse-quotidien-hirigoyen","status":"publish","type":"product","link":"https:\/\/www.verdieditions.com\/equilibre-de-vie\/produit\/harcelement-moral-violence-perverse-quotidien-hirigoyen\/","title":{"rendered":"Le harc\u00e8lement moral &#8211; M.F. HIRIGOYEN"},"content":{"rendered":"<p>Auteur : Marie-France HIRIGOYEN<br \/>\nTitre : Le harc\u00e8lement moral, la violence perverse au quotidien<br \/>\n\u00c9diteur : Syros, 1998<br \/>\nEdition originale<br \/>\nDim. 13,5 x 22<br \/>\n212 pages<\/p>\n<p><strong>II est possible de d\u00e9truire quelqu&rsquo;un juste avec des mots, des regards, des sous-entendus : cela se nomme violence perverse ou harc\u00e8lement moral.<\/strong>\n                                <\/p>\n<p>Dans ce livre nourri de nombreux t\u00e9moignages, l&rsquo;auteur analyse la sp\u00e9cificit\u00e9 de la relation perverse et met en garde contre toute tentative de banalisation. Elle nous montre qu&rsquo;un m\u00eame processus mortif\u00e8re est \u00e0 l&rsquo;oeuvre, qu&rsquo;il s&rsquo;agisse d&rsquo;un couple, d&rsquo;une famille ou d&rsquo;une entreprise, entra\u00eenant les victimes dans une spirale d\u00e9pressive, voire suicidaire. Ces violences insidieuses d\u00e9coulent d&rsquo;une m\u00eame volont\u00e9 de se d\u00e9barrasser de quelqu&rsquo;un sans se salir les mains.<\/p>\n<p>\n                                    <strong>Car le propre du pervers est d&rsquo;avancer masqu\u00e9.<\/strong>\n                                <\/p>\n<p>C&rsquo;est cette imposture qu&rsquo;il faut d\u00e9voiler pour permettre \u00e0 la victime de retrouver ses rep\u00e8res et de se soustraire \u00e0 l&#8217;emprise de son agresseur. S&rsquo;appuyant sur son exp\u00e9rience clinique, l&rsquo;auteur se place en effet, en tant que victimologue, du c\u00f4t\u00e9 des personnes agress\u00e9es pour que le harc\u00e8lement qu&rsquo;elles subissent quotidiennement soit pris en compte et nomm\u00e9 pour ce qu&rsquo;il est : un v\u00e9ritable meurtre psychique.<\/p>\n<p>\n                                    <strong>Le sujet du harc\u00e8lement moral reste largement in\u00e9dit en France.<\/strong>\n                                <\/p>\n<p>D&rsquo;o\u00f9 l&rsquo;int\u00e9r\u00eat de ce livre remarquablement document\u00e9, qui est aussi un guide pratique pour les victimes ou ceux qui veulent les aider (choix de la th\u00e9rapie la mieux adapt\u00e9e, \u00e9tapes \u00e0 court et long terme vers la gu\u00e9rison&#8230;) et pour les professionnels auxquels il propose une approche nouvelle. Mais plus largement, par son style clair et vivant, il int\u00e9ressera tous ceux qui ne souhaitent pas rester indiff\u00e9rents face \u00e0 ce probl\u00e8me de soci\u00e9t\u00e9.<\/p>\n","protected":false},"excerpt":{"rendered":"<p>Auteur : Marie-France HIRIGOYEN<br \/>\nTitre : Le harc\u00e8lement moral, la violence perverse au quotidien<br \/>\n\u00c9diteur : Syros, 1998<br \/>\nEdition originale<br \/>\nDim. 13,5 x 22<br \/>\n212 pages<\/p>\n","protected":false},"featured_media":2321,"template":"","meta":[],"product_brand":[],"product_cat":[22],"product_tag":[77,135,139],"class_list":{"0":"post-2305","1":"product","2":"type-product","3":"status-publish","4":"has-post-thumbnail","6":"product_cat-developpement-personnel","7":"product_tag-harcelement","8":"product_tag-psychologie","9":"product_tag-relations-humaines","11":"first","12":"instock","13":"shipping-taxable","14":"product-type-simple"},"yoast_head":"<!-- This site is optimized with the Yoast SEO plugin v27.4 - https:\/\/yoast.com\/product\/yoast-seo-wordpress\/ -->\n<title>Le harc\u00e8lement moral - M.F. HIRIGOYEN - Equilibre de Vie - Verdi Editions<\/title>\n<meta name=\"description\" content=\"Marie-France HIRIGOYEN - Le harc\u00e8lement moral, la violence perverse au quotidien \u00c9diteur : Syros, 1998 Edition originale Dim. 13,5 x 22 212 pages\" \/>\n<meta name=\"robots\" content=\"index, follow, max-snippet:-1, max-image-preview:large, max-video-preview:-1\" \/>\n<link rel=\"canonical\" href=\"https:\/\/www.verdieditions.com\/equilibre-de-vie\/produit\/harcelement-moral-violence-perverse-quotidien-hirigoyen\/\" \/>\n<meta property=\"og:locale\" content=\"fr_FR\" \/>\n<meta property=\"og:type\" content=\"article\" \/>\n<meta property=\"og:title\" content=\"Le harc\u00e8lement moral - M.F. HIRIGOYEN - Equilibre de Vie - Verdi Editions\" \/>\n<meta property=\"og:description\" content=\"Marie-France HIRIGOYEN - Le harc\u00e8lement moral, la violence perverse au quotidien \u00c9diteur : Syros, 1998 Edition originale Dim. 13,5 x 22 212 pages\" \/>\n<meta property=\"og:url\" content=\"https:\/\/www.verdieditions.com\/equilibre-de-vie\/produit\/harcelement-moral-violence-perverse-quotidien-hirigoyen\/\" \/>\n<meta property=\"og:site_name\" content=\"Equilibre de Vie\" \/>\n<meta property=\"article:modified_time\" content=\"2024-02-20T15:27:11+00:00\" \/>\n<meta property=\"og:image\" content=\"https:\/\/www.verdieditions.com\/equilibre-de-vie\/wp-content\/uploads\/2024\/02\/harcelement-moral-hirigoyen.jpg\" \/>\n\t<meta property=\"og:image:width\" content=\"548\" \/>\n\t<meta property=\"og:image:height\" content=\"800\" \/>\n\t<meta property=\"og:image:type\" content=\"image\/jpeg\" \/>\n<meta name=\"twitter:card\" content=\"summary_large_image\" \/>\n<meta name=\"twitter:label1\" content=\"Dur\u00e9e de lecture estim\u00e9e\" \/>\n\t<meta name=\"twitter:data1\" content=\"2 minutes\" \/>\n<script type=\"application\/ld+json\" class=\"yoast-schema-graph\">{\"@context\":\"https:\\\/\\\/schema.org\",\"@graph\":[{\"@type\":\"WebPage\",\"@id\":\"https:\\\/\\\/www.verdieditions.com\\\/equilibre-de-vie\\\/produit\\\/harcelement-moral-violence-perverse-quotidien-hirigoyen\\\/\",\"url\":\"https:\\\/\\\/www.verdieditions.com\\\/equilibre-de-vie\\\/produit\\\/harcelement-moral-violence-perverse-quotidien-hirigoyen\\\/\",\"name\":\"Le harc\u00e8lement moral - M.F. HIRIGOYEN - Equilibre de Vie - Verdi Editions\",\"isPartOf\":{\"@id\":\"https:\\\/\\\/www.verdieditions.com\\\/equilibre-de-vie\\\/#website\"},\"primaryImageOfPage\":{\"@id\":\"https:\\\/\\\/www.verdieditions.com\\\/equilibre-de-vie\\\/produit\\\/harcelement-moral-violence-perverse-quotidien-hirigoyen\\\/#primaryimage\"},\"image\":{\"@id\":\"https:\\\/\\\/www.verdieditions.com\\\/equilibre-de-vie\\\/produit\\\/harcelement-moral-violence-perverse-quotidien-hirigoyen\\\/#primaryimage\"},\"thumbnailUrl\":\"https:\\\/\\\/www.verdieditions.com\\\/equilibre-de-vie\\\/wp-content\\\/uploads\\\/2024\\\/02\\\/harcelement-moral-hirigoyen.jpg\",\"datePublished\":\"2024-02-20T12:14:36+00:00\",\"dateModified\":\"2024-02-20T15:27:11+00:00\",\"description\":\"Marie-France HIRIGOYEN - Le harc\u00e8lement moral, la violence perverse au quotidien \u00c9diteur : Syros, 1998 Edition originale Dim. 13,5 x 22 212 pages\",\"breadcrumb\":{\"@id\":\"https:\\\/\\\/www.verdieditions.com\\\/equilibre-de-vie\\\/produit\\\/harcelement-moral-violence-perverse-quotidien-hirigoyen\\\/#breadcrumb\"},\"inLanguage\":\"fr-FR\",\"potentialAction\":[{\"@type\":\"ReadAction\",\"target\":[\"https:\\\/\\\/www.verdieditions.com\\\/equilibre-de-vie\\\/produit\\\/harcelement-moral-violence-perverse-quotidien-hirigoyen\\\/\"]}]},{\"@type\":\"ImageObject\",\"inLanguage\":\"fr-FR\",\"@id\":\"https:\\\/\\\/www.verdieditions.com\\\/equilibre-de-vie\\\/produit\\\/harcelement-moral-violence-perverse-quotidien-hirigoyen\\\/#primaryimage\",\"url\":\"https:\\\/\\\/www.verdieditions.com\\\/equilibre-de-vie\\\/wp-content\\\/uploads\\\/2024\\\/02\\\/harcelement-moral-hirigoyen.jpg\",\"contentUrl\":\"https:\\\/\\\/www.verdieditions.com\\\/equilibre-de-vie\\\/wp-content\\\/uploads\\\/2024\\\/02\\\/harcelement-moral-hirigoyen.jpg\",\"width\":548,\"height\":800,\"caption\":\"harcelement-moral-hirigoyen\"},{\"@type\":\"BreadcrumbList\",\"@id\":\"https:\\\/\\\/www.verdieditions.com\\\/equilibre-de-vie\\\/produit\\\/harcelement-moral-violence-perverse-quotidien-hirigoyen\\\/#breadcrumb\",\"itemListElement\":[{\"@type\":\"ListItem\",\"position\":1,\"name\":\"Accueil\",\"item\":\"https:\\\/\\\/www.verdieditions.com\\\/equilibre-de-vie\\\/\"},{\"@type\":\"ListItem\",\"position\":2,\"name\":\"La boutique\",\"item\":\"https:\\\/\\\/www.verdieditions.com\\\/equilibre-de-vie\\\/boutique\\\/\"},{\"@type\":\"ListItem\",\"position\":3,\"name\":\"Le harc\u00e8lement moral &#8211; M.F. HIRIGOYEN\"}]},{\"@type\":\"WebSite\",\"@id\":\"https:\\\/\\\/www.verdieditions.com\\\/equilibre-de-vie\\\/#website\",\"url\":\"https:\\\/\\\/www.verdieditions.com\\\/equilibre-de-vie\\\/\",\"name\":\"Equilibre de Vie\",\"description\":\"Ma boutique livres sant\u00e9, \u00e9sot\u00e9risme et d\u00e9veloppement personnel\",\"publisher\":{\"@id\":\"https:\\\/\\\/www.verdieditions.com\\\/equilibre-de-vie\\\/#\\\/schema\\\/person\\\/9dcb2a6759f2f5fbf43ac0b44649cecb\"},\"potentialAction\":[{\"@type\":\"SearchAction\",\"target\":{\"@type\":\"EntryPoint\",\"urlTemplate\":\"https:\\\/\\\/www.verdieditions.com\\\/equilibre-de-vie\\\/?s={search_term_string}\"},\"query-input\":{\"@type\":\"PropertyValueSpecification\",\"valueRequired\":true,\"valueName\":\"search_term_string\"}}],\"inLanguage\":\"fr-FR\"},{\"@type\":[\"Person\",\"Organization\"],\"@id\":\"https:\\\/\\\/www.verdieditions.com\\\/equilibre-de-vie\\\/#\\\/schema\\\/person\\\/9dcb2a6759f2f5fbf43ac0b44649cecb\",\"name\":\"Sylvie VERDI\",\"image\":{\"@type\":\"ImageObject\",\"inLanguage\":\"fr-FR\",\"@id\":\"https:\\\/\\\/www.verdieditions.com\\\/equilibre-de-vie\\\/wp-content\\\/uploads\\\/2020\\\/04\\\/livres-occasion-sante-esoterisme-developpement-personnel-2.jpg\",\"url\":\"https:\\\/\\\/www.verdieditions.com\\\/equilibre-de-vie\\\/wp-content\\\/uploads\\\/2020\\\/04\\\/livres-occasion-sante-esoterisme-developpement-personnel-2.jpg\",\"contentUrl\":\"https:\\\/\\\/www.verdieditions.com\\\/equilibre-de-vie\\\/wp-content\\\/uploads\\\/2020\\\/04\\\/livres-occasion-sante-esoterisme-developpement-personnel-2.jpg\",\"width\":800,\"height\":572,\"caption\":\"Sylvie VERDI\"},\"logo\":{\"@id\":\"https:\\\/\\\/www.verdieditions.com\\\/equilibre-de-vie\\\/wp-content\\\/uploads\\\/2020\\\/04\\\/livres-occasion-sante-esoterisme-developpement-personnel-2.jpg\"},\"sameAs\":[\"https:\\\/\\\/www.verdieditions.com\\\/equilibre-de-vie\"]}]}<\/script>\n<!-- \/ Yoast SEO plugin. -->","yoast_head_json":{"title":"Le harc\u00e8lement moral - M.F. HIRIGOYEN - Equilibre de Vie - Verdi Editions","description":"Marie-France HIRIGOYEN - Le harc\u00e8lement moral, la violence perverse au quotidien \u00c9diteur : Syros, 1998 Edition originale Dim. 13,5 x 22 212 pages","robots":{"index":"index","follow":"follow","max-snippet":"max-snippet:-1","max-image-preview":"max-image-preview:large","max-video-preview":"max-video-preview:-1"},"canonical":"https:\/\/www.verdieditions.com\/equilibre-de-vie\/produit\/harcelement-moral-violence-perverse-quotidien-hirigoyen\/","og_locale":"fr_FR","og_type":"article","og_title":"Le harc\u00e8lement moral - M.F. HIRIGOYEN - Equilibre de Vie - Verdi Editions","og_description":"Marie-France HIRIGOYEN - Le harc\u00e8lement moral, la violence perverse au quotidien \u00c9diteur : Syros, 1998 Edition originale Dim. 13,5 x 22 212 pages","og_url":"https:\/\/www.verdieditions.com\/equilibre-de-vie\/produit\/harcelement-moral-violence-perverse-quotidien-hirigoyen\/","og_site_name":"Equilibre de Vie","article_modified_time":"2024-02-20T15:27:11+00:00","og_image":[{"width":548,"height":800,"url":"https:\/\/www.verdieditions.com\/equilibre-de-vie\/wp-content\/uploads\/2024\/02\/harcelement-moral-hirigoyen.jpg","type":"image\/jpeg"}],"twitter_card":"summary_large_image","twitter_misc":{"Dur\u00e9e de lecture estim\u00e9e":"2 minutes"},"schema":{"@context":"https:\/\/schema.org","@graph":[{"@type":"WebPage","@id":"https:\/\/www.verdieditions.com\/equilibre-de-vie\/produit\/harcelement-moral-violence-perverse-quotidien-hirigoyen\/","url":"https:\/\/www.verdieditions.com\/equilibre-de-vie\/produit\/harcelement-moral-violence-perverse-quotidien-hirigoyen\/","name":"Le harc\u00e8lement moral - M.F. HIRIGOYEN - Equilibre de Vie - Verdi Editions","isPartOf":{"@id":"https:\/\/www.verdieditions.com\/equilibre-de-vie\/#website"},"primaryImageOfPage":{"@id":"https:\/\/www.verdieditions.com\/equilibre-de-vie\/produit\/harcelement-moral-violence-perverse-quotidien-hirigoyen\/#primaryimage"},"image":{"@id":"https:\/\/www.verdieditions.com\/equilibre-de-vie\/produit\/harcelement-moral-violence-perverse-quotidien-hirigoyen\/#primaryimage"},"thumbnailUrl":"https:\/\/www.verdieditions.com\/equilibre-de-vie\/wp-content\/uploads\/2024\/02\/harcelement-moral-hirigoyen.jpg","datePublished":"2024-02-20T12:14:36+00:00","dateModified":"2024-02-20T15:27:11+00:00","description":"Marie-France HIRIGOYEN - Le harc\u00e8lement moral, la violence perverse au quotidien \u00c9diteur : Syros, 1998 Edition originale Dim. 13,5 x 22 212 pages","breadcrumb":{"@id":"https:\/\/www.verdieditions.com\/equilibre-de-vie\/produit\/harcelement-moral-violence-perverse-quotidien-hirigoyen\/#breadcrumb"},"inLanguage":"fr-FR","potentialAction":[{"@type":"ReadAction","target":["https:\/\/www.verdieditions.com\/equilibre-de-vie\/produit\/harcelement-moral-violence-perverse-quotidien-hirigoyen\/"]}]},{"@type":"ImageObject","inLanguage":"fr-FR","@id":"https:\/\/www.verdieditions.com\/equilibre-de-vie\/produit\/harcelement-moral-violence-perverse-quotidien-hirigoyen\/#primaryimage","url":"https:\/\/www.verdieditions.com\/equilibre-de-vie\/wp-content\/uploads\/2024\/02\/harcelement-moral-hirigoyen.jpg","contentUrl":"https:\/\/www.verdieditions.com\/equilibre-de-vie\/wp-content\/uploads\/2024\/02\/harcelement-moral-hirigoyen.jpg","width":548,"height":800,"caption":"harcelement-moral-hirigoyen"},{"@type":"BreadcrumbList","@id":"https:\/\/www.verdieditions.com\/equilibre-de-vie\/produit\/harcelement-moral-violence-perverse-quotidien-hirigoyen\/#breadcrumb","itemListElement":[{"@type":"ListItem","position":1,"name":"Accueil","item":"https:\/\/www.verdieditions.com\/equilibre-de-vie\/"},{"@type":"ListItem","position":2,"name":"La boutique","item":"https:\/\/www.verdieditions.com\/equilibre-de-vie\/boutique\/"},{"@type":"ListItem","position":3,"name":"Le harc\u00e8lement moral &#8211; M.F. HIRIGOYEN"}]},{"@type":"WebSite","@id":"https:\/\/www.verdieditions.com\/equilibre-de-vie\/#website","url":"https:\/\/www.verdieditions.com\/equilibre-de-vie\/","name":"Equilibre de Vie","description":"Ma boutique livres sant\u00e9, \u00e9sot\u00e9risme et d\u00e9veloppement personnel","publisher":{"@id":"https:\/\/www.verdieditions.com\/equilibre-de-vie\/#\/schema\/person\/9dcb2a6759f2f5fbf43ac0b44649cecb"},"potentialAction":[{"@type":"SearchAction","target":{"@type":"EntryPoint","urlTemplate":"https:\/\/www.verdieditions.com\/equilibre-de-vie\/?s={search_term_string}"},"query-input":{"@type":"PropertyValueSpecification","valueRequired":true,"valueName":"search_term_string"}}],"inLanguage":"fr-FR"},{"@type":["Person","Organization"],"@id":"https:\/\/www.verdieditions.com\/equilibre-de-vie\/#\/schema\/person\/9dcb2a6759f2f5fbf43ac0b44649cecb","name":"Sylvie VERDI","image":{"@type":"ImageObject","inLanguage":"fr-FR","@id":"https:\/\/www.verdieditions.com\/equilibre-de-vie\/wp-content\/uploads\/2020\/04\/livres-occasion-sante-esoterisme-developpement-personnel-2.jpg","url":"https:\/\/www.verdieditions.com\/equilibre-de-vie\/wp-content\/uploads\/2020\/04\/livres-occasion-sante-esoterisme-developpement-personnel-2.jpg","contentUrl":"https:\/\/www.verdieditions.com\/equilibre-de-vie\/wp-content\/uploads\/2020\/04\/livres-occasion-sante-esoterisme-developpement-personnel-2.jpg","width":800,"height":572,"caption":"Sylvie VERDI"},"logo":{"@id":"https:\/\/www.verdieditions.com\/equilibre-de-vie\/wp-content\/uploads\/2020\/04\/livres-occasion-sante-esoterisme-developpement-personnel-2.jpg"},"sameAs":["https:\/\/www.verdieditions.com\/equilibre-de-vie"]}]}},"_links":{"self":[{"href":"https:\/\/www.verdieditions.com\/equilibre-de-vie\/wp-json\/wp\/v2\/product\/2305","targetHints":{"allow":["GET"]}}],"collection":[{"href":"https:\/\/www.verdieditions.com\/equilibre-de-vie\/wp-json\/wp\/v2\/product"}],"about":[{"href":"https:\/\/www.verdieditions.com\/equilibre-de-vie\/wp-json\/wp\/v2\/types\/product"}],"wp:featuredmedia":[{"embeddable":true,"href":"https:\/\/www.verdieditions.com\/equilibre-de-vie\/wp-json\/wp\/v2\/media\/2321"}],"wp:attachment":[{"href":"https:\/\/www.verdieditions.com\/equilibre-de-vie\/wp-json\/wp\/v2\/media?parent=2305"}],"wp:term":[{"taxonomy":"product_brand","embeddable":true,"href":"https:\/\/www.verdieditions.com\/equilibre-de-vie\/wp-json\/wp\/v2\/product_brand?post=2305"},{"taxonomy":"product_cat","embeddable":true,"href":"https:\/\/www.verdieditions.com\/equilibre-de-vie\/wp-json\/wp\/v2\/product_cat?post=2305"},{"taxonomy":"product_tag","embeddable":true,"href":"https:\/\/www.verdieditions.com\/equilibre-de-vie\/wp-json\/wp\/v2\/product_tag?post=2305"}],"curies":[{"name":"wp","href":"https:\/\/api.w.org\/{rel}","templated":true}]}}