{"id":2304,"date":"2024-02-20T11:58:34","date_gmt":"2024-02-20T10:58:34","guid":{"rendered":"https:\/\/www.verdieditions.com\/equilibre-de-vie\/?post_type=product&#038;p=2304"},"modified":"2024-02-20T16:24:49","modified_gmt":"2024-02-20T15:24:49","slug":"coaching-astrologie-rochel","status":"publish","type":"product","link":"https:\/\/www.verdieditions.com\/equilibre-de-vie\/produit\/coaching-astrologie-rochel\/","title":{"rendered":"Le coaching par l&rsquo;Astrologie &#8211; Marie SAINT ROCHEL"},"content":{"rendered":"<p>Auteur : Marie SAINT ROCHEL<br \/>\nTitre : Le coaching par l&rsquo;Astrologie, \u00eatre guid\u00e9 dans la vie pour faire les meilleurs choix<br \/>\n\u00c9diteur : Anagramme, 2008<br \/>\nEdition originale<br \/>\nDim. 15 x 23<br \/>\n318 pages<\/p>\n<p>L&rsquo;astrologie est une sorte de carte routi\u00e8re tr\u00e8s sophistiqu\u00e9e de notre vie mais, \u00e9galement, un coaching haut de gamme puisqu&rsquo;elle pr\u00e9vient des \u00e9v\u00e9nements potentiels \u00e0 venir dans notre existence, tout en nous laissant notre libert\u00e9 de d\u00e9cision. Elle nous donne l&rsquo;opportunit\u00e9 d&rsquo;avoir entre les mains un GPS pour nous guider. Pourquoi se priver d&rsquo;un tel atout dans notre vie de tous les jours alors que nous utilisons naturellement un GPS pour un d\u00e9placement ou un voyage ? Cet ouvrage simple, clair, pratique nous explique ce que peut nous apporter le Coaching Par l&rsquo;Astrologie (m\u00e9thode CPA). Il s&rsquo;adresse \u00e0 toutes les personnes qui veulent aller de l&rsquo;avant, cesser de r\u00e9p\u00e9ter les m\u00eames comportements qui les bloquent et relever des d\u00e9fis.<\/p>\n<p>L&rsquo;astrologie est une discipline efficace de d\u00e9veloppement personnel dans le cadre de l&rsquo;entreprise et de la vie priv\u00e9e. Se sentir mieux, r\u00e9soudre des probl\u00e8mes familiaux, sentimentaux, accompagner une r\u00e9ussite professionnelle, d\u00e9velopper des comp\u00e9tences artistiques, politiques, mieux cerner son r\u00f4le de parent, cr\u00e9er une entreprise&#8230;, le Coaching Par l&rsquo;Astrologie est l\u00e0 pour nous aider. Ce livre permet de d\u00e9passer les a priori et de comprendre la v\u00e9ritable utilit\u00e9 de l&rsquo;astrologie. Une astrologie ancr\u00e9e dans la vie moderne, profond\u00e9ment adapt\u00e9e \u00e0 nos besoins actuels.<\/p>\n","protected":false},"excerpt":{"rendered":"<p>Auteur : Marie SAINT ROCHEL<br \/>\nTitre : Le coaching par l&rsquo;Astrologie, \u00eatre guid\u00e9 dans la vie pour faire les meilleurs choix<br \/>\n\u00c9diteur : Anagramme, 2008<br \/>\nEdition originale<br \/>\nDim. 15 x 23<br \/>\n318 pages<\/p>\n","protected":false},"featured_media":2318,"template":"","meta":[],"product_brand":[],"product_cat":[22],"product_tag":[34,50],"class_list":{"0":"post-2304","1":"product","2":"type-product","3":"status-publish","4":"has-post-thumbnail","6":"product_cat-developpement-personnel","7":"product_tag-astrologie","8":"product_tag-coaching","10":"first","11":"instock","12":"shipping-taxable","13":"product-type-simple"},"yoast_head":"<!-- This site is optimized with the Yoast SEO plugin v27.4 - https:\/\/yoast.com\/product\/yoast-seo-wordpress\/ -->\n<title>Le coaching par l&#039;Astrologie - Marie SAINT ROCHEL - Equilibre de Vie - Verdi Editions<\/title>\n<meta name=\"description\" content=\"Marie SAINT ROCHEL Le coaching par l&#039;Astrologie, \u00eatre guid\u00e9 dans la vie pour faire les meilleurs choix Anagramme, 2008 Edition originale Dim. 15 x 23 318 p\" \/>\n<meta name=\"robots\" content=\"index, follow, max-snippet:-1, max-image-preview:large, max-video-preview:-1\" \/>\n<link rel=\"canonical\" href=\"https:\/\/www.verdieditions.com\/equilibre-de-vie\/produit\/coaching-astrologie-rochel\/\" \/>\n<meta property=\"og:locale\" content=\"fr_FR\" \/>\n<meta property=\"og:type\" content=\"article\" \/>\n<meta property=\"og:title\" content=\"Le coaching par l&#039;Astrologie - Marie SAINT ROCHEL - Equilibre de Vie - Verdi Editions\" \/>\n<meta property=\"og:description\" content=\"Marie SAINT ROCHEL Le coaching par l&#039;Astrologie, \u00eatre guid\u00e9 dans la vie pour faire les meilleurs choix Anagramme, 2008 Edition originale Dim. 15 x 23 318 p\" \/>\n<meta property=\"og:url\" content=\"https:\/\/www.verdieditions.com\/equilibre-de-vie\/produit\/coaching-astrologie-rochel\/\" \/>\n<meta property=\"og:site_name\" content=\"Equilibre de Vie\" \/>\n<meta property=\"article:modified_time\" content=\"2024-02-20T15:24:49+00:00\" \/>\n<meta property=\"og:image\" content=\"https:\/\/www.verdieditions.com\/equilibre-de-vie\/wp-content\/uploads\/2024\/02\/rochel-coaching-astrologie.jpg\" \/>\n\t<meta property=\"og:image:width\" content=\"535\" \/>\n\t<meta property=\"og:image:height\" content=\"800\" \/>\n\t<meta property=\"og:image:type\" content=\"image\/jpeg\" \/>\n<meta name=\"twitter:card\" content=\"summary_large_image\" \/>\n<meta name=\"twitter:label1\" content=\"Dur\u00e9e de lecture estim\u00e9e\" \/>\n\t<meta name=\"twitter:data1\" content=\"2 minutes\" \/>\n<script type=\"application\/ld+json\" class=\"yoast-schema-graph\">{\"@context\":\"https:\\\/\\\/schema.org\",\"@graph\":[{\"@type\":\"WebPage\",\"@id\":\"https:\\\/\\\/www.verdieditions.com\\\/equilibre-de-vie\\\/produit\\\/coaching-astrologie-rochel\\\/\",\"url\":\"https:\\\/\\\/www.verdieditions.com\\\/equilibre-de-vie\\\/produit\\\/coaching-astrologie-rochel\\\/\",\"name\":\"Le coaching par l'Astrologie - Marie SAINT ROCHEL - Equilibre de Vie - Verdi Editions\",\"isPartOf\":{\"@id\":\"https:\\\/\\\/www.verdieditions.com\\\/equilibre-de-vie\\\/#website\"},\"primaryImageOfPage\":{\"@id\":\"https:\\\/\\\/www.verdieditions.com\\\/equilibre-de-vie\\\/produit\\\/coaching-astrologie-rochel\\\/#primaryimage\"},\"image\":{\"@id\":\"https:\\\/\\\/www.verdieditions.com\\\/equilibre-de-vie\\\/produit\\\/coaching-astrologie-rochel\\\/#primaryimage\"},\"thumbnailUrl\":\"https:\\\/\\\/www.verdieditions.com\\\/equilibre-de-vie\\\/wp-content\\\/uploads\\\/2024\\\/02\\\/rochel-coaching-astrologie.jpg\",\"datePublished\":\"2024-02-20T10:58:34+00:00\",\"dateModified\":\"2024-02-20T15:24:49+00:00\",\"description\":\"Marie SAINT ROCHEL Le coaching par l'Astrologie, \u00eatre guid\u00e9 dans la vie pour faire les meilleurs choix Anagramme, 2008 Edition originale Dim. 15 x 23 318 p\",\"breadcrumb\":{\"@id\":\"https:\\\/\\\/www.verdieditions.com\\\/equilibre-de-vie\\\/produit\\\/coaching-astrologie-rochel\\\/#breadcrumb\"},\"inLanguage\":\"fr-FR\",\"potentialAction\":[{\"@type\":\"ReadAction\",\"target\":[\"https:\\\/\\\/www.verdieditions.com\\\/equilibre-de-vie\\\/produit\\\/coaching-astrologie-rochel\\\/\"]}]},{\"@type\":\"ImageObject\",\"inLanguage\":\"fr-FR\",\"@id\":\"https:\\\/\\\/www.verdieditions.com\\\/equilibre-de-vie\\\/produit\\\/coaching-astrologie-rochel\\\/#primaryimage\",\"url\":\"https:\\\/\\\/www.verdieditions.com\\\/equilibre-de-vie\\\/wp-content\\\/uploads\\\/2024\\\/02\\\/rochel-coaching-astrologie.jpg\",\"contentUrl\":\"https:\\\/\\\/www.verdieditions.com\\\/equilibre-de-vie\\\/wp-content\\\/uploads\\\/2024\\\/02\\\/rochel-coaching-astrologie.jpg\",\"width\":535,\"height\":800,\"caption\":\"rochel-coaching-astrologie\"},{\"@type\":\"BreadcrumbList\",\"@id\":\"https:\\\/\\\/www.verdieditions.com\\\/equilibre-de-vie\\\/produit\\\/coaching-astrologie-rochel\\\/#breadcrumb\",\"itemListElement\":[{\"@type\":\"ListItem\",\"position\":1,\"name\":\"Accueil\",\"item\":\"https:\\\/\\\/www.verdieditions.com\\\/equilibre-de-vie\\\/\"},{\"@type\":\"ListItem\",\"position\":2,\"name\":\"La boutique\",\"item\":\"https:\\\/\\\/www.verdieditions.com\\\/equilibre-de-vie\\\/boutique\\\/\"},{\"@type\":\"ListItem\",\"position\":3,\"name\":\"Le coaching par l&#8217;Astrologie &#8211; Marie SAINT ROCHEL\"}]},{\"@type\":\"WebSite\",\"@id\":\"https:\\\/\\\/www.verdieditions.com\\\/equilibre-de-vie\\\/#website\",\"url\":\"https:\\\/\\\/www.verdieditions.com\\\/equilibre-de-vie\\\/\",\"name\":\"Equilibre de Vie\",\"description\":\"Ma boutique livres sant\u00e9, \u00e9sot\u00e9risme et d\u00e9veloppement personnel\",\"publisher\":{\"@id\":\"https:\\\/\\\/www.verdieditions.com\\\/equilibre-de-vie\\\/#\\\/schema\\\/person\\\/9dcb2a6759f2f5fbf43ac0b44649cecb\"},\"potentialAction\":[{\"@type\":\"SearchAction\",\"target\":{\"@type\":\"EntryPoint\",\"urlTemplate\":\"https:\\\/\\\/www.verdieditions.com\\\/equilibre-de-vie\\\/?s={search_term_string}\"},\"query-input\":{\"@type\":\"PropertyValueSpecification\",\"valueRequired\":true,\"valueName\":\"search_term_string\"}}],\"inLanguage\":\"fr-FR\"},{\"@type\":[\"Person\",\"Organization\"],\"@id\":\"https:\\\/\\\/www.verdieditions.com\\\/equilibre-de-vie\\\/#\\\/schema\\\/person\\\/9dcb2a6759f2f5fbf43ac0b44649cecb\",\"name\":\"Sylvie VERDI\",\"image\":{\"@type\":\"ImageObject\",\"inLanguage\":\"fr-FR\",\"@id\":\"https:\\\/\\\/www.verdieditions.com\\\/equilibre-de-vie\\\/wp-content\\\/uploads\\\/2020\\\/04\\\/livres-occasion-sante-esoterisme-developpement-personnel-2.jpg\",\"url\":\"https:\\\/\\\/www.verdieditions.com\\\/equilibre-de-vie\\\/wp-content\\\/uploads\\\/2020\\\/04\\\/livres-occasion-sante-esoterisme-developpement-personnel-2.jpg\",\"contentUrl\":\"https:\\\/\\\/www.verdieditions.com\\\/equilibre-de-vie\\\/wp-content\\\/uploads\\\/2020\\\/04\\\/livres-occasion-sante-esoterisme-developpement-personnel-2.jpg\",\"width\":800,\"height\":572,\"caption\":\"Sylvie VERDI\"},\"logo\":{\"@id\":\"https:\\\/\\\/www.verdieditions.com\\\/equilibre-de-vie\\\/wp-content\\\/uploads\\\/2020\\\/04\\\/livres-occasion-sante-esoterisme-developpement-personnel-2.jpg\"},\"sameAs\":[\"https:\\\/\\\/www.verdieditions.com\\\/equilibre-de-vie\"]}]}<\/script>\n<!-- \/ Yoast SEO plugin. -->","yoast_head_json":{"title":"Le coaching par l'Astrologie - Marie SAINT ROCHEL - Equilibre de Vie - Verdi Editions","description":"Marie SAINT ROCHEL Le coaching par l'Astrologie, \u00eatre guid\u00e9 dans la vie pour faire les meilleurs choix Anagramme, 2008 Edition originale Dim. 15 x 23 318 p","robots":{"index":"index","follow":"follow","max-snippet":"max-snippet:-1","max-image-preview":"max-image-preview:large","max-video-preview":"max-video-preview:-1"},"canonical":"https:\/\/www.verdieditions.com\/equilibre-de-vie\/produit\/coaching-astrologie-rochel\/","og_locale":"fr_FR","og_type":"article","og_title":"Le coaching par l'Astrologie - Marie SAINT ROCHEL - Equilibre de Vie - Verdi Editions","og_description":"Marie SAINT ROCHEL Le coaching par l'Astrologie, \u00eatre guid\u00e9 dans la vie pour faire les meilleurs choix Anagramme, 2008 Edition originale Dim. 15 x 23 318 p","og_url":"https:\/\/www.verdieditions.com\/equilibre-de-vie\/produit\/coaching-astrologie-rochel\/","og_site_name":"Equilibre de Vie","article_modified_time":"2024-02-20T15:24:49+00:00","og_image":[{"width":535,"height":800,"url":"https:\/\/www.verdieditions.com\/equilibre-de-vie\/wp-content\/uploads\/2024\/02\/rochel-coaching-astrologie.jpg","type":"image\/jpeg"}],"twitter_card":"summary_large_image","twitter_misc":{"Dur\u00e9e de lecture estim\u00e9e":"2 minutes"},"schema":{"@context":"https:\/\/schema.org","@graph":[{"@type":"WebPage","@id":"https:\/\/www.verdieditions.com\/equilibre-de-vie\/produit\/coaching-astrologie-rochel\/","url":"https:\/\/www.verdieditions.com\/equilibre-de-vie\/produit\/coaching-astrologie-rochel\/","name":"Le coaching par l'Astrologie - Marie SAINT ROCHEL - Equilibre de Vie - Verdi Editions","isPartOf":{"@id":"https:\/\/www.verdieditions.com\/equilibre-de-vie\/#website"},"primaryImageOfPage":{"@id":"https:\/\/www.verdieditions.com\/equilibre-de-vie\/produit\/coaching-astrologie-rochel\/#primaryimage"},"image":{"@id":"https:\/\/www.verdieditions.com\/equilibre-de-vie\/produit\/coaching-astrologie-rochel\/#primaryimage"},"thumbnailUrl":"https:\/\/www.verdieditions.com\/equilibre-de-vie\/wp-content\/uploads\/2024\/02\/rochel-coaching-astrologie.jpg","datePublished":"2024-02-20T10:58:34+00:00","dateModified":"2024-02-20T15:24:49+00:00","description":"Marie SAINT ROCHEL Le coaching par l'Astrologie, \u00eatre guid\u00e9 dans la vie pour faire les meilleurs choix Anagramme, 2008 Edition originale Dim. 15 x 23 318 p","breadcrumb":{"@id":"https:\/\/www.verdieditions.com\/equilibre-de-vie\/produit\/coaching-astrologie-rochel\/#breadcrumb"},"inLanguage":"fr-FR","potentialAction":[{"@type":"ReadAction","target":["https:\/\/www.verdieditions.com\/equilibre-de-vie\/produit\/coaching-astrologie-rochel\/"]}]},{"@type":"ImageObject","inLanguage":"fr-FR","@id":"https:\/\/www.verdieditions.com\/equilibre-de-vie\/produit\/coaching-astrologie-rochel\/#primaryimage","url":"https:\/\/www.verdieditions.com\/equilibre-de-vie\/wp-content\/uploads\/2024\/02\/rochel-coaching-astrologie.jpg","contentUrl":"https:\/\/www.verdieditions.com\/equilibre-de-vie\/wp-content\/uploads\/2024\/02\/rochel-coaching-astrologie.jpg","width":535,"height":800,"caption":"rochel-coaching-astrologie"},{"@type":"BreadcrumbList","@id":"https:\/\/www.verdieditions.com\/equilibre-de-vie\/produit\/coaching-astrologie-rochel\/#breadcrumb","itemListElement":[{"@type":"ListItem","position":1,"name":"Accueil","item":"https:\/\/www.verdieditions.com\/equilibre-de-vie\/"},{"@type":"ListItem","position":2,"name":"La boutique","item":"https:\/\/www.verdieditions.com\/equilibre-de-vie\/boutique\/"},{"@type":"ListItem","position":3,"name":"Le coaching par l&#8217;Astrologie &#8211; Marie SAINT ROCHEL"}]},{"@type":"WebSite","@id":"https:\/\/www.verdieditions.com\/equilibre-de-vie\/#website","url":"https:\/\/www.verdieditions.com\/equilibre-de-vie\/","name":"Equilibre de Vie","description":"Ma boutique livres sant\u00e9, \u00e9sot\u00e9risme et d\u00e9veloppement personnel","publisher":{"@id":"https:\/\/www.verdieditions.com\/equilibre-de-vie\/#\/schema\/person\/9dcb2a6759f2f5fbf43ac0b44649cecb"},"potentialAction":[{"@type":"SearchAction","target":{"@type":"EntryPoint","urlTemplate":"https:\/\/www.verdieditions.com\/equilibre-de-vie\/?s={search_term_string}"},"query-input":{"@type":"PropertyValueSpecification","valueRequired":true,"valueName":"search_term_string"}}],"inLanguage":"fr-FR"},{"@type":["Person","Organization"],"@id":"https:\/\/www.verdieditions.com\/equilibre-de-vie\/#\/schema\/person\/9dcb2a6759f2f5fbf43ac0b44649cecb","name":"Sylvie VERDI","image":{"@type":"ImageObject","inLanguage":"fr-FR","@id":"https:\/\/www.verdieditions.com\/equilibre-de-vie\/wp-content\/uploads\/2020\/04\/livres-occasion-sante-esoterisme-developpement-personnel-2.jpg","url":"https:\/\/www.verdieditions.com\/equilibre-de-vie\/wp-content\/uploads\/2020\/04\/livres-occasion-sante-esoterisme-developpement-personnel-2.jpg","contentUrl":"https:\/\/www.verdieditions.com\/equilibre-de-vie\/wp-content\/uploads\/2020\/04\/livres-occasion-sante-esoterisme-developpement-personnel-2.jpg","width":800,"height":572,"caption":"Sylvie VERDI"},"logo":{"@id":"https:\/\/www.verdieditions.com\/equilibre-de-vie\/wp-content\/uploads\/2020\/04\/livres-occasion-sante-esoterisme-developpement-personnel-2.jpg"},"sameAs":["https:\/\/www.verdieditions.com\/equilibre-de-vie"]}]}},"_links":{"self":[{"href":"https:\/\/www.verdieditions.com\/equilibre-de-vie\/wp-json\/wp\/v2\/product\/2304","targetHints":{"allow":["GET"]}}],"collection":[{"href":"https:\/\/www.verdieditions.com\/equilibre-de-vie\/wp-json\/wp\/v2\/product"}],"about":[{"href":"https:\/\/www.verdieditions.com\/equilibre-de-vie\/wp-json\/wp\/v2\/types\/product"}],"wp:featuredmedia":[{"embeddable":true,"href":"https:\/\/www.verdieditions.com\/equilibre-de-vie\/wp-json\/wp\/v2\/media\/2318"}],"wp:attachment":[{"href":"https:\/\/www.verdieditions.com\/equilibre-de-vie\/wp-json\/wp\/v2\/media?parent=2304"}],"wp:term":[{"taxonomy":"product_brand","embeddable":true,"href":"https:\/\/www.verdieditions.com\/equilibre-de-vie\/wp-json\/wp\/v2\/product_brand?post=2304"},{"taxonomy":"product_cat","embeddable":true,"href":"https:\/\/www.verdieditions.com\/equilibre-de-vie\/wp-json\/wp\/v2\/product_cat?post=2304"},{"taxonomy":"product_tag","embeddable":true,"href":"https:\/\/www.verdieditions.com\/equilibre-de-vie\/wp-json\/wp\/v2\/product_tag?post=2304"}],"curies":[{"name":"wp","href":"https:\/\/api.w.org\/{rel}","templated":true}]}}