{"id":229,"date":"2020-04-23T11:23:01","date_gmt":"2020-04-23T09:23:01","guid":{"rendered":"https:\/\/www.verdieditions.com\/equilibre-de-vie\/?post_type=product&#038;p=229"},"modified":"2022-07-25T10:56:57","modified_gmt":"2022-07-25T08:56:57","slug":"etteilla-tarots-egyptiens-emeterio","status":"publish","type":"product","link":"https:\/\/www.verdieditions.com\/equilibre-de-vie\/produit\/etteilla-tarots-egyptiens-emeterio\/","title":{"rendered":"Le grand livre de l&rsquo;Etteilla tarots \u00e9gyptiens &#8211; E. SAN EMETERIO"},"content":{"rendered":"<p>Auteur : E. SAN EMETERIO<br \/>\nTitre : Le grand livre du jeu de l&rsquo;Etteilla tarots \u00e9gyptiens, les 78 cartes interpr\u00e9t\u00e9es une \u00e0 une, des m\u00e9thodes in\u00e9dites de tirage, les rencontres les plus significatives<br \/>\n\u00c9diteur : Trajectoires, 1997<br \/>\nEdition originale<br \/>\nDim. 15 x 22<br \/>\n283 pages<\/p>\n","protected":false},"excerpt":{"rendered":"<p>Auteur : E. SAN EMETERIO<br \/>\nTitre : Le grand livre du jeu de l&rsquo;Etteilla tarots \u00e9gyptiens, les 78 cartes interpr\u00e9t\u00e9es une \u00e0 une, des m\u00e9thodes in\u00e9dites de tirage, les rencontres les plus significatives<br \/>\n\u00c9diteur : Trajectoires, 1997<br \/>\nEdition originale<br \/>\nDim. 15 x 22<br \/>\n283 pages<\/p>\n","protected":false},"featured_media":230,"template":"","meta":[],"product_brand":[],"product_cat":[23],"product_tag":[32,44,45,192,162],"class_list":{"0":"post-229","1":"product","2":"type-product","3":"status-publish","4":"has-post-thumbnail","6":"product_cat-esoterisme","7":"product_tag-arts-divinatoires","8":"product_tag-cartes","9":"product_tag-cartomancie","10":"product_tag-etteilla","11":"product_tag-tarot","13":"first","14":"outofstock","15":"shipping-taxable","16":"product-type-simple"},"yoast_head":"<!-- This site is optimized with the Yoast SEO plugin v27.4 - https:\/\/yoast.com\/product\/yoast-seo-wordpress\/ -->\n<title>Le grand livre de l&#039;Etteilla tarots \u00e9gyptiens - E. SAN EMETERIO - Equilibre de Vie<\/title>\n<meta name=\"description\" content=\"Auteur : E. SAN EMETERIO Titre : Le grand livre du jeu de l\u2019Etteilla tarots \u00e9gyptiens, les 78 cartes interpr\u00e9t\u00e9es une \u00e0 une, des m\u00e9thodes in\u00e9dites de tirage, les rencontres les plus significatives \u00c9diteur : Trajectoires, 1997 Edition originale Dim. 15 x 22 283 pages\" \/>\n<meta name=\"robots\" content=\"index, follow, max-snippet:-1, max-image-preview:large, max-video-preview:-1\" \/>\n<link rel=\"canonical\" href=\"https:\/\/www.verdieditions.com\/equilibre-de-vie\/produit\/etteilla-tarots-egyptiens-emeterio\/\" \/>\n<meta property=\"og:locale\" content=\"fr_FR\" \/>\n<meta property=\"og:type\" content=\"article\" \/>\n<meta property=\"og:title\" content=\"Le grand livre de l&#039;Etteilla tarots \u00e9gyptiens - E. SAN EMETERIO - Equilibre de Vie\" \/>\n<meta property=\"og:description\" content=\"Auteur : E. SAN EMETERIO Titre : Le grand livre du jeu de l\u2019Etteilla tarots \u00e9gyptiens, les 78 cartes interpr\u00e9t\u00e9es une \u00e0 une, des m\u00e9thodes in\u00e9dites de tirage, les rencontres les plus significatives \u00c9diteur : Trajectoires, 1997 Edition originale Dim. 15 x 22 283 pages\" \/>\n<meta property=\"og:url\" content=\"https:\/\/www.verdieditions.com\/equilibre-de-vie\/produit\/etteilla-tarots-egyptiens-emeterio\/\" \/>\n<meta property=\"og:site_name\" content=\"Equilibre de Vie\" \/>\n<meta property=\"article:modified_time\" content=\"2022-07-25T08:56:57+00:00\" \/>\n<meta property=\"og:image\" content=\"https:\/\/www.verdieditions.com\/equilibre-de-vie\/wp-content\/uploads\/2020\/04\/etteilla-Grand-Livre-Tarots-Egyptiens-Emeterio.jpg\" \/>\n\t<meta property=\"og:image:width\" content=\"829\" \/>\n\t<meta property=\"og:image:height\" content=\"1210\" \/>\n\t<meta property=\"og:image:type\" content=\"image\/jpeg\" \/>\n<meta name=\"twitter:card\" content=\"summary_large_image\" \/>\n<script type=\"application\/ld+json\" class=\"yoast-schema-graph\">{\"@context\":\"https:\\\/\\\/schema.org\",\"@graph\":[{\"@type\":\"WebPage\",\"@id\":\"https:\\\/\\\/www.verdieditions.com\\\/equilibre-de-vie\\\/produit\\\/etteilla-tarots-egyptiens-emeterio\\\/\",\"url\":\"https:\\\/\\\/www.verdieditions.com\\\/equilibre-de-vie\\\/produit\\\/etteilla-tarots-egyptiens-emeterio\\\/\",\"name\":\"Le grand livre de l'Etteilla tarots \u00e9gyptiens - E. SAN EMETERIO - Equilibre de Vie\",\"isPartOf\":{\"@id\":\"https:\\\/\\\/www.verdieditions.com\\\/equilibre-de-vie\\\/#website\"},\"primaryImageOfPage\":{\"@id\":\"https:\\\/\\\/www.verdieditions.com\\\/equilibre-de-vie\\\/produit\\\/etteilla-tarots-egyptiens-emeterio\\\/#primaryimage\"},\"image\":{\"@id\":\"https:\\\/\\\/www.verdieditions.com\\\/equilibre-de-vie\\\/produit\\\/etteilla-tarots-egyptiens-emeterio\\\/#primaryimage\"},\"thumbnailUrl\":\"https:\\\/\\\/www.verdieditions.com\\\/equilibre-de-vie\\\/wp-content\\\/uploads\\\/2020\\\/04\\\/etteilla-Grand-Livre-Tarots-Egyptiens-Emeterio.jpg\",\"datePublished\":\"2020-04-23T09:23:01+00:00\",\"dateModified\":\"2022-07-25T08:56:57+00:00\",\"description\":\"Auteur : E. SAN EMETERIO Titre : Le grand livre du jeu de l\u2019Etteilla tarots \u00e9gyptiens, les 78 cartes interpr\u00e9t\u00e9es une \u00e0 une, des m\u00e9thodes in\u00e9dites de tirage, les rencontres les plus significatives \u00c9diteur : Trajectoires, 1997 Edition originale Dim. 15 x 22 283 pages\",\"breadcrumb\":{\"@id\":\"https:\\\/\\\/www.verdieditions.com\\\/equilibre-de-vie\\\/produit\\\/etteilla-tarots-egyptiens-emeterio\\\/#breadcrumb\"},\"inLanguage\":\"fr-FR\",\"potentialAction\":[{\"@type\":\"ReadAction\",\"target\":[\"https:\\\/\\\/www.verdieditions.com\\\/equilibre-de-vie\\\/produit\\\/etteilla-tarots-egyptiens-emeterio\\\/\"]}]},{\"@type\":\"ImageObject\",\"inLanguage\":\"fr-FR\",\"@id\":\"https:\\\/\\\/www.verdieditions.com\\\/equilibre-de-vie\\\/produit\\\/etteilla-tarots-egyptiens-emeterio\\\/#primaryimage\",\"url\":\"https:\\\/\\\/www.verdieditions.com\\\/equilibre-de-vie\\\/wp-content\\\/uploads\\\/2020\\\/04\\\/etteilla-Grand-Livre-Tarots-Egyptiens-Emeterio.jpg\",\"contentUrl\":\"https:\\\/\\\/www.verdieditions.com\\\/equilibre-de-vie\\\/wp-content\\\/uploads\\\/2020\\\/04\\\/etteilla-Grand-Livre-Tarots-Egyptiens-Emeterio.jpg\",\"width\":829,\"height\":1210,\"caption\":\"etteilla-Grand-Livre-Tarots-Egyptiens-Emeterio\"},{\"@type\":\"BreadcrumbList\",\"@id\":\"https:\\\/\\\/www.verdieditions.com\\\/equilibre-de-vie\\\/produit\\\/etteilla-tarots-egyptiens-emeterio\\\/#breadcrumb\",\"itemListElement\":[{\"@type\":\"ListItem\",\"position\":1,\"name\":\"Accueil\",\"item\":\"https:\\\/\\\/www.verdieditions.com\\\/equilibre-de-vie\\\/\"},{\"@type\":\"ListItem\",\"position\":2,\"name\":\"La boutique\",\"item\":\"https:\\\/\\\/www.verdieditions.com\\\/equilibre-de-vie\\\/boutique\\\/\"},{\"@type\":\"ListItem\",\"position\":3,\"name\":\"Le grand livre de l&#8217;Etteilla tarots \u00e9gyptiens &#8211; E. SAN EMETERIO\"}]},{\"@type\":\"WebSite\",\"@id\":\"https:\\\/\\\/www.verdieditions.com\\\/equilibre-de-vie\\\/#website\",\"url\":\"https:\\\/\\\/www.verdieditions.com\\\/equilibre-de-vie\\\/\",\"name\":\"Equilibre de Vie\",\"description\":\"Ma boutique livres sant\u00e9, \u00e9sot\u00e9risme et d\u00e9veloppement personnel\",\"publisher\":{\"@id\":\"https:\\\/\\\/www.verdieditions.com\\\/equilibre-de-vie\\\/#\\\/schema\\\/person\\\/9dcb2a6759f2f5fbf43ac0b44649cecb\"},\"potentialAction\":[{\"@type\":\"SearchAction\",\"target\":{\"@type\":\"EntryPoint\",\"urlTemplate\":\"https:\\\/\\\/www.verdieditions.com\\\/equilibre-de-vie\\\/?s={search_term_string}\"},\"query-input\":{\"@type\":\"PropertyValueSpecification\",\"valueRequired\":true,\"valueName\":\"search_term_string\"}}],\"inLanguage\":\"fr-FR\"},{\"@type\":[\"Person\",\"Organization\"],\"@id\":\"https:\\\/\\\/www.verdieditions.com\\\/equilibre-de-vie\\\/#\\\/schema\\\/person\\\/9dcb2a6759f2f5fbf43ac0b44649cecb\",\"name\":\"Sylvie VERDI\",\"image\":{\"@type\":\"ImageObject\",\"inLanguage\":\"fr-FR\",\"@id\":\"https:\\\/\\\/www.verdieditions.com\\\/equilibre-de-vie\\\/wp-content\\\/uploads\\\/2020\\\/04\\\/livres-occasion-sante-esoterisme-developpement-personnel-2.jpg\",\"url\":\"https:\\\/\\\/www.verdieditions.com\\\/equilibre-de-vie\\\/wp-content\\\/uploads\\\/2020\\\/04\\\/livres-occasion-sante-esoterisme-developpement-personnel-2.jpg\",\"contentUrl\":\"https:\\\/\\\/www.verdieditions.com\\\/equilibre-de-vie\\\/wp-content\\\/uploads\\\/2020\\\/04\\\/livres-occasion-sante-esoterisme-developpement-personnel-2.jpg\",\"width\":800,\"height\":572,\"caption\":\"Sylvie VERDI\"},\"logo\":{\"@id\":\"https:\\\/\\\/www.verdieditions.com\\\/equilibre-de-vie\\\/wp-content\\\/uploads\\\/2020\\\/04\\\/livres-occasion-sante-esoterisme-developpement-personnel-2.jpg\"},\"sameAs\":[\"https:\\\/\\\/www.verdieditions.com\\\/equilibre-de-vie\"]}]}<\/script>\n<!-- \/ Yoast SEO plugin. -->","yoast_head_json":{"title":"Le grand livre de l'Etteilla tarots \u00e9gyptiens - E. SAN EMETERIO - Equilibre de Vie","description":"Auteur : E. SAN EMETERIO Titre : Le grand livre du jeu de l\u2019Etteilla tarots \u00e9gyptiens, les 78 cartes interpr\u00e9t\u00e9es une \u00e0 une, des m\u00e9thodes in\u00e9dites de tirage, les rencontres les plus significatives \u00c9diteur : Trajectoires, 1997 Edition originale Dim. 15 x 22 283 pages","robots":{"index":"index","follow":"follow","max-snippet":"max-snippet:-1","max-image-preview":"max-image-preview:large","max-video-preview":"max-video-preview:-1"},"canonical":"https:\/\/www.verdieditions.com\/equilibre-de-vie\/produit\/etteilla-tarots-egyptiens-emeterio\/","og_locale":"fr_FR","og_type":"article","og_title":"Le grand livre de l'Etteilla tarots \u00e9gyptiens - E. SAN EMETERIO - Equilibre de Vie","og_description":"Auteur : E. SAN EMETERIO Titre : Le grand livre du jeu de l\u2019Etteilla tarots \u00e9gyptiens, les 78 cartes interpr\u00e9t\u00e9es une \u00e0 une, des m\u00e9thodes in\u00e9dites de tirage, les rencontres les plus significatives \u00c9diteur : Trajectoires, 1997 Edition originale Dim. 15 x 22 283 pages","og_url":"https:\/\/www.verdieditions.com\/equilibre-de-vie\/produit\/etteilla-tarots-egyptiens-emeterio\/","og_site_name":"Equilibre de Vie","article_modified_time":"2022-07-25T08:56:57+00:00","og_image":[{"width":829,"height":1210,"url":"https:\/\/www.verdieditions.com\/equilibre-de-vie\/wp-content\/uploads\/2020\/04\/etteilla-Grand-Livre-Tarots-Egyptiens-Emeterio.jpg","type":"image\/jpeg"}],"twitter_card":"summary_large_image","schema":{"@context":"https:\/\/schema.org","@graph":[{"@type":"WebPage","@id":"https:\/\/www.verdieditions.com\/equilibre-de-vie\/produit\/etteilla-tarots-egyptiens-emeterio\/","url":"https:\/\/www.verdieditions.com\/equilibre-de-vie\/produit\/etteilla-tarots-egyptiens-emeterio\/","name":"Le grand livre de l'Etteilla tarots \u00e9gyptiens - E. SAN EMETERIO - Equilibre de Vie","isPartOf":{"@id":"https:\/\/www.verdieditions.com\/equilibre-de-vie\/#website"},"primaryImageOfPage":{"@id":"https:\/\/www.verdieditions.com\/equilibre-de-vie\/produit\/etteilla-tarots-egyptiens-emeterio\/#primaryimage"},"image":{"@id":"https:\/\/www.verdieditions.com\/equilibre-de-vie\/produit\/etteilla-tarots-egyptiens-emeterio\/#primaryimage"},"thumbnailUrl":"https:\/\/www.verdieditions.com\/equilibre-de-vie\/wp-content\/uploads\/2020\/04\/etteilla-Grand-Livre-Tarots-Egyptiens-Emeterio.jpg","datePublished":"2020-04-23T09:23:01+00:00","dateModified":"2022-07-25T08:56:57+00:00","description":"Auteur : E. SAN EMETERIO Titre : Le grand livre du jeu de l\u2019Etteilla tarots \u00e9gyptiens, les 78 cartes interpr\u00e9t\u00e9es une \u00e0 une, des m\u00e9thodes in\u00e9dites de tirage, les rencontres les plus significatives \u00c9diteur : Trajectoires, 1997 Edition originale Dim. 15 x 22 283 pages","breadcrumb":{"@id":"https:\/\/www.verdieditions.com\/equilibre-de-vie\/produit\/etteilla-tarots-egyptiens-emeterio\/#breadcrumb"},"inLanguage":"fr-FR","potentialAction":[{"@type":"ReadAction","target":["https:\/\/www.verdieditions.com\/equilibre-de-vie\/produit\/etteilla-tarots-egyptiens-emeterio\/"]}]},{"@type":"ImageObject","inLanguage":"fr-FR","@id":"https:\/\/www.verdieditions.com\/equilibre-de-vie\/produit\/etteilla-tarots-egyptiens-emeterio\/#primaryimage","url":"https:\/\/www.verdieditions.com\/equilibre-de-vie\/wp-content\/uploads\/2020\/04\/etteilla-Grand-Livre-Tarots-Egyptiens-Emeterio.jpg","contentUrl":"https:\/\/www.verdieditions.com\/equilibre-de-vie\/wp-content\/uploads\/2020\/04\/etteilla-Grand-Livre-Tarots-Egyptiens-Emeterio.jpg","width":829,"height":1210,"caption":"etteilla-Grand-Livre-Tarots-Egyptiens-Emeterio"},{"@type":"BreadcrumbList","@id":"https:\/\/www.verdieditions.com\/equilibre-de-vie\/produit\/etteilla-tarots-egyptiens-emeterio\/#breadcrumb","itemListElement":[{"@type":"ListItem","position":1,"name":"Accueil","item":"https:\/\/www.verdieditions.com\/equilibre-de-vie\/"},{"@type":"ListItem","position":2,"name":"La boutique","item":"https:\/\/www.verdieditions.com\/equilibre-de-vie\/boutique\/"},{"@type":"ListItem","position":3,"name":"Le grand livre de l&#8217;Etteilla tarots \u00e9gyptiens &#8211; E. SAN EMETERIO"}]},{"@type":"WebSite","@id":"https:\/\/www.verdieditions.com\/equilibre-de-vie\/#website","url":"https:\/\/www.verdieditions.com\/equilibre-de-vie\/","name":"Equilibre de Vie","description":"Ma boutique livres sant\u00e9, \u00e9sot\u00e9risme et d\u00e9veloppement personnel","publisher":{"@id":"https:\/\/www.verdieditions.com\/equilibre-de-vie\/#\/schema\/person\/9dcb2a6759f2f5fbf43ac0b44649cecb"},"potentialAction":[{"@type":"SearchAction","target":{"@type":"EntryPoint","urlTemplate":"https:\/\/www.verdieditions.com\/equilibre-de-vie\/?s={search_term_string}"},"query-input":{"@type":"PropertyValueSpecification","valueRequired":true,"valueName":"search_term_string"}}],"inLanguage":"fr-FR"},{"@type":["Person","Organization"],"@id":"https:\/\/www.verdieditions.com\/equilibre-de-vie\/#\/schema\/person\/9dcb2a6759f2f5fbf43ac0b44649cecb","name":"Sylvie VERDI","image":{"@type":"ImageObject","inLanguage":"fr-FR","@id":"https:\/\/www.verdieditions.com\/equilibre-de-vie\/wp-content\/uploads\/2020\/04\/livres-occasion-sante-esoterisme-developpement-personnel-2.jpg","url":"https:\/\/www.verdieditions.com\/equilibre-de-vie\/wp-content\/uploads\/2020\/04\/livres-occasion-sante-esoterisme-developpement-personnel-2.jpg","contentUrl":"https:\/\/www.verdieditions.com\/equilibre-de-vie\/wp-content\/uploads\/2020\/04\/livres-occasion-sante-esoterisme-developpement-personnel-2.jpg","width":800,"height":572,"caption":"Sylvie VERDI"},"logo":{"@id":"https:\/\/www.verdieditions.com\/equilibre-de-vie\/wp-content\/uploads\/2020\/04\/livres-occasion-sante-esoterisme-developpement-personnel-2.jpg"},"sameAs":["https:\/\/www.verdieditions.com\/equilibre-de-vie"]}]}},"_links":{"self":[{"href":"https:\/\/www.verdieditions.com\/equilibre-de-vie\/wp-json\/wp\/v2\/product\/229","targetHints":{"allow":["GET"]}}],"collection":[{"href":"https:\/\/www.verdieditions.com\/equilibre-de-vie\/wp-json\/wp\/v2\/product"}],"about":[{"href":"https:\/\/www.verdieditions.com\/equilibre-de-vie\/wp-json\/wp\/v2\/types\/product"}],"wp:featuredmedia":[{"embeddable":true,"href":"https:\/\/www.verdieditions.com\/equilibre-de-vie\/wp-json\/wp\/v2\/media\/230"}],"wp:attachment":[{"href":"https:\/\/www.verdieditions.com\/equilibre-de-vie\/wp-json\/wp\/v2\/media?parent=229"}],"wp:term":[{"taxonomy":"product_brand","embeddable":true,"href":"https:\/\/www.verdieditions.com\/equilibre-de-vie\/wp-json\/wp\/v2\/product_brand?post=229"},{"taxonomy":"product_cat","embeddable":true,"href":"https:\/\/www.verdieditions.com\/equilibre-de-vie\/wp-json\/wp\/v2\/product_cat?post=229"},{"taxonomy":"product_tag","embeddable":true,"href":"https:\/\/www.verdieditions.com\/equilibre-de-vie\/wp-json\/wp\/v2\/product_tag?post=229"}],"curies":[{"name":"wp","href":"https:\/\/api.w.org\/{rel}","templated":true}]}}