{"id":227,"date":"2020-04-23T11:11:39","date_gmt":"2020-04-23T09:11:39","guid":{"rendered":"https:\/\/www.verdieditions.com\/equilibre-de-vie\/?post_type=product&#038;p=227"},"modified":"2020-08-17T12:12:29","modified_gmt":"2020-08-17T10:12:29","slug":"voie-tarot-jodorowsky-costa","status":"publish","type":"product","link":"https:\/\/www.verdieditions.com\/equilibre-de-vie\/produit\/voie-tarot-jodorowsky-costa\/","title":{"rendered":"La Voie du Tarot &#8211; Alexandro JODOROWSKI &#8211; Marianne COSTA"},"content":{"rendered":"<p>Auteur : Alexandro JODOROWSKI &#8211; Marianne COSTA<br \/>\nTitre : La Voie du Tarot<br \/>\n\u00c9diteur : Albien Michel, 2004<br \/>\nCouverture rigide cartonn\u00e9e, \u00e9dition originale, excellent \u00e9tat, comme neuf<br \/>\nDim. 15 x 21,5<br \/>\n576 pages<\/p>\n<p>Alexandro Jodorowsky, artiste multiforme \u2013 cin\u00e9aste, acteur, dramaturge, auteur visionnaire\u2026 \u2013 et psychoth\u00e9rapeute novateur, s\u2019est engag\u00e9 depuis une trentaine d\u2019ann\u00e9es dans la voie du tarot.<br \/>\nJeu de cartes de vingt-deux arcanes majeurs et cinquante-six arcanes mineurs, le tarot voyage \u00e0 travers les cultures et les si\u00e8cles depuis le Moyen \u00c2ge. M\u00eame s\u2019il est souvent employ\u00e9 comme art divinatoire, il est avant tout un fabuleux instrument de connaissance de soi et une repr\u00e9sentation de la structure de l\u2019\u00e2me.<br \/>\nEn tirant les cartes, celui qui interroge le tarot est confront\u00e9 \u00e0 son \u00e9tat int\u00e9rieur et guid\u00e9 dans l\u2019exploration de sa propre profondeur. Source in\u00e9puisable de symboles, La voie du tarot est une invitation \u00e0 l\u2019aventure spirituelle et un outil d\u2019interpr\u00e9tation du quotidien.<\/p>\n","protected":false},"excerpt":{"rendered":"<p>Auteur : Alexandro JODOROWSKI &#8211; Marianne COSTA<br \/>\nTitre : La Voie du Tarot<br \/>\n\u00c9diteur : Albien Michel, 2004<br \/>\nCouverture cartonn\u00e9e, \u00e9dition originale, excellent \u00e9tat, comme neuf<br \/>\nDim. 15 x 21,5<br \/>\n576 pages<\/p>\n","protected":false},"featured_media":228,"template":"","meta":[],"product_brand":[],"product_cat":[23],"product_tag":[32,44,45,162],"class_list":{"0":"post-227","1":"product","2":"type-product","3":"status-publish","4":"has-post-thumbnail","6":"product_cat-esoterisme","7":"product_tag-arts-divinatoires","8":"product_tag-cartes","9":"product_tag-cartomancie","10":"product_tag-tarot","12":"first","13":"outofstock","14":"featured","15":"shipping-taxable","16":"product-type-simple"},"yoast_head":"<!-- This site is optimized with the Yoast SEO plugin v27.4 - https:\/\/yoast.com\/product\/yoast-seo-wordpress\/ -->\n<title>La Voie du Tarot - Alexandro JODOROWSKI - Marianne COSTA - Equilibre de Vie<\/title>\n<meta name=\"description\" content=\"Auteur : Alexandro JODOROWSKI \u2013 Marianne COSTA Titre : La Voie du Tarot \u00c9diteur : Albien Michel, 2004 Couverture cartonn\u00e9e, \u00e9dition originale, excellent \u00e9tat, comme neuf Dim. 15 x 21,5 576 pages\" \/>\n<meta name=\"robots\" content=\"index, follow, max-snippet:-1, max-image-preview:large, max-video-preview:-1\" \/>\n<link rel=\"canonical\" href=\"https:\/\/www.verdieditions.com\/equilibre-de-vie\/produit\/voie-tarot-jodorowsky-costa\/\" \/>\n<meta property=\"og:locale\" content=\"fr_FR\" \/>\n<meta property=\"og:type\" content=\"article\" \/>\n<meta property=\"og:title\" content=\"La Voie du Tarot - Alexandro JODOROWSKI - Marianne COSTA - Equilibre de Vie\" \/>\n<meta property=\"og:description\" content=\"Auteur : Alexandro JODOROWSKI \u2013 Marianne COSTA Titre : La Voie du Tarot \u00c9diteur : Albien Michel, 2004 Couverture cartonn\u00e9e, \u00e9dition originale, excellent \u00e9tat, comme neuf Dim. 15 x 21,5 576 pages\" \/>\n<meta property=\"og:url\" content=\"https:\/\/www.verdieditions.com\/equilibre-de-vie\/produit\/voie-tarot-jodorowsky-costa\/\" \/>\n<meta property=\"og:site_name\" content=\"Equilibre de Vie\" \/>\n<meta property=\"article:modified_time\" content=\"2020-08-17T10:12:29+00:00\" \/>\n<meta property=\"og:image\" content=\"https:\/\/www.verdieditions.com\/equilibre-de-vie\/wp-content\/uploads\/2020\/04\/Jodorowky-voie-du-tarot.jpg\" \/>\n\t<meta property=\"og:image:width\" content=\"865\" \/>\n\t<meta property=\"og:image:height\" content=\"1169\" \/>\n\t<meta property=\"og:image:type\" content=\"image\/jpeg\" \/>\n<meta name=\"twitter:card\" content=\"summary_large_image\" \/>\n<meta name=\"twitter:label1\" content=\"Dur\u00e9e de lecture estim\u00e9e\" \/>\n\t<meta name=\"twitter:data1\" content=\"1 minute\" \/>\n<script type=\"application\/ld+json\" class=\"yoast-schema-graph\">{\"@context\":\"https:\\\/\\\/schema.org\",\"@graph\":[{\"@type\":\"WebPage\",\"@id\":\"https:\\\/\\\/www.verdieditions.com\\\/equilibre-de-vie\\\/produit\\\/voie-tarot-jodorowsky-costa\\\/\",\"url\":\"https:\\\/\\\/www.verdieditions.com\\\/equilibre-de-vie\\\/produit\\\/voie-tarot-jodorowsky-costa\\\/\",\"name\":\"La Voie du Tarot - Alexandro JODOROWSKI - Marianne COSTA - Equilibre de Vie\",\"isPartOf\":{\"@id\":\"https:\\\/\\\/www.verdieditions.com\\\/equilibre-de-vie\\\/#website\"},\"primaryImageOfPage\":{\"@id\":\"https:\\\/\\\/www.verdieditions.com\\\/equilibre-de-vie\\\/produit\\\/voie-tarot-jodorowsky-costa\\\/#primaryimage\"},\"image\":{\"@id\":\"https:\\\/\\\/www.verdieditions.com\\\/equilibre-de-vie\\\/produit\\\/voie-tarot-jodorowsky-costa\\\/#primaryimage\"},\"thumbnailUrl\":\"https:\\\/\\\/www.verdieditions.com\\\/equilibre-de-vie\\\/wp-content\\\/uploads\\\/2020\\\/04\\\/Jodorowky-voie-du-tarot.jpg\",\"datePublished\":\"2020-04-23T09:11:39+00:00\",\"dateModified\":\"2020-08-17T10:12:29+00:00\",\"description\":\"Auteur : Alexandro JODOROWSKI \u2013 Marianne COSTA Titre : La Voie du Tarot \u00c9diteur : Albien Michel, 2004 Couverture cartonn\u00e9e, \u00e9dition originale, excellent \u00e9tat, comme neuf Dim. 15 x 21,5 576 pages\",\"breadcrumb\":{\"@id\":\"https:\\\/\\\/www.verdieditions.com\\\/equilibre-de-vie\\\/produit\\\/voie-tarot-jodorowsky-costa\\\/#breadcrumb\"},\"inLanguage\":\"fr-FR\",\"potentialAction\":[{\"@type\":\"ReadAction\",\"target\":[\"https:\\\/\\\/www.verdieditions.com\\\/equilibre-de-vie\\\/produit\\\/voie-tarot-jodorowsky-costa\\\/\"]}]},{\"@type\":\"ImageObject\",\"inLanguage\":\"fr-FR\",\"@id\":\"https:\\\/\\\/www.verdieditions.com\\\/equilibre-de-vie\\\/produit\\\/voie-tarot-jodorowsky-costa\\\/#primaryimage\",\"url\":\"https:\\\/\\\/www.verdieditions.com\\\/equilibre-de-vie\\\/wp-content\\\/uploads\\\/2020\\\/04\\\/Jodorowky-voie-du-tarot.jpg\",\"contentUrl\":\"https:\\\/\\\/www.verdieditions.com\\\/equilibre-de-vie\\\/wp-content\\\/uploads\\\/2020\\\/04\\\/Jodorowky-voie-du-tarot.jpg\",\"width\":865,\"height\":1169,\"caption\":\"Jodorowsky-voie-du-tarot\"},{\"@type\":\"BreadcrumbList\",\"@id\":\"https:\\\/\\\/www.verdieditions.com\\\/equilibre-de-vie\\\/produit\\\/voie-tarot-jodorowsky-costa\\\/#breadcrumb\",\"itemListElement\":[{\"@type\":\"ListItem\",\"position\":1,\"name\":\"Accueil\",\"item\":\"https:\\\/\\\/www.verdieditions.com\\\/equilibre-de-vie\\\/\"},{\"@type\":\"ListItem\",\"position\":2,\"name\":\"La boutique\",\"item\":\"https:\\\/\\\/www.verdieditions.com\\\/equilibre-de-vie\\\/boutique\\\/\"},{\"@type\":\"ListItem\",\"position\":3,\"name\":\"La Voie du Tarot &#8211; Alexandro JODOROWSKI &#8211; Marianne COSTA\"}]},{\"@type\":\"WebSite\",\"@id\":\"https:\\\/\\\/www.verdieditions.com\\\/equilibre-de-vie\\\/#website\",\"url\":\"https:\\\/\\\/www.verdieditions.com\\\/equilibre-de-vie\\\/\",\"name\":\"Equilibre de Vie\",\"description\":\"Ma boutique livres sant\u00e9, \u00e9sot\u00e9risme et d\u00e9veloppement personnel\",\"publisher\":{\"@id\":\"https:\\\/\\\/www.verdieditions.com\\\/equilibre-de-vie\\\/#\\\/schema\\\/person\\\/9dcb2a6759f2f5fbf43ac0b44649cecb\"},\"potentialAction\":[{\"@type\":\"SearchAction\",\"target\":{\"@type\":\"EntryPoint\",\"urlTemplate\":\"https:\\\/\\\/www.verdieditions.com\\\/equilibre-de-vie\\\/?s={search_term_string}\"},\"query-input\":{\"@type\":\"PropertyValueSpecification\",\"valueRequired\":true,\"valueName\":\"search_term_string\"}}],\"inLanguage\":\"fr-FR\"},{\"@type\":[\"Person\",\"Organization\"],\"@id\":\"https:\\\/\\\/www.verdieditions.com\\\/equilibre-de-vie\\\/#\\\/schema\\\/person\\\/9dcb2a6759f2f5fbf43ac0b44649cecb\",\"name\":\"Sylvie VERDI\",\"image\":{\"@type\":\"ImageObject\",\"inLanguage\":\"fr-FR\",\"@id\":\"https:\\\/\\\/www.verdieditions.com\\\/equilibre-de-vie\\\/wp-content\\\/uploads\\\/2020\\\/04\\\/livres-occasion-sante-esoterisme-developpement-personnel-2.jpg\",\"url\":\"https:\\\/\\\/www.verdieditions.com\\\/equilibre-de-vie\\\/wp-content\\\/uploads\\\/2020\\\/04\\\/livres-occasion-sante-esoterisme-developpement-personnel-2.jpg\",\"contentUrl\":\"https:\\\/\\\/www.verdieditions.com\\\/equilibre-de-vie\\\/wp-content\\\/uploads\\\/2020\\\/04\\\/livres-occasion-sante-esoterisme-developpement-personnel-2.jpg\",\"width\":800,\"height\":572,\"caption\":\"Sylvie VERDI\"},\"logo\":{\"@id\":\"https:\\\/\\\/www.verdieditions.com\\\/equilibre-de-vie\\\/wp-content\\\/uploads\\\/2020\\\/04\\\/livres-occasion-sante-esoterisme-developpement-personnel-2.jpg\"},\"sameAs\":[\"https:\\\/\\\/www.verdieditions.com\\\/equilibre-de-vie\"]}]}<\/script>\n<!-- \/ Yoast SEO plugin. -->","yoast_head_json":{"title":"La Voie du Tarot - Alexandro JODOROWSKI - Marianne COSTA - Equilibre de Vie","description":"Auteur : Alexandro JODOROWSKI \u2013 Marianne COSTA Titre : La Voie du Tarot \u00c9diteur : Albien Michel, 2004 Couverture cartonn\u00e9e, \u00e9dition originale, excellent \u00e9tat, comme neuf Dim. 15 x 21,5 576 pages","robots":{"index":"index","follow":"follow","max-snippet":"max-snippet:-1","max-image-preview":"max-image-preview:large","max-video-preview":"max-video-preview:-1"},"canonical":"https:\/\/www.verdieditions.com\/equilibre-de-vie\/produit\/voie-tarot-jodorowsky-costa\/","og_locale":"fr_FR","og_type":"article","og_title":"La Voie du Tarot - Alexandro JODOROWSKI - Marianne COSTA - Equilibre de Vie","og_description":"Auteur : Alexandro JODOROWSKI \u2013 Marianne COSTA Titre : La Voie du Tarot \u00c9diteur : Albien Michel, 2004 Couverture cartonn\u00e9e, \u00e9dition originale, excellent \u00e9tat, comme neuf Dim. 15 x 21,5 576 pages","og_url":"https:\/\/www.verdieditions.com\/equilibre-de-vie\/produit\/voie-tarot-jodorowsky-costa\/","og_site_name":"Equilibre de Vie","article_modified_time":"2020-08-17T10:12:29+00:00","og_image":[{"width":865,"height":1169,"url":"https:\/\/www.verdieditions.com\/equilibre-de-vie\/wp-content\/uploads\/2020\/04\/Jodorowky-voie-du-tarot.jpg","type":"image\/jpeg"}],"twitter_card":"summary_large_image","twitter_misc":{"Dur\u00e9e de lecture estim\u00e9e":"1 minute"},"schema":{"@context":"https:\/\/schema.org","@graph":[{"@type":"WebPage","@id":"https:\/\/www.verdieditions.com\/equilibre-de-vie\/produit\/voie-tarot-jodorowsky-costa\/","url":"https:\/\/www.verdieditions.com\/equilibre-de-vie\/produit\/voie-tarot-jodorowsky-costa\/","name":"La Voie du Tarot - Alexandro JODOROWSKI - Marianne COSTA - Equilibre de Vie","isPartOf":{"@id":"https:\/\/www.verdieditions.com\/equilibre-de-vie\/#website"},"primaryImageOfPage":{"@id":"https:\/\/www.verdieditions.com\/equilibre-de-vie\/produit\/voie-tarot-jodorowsky-costa\/#primaryimage"},"image":{"@id":"https:\/\/www.verdieditions.com\/equilibre-de-vie\/produit\/voie-tarot-jodorowsky-costa\/#primaryimage"},"thumbnailUrl":"https:\/\/www.verdieditions.com\/equilibre-de-vie\/wp-content\/uploads\/2020\/04\/Jodorowky-voie-du-tarot.jpg","datePublished":"2020-04-23T09:11:39+00:00","dateModified":"2020-08-17T10:12:29+00:00","description":"Auteur : Alexandro JODOROWSKI \u2013 Marianne COSTA Titre : La Voie du Tarot \u00c9diteur : Albien Michel, 2004 Couverture cartonn\u00e9e, \u00e9dition originale, excellent \u00e9tat, comme neuf Dim. 15 x 21,5 576 pages","breadcrumb":{"@id":"https:\/\/www.verdieditions.com\/equilibre-de-vie\/produit\/voie-tarot-jodorowsky-costa\/#breadcrumb"},"inLanguage":"fr-FR","potentialAction":[{"@type":"ReadAction","target":["https:\/\/www.verdieditions.com\/equilibre-de-vie\/produit\/voie-tarot-jodorowsky-costa\/"]}]},{"@type":"ImageObject","inLanguage":"fr-FR","@id":"https:\/\/www.verdieditions.com\/equilibre-de-vie\/produit\/voie-tarot-jodorowsky-costa\/#primaryimage","url":"https:\/\/www.verdieditions.com\/equilibre-de-vie\/wp-content\/uploads\/2020\/04\/Jodorowky-voie-du-tarot.jpg","contentUrl":"https:\/\/www.verdieditions.com\/equilibre-de-vie\/wp-content\/uploads\/2020\/04\/Jodorowky-voie-du-tarot.jpg","width":865,"height":1169,"caption":"Jodorowsky-voie-du-tarot"},{"@type":"BreadcrumbList","@id":"https:\/\/www.verdieditions.com\/equilibre-de-vie\/produit\/voie-tarot-jodorowsky-costa\/#breadcrumb","itemListElement":[{"@type":"ListItem","position":1,"name":"Accueil","item":"https:\/\/www.verdieditions.com\/equilibre-de-vie\/"},{"@type":"ListItem","position":2,"name":"La boutique","item":"https:\/\/www.verdieditions.com\/equilibre-de-vie\/boutique\/"},{"@type":"ListItem","position":3,"name":"La Voie du Tarot &#8211; Alexandro JODOROWSKI &#8211; Marianne COSTA"}]},{"@type":"WebSite","@id":"https:\/\/www.verdieditions.com\/equilibre-de-vie\/#website","url":"https:\/\/www.verdieditions.com\/equilibre-de-vie\/","name":"Equilibre de Vie","description":"Ma boutique livres sant\u00e9, \u00e9sot\u00e9risme et d\u00e9veloppement personnel","publisher":{"@id":"https:\/\/www.verdieditions.com\/equilibre-de-vie\/#\/schema\/person\/9dcb2a6759f2f5fbf43ac0b44649cecb"},"potentialAction":[{"@type":"SearchAction","target":{"@type":"EntryPoint","urlTemplate":"https:\/\/www.verdieditions.com\/equilibre-de-vie\/?s={search_term_string}"},"query-input":{"@type":"PropertyValueSpecification","valueRequired":true,"valueName":"search_term_string"}}],"inLanguage":"fr-FR"},{"@type":["Person","Organization"],"@id":"https:\/\/www.verdieditions.com\/equilibre-de-vie\/#\/schema\/person\/9dcb2a6759f2f5fbf43ac0b44649cecb","name":"Sylvie VERDI","image":{"@type":"ImageObject","inLanguage":"fr-FR","@id":"https:\/\/www.verdieditions.com\/equilibre-de-vie\/wp-content\/uploads\/2020\/04\/livres-occasion-sante-esoterisme-developpement-personnel-2.jpg","url":"https:\/\/www.verdieditions.com\/equilibre-de-vie\/wp-content\/uploads\/2020\/04\/livres-occasion-sante-esoterisme-developpement-personnel-2.jpg","contentUrl":"https:\/\/www.verdieditions.com\/equilibre-de-vie\/wp-content\/uploads\/2020\/04\/livres-occasion-sante-esoterisme-developpement-personnel-2.jpg","width":800,"height":572,"caption":"Sylvie VERDI"},"logo":{"@id":"https:\/\/www.verdieditions.com\/equilibre-de-vie\/wp-content\/uploads\/2020\/04\/livres-occasion-sante-esoterisme-developpement-personnel-2.jpg"},"sameAs":["https:\/\/www.verdieditions.com\/equilibre-de-vie"]}]}},"_links":{"self":[{"href":"https:\/\/www.verdieditions.com\/equilibre-de-vie\/wp-json\/wp\/v2\/product\/227","targetHints":{"allow":["GET"]}}],"collection":[{"href":"https:\/\/www.verdieditions.com\/equilibre-de-vie\/wp-json\/wp\/v2\/product"}],"about":[{"href":"https:\/\/www.verdieditions.com\/equilibre-de-vie\/wp-json\/wp\/v2\/types\/product"}],"wp:featuredmedia":[{"embeddable":true,"href":"https:\/\/www.verdieditions.com\/equilibre-de-vie\/wp-json\/wp\/v2\/media\/228"}],"wp:attachment":[{"href":"https:\/\/www.verdieditions.com\/equilibre-de-vie\/wp-json\/wp\/v2\/media?parent=227"}],"wp:term":[{"taxonomy":"product_brand","embeddable":true,"href":"https:\/\/www.verdieditions.com\/equilibre-de-vie\/wp-json\/wp\/v2\/product_brand?post=227"},{"taxonomy":"product_cat","embeddable":true,"href":"https:\/\/www.verdieditions.com\/equilibre-de-vie\/wp-json\/wp\/v2\/product_cat?post=227"},{"taxonomy":"product_tag","embeddable":true,"href":"https:\/\/www.verdieditions.com\/equilibre-de-vie\/wp-json\/wp\/v2\/product_tag?post=227"}],"curies":[{"name":"wp","href":"https:\/\/api.w.org\/{rel}","templated":true}]}}