{"id":2230,"date":"2023-07-10T17:04:27","date_gmt":"2023-07-10T15:04:27","guid":{"rendered":"https:\/\/www.verdieditions.com\/equilibre-de-vie\/?post_type=product&#038;p=2230"},"modified":"2025-05-31T12:05:24","modified_gmt":"2025-05-31T10:05:24","slug":"shelton-sante-sans-medicaments","status":"publish","type":"product","link":"https:\/\/www.verdieditions.com\/equilibre-de-vie\/produit\/shelton-sante-sans-medicaments\/","title":{"rendered":"La sant\u00e9 sans m\u00e9dicaments &#8211; Dr Herbert M. SHELTON"},"content":{"rendered":"<p>Auteur : Dr Herbert M. SHELTON<br \/>\nTitre : La sant\u00e9 sans m\u00e9dicaments<br \/>\n\u00c9diteur : Le courrier du livre, 1974<br \/>\nEdition originale<br \/>\nDim. 16 x 24<br \/>\n49 pages<\/p>\n<p>Peut-on soigner un malade avec succ\u00e8s sans m\u00e9dicaments ? N&rsquo;importe quel malade ? L&rsquo;on pense couramment dans les milieux naturistes qu&rsquo;il existe des cas extr\u00eames o\u00f9, quand tout a \u00e9chou\u00e9, les m\u00e9dicaments peuvent \u00eatre utiles. En \u00e9tudiant cet ouvrage, on sera \u00e9bloui par la richesse des id\u00e9es du Dr Trall, par ses connaissances profondes en physiologie. L&rsquo;\u00e9cole hygi\u00e9niste est la seule au monde qui n&#8217;emploie jamais ni traitement, ni m\u00e9dicaments pour soigner les malades. Pour soigner les malades, nous employons les facteurs qui sont indispensables \u00e0 l&rsquo;homme sain. Une alimentation saine par exemple. Si on en applique les pr\u00e9ceptes et qu&rsquo;on abandonne les m\u00e9dicaments et les traitements, on verra sa sant\u00e9 s am\u00e9liorer sensiblement et beaucoup de malades se r\u00e9tabliront. L&rsquo;immense m\u00e9rite de Shelton fut d&rsquo;avoir le courage et la pers\u00e9v\u00e9rance d&rsquo;effectuer le travail de synth\u00e8se devenu n\u00e9cessaire. S&rsquo;appuyant sur les d\u00e9couvertes de la physiologie et sur l&rsquo;exp\u00e9rience clinique, il parvint \u00e0 remettre en lumi\u00e8re les principes enfouis ou \u00e9touff\u00e9s par les apports successifs de plusieurs g\u00e9n\u00e9rations. Le pr\u00e9sent livre ne pr\u00e9tend pas pr\u00e9senter toutes les id\u00e9es hygi\u00e9nistes. Le Dr Herbert M. Shelton qui a \u00e9crit une quarantaine d&rsquo;ouvrages assez volumineux n a pas encore \u00e9puis\u00e9 le sujet. Ceux qui ne lisent pas l&rsquo;anglais trouveront dans cette collection et chez le m\u00eame \u00e9diteur, assez d&rsquo;ouvrages en fran\u00e7ais traitant de l&rsquo;Hygi\u00e9nisme.<\/p>\n","protected":false},"excerpt":{"rendered":"<p>Auteur : Dr Herbert M. SHELTON<br \/>\nTitre : La sant\u00e9 sans m\u00e9dicaments<br \/>\n\u00c9diteur : Le courrier du livre, 1974<br \/>\nEdition originale<br \/>\nDim. 16 x 24<br \/>\n49 pages<\/p>\n","protected":false},"featured_media":2244,"template":"","meta":[],"product_brand":[],"product_cat":[21],"product_tag":[292,73,74,99,291],"class_list":{"0":"post-2230","1":"product","2":"type-product","3":"status-publish","4":"has-post-thumbnail","6":"product_cat-sante","7":"product_tag-autoguerison","8":"product_tag-guerir","9":"product_tag-guerison","10":"product_tag-medecine-douce","11":"product_tag-medicaments","13":"first","14":"outofstock","15":"shipping-taxable","16":"product-type-simple"},"yoast_head":"<!-- This site is optimized with the Yoast SEO plugin v27.4 - https:\/\/yoast.com\/product\/yoast-seo-wordpress\/ -->\n<title>La sant\u00e9 sans m\u00e9dicaments - Dr Herbert M. SHELTON - Equilibre de Vie<\/title>\n<meta name=\"description\" content=\"Auteur : Dr Herbert M. SHELTON Titre : La sant\u00e9 sans m\u00e9dicaments \u00c9diteur : Le courrier du livre, 1974 Edition originale Dim. 16 x 24 49 pages\" \/>\n<meta name=\"robots\" content=\"index, follow, max-snippet:-1, max-image-preview:large, max-video-preview:-1\" \/>\n<link rel=\"canonical\" href=\"https:\/\/www.verdieditions.com\/equilibre-de-vie\/produit\/shelton-sante-sans-medicaments\/\" \/>\n<meta property=\"og:locale\" content=\"fr_FR\" \/>\n<meta property=\"og:type\" content=\"article\" \/>\n<meta property=\"og:title\" content=\"La sant\u00e9 sans m\u00e9dicaments - Dr Herbert M. SHELTON - Equilibre de Vie\" \/>\n<meta property=\"og:description\" content=\"Auteur : Dr Herbert M. SHELTON Titre : La sant\u00e9 sans m\u00e9dicaments \u00c9diteur : Le courrier du livre, 1974 Edition originale Dim. 16 x 24 49 pages\" \/>\n<meta property=\"og:url\" content=\"https:\/\/www.verdieditions.com\/equilibre-de-vie\/produit\/shelton-sante-sans-medicaments\/\" \/>\n<meta property=\"og:site_name\" content=\"Equilibre de Vie\" \/>\n<meta property=\"article:modified_time\" content=\"2025-05-31T10:05:24+00:00\" \/>\n<meta property=\"og:image\" content=\"https:\/\/www.verdieditions.com\/equilibre-de-vie\/wp-content\/uploads\/2023\/07\/shelton-sante-sans-medicaments.jpg\" \/>\n\t<meta property=\"og:image:width\" content=\"562\" \/>\n\t<meta property=\"og:image:height\" content=\"800\" \/>\n\t<meta property=\"og:image:type\" content=\"image\/jpeg\" \/>\n<meta name=\"twitter:card\" content=\"summary_large_image\" \/>\n<meta name=\"twitter:label1\" content=\"Dur\u00e9e de lecture estim\u00e9e\" \/>\n\t<meta name=\"twitter:data1\" content=\"2 minutes\" \/>\n<script type=\"application\/ld+json\" class=\"yoast-schema-graph\">{\"@context\":\"https:\\\/\\\/schema.org\",\"@graph\":[{\"@type\":\"WebPage\",\"@id\":\"https:\\\/\\\/www.verdieditions.com\\\/equilibre-de-vie\\\/produit\\\/shelton-sante-sans-medicaments\\\/\",\"url\":\"https:\\\/\\\/www.verdieditions.com\\\/equilibre-de-vie\\\/produit\\\/shelton-sante-sans-medicaments\\\/\",\"name\":\"La sant\u00e9 sans m\u00e9dicaments - Dr Herbert M. SHELTON - Equilibre de Vie\",\"isPartOf\":{\"@id\":\"https:\\\/\\\/www.verdieditions.com\\\/equilibre-de-vie\\\/#website\"},\"primaryImageOfPage\":{\"@id\":\"https:\\\/\\\/www.verdieditions.com\\\/equilibre-de-vie\\\/produit\\\/shelton-sante-sans-medicaments\\\/#primaryimage\"},\"image\":{\"@id\":\"https:\\\/\\\/www.verdieditions.com\\\/equilibre-de-vie\\\/produit\\\/shelton-sante-sans-medicaments\\\/#primaryimage\"},\"thumbnailUrl\":\"https:\\\/\\\/www.verdieditions.com\\\/equilibre-de-vie\\\/wp-content\\\/uploads\\\/2023\\\/07\\\/shelton-sante-sans-medicaments.jpg\",\"datePublished\":\"2023-07-10T15:04:27+00:00\",\"dateModified\":\"2025-05-31T10:05:24+00:00\",\"description\":\"Auteur : Dr Herbert M. SHELTON Titre : La sant\u00e9 sans m\u00e9dicaments \u00c9diteur : Le courrier du livre, 1974 Edition originale Dim. 16 x 24 49 pages\",\"breadcrumb\":{\"@id\":\"https:\\\/\\\/www.verdieditions.com\\\/equilibre-de-vie\\\/produit\\\/shelton-sante-sans-medicaments\\\/#breadcrumb\"},\"inLanguage\":\"fr-FR\",\"potentialAction\":[{\"@type\":\"ReadAction\",\"target\":[\"https:\\\/\\\/www.verdieditions.com\\\/equilibre-de-vie\\\/produit\\\/shelton-sante-sans-medicaments\\\/\"]}]},{\"@type\":\"ImageObject\",\"inLanguage\":\"fr-FR\",\"@id\":\"https:\\\/\\\/www.verdieditions.com\\\/equilibre-de-vie\\\/produit\\\/shelton-sante-sans-medicaments\\\/#primaryimage\",\"url\":\"https:\\\/\\\/www.verdieditions.com\\\/equilibre-de-vie\\\/wp-content\\\/uploads\\\/2023\\\/07\\\/shelton-sante-sans-medicaments.jpg\",\"contentUrl\":\"https:\\\/\\\/www.verdieditions.com\\\/equilibre-de-vie\\\/wp-content\\\/uploads\\\/2023\\\/07\\\/shelton-sante-sans-medicaments.jpg\",\"width\":562,\"height\":800,\"caption\":\"shelton-sante-sans-medicaments\"},{\"@type\":\"BreadcrumbList\",\"@id\":\"https:\\\/\\\/www.verdieditions.com\\\/equilibre-de-vie\\\/produit\\\/shelton-sante-sans-medicaments\\\/#breadcrumb\",\"itemListElement\":[{\"@type\":\"ListItem\",\"position\":1,\"name\":\"Accueil\",\"item\":\"https:\\\/\\\/www.verdieditions.com\\\/equilibre-de-vie\\\/\"},{\"@type\":\"ListItem\",\"position\":2,\"name\":\"La boutique\",\"item\":\"https:\\\/\\\/www.verdieditions.com\\\/equilibre-de-vie\\\/boutique\\\/\"},{\"@type\":\"ListItem\",\"position\":3,\"name\":\"La sant\u00e9 sans m\u00e9dicaments &#8211; Dr Herbert M. SHELTON\"}]},{\"@type\":\"WebSite\",\"@id\":\"https:\\\/\\\/www.verdieditions.com\\\/equilibre-de-vie\\\/#website\",\"url\":\"https:\\\/\\\/www.verdieditions.com\\\/equilibre-de-vie\\\/\",\"name\":\"Equilibre de Vie\",\"description\":\"Ma boutique livres sant\u00e9, \u00e9sot\u00e9risme et d\u00e9veloppement personnel\",\"publisher\":{\"@id\":\"https:\\\/\\\/www.verdieditions.com\\\/equilibre-de-vie\\\/#\\\/schema\\\/person\\\/9dcb2a6759f2f5fbf43ac0b44649cecb\"},\"potentialAction\":[{\"@type\":\"SearchAction\",\"target\":{\"@type\":\"EntryPoint\",\"urlTemplate\":\"https:\\\/\\\/www.verdieditions.com\\\/equilibre-de-vie\\\/?s={search_term_string}\"},\"query-input\":{\"@type\":\"PropertyValueSpecification\",\"valueRequired\":true,\"valueName\":\"search_term_string\"}}],\"inLanguage\":\"fr-FR\"},{\"@type\":[\"Person\",\"Organization\"],\"@id\":\"https:\\\/\\\/www.verdieditions.com\\\/equilibre-de-vie\\\/#\\\/schema\\\/person\\\/9dcb2a6759f2f5fbf43ac0b44649cecb\",\"name\":\"Sylvie VERDI\",\"image\":{\"@type\":\"ImageObject\",\"inLanguage\":\"fr-FR\",\"@id\":\"https:\\\/\\\/www.verdieditions.com\\\/equilibre-de-vie\\\/wp-content\\\/uploads\\\/2020\\\/04\\\/livres-occasion-sante-esoterisme-developpement-personnel-2.jpg\",\"url\":\"https:\\\/\\\/www.verdieditions.com\\\/equilibre-de-vie\\\/wp-content\\\/uploads\\\/2020\\\/04\\\/livres-occasion-sante-esoterisme-developpement-personnel-2.jpg\",\"contentUrl\":\"https:\\\/\\\/www.verdieditions.com\\\/equilibre-de-vie\\\/wp-content\\\/uploads\\\/2020\\\/04\\\/livres-occasion-sante-esoterisme-developpement-personnel-2.jpg\",\"width\":800,\"height\":572,\"caption\":\"Sylvie VERDI\"},\"logo\":{\"@id\":\"https:\\\/\\\/www.verdieditions.com\\\/equilibre-de-vie\\\/wp-content\\\/uploads\\\/2020\\\/04\\\/livres-occasion-sante-esoterisme-developpement-personnel-2.jpg\"},\"sameAs\":[\"https:\\\/\\\/www.verdieditions.com\\\/equilibre-de-vie\"]}]}<\/script>\n<!-- \/ Yoast SEO plugin. -->","yoast_head_json":{"title":"La sant\u00e9 sans m\u00e9dicaments - Dr Herbert M. SHELTON - Equilibre de Vie","description":"Auteur : Dr Herbert M. SHELTON Titre : La sant\u00e9 sans m\u00e9dicaments \u00c9diteur : Le courrier du livre, 1974 Edition originale Dim. 16 x 24 49 pages","robots":{"index":"index","follow":"follow","max-snippet":"max-snippet:-1","max-image-preview":"max-image-preview:large","max-video-preview":"max-video-preview:-1"},"canonical":"https:\/\/www.verdieditions.com\/equilibre-de-vie\/produit\/shelton-sante-sans-medicaments\/","og_locale":"fr_FR","og_type":"article","og_title":"La sant\u00e9 sans m\u00e9dicaments - Dr Herbert M. SHELTON - Equilibre de Vie","og_description":"Auteur : Dr Herbert M. SHELTON Titre : La sant\u00e9 sans m\u00e9dicaments \u00c9diteur : Le courrier du livre, 1974 Edition originale Dim. 16 x 24 49 pages","og_url":"https:\/\/www.verdieditions.com\/equilibre-de-vie\/produit\/shelton-sante-sans-medicaments\/","og_site_name":"Equilibre de Vie","article_modified_time":"2025-05-31T10:05:24+00:00","og_image":[{"width":562,"height":800,"url":"https:\/\/www.verdieditions.com\/equilibre-de-vie\/wp-content\/uploads\/2023\/07\/shelton-sante-sans-medicaments.jpg","type":"image\/jpeg"}],"twitter_card":"summary_large_image","twitter_misc":{"Dur\u00e9e de lecture estim\u00e9e":"2 minutes"},"schema":{"@context":"https:\/\/schema.org","@graph":[{"@type":"WebPage","@id":"https:\/\/www.verdieditions.com\/equilibre-de-vie\/produit\/shelton-sante-sans-medicaments\/","url":"https:\/\/www.verdieditions.com\/equilibre-de-vie\/produit\/shelton-sante-sans-medicaments\/","name":"La sant\u00e9 sans m\u00e9dicaments - Dr Herbert M. SHELTON - Equilibre de Vie","isPartOf":{"@id":"https:\/\/www.verdieditions.com\/equilibre-de-vie\/#website"},"primaryImageOfPage":{"@id":"https:\/\/www.verdieditions.com\/equilibre-de-vie\/produit\/shelton-sante-sans-medicaments\/#primaryimage"},"image":{"@id":"https:\/\/www.verdieditions.com\/equilibre-de-vie\/produit\/shelton-sante-sans-medicaments\/#primaryimage"},"thumbnailUrl":"https:\/\/www.verdieditions.com\/equilibre-de-vie\/wp-content\/uploads\/2023\/07\/shelton-sante-sans-medicaments.jpg","datePublished":"2023-07-10T15:04:27+00:00","dateModified":"2025-05-31T10:05:24+00:00","description":"Auteur : Dr Herbert M. SHELTON Titre : La sant\u00e9 sans m\u00e9dicaments \u00c9diteur : Le courrier du livre, 1974 Edition originale Dim. 16 x 24 49 pages","breadcrumb":{"@id":"https:\/\/www.verdieditions.com\/equilibre-de-vie\/produit\/shelton-sante-sans-medicaments\/#breadcrumb"},"inLanguage":"fr-FR","potentialAction":[{"@type":"ReadAction","target":["https:\/\/www.verdieditions.com\/equilibre-de-vie\/produit\/shelton-sante-sans-medicaments\/"]}]},{"@type":"ImageObject","inLanguage":"fr-FR","@id":"https:\/\/www.verdieditions.com\/equilibre-de-vie\/produit\/shelton-sante-sans-medicaments\/#primaryimage","url":"https:\/\/www.verdieditions.com\/equilibre-de-vie\/wp-content\/uploads\/2023\/07\/shelton-sante-sans-medicaments.jpg","contentUrl":"https:\/\/www.verdieditions.com\/equilibre-de-vie\/wp-content\/uploads\/2023\/07\/shelton-sante-sans-medicaments.jpg","width":562,"height":800,"caption":"shelton-sante-sans-medicaments"},{"@type":"BreadcrumbList","@id":"https:\/\/www.verdieditions.com\/equilibre-de-vie\/produit\/shelton-sante-sans-medicaments\/#breadcrumb","itemListElement":[{"@type":"ListItem","position":1,"name":"Accueil","item":"https:\/\/www.verdieditions.com\/equilibre-de-vie\/"},{"@type":"ListItem","position":2,"name":"La boutique","item":"https:\/\/www.verdieditions.com\/equilibre-de-vie\/boutique\/"},{"@type":"ListItem","position":3,"name":"La sant\u00e9 sans m\u00e9dicaments &#8211; Dr Herbert M. SHELTON"}]},{"@type":"WebSite","@id":"https:\/\/www.verdieditions.com\/equilibre-de-vie\/#website","url":"https:\/\/www.verdieditions.com\/equilibre-de-vie\/","name":"Equilibre de Vie","description":"Ma boutique livres sant\u00e9, \u00e9sot\u00e9risme et d\u00e9veloppement personnel","publisher":{"@id":"https:\/\/www.verdieditions.com\/equilibre-de-vie\/#\/schema\/person\/9dcb2a6759f2f5fbf43ac0b44649cecb"},"potentialAction":[{"@type":"SearchAction","target":{"@type":"EntryPoint","urlTemplate":"https:\/\/www.verdieditions.com\/equilibre-de-vie\/?s={search_term_string}"},"query-input":{"@type":"PropertyValueSpecification","valueRequired":true,"valueName":"search_term_string"}}],"inLanguage":"fr-FR"},{"@type":["Person","Organization"],"@id":"https:\/\/www.verdieditions.com\/equilibre-de-vie\/#\/schema\/person\/9dcb2a6759f2f5fbf43ac0b44649cecb","name":"Sylvie VERDI","image":{"@type":"ImageObject","inLanguage":"fr-FR","@id":"https:\/\/www.verdieditions.com\/equilibre-de-vie\/wp-content\/uploads\/2020\/04\/livres-occasion-sante-esoterisme-developpement-personnel-2.jpg","url":"https:\/\/www.verdieditions.com\/equilibre-de-vie\/wp-content\/uploads\/2020\/04\/livres-occasion-sante-esoterisme-developpement-personnel-2.jpg","contentUrl":"https:\/\/www.verdieditions.com\/equilibre-de-vie\/wp-content\/uploads\/2020\/04\/livres-occasion-sante-esoterisme-developpement-personnel-2.jpg","width":800,"height":572,"caption":"Sylvie VERDI"},"logo":{"@id":"https:\/\/www.verdieditions.com\/equilibre-de-vie\/wp-content\/uploads\/2020\/04\/livres-occasion-sante-esoterisme-developpement-personnel-2.jpg"},"sameAs":["https:\/\/www.verdieditions.com\/equilibre-de-vie"]}]}},"_links":{"self":[{"href":"https:\/\/www.verdieditions.com\/equilibre-de-vie\/wp-json\/wp\/v2\/product\/2230","targetHints":{"allow":["GET"]}}],"collection":[{"href":"https:\/\/www.verdieditions.com\/equilibre-de-vie\/wp-json\/wp\/v2\/product"}],"about":[{"href":"https:\/\/www.verdieditions.com\/equilibre-de-vie\/wp-json\/wp\/v2\/types\/product"}],"wp:featuredmedia":[{"embeddable":true,"href":"https:\/\/www.verdieditions.com\/equilibre-de-vie\/wp-json\/wp\/v2\/media\/2244"}],"wp:attachment":[{"href":"https:\/\/www.verdieditions.com\/equilibre-de-vie\/wp-json\/wp\/v2\/media?parent=2230"}],"wp:term":[{"taxonomy":"product_brand","embeddable":true,"href":"https:\/\/www.verdieditions.com\/equilibre-de-vie\/wp-json\/wp\/v2\/product_brand?post=2230"},{"taxonomy":"product_cat","embeddable":true,"href":"https:\/\/www.verdieditions.com\/equilibre-de-vie\/wp-json\/wp\/v2\/product_cat?post=2230"},{"taxonomy":"product_tag","embeddable":true,"href":"https:\/\/www.verdieditions.com\/equilibre-de-vie\/wp-json\/wp\/v2\/product_tag?post=2230"}],"curies":[{"name":"wp","href":"https:\/\/api.w.org\/{rel}","templated":true}]}}