{"id":2187,"date":"2023-03-14T09:28:56","date_gmt":"2023-03-14T08:28:56","guid":{"rendered":"https:\/\/www.verdieditions.com\/equilibre-de-vie\/?post_type=product&#038;p=2187"},"modified":"2023-05-19T20:12:40","modified_gmt":"2023-05-19T18:12:40","slug":"art-desencombrement-guiffant","status":"publish","type":"product","link":"https:\/\/www.verdieditions.com\/equilibre-de-vie\/produit\/art-desencombrement-guiffant\/","title":{"rendered":"L&rsquo;art du d\u00e9sencombrement &#8211; A. LE GUIFFANT &#8211; L. PAR\u00c9"},"content":{"rendered":"<p>Auteur : A. LE GUIFFANT &#8211; L. PAR\u00c9<br \/>\nTitre : L&rsquo;art du d\u00e9sencombrement, se lib\u00e9rer de l&rsquo;inutile pour vivre plus l\u00e9ger<br \/>\n\u00c9diteur : Jouvence, 2009<br \/>\nEdition originale<br \/>\nAvec dessins N&#038;B<br \/>\nDim. 14,5 x 21<br \/>\n192 pages<\/p>\n<p>Si vous \u00eates d\u00e9bord\u00e9 par les objets qui s&rsquo;accumulent autour de vous, si vous \u00eates fatigu\u00e9 par le temps qu&rsquo;il faut leur consacrer, si vous manquez d&rsquo;air et d&rsquo;espace, si vous r\u00eavez de repousser les murs de votre maison, alors il est temps pour vous de d\u00e9sencombrer! Ce livre aidera les consommateurs fr\u00e9n\u00e9tiques, les accumulateurs et les bord\u00e9liques \u00e0 reprendre du pouvoir sur leur vie. Gr\u00e2ce \u00e0 la simplicit\u00e9 volontaire, ils mettront en pratique ce que chacun sait en th\u00e9orie et d\u00e9passeront l&rsquo;id\u00e9e, insidieusement r\u00e9pandue par les publicitaires, que poss\u00e9der toujours plus rend indiscutablement plus heureux. A l&rsquo;heure o\u00f9 la soci\u00e9t\u00e9 de consommation envahit toutes les sph\u00e8res de nos vies, la simplicit\u00e9 volontaire interroge sur nos v\u00e9ritables besoins et la juste fa\u00e7on de les combler. Alice Le Guiffant et Laurence Par\u00e9 vous proposent de d\u00e9couvrir cette philosophie de vie par le biais du d\u00e9sencombrement en vous guidant pas \u00e0 pas et pi\u00e8ce par pi\u00e8ce dans cette entreprise d\u00e9licate. Ce livre, qui se r\u00e9v\u00e9lera un alli\u00e9 pr\u00e9cieux dans les moments de d\u00e9couragement ou de doute, vous permettra d&rsquo;acc\u00e9der \u00e0 des bonheurs plus simples, moins mat\u00e9riels&#8230; et vous ouvrira un chemin vers vous-m\u00eame.<\/p>\n","protected":false},"excerpt":{"rendered":"<p>Auteur : A. LE GUIFFANT &#8211; L. PAR\u00c9<br \/>\nTitre : L&rsquo;art du d\u00e9sencombrement, se lib\u00e9rer de l&rsquo;inutile pour vivre plus l\u00e9ger<br \/>\n\u00c9diteur : Jouvence, 2009<br \/>\nEdition originale<br \/>\nAvec dessins N&#038;B<br \/>\nDim. 14,5 x 21<br \/>\n192 pages<\/p>\n","protected":false},"featured_media":2189,"template":"","meta":[],"product_brand":[],"product_cat":[22],"product_tag":[290,135],"class_list":{"0":"post-2187","1":"product","2":"type-product","3":"status-publish","4":"has-post-thumbnail","6":"product_cat-developpement-personnel","7":"product_tag-ecologie","8":"product_tag-psychologie","10":"first","11":"outofstock","12":"shipping-taxable","13":"product-type-simple"},"yoast_head":"<!-- This site is optimized with the Yoast SEO plugin v27.4 - https:\/\/yoast.com\/product\/yoast-seo-wordpress\/ -->\n<title>L&#039;art du d\u00e9sencombrement - A. LE GUIFFANT - L. PAR\u00c9<\/title>\n<meta name=\"description\" content=\"A. LE GUIFFANT - L. PAR\u00c9 L&#039;art du d\u00e9sencombrement, se lib\u00e9rer de l&#039;inutile pour vivre plus l\u00e9ger Jouvence, 2009 Edition originale Dim. 14,5 x 21 192 pages\" \/>\n<meta name=\"robots\" content=\"index, follow, max-snippet:-1, max-image-preview:large, max-video-preview:-1\" \/>\n<link rel=\"canonical\" href=\"https:\/\/www.verdieditions.com\/equilibre-de-vie\/produit\/art-desencombrement-guiffant\/\" \/>\n<meta property=\"og:locale\" content=\"fr_FR\" \/>\n<meta property=\"og:type\" content=\"article\" \/>\n<meta property=\"og:title\" content=\"L&#039;art du d\u00e9sencombrement - A. LE GUIFFANT - L. PAR\u00c9\" \/>\n<meta property=\"og:description\" content=\"A. LE GUIFFANT - L. PAR\u00c9 L&#039;art du d\u00e9sencombrement, se lib\u00e9rer de l&#039;inutile pour vivre plus l\u00e9ger Jouvence, 2009 Edition originale Dim. 14,5 x 21 192 pages\" \/>\n<meta property=\"og:url\" content=\"https:\/\/www.verdieditions.com\/equilibre-de-vie\/produit\/art-desencombrement-guiffant\/\" \/>\n<meta property=\"og:site_name\" content=\"Equilibre de Vie\" \/>\n<meta property=\"article:modified_time\" content=\"2023-05-19T18:12:40+00:00\" \/>\n<meta property=\"og:image\" content=\"https:\/\/www.verdieditions.com\/equilibre-de-vie\/wp-content\/uploads\/2023\/03\/guiffant-pare-art-desencombrement.jpg\" \/>\n\t<meta property=\"og:image:width\" content=\"586\" \/>\n\t<meta property=\"og:image:height\" content=\"800\" \/>\n\t<meta property=\"og:image:type\" content=\"image\/jpeg\" \/>\n<meta name=\"twitter:card\" content=\"summary_large_image\" \/>\n<meta name=\"twitter:label1\" content=\"Dur\u00e9e de lecture estim\u00e9e\" \/>\n\t<meta name=\"twitter:data1\" content=\"1 minute\" \/>\n<script type=\"application\/ld+json\" class=\"yoast-schema-graph\">{\"@context\":\"https:\\\/\\\/schema.org\",\"@graph\":[{\"@type\":\"WebPage\",\"@id\":\"https:\\\/\\\/www.verdieditions.com\\\/equilibre-de-vie\\\/produit\\\/art-desencombrement-guiffant\\\/\",\"url\":\"https:\\\/\\\/www.verdieditions.com\\\/equilibre-de-vie\\\/produit\\\/art-desencombrement-guiffant\\\/\",\"name\":\"L'art du d\u00e9sencombrement - A. LE GUIFFANT - L. PAR\u00c9\",\"isPartOf\":{\"@id\":\"https:\\\/\\\/www.verdieditions.com\\\/equilibre-de-vie\\\/#website\"},\"primaryImageOfPage\":{\"@id\":\"https:\\\/\\\/www.verdieditions.com\\\/equilibre-de-vie\\\/produit\\\/art-desencombrement-guiffant\\\/#primaryimage\"},\"image\":{\"@id\":\"https:\\\/\\\/www.verdieditions.com\\\/equilibre-de-vie\\\/produit\\\/art-desencombrement-guiffant\\\/#primaryimage\"},\"thumbnailUrl\":\"https:\\\/\\\/www.verdieditions.com\\\/equilibre-de-vie\\\/wp-content\\\/uploads\\\/2023\\\/03\\\/guiffant-pare-art-desencombrement.jpg\",\"datePublished\":\"2023-03-14T08:28:56+00:00\",\"dateModified\":\"2023-05-19T18:12:40+00:00\",\"description\":\"A. LE GUIFFANT - L. PAR\u00c9 L'art du d\u00e9sencombrement, se lib\u00e9rer de l'inutile pour vivre plus l\u00e9ger Jouvence, 2009 Edition originale Dim. 14,5 x 21 192 pages\",\"breadcrumb\":{\"@id\":\"https:\\\/\\\/www.verdieditions.com\\\/equilibre-de-vie\\\/produit\\\/art-desencombrement-guiffant\\\/#breadcrumb\"},\"inLanguage\":\"fr-FR\",\"potentialAction\":[{\"@type\":\"ReadAction\",\"target\":[\"https:\\\/\\\/www.verdieditions.com\\\/equilibre-de-vie\\\/produit\\\/art-desencombrement-guiffant\\\/\"]}]},{\"@type\":\"ImageObject\",\"inLanguage\":\"fr-FR\",\"@id\":\"https:\\\/\\\/www.verdieditions.com\\\/equilibre-de-vie\\\/produit\\\/art-desencombrement-guiffant\\\/#primaryimage\",\"url\":\"https:\\\/\\\/www.verdieditions.com\\\/equilibre-de-vie\\\/wp-content\\\/uploads\\\/2023\\\/03\\\/guiffant-pare-art-desencombrement.jpg\",\"contentUrl\":\"https:\\\/\\\/www.verdieditions.com\\\/equilibre-de-vie\\\/wp-content\\\/uploads\\\/2023\\\/03\\\/guiffant-pare-art-desencombrement.jpg\",\"width\":586,\"height\":800,\"caption\":\"guiffant-pare-art-desencombrement\"},{\"@type\":\"BreadcrumbList\",\"@id\":\"https:\\\/\\\/www.verdieditions.com\\\/equilibre-de-vie\\\/produit\\\/art-desencombrement-guiffant\\\/#breadcrumb\",\"itemListElement\":[{\"@type\":\"ListItem\",\"position\":1,\"name\":\"Accueil\",\"item\":\"https:\\\/\\\/www.verdieditions.com\\\/equilibre-de-vie\\\/\"},{\"@type\":\"ListItem\",\"position\":2,\"name\":\"La boutique\",\"item\":\"https:\\\/\\\/www.verdieditions.com\\\/equilibre-de-vie\\\/boutique\\\/\"},{\"@type\":\"ListItem\",\"position\":3,\"name\":\"L&#8217;art du d\u00e9sencombrement &#8211; A. LE GUIFFANT &#8211; L. PAR\u00c9\"}]},{\"@type\":\"WebSite\",\"@id\":\"https:\\\/\\\/www.verdieditions.com\\\/equilibre-de-vie\\\/#website\",\"url\":\"https:\\\/\\\/www.verdieditions.com\\\/equilibre-de-vie\\\/\",\"name\":\"Equilibre de Vie\",\"description\":\"Ma boutique livres sant\u00e9, \u00e9sot\u00e9risme et d\u00e9veloppement personnel\",\"publisher\":{\"@id\":\"https:\\\/\\\/www.verdieditions.com\\\/equilibre-de-vie\\\/#\\\/schema\\\/person\\\/9dcb2a6759f2f5fbf43ac0b44649cecb\"},\"potentialAction\":[{\"@type\":\"SearchAction\",\"target\":{\"@type\":\"EntryPoint\",\"urlTemplate\":\"https:\\\/\\\/www.verdieditions.com\\\/equilibre-de-vie\\\/?s={search_term_string}\"},\"query-input\":{\"@type\":\"PropertyValueSpecification\",\"valueRequired\":true,\"valueName\":\"search_term_string\"}}],\"inLanguage\":\"fr-FR\"},{\"@type\":[\"Person\",\"Organization\"],\"@id\":\"https:\\\/\\\/www.verdieditions.com\\\/equilibre-de-vie\\\/#\\\/schema\\\/person\\\/9dcb2a6759f2f5fbf43ac0b44649cecb\",\"name\":\"Sylvie VERDI\",\"image\":{\"@type\":\"ImageObject\",\"inLanguage\":\"fr-FR\",\"@id\":\"https:\\\/\\\/www.verdieditions.com\\\/equilibre-de-vie\\\/wp-content\\\/uploads\\\/2020\\\/04\\\/livres-occasion-sante-esoterisme-developpement-personnel-2.jpg\",\"url\":\"https:\\\/\\\/www.verdieditions.com\\\/equilibre-de-vie\\\/wp-content\\\/uploads\\\/2020\\\/04\\\/livres-occasion-sante-esoterisme-developpement-personnel-2.jpg\",\"contentUrl\":\"https:\\\/\\\/www.verdieditions.com\\\/equilibre-de-vie\\\/wp-content\\\/uploads\\\/2020\\\/04\\\/livres-occasion-sante-esoterisme-developpement-personnel-2.jpg\",\"width\":800,\"height\":572,\"caption\":\"Sylvie VERDI\"},\"logo\":{\"@id\":\"https:\\\/\\\/www.verdieditions.com\\\/equilibre-de-vie\\\/wp-content\\\/uploads\\\/2020\\\/04\\\/livres-occasion-sante-esoterisme-developpement-personnel-2.jpg\"},\"sameAs\":[\"https:\\\/\\\/www.verdieditions.com\\\/equilibre-de-vie\"]}]}<\/script>\n<!-- \/ Yoast SEO plugin. -->","yoast_head_json":{"title":"L'art du d\u00e9sencombrement - A. LE GUIFFANT - L. PAR\u00c9","description":"A. LE GUIFFANT - L. PAR\u00c9 L'art du d\u00e9sencombrement, se lib\u00e9rer de l'inutile pour vivre plus l\u00e9ger Jouvence, 2009 Edition originale Dim. 14,5 x 21 192 pages","robots":{"index":"index","follow":"follow","max-snippet":"max-snippet:-1","max-image-preview":"max-image-preview:large","max-video-preview":"max-video-preview:-1"},"canonical":"https:\/\/www.verdieditions.com\/equilibre-de-vie\/produit\/art-desencombrement-guiffant\/","og_locale":"fr_FR","og_type":"article","og_title":"L'art du d\u00e9sencombrement - A. LE GUIFFANT - L. PAR\u00c9","og_description":"A. LE GUIFFANT - L. PAR\u00c9 L'art du d\u00e9sencombrement, se lib\u00e9rer de l'inutile pour vivre plus l\u00e9ger Jouvence, 2009 Edition originale Dim. 14,5 x 21 192 pages","og_url":"https:\/\/www.verdieditions.com\/equilibre-de-vie\/produit\/art-desencombrement-guiffant\/","og_site_name":"Equilibre de Vie","article_modified_time":"2023-05-19T18:12:40+00:00","og_image":[{"width":586,"height":800,"url":"https:\/\/www.verdieditions.com\/equilibre-de-vie\/wp-content\/uploads\/2023\/03\/guiffant-pare-art-desencombrement.jpg","type":"image\/jpeg"}],"twitter_card":"summary_large_image","twitter_misc":{"Dur\u00e9e de lecture estim\u00e9e":"1 minute"},"schema":{"@context":"https:\/\/schema.org","@graph":[{"@type":"WebPage","@id":"https:\/\/www.verdieditions.com\/equilibre-de-vie\/produit\/art-desencombrement-guiffant\/","url":"https:\/\/www.verdieditions.com\/equilibre-de-vie\/produit\/art-desencombrement-guiffant\/","name":"L'art du d\u00e9sencombrement - A. LE GUIFFANT - L. PAR\u00c9","isPartOf":{"@id":"https:\/\/www.verdieditions.com\/equilibre-de-vie\/#website"},"primaryImageOfPage":{"@id":"https:\/\/www.verdieditions.com\/equilibre-de-vie\/produit\/art-desencombrement-guiffant\/#primaryimage"},"image":{"@id":"https:\/\/www.verdieditions.com\/equilibre-de-vie\/produit\/art-desencombrement-guiffant\/#primaryimage"},"thumbnailUrl":"https:\/\/www.verdieditions.com\/equilibre-de-vie\/wp-content\/uploads\/2023\/03\/guiffant-pare-art-desencombrement.jpg","datePublished":"2023-03-14T08:28:56+00:00","dateModified":"2023-05-19T18:12:40+00:00","description":"A. LE GUIFFANT - L. PAR\u00c9 L'art du d\u00e9sencombrement, se lib\u00e9rer de l'inutile pour vivre plus l\u00e9ger Jouvence, 2009 Edition originale Dim. 14,5 x 21 192 pages","breadcrumb":{"@id":"https:\/\/www.verdieditions.com\/equilibre-de-vie\/produit\/art-desencombrement-guiffant\/#breadcrumb"},"inLanguage":"fr-FR","potentialAction":[{"@type":"ReadAction","target":["https:\/\/www.verdieditions.com\/equilibre-de-vie\/produit\/art-desencombrement-guiffant\/"]}]},{"@type":"ImageObject","inLanguage":"fr-FR","@id":"https:\/\/www.verdieditions.com\/equilibre-de-vie\/produit\/art-desencombrement-guiffant\/#primaryimage","url":"https:\/\/www.verdieditions.com\/equilibre-de-vie\/wp-content\/uploads\/2023\/03\/guiffant-pare-art-desencombrement.jpg","contentUrl":"https:\/\/www.verdieditions.com\/equilibre-de-vie\/wp-content\/uploads\/2023\/03\/guiffant-pare-art-desencombrement.jpg","width":586,"height":800,"caption":"guiffant-pare-art-desencombrement"},{"@type":"BreadcrumbList","@id":"https:\/\/www.verdieditions.com\/equilibre-de-vie\/produit\/art-desencombrement-guiffant\/#breadcrumb","itemListElement":[{"@type":"ListItem","position":1,"name":"Accueil","item":"https:\/\/www.verdieditions.com\/equilibre-de-vie\/"},{"@type":"ListItem","position":2,"name":"La boutique","item":"https:\/\/www.verdieditions.com\/equilibre-de-vie\/boutique\/"},{"@type":"ListItem","position":3,"name":"L&#8217;art du d\u00e9sencombrement &#8211; A. LE GUIFFANT &#8211; L. PAR\u00c9"}]},{"@type":"WebSite","@id":"https:\/\/www.verdieditions.com\/equilibre-de-vie\/#website","url":"https:\/\/www.verdieditions.com\/equilibre-de-vie\/","name":"Equilibre de Vie","description":"Ma boutique livres sant\u00e9, \u00e9sot\u00e9risme et d\u00e9veloppement personnel","publisher":{"@id":"https:\/\/www.verdieditions.com\/equilibre-de-vie\/#\/schema\/person\/9dcb2a6759f2f5fbf43ac0b44649cecb"},"potentialAction":[{"@type":"SearchAction","target":{"@type":"EntryPoint","urlTemplate":"https:\/\/www.verdieditions.com\/equilibre-de-vie\/?s={search_term_string}"},"query-input":{"@type":"PropertyValueSpecification","valueRequired":true,"valueName":"search_term_string"}}],"inLanguage":"fr-FR"},{"@type":["Person","Organization"],"@id":"https:\/\/www.verdieditions.com\/equilibre-de-vie\/#\/schema\/person\/9dcb2a6759f2f5fbf43ac0b44649cecb","name":"Sylvie VERDI","image":{"@type":"ImageObject","inLanguage":"fr-FR","@id":"https:\/\/www.verdieditions.com\/equilibre-de-vie\/wp-content\/uploads\/2020\/04\/livres-occasion-sante-esoterisme-developpement-personnel-2.jpg","url":"https:\/\/www.verdieditions.com\/equilibre-de-vie\/wp-content\/uploads\/2020\/04\/livres-occasion-sante-esoterisme-developpement-personnel-2.jpg","contentUrl":"https:\/\/www.verdieditions.com\/equilibre-de-vie\/wp-content\/uploads\/2020\/04\/livres-occasion-sante-esoterisme-developpement-personnel-2.jpg","width":800,"height":572,"caption":"Sylvie VERDI"},"logo":{"@id":"https:\/\/www.verdieditions.com\/equilibre-de-vie\/wp-content\/uploads\/2020\/04\/livres-occasion-sante-esoterisme-developpement-personnel-2.jpg"},"sameAs":["https:\/\/www.verdieditions.com\/equilibre-de-vie"]}]}},"_links":{"self":[{"href":"https:\/\/www.verdieditions.com\/equilibre-de-vie\/wp-json\/wp\/v2\/product\/2187","targetHints":{"allow":["GET"]}}],"collection":[{"href":"https:\/\/www.verdieditions.com\/equilibre-de-vie\/wp-json\/wp\/v2\/product"}],"about":[{"href":"https:\/\/www.verdieditions.com\/equilibre-de-vie\/wp-json\/wp\/v2\/types\/product"}],"wp:featuredmedia":[{"embeddable":true,"href":"https:\/\/www.verdieditions.com\/equilibre-de-vie\/wp-json\/wp\/v2\/media\/2189"}],"wp:attachment":[{"href":"https:\/\/www.verdieditions.com\/equilibre-de-vie\/wp-json\/wp\/v2\/media?parent=2187"}],"wp:term":[{"taxonomy":"product_brand","embeddable":true,"href":"https:\/\/www.verdieditions.com\/equilibre-de-vie\/wp-json\/wp\/v2\/product_brand?post=2187"},{"taxonomy":"product_cat","embeddable":true,"href":"https:\/\/www.verdieditions.com\/equilibre-de-vie\/wp-json\/wp\/v2\/product_cat?post=2187"},{"taxonomy":"product_tag","embeddable":true,"href":"https:\/\/www.verdieditions.com\/equilibre-de-vie\/wp-json\/wp\/v2\/product_tag?post=2187"}],"curies":[{"name":"wp","href":"https:\/\/api.w.org\/{rel}","templated":true}]}}