{"id":2148,"date":"2022-12-26T16:30:28","date_gmt":"2022-12-26T15:30:28","guid":{"rendered":"https:\/\/www.verdieditions.com\/equilibre-de-vie\/?post_type=product&#038;p=2148"},"modified":"2024-02-06T16:34:06","modified_gmt":"2024-02-06T15:34:06","slug":"abc-morphopsychologie-binet","status":"publish","type":"product","link":"https:\/\/www.verdieditions.com\/equilibre-de-vie\/produit\/abc-morphopsychologie-binet\/","title":{"rendered":"ABC de la morphopsychologie &#8211; Carleen BINET"},"content":{"rendered":"<p>Auteur : Carleen BINET<br \/>\nTitre : ABC de la morpho-psychologie, conna\u00eetre sa personnalit\u00e9 par les traits du visage<br \/>\n\u00c9diteur : France Loisirs, 1989<br \/>\nCouverture rigide<br \/>\nDim. 14 x 22,5<br \/>\n527 pages<\/p>\n<p>Dans ce si\u00e8cle de modernisation galopante, l&rsquo;homme vit mal l&rsquo;incertitude de son existence et cherche \u00e0 l&rsquo;int\u00e9rieur de lui-m\u00eame une dimension plus humaine. Tout va tr\u00e8s vite, trop vite, et par r\u00e9action on ressent de plus en plus le besoin de \u00a0\u00bb r\u00e9apprendre \u00a0\u00bb \u00e0 vivre. Ce livre, \u00e0 travers sa compr\u00e9hension et sa rigueur, son esprit humaniste et scientifique, vous offre la possibilit\u00e9 d&rsquo;avoir : des rapports plus humains, plus simples, plus r\u00e9alistes et plus pr\u00e9voyants ; une vie sentimentale plus riche et compr\u00e9hensive ; la possibilit\u00e9 de donner une \u00e9ducation \u00e0 vos enfants en fonction des adultes qu&rsquo;ils seront demain ; dans votre vie professionnelle des rapports plus-productifs etcoop\u00e9rants ; l&rsquo;opportunit\u00e9 de reconna\u00eetre le talent qui est en vous et lui donner la possibilit\u00e9 de s&rsquo;exprimer et de se d\u00e9velopper.<\/p>\n<p>De formation psychologique, Carleen Binet a appris la morphopsychologie au cours de longues ann\u00e9es de travail aupr\u00e8s du docteur Corman &#8211; le p\u00e8re de la morphopsychologie. Consultante en \u00e9volution de carri\u00e8re, elle enseigne aussi la morphopsychologie en y int\u00e9grant son travail de recherche et de validation de cette branche des sciences humaines.<\/p>\n","protected":false},"excerpt":{"rendered":"<p>Auteur : Carleen BINET<br \/>\nTitre : ABC de la morpho-psychologie, conna\u00eetre sa personnalit\u00e9 par les traits du visage<br \/>\n\u00c9diteur : France Loisirs, 1989<br \/>\nCouverture rigide<br \/>\nDim. 14 x 22,5<br \/>\n527 pages<\/p>\n","protected":false},"featured_media":2167,"template":"","meta":[],"product_brand":[],"product_cat":[22],"product_tag":[107,132,135,169],"class_list":{"0":"post-2148","1":"product","2":"type-product","3":"status-publish","4":"has-post-thumbnail","6":"product_cat-developpement-personnel","7":"product_tag-morphopsychologie","8":"product_tag-professionnel","9":"product_tag-psychologie","10":"product_tag-travail","12":"first","13":"instock","14":"featured","15":"shipping-taxable","16":"product-type-simple"},"yoast_head":"<!-- This site is optimized with the Yoast SEO plugin v27.4 - https:\/\/yoast.com\/product\/yoast-seo-wordpress\/ -->\n<title>ABC de la morphopsychologie - Carleen BINET - Equilibre de Vie<\/title>\n<meta name=\"description\" content=\"Carleen BINET - ABC de la morpho-psychologie, conna\u00eetre sa personnalit\u00e9 par les traits du visage France Loisirs, 1989 Couverture rigide Dim. 14 x 22,5527 p\" \/>\n<meta name=\"robots\" content=\"index, follow, max-snippet:-1, max-image-preview:large, max-video-preview:-1\" \/>\n<link rel=\"canonical\" href=\"https:\/\/www.verdieditions.com\/equilibre-de-vie\/produit\/abc-morphopsychologie-binet\/\" \/>\n<meta property=\"og:locale\" content=\"fr_FR\" \/>\n<meta property=\"og:type\" content=\"article\" \/>\n<meta property=\"og:title\" content=\"ABC de la morphopsychologie - Carleen BINET - Equilibre de Vie\" \/>\n<meta property=\"og:description\" content=\"Carleen BINET - ABC de la morpho-psychologie, conna\u00eetre sa personnalit\u00e9 par les traits du visage France Loisirs, 1989 Couverture rigide Dim. 14 x 22,5527 p\" \/>\n<meta property=\"og:url\" content=\"https:\/\/www.verdieditions.com\/equilibre-de-vie\/produit\/abc-morphopsychologie-binet\/\" \/>\n<meta property=\"og:site_name\" content=\"Equilibre de Vie\" \/>\n<meta property=\"article:modified_time\" content=\"2024-02-06T15:34:06+00:00\" \/>\n<meta property=\"og:image\" content=\"https:\/\/www.verdieditions.com\/equilibre-de-vie\/wp-content\/uploads\/2022\/12\/abc-morphopsychologie-binet-1.jpg\" \/>\n\t<meta property=\"og:image:width\" content=\"549\" \/>\n\t<meta property=\"og:image:height\" content=\"800\" \/>\n\t<meta property=\"og:image:type\" content=\"image\/jpeg\" \/>\n<meta name=\"twitter:card\" content=\"summary_large_image\" \/>\n<meta name=\"twitter:label1\" content=\"Dur\u00e9e de lecture estim\u00e9e\" \/>\n\t<meta name=\"twitter:data1\" content=\"2 minutes\" \/>\n<script type=\"application\/ld+json\" class=\"yoast-schema-graph\">{\"@context\":\"https:\\\/\\\/schema.org\",\"@graph\":[{\"@type\":\"WebPage\",\"@id\":\"https:\\\/\\\/www.verdieditions.com\\\/equilibre-de-vie\\\/produit\\\/abc-morphopsychologie-binet\\\/\",\"url\":\"https:\\\/\\\/www.verdieditions.com\\\/equilibre-de-vie\\\/produit\\\/abc-morphopsychologie-binet\\\/\",\"name\":\"ABC de la morphopsychologie - Carleen BINET - Equilibre de Vie\",\"isPartOf\":{\"@id\":\"https:\\\/\\\/www.verdieditions.com\\\/equilibre-de-vie\\\/#website\"},\"primaryImageOfPage\":{\"@id\":\"https:\\\/\\\/www.verdieditions.com\\\/equilibre-de-vie\\\/produit\\\/abc-morphopsychologie-binet\\\/#primaryimage\"},\"image\":{\"@id\":\"https:\\\/\\\/www.verdieditions.com\\\/equilibre-de-vie\\\/produit\\\/abc-morphopsychologie-binet\\\/#primaryimage\"},\"thumbnailUrl\":\"https:\\\/\\\/www.verdieditions.com\\\/equilibre-de-vie\\\/wp-content\\\/uploads\\\/2022\\\/12\\\/abc-morphopsychologie-binet-1.jpg\",\"datePublished\":\"2022-12-26T15:30:28+00:00\",\"dateModified\":\"2024-02-06T15:34:06+00:00\",\"description\":\"Carleen BINET - ABC de la morpho-psychologie, conna\u00eetre sa personnalit\u00e9 par les traits du visage France Loisirs, 1989 Couverture rigide Dim. 14 x 22,5527 p\",\"breadcrumb\":{\"@id\":\"https:\\\/\\\/www.verdieditions.com\\\/equilibre-de-vie\\\/produit\\\/abc-morphopsychologie-binet\\\/#breadcrumb\"},\"inLanguage\":\"fr-FR\",\"potentialAction\":[{\"@type\":\"ReadAction\",\"target\":[\"https:\\\/\\\/www.verdieditions.com\\\/equilibre-de-vie\\\/produit\\\/abc-morphopsychologie-binet\\\/\"]}]},{\"@type\":\"ImageObject\",\"inLanguage\":\"fr-FR\",\"@id\":\"https:\\\/\\\/www.verdieditions.com\\\/equilibre-de-vie\\\/produit\\\/abc-morphopsychologie-binet\\\/#primaryimage\",\"url\":\"https:\\\/\\\/www.verdieditions.com\\\/equilibre-de-vie\\\/wp-content\\\/uploads\\\/2022\\\/12\\\/abc-morphopsychologie-binet-1.jpg\",\"contentUrl\":\"https:\\\/\\\/www.verdieditions.com\\\/equilibre-de-vie\\\/wp-content\\\/uploads\\\/2022\\\/12\\\/abc-morphopsychologie-binet-1.jpg\",\"width\":549,\"height\":800,\"caption\":\"abc-morphopsychologie-binet-1\"},{\"@type\":\"BreadcrumbList\",\"@id\":\"https:\\\/\\\/www.verdieditions.com\\\/equilibre-de-vie\\\/produit\\\/abc-morphopsychologie-binet\\\/#breadcrumb\",\"itemListElement\":[{\"@type\":\"ListItem\",\"position\":1,\"name\":\"Accueil\",\"item\":\"https:\\\/\\\/www.verdieditions.com\\\/equilibre-de-vie\\\/\"},{\"@type\":\"ListItem\",\"position\":2,\"name\":\"La boutique\",\"item\":\"https:\\\/\\\/www.verdieditions.com\\\/equilibre-de-vie\\\/boutique\\\/\"},{\"@type\":\"ListItem\",\"position\":3,\"name\":\"ABC de la morphopsychologie &#8211; Carleen BINET\"}]},{\"@type\":\"WebSite\",\"@id\":\"https:\\\/\\\/www.verdieditions.com\\\/equilibre-de-vie\\\/#website\",\"url\":\"https:\\\/\\\/www.verdieditions.com\\\/equilibre-de-vie\\\/\",\"name\":\"Equilibre de Vie\",\"description\":\"Ma boutique livres sant\u00e9, \u00e9sot\u00e9risme et d\u00e9veloppement personnel\",\"publisher\":{\"@id\":\"https:\\\/\\\/www.verdieditions.com\\\/equilibre-de-vie\\\/#\\\/schema\\\/person\\\/9dcb2a6759f2f5fbf43ac0b44649cecb\"},\"potentialAction\":[{\"@type\":\"SearchAction\",\"target\":{\"@type\":\"EntryPoint\",\"urlTemplate\":\"https:\\\/\\\/www.verdieditions.com\\\/equilibre-de-vie\\\/?s={search_term_string}\"},\"query-input\":{\"@type\":\"PropertyValueSpecification\",\"valueRequired\":true,\"valueName\":\"search_term_string\"}}],\"inLanguage\":\"fr-FR\"},{\"@type\":[\"Person\",\"Organization\"],\"@id\":\"https:\\\/\\\/www.verdieditions.com\\\/equilibre-de-vie\\\/#\\\/schema\\\/person\\\/9dcb2a6759f2f5fbf43ac0b44649cecb\",\"name\":\"Sylvie VERDI\",\"image\":{\"@type\":\"ImageObject\",\"inLanguage\":\"fr-FR\",\"@id\":\"https:\\\/\\\/www.verdieditions.com\\\/equilibre-de-vie\\\/wp-content\\\/uploads\\\/2020\\\/04\\\/livres-occasion-sante-esoterisme-developpement-personnel-2.jpg\",\"url\":\"https:\\\/\\\/www.verdieditions.com\\\/equilibre-de-vie\\\/wp-content\\\/uploads\\\/2020\\\/04\\\/livres-occasion-sante-esoterisme-developpement-personnel-2.jpg\",\"contentUrl\":\"https:\\\/\\\/www.verdieditions.com\\\/equilibre-de-vie\\\/wp-content\\\/uploads\\\/2020\\\/04\\\/livres-occasion-sante-esoterisme-developpement-personnel-2.jpg\",\"width\":800,\"height\":572,\"caption\":\"Sylvie VERDI\"},\"logo\":{\"@id\":\"https:\\\/\\\/www.verdieditions.com\\\/equilibre-de-vie\\\/wp-content\\\/uploads\\\/2020\\\/04\\\/livres-occasion-sante-esoterisme-developpement-personnel-2.jpg\"},\"sameAs\":[\"https:\\\/\\\/www.verdieditions.com\\\/equilibre-de-vie\"]}]}<\/script>\n<!-- \/ Yoast SEO plugin. -->","yoast_head_json":{"title":"ABC de la morphopsychologie - Carleen BINET - Equilibre de Vie","description":"Carleen BINET - ABC de la morpho-psychologie, conna\u00eetre sa personnalit\u00e9 par les traits du visage France Loisirs, 1989 Couverture rigide Dim. 14 x 22,5527 p","robots":{"index":"index","follow":"follow","max-snippet":"max-snippet:-1","max-image-preview":"max-image-preview:large","max-video-preview":"max-video-preview:-1"},"canonical":"https:\/\/www.verdieditions.com\/equilibre-de-vie\/produit\/abc-morphopsychologie-binet\/","og_locale":"fr_FR","og_type":"article","og_title":"ABC de la morphopsychologie - Carleen BINET - Equilibre de Vie","og_description":"Carleen BINET - ABC de la morpho-psychologie, conna\u00eetre sa personnalit\u00e9 par les traits du visage France Loisirs, 1989 Couverture rigide Dim. 14 x 22,5527 p","og_url":"https:\/\/www.verdieditions.com\/equilibre-de-vie\/produit\/abc-morphopsychologie-binet\/","og_site_name":"Equilibre de Vie","article_modified_time":"2024-02-06T15:34:06+00:00","og_image":[{"width":549,"height":800,"url":"https:\/\/www.verdieditions.com\/equilibre-de-vie\/wp-content\/uploads\/2022\/12\/abc-morphopsychologie-binet-1.jpg","type":"image\/jpeg"}],"twitter_card":"summary_large_image","twitter_misc":{"Dur\u00e9e de lecture estim\u00e9e":"2 minutes"},"schema":{"@context":"https:\/\/schema.org","@graph":[{"@type":"WebPage","@id":"https:\/\/www.verdieditions.com\/equilibre-de-vie\/produit\/abc-morphopsychologie-binet\/","url":"https:\/\/www.verdieditions.com\/equilibre-de-vie\/produit\/abc-morphopsychologie-binet\/","name":"ABC de la morphopsychologie - Carleen BINET - Equilibre de Vie","isPartOf":{"@id":"https:\/\/www.verdieditions.com\/equilibre-de-vie\/#website"},"primaryImageOfPage":{"@id":"https:\/\/www.verdieditions.com\/equilibre-de-vie\/produit\/abc-morphopsychologie-binet\/#primaryimage"},"image":{"@id":"https:\/\/www.verdieditions.com\/equilibre-de-vie\/produit\/abc-morphopsychologie-binet\/#primaryimage"},"thumbnailUrl":"https:\/\/www.verdieditions.com\/equilibre-de-vie\/wp-content\/uploads\/2022\/12\/abc-morphopsychologie-binet-1.jpg","datePublished":"2022-12-26T15:30:28+00:00","dateModified":"2024-02-06T15:34:06+00:00","description":"Carleen BINET - ABC de la morpho-psychologie, conna\u00eetre sa personnalit\u00e9 par les traits du visage France Loisirs, 1989 Couverture rigide Dim. 14 x 22,5527 p","breadcrumb":{"@id":"https:\/\/www.verdieditions.com\/equilibre-de-vie\/produit\/abc-morphopsychologie-binet\/#breadcrumb"},"inLanguage":"fr-FR","potentialAction":[{"@type":"ReadAction","target":["https:\/\/www.verdieditions.com\/equilibre-de-vie\/produit\/abc-morphopsychologie-binet\/"]}]},{"@type":"ImageObject","inLanguage":"fr-FR","@id":"https:\/\/www.verdieditions.com\/equilibre-de-vie\/produit\/abc-morphopsychologie-binet\/#primaryimage","url":"https:\/\/www.verdieditions.com\/equilibre-de-vie\/wp-content\/uploads\/2022\/12\/abc-morphopsychologie-binet-1.jpg","contentUrl":"https:\/\/www.verdieditions.com\/equilibre-de-vie\/wp-content\/uploads\/2022\/12\/abc-morphopsychologie-binet-1.jpg","width":549,"height":800,"caption":"abc-morphopsychologie-binet-1"},{"@type":"BreadcrumbList","@id":"https:\/\/www.verdieditions.com\/equilibre-de-vie\/produit\/abc-morphopsychologie-binet\/#breadcrumb","itemListElement":[{"@type":"ListItem","position":1,"name":"Accueil","item":"https:\/\/www.verdieditions.com\/equilibre-de-vie\/"},{"@type":"ListItem","position":2,"name":"La boutique","item":"https:\/\/www.verdieditions.com\/equilibre-de-vie\/boutique\/"},{"@type":"ListItem","position":3,"name":"ABC de la morphopsychologie &#8211; Carleen BINET"}]},{"@type":"WebSite","@id":"https:\/\/www.verdieditions.com\/equilibre-de-vie\/#website","url":"https:\/\/www.verdieditions.com\/equilibre-de-vie\/","name":"Equilibre de Vie","description":"Ma boutique livres sant\u00e9, \u00e9sot\u00e9risme et d\u00e9veloppement personnel","publisher":{"@id":"https:\/\/www.verdieditions.com\/equilibre-de-vie\/#\/schema\/person\/9dcb2a6759f2f5fbf43ac0b44649cecb"},"potentialAction":[{"@type":"SearchAction","target":{"@type":"EntryPoint","urlTemplate":"https:\/\/www.verdieditions.com\/equilibre-de-vie\/?s={search_term_string}"},"query-input":{"@type":"PropertyValueSpecification","valueRequired":true,"valueName":"search_term_string"}}],"inLanguage":"fr-FR"},{"@type":["Person","Organization"],"@id":"https:\/\/www.verdieditions.com\/equilibre-de-vie\/#\/schema\/person\/9dcb2a6759f2f5fbf43ac0b44649cecb","name":"Sylvie VERDI","image":{"@type":"ImageObject","inLanguage":"fr-FR","@id":"https:\/\/www.verdieditions.com\/equilibre-de-vie\/wp-content\/uploads\/2020\/04\/livres-occasion-sante-esoterisme-developpement-personnel-2.jpg","url":"https:\/\/www.verdieditions.com\/equilibre-de-vie\/wp-content\/uploads\/2020\/04\/livres-occasion-sante-esoterisme-developpement-personnel-2.jpg","contentUrl":"https:\/\/www.verdieditions.com\/equilibre-de-vie\/wp-content\/uploads\/2020\/04\/livres-occasion-sante-esoterisme-developpement-personnel-2.jpg","width":800,"height":572,"caption":"Sylvie VERDI"},"logo":{"@id":"https:\/\/www.verdieditions.com\/equilibre-de-vie\/wp-content\/uploads\/2020\/04\/livres-occasion-sante-esoterisme-developpement-personnel-2.jpg"},"sameAs":["https:\/\/www.verdieditions.com\/equilibre-de-vie"]}]}},"_links":{"self":[{"href":"https:\/\/www.verdieditions.com\/equilibre-de-vie\/wp-json\/wp\/v2\/product\/2148","targetHints":{"allow":["GET"]}}],"collection":[{"href":"https:\/\/www.verdieditions.com\/equilibre-de-vie\/wp-json\/wp\/v2\/product"}],"about":[{"href":"https:\/\/www.verdieditions.com\/equilibre-de-vie\/wp-json\/wp\/v2\/types\/product"}],"wp:featuredmedia":[{"embeddable":true,"href":"https:\/\/www.verdieditions.com\/equilibre-de-vie\/wp-json\/wp\/v2\/media\/2167"}],"wp:attachment":[{"href":"https:\/\/www.verdieditions.com\/equilibre-de-vie\/wp-json\/wp\/v2\/media?parent=2148"}],"wp:term":[{"taxonomy":"product_brand","embeddable":true,"href":"https:\/\/www.verdieditions.com\/equilibre-de-vie\/wp-json\/wp\/v2\/product_brand?post=2148"},{"taxonomy":"product_cat","embeddable":true,"href":"https:\/\/www.verdieditions.com\/equilibre-de-vie\/wp-json\/wp\/v2\/product_cat?post=2148"},{"taxonomy":"product_tag","embeddable":true,"href":"https:\/\/www.verdieditions.com\/equilibre-de-vie\/wp-json\/wp\/v2\/product_tag?post=2148"}],"curies":[{"name":"wp","href":"https:\/\/api.w.org\/{rel}","templated":true}]}}