{"id":2115,"date":"2022-09-08T11:17:21","date_gmt":"2022-09-08T09:17:21","guid":{"rendered":"https:\/\/www.verdieditions.com\/equilibre-de-vie\/?post_type=product&#038;p=2115"},"modified":"2024-02-07T16:44:38","modified_gmt":"2024-02-07T15:44:38","slug":"spasmophile-rubinstein","status":"publish","type":"product","link":"https:\/\/www.verdieditions.com\/equilibre-de-vie\/produit\/spasmophile-rubinstein\/","title":{"rendered":"Etes-vous spasmophile ? &#8211; Dr Henri RUBINSTEIN"},"content":{"rendered":"<p>Auteur : Dr Henri RUBINSTEIN<br \/>\nTitre : Etes-vous spasmophile ? la spasmophilie ou t\u00e9tanie chronique : ses sympt\u00f4mes, ses facteurs d\u00e9clenchants, son traitement et sa pr\u00e9vention<br \/>\n\u00c9diteur : Laffont, 1981<br \/>\nEdition originale<br \/>\nDim. 13,5 x 21,5<br \/>\n202 pages<\/p>\n<p>Vous \u00eates fatigu\u00e9 le matin en vous levant : vous vous sentez d\u00e9prim\u00e9 et anxieux sans raison. Vous avez trop froid ou trop chaud, trop faim ou pas assez. Vous dormez mal. Souvent, ce sont des crampes musculaires, des paupi\u00e8res qui sautent, des fourmillements, des contractures : tout cela traduisant l&rsquo;hyperexcitabilit\u00e9 musculaire, l&rsquo;un des signes les plus \u00e9vidents de la spasmophilie &#8211; appel\u00e9e aussi parfois t\u00e9tanie chronique. Mais ce ne sont pas l\u00e0 les seuls sympt\u00f4mes : maux de t\u00eate, vertiges, sensation de flou visuel, signes visc\u00e9raux touchant \u00e0 l&rsquo;appareil digestif, respiratoire, vasculaire, ainsi qu&rsquo;\u00e0 la sph\u00e8re g\u00e9nitale, l&rsquo;\u00e9ventail est vaste et souvent trompeur. Certains sujets cumulent les sympt\u00f4mes, d&rsquo;autres n&rsquo;en pr\u00e9sentent qu&rsquo;un nombre limit\u00e9. Mais il importe de d\u00e9tecter une spasmophilie m\u00e9connue &#8211; et souvent par les m\u00e9decins eux-m\u00eames &#8211; pour sortir les malades de situations pathologiques inextricables. La spasmophilie est une maladie m\u00e9tabolique qui peut s&rsquo;aggraver brusquement sous l&rsquo;impact d&rsquo;un facteur d\u00e9clenchant tel que stress, deuil, divorce, soucis professionnels, etc. Il ne s&rsquo;agit ni d&rsquo;une maladie imaginaire ni d&rsquo;une maladie mentale. Elle se diagnostique avec pr\u00e9cision, se soigne avec efficacit\u00e9. Certaines r\u00e8gles d&rsquo;hygi\u00e8ne alimentaire, certaines pr\u00e9cautions permettent d&rsquo;en pr\u00e9venir les d\u00e9compensations les plus invalidantes et les plus angoissantes. Ce livre destin\u00e9 au grand public a \u00e9t\u00e9 le tout premier \u00e0 faire le point sur cette affection m\u00e9connue, mais aussi mal connue, qui touche huit \u00e0 dix millions de Fran\u00e7ais.<\/p>\n","protected":false},"excerpt":{"rendered":"<p>Auteur : Dr Henri RUBINSTEIN<br \/>\nTitre : Etes-vous spasmophile ? la spasmophilie ou t\u00e9tanie chronique : ses sympt\u00f4mes, ses facteurs d\u00e9clenchants, son traitement et sa pr\u00e9vention<br \/>\n\u00c9diteur : Laffont, 1981<br \/>\nEdition originale<br \/>\nDim. 13,5 x 21,5<br \/>\n202 pages<\/p>\n","protected":false},"featured_media":2117,"template":"","meta":[],"product_brand":[],"product_cat":[21],"product_tag":[238,235],"class_list":{"0":"post-2115","1":"product","2":"type-product","3":"status-publish","4":"has-post-thumbnail","6":"product_cat-sante","7":"product_tag-alimentation","8":"product_tag-hygiene","10":"first","11":"instock","12":"sale","13":"shipping-taxable","14":"product-type-simple"},"yoast_head":"<!-- This site is optimized with the Yoast SEO plugin v27.4 - https:\/\/yoast.com\/product\/yoast-seo-wordpress\/ -->\n<title>Etes-vous spasmophile ? - Dr Henri RUBINSTEIN - Equilibre de Vie<\/title>\n<meta name=\"description\" content=\"Dr Henri RUBINSTEIN Titre : Etes-vous spasmophile ? la spasmophilie ou t\u00e9tanie chronique \u00c9diteur : Laffont, 1981 Edition originale Dim. 13,5 x 21,5 202 p\" \/>\n<meta name=\"robots\" content=\"index, follow, max-snippet:-1, max-image-preview:large, max-video-preview:-1\" \/>\n<link rel=\"canonical\" href=\"https:\/\/www.verdieditions.com\/equilibre-de-vie\/produit\/spasmophile-rubinstein\/\" \/>\n<meta property=\"og:locale\" content=\"fr_FR\" \/>\n<meta property=\"og:type\" content=\"article\" \/>\n<meta property=\"og:title\" content=\"Etes-vous spasmophile ? - Dr Henri RUBINSTEIN - Equilibre de Vie\" \/>\n<meta property=\"og:description\" content=\"Dr Henri RUBINSTEIN Titre : Etes-vous spasmophile ? la spasmophilie ou t\u00e9tanie chronique \u00c9diteur : Laffont, 1981 Edition originale Dim. 13,5 x 21,5 202 p\" \/>\n<meta property=\"og:url\" content=\"https:\/\/www.verdieditions.com\/equilibre-de-vie\/produit\/spasmophile-rubinstein\/\" \/>\n<meta property=\"og:site_name\" content=\"Equilibre de Vie\" \/>\n<meta property=\"article:modified_time\" content=\"2024-02-07T15:44:38+00:00\" \/>\n<meta property=\"og:image\" content=\"https:\/\/www.verdieditions.com\/equilibre-de-vie\/wp-content\/uploads\/2022\/09\/spasmophile-rubinstein.jpg\" \/>\n\t<meta property=\"og:image:width\" content=\"513\" \/>\n\t<meta property=\"og:image:height\" content=\"800\" \/>\n\t<meta property=\"og:image:type\" content=\"image\/jpeg\" \/>\n<meta name=\"twitter:card\" content=\"summary_large_image\" \/>\n<meta name=\"twitter:label1\" content=\"Dur\u00e9e de lecture estim\u00e9e\" \/>\n\t<meta name=\"twitter:data1\" content=\"1 minute\" \/>\n<script type=\"application\/ld+json\" class=\"yoast-schema-graph\">{\"@context\":\"https:\\\/\\\/schema.org\",\"@graph\":[{\"@type\":\"WebPage\",\"@id\":\"https:\\\/\\\/www.verdieditions.com\\\/equilibre-de-vie\\\/produit\\\/spasmophile-rubinstein\\\/\",\"url\":\"https:\\\/\\\/www.verdieditions.com\\\/equilibre-de-vie\\\/produit\\\/spasmophile-rubinstein\\\/\",\"name\":\"Etes-vous spasmophile ? - Dr Henri RUBINSTEIN - Equilibre de Vie\",\"isPartOf\":{\"@id\":\"https:\\\/\\\/www.verdieditions.com\\\/equilibre-de-vie\\\/#website\"},\"primaryImageOfPage\":{\"@id\":\"https:\\\/\\\/www.verdieditions.com\\\/equilibre-de-vie\\\/produit\\\/spasmophile-rubinstein\\\/#primaryimage\"},\"image\":{\"@id\":\"https:\\\/\\\/www.verdieditions.com\\\/equilibre-de-vie\\\/produit\\\/spasmophile-rubinstein\\\/#primaryimage\"},\"thumbnailUrl\":\"https:\\\/\\\/www.verdieditions.com\\\/equilibre-de-vie\\\/wp-content\\\/uploads\\\/2022\\\/09\\\/spasmophile-rubinstein.jpg\",\"datePublished\":\"2022-09-08T09:17:21+00:00\",\"dateModified\":\"2024-02-07T15:44:38+00:00\",\"description\":\"Dr Henri RUBINSTEIN Titre : Etes-vous spasmophile ? la spasmophilie ou t\u00e9tanie chronique \u00c9diteur : Laffont, 1981 Edition originale Dim. 13,5 x 21,5 202 p\",\"breadcrumb\":{\"@id\":\"https:\\\/\\\/www.verdieditions.com\\\/equilibre-de-vie\\\/produit\\\/spasmophile-rubinstein\\\/#breadcrumb\"},\"inLanguage\":\"fr-FR\",\"potentialAction\":[{\"@type\":\"ReadAction\",\"target\":[\"https:\\\/\\\/www.verdieditions.com\\\/equilibre-de-vie\\\/produit\\\/spasmophile-rubinstein\\\/\"]}]},{\"@type\":\"ImageObject\",\"inLanguage\":\"fr-FR\",\"@id\":\"https:\\\/\\\/www.verdieditions.com\\\/equilibre-de-vie\\\/produit\\\/spasmophile-rubinstein\\\/#primaryimage\",\"url\":\"https:\\\/\\\/www.verdieditions.com\\\/equilibre-de-vie\\\/wp-content\\\/uploads\\\/2022\\\/09\\\/spasmophile-rubinstein.jpg\",\"contentUrl\":\"https:\\\/\\\/www.verdieditions.com\\\/equilibre-de-vie\\\/wp-content\\\/uploads\\\/2022\\\/09\\\/spasmophile-rubinstein.jpg\",\"width\":513,\"height\":800,\"caption\":\"spasmophile-rubinstein\"},{\"@type\":\"BreadcrumbList\",\"@id\":\"https:\\\/\\\/www.verdieditions.com\\\/equilibre-de-vie\\\/produit\\\/spasmophile-rubinstein\\\/#breadcrumb\",\"itemListElement\":[{\"@type\":\"ListItem\",\"position\":1,\"name\":\"Accueil\",\"item\":\"https:\\\/\\\/www.verdieditions.com\\\/equilibre-de-vie\\\/\"},{\"@type\":\"ListItem\",\"position\":2,\"name\":\"La boutique\",\"item\":\"https:\\\/\\\/www.verdieditions.com\\\/equilibre-de-vie\\\/boutique\\\/\"},{\"@type\":\"ListItem\",\"position\":3,\"name\":\"Etes-vous spasmophile ? &#8211; Dr Henri RUBINSTEIN\"}]},{\"@type\":\"WebSite\",\"@id\":\"https:\\\/\\\/www.verdieditions.com\\\/equilibre-de-vie\\\/#website\",\"url\":\"https:\\\/\\\/www.verdieditions.com\\\/equilibre-de-vie\\\/\",\"name\":\"Equilibre de Vie\",\"description\":\"Ma boutique livres sant\u00e9, \u00e9sot\u00e9risme et d\u00e9veloppement personnel\",\"publisher\":{\"@id\":\"https:\\\/\\\/www.verdieditions.com\\\/equilibre-de-vie\\\/#\\\/schema\\\/person\\\/9dcb2a6759f2f5fbf43ac0b44649cecb\"},\"potentialAction\":[{\"@type\":\"SearchAction\",\"target\":{\"@type\":\"EntryPoint\",\"urlTemplate\":\"https:\\\/\\\/www.verdieditions.com\\\/equilibre-de-vie\\\/?s={search_term_string}\"},\"query-input\":{\"@type\":\"PropertyValueSpecification\",\"valueRequired\":true,\"valueName\":\"search_term_string\"}}],\"inLanguage\":\"fr-FR\"},{\"@type\":[\"Person\",\"Organization\"],\"@id\":\"https:\\\/\\\/www.verdieditions.com\\\/equilibre-de-vie\\\/#\\\/schema\\\/person\\\/9dcb2a6759f2f5fbf43ac0b44649cecb\",\"name\":\"Sylvie VERDI\",\"image\":{\"@type\":\"ImageObject\",\"inLanguage\":\"fr-FR\",\"@id\":\"https:\\\/\\\/www.verdieditions.com\\\/equilibre-de-vie\\\/wp-content\\\/uploads\\\/2020\\\/04\\\/livres-occasion-sante-esoterisme-developpement-personnel-2.jpg\",\"url\":\"https:\\\/\\\/www.verdieditions.com\\\/equilibre-de-vie\\\/wp-content\\\/uploads\\\/2020\\\/04\\\/livres-occasion-sante-esoterisme-developpement-personnel-2.jpg\",\"contentUrl\":\"https:\\\/\\\/www.verdieditions.com\\\/equilibre-de-vie\\\/wp-content\\\/uploads\\\/2020\\\/04\\\/livres-occasion-sante-esoterisme-developpement-personnel-2.jpg\",\"width\":800,\"height\":572,\"caption\":\"Sylvie VERDI\"},\"logo\":{\"@id\":\"https:\\\/\\\/www.verdieditions.com\\\/equilibre-de-vie\\\/wp-content\\\/uploads\\\/2020\\\/04\\\/livres-occasion-sante-esoterisme-developpement-personnel-2.jpg\"},\"sameAs\":[\"https:\\\/\\\/www.verdieditions.com\\\/equilibre-de-vie\"]}]}<\/script>\n<!-- \/ Yoast SEO plugin. -->","yoast_head_json":{"title":"Etes-vous spasmophile ? - Dr Henri RUBINSTEIN - Equilibre de Vie","description":"Dr Henri RUBINSTEIN Titre : Etes-vous spasmophile ? la spasmophilie ou t\u00e9tanie chronique \u00c9diteur : Laffont, 1981 Edition originale Dim. 13,5 x 21,5 202 p","robots":{"index":"index","follow":"follow","max-snippet":"max-snippet:-1","max-image-preview":"max-image-preview:large","max-video-preview":"max-video-preview:-1"},"canonical":"https:\/\/www.verdieditions.com\/equilibre-de-vie\/produit\/spasmophile-rubinstein\/","og_locale":"fr_FR","og_type":"article","og_title":"Etes-vous spasmophile ? - Dr Henri RUBINSTEIN - Equilibre de Vie","og_description":"Dr Henri RUBINSTEIN Titre : Etes-vous spasmophile ? la spasmophilie ou t\u00e9tanie chronique \u00c9diteur : Laffont, 1981 Edition originale Dim. 13,5 x 21,5 202 p","og_url":"https:\/\/www.verdieditions.com\/equilibre-de-vie\/produit\/spasmophile-rubinstein\/","og_site_name":"Equilibre de Vie","article_modified_time":"2024-02-07T15:44:38+00:00","og_image":[{"width":513,"height":800,"url":"https:\/\/www.verdieditions.com\/equilibre-de-vie\/wp-content\/uploads\/2022\/09\/spasmophile-rubinstein.jpg","type":"image\/jpeg"}],"twitter_card":"summary_large_image","twitter_misc":{"Dur\u00e9e de lecture estim\u00e9e":"1 minute"},"schema":{"@context":"https:\/\/schema.org","@graph":[{"@type":"WebPage","@id":"https:\/\/www.verdieditions.com\/equilibre-de-vie\/produit\/spasmophile-rubinstein\/","url":"https:\/\/www.verdieditions.com\/equilibre-de-vie\/produit\/spasmophile-rubinstein\/","name":"Etes-vous spasmophile ? - Dr Henri RUBINSTEIN - Equilibre de Vie","isPartOf":{"@id":"https:\/\/www.verdieditions.com\/equilibre-de-vie\/#website"},"primaryImageOfPage":{"@id":"https:\/\/www.verdieditions.com\/equilibre-de-vie\/produit\/spasmophile-rubinstein\/#primaryimage"},"image":{"@id":"https:\/\/www.verdieditions.com\/equilibre-de-vie\/produit\/spasmophile-rubinstein\/#primaryimage"},"thumbnailUrl":"https:\/\/www.verdieditions.com\/equilibre-de-vie\/wp-content\/uploads\/2022\/09\/spasmophile-rubinstein.jpg","datePublished":"2022-09-08T09:17:21+00:00","dateModified":"2024-02-07T15:44:38+00:00","description":"Dr Henri RUBINSTEIN Titre : Etes-vous spasmophile ? la spasmophilie ou t\u00e9tanie chronique \u00c9diteur : Laffont, 1981 Edition originale Dim. 13,5 x 21,5 202 p","breadcrumb":{"@id":"https:\/\/www.verdieditions.com\/equilibre-de-vie\/produit\/spasmophile-rubinstein\/#breadcrumb"},"inLanguage":"fr-FR","potentialAction":[{"@type":"ReadAction","target":["https:\/\/www.verdieditions.com\/equilibre-de-vie\/produit\/spasmophile-rubinstein\/"]}]},{"@type":"ImageObject","inLanguage":"fr-FR","@id":"https:\/\/www.verdieditions.com\/equilibre-de-vie\/produit\/spasmophile-rubinstein\/#primaryimage","url":"https:\/\/www.verdieditions.com\/equilibre-de-vie\/wp-content\/uploads\/2022\/09\/spasmophile-rubinstein.jpg","contentUrl":"https:\/\/www.verdieditions.com\/equilibre-de-vie\/wp-content\/uploads\/2022\/09\/spasmophile-rubinstein.jpg","width":513,"height":800,"caption":"spasmophile-rubinstein"},{"@type":"BreadcrumbList","@id":"https:\/\/www.verdieditions.com\/equilibre-de-vie\/produit\/spasmophile-rubinstein\/#breadcrumb","itemListElement":[{"@type":"ListItem","position":1,"name":"Accueil","item":"https:\/\/www.verdieditions.com\/equilibre-de-vie\/"},{"@type":"ListItem","position":2,"name":"La boutique","item":"https:\/\/www.verdieditions.com\/equilibre-de-vie\/boutique\/"},{"@type":"ListItem","position":3,"name":"Etes-vous spasmophile ? &#8211; Dr Henri RUBINSTEIN"}]},{"@type":"WebSite","@id":"https:\/\/www.verdieditions.com\/equilibre-de-vie\/#website","url":"https:\/\/www.verdieditions.com\/equilibre-de-vie\/","name":"Equilibre de Vie","description":"Ma boutique livres sant\u00e9, \u00e9sot\u00e9risme et d\u00e9veloppement personnel","publisher":{"@id":"https:\/\/www.verdieditions.com\/equilibre-de-vie\/#\/schema\/person\/9dcb2a6759f2f5fbf43ac0b44649cecb"},"potentialAction":[{"@type":"SearchAction","target":{"@type":"EntryPoint","urlTemplate":"https:\/\/www.verdieditions.com\/equilibre-de-vie\/?s={search_term_string}"},"query-input":{"@type":"PropertyValueSpecification","valueRequired":true,"valueName":"search_term_string"}}],"inLanguage":"fr-FR"},{"@type":["Person","Organization"],"@id":"https:\/\/www.verdieditions.com\/equilibre-de-vie\/#\/schema\/person\/9dcb2a6759f2f5fbf43ac0b44649cecb","name":"Sylvie VERDI","image":{"@type":"ImageObject","inLanguage":"fr-FR","@id":"https:\/\/www.verdieditions.com\/equilibre-de-vie\/wp-content\/uploads\/2020\/04\/livres-occasion-sante-esoterisme-developpement-personnel-2.jpg","url":"https:\/\/www.verdieditions.com\/equilibre-de-vie\/wp-content\/uploads\/2020\/04\/livres-occasion-sante-esoterisme-developpement-personnel-2.jpg","contentUrl":"https:\/\/www.verdieditions.com\/equilibre-de-vie\/wp-content\/uploads\/2020\/04\/livres-occasion-sante-esoterisme-developpement-personnel-2.jpg","width":800,"height":572,"caption":"Sylvie VERDI"},"logo":{"@id":"https:\/\/www.verdieditions.com\/equilibre-de-vie\/wp-content\/uploads\/2020\/04\/livres-occasion-sante-esoterisme-developpement-personnel-2.jpg"},"sameAs":["https:\/\/www.verdieditions.com\/equilibre-de-vie"]}]}},"_links":{"self":[{"href":"https:\/\/www.verdieditions.com\/equilibre-de-vie\/wp-json\/wp\/v2\/product\/2115","targetHints":{"allow":["GET"]}}],"collection":[{"href":"https:\/\/www.verdieditions.com\/equilibre-de-vie\/wp-json\/wp\/v2\/product"}],"about":[{"href":"https:\/\/www.verdieditions.com\/equilibre-de-vie\/wp-json\/wp\/v2\/types\/product"}],"wp:featuredmedia":[{"embeddable":true,"href":"https:\/\/www.verdieditions.com\/equilibre-de-vie\/wp-json\/wp\/v2\/media\/2117"}],"wp:attachment":[{"href":"https:\/\/www.verdieditions.com\/equilibre-de-vie\/wp-json\/wp\/v2\/media?parent=2115"}],"wp:term":[{"taxonomy":"product_brand","embeddable":true,"href":"https:\/\/www.verdieditions.com\/equilibre-de-vie\/wp-json\/wp\/v2\/product_brand?post=2115"},{"taxonomy":"product_cat","embeddable":true,"href":"https:\/\/www.verdieditions.com\/equilibre-de-vie\/wp-json\/wp\/v2\/product_cat?post=2115"},{"taxonomy":"product_tag","embeddable":true,"href":"https:\/\/www.verdieditions.com\/equilibre-de-vie\/wp-json\/wp\/v2\/product_tag?post=2115"}],"curies":[{"name":"wp","href":"https:\/\/api.w.org\/{rel}","templated":true}]}}