{"id":211,"date":"2020-04-23T10:25:30","date_gmt":"2020-04-23T08:25:30","guid":{"rendered":"https:\/\/www.verdieditions.com\/equilibre-de-vie\/?post_type=product&#038;p=211"},"modified":"2025-04-13T18:50:58","modified_gmt":"2025-04-13T16:50:58","slug":"fantastiques-pouvoirs-magie-sorcellerie-bessiere","status":"publish","type":"product","link":"https:\/\/www.verdieditions.com\/equilibre-de-vie\/produit\/fantastiques-pouvoirs-magie-sorcellerie-bessiere\/","title":{"rendered":"Les fantastiques pouvoirs de la Magie &#038; Sorcellerie &#8211; Richard BESSI\u00c8RE"},"content":{"rendered":"<p>Auteur : Richard BESSI\u00c8RE<br \/>\nTitre : Les fantastiques pouvoirs de la Magie &#038; Sorcellerie, les pouvoirs du sorcier, le mauvais oeil, envo\u00fbtements et d\u00e9senvo\u00fbtements, les cercles magiques &#8211; Nouvelle \u00e9tude sur les sciences interdites, comment devenir magicien ou sorcier<br \/>\n\u00c9diteur : Centrale de Presse et d&rsquo;Edition, 1986, collection Histoire d&rsquo;hier et d&rsquo;aujourd&rsquo;hui<br \/>\nDim. 15,5 x 21,5<br \/>\n122 pages<\/p>\n","protected":false},"excerpt":{"rendered":"<p>Auteur : Richard BESSI\u00c8RE<br \/>\nTitre : Les fantastiques pouvoirs de la Magie &#038; Sorcellerie, les pouvoirs du sorcier, le mauvais oeil, envo\u00fbtements et d\u00e9senvo\u00fbtements, les cercles magiques &#8211; Nouvelle \u00e9tude sur les sciences interdites, comment devenir magicien ou sorcier<br \/>\n\u00c9diteur : Centrale de Presse et d&rsquo;Edition, 1986, collection Histoire d&rsquo;hier et d&rsquo;aujourd&rsquo;hui<br \/>\nDim. 15,5 x 21,5<br \/>\n122 pages<\/p>\n","protected":false},"featured_media":212,"template":"","meta":[],"product_brand":[],"product_cat":[23],"product_tag":[187,93,127,189],"class_list":{"0":"post-211","1":"product","2":"type-product","3":"status-publish","4":"has-post-thumbnail","6":"product_cat-esoterisme","7":"product_tag-clairvoyance","8":"product_tag-magie","9":"product_tag-pouvoirs","10":"product_tag-sorcellerie","12":"first","13":"outofstock","14":"shipping-taxable","15":"product-type-simple"},"yoast_head":"<!-- This site is optimized with the Yoast SEO plugin v27.4 - https:\/\/yoast.com\/product\/yoast-seo-wordpress\/ -->\n<title>Les fantastiques pouvoirs de la Magie &amp; Sorcellerie - Richard BESSI\u00c8RE - Equilibre de Vie<\/title>\n<meta name=\"description\" content=\"Auteur : Richard BESSI\u00c8RE Titre : Les fantastiques pouvoirs de la Magie &amp; Sorcellerie, les pouvoirs du sorcier, le mauvais oeil, envo\u00fbtements et d\u00e9senvo\u00fbtements, les cercles magiques \u2013 Nouvelle \u00e9tude sur les sciences interdites, comment devenir magicien ou sorcier \u00c9diteur : Centrale de Presse et d\u2019Edition, 1986, collection Histoire d\u2019hier et d\u2019aujourd\u2019hui Dim. 15,5 x 21,5 122 pages\" \/>\n<meta name=\"robots\" content=\"index, follow, max-snippet:-1, max-image-preview:large, max-video-preview:-1\" \/>\n<link rel=\"canonical\" href=\"https:\/\/www.verdieditions.com\/equilibre-de-vie\/produit\/fantastiques-pouvoirs-magie-sorcellerie-bessiere\/\" \/>\n<meta property=\"og:locale\" content=\"fr_FR\" \/>\n<meta property=\"og:type\" content=\"article\" \/>\n<meta property=\"og:title\" content=\"Les fantastiques pouvoirs de la Magie &amp; Sorcellerie - Richard BESSI\u00c8RE - Equilibre de Vie\" \/>\n<meta property=\"og:description\" content=\"Auteur : Richard BESSI\u00c8RE Titre : Les fantastiques pouvoirs de la Magie &amp; Sorcellerie, les pouvoirs du sorcier, le mauvais oeil, envo\u00fbtements et d\u00e9senvo\u00fbtements, les cercles magiques \u2013 Nouvelle \u00e9tude sur les sciences interdites, comment devenir magicien ou sorcier \u00c9diteur : Centrale de Presse et d\u2019Edition, 1986, collection Histoire d\u2019hier et d\u2019aujourd\u2019hui Dim. 15,5 x 21,5 122 pages\" \/>\n<meta property=\"og:url\" content=\"https:\/\/www.verdieditions.com\/equilibre-de-vie\/produit\/fantastiques-pouvoirs-magie-sorcellerie-bessiere\/\" \/>\n<meta property=\"og:site_name\" content=\"Equilibre de Vie\" \/>\n<meta property=\"article:modified_time\" content=\"2025-04-13T16:50:58+00:00\" \/>\n<meta property=\"og:image\" content=\"https:\/\/www.verdieditions.com\/equilibre-de-vie\/wp-content\/uploads\/2020\/04\/fantastiques-pouvoirs-magie-sorcellerie-Bessiere.jpg\" \/>\n\t<meta property=\"og:image:width\" content=\"885\" \/>\n\t<meta property=\"og:image:height\" content=\"1186\" \/>\n\t<meta property=\"og:image:type\" content=\"image\/jpeg\" \/>\n<meta name=\"twitter:card\" content=\"summary_large_image\" \/>\n<script type=\"application\/ld+json\" class=\"yoast-schema-graph\">{\"@context\":\"https:\\\/\\\/schema.org\",\"@graph\":[{\"@type\":\"WebPage\",\"@id\":\"https:\\\/\\\/www.verdieditions.com\\\/equilibre-de-vie\\\/produit\\\/fantastiques-pouvoirs-magie-sorcellerie-bessiere\\\/\",\"url\":\"https:\\\/\\\/www.verdieditions.com\\\/equilibre-de-vie\\\/produit\\\/fantastiques-pouvoirs-magie-sorcellerie-bessiere\\\/\",\"name\":\"Les fantastiques pouvoirs de la Magie & Sorcellerie - Richard BESSI\u00c8RE - Equilibre de Vie\",\"isPartOf\":{\"@id\":\"https:\\\/\\\/www.verdieditions.com\\\/equilibre-de-vie\\\/#website\"},\"primaryImageOfPage\":{\"@id\":\"https:\\\/\\\/www.verdieditions.com\\\/equilibre-de-vie\\\/produit\\\/fantastiques-pouvoirs-magie-sorcellerie-bessiere\\\/#primaryimage\"},\"image\":{\"@id\":\"https:\\\/\\\/www.verdieditions.com\\\/equilibre-de-vie\\\/produit\\\/fantastiques-pouvoirs-magie-sorcellerie-bessiere\\\/#primaryimage\"},\"thumbnailUrl\":\"https:\\\/\\\/www.verdieditions.com\\\/equilibre-de-vie\\\/wp-content\\\/uploads\\\/2020\\\/04\\\/fantastiques-pouvoirs-magie-sorcellerie-Bessiere.jpg\",\"datePublished\":\"2020-04-23T08:25:30+00:00\",\"dateModified\":\"2025-04-13T16:50:58+00:00\",\"description\":\"Auteur : Richard BESSI\u00c8RE Titre : Les fantastiques pouvoirs de la Magie & Sorcellerie, les pouvoirs du sorcier, le mauvais oeil, envo\u00fbtements et d\u00e9senvo\u00fbtements, les cercles magiques \u2013 Nouvelle \u00e9tude sur les sciences interdites, comment devenir magicien ou sorcier \u00c9diteur : Centrale de Presse et d\u2019Edition, 1986, collection Histoire d\u2019hier et d\u2019aujourd\u2019hui Dim. 15,5 x 21,5 122 pages\",\"breadcrumb\":{\"@id\":\"https:\\\/\\\/www.verdieditions.com\\\/equilibre-de-vie\\\/produit\\\/fantastiques-pouvoirs-magie-sorcellerie-bessiere\\\/#breadcrumb\"},\"inLanguage\":\"fr-FR\",\"potentialAction\":[{\"@type\":\"ReadAction\",\"target\":[\"https:\\\/\\\/www.verdieditions.com\\\/equilibre-de-vie\\\/produit\\\/fantastiques-pouvoirs-magie-sorcellerie-bessiere\\\/\"]}]},{\"@type\":\"ImageObject\",\"inLanguage\":\"fr-FR\",\"@id\":\"https:\\\/\\\/www.verdieditions.com\\\/equilibre-de-vie\\\/produit\\\/fantastiques-pouvoirs-magie-sorcellerie-bessiere\\\/#primaryimage\",\"url\":\"https:\\\/\\\/www.verdieditions.com\\\/equilibre-de-vie\\\/wp-content\\\/uploads\\\/2020\\\/04\\\/fantastiques-pouvoirs-magie-sorcellerie-Bessiere.jpg\",\"contentUrl\":\"https:\\\/\\\/www.verdieditions.com\\\/equilibre-de-vie\\\/wp-content\\\/uploads\\\/2020\\\/04\\\/fantastiques-pouvoirs-magie-sorcellerie-Bessiere.jpg\",\"width\":885,\"height\":1186,\"caption\":\"fantastiques-pouvoirs-magie-sorcellerie-Bessiere\"},{\"@type\":\"BreadcrumbList\",\"@id\":\"https:\\\/\\\/www.verdieditions.com\\\/equilibre-de-vie\\\/produit\\\/fantastiques-pouvoirs-magie-sorcellerie-bessiere\\\/#breadcrumb\",\"itemListElement\":[{\"@type\":\"ListItem\",\"position\":1,\"name\":\"Accueil\",\"item\":\"https:\\\/\\\/www.verdieditions.com\\\/equilibre-de-vie\\\/\"},{\"@type\":\"ListItem\",\"position\":2,\"name\":\"La boutique\",\"item\":\"https:\\\/\\\/www.verdieditions.com\\\/equilibre-de-vie\\\/boutique\\\/\"},{\"@type\":\"ListItem\",\"position\":3,\"name\":\"Les fantastiques pouvoirs de la Magie &#038; Sorcellerie &#8211; Richard BESSI\u00c8RE\"}]},{\"@type\":\"WebSite\",\"@id\":\"https:\\\/\\\/www.verdieditions.com\\\/equilibre-de-vie\\\/#website\",\"url\":\"https:\\\/\\\/www.verdieditions.com\\\/equilibre-de-vie\\\/\",\"name\":\"Equilibre de Vie\",\"description\":\"Ma boutique livres sant\u00e9, \u00e9sot\u00e9risme et d\u00e9veloppement personnel\",\"publisher\":{\"@id\":\"https:\\\/\\\/www.verdieditions.com\\\/equilibre-de-vie\\\/#\\\/schema\\\/person\\\/9dcb2a6759f2f5fbf43ac0b44649cecb\"},\"potentialAction\":[{\"@type\":\"SearchAction\",\"target\":{\"@type\":\"EntryPoint\",\"urlTemplate\":\"https:\\\/\\\/www.verdieditions.com\\\/equilibre-de-vie\\\/?s={search_term_string}\"},\"query-input\":{\"@type\":\"PropertyValueSpecification\",\"valueRequired\":true,\"valueName\":\"search_term_string\"}}],\"inLanguage\":\"fr-FR\"},{\"@type\":[\"Person\",\"Organization\"],\"@id\":\"https:\\\/\\\/www.verdieditions.com\\\/equilibre-de-vie\\\/#\\\/schema\\\/person\\\/9dcb2a6759f2f5fbf43ac0b44649cecb\",\"name\":\"Sylvie VERDI\",\"image\":{\"@type\":\"ImageObject\",\"inLanguage\":\"fr-FR\",\"@id\":\"https:\\\/\\\/www.verdieditions.com\\\/equilibre-de-vie\\\/wp-content\\\/uploads\\\/2020\\\/04\\\/livres-occasion-sante-esoterisme-developpement-personnel-2.jpg\",\"url\":\"https:\\\/\\\/www.verdieditions.com\\\/equilibre-de-vie\\\/wp-content\\\/uploads\\\/2020\\\/04\\\/livres-occasion-sante-esoterisme-developpement-personnel-2.jpg\",\"contentUrl\":\"https:\\\/\\\/www.verdieditions.com\\\/equilibre-de-vie\\\/wp-content\\\/uploads\\\/2020\\\/04\\\/livres-occasion-sante-esoterisme-developpement-personnel-2.jpg\",\"width\":800,\"height\":572,\"caption\":\"Sylvie VERDI\"},\"logo\":{\"@id\":\"https:\\\/\\\/www.verdieditions.com\\\/equilibre-de-vie\\\/wp-content\\\/uploads\\\/2020\\\/04\\\/livres-occasion-sante-esoterisme-developpement-personnel-2.jpg\"},\"sameAs\":[\"https:\\\/\\\/www.verdieditions.com\\\/equilibre-de-vie\"]}]}<\/script>\n<!-- \/ Yoast SEO plugin. -->","yoast_head_json":{"title":"Les fantastiques pouvoirs de la Magie & Sorcellerie - Richard BESSI\u00c8RE - Equilibre de Vie","description":"Auteur : Richard BESSI\u00c8RE Titre : Les fantastiques pouvoirs de la Magie & Sorcellerie, les pouvoirs du sorcier, le mauvais oeil, envo\u00fbtements et d\u00e9senvo\u00fbtements, les cercles magiques \u2013 Nouvelle \u00e9tude sur les sciences interdites, comment devenir magicien ou sorcier \u00c9diteur : Centrale de Presse et d\u2019Edition, 1986, collection Histoire d\u2019hier et d\u2019aujourd\u2019hui Dim. 15,5 x 21,5 122 pages","robots":{"index":"index","follow":"follow","max-snippet":"max-snippet:-1","max-image-preview":"max-image-preview:large","max-video-preview":"max-video-preview:-1"},"canonical":"https:\/\/www.verdieditions.com\/equilibre-de-vie\/produit\/fantastiques-pouvoirs-magie-sorcellerie-bessiere\/","og_locale":"fr_FR","og_type":"article","og_title":"Les fantastiques pouvoirs de la Magie & Sorcellerie - Richard BESSI\u00c8RE - Equilibre de Vie","og_description":"Auteur : Richard BESSI\u00c8RE Titre : Les fantastiques pouvoirs de la Magie & Sorcellerie, les pouvoirs du sorcier, le mauvais oeil, envo\u00fbtements et d\u00e9senvo\u00fbtements, les cercles magiques \u2013 Nouvelle \u00e9tude sur les sciences interdites, comment devenir magicien ou sorcier \u00c9diteur : Centrale de Presse et d\u2019Edition, 1986, collection Histoire d\u2019hier et d\u2019aujourd\u2019hui Dim. 15,5 x 21,5 122 pages","og_url":"https:\/\/www.verdieditions.com\/equilibre-de-vie\/produit\/fantastiques-pouvoirs-magie-sorcellerie-bessiere\/","og_site_name":"Equilibre de Vie","article_modified_time":"2025-04-13T16:50:58+00:00","og_image":[{"width":885,"height":1186,"url":"https:\/\/www.verdieditions.com\/equilibre-de-vie\/wp-content\/uploads\/2020\/04\/fantastiques-pouvoirs-magie-sorcellerie-Bessiere.jpg","type":"image\/jpeg"}],"twitter_card":"summary_large_image","schema":{"@context":"https:\/\/schema.org","@graph":[{"@type":"WebPage","@id":"https:\/\/www.verdieditions.com\/equilibre-de-vie\/produit\/fantastiques-pouvoirs-magie-sorcellerie-bessiere\/","url":"https:\/\/www.verdieditions.com\/equilibre-de-vie\/produit\/fantastiques-pouvoirs-magie-sorcellerie-bessiere\/","name":"Les fantastiques pouvoirs de la Magie & Sorcellerie - Richard BESSI\u00c8RE - Equilibre de Vie","isPartOf":{"@id":"https:\/\/www.verdieditions.com\/equilibre-de-vie\/#website"},"primaryImageOfPage":{"@id":"https:\/\/www.verdieditions.com\/equilibre-de-vie\/produit\/fantastiques-pouvoirs-magie-sorcellerie-bessiere\/#primaryimage"},"image":{"@id":"https:\/\/www.verdieditions.com\/equilibre-de-vie\/produit\/fantastiques-pouvoirs-magie-sorcellerie-bessiere\/#primaryimage"},"thumbnailUrl":"https:\/\/www.verdieditions.com\/equilibre-de-vie\/wp-content\/uploads\/2020\/04\/fantastiques-pouvoirs-magie-sorcellerie-Bessiere.jpg","datePublished":"2020-04-23T08:25:30+00:00","dateModified":"2025-04-13T16:50:58+00:00","description":"Auteur : Richard BESSI\u00c8RE Titre : Les fantastiques pouvoirs de la Magie & Sorcellerie, les pouvoirs du sorcier, le mauvais oeil, envo\u00fbtements et d\u00e9senvo\u00fbtements, les cercles magiques \u2013 Nouvelle \u00e9tude sur les sciences interdites, comment devenir magicien ou sorcier \u00c9diteur : Centrale de Presse et d\u2019Edition, 1986, collection Histoire d\u2019hier et d\u2019aujourd\u2019hui Dim. 15,5 x 21,5 122 pages","breadcrumb":{"@id":"https:\/\/www.verdieditions.com\/equilibre-de-vie\/produit\/fantastiques-pouvoirs-magie-sorcellerie-bessiere\/#breadcrumb"},"inLanguage":"fr-FR","potentialAction":[{"@type":"ReadAction","target":["https:\/\/www.verdieditions.com\/equilibre-de-vie\/produit\/fantastiques-pouvoirs-magie-sorcellerie-bessiere\/"]}]},{"@type":"ImageObject","inLanguage":"fr-FR","@id":"https:\/\/www.verdieditions.com\/equilibre-de-vie\/produit\/fantastiques-pouvoirs-magie-sorcellerie-bessiere\/#primaryimage","url":"https:\/\/www.verdieditions.com\/equilibre-de-vie\/wp-content\/uploads\/2020\/04\/fantastiques-pouvoirs-magie-sorcellerie-Bessiere.jpg","contentUrl":"https:\/\/www.verdieditions.com\/equilibre-de-vie\/wp-content\/uploads\/2020\/04\/fantastiques-pouvoirs-magie-sorcellerie-Bessiere.jpg","width":885,"height":1186,"caption":"fantastiques-pouvoirs-magie-sorcellerie-Bessiere"},{"@type":"BreadcrumbList","@id":"https:\/\/www.verdieditions.com\/equilibre-de-vie\/produit\/fantastiques-pouvoirs-magie-sorcellerie-bessiere\/#breadcrumb","itemListElement":[{"@type":"ListItem","position":1,"name":"Accueil","item":"https:\/\/www.verdieditions.com\/equilibre-de-vie\/"},{"@type":"ListItem","position":2,"name":"La boutique","item":"https:\/\/www.verdieditions.com\/equilibre-de-vie\/boutique\/"},{"@type":"ListItem","position":3,"name":"Les fantastiques pouvoirs de la Magie &#038; Sorcellerie &#8211; Richard BESSI\u00c8RE"}]},{"@type":"WebSite","@id":"https:\/\/www.verdieditions.com\/equilibre-de-vie\/#website","url":"https:\/\/www.verdieditions.com\/equilibre-de-vie\/","name":"Equilibre de Vie","description":"Ma boutique livres sant\u00e9, \u00e9sot\u00e9risme et d\u00e9veloppement personnel","publisher":{"@id":"https:\/\/www.verdieditions.com\/equilibre-de-vie\/#\/schema\/person\/9dcb2a6759f2f5fbf43ac0b44649cecb"},"potentialAction":[{"@type":"SearchAction","target":{"@type":"EntryPoint","urlTemplate":"https:\/\/www.verdieditions.com\/equilibre-de-vie\/?s={search_term_string}"},"query-input":{"@type":"PropertyValueSpecification","valueRequired":true,"valueName":"search_term_string"}}],"inLanguage":"fr-FR"},{"@type":["Person","Organization"],"@id":"https:\/\/www.verdieditions.com\/equilibre-de-vie\/#\/schema\/person\/9dcb2a6759f2f5fbf43ac0b44649cecb","name":"Sylvie VERDI","image":{"@type":"ImageObject","inLanguage":"fr-FR","@id":"https:\/\/www.verdieditions.com\/equilibre-de-vie\/wp-content\/uploads\/2020\/04\/livres-occasion-sante-esoterisme-developpement-personnel-2.jpg","url":"https:\/\/www.verdieditions.com\/equilibre-de-vie\/wp-content\/uploads\/2020\/04\/livres-occasion-sante-esoterisme-developpement-personnel-2.jpg","contentUrl":"https:\/\/www.verdieditions.com\/equilibre-de-vie\/wp-content\/uploads\/2020\/04\/livres-occasion-sante-esoterisme-developpement-personnel-2.jpg","width":800,"height":572,"caption":"Sylvie VERDI"},"logo":{"@id":"https:\/\/www.verdieditions.com\/equilibre-de-vie\/wp-content\/uploads\/2020\/04\/livres-occasion-sante-esoterisme-developpement-personnel-2.jpg"},"sameAs":["https:\/\/www.verdieditions.com\/equilibre-de-vie"]}]}},"_links":{"self":[{"href":"https:\/\/www.verdieditions.com\/equilibre-de-vie\/wp-json\/wp\/v2\/product\/211","targetHints":{"allow":["GET"]}}],"collection":[{"href":"https:\/\/www.verdieditions.com\/equilibre-de-vie\/wp-json\/wp\/v2\/product"}],"about":[{"href":"https:\/\/www.verdieditions.com\/equilibre-de-vie\/wp-json\/wp\/v2\/types\/product"}],"wp:featuredmedia":[{"embeddable":true,"href":"https:\/\/www.verdieditions.com\/equilibre-de-vie\/wp-json\/wp\/v2\/media\/212"}],"wp:attachment":[{"href":"https:\/\/www.verdieditions.com\/equilibre-de-vie\/wp-json\/wp\/v2\/media?parent=211"}],"wp:term":[{"taxonomy":"product_brand","embeddable":true,"href":"https:\/\/www.verdieditions.com\/equilibre-de-vie\/wp-json\/wp\/v2\/product_brand?post=211"},{"taxonomy":"product_cat","embeddable":true,"href":"https:\/\/www.verdieditions.com\/equilibre-de-vie\/wp-json\/wp\/v2\/product_cat?post=211"},{"taxonomy":"product_tag","embeddable":true,"href":"https:\/\/www.verdieditions.com\/equilibre-de-vie\/wp-json\/wp\/v2\/product_tag?post=211"}],"curies":[{"name":"wp","href":"https:\/\/api.w.org\/{rel}","templated":true}]}}