{"id":2079,"date":"2022-08-08T11:36:54","date_gmt":"2022-08-08T09:36:54","guid":{"rendered":"https:\/\/www.verdieditions.com\/equilibre-de-vie\/?post_type=product&#038;p=2079"},"modified":"2023-08-31T09:17:29","modified_gmt":"2023-08-31T07:17:29","slug":"raoult-votre-sante","status":"publish","type":"product","link":"https:\/\/www.verdieditions.com\/equilibre-de-vie\/produit\/raoult-votre-sante\/","title":{"rendered":"Votre sant\u00e9 &#8211; Pr Didier RAOULT"},"content":{"rendered":"<p>Auteur : Pr Didier RAOULT<br \/>\nTitre : Votre sant\u00e9, tous les mensonges qu&rsquo;on vous raconte et comment la science vous aide \u00e0 y voir clair<br \/>\n\u00c9diteur : Michel Lafon, 2015<br \/>\nDim. 15,5 x 23,5<br \/>\n304 pages <\/p>\n<p>Non, les brocolis ne prot\u00e8gent pas du cancer et le lait n&rsquo;\u00e9vite pas l&rsquo;ost\u00e9oporose ! En mati\u00e8re de sant\u00e9, nous sommes bombard\u00e9s de fausses informations. On nous annonce des \u00e9pid\u00e9mies qui n&rsquo;ont pas lieu mais on ne nous alerte pas assez sur les vrais tueurs de notre si\u00e8cle. On nous met en garde contre la cigarette \u00e9lectronique qui ne sera jamais aussi nocive que le tabac, contre des vaccins salvateurs qu&rsquo;on accuse \u00e0 tort de mille maux, contre les antibiotiques dont il ne faut certes pas abuser mais qui sont indispensables quand une grippe perdure au-del\u00e0 de trois jours, par exemple. Les lobbys pharmaceutiques nous conseillent de nouveaux m\u00e9dicaments dont le seul m\u00e9rite est d&rsquo;\u00eatre plus chers que les anciens, et les cha\u00eenes alimentaires font une pub d&rsquo;enfer pour leurs \u00a0\u00bb alicaments \u00a0\u00bb dont les bienfaits restent \u00e0 prouver, quand ils ne se r\u00e9v\u00e8lent pas dangereux.<\/p>\n","protected":false},"excerpt":{"rendered":"<p>Auteur : Pr Didier RAOULT<br \/>\nTitre : Votre sant\u00e9, tous les mensonges qu&rsquo;on vous raconte et comment la science vous aide \u00e0 y voir clair<br \/>\n\u00c9diteur : Michel Lafon, 2015<br \/>\nDim. 15,5 x 23,5<br \/>\n304 pages<\/p>\n","protected":false},"featured_media":2081,"template":"","meta":[],"product_brand":[],"product_cat":[21],"product_tag":[147],"class_list":{"0":"post-2079","1":"product","2":"type-product","3":"status-publish","4":"has-post-thumbnail","6":"product_cat-sante","7":"product_tag-science","9":"first","10":"outofstock","11":"shipping-taxable","12":"product-type-simple"},"yoast_head":"<!-- This site is optimized with the Yoast SEO plugin v27.4 - https:\/\/yoast.com\/product\/yoast-seo-wordpress\/ -->\n<title>Votre sant\u00e9 - Pr Didier RAOULT - Equilibre de Vie<\/title>\n<meta name=\"description\" content=\"Pr Didier RAOULT - Votre sant\u00e9, tous les mensonges qu&#039;on vous raconte et comment la science vous aide \u00e0 y voir clair \u00c9d. Lafon, 2015 Dim. 15,5 x 23,5 304 p\" \/>\n<meta name=\"robots\" content=\"index, follow, max-snippet:-1, max-image-preview:large, max-video-preview:-1\" \/>\n<link rel=\"canonical\" href=\"https:\/\/www.verdieditions.com\/equilibre-de-vie\/produit\/raoult-votre-sante\/\" \/>\n<meta property=\"og:locale\" content=\"fr_FR\" \/>\n<meta property=\"og:type\" content=\"article\" \/>\n<meta property=\"og:title\" content=\"Votre sant\u00e9 - Pr Didier RAOULT - Equilibre de Vie\" \/>\n<meta property=\"og:description\" content=\"Pr Didier RAOULT - Votre sant\u00e9, tous les mensonges qu&#039;on vous raconte et comment la science vous aide \u00e0 y voir clair \u00c9d. Lafon, 2015 Dim. 15,5 x 23,5 304 p\" \/>\n<meta property=\"og:url\" content=\"https:\/\/www.verdieditions.com\/equilibre-de-vie\/produit\/raoult-votre-sante\/\" \/>\n<meta property=\"og:site_name\" content=\"Equilibre de Vie\" \/>\n<meta property=\"article:modified_time\" content=\"2023-08-31T07:17:29+00:00\" \/>\n<meta property=\"og:image\" content=\"https:\/\/www.verdieditions.com\/equilibre-de-vie\/wp-content\/uploads\/2022\/08\/raoult-votre-sante.jpg\" \/>\n\t<meta property=\"og:image:width\" content=\"526\" \/>\n\t<meta property=\"og:image:height\" content=\"800\" \/>\n\t<meta property=\"og:image:type\" content=\"image\/jpeg\" \/>\n<meta name=\"twitter:card\" content=\"summary_large_image\" \/>\n<meta name=\"twitter:label1\" content=\"Dur\u00e9e de lecture estim\u00e9e\" \/>\n\t<meta name=\"twitter:data1\" content=\"2 minutes\" \/>\n<script type=\"application\/ld+json\" class=\"yoast-schema-graph\">{\"@context\":\"https:\\\/\\\/schema.org\",\"@graph\":[{\"@type\":\"WebPage\",\"@id\":\"https:\\\/\\\/www.verdieditions.com\\\/equilibre-de-vie\\\/produit\\\/raoult-votre-sante\\\/\",\"url\":\"https:\\\/\\\/www.verdieditions.com\\\/equilibre-de-vie\\\/produit\\\/raoult-votre-sante\\\/\",\"name\":\"Votre sant\u00e9 - Pr Didier RAOULT - Equilibre de Vie\",\"isPartOf\":{\"@id\":\"https:\\\/\\\/www.verdieditions.com\\\/equilibre-de-vie\\\/#website\"},\"primaryImageOfPage\":{\"@id\":\"https:\\\/\\\/www.verdieditions.com\\\/equilibre-de-vie\\\/produit\\\/raoult-votre-sante\\\/#primaryimage\"},\"image\":{\"@id\":\"https:\\\/\\\/www.verdieditions.com\\\/equilibre-de-vie\\\/produit\\\/raoult-votre-sante\\\/#primaryimage\"},\"thumbnailUrl\":\"https:\\\/\\\/www.verdieditions.com\\\/equilibre-de-vie\\\/wp-content\\\/uploads\\\/2022\\\/08\\\/raoult-votre-sante.jpg\",\"datePublished\":\"2022-08-08T09:36:54+00:00\",\"dateModified\":\"2023-08-31T07:17:29+00:00\",\"description\":\"Pr Didier RAOULT - Votre sant\u00e9, tous les mensonges qu'on vous raconte et comment la science vous aide \u00e0 y voir clair \u00c9d. Lafon, 2015 Dim. 15,5 x 23,5 304 p\",\"breadcrumb\":{\"@id\":\"https:\\\/\\\/www.verdieditions.com\\\/equilibre-de-vie\\\/produit\\\/raoult-votre-sante\\\/#breadcrumb\"},\"inLanguage\":\"fr-FR\",\"potentialAction\":[{\"@type\":\"ReadAction\",\"target\":[\"https:\\\/\\\/www.verdieditions.com\\\/equilibre-de-vie\\\/produit\\\/raoult-votre-sante\\\/\"]}]},{\"@type\":\"ImageObject\",\"inLanguage\":\"fr-FR\",\"@id\":\"https:\\\/\\\/www.verdieditions.com\\\/equilibre-de-vie\\\/produit\\\/raoult-votre-sante\\\/#primaryimage\",\"url\":\"https:\\\/\\\/www.verdieditions.com\\\/equilibre-de-vie\\\/wp-content\\\/uploads\\\/2022\\\/08\\\/raoult-votre-sante.jpg\",\"contentUrl\":\"https:\\\/\\\/www.verdieditions.com\\\/equilibre-de-vie\\\/wp-content\\\/uploads\\\/2022\\\/08\\\/raoult-votre-sante.jpg\",\"width\":526,\"height\":800,\"caption\":\"raoult-votre-sante\"},{\"@type\":\"BreadcrumbList\",\"@id\":\"https:\\\/\\\/www.verdieditions.com\\\/equilibre-de-vie\\\/produit\\\/raoult-votre-sante\\\/#breadcrumb\",\"itemListElement\":[{\"@type\":\"ListItem\",\"position\":1,\"name\":\"Accueil\",\"item\":\"https:\\\/\\\/www.verdieditions.com\\\/equilibre-de-vie\\\/\"},{\"@type\":\"ListItem\",\"position\":2,\"name\":\"La boutique\",\"item\":\"https:\\\/\\\/www.verdieditions.com\\\/equilibre-de-vie\\\/boutique\\\/\"},{\"@type\":\"ListItem\",\"position\":3,\"name\":\"Votre sant\u00e9 &#8211; Pr Didier RAOULT\"}]},{\"@type\":\"WebSite\",\"@id\":\"https:\\\/\\\/www.verdieditions.com\\\/equilibre-de-vie\\\/#website\",\"url\":\"https:\\\/\\\/www.verdieditions.com\\\/equilibre-de-vie\\\/\",\"name\":\"Equilibre de Vie\",\"description\":\"Ma boutique livres sant\u00e9, \u00e9sot\u00e9risme et d\u00e9veloppement personnel\",\"publisher\":{\"@id\":\"https:\\\/\\\/www.verdieditions.com\\\/equilibre-de-vie\\\/#\\\/schema\\\/person\\\/9dcb2a6759f2f5fbf43ac0b44649cecb\"},\"potentialAction\":[{\"@type\":\"SearchAction\",\"target\":{\"@type\":\"EntryPoint\",\"urlTemplate\":\"https:\\\/\\\/www.verdieditions.com\\\/equilibre-de-vie\\\/?s={search_term_string}\"},\"query-input\":{\"@type\":\"PropertyValueSpecification\",\"valueRequired\":true,\"valueName\":\"search_term_string\"}}],\"inLanguage\":\"fr-FR\"},{\"@type\":[\"Person\",\"Organization\"],\"@id\":\"https:\\\/\\\/www.verdieditions.com\\\/equilibre-de-vie\\\/#\\\/schema\\\/person\\\/9dcb2a6759f2f5fbf43ac0b44649cecb\",\"name\":\"Sylvie VERDI\",\"image\":{\"@type\":\"ImageObject\",\"inLanguage\":\"fr-FR\",\"@id\":\"https:\\\/\\\/www.verdieditions.com\\\/equilibre-de-vie\\\/wp-content\\\/uploads\\\/2020\\\/04\\\/livres-occasion-sante-esoterisme-developpement-personnel-2.jpg\",\"url\":\"https:\\\/\\\/www.verdieditions.com\\\/equilibre-de-vie\\\/wp-content\\\/uploads\\\/2020\\\/04\\\/livres-occasion-sante-esoterisme-developpement-personnel-2.jpg\",\"contentUrl\":\"https:\\\/\\\/www.verdieditions.com\\\/equilibre-de-vie\\\/wp-content\\\/uploads\\\/2020\\\/04\\\/livres-occasion-sante-esoterisme-developpement-personnel-2.jpg\",\"width\":800,\"height\":572,\"caption\":\"Sylvie VERDI\"},\"logo\":{\"@id\":\"https:\\\/\\\/www.verdieditions.com\\\/equilibre-de-vie\\\/wp-content\\\/uploads\\\/2020\\\/04\\\/livres-occasion-sante-esoterisme-developpement-personnel-2.jpg\"},\"sameAs\":[\"https:\\\/\\\/www.verdieditions.com\\\/equilibre-de-vie\"]}]}<\/script>\n<!-- \/ Yoast SEO plugin. -->","yoast_head_json":{"title":"Votre sant\u00e9 - Pr Didier RAOULT - Equilibre de Vie","description":"Pr Didier RAOULT - Votre sant\u00e9, tous les mensonges qu'on vous raconte et comment la science vous aide \u00e0 y voir clair \u00c9d. Lafon, 2015 Dim. 15,5 x 23,5 304 p","robots":{"index":"index","follow":"follow","max-snippet":"max-snippet:-1","max-image-preview":"max-image-preview:large","max-video-preview":"max-video-preview:-1"},"canonical":"https:\/\/www.verdieditions.com\/equilibre-de-vie\/produit\/raoult-votre-sante\/","og_locale":"fr_FR","og_type":"article","og_title":"Votre sant\u00e9 - Pr Didier RAOULT - Equilibre de Vie","og_description":"Pr Didier RAOULT - Votre sant\u00e9, tous les mensonges qu'on vous raconte et comment la science vous aide \u00e0 y voir clair \u00c9d. Lafon, 2015 Dim. 15,5 x 23,5 304 p","og_url":"https:\/\/www.verdieditions.com\/equilibre-de-vie\/produit\/raoult-votre-sante\/","og_site_name":"Equilibre de Vie","article_modified_time":"2023-08-31T07:17:29+00:00","og_image":[{"width":526,"height":800,"url":"https:\/\/www.verdieditions.com\/equilibre-de-vie\/wp-content\/uploads\/2022\/08\/raoult-votre-sante.jpg","type":"image\/jpeg"}],"twitter_card":"summary_large_image","twitter_misc":{"Dur\u00e9e de lecture estim\u00e9e":"2 minutes"},"schema":{"@context":"https:\/\/schema.org","@graph":[{"@type":"WebPage","@id":"https:\/\/www.verdieditions.com\/equilibre-de-vie\/produit\/raoult-votre-sante\/","url":"https:\/\/www.verdieditions.com\/equilibre-de-vie\/produit\/raoult-votre-sante\/","name":"Votre sant\u00e9 - Pr Didier RAOULT - Equilibre de Vie","isPartOf":{"@id":"https:\/\/www.verdieditions.com\/equilibre-de-vie\/#website"},"primaryImageOfPage":{"@id":"https:\/\/www.verdieditions.com\/equilibre-de-vie\/produit\/raoult-votre-sante\/#primaryimage"},"image":{"@id":"https:\/\/www.verdieditions.com\/equilibre-de-vie\/produit\/raoult-votre-sante\/#primaryimage"},"thumbnailUrl":"https:\/\/www.verdieditions.com\/equilibre-de-vie\/wp-content\/uploads\/2022\/08\/raoult-votre-sante.jpg","datePublished":"2022-08-08T09:36:54+00:00","dateModified":"2023-08-31T07:17:29+00:00","description":"Pr Didier RAOULT - Votre sant\u00e9, tous les mensonges qu'on vous raconte et comment la science vous aide \u00e0 y voir clair \u00c9d. Lafon, 2015 Dim. 15,5 x 23,5 304 p","breadcrumb":{"@id":"https:\/\/www.verdieditions.com\/equilibre-de-vie\/produit\/raoult-votre-sante\/#breadcrumb"},"inLanguage":"fr-FR","potentialAction":[{"@type":"ReadAction","target":["https:\/\/www.verdieditions.com\/equilibre-de-vie\/produit\/raoult-votre-sante\/"]}]},{"@type":"ImageObject","inLanguage":"fr-FR","@id":"https:\/\/www.verdieditions.com\/equilibre-de-vie\/produit\/raoult-votre-sante\/#primaryimage","url":"https:\/\/www.verdieditions.com\/equilibre-de-vie\/wp-content\/uploads\/2022\/08\/raoult-votre-sante.jpg","contentUrl":"https:\/\/www.verdieditions.com\/equilibre-de-vie\/wp-content\/uploads\/2022\/08\/raoult-votre-sante.jpg","width":526,"height":800,"caption":"raoult-votre-sante"},{"@type":"BreadcrumbList","@id":"https:\/\/www.verdieditions.com\/equilibre-de-vie\/produit\/raoult-votre-sante\/#breadcrumb","itemListElement":[{"@type":"ListItem","position":1,"name":"Accueil","item":"https:\/\/www.verdieditions.com\/equilibre-de-vie\/"},{"@type":"ListItem","position":2,"name":"La boutique","item":"https:\/\/www.verdieditions.com\/equilibre-de-vie\/boutique\/"},{"@type":"ListItem","position":3,"name":"Votre sant\u00e9 &#8211; Pr Didier RAOULT"}]},{"@type":"WebSite","@id":"https:\/\/www.verdieditions.com\/equilibre-de-vie\/#website","url":"https:\/\/www.verdieditions.com\/equilibre-de-vie\/","name":"Equilibre de Vie","description":"Ma boutique livres sant\u00e9, \u00e9sot\u00e9risme et d\u00e9veloppement personnel","publisher":{"@id":"https:\/\/www.verdieditions.com\/equilibre-de-vie\/#\/schema\/person\/9dcb2a6759f2f5fbf43ac0b44649cecb"},"potentialAction":[{"@type":"SearchAction","target":{"@type":"EntryPoint","urlTemplate":"https:\/\/www.verdieditions.com\/equilibre-de-vie\/?s={search_term_string}"},"query-input":{"@type":"PropertyValueSpecification","valueRequired":true,"valueName":"search_term_string"}}],"inLanguage":"fr-FR"},{"@type":["Person","Organization"],"@id":"https:\/\/www.verdieditions.com\/equilibre-de-vie\/#\/schema\/person\/9dcb2a6759f2f5fbf43ac0b44649cecb","name":"Sylvie VERDI","image":{"@type":"ImageObject","inLanguage":"fr-FR","@id":"https:\/\/www.verdieditions.com\/equilibre-de-vie\/wp-content\/uploads\/2020\/04\/livres-occasion-sante-esoterisme-developpement-personnel-2.jpg","url":"https:\/\/www.verdieditions.com\/equilibre-de-vie\/wp-content\/uploads\/2020\/04\/livres-occasion-sante-esoterisme-developpement-personnel-2.jpg","contentUrl":"https:\/\/www.verdieditions.com\/equilibre-de-vie\/wp-content\/uploads\/2020\/04\/livres-occasion-sante-esoterisme-developpement-personnel-2.jpg","width":800,"height":572,"caption":"Sylvie VERDI"},"logo":{"@id":"https:\/\/www.verdieditions.com\/equilibre-de-vie\/wp-content\/uploads\/2020\/04\/livres-occasion-sante-esoterisme-developpement-personnel-2.jpg"},"sameAs":["https:\/\/www.verdieditions.com\/equilibre-de-vie"]}]}},"_links":{"self":[{"href":"https:\/\/www.verdieditions.com\/equilibre-de-vie\/wp-json\/wp\/v2\/product\/2079","targetHints":{"allow":["GET"]}}],"collection":[{"href":"https:\/\/www.verdieditions.com\/equilibre-de-vie\/wp-json\/wp\/v2\/product"}],"about":[{"href":"https:\/\/www.verdieditions.com\/equilibre-de-vie\/wp-json\/wp\/v2\/types\/product"}],"wp:featuredmedia":[{"embeddable":true,"href":"https:\/\/www.verdieditions.com\/equilibre-de-vie\/wp-json\/wp\/v2\/media\/2081"}],"wp:attachment":[{"href":"https:\/\/www.verdieditions.com\/equilibre-de-vie\/wp-json\/wp\/v2\/media?parent=2079"}],"wp:term":[{"taxonomy":"product_brand","embeddable":true,"href":"https:\/\/www.verdieditions.com\/equilibre-de-vie\/wp-json\/wp\/v2\/product_brand?post=2079"},{"taxonomy":"product_cat","embeddable":true,"href":"https:\/\/www.verdieditions.com\/equilibre-de-vie\/wp-json\/wp\/v2\/product_cat?post=2079"},{"taxonomy":"product_tag","embeddable":true,"href":"https:\/\/www.verdieditions.com\/equilibre-de-vie\/wp-json\/wp\/v2\/product_tag?post=2079"}],"curies":[{"name":"wp","href":"https:\/\/api.w.org\/{rel}","templated":true}]}}