{"id":206,"date":"2020-04-23T10:06:07","date_gmt":"2020-04-23T08:06:07","guid":{"rendered":"https:\/\/www.verdieditions.com\/equilibre-de-vie\/?post_type=product&#038;p=206"},"modified":"2022-03-18T19:34:53","modified_gmt":"2022-03-18T18:34:53","slug":"reincarnation-survie-ames-pietri","status":"publish","type":"product","link":"https:\/\/www.verdieditions.com\/equilibre-de-vie\/produit\/reincarnation-survie-ames-pietri\/","title":{"rendered":"R\u00e9incarnation et survie des \u00e2mes &#8211; J\u00e9r\u00f4me PI\u00c9TRI"},"content":{"rendered":"<p>Auteur : J\u00e9r\u00f4me PI\u00c9TRI<br \/>\nTitre : R\u00e9incarnation et survie des \u00e2mes, myst\u00e8res et traditions de l&rsquo;au-del\u00e0<br \/>\n\u00c9diteur : Dangles, 1979, collection horizons \u00e9sot\u00e9riques<br \/>\n\u00c9dition originale<br \/>\nDim. 15 x 21<br \/>\n302 pages<\/p>\n<p>Il est sans doute extraordinaire de na\u00eetre ; il n\u2019est pas moins \u00e9tonnant de mourir. L\u2019homme, depuis toujours, s\u2019interroge sur ces deux p\u00f4les de l\u2019existence, car ce qui a commenc\u00e9 ne devrait pas finir. Si nous pouvions admettre que l\u2019homme a la possibilit\u00e9 de se r\u00e9incarner, de vivre de nouvelles exp\u00e9riences, nous pouvons alors mieux expliquer certains actes de notre vie, mieux comprendre \u2014 et admettre \u2014 les in\u00e9galit\u00e9s entre les \u00eatres d\u00e8s leur naissance, les \u00e9preuves que nous subissons et nombre de faits qui jusqu\u2019alors nous choquaient. Tous les peuples, en chaque \u00e9poque, ont pos\u00e9 le probl\u00e8me de la mort, et lui ont donn\u00e9 une r\u00e9ponse momentan\u00e9e car, en r\u00e9alit\u00e9, nous restons dans l\u2019incertitude de ce qui se passe dans l\u2019au-del\u00e0. Aussi est-il int\u00e9ressant de conna\u00eetre les opinions des divers grands penseurs sur ce myst\u00e8re supr\u00eame. J\u00e9r\u00f4me Pi\u00e9tri a \u00e9tabli une vaste synth\u00e8se de ces croyances. Cet ouvrage d\u00e9montre que des hommes, sous des latitudes et en des temps tr\u00e8s diff\u00e9rents, ont eu la m\u00eame pens\u00e9e : notre vie terrestre n\u2019est qu\u2019un passage ; il faut revenir sur terre pour effectuer de nouvelles t\u00e2ches, subir de nouvelles \u00e9preuves et acc\u00e9der ainsi \u00e0 une spiritualit\u00e9 parfaite. L\u2019auteur apporte ainsi d\u2019innombrables t\u00e9moignages, mais cite \u00e9galement les textes hostiles \u00e0 la th\u00e8se de la r\u00e9incarnation en montrant leurs lacunes. Ce livre pr\u00e9cis montre parfaitement cette loi de redistribution des m\u00e9rites, les infinies possibilit\u00e9s de l\u2019homme qui, allant de d\u00e9cantation en d\u00e9cantation, parvient \u00e0 l\u2019ultime lib\u00e9ration. Un grand livre de la sagesse et de nos lois essentielles dans un monde inconnu.<\/p>\n","protected":false},"excerpt":{"rendered":"<p>Auteur : J\u00e9r\u00f4me PI\u00c9TRI<br \/>\nTitre : R\u00e9incarnation et survie des \u00e2mes, myst\u00e8res et traditions de l&rsquo;au-del\u00e0<br \/>\n\u00c9diteur : Dangles, 1979, collection horizons \u00e9sot\u00e9riques<br \/>\n\u00c9dition originale<br \/>\nDim. 15 x 21<br \/>\n302 pages<\/p>\n","protected":false},"featured_media":207,"template":"","meta":[],"product_brand":[],"product_cat":[23],"product_tag":[29,85,138,172],"class_list":{"0":"post-206","1":"product","2":"type-product","3":"status-publish","4":"has-post-thumbnail","6":"product_cat-esoterisme","7":"product_tag-ame","8":"product_tag-karma","9":"product_tag-reincarnation","10":"product_tag-vie-anterieure","12":"first","13":"outofstock","14":"shipping-taxable","15":"product-type-simple"},"yoast_head":"<!-- This site is optimized with the Yoast SEO plugin v27.4 - https:\/\/yoast.com\/product\/yoast-seo-wordpress\/ -->\n<title>R\u00e9incarnation et survie des \u00e2mes - J\u00e9r\u00f4me PI\u00c9TRI - Equilibre de Vie<\/title>\n<meta name=\"description\" content=\"Auteur : J\u00e9r\u00f4me PI\u00c9TRI Titre : R\u00e9incarnation et survie des \u00e2mes, myst\u00e8res et traditions de l\u2019au-del\u00e0 \u00c9diteur : Dangles, 1979, collection horizons \u00e9sot\u00e9riques \u00c9dition originale Dim. 15 x 21 302 pages\" \/>\n<meta name=\"robots\" content=\"index, follow, max-snippet:-1, max-image-preview:large, max-video-preview:-1\" \/>\n<link rel=\"canonical\" href=\"https:\/\/www.verdieditions.com\/equilibre-de-vie\/produit\/reincarnation-survie-ames-pietri\/\" \/>\n<meta property=\"og:locale\" content=\"fr_FR\" \/>\n<meta property=\"og:type\" content=\"article\" \/>\n<meta property=\"og:title\" content=\"R\u00e9incarnation et survie des \u00e2mes - J\u00e9r\u00f4me PI\u00c9TRI - Equilibre de Vie\" \/>\n<meta property=\"og:description\" content=\"Auteur : J\u00e9r\u00f4me PI\u00c9TRI Titre : R\u00e9incarnation et survie des \u00e2mes, myst\u00e8res et traditions de l\u2019au-del\u00e0 \u00c9diteur : Dangles, 1979, collection horizons \u00e9sot\u00e9riques \u00c9dition originale Dim. 15 x 21 302 pages\" \/>\n<meta property=\"og:url\" content=\"https:\/\/www.verdieditions.com\/equilibre-de-vie\/produit\/reincarnation-survie-ames-pietri\/\" \/>\n<meta property=\"og:site_name\" content=\"Equilibre de Vie\" \/>\n<meta property=\"article:modified_time\" content=\"2022-03-18T18:34:53+00:00\" \/>\n<meta property=\"og:image\" content=\"https:\/\/www.verdieditions.com\/equilibre-de-vie\/wp-content\/uploads\/2020\/04\/reincarnation-survie-ames-mysteres-Pietri.jpg\" \/>\n\t<meta property=\"og:image:width\" content=\"869\" \/>\n\t<meta property=\"og:image:height\" content=\"1142\" \/>\n\t<meta property=\"og:image:type\" content=\"image\/jpeg\" \/>\n<meta name=\"twitter:card\" content=\"summary_large_image\" \/>\n<meta name=\"twitter:label1\" content=\"Dur\u00e9e de lecture estim\u00e9e\" \/>\n\t<meta name=\"twitter:data1\" content=\"2 minutes\" \/>\n<script type=\"application\/ld+json\" class=\"yoast-schema-graph\">{\"@context\":\"https:\\\/\\\/schema.org\",\"@graph\":[{\"@type\":\"WebPage\",\"@id\":\"https:\\\/\\\/www.verdieditions.com\\\/equilibre-de-vie\\\/produit\\\/reincarnation-survie-ames-pietri\\\/\",\"url\":\"https:\\\/\\\/www.verdieditions.com\\\/equilibre-de-vie\\\/produit\\\/reincarnation-survie-ames-pietri\\\/\",\"name\":\"R\u00e9incarnation et survie des \u00e2mes - J\u00e9r\u00f4me PI\u00c9TRI - Equilibre de Vie\",\"isPartOf\":{\"@id\":\"https:\\\/\\\/www.verdieditions.com\\\/equilibre-de-vie\\\/#website\"},\"primaryImageOfPage\":{\"@id\":\"https:\\\/\\\/www.verdieditions.com\\\/equilibre-de-vie\\\/produit\\\/reincarnation-survie-ames-pietri\\\/#primaryimage\"},\"image\":{\"@id\":\"https:\\\/\\\/www.verdieditions.com\\\/equilibre-de-vie\\\/produit\\\/reincarnation-survie-ames-pietri\\\/#primaryimage\"},\"thumbnailUrl\":\"https:\\\/\\\/www.verdieditions.com\\\/equilibre-de-vie\\\/wp-content\\\/uploads\\\/2020\\\/04\\\/reincarnation-survie-ames-mysteres-Pietri.jpg\",\"datePublished\":\"2020-04-23T08:06:07+00:00\",\"dateModified\":\"2022-03-18T18:34:53+00:00\",\"description\":\"Auteur : J\u00e9r\u00f4me PI\u00c9TRI Titre : R\u00e9incarnation et survie des \u00e2mes, myst\u00e8res et traditions de l\u2019au-del\u00e0 \u00c9diteur : Dangles, 1979, collection horizons \u00e9sot\u00e9riques \u00c9dition originale Dim. 15 x 21 302 pages\",\"breadcrumb\":{\"@id\":\"https:\\\/\\\/www.verdieditions.com\\\/equilibre-de-vie\\\/produit\\\/reincarnation-survie-ames-pietri\\\/#breadcrumb\"},\"inLanguage\":\"fr-FR\",\"potentialAction\":[{\"@type\":\"ReadAction\",\"target\":[\"https:\\\/\\\/www.verdieditions.com\\\/equilibre-de-vie\\\/produit\\\/reincarnation-survie-ames-pietri\\\/\"]}]},{\"@type\":\"ImageObject\",\"inLanguage\":\"fr-FR\",\"@id\":\"https:\\\/\\\/www.verdieditions.com\\\/equilibre-de-vie\\\/produit\\\/reincarnation-survie-ames-pietri\\\/#primaryimage\",\"url\":\"https:\\\/\\\/www.verdieditions.com\\\/equilibre-de-vie\\\/wp-content\\\/uploads\\\/2020\\\/04\\\/reincarnation-survie-ames-mysteres-Pietri.jpg\",\"contentUrl\":\"https:\\\/\\\/www.verdieditions.com\\\/equilibre-de-vie\\\/wp-content\\\/uploads\\\/2020\\\/04\\\/reincarnation-survie-ames-mysteres-Pietri.jpg\",\"width\":869,\"height\":1142,\"caption\":\"reincarnation-survie-ames-mysteres-Pietri\"},{\"@type\":\"BreadcrumbList\",\"@id\":\"https:\\\/\\\/www.verdieditions.com\\\/equilibre-de-vie\\\/produit\\\/reincarnation-survie-ames-pietri\\\/#breadcrumb\",\"itemListElement\":[{\"@type\":\"ListItem\",\"position\":1,\"name\":\"Accueil\",\"item\":\"https:\\\/\\\/www.verdieditions.com\\\/equilibre-de-vie\\\/\"},{\"@type\":\"ListItem\",\"position\":2,\"name\":\"La boutique\",\"item\":\"https:\\\/\\\/www.verdieditions.com\\\/equilibre-de-vie\\\/boutique\\\/\"},{\"@type\":\"ListItem\",\"position\":3,\"name\":\"R\u00e9incarnation et survie des \u00e2mes &#8211; J\u00e9r\u00f4me PI\u00c9TRI\"}]},{\"@type\":\"WebSite\",\"@id\":\"https:\\\/\\\/www.verdieditions.com\\\/equilibre-de-vie\\\/#website\",\"url\":\"https:\\\/\\\/www.verdieditions.com\\\/equilibre-de-vie\\\/\",\"name\":\"Equilibre de Vie\",\"description\":\"Ma boutique livres sant\u00e9, \u00e9sot\u00e9risme et d\u00e9veloppement personnel\",\"publisher\":{\"@id\":\"https:\\\/\\\/www.verdieditions.com\\\/equilibre-de-vie\\\/#\\\/schema\\\/person\\\/9dcb2a6759f2f5fbf43ac0b44649cecb\"},\"potentialAction\":[{\"@type\":\"SearchAction\",\"target\":{\"@type\":\"EntryPoint\",\"urlTemplate\":\"https:\\\/\\\/www.verdieditions.com\\\/equilibre-de-vie\\\/?s={search_term_string}\"},\"query-input\":{\"@type\":\"PropertyValueSpecification\",\"valueRequired\":true,\"valueName\":\"search_term_string\"}}],\"inLanguage\":\"fr-FR\"},{\"@type\":[\"Person\",\"Organization\"],\"@id\":\"https:\\\/\\\/www.verdieditions.com\\\/equilibre-de-vie\\\/#\\\/schema\\\/person\\\/9dcb2a6759f2f5fbf43ac0b44649cecb\",\"name\":\"Sylvie VERDI\",\"image\":{\"@type\":\"ImageObject\",\"inLanguage\":\"fr-FR\",\"@id\":\"https:\\\/\\\/www.verdieditions.com\\\/equilibre-de-vie\\\/wp-content\\\/uploads\\\/2020\\\/04\\\/livres-occasion-sante-esoterisme-developpement-personnel-2.jpg\",\"url\":\"https:\\\/\\\/www.verdieditions.com\\\/equilibre-de-vie\\\/wp-content\\\/uploads\\\/2020\\\/04\\\/livres-occasion-sante-esoterisme-developpement-personnel-2.jpg\",\"contentUrl\":\"https:\\\/\\\/www.verdieditions.com\\\/equilibre-de-vie\\\/wp-content\\\/uploads\\\/2020\\\/04\\\/livres-occasion-sante-esoterisme-developpement-personnel-2.jpg\",\"width\":800,\"height\":572,\"caption\":\"Sylvie VERDI\"},\"logo\":{\"@id\":\"https:\\\/\\\/www.verdieditions.com\\\/equilibre-de-vie\\\/wp-content\\\/uploads\\\/2020\\\/04\\\/livres-occasion-sante-esoterisme-developpement-personnel-2.jpg\"},\"sameAs\":[\"https:\\\/\\\/www.verdieditions.com\\\/equilibre-de-vie\"]}]}<\/script>\n<!-- \/ Yoast SEO plugin. -->","yoast_head_json":{"title":"R\u00e9incarnation et survie des \u00e2mes - J\u00e9r\u00f4me PI\u00c9TRI - Equilibre de Vie","description":"Auteur : J\u00e9r\u00f4me PI\u00c9TRI Titre : R\u00e9incarnation et survie des \u00e2mes, myst\u00e8res et traditions de l\u2019au-del\u00e0 \u00c9diteur : Dangles, 1979, collection horizons \u00e9sot\u00e9riques \u00c9dition originale Dim. 15 x 21 302 pages","robots":{"index":"index","follow":"follow","max-snippet":"max-snippet:-1","max-image-preview":"max-image-preview:large","max-video-preview":"max-video-preview:-1"},"canonical":"https:\/\/www.verdieditions.com\/equilibre-de-vie\/produit\/reincarnation-survie-ames-pietri\/","og_locale":"fr_FR","og_type":"article","og_title":"R\u00e9incarnation et survie des \u00e2mes - J\u00e9r\u00f4me PI\u00c9TRI - Equilibre de Vie","og_description":"Auteur : J\u00e9r\u00f4me PI\u00c9TRI Titre : R\u00e9incarnation et survie des \u00e2mes, myst\u00e8res et traditions de l\u2019au-del\u00e0 \u00c9diteur : Dangles, 1979, collection horizons \u00e9sot\u00e9riques \u00c9dition originale Dim. 15 x 21 302 pages","og_url":"https:\/\/www.verdieditions.com\/equilibre-de-vie\/produit\/reincarnation-survie-ames-pietri\/","og_site_name":"Equilibre de Vie","article_modified_time":"2022-03-18T18:34:53+00:00","og_image":[{"width":869,"height":1142,"url":"https:\/\/www.verdieditions.com\/equilibre-de-vie\/wp-content\/uploads\/2020\/04\/reincarnation-survie-ames-mysteres-Pietri.jpg","type":"image\/jpeg"}],"twitter_card":"summary_large_image","twitter_misc":{"Dur\u00e9e de lecture estim\u00e9e":"2 minutes"},"schema":{"@context":"https:\/\/schema.org","@graph":[{"@type":"WebPage","@id":"https:\/\/www.verdieditions.com\/equilibre-de-vie\/produit\/reincarnation-survie-ames-pietri\/","url":"https:\/\/www.verdieditions.com\/equilibre-de-vie\/produit\/reincarnation-survie-ames-pietri\/","name":"R\u00e9incarnation et survie des \u00e2mes - J\u00e9r\u00f4me PI\u00c9TRI - Equilibre de Vie","isPartOf":{"@id":"https:\/\/www.verdieditions.com\/equilibre-de-vie\/#website"},"primaryImageOfPage":{"@id":"https:\/\/www.verdieditions.com\/equilibre-de-vie\/produit\/reincarnation-survie-ames-pietri\/#primaryimage"},"image":{"@id":"https:\/\/www.verdieditions.com\/equilibre-de-vie\/produit\/reincarnation-survie-ames-pietri\/#primaryimage"},"thumbnailUrl":"https:\/\/www.verdieditions.com\/equilibre-de-vie\/wp-content\/uploads\/2020\/04\/reincarnation-survie-ames-mysteres-Pietri.jpg","datePublished":"2020-04-23T08:06:07+00:00","dateModified":"2022-03-18T18:34:53+00:00","description":"Auteur : J\u00e9r\u00f4me PI\u00c9TRI Titre : R\u00e9incarnation et survie des \u00e2mes, myst\u00e8res et traditions de l\u2019au-del\u00e0 \u00c9diteur : Dangles, 1979, collection horizons \u00e9sot\u00e9riques \u00c9dition originale Dim. 15 x 21 302 pages","breadcrumb":{"@id":"https:\/\/www.verdieditions.com\/equilibre-de-vie\/produit\/reincarnation-survie-ames-pietri\/#breadcrumb"},"inLanguage":"fr-FR","potentialAction":[{"@type":"ReadAction","target":["https:\/\/www.verdieditions.com\/equilibre-de-vie\/produit\/reincarnation-survie-ames-pietri\/"]}]},{"@type":"ImageObject","inLanguage":"fr-FR","@id":"https:\/\/www.verdieditions.com\/equilibre-de-vie\/produit\/reincarnation-survie-ames-pietri\/#primaryimage","url":"https:\/\/www.verdieditions.com\/equilibre-de-vie\/wp-content\/uploads\/2020\/04\/reincarnation-survie-ames-mysteres-Pietri.jpg","contentUrl":"https:\/\/www.verdieditions.com\/equilibre-de-vie\/wp-content\/uploads\/2020\/04\/reincarnation-survie-ames-mysteres-Pietri.jpg","width":869,"height":1142,"caption":"reincarnation-survie-ames-mysteres-Pietri"},{"@type":"BreadcrumbList","@id":"https:\/\/www.verdieditions.com\/equilibre-de-vie\/produit\/reincarnation-survie-ames-pietri\/#breadcrumb","itemListElement":[{"@type":"ListItem","position":1,"name":"Accueil","item":"https:\/\/www.verdieditions.com\/equilibre-de-vie\/"},{"@type":"ListItem","position":2,"name":"La boutique","item":"https:\/\/www.verdieditions.com\/equilibre-de-vie\/boutique\/"},{"@type":"ListItem","position":3,"name":"R\u00e9incarnation et survie des \u00e2mes &#8211; J\u00e9r\u00f4me PI\u00c9TRI"}]},{"@type":"WebSite","@id":"https:\/\/www.verdieditions.com\/equilibre-de-vie\/#website","url":"https:\/\/www.verdieditions.com\/equilibre-de-vie\/","name":"Equilibre de Vie","description":"Ma boutique livres sant\u00e9, \u00e9sot\u00e9risme et d\u00e9veloppement personnel","publisher":{"@id":"https:\/\/www.verdieditions.com\/equilibre-de-vie\/#\/schema\/person\/9dcb2a6759f2f5fbf43ac0b44649cecb"},"potentialAction":[{"@type":"SearchAction","target":{"@type":"EntryPoint","urlTemplate":"https:\/\/www.verdieditions.com\/equilibre-de-vie\/?s={search_term_string}"},"query-input":{"@type":"PropertyValueSpecification","valueRequired":true,"valueName":"search_term_string"}}],"inLanguage":"fr-FR"},{"@type":["Person","Organization"],"@id":"https:\/\/www.verdieditions.com\/equilibre-de-vie\/#\/schema\/person\/9dcb2a6759f2f5fbf43ac0b44649cecb","name":"Sylvie VERDI","image":{"@type":"ImageObject","inLanguage":"fr-FR","@id":"https:\/\/www.verdieditions.com\/equilibre-de-vie\/wp-content\/uploads\/2020\/04\/livres-occasion-sante-esoterisme-developpement-personnel-2.jpg","url":"https:\/\/www.verdieditions.com\/equilibre-de-vie\/wp-content\/uploads\/2020\/04\/livres-occasion-sante-esoterisme-developpement-personnel-2.jpg","contentUrl":"https:\/\/www.verdieditions.com\/equilibre-de-vie\/wp-content\/uploads\/2020\/04\/livres-occasion-sante-esoterisme-developpement-personnel-2.jpg","width":800,"height":572,"caption":"Sylvie VERDI"},"logo":{"@id":"https:\/\/www.verdieditions.com\/equilibre-de-vie\/wp-content\/uploads\/2020\/04\/livres-occasion-sante-esoterisme-developpement-personnel-2.jpg"},"sameAs":["https:\/\/www.verdieditions.com\/equilibre-de-vie"]}]}},"_links":{"self":[{"href":"https:\/\/www.verdieditions.com\/equilibre-de-vie\/wp-json\/wp\/v2\/product\/206","targetHints":{"allow":["GET"]}}],"collection":[{"href":"https:\/\/www.verdieditions.com\/equilibre-de-vie\/wp-json\/wp\/v2\/product"}],"about":[{"href":"https:\/\/www.verdieditions.com\/equilibre-de-vie\/wp-json\/wp\/v2\/types\/product"}],"wp:featuredmedia":[{"embeddable":true,"href":"https:\/\/www.verdieditions.com\/equilibre-de-vie\/wp-json\/wp\/v2\/media\/207"}],"wp:attachment":[{"href":"https:\/\/www.verdieditions.com\/equilibre-de-vie\/wp-json\/wp\/v2\/media?parent=206"}],"wp:term":[{"taxonomy":"product_brand","embeddable":true,"href":"https:\/\/www.verdieditions.com\/equilibre-de-vie\/wp-json\/wp\/v2\/product_brand?post=206"},{"taxonomy":"product_cat","embeddable":true,"href":"https:\/\/www.verdieditions.com\/equilibre-de-vie\/wp-json\/wp\/v2\/product_cat?post=206"},{"taxonomy":"product_tag","embeddable":true,"href":"https:\/\/www.verdieditions.com\/equilibre-de-vie\/wp-json\/wp\/v2\/product_tag?post=206"}],"curies":[{"name":"wp","href":"https:\/\/api.w.org\/{rel}","templated":true}]}}