{"id":2050,"date":"2022-06-30T14:01:12","date_gmt":"2022-06-30T12:01:12","guid":{"rendered":"https:\/\/www.verdieditions.com\/equilibre-de-vie\/?post_type=product&#038;p=2050"},"modified":"2024-02-07T15:13:18","modified_gmt":"2024-02-07T14:13:18","slug":"conseils-psy-christophe-andre","status":"publish","type":"product","link":"https:\/\/www.verdieditions.com\/equilibre-de-vie\/produit\/conseils-psy-christophe-andre\/","title":{"rendered":"Conseils de psys &#8211; Christophe ANDR\u00c9"},"content":{"rendered":"<p>Auteur : Christophe ANDR\u00c9<br \/>\nTitre : Conseils de psys, ce qu&rsquo;il faut savoir pour vivre mieux<br \/>\n\u00c9diteur : Odile Jacob Psychologie, 2014<br \/>\nDim. 18 x 11<br \/>\nFormat poche, \u00e9tat excellent<br \/>\n570 pages <\/p>\n<p>Comment \u00eatre bien dans sa vie, en amour, en famille, au travail ? Comment vivre en paix avec soi, se sentir bien a deux et s&rsquo;\u00e9panouir avec les autres ? Ce guide informe et donne des conseils sur les questions qui pr\u00e9occupent chacun d&rsquo;entre nous: l&rsquo;estime de soi, les relations avec les autres, l&rsquo;amour, la vie de couple, la sexualit\u00e9, l&rsquo;\u00e9ducation des enfants, l&rsquo;\u00e9panouissement personnel et la r\u00e9ussite professionnelle, les \u00e9preuves de la vie. Il aide aussi a faire face aux souffrances psychologiques, comme l&rsquo;anorexie, la drogue, le TOC ou la d\u00e9pression. Il explique comment s&rsquo;orienter, si besoin, vers une psychoth\u00e9rapie et dans quels cas des m\u00e9dicaments peuvent \u00eatre n\u00e9cessaires. Un guide complet, personnel et familial pour s&rsquo;\u00e9panouir et aider son entourage. Des outils pour communiquer, m\u00e9diter, cultiver lucidite et recul sur ses pens\u00e9es et ses \u00e9motions, modifier ses comportements. Des tests et des conseils concrets pour faire le point et agir. Christophe Andre est psychiatre et psychotherapeute, auteur notamment de Imparfaits, libres et heureux. Il a r\u00e9uni dans ce guide des m\u00e9decins, psychiatres et psychologues qui comptent parmi les meilleurs sp\u00e9cialistes: C. Brunet, F. Chapelle, L. Chneiweiss, C. Cungi, H. Duchesne-Billiemaz, N. Duchesne, J.-L. Emery, F. Fanget, E. Granier, P. Graziani, S. Hahusseau, B. Koeltz, G. Lagrue, P. Lamy, G. Macqueron, F. Millet-Bartoli, C. Mirabel-Sarron, J.-L. Monestes, F. Nef, S. Orain-Pelissolo, A. Pelissolo, C. Penet, D. Pleux, P. Presles, N. Quintard, S. Roy, S. Royant-Parola, A. Sabouraud-Seguin, A. Sauteraud, D. Servant, J. Siaud-Facchin, Y. Simon, C. Solano, L. Vera.<\/p>\n","protected":false},"excerpt":{"rendered":"<p>Auteur : Christophe ANDR\u00c9<br \/>\nTitre : Conseils de psys, ce qu&rsquo;il faut savoir pour vivre mieux<br \/>\n\u00c9diteur : Odile Jacob Psychologie, 2014<br \/>\nDim. 18 x 11<br \/>\nFormat poche, \u00e9tat excellent<br \/>\n570 pages <\/p>\n","protected":false},"featured_media":2051,"template":"","meta":[],"product_brand":[],"product_cat":[22],"product_tag":[135],"class_list":{"0":"post-2050","1":"product","2":"type-product","3":"status-publish","4":"has-post-thumbnail","6":"product_cat-developpement-personnel","7":"product_tag-psychologie","9":"first","10":"instock","11":"shipping-taxable","12":"product-type-simple"},"yoast_head":"<!-- This site is optimized with the Yoast SEO plugin v27.4 - https:\/\/yoast.com\/product\/yoast-seo-wordpress\/ -->\n<title>Conseils de psys - Christophe ANDR\u00c9<\/title>\n<meta name=\"description\" content=\"Christophe ANDR\u00c9 Titre : Conseils de psys, ce qu&#039;il faut savoir pour vivre mieux \u00c9d : Odile Jacob Psychologie, 2014 format poche 570 p\" \/>\n<meta name=\"robots\" content=\"index, follow, max-snippet:-1, max-image-preview:large, max-video-preview:-1\" \/>\n<link rel=\"canonical\" href=\"https:\/\/www.verdieditions.com\/equilibre-de-vie\/produit\/conseils-psy-christophe-andre\/\" \/>\n<meta property=\"og:locale\" content=\"fr_FR\" \/>\n<meta property=\"og:type\" content=\"article\" \/>\n<meta property=\"og:title\" content=\"Conseils de psys - Christophe ANDR\u00c9\" \/>\n<meta property=\"og:description\" content=\"Christophe ANDR\u00c9 Titre : Conseils de psys, ce qu&#039;il faut savoir pour vivre mieux \u00c9d : Odile Jacob Psychologie, 2014 format poche 570 p\" \/>\n<meta property=\"og:url\" content=\"https:\/\/www.verdieditions.com\/equilibre-de-vie\/produit\/conseils-psy-christophe-andre\/\" \/>\n<meta property=\"og:site_name\" content=\"Equilibre de Vie\" \/>\n<meta property=\"article:modified_time\" content=\"2024-02-07T14:13:18+00:00\" \/>\n<meta property=\"og:image\" content=\"https:\/\/www.verdieditions.com\/equilibre-de-vie\/wp-content\/uploads\/2022\/06\/christophe-andre-conseils-psy-3.jpg\" \/>\n\t<meta property=\"og:image:width\" content=\"503\" \/>\n\t<meta property=\"og:image:height\" content=\"800\" \/>\n\t<meta property=\"og:image:type\" content=\"image\/jpeg\" \/>\n<meta name=\"twitter:card\" content=\"summary_large_image\" \/>\n<meta name=\"twitter:label1\" content=\"Dur\u00e9e de lecture estim\u00e9e\" \/>\n\t<meta name=\"twitter:data1\" content=\"1 minute\" \/>\n<script type=\"application\/ld+json\" class=\"yoast-schema-graph\">{\"@context\":\"https:\\\/\\\/schema.org\",\"@graph\":[{\"@type\":\"WebPage\",\"@id\":\"https:\\\/\\\/www.verdieditions.com\\\/equilibre-de-vie\\\/produit\\\/conseils-psy-christophe-andre\\\/\",\"url\":\"https:\\\/\\\/www.verdieditions.com\\\/equilibre-de-vie\\\/produit\\\/conseils-psy-christophe-andre\\\/\",\"name\":\"Conseils de psys - Christophe ANDR\u00c9\",\"isPartOf\":{\"@id\":\"https:\\\/\\\/www.verdieditions.com\\\/equilibre-de-vie\\\/#website\"},\"primaryImageOfPage\":{\"@id\":\"https:\\\/\\\/www.verdieditions.com\\\/equilibre-de-vie\\\/produit\\\/conseils-psy-christophe-andre\\\/#primaryimage\"},\"image\":{\"@id\":\"https:\\\/\\\/www.verdieditions.com\\\/equilibre-de-vie\\\/produit\\\/conseils-psy-christophe-andre\\\/#primaryimage\"},\"thumbnailUrl\":\"https:\\\/\\\/www.verdieditions.com\\\/equilibre-de-vie\\\/wp-content\\\/uploads\\\/2022\\\/06\\\/christophe-andre-conseils-psy-3.jpg\",\"datePublished\":\"2022-06-30T12:01:12+00:00\",\"dateModified\":\"2024-02-07T14:13:18+00:00\",\"description\":\"Christophe ANDR\u00c9 Titre : Conseils de psys, ce qu'il faut savoir pour vivre mieux \u00c9d : Odile Jacob Psychologie, 2014 format poche 570 p\",\"breadcrumb\":{\"@id\":\"https:\\\/\\\/www.verdieditions.com\\\/equilibre-de-vie\\\/produit\\\/conseils-psy-christophe-andre\\\/#breadcrumb\"},\"inLanguage\":\"fr-FR\",\"potentialAction\":[{\"@type\":\"ReadAction\",\"target\":[\"https:\\\/\\\/www.verdieditions.com\\\/equilibre-de-vie\\\/produit\\\/conseils-psy-christophe-andre\\\/\"]}]},{\"@type\":\"ImageObject\",\"inLanguage\":\"fr-FR\",\"@id\":\"https:\\\/\\\/www.verdieditions.com\\\/equilibre-de-vie\\\/produit\\\/conseils-psy-christophe-andre\\\/#primaryimage\",\"url\":\"https:\\\/\\\/www.verdieditions.com\\\/equilibre-de-vie\\\/wp-content\\\/uploads\\\/2022\\\/06\\\/christophe-andre-conseils-psy-3.jpg\",\"contentUrl\":\"https:\\\/\\\/www.verdieditions.com\\\/equilibre-de-vie\\\/wp-content\\\/uploads\\\/2022\\\/06\\\/christophe-andre-conseils-psy-3.jpg\",\"width\":503,\"height\":800,\"caption\":\"christophe-andre-conseils-psy-3\"},{\"@type\":\"BreadcrumbList\",\"@id\":\"https:\\\/\\\/www.verdieditions.com\\\/equilibre-de-vie\\\/produit\\\/conseils-psy-christophe-andre\\\/#breadcrumb\",\"itemListElement\":[{\"@type\":\"ListItem\",\"position\":1,\"name\":\"Accueil\",\"item\":\"https:\\\/\\\/www.verdieditions.com\\\/equilibre-de-vie\\\/\"},{\"@type\":\"ListItem\",\"position\":2,\"name\":\"La boutique\",\"item\":\"https:\\\/\\\/www.verdieditions.com\\\/equilibre-de-vie\\\/boutique\\\/\"},{\"@type\":\"ListItem\",\"position\":3,\"name\":\"Conseils de psys &#8211; Christophe ANDR\u00c9\"}]},{\"@type\":\"WebSite\",\"@id\":\"https:\\\/\\\/www.verdieditions.com\\\/equilibre-de-vie\\\/#website\",\"url\":\"https:\\\/\\\/www.verdieditions.com\\\/equilibre-de-vie\\\/\",\"name\":\"Equilibre de Vie\",\"description\":\"Ma boutique livres sant\u00e9, \u00e9sot\u00e9risme et d\u00e9veloppement personnel\",\"publisher\":{\"@id\":\"https:\\\/\\\/www.verdieditions.com\\\/equilibre-de-vie\\\/#\\\/schema\\\/person\\\/9dcb2a6759f2f5fbf43ac0b44649cecb\"},\"potentialAction\":[{\"@type\":\"SearchAction\",\"target\":{\"@type\":\"EntryPoint\",\"urlTemplate\":\"https:\\\/\\\/www.verdieditions.com\\\/equilibre-de-vie\\\/?s={search_term_string}\"},\"query-input\":{\"@type\":\"PropertyValueSpecification\",\"valueRequired\":true,\"valueName\":\"search_term_string\"}}],\"inLanguage\":\"fr-FR\"},{\"@type\":[\"Person\",\"Organization\"],\"@id\":\"https:\\\/\\\/www.verdieditions.com\\\/equilibre-de-vie\\\/#\\\/schema\\\/person\\\/9dcb2a6759f2f5fbf43ac0b44649cecb\",\"name\":\"Sylvie VERDI\",\"image\":{\"@type\":\"ImageObject\",\"inLanguage\":\"fr-FR\",\"@id\":\"https:\\\/\\\/www.verdieditions.com\\\/equilibre-de-vie\\\/wp-content\\\/uploads\\\/2020\\\/04\\\/livres-occasion-sante-esoterisme-developpement-personnel-2.jpg\",\"url\":\"https:\\\/\\\/www.verdieditions.com\\\/equilibre-de-vie\\\/wp-content\\\/uploads\\\/2020\\\/04\\\/livres-occasion-sante-esoterisme-developpement-personnel-2.jpg\",\"contentUrl\":\"https:\\\/\\\/www.verdieditions.com\\\/equilibre-de-vie\\\/wp-content\\\/uploads\\\/2020\\\/04\\\/livres-occasion-sante-esoterisme-developpement-personnel-2.jpg\",\"width\":800,\"height\":572,\"caption\":\"Sylvie VERDI\"},\"logo\":{\"@id\":\"https:\\\/\\\/www.verdieditions.com\\\/equilibre-de-vie\\\/wp-content\\\/uploads\\\/2020\\\/04\\\/livres-occasion-sante-esoterisme-developpement-personnel-2.jpg\"},\"sameAs\":[\"https:\\\/\\\/www.verdieditions.com\\\/equilibre-de-vie\"]}]}<\/script>\n<!-- \/ Yoast SEO plugin. -->","yoast_head_json":{"title":"Conseils de psys - Christophe ANDR\u00c9","description":"Christophe ANDR\u00c9 Titre : Conseils de psys, ce qu'il faut savoir pour vivre mieux \u00c9d : Odile Jacob Psychologie, 2014 format poche 570 p","robots":{"index":"index","follow":"follow","max-snippet":"max-snippet:-1","max-image-preview":"max-image-preview:large","max-video-preview":"max-video-preview:-1"},"canonical":"https:\/\/www.verdieditions.com\/equilibre-de-vie\/produit\/conseils-psy-christophe-andre\/","og_locale":"fr_FR","og_type":"article","og_title":"Conseils de psys - Christophe ANDR\u00c9","og_description":"Christophe ANDR\u00c9 Titre : Conseils de psys, ce qu'il faut savoir pour vivre mieux \u00c9d : Odile Jacob Psychologie, 2014 format poche 570 p","og_url":"https:\/\/www.verdieditions.com\/equilibre-de-vie\/produit\/conseils-psy-christophe-andre\/","og_site_name":"Equilibre de Vie","article_modified_time":"2024-02-07T14:13:18+00:00","og_image":[{"width":503,"height":800,"url":"https:\/\/www.verdieditions.com\/equilibre-de-vie\/wp-content\/uploads\/2022\/06\/christophe-andre-conseils-psy-3.jpg","type":"image\/jpeg"}],"twitter_card":"summary_large_image","twitter_misc":{"Dur\u00e9e de lecture estim\u00e9e":"1 minute"},"schema":{"@context":"https:\/\/schema.org","@graph":[{"@type":"WebPage","@id":"https:\/\/www.verdieditions.com\/equilibre-de-vie\/produit\/conseils-psy-christophe-andre\/","url":"https:\/\/www.verdieditions.com\/equilibre-de-vie\/produit\/conseils-psy-christophe-andre\/","name":"Conseils de psys - Christophe ANDR\u00c9","isPartOf":{"@id":"https:\/\/www.verdieditions.com\/equilibre-de-vie\/#website"},"primaryImageOfPage":{"@id":"https:\/\/www.verdieditions.com\/equilibre-de-vie\/produit\/conseils-psy-christophe-andre\/#primaryimage"},"image":{"@id":"https:\/\/www.verdieditions.com\/equilibre-de-vie\/produit\/conseils-psy-christophe-andre\/#primaryimage"},"thumbnailUrl":"https:\/\/www.verdieditions.com\/equilibre-de-vie\/wp-content\/uploads\/2022\/06\/christophe-andre-conseils-psy-3.jpg","datePublished":"2022-06-30T12:01:12+00:00","dateModified":"2024-02-07T14:13:18+00:00","description":"Christophe ANDR\u00c9 Titre : Conseils de psys, ce qu'il faut savoir pour vivre mieux \u00c9d : Odile Jacob Psychologie, 2014 format poche 570 p","breadcrumb":{"@id":"https:\/\/www.verdieditions.com\/equilibre-de-vie\/produit\/conseils-psy-christophe-andre\/#breadcrumb"},"inLanguage":"fr-FR","potentialAction":[{"@type":"ReadAction","target":["https:\/\/www.verdieditions.com\/equilibre-de-vie\/produit\/conseils-psy-christophe-andre\/"]}]},{"@type":"ImageObject","inLanguage":"fr-FR","@id":"https:\/\/www.verdieditions.com\/equilibre-de-vie\/produit\/conseils-psy-christophe-andre\/#primaryimage","url":"https:\/\/www.verdieditions.com\/equilibre-de-vie\/wp-content\/uploads\/2022\/06\/christophe-andre-conseils-psy-3.jpg","contentUrl":"https:\/\/www.verdieditions.com\/equilibre-de-vie\/wp-content\/uploads\/2022\/06\/christophe-andre-conseils-psy-3.jpg","width":503,"height":800,"caption":"christophe-andre-conseils-psy-3"},{"@type":"BreadcrumbList","@id":"https:\/\/www.verdieditions.com\/equilibre-de-vie\/produit\/conseils-psy-christophe-andre\/#breadcrumb","itemListElement":[{"@type":"ListItem","position":1,"name":"Accueil","item":"https:\/\/www.verdieditions.com\/equilibre-de-vie\/"},{"@type":"ListItem","position":2,"name":"La boutique","item":"https:\/\/www.verdieditions.com\/equilibre-de-vie\/boutique\/"},{"@type":"ListItem","position":3,"name":"Conseils de psys &#8211; Christophe ANDR\u00c9"}]},{"@type":"WebSite","@id":"https:\/\/www.verdieditions.com\/equilibre-de-vie\/#website","url":"https:\/\/www.verdieditions.com\/equilibre-de-vie\/","name":"Equilibre de Vie","description":"Ma boutique livres sant\u00e9, \u00e9sot\u00e9risme et d\u00e9veloppement personnel","publisher":{"@id":"https:\/\/www.verdieditions.com\/equilibre-de-vie\/#\/schema\/person\/9dcb2a6759f2f5fbf43ac0b44649cecb"},"potentialAction":[{"@type":"SearchAction","target":{"@type":"EntryPoint","urlTemplate":"https:\/\/www.verdieditions.com\/equilibre-de-vie\/?s={search_term_string}"},"query-input":{"@type":"PropertyValueSpecification","valueRequired":true,"valueName":"search_term_string"}}],"inLanguage":"fr-FR"},{"@type":["Person","Organization"],"@id":"https:\/\/www.verdieditions.com\/equilibre-de-vie\/#\/schema\/person\/9dcb2a6759f2f5fbf43ac0b44649cecb","name":"Sylvie VERDI","image":{"@type":"ImageObject","inLanguage":"fr-FR","@id":"https:\/\/www.verdieditions.com\/equilibre-de-vie\/wp-content\/uploads\/2020\/04\/livres-occasion-sante-esoterisme-developpement-personnel-2.jpg","url":"https:\/\/www.verdieditions.com\/equilibre-de-vie\/wp-content\/uploads\/2020\/04\/livres-occasion-sante-esoterisme-developpement-personnel-2.jpg","contentUrl":"https:\/\/www.verdieditions.com\/equilibre-de-vie\/wp-content\/uploads\/2020\/04\/livres-occasion-sante-esoterisme-developpement-personnel-2.jpg","width":800,"height":572,"caption":"Sylvie VERDI"},"logo":{"@id":"https:\/\/www.verdieditions.com\/equilibre-de-vie\/wp-content\/uploads\/2020\/04\/livres-occasion-sante-esoterisme-developpement-personnel-2.jpg"},"sameAs":["https:\/\/www.verdieditions.com\/equilibre-de-vie"]}]}},"_links":{"self":[{"href":"https:\/\/www.verdieditions.com\/equilibre-de-vie\/wp-json\/wp\/v2\/product\/2050","targetHints":{"allow":["GET"]}}],"collection":[{"href":"https:\/\/www.verdieditions.com\/equilibre-de-vie\/wp-json\/wp\/v2\/product"}],"about":[{"href":"https:\/\/www.verdieditions.com\/equilibre-de-vie\/wp-json\/wp\/v2\/types\/product"}],"wp:featuredmedia":[{"embeddable":true,"href":"https:\/\/www.verdieditions.com\/equilibre-de-vie\/wp-json\/wp\/v2\/media\/2051"}],"wp:attachment":[{"href":"https:\/\/www.verdieditions.com\/equilibre-de-vie\/wp-json\/wp\/v2\/media?parent=2050"}],"wp:term":[{"taxonomy":"product_brand","embeddable":true,"href":"https:\/\/www.verdieditions.com\/equilibre-de-vie\/wp-json\/wp\/v2\/product_brand?post=2050"},{"taxonomy":"product_cat","embeddable":true,"href":"https:\/\/www.verdieditions.com\/equilibre-de-vie\/wp-json\/wp\/v2\/product_cat?post=2050"},{"taxonomy":"product_tag","embeddable":true,"href":"https:\/\/www.verdieditions.com\/equilibre-de-vie\/wp-json\/wp\/v2\/product_tag?post=2050"}],"curies":[{"name":"wp","href":"https:\/\/api.w.org\/{rel}","templated":true}]}}