{"id":200,"date":"2020-04-23T09:39:55","date_gmt":"2020-04-23T07:39:55","guid":{"rendered":"https:\/\/www.verdieditions.com\/equilibre-de-vie\/?post_type=product&#038;p=200"},"modified":"2022-01-18T18:11:18","modified_gmt":"2022-01-18T17:11:18","slug":"metier-vie-nombres-barbault-renucci","status":"publish","type":"product","link":"https:\/\/www.verdieditions.com\/equilibre-de-vie\/produit\/metier-vie-nombres-barbault-renucci\/","title":{"rendered":"Un m\u00e9tier et une vie selon ses nombres &#8211; M. BARBAULT &#8211; J.F. RENUCCI"},"content":{"rendered":"<p>Auteur : Martine BARBAULT &#8211; Jean-Fran\u00e7ois RENUCCI<br \/>\nTitre : Un m\u00e9tier et une vie selon ses nombres<br \/>\n\u00c9diteur : Editions Dervy, 1993, collection Chemins de l&rsquo;Harmonie<br \/>\nEdition originale, excellent \u00e9tat, comme neuf<br \/>\nDim. 14 x 22<br \/>\n270 pages<\/p>\n","protected":false},"excerpt":{"rendered":"<p>Auteur : Martine BARBAULT &#8211; Jean-Fran\u00e7ois RENUCCI<br \/>\nTitre : Un m\u00e9tier et une vie selon ses nombres<br \/>\n\u00c9diteur : Editions Dervy, 1993, collection Chemins de l&rsquo;Harmonie<br \/>\nEdition originale, excellent \u00e9tat, comme neuf<br \/>\nDim. 14 x 22<br \/>\n270 pages<\/p>\n","protected":false},"featured_media":201,"template":"","meta":[],"product_brand":[],"product_cat":[23],"product_tag":[113,115,132,139,147,169],"class_list":{"0":"post-200","1":"product","2":"type-product","3":"status-publish","4":"has-post-thumbnail","6":"product_cat-esoterisme","7":"product_tag-nombres","8":"product_tag-numerologie","9":"product_tag-professionnel","10":"product_tag-relations-humaines","11":"product_tag-science","12":"product_tag-travail","14":"first","15":"outofstock","16":"shipping-taxable","17":"product-type-simple"},"yoast_head":"<!-- This site is optimized with the Yoast SEO plugin v27.4 - https:\/\/yoast.com\/product\/yoast-seo-wordpress\/ -->\n<title>Un m\u00e9tier et une vie selon ses nombres - M. BARBAULT - J.F. RENUCCI - Equilibre de Vie<\/title>\n<meta name=\"description\" content=\"Auteur : Martine BARBAULT \u2013 Jean-Fran\u00e7ois RENUCCI Titre : Un m\u00e9tier et une vie selon ses nombres \u00c9diteur : Editions Dervy, 1993, collection Chemins de l\u2019Harmonie Edition originale, excellent \u00e9tat, comme neuf Dim. 14 x 22 270 pages\" \/>\n<meta name=\"robots\" content=\"index, follow, max-snippet:-1, max-image-preview:large, max-video-preview:-1\" \/>\n<link rel=\"canonical\" href=\"https:\/\/www.verdieditions.com\/equilibre-de-vie\/produit\/metier-vie-nombres-barbault-renucci\/\" \/>\n<meta property=\"og:locale\" content=\"fr_FR\" \/>\n<meta property=\"og:type\" content=\"article\" \/>\n<meta property=\"og:title\" content=\"Un m\u00e9tier et une vie selon ses nombres - M. BARBAULT - J.F. RENUCCI - Equilibre de Vie\" \/>\n<meta property=\"og:description\" content=\"Auteur : Martine BARBAULT \u2013 Jean-Fran\u00e7ois RENUCCI Titre : Un m\u00e9tier et une vie selon ses nombres \u00c9diteur : Editions Dervy, 1993, collection Chemins de l\u2019Harmonie Edition originale, excellent \u00e9tat, comme neuf Dim. 14 x 22 270 pages\" \/>\n<meta property=\"og:url\" content=\"https:\/\/www.verdieditions.com\/equilibre-de-vie\/produit\/metier-vie-nombres-barbault-renucci\/\" \/>\n<meta property=\"og:site_name\" content=\"Equilibre de Vie\" \/>\n<meta property=\"article:modified_time\" content=\"2022-01-18T17:11:18+00:00\" \/>\n<meta property=\"og:image\" content=\"https:\/\/www.verdieditions.com\/equilibre-de-vie\/wp-content\/uploads\/2020\/04\/metier-vie-selon-nombres-Barbault-Renucci.jpg\" \/>\n\t<meta property=\"og:image:width\" content=\"825\" \/>\n\t<meta property=\"og:image:height\" content=\"1252\" \/>\n\t<meta property=\"og:image:type\" content=\"image\/jpeg\" \/>\n<meta name=\"twitter:card\" content=\"summary_large_image\" \/>\n<script type=\"application\/ld+json\" class=\"yoast-schema-graph\">{\"@context\":\"https:\\\/\\\/schema.org\",\"@graph\":[{\"@type\":\"WebPage\",\"@id\":\"https:\\\/\\\/www.verdieditions.com\\\/equilibre-de-vie\\\/produit\\\/metier-vie-nombres-barbault-renucci\\\/\",\"url\":\"https:\\\/\\\/www.verdieditions.com\\\/equilibre-de-vie\\\/produit\\\/metier-vie-nombres-barbault-renucci\\\/\",\"name\":\"Un m\u00e9tier et une vie selon ses nombres - M. BARBAULT - J.F. RENUCCI - Equilibre de Vie\",\"isPartOf\":{\"@id\":\"https:\\\/\\\/www.verdieditions.com\\\/equilibre-de-vie\\\/#website\"},\"primaryImageOfPage\":{\"@id\":\"https:\\\/\\\/www.verdieditions.com\\\/equilibre-de-vie\\\/produit\\\/metier-vie-nombres-barbault-renucci\\\/#primaryimage\"},\"image\":{\"@id\":\"https:\\\/\\\/www.verdieditions.com\\\/equilibre-de-vie\\\/produit\\\/metier-vie-nombres-barbault-renucci\\\/#primaryimage\"},\"thumbnailUrl\":\"https:\\\/\\\/www.verdieditions.com\\\/equilibre-de-vie\\\/wp-content\\\/uploads\\\/2020\\\/04\\\/metier-vie-selon-nombres-Barbault-Renucci.jpg\",\"datePublished\":\"2020-04-23T07:39:55+00:00\",\"dateModified\":\"2022-01-18T17:11:18+00:00\",\"description\":\"Auteur : Martine BARBAULT \u2013 Jean-Fran\u00e7ois RENUCCI Titre : Un m\u00e9tier et une vie selon ses nombres \u00c9diteur : Editions Dervy, 1993, collection Chemins de l\u2019Harmonie Edition originale, excellent \u00e9tat, comme neuf Dim. 14 x 22 270 pages\",\"breadcrumb\":{\"@id\":\"https:\\\/\\\/www.verdieditions.com\\\/equilibre-de-vie\\\/produit\\\/metier-vie-nombres-barbault-renucci\\\/#breadcrumb\"},\"inLanguage\":\"fr-FR\",\"potentialAction\":[{\"@type\":\"ReadAction\",\"target\":[\"https:\\\/\\\/www.verdieditions.com\\\/equilibre-de-vie\\\/produit\\\/metier-vie-nombres-barbault-renucci\\\/\"]}]},{\"@type\":\"ImageObject\",\"inLanguage\":\"fr-FR\",\"@id\":\"https:\\\/\\\/www.verdieditions.com\\\/equilibre-de-vie\\\/produit\\\/metier-vie-nombres-barbault-renucci\\\/#primaryimage\",\"url\":\"https:\\\/\\\/www.verdieditions.com\\\/equilibre-de-vie\\\/wp-content\\\/uploads\\\/2020\\\/04\\\/metier-vie-selon-nombres-Barbault-Renucci.jpg\",\"contentUrl\":\"https:\\\/\\\/www.verdieditions.com\\\/equilibre-de-vie\\\/wp-content\\\/uploads\\\/2020\\\/04\\\/metier-vie-selon-nombres-Barbault-Renucci.jpg\",\"width\":825,\"height\":1252,\"caption\":\"metier-vie-selon-nombres-Barbault-Renucci\"},{\"@type\":\"BreadcrumbList\",\"@id\":\"https:\\\/\\\/www.verdieditions.com\\\/equilibre-de-vie\\\/produit\\\/metier-vie-nombres-barbault-renucci\\\/#breadcrumb\",\"itemListElement\":[{\"@type\":\"ListItem\",\"position\":1,\"name\":\"Accueil\",\"item\":\"https:\\\/\\\/www.verdieditions.com\\\/equilibre-de-vie\\\/\"},{\"@type\":\"ListItem\",\"position\":2,\"name\":\"La boutique\",\"item\":\"https:\\\/\\\/www.verdieditions.com\\\/equilibre-de-vie\\\/boutique\\\/\"},{\"@type\":\"ListItem\",\"position\":3,\"name\":\"Un m\u00e9tier et une vie selon ses nombres &#8211; M. BARBAULT &#8211; J.F. RENUCCI\"}]},{\"@type\":\"WebSite\",\"@id\":\"https:\\\/\\\/www.verdieditions.com\\\/equilibre-de-vie\\\/#website\",\"url\":\"https:\\\/\\\/www.verdieditions.com\\\/equilibre-de-vie\\\/\",\"name\":\"Equilibre de Vie\",\"description\":\"Ma boutique livres sant\u00e9, \u00e9sot\u00e9risme et d\u00e9veloppement personnel\",\"publisher\":{\"@id\":\"https:\\\/\\\/www.verdieditions.com\\\/equilibre-de-vie\\\/#\\\/schema\\\/person\\\/9dcb2a6759f2f5fbf43ac0b44649cecb\"},\"potentialAction\":[{\"@type\":\"SearchAction\",\"target\":{\"@type\":\"EntryPoint\",\"urlTemplate\":\"https:\\\/\\\/www.verdieditions.com\\\/equilibre-de-vie\\\/?s={search_term_string}\"},\"query-input\":{\"@type\":\"PropertyValueSpecification\",\"valueRequired\":true,\"valueName\":\"search_term_string\"}}],\"inLanguage\":\"fr-FR\"},{\"@type\":[\"Person\",\"Organization\"],\"@id\":\"https:\\\/\\\/www.verdieditions.com\\\/equilibre-de-vie\\\/#\\\/schema\\\/person\\\/9dcb2a6759f2f5fbf43ac0b44649cecb\",\"name\":\"Sylvie VERDI\",\"image\":{\"@type\":\"ImageObject\",\"inLanguage\":\"fr-FR\",\"@id\":\"https:\\\/\\\/www.verdieditions.com\\\/equilibre-de-vie\\\/wp-content\\\/uploads\\\/2020\\\/04\\\/livres-occasion-sante-esoterisme-developpement-personnel-2.jpg\",\"url\":\"https:\\\/\\\/www.verdieditions.com\\\/equilibre-de-vie\\\/wp-content\\\/uploads\\\/2020\\\/04\\\/livres-occasion-sante-esoterisme-developpement-personnel-2.jpg\",\"contentUrl\":\"https:\\\/\\\/www.verdieditions.com\\\/equilibre-de-vie\\\/wp-content\\\/uploads\\\/2020\\\/04\\\/livres-occasion-sante-esoterisme-developpement-personnel-2.jpg\",\"width\":800,\"height\":572,\"caption\":\"Sylvie VERDI\"},\"logo\":{\"@id\":\"https:\\\/\\\/www.verdieditions.com\\\/equilibre-de-vie\\\/wp-content\\\/uploads\\\/2020\\\/04\\\/livres-occasion-sante-esoterisme-developpement-personnel-2.jpg\"},\"sameAs\":[\"https:\\\/\\\/www.verdieditions.com\\\/equilibre-de-vie\"]}]}<\/script>\n<!-- \/ Yoast SEO plugin. -->","yoast_head_json":{"title":"Un m\u00e9tier et une vie selon ses nombres - M. BARBAULT - J.F. RENUCCI - Equilibre de Vie","description":"Auteur : Martine BARBAULT \u2013 Jean-Fran\u00e7ois RENUCCI Titre : Un m\u00e9tier et une vie selon ses nombres \u00c9diteur : Editions Dervy, 1993, collection Chemins de l\u2019Harmonie Edition originale, excellent \u00e9tat, comme neuf Dim. 14 x 22 270 pages","robots":{"index":"index","follow":"follow","max-snippet":"max-snippet:-1","max-image-preview":"max-image-preview:large","max-video-preview":"max-video-preview:-1"},"canonical":"https:\/\/www.verdieditions.com\/equilibre-de-vie\/produit\/metier-vie-nombres-barbault-renucci\/","og_locale":"fr_FR","og_type":"article","og_title":"Un m\u00e9tier et une vie selon ses nombres - M. BARBAULT - J.F. RENUCCI - Equilibre de Vie","og_description":"Auteur : Martine BARBAULT \u2013 Jean-Fran\u00e7ois RENUCCI Titre : Un m\u00e9tier et une vie selon ses nombres \u00c9diteur : Editions Dervy, 1993, collection Chemins de l\u2019Harmonie Edition originale, excellent \u00e9tat, comme neuf Dim. 14 x 22 270 pages","og_url":"https:\/\/www.verdieditions.com\/equilibre-de-vie\/produit\/metier-vie-nombres-barbault-renucci\/","og_site_name":"Equilibre de Vie","article_modified_time":"2022-01-18T17:11:18+00:00","og_image":[{"width":825,"height":1252,"url":"https:\/\/www.verdieditions.com\/equilibre-de-vie\/wp-content\/uploads\/2020\/04\/metier-vie-selon-nombres-Barbault-Renucci.jpg","type":"image\/jpeg"}],"twitter_card":"summary_large_image","schema":{"@context":"https:\/\/schema.org","@graph":[{"@type":"WebPage","@id":"https:\/\/www.verdieditions.com\/equilibre-de-vie\/produit\/metier-vie-nombres-barbault-renucci\/","url":"https:\/\/www.verdieditions.com\/equilibre-de-vie\/produit\/metier-vie-nombres-barbault-renucci\/","name":"Un m\u00e9tier et une vie selon ses nombres - M. BARBAULT - J.F. RENUCCI - Equilibre de Vie","isPartOf":{"@id":"https:\/\/www.verdieditions.com\/equilibre-de-vie\/#website"},"primaryImageOfPage":{"@id":"https:\/\/www.verdieditions.com\/equilibre-de-vie\/produit\/metier-vie-nombres-barbault-renucci\/#primaryimage"},"image":{"@id":"https:\/\/www.verdieditions.com\/equilibre-de-vie\/produit\/metier-vie-nombres-barbault-renucci\/#primaryimage"},"thumbnailUrl":"https:\/\/www.verdieditions.com\/equilibre-de-vie\/wp-content\/uploads\/2020\/04\/metier-vie-selon-nombres-Barbault-Renucci.jpg","datePublished":"2020-04-23T07:39:55+00:00","dateModified":"2022-01-18T17:11:18+00:00","description":"Auteur : Martine BARBAULT \u2013 Jean-Fran\u00e7ois RENUCCI Titre : Un m\u00e9tier et une vie selon ses nombres \u00c9diteur : Editions Dervy, 1993, collection Chemins de l\u2019Harmonie Edition originale, excellent \u00e9tat, comme neuf Dim. 14 x 22 270 pages","breadcrumb":{"@id":"https:\/\/www.verdieditions.com\/equilibre-de-vie\/produit\/metier-vie-nombres-barbault-renucci\/#breadcrumb"},"inLanguage":"fr-FR","potentialAction":[{"@type":"ReadAction","target":["https:\/\/www.verdieditions.com\/equilibre-de-vie\/produit\/metier-vie-nombres-barbault-renucci\/"]}]},{"@type":"ImageObject","inLanguage":"fr-FR","@id":"https:\/\/www.verdieditions.com\/equilibre-de-vie\/produit\/metier-vie-nombres-barbault-renucci\/#primaryimage","url":"https:\/\/www.verdieditions.com\/equilibre-de-vie\/wp-content\/uploads\/2020\/04\/metier-vie-selon-nombres-Barbault-Renucci.jpg","contentUrl":"https:\/\/www.verdieditions.com\/equilibre-de-vie\/wp-content\/uploads\/2020\/04\/metier-vie-selon-nombres-Barbault-Renucci.jpg","width":825,"height":1252,"caption":"metier-vie-selon-nombres-Barbault-Renucci"},{"@type":"BreadcrumbList","@id":"https:\/\/www.verdieditions.com\/equilibre-de-vie\/produit\/metier-vie-nombres-barbault-renucci\/#breadcrumb","itemListElement":[{"@type":"ListItem","position":1,"name":"Accueil","item":"https:\/\/www.verdieditions.com\/equilibre-de-vie\/"},{"@type":"ListItem","position":2,"name":"La boutique","item":"https:\/\/www.verdieditions.com\/equilibre-de-vie\/boutique\/"},{"@type":"ListItem","position":3,"name":"Un m\u00e9tier et une vie selon ses nombres &#8211; M. BARBAULT &#8211; J.F. RENUCCI"}]},{"@type":"WebSite","@id":"https:\/\/www.verdieditions.com\/equilibre-de-vie\/#website","url":"https:\/\/www.verdieditions.com\/equilibre-de-vie\/","name":"Equilibre de Vie","description":"Ma boutique livres sant\u00e9, \u00e9sot\u00e9risme et d\u00e9veloppement personnel","publisher":{"@id":"https:\/\/www.verdieditions.com\/equilibre-de-vie\/#\/schema\/person\/9dcb2a6759f2f5fbf43ac0b44649cecb"},"potentialAction":[{"@type":"SearchAction","target":{"@type":"EntryPoint","urlTemplate":"https:\/\/www.verdieditions.com\/equilibre-de-vie\/?s={search_term_string}"},"query-input":{"@type":"PropertyValueSpecification","valueRequired":true,"valueName":"search_term_string"}}],"inLanguage":"fr-FR"},{"@type":["Person","Organization"],"@id":"https:\/\/www.verdieditions.com\/equilibre-de-vie\/#\/schema\/person\/9dcb2a6759f2f5fbf43ac0b44649cecb","name":"Sylvie VERDI","image":{"@type":"ImageObject","inLanguage":"fr-FR","@id":"https:\/\/www.verdieditions.com\/equilibre-de-vie\/wp-content\/uploads\/2020\/04\/livres-occasion-sante-esoterisme-developpement-personnel-2.jpg","url":"https:\/\/www.verdieditions.com\/equilibre-de-vie\/wp-content\/uploads\/2020\/04\/livres-occasion-sante-esoterisme-developpement-personnel-2.jpg","contentUrl":"https:\/\/www.verdieditions.com\/equilibre-de-vie\/wp-content\/uploads\/2020\/04\/livres-occasion-sante-esoterisme-developpement-personnel-2.jpg","width":800,"height":572,"caption":"Sylvie VERDI"},"logo":{"@id":"https:\/\/www.verdieditions.com\/equilibre-de-vie\/wp-content\/uploads\/2020\/04\/livres-occasion-sante-esoterisme-developpement-personnel-2.jpg"},"sameAs":["https:\/\/www.verdieditions.com\/equilibre-de-vie"]}]}},"_links":{"self":[{"href":"https:\/\/www.verdieditions.com\/equilibre-de-vie\/wp-json\/wp\/v2\/product\/200","targetHints":{"allow":["GET"]}}],"collection":[{"href":"https:\/\/www.verdieditions.com\/equilibre-de-vie\/wp-json\/wp\/v2\/product"}],"about":[{"href":"https:\/\/www.verdieditions.com\/equilibre-de-vie\/wp-json\/wp\/v2\/types\/product"}],"wp:featuredmedia":[{"embeddable":true,"href":"https:\/\/www.verdieditions.com\/equilibre-de-vie\/wp-json\/wp\/v2\/media\/201"}],"wp:attachment":[{"href":"https:\/\/www.verdieditions.com\/equilibre-de-vie\/wp-json\/wp\/v2\/media?parent=200"}],"wp:term":[{"taxonomy":"product_brand","embeddable":true,"href":"https:\/\/www.verdieditions.com\/equilibre-de-vie\/wp-json\/wp\/v2\/product_brand?post=200"},{"taxonomy":"product_cat","embeddable":true,"href":"https:\/\/www.verdieditions.com\/equilibre-de-vie\/wp-json\/wp\/v2\/product_cat?post=200"},{"taxonomy":"product_tag","embeddable":true,"href":"https:\/\/www.verdieditions.com\/equilibre-de-vie\/wp-json\/wp\/v2\/product_tag?post=200"}],"curies":[{"name":"wp","href":"https:\/\/api.w.org\/{rel}","templated":true}]}}